{"id":28975,"date":"2022-10-15T20:46:47","date_gmt":"2022-10-15T18:46:47","guid":{"rendered":"https:\/\/www.lraloeverashop.eu\/product\/zupa-warzywna-figu-active\/"},"modified":"2025-10-03T06:36:16","modified_gmt":"2025-10-03T04:36:16","slug":"zupa-warzywna-figu-active","status":"publish","type":"product","link":"https:\/\/www.lraloeverashop.eu\/pl\/produkt\/zupa-warzywna-figu-active\/","title":{"rendered":"Zupa Warzywna Figu Active Na Odchudzanie"},"content":{"rendered":"<h2><span style=\"font-size: 16pt;\"><strong>Zupa Warzywna Figu Active<\/strong><\/span><\/h2>\n<p><span style=\"font-size: 14pt;\"><strong>Zupa Warzywna Figu Active na odchudzanie o bogatym i pysznym smaku!<\/strong><\/span><\/p>\n<p>Figu Active Vegetable Soup substitute a complete meal and provide the body with all essential vitamins, <a href=\"https:\/\/en.wikipedia.org\/wiki\/Mineral_(nutrient)\">minerals<\/a>, trace elements and amino acids. A balanced diet with Figu Active products, such as the Body Mission is a simple and easy way to lose weight. If you crave for a warm, delicious meal, the <strong>Figu Active Soups<\/strong> are an excellent choice to satisfy your appetite.<\/p>\n<p>Zupa warzywna Figu Active zast\u0119puje pe\u0142nowarto\u015bciowy posi\u0142ek i dostarcza organizmowi wszystkich niezb\u0119dnych witamin, minera\u0142\u00f3w, pierwiastk\u00f3w \u015bladowych i aminokwas\u00f3w. Zbilansowana dieta z produktami Figu Active, takimi jak Body Mission to prosty i \u0142atwy spos\u00f3b na odchudzanie. Je\u015bli masz ochot\u0119 na ciep\u0142y, pyszny posi\u0142ek, Figu Active Soups s\u0105 doskona\u0142ym wyborem, aby zaspokoi\u0107 Tw\u00f3j apetyt.<\/p>\n<p>Cudownie kremowa zupa warzywna z broku\u0142ami, ziemniakami i porem wniesie moc do Twojej codzienno\u015bci! Zast\u0119puje pe\u0142nowarto\u015bciowy posi\u0142ek i pomaga schudn\u0105\u0107 lub utrzyma\u0107 wag\u0119.<\/p>\n<p>Ta Zupa Warzywna na Odchudzanie zawiera inulin\u0119. Poniewa\u017c inulina dzia\u0142a stymuluj\u0105co na prac\u0119 jelit i flor\u0119 jelitow\u0105, zwi\u0119kszone spo\u017cycie mo\u017ce prowadzi\u0107 do problem\u00f3w trawiennych (wzd\u0119cia, biegunka). Osoby z wra\u017cliwym przewodem pokarmowym powinny przed spo\u017cyciem produktu skonsultowa\u0107 si\u0119 z lekarzem.<\/p>\n<p>Szczeg\u00f3lnie pyszne, urozmaicone i w 100% wega\u0144skie posi\u0142ki o naturalnych smakach zapewniaj\u0105 du\u017c\u0105 r\u00f3\u017cnorodno\u015b\u0107 w menu. Wysoka zawarto\u015b\u0107 warto\u015bciowego b\u0142onnika pokarmowego oraz starannie dobrana mieszanka bia\u0142ek ro\u015blinnych w naturalny spos\u00f3b wspieraj\u0105 Ci\u0119 w diecie.<\/p>\n<p>&nbsp;<\/p>\n<h3><span style=\"font-size: 16pt;\"><strong><a href=\"https:\/\/www.lraloeverashop.eu\/wp-content\/uploads\/2024\/09\/weight-loss-diet-review-300x300.jpeg\"><img loading=\"lazy\" decoding=\"async\" class=\"alignleft size-medium wp-image-16348\" src=\"https:\/\/www.lraloeverashop.eu\/wp-content\/uploads\/2024\/09\/weight-loss-diet-review-300x300.jpeg\" alt=\"Weight loss diet review\" width=\"300\" height=\"300\" srcset=\"https:\/\/www.lraloeverashop.eu\/wp-content\/uploads\/2024\/09\/weight-loss-diet-review-300x300.jpeg 300w, https:\/\/www.lraloeverashop.eu\/wp-content\/uploads\/2024\/09\/weight-loss-diet-review-1024x1024.jpeg 1024w, https:\/\/www.lraloeverashop.eu\/wp-content\/uploads\/2024\/09\/weight-loss-diet-review-150x150.jpeg 150w, https:\/\/www.lraloeverashop.eu\/wp-content\/uploads\/2024\/09\/weight-loss-diet-review-768x768.jpeg 768w, https:\/\/www.lraloeverashop.eu\/wp-content\/uploads\/2024\/09\/weight-loss-diet-review-600x600.jpeg 600w, https:\/\/www.lraloeverashop.eu\/wp-content\/uploads\/2024\/09\/weight-loss-diet-review-100x100.jpeg 100w, https:\/\/www.lraloeverashop.eu\/wp-content\/uploads\/2024\/09\/weight-loss-diet-review.jpeg 1200w\" sizes=\"auto, (max-width: 300px) 100vw, 300px\" \/><\/a>Jak przygotowa\u0107 zup\u0119<\/strong><\/span><\/h3>\n<p>Zupa Warzywna Figu Active &#8211; Wymieszaj 7 pe\u0142nych \u0142y\u017cek z 350 ml gor\u0105cej wody trzepaczk\u0105 \u2013 gotowe! U\u017cyj miski o pojemno\u015bci ponad 350 ml. Odstaw na chwil\u0119, ponownie zamieszaj i zamiennik obiadu lub kolacji b\u0119dzie gotowy.<\/p>\n<p>Pami\u0119taj o piciu du\u017cej ilo\u015bci p\u0142yn\u00f3w podczas diety. Pij najlepiej 2-3 litry herbaty bezkalorycznej lub bezcukrowej.<\/p>\n<p>Produkt spe\u0142nia swoje zadanie wy\u0142\u0105cznie w kontek\u015bcie diety niskokalorycznej lub o obni\u017conej kaloryczno\u015bci.<\/p>\n<p>Zadbaj o bogat\u0105, zbilansowan\u0105 diet\u0119 i zdrowy styl \u017cycia. Twoja dieta powinna zawiera\u0107 inne produkty.<\/p>\n<p>&nbsp;<\/p>\n<p>&nbsp;<\/p>\n<p><a href=\"https:\/\/www.lraloeverashop.eu\/wp-content\/uploads\/2024\/09\/man-weight-loss-before-and-after-300x300.jpeg\"><img loading=\"lazy\" decoding=\"async\" class=\"alignleft size-medium wp-image-16355\" src=\"https:\/\/www.lraloeverashop.eu\/wp-content\/uploads\/2024\/09\/man-weight-loss-before-and-after-300x300.jpeg\" alt=\"Man weight loss before and after\" width=\"300\" height=\"300\" srcset=\"https:\/\/www.lraloeverashop.eu\/wp-content\/uploads\/2024\/09\/man-weight-loss-before-and-after-300x300.jpeg 300w, https:\/\/www.lraloeverashop.eu\/wp-content\/uploads\/2024\/09\/man-weight-loss-before-and-after-1024x1024.jpeg 1024w, https:\/\/www.lraloeverashop.eu\/wp-content\/uploads\/2024\/09\/man-weight-loss-before-and-after-150x150.jpeg 150w, https:\/\/www.lraloeverashop.eu\/wp-content\/uploads\/2024\/09\/man-weight-loss-before-and-after-768x768.jpeg 768w, https:\/\/www.lraloeverashop.eu\/wp-content\/uploads\/2024\/09\/man-weight-loss-before-and-after-600x600.jpeg 600w, https:\/\/www.lraloeverashop.eu\/wp-content\/uploads\/2024\/09\/man-weight-loss-before-and-after-100x100.jpeg 100w, https:\/\/www.lraloeverashop.eu\/wp-content\/uploads\/2024\/09\/man-weight-loss-before-and-after.jpeg 1200w\" sizes=\"auto, (max-width: 300px) 100vw, 300px\" \/><\/a><\/p>\n<p>Przygotowana Zupa Warzywna Figu Active na odchudzanie awiera wszystkie niezb\u0119dne sk\u0142adniki od\u017cywcze w odpowiedniej ilo\u015bci. Mo\u017ce zawiera\u0107 \u015bladowe ilo\u015bci bia\u0142ka jaja kurzego. Nale\u017cy przestrzega\u0107 instrukcji przygotowania. Zupy s\u0105 produktem naturalnym i mog\u0105 zawiera\u0107 \u015bladowe ilo\u015bci muszli.<\/p>\n<p>Wstrz\u0105\u015bnij Zup\u0105 Warzywn\u0105 na odchudzanie przed u\u017cyciem. Obj\u0119to\u015b\u0107 nadzienia produktu mo\u017ce ulec zmianie ze wzgl\u0119d\u00f3w technicznych. Przechowywa\u0107 w ch\u0142odnym, suchym miejscu i spo\u017cy\u0107 wkr\u00f3tce po otwarciu.<\/p>\n<p>1. Zast\u0105pienie dw\u00f3ch posi\u0142k\u00f3w dziennie diet\u0105 niskokaloryczn\u0105 przyczynia si\u0119 do utraty wagi.<\/p>\n<p>2. Zast\u0105pienie jednego posi\u0142ku dziennie diet\u0105 niskokaloryczn\u0105 pomaga utrzyma\u0107 po\u017c\u0105dan\u0105 wag\u0119 po utracie wagi.<\/p>\n","protected":false},"excerpt":{"rendered":"<ul>\n<li>Zupa odchudzaj\u0105ca z warzywami<\/li>\n<li>Ka\u017cda porcja zast\u0119puje pe\u0142nowarto\u015bciowy posi\u0142ek<\/li>\n<li>W celu utraty wagi i utrzymania wagi<\/li>\n<li>100% wega\u0144ska, s\u0142odzona stewi\u0105, wy\u0142\u0105cznie naturalne aromaty<\/li>\n<li>Wysoka zawarto\u015b\u0107 b\u0142onnika i bia\u0142ka z grochu, soi i bobu<\/li>\n<li>Bez glutenu, laktozy, oleju palmowego, sztucznych barwnik\u00f3w i wzmacniaczy smaku<\/li>\n<li>Zawarto\u015b\u0107: 488g<\/li>\n<\/ul>\n<p>&nbsp;<\/p>\n","protected":false},"featured_media":27020,"comment_status":"open","ping_status":"closed","template":"","meta":{"_kad_blocks_custom_css":"","_kad_blocks_head_custom_js":"","_kad_blocks_body_custom_js":"","_kad_blocks_footer_custom_js":"","_kadence_starter_templates_imported_post":false,"_kad_post_transparent":"default","_kad_post_title":"","_kad_post_layout":"default","_kad_post_sidebar_id":"","_kad_post_content_style":"default","_kad_post_vertical_padding":"default","_kad_post_feature":"","_kad_post_feature_position":"","_kad_post_header":false,"_kad_post_footer":false,"_kad_post_classname":""},"product_brand":[],"product_cat":[1085,1089],"product_tag":[1126],"class_list":{"0":"post-28975","1":"product","2":"type-product","3":"status-publish","4":"has-post-thumbnail","6":"product_cat-zamienniki-posilkow","7":"product_cat-zupy","8":"product_tag-dieta-pl","10":"first","11":"instock","12":"taxable","13":"shipping-taxable","14":"purchasable","15":"product-type-simple","16":"entry","17":"content-bg","18":"loop-entry"},"yoast_head":"<!-- This site is optimized with the Yoast SEO Premium plugin v27.5 (Yoast SEO v27.5) - https:\/\/yoast.com\/product\/yoast-seo-premium-wordpress\/ -->\n<title>Zupa Warzywna Figu Active na odchudzanie z pysznym smakiem!<\/title>\n<meta name=\"description\" content=\"Zupa Warzywna Figu Active na odchudzanie zast\u0119puje pe\u0142nowarto\u015bciowy posi\u0142ek i dostarcza organizmowi wszystkich niezb\u0119dnych witamin, minera\u0142\u00f3w i aminokwas\u00f3w.\" \/>\n<meta name=\"robots\" content=\"index, follow, max-snippet:-1, max-image-preview:large, max-video-preview:-1\" \/>\n<link rel=\"canonical\" href=\"https:\/\/www.lraloeverashop.eu\/pl\/produkt\/zupa-warzywna-figu-active\/\" \/>\n<meta property=\"og:locale\" content=\"pl_PL\" \/>\n<meta property=\"og:type\" content=\"article\" \/>\n<meta property=\"og:title\" content=\"Zupa Warzywna Figu Active Na Odchudzanie\" \/>\n<meta property=\"og:description\" content=\"Zupa Warzywna Figu Active na odchudzanie zast\u0119puje pe\u0142nowarto\u015bciowy posi\u0142ek i dostarcza organizmowi wszystkich niezb\u0119dnych witamin, minera\u0142\u00f3w i aminokwas\u00f3w.\" \/>\n<meta property=\"og:url\" content=\"https:\/\/www.lraloeverashop.eu\/pl\/produkt\/zupa-warzywna-figu-active\/\" \/>\n<meta property=\"og:site_name\" content=\"Lr Aloe Vera Shop\" \/>\n<meta property=\"article:publisher\" content=\"https:\/\/www.facebook.com\/lraloeverashop.eu\" \/>\n<meta property=\"article:modified_time\" content=\"2025-10-03T04:36:16+00:00\" \/>\n<meta property=\"og:image\" content=\"https:\/\/www.lraloeverashop.eu\/wp-content\/uploads\/2023\/01\/FiguActive-vegetable-soup.jpg\" \/>\n\t<meta property=\"og:image:width\" content=\"1200\" \/>\n\t<meta property=\"og:image:height\" content=\"1200\" \/>\n\t<meta property=\"og:image:type\" content=\"image\/jpeg\" \/>\n<meta name=\"twitter:card\" content=\"summary_large_image\" \/>\n<meta name=\"twitter:site\" content=\"@natur__kosmetik\" \/>\n<script type=\"application\/ld+json\" class=\"yoast-schema-graph\">{\"@context\":\"https:\\\/\\\/schema.org\",\"@graph\":[{\"@type\":[\"WebPage\",\"ItemPage\"],\"@id\":\"https:\\\/\\\/www.lraloeverashop.eu\\\/pl\\\/produkt\\\/zupa-warzywna-figu-active\\\/\",\"url\":\"https:\\\/\\\/www.lraloeverashop.eu\\\/pl\\\/produkt\\\/zupa-warzywna-figu-active\\\/\",\"name\":\"Zupa Warzywna Figu Active na odchudzanie z pysznym smakiem!\",\"isPartOf\":{\"@id\":\"https:\\\/\\\/www.lraloeverashop.eu\\\/pl\\\/#website\"},\"primaryImageOfPage\":{\"@id\":\"https:\\\/\\\/www.lraloeverashop.eu\\\/pl\\\/produkt\\\/zupa-warzywna-figu-active\\\/#primaryimage\"},\"image\":{\"@id\":\"https:\\\/\\\/www.lraloeverashop.eu\\\/pl\\\/produkt\\\/zupa-warzywna-figu-active\\\/#primaryimage\"},\"thumbnailUrl\":\"https:\\\/\\\/www.lraloeverashop.eu\\\/wp-content\\\/uploads\\\/2023\\\/01\\\/FiguActive-vegetable-soup.jpg\",\"datePublished\":\"2022-10-15T18:46:47+00:00\",\"dateModified\":\"2025-10-03T04:36:16+00:00\",\"description\":\"Zupa Warzywna Figu Active na odchudzanie zast\u0119puje pe\u0142nowarto\u015bciowy posi\u0142ek i dostarcza organizmowi wszystkich niezb\u0119dnych witamin, minera\u0142\u00f3w i aminokwas\u00f3w.\",\"breadcrumb\":{\"@id\":\"https:\\\/\\\/www.lraloeverashop.eu\\\/pl\\\/produkt\\\/zupa-warzywna-figu-active\\\/#breadcrumb\"},\"inLanguage\":\"pl-PL\",\"potentialAction\":[{\"@type\":\"ReadAction\",\"target\":[\"https:\\\/\\\/www.lraloeverashop.eu\\\/pl\\\/produkt\\\/zupa-warzywna-figu-active\\\/\"]}]},{\"@type\":\"ImageObject\",\"inLanguage\":\"pl-PL\",\"@id\":\"https:\\\/\\\/www.lraloeverashop.eu\\\/pl\\\/produkt\\\/zupa-warzywna-figu-active\\\/#primaryimage\",\"url\":\"https:\\\/\\\/www.lraloeverashop.eu\\\/wp-content\\\/uploads\\\/2023\\\/01\\\/FiguActive-vegetable-soup.jpg\",\"contentUrl\":\"https:\\\/\\\/www.lraloeverashop.eu\\\/wp-content\\\/uploads\\\/2023\\\/01\\\/FiguActive-vegetable-soup.jpg\",\"width\":1200,\"height\":1200,\"caption\":\"Zupa warzywna Figu Active Yummy Veggie\"},{\"@type\":\"BreadcrumbList\",\"@id\":\"https:\\\/\\\/www.lraloeverashop.eu\\\/pl\\\/produkt\\\/zupa-warzywna-figu-active\\\/#breadcrumb\",\"itemListElement\":[{\"@type\":\"ListItem\",\"position\":1,\"name\":\"Home\",\"item\":\"https:\\\/\\\/www.lraloeverashop.eu\\\/pl\\\/\"},{\"@type\":\"ListItem\",\"position\":2,\"name\":\"Sklep\",\"item\":\"https:\\\/\\\/www.lraloeverashop.eu\\\/pl\\\/sklep\\\/\"},{\"@type\":\"ListItem\",\"position\":3,\"name\":\"Zupa Warzywna Figu Active Na Odchudzanie\"}]},{\"@type\":\"WebSite\",\"@id\":\"https:\\\/\\\/www.lraloeverashop.eu\\\/pl\\\/#website\",\"url\":\"https:\\\/\\\/www.lraloeverashop.eu\\\/pl\\\/\",\"name\":\"Lr Aloe Vera Shop\",\"description\":\"High Quality Lr Aloe Vera Gel, Aloe Vera Cream and Shampoo\",\"publisher\":{\"@id\":\"https:\\\/\\\/www.lraloeverashop.eu\\\/pl\\\/#organization\"},\"alternateName\":\"LR\",\"potentialAction\":[{\"@type\":\"SearchAction\",\"target\":{\"@type\":\"EntryPoint\",\"urlTemplate\":\"https:\\\/\\\/www.lraloeverashop.eu\\\/pl\\\/?s={search_term_string}\"},\"query-input\":{\"@type\":\"PropertyValueSpecification\",\"valueRequired\":true,\"valueName\":\"search_term_string\"}}],\"inLanguage\":\"pl-PL\"},{\"@type\":\"Organization\",\"@id\":\"https:\\\/\\\/www.lraloeverashop.eu\\\/pl\\\/#organization\",\"name\":\"Sklep Lr Aloe Vera\",\"alternateName\":\"LR\",\"url\":\"https:\\\/\\\/www.lraloeverashop.eu\\\/pl\\\/\",\"logo\":{\"@type\":\"ImageObject\",\"inLanguage\":\"pl-PL\",\"@id\":\"https:\\\/\\\/www.lraloeverashop.eu\\\/pl\\\/#\\\/schema\\\/logo\\\/image\\\/\",\"url\":\"https:\\\/\\\/www.lraloeverashop.eu\\\/wp-content\\\/uploads\\\/2022\\\/09\\\/cropped-Lr-Aloe-Vera-Shop.jpg\",\"contentUrl\":\"https:\\\/\\\/www.lraloeverashop.eu\\\/wp-content\\\/uploads\\\/2022\\\/09\\\/cropped-Lr-Aloe-Vera-Shop.jpg\",\"width\":228,\"height\":76,\"caption\":\"Sklep Lr Aloe Vera\"},\"image\":{\"@id\":\"https:\\\/\\\/www.lraloeverashop.eu\\\/pl\\\/#\\\/schema\\\/logo\\\/image\\\/\"},\"sameAs\":[\"https:\\\/\\\/www.facebook.com\\\/lraloeverashop.eu\",\"https:\\\/\\\/x.com\\\/natur__kosmetik\",\"https:\\\/\\\/www.youtube.com\\\/channel\\\/UC5oN7BJ8nfYb8RpVtjwDEBA\",\"https:\\\/\\\/www.instagram.com\\\/lrbeautyeu\\\/\"],\"description\":\"Sklep LR Aloe Vera to Twoje zaufane \u017ar\u00f3d\u0142o wysokiej jako\u015bci produkt\u00f3w LR Health & Beauty wyprodukowanych w Niemczech. Oferujemy wysokiej jako\u015bci produkty do piel\u0119gnacji sk\u00f3ry, od\u017cywiania i przeciwstarzeniowe z aloesem, stworzone z czystych sk\u0142adnik\u00f3w i poparte badaniami naukowymi. Odkryj naturaln\u0105 piel\u0119gnacj\u0119, kt\u00f3ra regeneruje, chroni i rewitalizuje Twoj\u0105 sk\u00f3r\u0119 \u2014 i korzystaj z ekskluzywnych comiesi\u0119cznych ofert na nasze bestsellerowe produkty LR Aloe Vera.\\nRozpocznij swoj\u0105 naturaln\u0105 piel\u0119gnacj\u0119 sk\u00f3ry ju\u017c dzi\u015b i poczuj r\u00f3\u017cnic\u0119.\",\"email\":\"info@lraloeverashop.eu\",\"telephone\":\"+49 17670609653\",\"legalName\":\"Lr Aloe Vera Shop\",\"foundingDate\":\"2018-04-21\",\"numberOfEmployees\":{\"@type\":\"QuantitativeValue\",\"minValue\":\"1\",\"maxValue\":\"10\"}}]}<\/script>\n<meta property=\"product:price:amount\" content=\"48.59\" \/>\n<meta property=\"product:price:currency\" content=\"EUR\" \/>\n<meta property=\"og:availability\" content=\"instock\" \/>\n<meta property=\"product:availability\" content=\"instock\" \/>\n<meta property=\"product:retailer_item_id\" content=\"81246-1PL\" \/>\n<meta property=\"product:condition\" content=\"new\" \/>\n<!-- \/ Yoast SEO Premium plugin. -->","yoast_head_json":{"title":"Zupa Warzywna Figu Active na odchudzanie z pysznym smakiem!","description":"Zupa Warzywna Figu Active na odchudzanie zast\u0119puje pe\u0142nowarto\u015bciowy posi\u0142ek i dostarcza organizmowi wszystkich niezb\u0119dnych witamin, minera\u0142\u00f3w i aminokwas\u00f3w.","robots":{"index":"index","follow":"follow","max-snippet":"max-snippet:-1","max-image-preview":"max-image-preview:large","max-video-preview":"max-video-preview:-1"},"canonical":"https:\/\/www.lraloeverashop.eu\/pl\/produkt\/zupa-warzywna-figu-active\/","og_locale":"pl_PL","og_type":"article","og_title":"Zupa Warzywna Figu Active Na Odchudzanie","og_description":"Zupa Warzywna Figu Active na odchudzanie zast\u0119puje pe\u0142nowarto\u015bciowy posi\u0142ek i dostarcza organizmowi wszystkich niezb\u0119dnych witamin, minera\u0142\u00f3w i aminokwas\u00f3w.","og_url":"https:\/\/www.lraloeverashop.eu\/pl\/produkt\/zupa-warzywna-figu-active\/","og_site_name":"Lr Aloe Vera Shop","article_publisher":"https:\/\/www.facebook.com\/lraloeverashop.eu","article_modified_time":"2025-10-03T04:36:16+00:00","og_image":[{"width":1200,"height":1200,"url":"https:\/\/www.lraloeverashop.eu\/wp-content\/uploads\/2023\/01\/FiguActive-vegetable-soup.jpg","type":"image\/jpeg"}],"twitter_card":"summary_large_image","twitter_site":"@natur__kosmetik","schema":{"@context":"https:\/\/schema.org","@graph":[{"@type":["WebPage","ItemPage"],"@id":"https:\/\/www.lraloeverashop.eu\/pl\/produkt\/zupa-warzywna-figu-active\/","url":"https:\/\/www.lraloeverashop.eu\/pl\/produkt\/zupa-warzywna-figu-active\/","name":"Zupa Warzywna Figu Active na odchudzanie z pysznym smakiem!","isPartOf":{"@id":"https:\/\/www.lraloeverashop.eu\/pl\/#website"},"primaryImageOfPage":{"@id":"https:\/\/www.lraloeverashop.eu\/pl\/produkt\/zupa-warzywna-figu-active\/#primaryimage"},"image":{"@id":"https:\/\/www.lraloeverashop.eu\/pl\/produkt\/zupa-warzywna-figu-active\/#primaryimage"},"thumbnailUrl":"https:\/\/www.lraloeverashop.eu\/wp-content\/uploads\/2023\/01\/FiguActive-vegetable-soup.jpg","datePublished":"2022-10-15T18:46:47+00:00","dateModified":"2025-10-03T04:36:16+00:00","description":"Zupa Warzywna Figu Active na odchudzanie zast\u0119puje pe\u0142nowarto\u015bciowy posi\u0142ek i dostarcza organizmowi wszystkich niezb\u0119dnych witamin, minera\u0142\u00f3w i aminokwas\u00f3w.","breadcrumb":{"@id":"https:\/\/www.lraloeverashop.eu\/pl\/produkt\/zupa-warzywna-figu-active\/#breadcrumb"},"inLanguage":"pl-PL","potentialAction":[{"@type":"ReadAction","target":["https:\/\/www.lraloeverashop.eu\/pl\/produkt\/zupa-warzywna-figu-active\/"]}]},{"@type":"ImageObject","inLanguage":"pl-PL","@id":"https:\/\/www.lraloeverashop.eu\/pl\/produkt\/zupa-warzywna-figu-active\/#primaryimage","url":"https:\/\/www.lraloeverashop.eu\/wp-content\/uploads\/2023\/01\/FiguActive-vegetable-soup.jpg","contentUrl":"https:\/\/www.lraloeverashop.eu\/wp-content\/uploads\/2023\/01\/FiguActive-vegetable-soup.jpg","width":1200,"height":1200,"caption":"Zupa warzywna Figu Active Yummy Veggie"},{"@type":"BreadcrumbList","@id":"https:\/\/www.lraloeverashop.eu\/pl\/produkt\/zupa-warzywna-figu-active\/#breadcrumb","itemListElement":[{"@type":"ListItem","position":1,"name":"Home","item":"https:\/\/www.lraloeverashop.eu\/pl\/"},{"@type":"ListItem","position":2,"name":"Sklep","item":"https:\/\/www.lraloeverashop.eu\/pl\/sklep\/"},{"@type":"ListItem","position":3,"name":"Zupa Warzywna Figu Active Na Odchudzanie"}]},{"@type":"WebSite","@id":"https:\/\/www.lraloeverashop.eu\/pl\/#website","url":"https:\/\/www.lraloeverashop.eu\/pl\/","name":"Lr Aloe Vera Shop","description":"High Quality Lr Aloe Vera Gel, Aloe Vera Cream and Shampoo","publisher":{"@id":"https:\/\/www.lraloeverashop.eu\/pl\/#organization"},"alternateName":"LR","potentialAction":[{"@type":"SearchAction","target":{"@type":"EntryPoint","urlTemplate":"https:\/\/www.lraloeverashop.eu\/pl\/?s={search_term_string}"},"query-input":{"@type":"PropertyValueSpecification","valueRequired":true,"valueName":"search_term_string"}}],"inLanguage":"pl-PL"},{"@type":"Organization","@id":"https:\/\/www.lraloeverashop.eu\/pl\/#organization","name":"Sklep Lr Aloe Vera","alternateName":"LR","url":"https:\/\/www.lraloeverashop.eu\/pl\/","logo":{"@type":"ImageObject","inLanguage":"pl-PL","@id":"https:\/\/www.lraloeverashop.eu\/pl\/#\/schema\/logo\/image\/","url":"https:\/\/www.lraloeverashop.eu\/wp-content\/uploads\/2022\/09\/cropped-Lr-Aloe-Vera-Shop.jpg","contentUrl":"https:\/\/www.lraloeverashop.eu\/wp-content\/uploads\/2022\/09\/cropped-Lr-Aloe-Vera-Shop.jpg","width":228,"height":76,"caption":"Sklep Lr Aloe Vera"},"image":{"@id":"https:\/\/www.lraloeverashop.eu\/pl\/#\/schema\/logo\/image\/"},"sameAs":["https:\/\/www.facebook.com\/lraloeverashop.eu","https:\/\/x.com\/natur__kosmetik","https:\/\/www.youtube.com\/channel\/UC5oN7BJ8nfYb8RpVtjwDEBA","https:\/\/www.instagram.com\/lrbeautyeu\/"],"description":"Sklep LR Aloe Vera to Twoje zaufane \u017ar\u00f3d\u0142o wysokiej jako\u015bci produkt\u00f3w LR Health & Beauty wyprodukowanych w Niemczech. Oferujemy wysokiej jako\u015bci produkty do piel\u0119gnacji sk\u00f3ry, od\u017cywiania i przeciwstarzeniowe z aloesem, stworzone z czystych sk\u0142adnik\u00f3w i poparte badaniami naukowymi. Odkryj naturaln\u0105 piel\u0119gnacj\u0119, kt\u00f3ra regeneruje, chroni i rewitalizuje Twoj\u0105 sk\u00f3r\u0119 \u2014 i korzystaj z ekskluzywnych comiesi\u0119cznych ofert na nasze bestsellerowe produkty LR Aloe Vera.\nRozpocznij swoj\u0105 naturaln\u0105 piel\u0119gnacj\u0119 sk\u00f3ry ju\u017c dzi\u015b i poczuj r\u00f3\u017cnic\u0119.","email":"info@lraloeverashop.eu","telephone":"+49 17670609653","legalName":"Lr Aloe Vera Shop","foundingDate":"2018-04-21","numberOfEmployees":{"@type":"QuantitativeValue","minValue":"1","maxValue":"10"}}]},"product_price_amount":"48.59","product_price_currency":"EUR","og_availability":"instock","product_availability":"instock","product_retailer_item_id":"81246-1PL","product_condition":"new"},"taxonomy_info":{"product_cat":[{"value":1085,"label":"Zamienniki posi\u0142k\u00f3w"},{"value":1089,"label":"Zupy"}],"product_tag":[{"value":1126,"label":"dieta"}]},"featured_image_src_large":["https:\/\/www.lraloeverashop.eu\/wp-content\/uploads\/2023\/01\/FiguActive-vegetable-soup-1024x1024.jpg",1024,1024,true],"author_info":[],"comment_info":0,"_links":{"self":[{"href":"https:\/\/www.lraloeverashop.eu\/pl\/wp-json\/wp\/v2\/product\/28975","targetHints":{"allow":["GET"]}}],"collection":[{"href":"https:\/\/www.lraloeverashop.eu\/pl\/wp-json\/wp\/v2\/product"}],"about":[{"href":"https:\/\/www.lraloeverashop.eu\/pl\/wp-json\/wp\/v2\/types\/product"}],"replies":[{"embeddable":true,"href":"https:\/\/www.lraloeverashop.eu\/pl\/wp-json\/wp\/v2\/comments?post=28975"}],"wp:featuredmedia":[{"embeddable":true,"href":"https:\/\/www.lraloeverashop.eu\/pl\/wp-json\/wp\/v2\/media\/27020"}],"wp:attachment":[{"href":"https:\/\/www.lraloeverashop.eu\/pl\/wp-json\/wp\/v2\/media?parent=28975"}],"wp:term":[{"taxonomy":"product_brand","embeddable":true,"href":"https:\/\/www.lraloeverashop.eu\/pl\/wp-json\/wp\/v2\/product_brand?post=28975"},{"taxonomy":"product_cat","embeddable":true,"href":"https:\/\/www.lraloeverashop.eu\/pl\/wp-json\/wp\/v2\/product_cat?post=28975"},{"taxonomy":"product_tag","embeddable":true,"href":"https:\/\/www.lraloeverashop.eu\/pl\/wp-json\/wp\/v2\/product_tag?post=28975"}],"curies":[{"name":"wp","href":"https:\/\/api.w.org\/{rel}","templated":true}]}}