{"id":28952,"date":"2022-10-15T20:27:21","date_gmt":"2022-10-15T18:27:21","guid":{"rendered":"https:\/\/www.lraloeverashop.eu\/product\/koktajl-na-odchudzanie-kawowy\/"},"modified":"2025-09-24T17:28:18","modified_gmt":"2025-09-24T15:28:18","slug":"koktajl-na-odchudzanie-kawowy","status":"publish","type":"product","link":"https:\/\/www.lraloeverashop.eu\/pl\/produkt\/koktajl-na-odchudzanie-kawowy\/","title":{"rendered":"Koktajl na Odchudzanie Kawowy"},"content":{"rendered":"<h2><span style=\"font-size: 16pt;\"><strong>Koktajl na Odchudzanie Kawowy<\/strong><\/span><\/h2>\n<p><strong><span style=\"font-size: 14pt;\">Koktajl na Odchudzanie Kawowy Wspomaga odchudzanie przy zaledwie 218 kaloriach na porcj\u0119<\/span><\/strong><\/p>\n<p>Zapomnij o liczeniu kalorii i zast\u0105p dwa posi\u0142ki dziennie pysznym koktajlem\u00b9. Dla mi\u0142o\u015bnik\u00f3w kawy Koktajl na Odchudzanie Kawowy to doskona\u0142y wyb\u00f3r.<\/p>\n<p>Po prostu zast\u0105p \u015bniadanie, lunch lub kolacj\u0119 pysznym koktajlem na Odchudzanie. Dostarcza organizmowi wszystkich niezb\u0119dnych sk\u0142adnik\u00f3w od\u017cywczych, takich jak witaminy, minera\u0142y i pierwiastki \u015bladowe. Najprostszym sposobem na odchudzanie jest cieszenie si\u0119 r\u00f3\u017cnymi smakami produkt\u00f3w Figu Active!<\/p>\n<p>Figu Active Koktajl na Odchudzanie Kawowy zawiera inulin\u0119. Poniewa\u017c inulina dzia\u0142a stymuluj\u0105co na prac\u0119 jelit i flor\u0119 jelitow\u0105, zwi\u0119kszone spo\u017cycie mo\u017ce prowadzi\u0107 do problem\u00f3w trawiennych (wzd\u0119cia, biegunka). Osoby z wra\u017cliwym przewodem pokarmowym powinny przed spo\u017cyciem produktu skonsultowa\u0107 si\u0119 z lekarzem.<\/p>\n<p>Czy osi\u0105gn\u0105\u0142e\u015b po\u017c\u0105dan\u0105 wag\u0119? Gratulacje! Teraz zast\u0105p jeden z trzech posi\u0142k\u00f3w dziennie produktem Figu Active, aby bez wysi\u0142ku utrzyma\u0107 now\u0105 wag\u0119.<\/p>\n<p>Szczeg\u00f3lnie pyszne, urozmaicone i w 100% wega\u0144skie posi\u0142ki o naturalnych smakach zapewniaj\u0105 du\u017c\u0105 r\u00f3\u017cnorodno\u015b\u0107 w menu. Wysoka zawarto\u015b\u0107 warto\u015bciowego b\u0142onnika pokarmowego oraz starannie dobrana mieszanka bia\u0142ek ro\u015blinnych w naturalny spos\u00f3b wspieraj\u0105 Ci\u0119 w diecie.<\/p>\n<p>&nbsp;<\/p>\n<h3><span style=\"font-size: 16pt;\"><strong><a href=\"https:\/\/www.lraloeverashop.eu\/wp-content\/uploads\/2024\/09\/weight-loss-diet-review-300x300.jpeg\"><img loading=\"lazy\" decoding=\"async\" class=\"size-medium wp-image-16348 alignleft\" src=\"https:\/\/www.lraloeverashop.eu\/wp-content\/uploads\/2024\/09\/weight-loss-diet-review-300x300.jpeg\" alt=\"Weight loss diet review\" width=\"300\" height=\"300\" srcset=\"https:\/\/www.lraloeverashop.eu\/wp-content\/uploads\/2024\/09\/weight-loss-diet-review-300x300.jpeg 300w, https:\/\/www.lraloeverashop.eu\/wp-content\/uploads\/2024\/09\/weight-loss-diet-review-1024x1024.jpeg 1024w, https:\/\/www.lraloeverashop.eu\/wp-content\/uploads\/2024\/09\/weight-loss-diet-review-150x150.jpeg 150w, https:\/\/www.lraloeverashop.eu\/wp-content\/uploads\/2024\/09\/weight-loss-diet-review-768x768.jpeg 768w, https:\/\/www.lraloeverashop.eu\/wp-content\/uploads\/2024\/09\/weight-loss-diet-review-600x600.jpeg 600w, https:\/\/www.lraloeverashop.eu\/wp-content\/uploads\/2024\/09\/weight-loss-diet-review-100x100.jpeg 100w, https:\/\/www.lraloeverashop.eu\/wp-content\/uploads\/2024\/09\/weight-loss-diet-review.jpeg 1200w\" sizes=\"auto, (max-width: 300px) 100vw, 300px\" \/><\/a> Przygotowanie<\/strong><\/span><\/h3>\n<p>Wymieszaj 3 \u0142y\u017cki sto\u0142owe (28 g Koktajl na Odchudzanie Kawowy) z 300 ml niskot\u0142uszczowego mleka bez laktozy (1,5% t\u0142uszczu) w du\u017cej szklance o pojemno\u015bci co najmniej 350 ml. Zaleca si\u0119 r\u00f3wnie\u017c stosowanie LR Shaker. Pozw\u00f3l mu chwil\u0119 odpocz\u0105\u0107, ponownie zamieszaj i \u015bniadanie, obiad lub kolacja s\u0105 gotowe! Spo\u017cy\u0107 bezpo\u015brednio po przygotowaniu.<\/p>\n<p>Upewnij si\u0119, \u017ce pijesz du\u017co p\u0142yn\u00f3w podczas diety. Pij najlepiej 2-3 litry herbaty bezkalorycznej lub bez cukru. Produkt spe\u0142nia swoje zadanie tylko w kontek\u015bcie diety niskokalorycznej lub niskokalorycznej. Zadbaj o bogat\u0105, zbilansowan\u0105 diet\u0119 i zdrowy tryb \u017cycia.<\/p>\n<p>Twoja dieta powinna zawiera\u0107 inne produkty spo\u017cywcze. Przygotowany posi\u0142ek zawiera wszystkie niezb\u0119dne sk\u0142adniki od\u017cywcze w odpowiednich ilo\u015bciach. Koktajl kawowy odchudzaj\u0105cy Zawiera naturalne cukry.<\/p>\n<p>&nbsp;<\/p>\n<p><strong><a href=\"https:\/\/www.lraloeverashop.eu\/wp-content\/uploads\/2024\/09\/man-weight-loss-before-and-after-300x300.jpeg\"><img loading=\"lazy\" decoding=\"async\" class=\"alignleft size-medium wp-image-16355\" src=\"https:\/\/www.lraloeverashop.eu\/wp-content\/uploads\/2024\/09\/man-weight-loss-before-and-after-300x300.jpeg\" alt=\"Man weight loss before and after\" width=\"300\" height=\"300\" srcset=\"https:\/\/www.lraloeverashop.eu\/wp-content\/uploads\/2024\/09\/man-weight-loss-before-and-after-300x300.jpeg 300w, https:\/\/www.lraloeverashop.eu\/wp-content\/uploads\/2024\/09\/man-weight-loss-before-and-after-1024x1024.jpeg 1024w, https:\/\/www.lraloeverashop.eu\/wp-content\/uploads\/2024\/09\/man-weight-loss-before-and-after-150x150.jpeg 150w, https:\/\/www.lraloeverashop.eu\/wp-content\/uploads\/2024\/09\/man-weight-loss-before-and-after-768x768.jpeg 768w, https:\/\/www.lraloeverashop.eu\/wp-content\/uploads\/2024\/09\/man-weight-loss-before-and-after-600x600.jpeg 600w, https:\/\/www.lraloeverashop.eu\/wp-content\/uploads\/2024\/09\/man-weight-loss-before-and-after-100x100.jpeg 100w, https:\/\/www.lraloeverashop.eu\/wp-content\/uploads\/2024\/09\/man-weight-loss-before-and-after.jpeg 1200w\" sizes=\"auto, (max-width: 300px) 100vw, 300px\" \/><\/a>Post\u0119puj zgodnie z instrukcj\u0105 przygotowania.\u00a0<\/strong><\/p>\n<p>Przed u\u017cyciem wstrz\u0105sn\u0105\u0107 opakowaniem. Obj\u0119to\u015b\u0107 nape\u0142niania produktu podlega zmianom o charakterze technicznym.<\/p>\n<p>Przechowywa\u0107 w ch\u0142odnym, suchym miejscu i spo\u017cy\u0107 kr\u00f3tko po otwarciu.<\/p>\n<p>1 Zast\u0105pienie dw\u00f3ch codziennych posi\u0142k\u00f3w w diecie niskokalorycznej, Figu Active Koktajl na Odchudzanie Kawowy przyczynia si\u0119 do utraty wagi.<\/p>\n<p>2 Zast\u0105pienie jednego z codziennych posi\u0142k\u00f3w w diecie niskokalorycznej, Koktajl na Odchudzanie Kawowy pomaga utrzyma\u0107 po\u017c\u0105dan\u0105 wag\u0119 po utracie wagi.<\/p>\n<p>&nbsp;<\/p>\n","protected":false},"excerpt":{"rendered":"<ul>\n<li>Kremowy Koktajl z kaw\u0105<\/li>\n<li>Ka\u017cda porcja zast\u0119puje pe\u0142nowarto\u015bciowy posi\u0142ek<\/li>\n<li>Na utrat\u0119 i utrzymanie wagi<\/li>\n<li>Wspomaga odchudzanie przy zaledwie 218 kaloriach na porcj\u0119<\/li>\n<li>100% wega\u0144skie, s\u0142odzone stewi\u0105, tylko naturalne aromaty<\/li>\n<li>Wysoka zawarto\u015b\u0107 b\u0142onnika i bia\u0142ka<\/li>\n<li>Nie zawiera glutenu, laktozy, oleju palmowego, sztucznych barwnik\u00f3w i wzmacniaczy smaku<\/li>\n<li>Zawarto\u015b\u0107: 496g<\/li>\n<\/ul>\n<p>&nbsp;<\/p>\n","protected":false},"featured_media":27017,"comment_status":"open","ping_status":"closed","template":"","meta":{"_kad_blocks_custom_css":"","_kad_blocks_head_custom_js":"","_kad_blocks_body_custom_js":"","_kad_blocks_footer_custom_js":"","_kadence_starter_templates_imported_post":false,"_kad_post_transparent":"default","_kad_post_title":"","_kad_post_layout":"default","_kad_post_sidebar_id":"","_kad_post_content_style":"default","_kad_post_vertical_padding":"default","_kad_post_feature":"","_kad_post_feature_position":"","_kad_post_header":false,"_kad_post_footer":false,"_kad_post_classname":""},"product_brand":[],"product_cat":[1088,1085],"product_tag":[1126],"class_list":{"0":"post-28952","1":"product","2":"type-product","3":"status-publish","4":"has-post-thumbnail","6":"product_cat-koktajle","7":"product_cat-zamienniki-posilkow","8":"product_tag-dieta-pl","10":"first","11":"instock","12":"taxable","13":"shipping-taxable","14":"purchasable","15":"product-type-simple","16":"entry","17":"content-bg","18":"loop-entry"},"yoast_head":"<!-- This site is optimized with the Yoast SEO Premium plugin v27.5 (Yoast SEO v27.5) - https:\/\/yoast.com\/product\/yoast-seo-premium-wordpress\/ -->\n<title>Koktajl na Odchudzanie Kawowy z tylko 218 kalorii na porcj\u0119<\/title>\n<meta name=\"description\" content=\"Zapomnij o liczeniu kalorii i zast\u0105p dwa posi\u0142ki dziennie. Koktajl na Odchudzanie Kawowy to najlepszy zamiennik posi\u0142ku dla mi\u0142o\u015bnik\u00f3w kawy.\" \/>\n<meta name=\"robots\" content=\"index, follow, max-snippet:-1, max-image-preview:large, max-video-preview:-1\" \/>\n<link rel=\"canonical\" href=\"https:\/\/www.lraloeverashop.eu\/pl\/produkt\/koktajl-na-odchudzanie-kawowy\/\" \/>\n<meta property=\"og:locale\" content=\"pl_PL\" \/>\n<meta property=\"og:type\" content=\"article\" \/>\n<meta property=\"og:title\" content=\"Koktajl na Odchudzanie Kawowy\" \/>\n<meta property=\"og:description\" content=\"Zapomnij o liczeniu kalorii i zast\u0105p dwa posi\u0142ki dziennie. Koktajl na Odchudzanie Kawowy to najlepszy zamiennik posi\u0142ku dla mi\u0142o\u015bnik\u00f3w kawy.\" \/>\n<meta property=\"og:url\" content=\"https:\/\/www.lraloeverashop.eu\/pl\/produkt\/koktajl-na-odchudzanie-kawowy\/\" \/>\n<meta property=\"og:site_name\" content=\"Lr Aloe Vera Shop\" \/>\n<meta property=\"article:publisher\" content=\"https:\/\/www.facebook.com\/lraloeverashop.eu\" \/>\n<meta property=\"article:modified_time\" content=\"2025-09-24T15:28:18+00:00\" \/>\n<meta property=\"og:image\" content=\"https:\/\/www.lraloeverashop.eu\/wp-content\/uploads\/2023\/01\/Figuactive-Weight-Loss-Shake-Coffee.jpg\" \/>\n\t<meta property=\"og:image:width\" content=\"1200\" \/>\n\t<meta property=\"og:image:height\" content=\"1200\" \/>\n\t<meta property=\"og:image:type\" content=\"image\/jpeg\" \/>\n<meta name=\"twitter:card\" content=\"summary_large_image\" \/>\n<meta name=\"twitter:site\" content=\"@natur__kosmetik\" \/>\n<script type=\"application\/ld+json\" class=\"yoast-schema-graph\">{\"@context\":\"https:\\\/\\\/schema.org\",\"@graph\":[{\"@type\":[\"WebPage\",\"ItemPage\"],\"@id\":\"https:\\\/\\\/www.lraloeverashop.eu\\\/pl\\\/produkt\\\/koktajl-na-odchudzanie-kawowy\\\/\",\"url\":\"https:\\\/\\\/www.lraloeverashop.eu\\\/pl\\\/produkt\\\/koktajl-na-odchudzanie-kawowy\\\/\",\"name\":\"Koktajl na Odchudzanie Kawowy z tylko 218 kalorii na porcj\u0119\",\"isPartOf\":{\"@id\":\"https:\\\/\\\/www.lraloeverashop.eu\\\/pl\\\/#website\"},\"primaryImageOfPage\":{\"@id\":\"https:\\\/\\\/www.lraloeverashop.eu\\\/pl\\\/produkt\\\/koktajl-na-odchudzanie-kawowy\\\/#primaryimage\"},\"image\":{\"@id\":\"https:\\\/\\\/www.lraloeverashop.eu\\\/pl\\\/produkt\\\/koktajl-na-odchudzanie-kawowy\\\/#primaryimage\"},\"thumbnailUrl\":\"https:\\\/\\\/www.lraloeverashop.eu\\\/wp-content\\\/uploads\\\/2023\\\/01\\\/Figuactive-Weight-Loss-Shake-Coffee.jpg\",\"datePublished\":\"2022-10-15T18:27:21+00:00\",\"dateModified\":\"2025-09-24T15:28:18+00:00\",\"description\":\"Zapomnij o liczeniu kalorii i zast\u0105p dwa posi\u0142ki dziennie. Koktajl na Odchudzanie Kawowy to najlepszy zamiennik posi\u0142ku dla mi\u0142o\u015bnik\u00f3w kawy.\",\"breadcrumb\":{\"@id\":\"https:\\\/\\\/www.lraloeverashop.eu\\\/pl\\\/produkt\\\/koktajl-na-odchudzanie-kawowy\\\/#breadcrumb\"},\"inLanguage\":\"pl-PL\",\"potentialAction\":[{\"@type\":\"ReadAction\",\"target\":[\"https:\\\/\\\/www.lraloeverashop.eu\\\/pl\\\/produkt\\\/koktajl-na-odchudzanie-kawowy\\\/\"]}]},{\"@type\":\"ImageObject\",\"inLanguage\":\"pl-PL\",\"@id\":\"https:\\\/\\\/www.lraloeverashop.eu\\\/pl\\\/produkt\\\/koktajl-na-odchudzanie-kawowy\\\/#primaryimage\",\"url\":\"https:\\\/\\\/www.lraloeverashop.eu\\\/wp-content\\\/uploads\\\/2023\\\/01\\\/Figuactive-Weight-Loss-Shake-Coffee.jpg\",\"contentUrl\":\"https:\\\/\\\/www.lraloeverashop.eu\\\/wp-content\\\/uploads\\\/2023\\\/01\\\/Figuactive-Weight-Loss-Shake-Coffee.jpg\",\"width\":1200,\"height\":1200,\"caption\":\"Figuactive Koktajl na Odchudzanie Kawowy z tylko 218 kalorii na porcj\u0119\"},{\"@type\":\"BreadcrumbList\",\"@id\":\"https:\\\/\\\/www.lraloeverashop.eu\\\/pl\\\/produkt\\\/koktajl-na-odchudzanie-kawowy\\\/#breadcrumb\",\"itemListElement\":[{\"@type\":\"ListItem\",\"position\":1,\"name\":\"Home\",\"item\":\"https:\\\/\\\/www.lraloeverashop.eu\\\/pl\\\/\"},{\"@type\":\"ListItem\",\"position\":2,\"name\":\"Sklep\",\"item\":\"https:\\\/\\\/www.lraloeverashop.eu\\\/pl\\\/sklep\\\/\"},{\"@type\":\"ListItem\",\"position\":3,\"name\":\"Koktajl na Odchudzanie Kawowy\"}]},{\"@type\":\"WebSite\",\"@id\":\"https:\\\/\\\/www.lraloeverashop.eu\\\/pl\\\/#website\",\"url\":\"https:\\\/\\\/www.lraloeverashop.eu\\\/pl\\\/\",\"name\":\"Lr Aloe Vera Shop\",\"description\":\"High Quality Lr Aloe Vera Gel, Aloe Vera Cream and Shampoo\",\"publisher\":{\"@id\":\"https:\\\/\\\/www.lraloeverashop.eu\\\/pl\\\/#organization\"},\"alternateName\":\"LR\",\"potentialAction\":[{\"@type\":\"SearchAction\",\"target\":{\"@type\":\"EntryPoint\",\"urlTemplate\":\"https:\\\/\\\/www.lraloeverashop.eu\\\/pl\\\/?s={search_term_string}\"},\"query-input\":{\"@type\":\"PropertyValueSpecification\",\"valueRequired\":true,\"valueName\":\"search_term_string\"}}],\"inLanguage\":\"pl-PL\"},{\"@type\":\"Organization\",\"@id\":\"https:\\\/\\\/www.lraloeverashop.eu\\\/pl\\\/#organization\",\"name\":\"Sklep Lr Aloe Vera\",\"alternateName\":\"LR\",\"url\":\"https:\\\/\\\/www.lraloeverashop.eu\\\/pl\\\/\",\"logo\":{\"@type\":\"ImageObject\",\"inLanguage\":\"pl-PL\",\"@id\":\"https:\\\/\\\/www.lraloeverashop.eu\\\/pl\\\/#\\\/schema\\\/logo\\\/image\\\/\",\"url\":\"https:\\\/\\\/www.lraloeverashop.eu\\\/wp-content\\\/uploads\\\/2022\\\/09\\\/cropped-Lr-Aloe-Vera-Shop.jpg\",\"contentUrl\":\"https:\\\/\\\/www.lraloeverashop.eu\\\/wp-content\\\/uploads\\\/2022\\\/09\\\/cropped-Lr-Aloe-Vera-Shop.jpg\",\"width\":228,\"height\":76,\"caption\":\"Sklep Lr Aloe Vera\"},\"image\":{\"@id\":\"https:\\\/\\\/www.lraloeverashop.eu\\\/pl\\\/#\\\/schema\\\/logo\\\/image\\\/\"},\"sameAs\":[\"https:\\\/\\\/www.facebook.com\\\/lraloeverashop.eu\",\"https:\\\/\\\/x.com\\\/natur__kosmetik\",\"https:\\\/\\\/www.youtube.com\\\/channel\\\/UC5oN7BJ8nfYb8RpVtjwDEBA\",\"https:\\\/\\\/www.instagram.com\\\/lrbeautyeu\\\/\"],\"description\":\"Sklep LR Aloe Vera to Twoje zaufane \u017ar\u00f3d\u0142o wysokiej jako\u015bci produkt\u00f3w LR Health & Beauty wyprodukowanych w Niemczech. Oferujemy wysokiej jako\u015bci produkty do piel\u0119gnacji sk\u00f3ry, od\u017cywiania i przeciwstarzeniowe z aloesem, stworzone z czystych sk\u0142adnik\u00f3w i poparte badaniami naukowymi. Odkryj naturaln\u0105 piel\u0119gnacj\u0119, kt\u00f3ra regeneruje, chroni i rewitalizuje Twoj\u0105 sk\u00f3r\u0119 \u2014 i korzystaj z ekskluzywnych comiesi\u0119cznych ofert na nasze bestsellerowe produkty LR Aloe Vera.\\nRozpocznij swoj\u0105 naturaln\u0105 piel\u0119gnacj\u0119 sk\u00f3ry ju\u017c dzi\u015b i poczuj r\u00f3\u017cnic\u0119.\",\"email\":\"info@lraloeverashop.eu\",\"telephone\":\"+49 17670609653\",\"legalName\":\"Lr Aloe Vera Shop\",\"foundingDate\":\"2018-04-21\",\"numberOfEmployees\":{\"@type\":\"QuantitativeValue\",\"minValue\":\"1\",\"maxValue\":\"10\"}}]}<\/script>\n<meta property=\"product:price:amount\" content=\"48.59\" \/>\n<meta property=\"product:price:currency\" content=\"EUR\" \/>\n<meta property=\"og:availability\" content=\"instock\" \/>\n<meta property=\"product:availability\" content=\"instock\" \/>\n<meta property=\"product:retailer_item_id\" content=\"81242-1PL\" \/>\n<meta property=\"product:condition\" content=\"new\" \/>\n<!-- \/ Yoast SEO Premium plugin. -->","yoast_head_json":{"title":"Koktajl na Odchudzanie Kawowy z tylko 218 kalorii na porcj\u0119","description":"Zapomnij o liczeniu kalorii i zast\u0105p dwa posi\u0142ki dziennie. Koktajl na Odchudzanie Kawowy to najlepszy zamiennik posi\u0142ku dla mi\u0142o\u015bnik\u00f3w kawy.","robots":{"index":"index","follow":"follow","max-snippet":"max-snippet:-1","max-image-preview":"max-image-preview:large","max-video-preview":"max-video-preview:-1"},"canonical":"https:\/\/www.lraloeverashop.eu\/pl\/produkt\/koktajl-na-odchudzanie-kawowy\/","og_locale":"pl_PL","og_type":"article","og_title":"Koktajl na Odchudzanie Kawowy","og_description":"Zapomnij o liczeniu kalorii i zast\u0105p dwa posi\u0142ki dziennie. Koktajl na Odchudzanie Kawowy to najlepszy zamiennik posi\u0142ku dla mi\u0142o\u015bnik\u00f3w kawy.","og_url":"https:\/\/www.lraloeverashop.eu\/pl\/produkt\/koktajl-na-odchudzanie-kawowy\/","og_site_name":"Lr Aloe Vera Shop","article_publisher":"https:\/\/www.facebook.com\/lraloeverashop.eu","article_modified_time":"2025-09-24T15:28:18+00:00","og_image":[{"width":1200,"height":1200,"url":"https:\/\/www.lraloeverashop.eu\/wp-content\/uploads\/2023\/01\/Figuactive-Weight-Loss-Shake-Coffee.jpg","type":"image\/jpeg"}],"twitter_card":"summary_large_image","twitter_site":"@natur__kosmetik","schema":{"@context":"https:\/\/schema.org","@graph":[{"@type":["WebPage","ItemPage"],"@id":"https:\/\/www.lraloeverashop.eu\/pl\/produkt\/koktajl-na-odchudzanie-kawowy\/","url":"https:\/\/www.lraloeverashop.eu\/pl\/produkt\/koktajl-na-odchudzanie-kawowy\/","name":"Koktajl na Odchudzanie Kawowy z tylko 218 kalorii na porcj\u0119","isPartOf":{"@id":"https:\/\/www.lraloeverashop.eu\/pl\/#website"},"primaryImageOfPage":{"@id":"https:\/\/www.lraloeverashop.eu\/pl\/produkt\/koktajl-na-odchudzanie-kawowy\/#primaryimage"},"image":{"@id":"https:\/\/www.lraloeverashop.eu\/pl\/produkt\/koktajl-na-odchudzanie-kawowy\/#primaryimage"},"thumbnailUrl":"https:\/\/www.lraloeverashop.eu\/wp-content\/uploads\/2023\/01\/Figuactive-Weight-Loss-Shake-Coffee.jpg","datePublished":"2022-10-15T18:27:21+00:00","dateModified":"2025-09-24T15:28:18+00:00","description":"Zapomnij o liczeniu kalorii i zast\u0105p dwa posi\u0142ki dziennie. Koktajl na Odchudzanie Kawowy to najlepszy zamiennik posi\u0142ku dla mi\u0142o\u015bnik\u00f3w kawy.","breadcrumb":{"@id":"https:\/\/www.lraloeverashop.eu\/pl\/produkt\/koktajl-na-odchudzanie-kawowy\/#breadcrumb"},"inLanguage":"pl-PL","potentialAction":[{"@type":"ReadAction","target":["https:\/\/www.lraloeverashop.eu\/pl\/produkt\/koktajl-na-odchudzanie-kawowy\/"]}]},{"@type":"ImageObject","inLanguage":"pl-PL","@id":"https:\/\/www.lraloeverashop.eu\/pl\/produkt\/koktajl-na-odchudzanie-kawowy\/#primaryimage","url":"https:\/\/www.lraloeverashop.eu\/wp-content\/uploads\/2023\/01\/Figuactive-Weight-Loss-Shake-Coffee.jpg","contentUrl":"https:\/\/www.lraloeverashop.eu\/wp-content\/uploads\/2023\/01\/Figuactive-Weight-Loss-Shake-Coffee.jpg","width":1200,"height":1200,"caption":"Figuactive Koktajl na Odchudzanie Kawowy z tylko 218 kalorii na porcj\u0119"},{"@type":"BreadcrumbList","@id":"https:\/\/www.lraloeverashop.eu\/pl\/produkt\/koktajl-na-odchudzanie-kawowy\/#breadcrumb","itemListElement":[{"@type":"ListItem","position":1,"name":"Home","item":"https:\/\/www.lraloeverashop.eu\/pl\/"},{"@type":"ListItem","position":2,"name":"Sklep","item":"https:\/\/www.lraloeverashop.eu\/pl\/sklep\/"},{"@type":"ListItem","position":3,"name":"Koktajl na Odchudzanie Kawowy"}]},{"@type":"WebSite","@id":"https:\/\/www.lraloeverashop.eu\/pl\/#website","url":"https:\/\/www.lraloeverashop.eu\/pl\/","name":"Lr Aloe Vera Shop","description":"High Quality Lr Aloe Vera Gel, Aloe Vera Cream and Shampoo","publisher":{"@id":"https:\/\/www.lraloeverashop.eu\/pl\/#organization"},"alternateName":"LR","potentialAction":[{"@type":"SearchAction","target":{"@type":"EntryPoint","urlTemplate":"https:\/\/www.lraloeverashop.eu\/pl\/?s={search_term_string}"},"query-input":{"@type":"PropertyValueSpecification","valueRequired":true,"valueName":"search_term_string"}}],"inLanguage":"pl-PL"},{"@type":"Organization","@id":"https:\/\/www.lraloeverashop.eu\/pl\/#organization","name":"Sklep Lr Aloe Vera","alternateName":"LR","url":"https:\/\/www.lraloeverashop.eu\/pl\/","logo":{"@type":"ImageObject","inLanguage":"pl-PL","@id":"https:\/\/www.lraloeverashop.eu\/pl\/#\/schema\/logo\/image\/","url":"https:\/\/www.lraloeverashop.eu\/wp-content\/uploads\/2022\/09\/cropped-Lr-Aloe-Vera-Shop.jpg","contentUrl":"https:\/\/www.lraloeverashop.eu\/wp-content\/uploads\/2022\/09\/cropped-Lr-Aloe-Vera-Shop.jpg","width":228,"height":76,"caption":"Sklep Lr Aloe Vera"},"image":{"@id":"https:\/\/www.lraloeverashop.eu\/pl\/#\/schema\/logo\/image\/"},"sameAs":["https:\/\/www.facebook.com\/lraloeverashop.eu","https:\/\/x.com\/natur__kosmetik","https:\/\/www.youtube.com\/channel\/UC5oN7BJ8nfYb8RpVtjwDEBA","https:\/\/www.instagram.com\/lrbeautyeu\/"],"description":"Sklep LR Aloe Vera to Twoje zaufane \u017ar\u00f3d\u0142o wysokiej jako\u015bci produkt\u00f3w LR Health & Beauty wyprodukowanych w Niemczech. Oferujemy wysokiej jako\u015bci produkty do piel\u0119gnacji sk\u00f3ry, od\u017cywiania i przeciwstarzeniowe z aloesem, stworzone z czystych sk\u0142adnik\u00f3w i poparte badaniami naukowymi. Odkryj naturaln\u0105 piel\u0119gnacj\u0119, kt\u00f3ra regeneruje, chroni i rewitalizuje Twoj\u0105 sk\u00f3r\u0119 \u2014 i korzystaj z ekskluzywnych comiesi\u0119cznych ofert na nasze bestsellerowe produkty LR Aloe Vera.\nRozpocznij swoj\u0105 naturaln\u0105 piel\u0119gnacj\u0119 sk\u00f3ry ju\u017c dzi\u015b i poczuj r\u00f3\u017cnic\u0119.","email":"info@lraloeverashop.eu","telephone":"+49 17670609653","legalName":"Lr Aloe Vera Shop","foundingDate":"2018-04-21","numberOfEmployees":{"@type":"QuantitativeValue","minValue":"1","maxValue":"10"}}]},"product_price_amount":"48.59","product_price_currency":"EUR","og_availability":"instock","product_availability":"instock","product_retailer_item_id":"81242-1PL","product_condition":"new"},"taxonomy_info":{"product_cat":[{"value":1088,"label":"Koktajle"},{"value":1085,"label":"Zamienniki posi\u0142k\u00f3w"}],"product_tag":[{"value":1126,"label":"dieta"}]},"featured_image_src_large":["https:\/\/www.lraloeverashop.eu\/wp-content\/uploads\/2023\/01\/Figuactive-Weight-Loss-Shake-Coffee-1024x1024.jpg",1024,1024,true],"author_info":[],"comment_info":0,"_links":{"self":[{"href":"https:\/\/www.lraloeverashop.eu\/pl\/wp-json\/wp\/v2\/product\/28952","targetHints":{"allow":["GET"]}}],"collection":[{"href":"https:\/\/www.lraloeverashop.eu\/pl\/wp-json\/wp\/v2\/product"}],"about":[{"href":"https:\/\/www.lraloeverashop.eu\/pl\/wp-json\/wp\/v2\/types\/product"}],"replies":[{"embeddable":true,"href":"https:\/\/www.lraloeverashop.eu\/pl\/wp-json\/wp\/v2\/comments?post=28952"}],"wp:featuredmedia":[{"embeddable":true,"href":"https:\/\/www.lraloeverashop.eu\/pl\/wp-json\/wp\/v2\/media\/27017"}],"wp:attachment":[{"href":"https:\/\/www.lraloeverashop.eu\/pl\/wp-json\/wp\/v2\/media?parent=28952"}],"wp:term":[{"taxonomy":"product_brand","embeddable":true,"href":"https:\/\/www.lraloeverashop.eu\/pl\/wp-json\/wp\/v2\/product_brand?post=28952"},{"taxonomy":"product_cat","embeddable":true,"href":"https:\/\/www.lraloeverashop.eu\/pl\/wp-json\/wp\/v2\/product_cat?post=28952"},{"taxonomy":"product_tag","embeddable":true,"href":"https:\/\/www.lraloeverashop.eu\/pl\/wp-json\/wp\/v2\/product_tag?post=28952"}],"curies":[{"name":"wp","href":"https:\/\/api.w.org\/{rel}","templated":true}]}}