{"id":28923,"date":"2022-10-23T07:53:55","date_gmt":"2022-10-23T05:53:55","guid":{"rendered":"https:\/\/www.lraloeverashop.eu\/product\/koncowka-do-oczyszczania-twarzy-zeitgard-pro\/"},"modified":"2025-09-12T10:36:30","modified_gmt":"2025-09-12T08:36:30","slug":"koncowka-do-oczyszczania-twarzy-zeitgard-pro","status":"publish","type":"product","link":"https:\/\/www.lraloeverashop.eu\/pl\/produkt\/koncowka-do-oczyszczania-twarzy-zeitgard-pro\/","title":{"rendered":"Ko\u0144c\u00f3wka do Oczyszczania Twarzy Zeitgard Pro"},"content":{"rendered":"<h2><span style=\"font-size: 16pt; color: #000000;\"><strong>Ko\u0144c\u00f3wka do Oczyszczania Twarzy Zeitgard Pro<\/strong><\/span><\/h2>\n<p><span style=\"font-size: 14pt;\"><strong>Ko\u0144c\u00f3wka do Oczyszczania Twarzy Zeitgard Pro do g\u0142\u0119bokiego oczyszczania sk\u00f3ry w ka\u017cdym zastosowaniu<\/strong><\/span><\/p>\n<p>Ko\u0144c\u00f3wka do Oczyszczania Twarzy Zeitgard Pro rewolucjonizuje klasyczne oczyszczanie twarzy. Jest skuteczniejszy ni\u017c manualne oczyszczanie twarzy i szczeg\u00f3lnie delikatny dla sk\u00f3ry. Wsp\u00f3\u0142dzia\u0142anie Zeitgard Pro i specjalnie opracowana konsystencja czyszcz\u0105ca tworz\u0105 delikatn\u0105 &#8220;siatk\u0119&#8221;, kt\u00f3ra rozpuszcza, wi\u0105\u017ce i dok\u0142adnie usuwa brud ze sk\u00f3ry. Twoja sk\u00f3ra jest optymalnie przygotowana do p\u00f3\u017aniejszej piel\u0119gnacji twarzy. Sk\u00f3ra wygl\u0105da na wyrafinowan\u0105, g\u0142adsz\u0105 i bardziej promienn\u0105.<\/p>\n<p>Ko\u0144c\u00f3wka do Oczyszczania Twarzy Zeitgard Pro zapewnia efekt wow za ka\u017cdym razem. Po prostu wyjmij zu\u017cyt\u0105 g\u0142\u00f3wk\u0119 szczoteczki do oczyszczania twarzy z urz\u0105dzenia Zeitgard Pro i na\u0142\u00f3\u017c na ni\u0105 now\u0105. Voila! Tw\u00f3j p\u0119dzel jest jak nowy!<\/p>\n<h3><span style=\"font-size: 16pt;\"><strong>Spos\u00f3b u\u017cycia<\/strong><\/span><\/h3>\n<p>Szczoteczka do oczyszczania twarzy jest \u0142atwa do wymiany. Naci\u015bnij przycisk z ty\u0142u urz\u0105dzenia i zdejmij nasadk\u0119.<br \/>\nAby zamocowa\u0107 now\u0105 nasadk\u0119 na r\u0119koje\u015bci, wsu\u0144 nasadk\u0119 wzd\u0142u\u017c rowk\u00f3w prowadz\u0105cych do otworu, a\u017c zatrza\u015bnie si\u0119 na swoim miejscu. Us\u0142yszysz ciche &#8220;klikni\u0119cie&#8221;. Mo\u017ce by\u0107 konieczne delikatne doci\u015bni\u0119cie nasadki, aby zatrzasn\u0119\u0142a si\u0119 na swoim miejscu. Nie wywieraj zbyt du\u017cego nacisku. Aby ponownie zdj\u0105\u0107 nasadk\u0119, naci\u015bnij przycisk z ty\u0142u r\u0119koje\u015bci i jednocze\u015bnie zdejmij nasadk\u0119 z urz\u0105dzenia.<\/p>\n<p>&nbsp;<\/p>\n<p><img loading=\"lazy\" decoding=\"async\" class=\"aligncenter wp-image-3133\" src=\"https:\/\/www.lraloeverashop.eu\/wp-content\/uploads\/2022\/10\/Lr-Zeitgard-Pro-Face-Cleansing-Brush-in-use-1024x360.jpg\" alt=\"Lr Zeitgard Pro Face Cleansing Brush in use\" width=\"1198\" height=\"421\" srcset=\"https:\/\/www.lraloeverashop.eu\/wp-content\/uploads\/2022\/10\/Lr-Zeitgard-Pro-Face-Cleansing-Brush-in-use-1024x360.jpg 1024w, https:\/\/www.lraloeverashop.eu\/wp-content\/uploads\/2022\/10\/Lr-Zeitgard-Pro-Face-Cleansing-Brush-in-use-600x211.jpg 600w, https:\/\/www.lraloeverashop.eu\/wp-content\/uploads\/2022\/10\/Lr-Zeitgard-Pro-Face-Cleansing-Brush-in-use-300x105.jpg 300w, https:\/\/www.lraloeverashop.eu\/wp-content\/uploads\/2022\/10\/Lr-Zeitgard-Pro-Face-Cleansing-Brush-in-use-768x270.jpg 768w, https:\/\/www.lraloeverashop.eu\/wp-content\/uploads\/2022\/10\/Lr-Zeitgard-Pro-Face-Cleansing-Brush-in-use-1536x540.jpg 1536w, https:\/\/www.lraloeverashop.eu\/wp-content\/uploads\/2022\/10\/Lr-Zeitgard-Pro-Face-Cleansing-Brush-in-use-2048x720.jpg 2048w\" sizes=\"auto, (max-width: 1198px) 100vw, 1198px\" \/><\/p>\n<p>&nbsp;<\/p>\n<h4><span style=\"font-size: 16pt;\">Z jakiego materia\u0142u wykonane s\u0105 g\u0142\u00f3wki szczoteczki?<\/span><\/h4>\n<p>W\u0142\u00f3kna szczotek zosta\u0142y opracowane w skomplikowanych testach specjalnie dla LR. Tylko w ten spos\u00f3b mo\u017cemy osi\u0105gn\u0105\u0107 sprawdzone i zauwa\u017calne rezultaty. Opracowuj\u0105c szczotki, LR opiera si\u0119 na dodatku Microsilver BG \u2122 opr\u00f3cz specjalnych cech struktury filamentu. Od lat jest to cz\u0119\u015b\u0107 wielu produkt\u00f3w do piel\u0119gnacji i czyszczenia w LR.<\/p>\n<p><strong>Zaleta:<\/strong> Dzi\u0119ki ruchowi molekularnemu jony srebra docieraj\u0105 r\u00f3wnie\u017c do powierzchni z tzw. \u201ewewn\u0119trznego magazynu\u201d w\u0142\u00f3kien. Dzi\u0119ki temu antybakteryjna \u201etarcza ochronna\u201d jest trwale utrzymywana na w\u0142\u00f3knach.<\/p>\n<p>Dla szczoteczki do twarzy LR Zeitgard Pro oznacza to: najwy\u017csz\u0105 higieniczn\u0105 czysto\u015b\u0107! Nie musisz martwi\u0107 si\u0119 o to, co mo\u017ce gromadzi\u0107 si\u0119 na szczoteczkach. Przy normalnym u\u017cytkowaniu, higieniczne czyszczenie przez okres 3 miesi\u0119cy jest bezpieczne.<\/p>\n<p><strong>Jeszcze jedno:<\/strong> jony srebra dzia\u0142aj\u0105 wy\u0142\u0105cznie na powierzchni w\u0142\u00f3kien i nie s\u0105 uwalniane do otoczenia ani na sk\u00f3r\u0119. Dlatego wa\u017cne jest, aby czy\u015bci\u0107 szczoteczki po na\u0142o\u017ceniu widocznych zabrudze\u0144, aby zapewni\u0107 pe\u0142n\u0105 skuteczno\u015b\u0107 Microsilver BG\u2122.<\/p>\n<p><strong>Idealna dla ka\u017cdego!<\/strong><\/p>\n","protected":false},"excerpt":{"rendered":"<ul>\n<li>Wymienna g\u0142\u00f3wka szczoteczki do Zeitgard Pro<\/li>\n<li>Do 10 razy skuteczniejsze oczyszczanie twarzy<\/li>\n<li>Z antybakteryjnym Microsilver BG\u2122<\/li>\n<li>Do stosowania z kremem oczyszczaj\u0105cym LR Zeitgard<\/li>\n<li>Ilo\u015b\u0107: 1 szt.<\/li>\n<\/ul>\n<p>&nbsp;<\/p>\n","protected":false},"featured_media":27059,"comment_status":"open","ping_status":"closed","template":"","meta":{"_kad_blocks_custom_css":"","_kad_blocks_head_custom_js":"","_kad_blocks_body_custom_js":"","_kad_blocks_footer_custom_js":"","_kadence_starter_templates_imported_post":false,"_kad_post_transparent":"default","_kad_post_title":"","_kad_post_layout":"default","_kad_post_sidebar_id":"","_kad_post_content_style":"default","_kad_post_vertical_padding":"default","_kad_post_feature":"","_kad_post_feature_position":"","_kad_post_header":false,"_kad_post_footer":false,"_kad_post_classname":""},"product_brand":[],"product_cat":[1090,1069,1073],"product_tag":[1133],"class_list":{"0":"post-28923","1":"product","2":"type-product","3":"status-publish","4":"has-post-thumbnail","6":"product_cat-oferty","7":"product_cat-pielegnacja-anti-age","8":"product_cat-zeitgard-pro-pl","9":"product_tag-oczyszczanie-twarzy","11":"first","12":"instock","13":"sale","14":"taxable","15":"shipping-taxable","16":"purchasable","17":"product-type-simple","18":"entry","19":"content-bg","20":"loop-entry"},"yoast_head":"<!-- This site is optimized with the Yoast SEO Premium plugin v27.5 (Yoast SEO v27.5) - https:\/\/yoast.com\/product\/yoast-seo-premium-wordpress\/ -->\n<title>Ko\u0144c\u00f3wka do Oczyszczania Twarzy Zeitgard Pro z Microsilver BG<\/title>\n<meta name=\"description\" content=\"Ko\u0144c\u00f3wka do Oczyszczania Twarzy Zeitgard Pro rewolucjonizuje klasyczne oczyszczanie twarzy. Jest do 10 razy skuteczniejsza ni\u017c r\u0119czne oczyszczanie twarzy.\" \/>\n<meta name=\"robots\" content=\"index, follow, max-snippet:-1, max-image-preview:large, max-video-preview:-1\" \/>\n<link rel=\"canonical\" href=\"https:\/\/www.lraloeverashop.eu\/pl\/produkt\/koncowka-do-oczyszczania-twarzy-zeitgard-pro\/\" \/>\n<meta property=\"og:locale\" content=\"pl_PL\" \/>\n<meta property=\"og:type\" content=\"article\" \/>\n<meta property=\"og:title\" content=\"Ko\u0144c\u00f3wka do Oczyszczania Twarzy Zeitgard Pro\" \/>\n<meta property=\"og:description\" content=\"Ko\u0144c\u00f3wka do Oczyszczania Twarzy Zeitgard Pro rewolucjonizuje klasyczne oczyszczanie twarzy. Jest do 10 razy skuteczniejsza ni\u017c r\u0119czne oczyszczanie twarzy.\" \/>\n<meta property=\"og:url\" content=\"https:\/\/www.lraloeverashop.eu\/pl\/produkt\/koncowka-do-oczyszczania-twarzy-zeitgard-pro\/\" \/>\n<meta property=\"og:site_name\" content=\"Lr Aloe Vera Shop\" \/>\n<meta property=\"article:publisher\" content=\"https:\/\/www.facebook.com\/lraloeverashop.eu\" \/>\n<meta property=\"article:modified_time\" content=\"2025-09-12T08:36:30+00:00\" \/>\n<meta property=\"og:image\" content=\"https:\/\/www.lraloeverashop.eu\/wp-content\/uploads\/2022\/10\/Zeitgard-Pro-Cleaning-Brush.jpg\" \/>\n\t<meta property=\"og:image:width\" content=\"1200\" \/>\n\t<meta property=\"og:image:height\" content=\"1200\" \/>\n\t<meta property=\"og:image:type\" content=\"image\/jpeg\" \/>\n<meta name=\"twitter:card\" content=\"summary_large_image\" \/>\n<meta name=\"twitter:site\" content=\"@natur__kosmetik\" \/>\n<script type=\"application\/ld+json\" class=\"yoast-schema-graph\">{\"@context\":\"https:\\\/\\\/schema.org\",\"@graph\":[{\"@type\":[\"WebPage\",\"ItemPage\"],\"@id\":\"https:\\\/\\\/www.lraloeverashop.eu\\\/pl\\\/produkt\\\/koncowka-do-oczyszczania-twarzy-zeitgard-pro\\\/\",\"url\":\"https:\\\/\\\/www.lraloeverashop.eu\\\/pl\\\/produkt\\\/koncowka-do-oczyszczania-twarzy-zeitgard-pro\\\/\",\"name\":\"Ko\u0144c\u00f3wka do Oczyszczania Twarzy Zeitgard Pro z Microsilver BG\",\"isPartOf\":{\"@id\":\"https:\\\/\\\/www.lraloeverashop.eu\\\/pl\\\/#website\"},\"primaryImageOfPage\":{\"@id\":\"https:\\\/\\\/www.lraloeverashop.eu\\\/pl\\\/produkt\\\/koncowka-do-oczyszczania-twarzy-zeitgard-pro\\\/#primaryimage\"},\"image\":{\"@id\":\"https:\\\/\\\/www.lraloeverashop.eu\\\/pl\\\/produkt\\\/koncowka-do-oczyszczania-twarzy-zeitgard-pro\\\/#primaryimage\"},\"thumbnailUrl\":\"https:\\\/\\\/www.lraloeverashop.eu\\\/wp-content\\\/uploads\\\/2022\\\/10\\\/Zeitgard-Pro-Cleaning-Brush.jpg\",\"datePublished\":\"2022-10-23T05:53:55+00:00\",\"dateModified\":\"2025-09-12T08:36:30+00:00\",\"description\":\"Ko\u0144c\u00f3wka do Oczyszczania Twarzy Zeitgard Pro rewolucjonizuje klasyczne oczyszczanie twarzy. Jest do 10 razy skuteczniejsza ni\u017c r\u0119czne oczyszczanie twarzy.\",\"breadcrumb\":{\"@id\":\"https:\\\/\\\/www.lraloeverashop.eu\\\/pl\\\/produkt\\\/koncowka-do-oczyszczania-twarzy-zeitgard-pro\\\/#breadcrumb\"},\"inLanguage\":\"pl-PL\",\"potentialAction\":[{\"@type\":\"ReadAction\",\"target\":[\"https:\\\/\\\/www.lraloeverashop.eu\\\/pl\\\/produkt\\\/koncowka-do-oczyszczania-twarzy-zeitgard-pro\\\/\"]}]},{\"@type\":\"ImageObject\",\"inLanguage\":\"pl-PL\",\"@id\":\"https:\\\/\\\/www.lraloeverashop.eu\\\/pl\\\/produkt\\\/koncowka-do-oczyszczania-twarzy-zeitgard-pro\\\/#primaryimage\",\"url\":\"https:\\\/\\\/www.lraloeverashop.eu\\\/wp-content\\\/uploads\\\/2022\\\/10\\\/Zeitgard-Pro-Cleaning-Brush.jpg\",\"contentUrl\":\"https:\\\/\\\/www.lraloeverashop.eu\\\/wp-content\\\/uploads\\\/2022\\\/10\\\/Zeitgard-Pro-Cleaning-Brush.jpg\",\"width\":1200,\"height\":1200,\"caption\":\"Szczoteczka do oczyszczania twarzy Zeitgard Pro\"},{\"@type\":\"BreadcrumbList\",\"@id\":\"https:\\\/\\\/www.lraloeverashop.eu\\\/pl\\\/produkt\\\/koncowka-do-oczyszczania-twarzy-zeitgard-pro\\\/#breadcrumb\",\"itemListElement\":[{\"@type\":\"ListItem\",\"position\":1,\"name\":\"Home\",\"item\":\"https:\\\/\\\/www.lraloeverashop.eu\\\/pl\\\/\"},{\"@type\":\"ListItem\",\"position\":2,\"name\":\"Sklep\",\"item\":\"https:\\\/\\\/www.lraloeverashop.eu\\\/pl\\\/sklep\\\/\"},{\"@type\":\"ListItem\",\"position\":3,\"name\":\"Ko\u0144c\u00f3wka do Oczyszczania Twarzy Zeitgard Pro\"}]},{\"@type\":\"WebSite\",\"@id\":\"https:\\\/\\\/www.lraloeverashop.eu\\\/pl\\\/#website\",\"url\":\"https:\\\/\\\/www.lraloeverashop.eu\\\/pl\\\/\",\"name\":\"Lr Aloe Vera Shop\",\"description\":\"High Quality Lr Aloe Vera Gel, Aloe Vera Cream and Shampoo\",\"publisher\":{\"@id\":\"https:\\\/\\\/www.lraloeverashop.eu\\\/pl\\\/#organization\"},\"alternateName\":\"LR\",\"potentialAction\":[{\"@type\":\"SearchAction\",\"target\":{\"@type\":\"EntryPoint\",\"urlTemplate\":\"https:\\\/\\\/www.lraloeverashop.eu\\\/pl\\\/?s={search_term_string}\"},\"query-input\":{\"@type\":\"PropertyValueSpecification\",\"valueRequired\":true,\"valueName\":\"search_term_string\"}}],\"inLanguage\":\"pl-PL\"},{\"@type\":\"Organization\",\"@id\":\"https:\\\/\\\/www.lraloeverashop.eu\\\/pl\\\/#organization\",\"name\":\"Sklep Lr Aloe Vera\",\"alternateName\":\"LR\",\"url\":\"https:\\\/\\\/www.lraloeverashop.eu\\\/pl\\\/\",\"logo\":{\"@type\":\"ImageObject\",\"inLanguage\":\"pl-PL\",\"@id\":\"https:\\\/\\\/www.lraloeverashop.eu\\\/pl\\\/#\\\/schema\\\/logo\\\/image\\\/\",\"url\":\"https:\\\/\\\/www.lraloeverashop.eu\\\/wp-content\\\/uploads\\\/2022\\\/09\\\/cropped-Lr-Aloe-Vera-Shop.jpg\",\"contentUrl\":\"https:\\\/\\\/www.lraloeverashop.eu\\\/wp-content\\\/uploads\\\/2022\\\/09\\\/cropped-Lr-Aloe-Vera-Shop.jpg\",\"width\":228,\"height\":76,\"caption\":\"Sklep Lr Aloe Vera\"},\"image\":{\"@id\":\"https:\\\/\\\/www.lraloeverashop.eu\\\/pl\\\/#\\\/schema\\\/logo\\\/image\\\/\"},\"sameAs\":[\"https:\\\/\\\/www.facebook.com\\\/lraloeverashop.eu\",\"https:\\\/\\\/x.com\\\/natur__kosmetik\",\"https:\\\/\\\/www.youtube.com\\\/channel\\\/UC5oN7BJ8nfYb8RpVtjwDEBA\",\"https:\\\/\\\/www.instagram.com\\\/lrbeautyeu\\\/\"],\"description\":\"Sklep LR Aloe Vera to Twoje zaufane \u017ar\u00f3d\u0142o wysokiej jako\u015bci produkt\u00f3w LR Health & Beauty wyprodukowanych w Niemczech. Oferujemy wysokiej jako\u015bci produkty do piel\u0119gnacji sk\u00f3ry, od\u017cywiania i przeciwstarzeniowe z aloesem, stworzone z czystych sk\u0142adnik\u00f3w i poparte badaniami naukowymi. Odkryj naturaln\u0105 piel\u0119gnacj\u0119, kt\u00f3ra regeneruje, chroni i rewitalizuje Twoj\u0105 sk\u00f3r\u0119 \u2014 i korzystaj z ekskluzywnych comiesi\u0119cznych ofert na nasze bestsellerowe produkty LR Aloe Vera.\\nRozpocznij swoj\u0105 naturaln\u0105 piel\u0119gnacj\u0119 sk\u00f3ry ju\u017c dzi\u015b i poczuj r\u00f3\u017cnic\u0119.\",\"email\":\"info@lraloeverashop.eu\",\"telephone\":\"+49 17670609653\",\"legalName\":\"Lr Aloe Vera Shop\",\"foundingDate\":\"2018-04-21\",\"numberOfEmployees\":{\"@type\":\"QuantitativeValue\",\"minValue\":\"1\",\"maxValue\":\"10\"}}]}<\/script>\n<meta property=\"product:price:amount\" content=\"21.99\" \/>\n<meta property=\"product:price:currency\" content=\"EUR\" \/>\n<meta property=\"og:availability\" content=\"instock\" \/>\n<meta property=\"product:availability\" content=\"instock\" \/>\n<meta property=\"product:retailer_item_id\" content=\"70107-1PL\" \/>\n<meta property=\"product:condition\" content=\"new\" \/>\n<!-- \/ Yoast SEO Premium plugin. -->","yoast_head_json":{"title":"Ko\u0144c\u00f3wka do Oczyszczania Twarzy Zeitgard Pro z Microsilver BG","description":"Ko\u0144c\u00f3wka do Oczyszczania Twarzy Zeitgard Pro rewolucjonizuje klasyczne oczyszczanie twarzy. Jest do 10 razy skuteczniejsza ni\u017c r\u0119czne oczyszczanie twarzy.","robots":{"index":"index","follow":"follow","max-snippet":"max-snippet:-1","max-image-preview":"max-image-preview:large","max-video-preview":"max-video-preview:-1"},"canonical":"https:\/\/www.lraloeverashop.eu\/pl\/produkt\/koncowka-do-oczyszczania-twarzy-zeitgard-pro\/","og_locale":"pl_PL","og_type":"article","og_title":"Ko\u0144c\u00f3wka do Oczyszczania Twarzy Zeitgard Pro","og_description":"Ko\u0144c\u00f3wka do Oczyszczania Twarzy Zeitgard Pro rewolucjonizuje klasyczne oczyszczanie twarzy. Jest do 10 razy skuteczniejsza ni\u017c r\u0119czne oczyszczanie twarzy.","og_url":"https:\/\/www.lraloeverashop.eu\/pl\/produkt\/koncowka-do-oczyszczania-twarzy-zeitgard-pro\/","og_site_name":"Lr Aloe Vera Shop","article_publisher":"https:\/\/www.facebook.com\/lraloeverashop.eu","article_modified_time":"2025-09-12T08:36:30+00:00","og_image":[{"width":1200,"height":1200,"url":"https:\/\/www.lraloeverashop.eu\/wp-content\/uploads\/2022\/10\/Zeitgard-Pro-Cleaning-Brush.jpg","type":"image\/jpeg"}],"twitter_card":"summary_large_image","twitter_site":"@natur__kosmetik","schema":{"@context":"https:\/\/schema.org","@graph":[{"@type":["WebPage","ItemPage"],"@id":"https:\/\/www.lraloeverashop.eu\/pl\/produkt\/koncowka-do-oczyszczania-twarzy-zeitgard-pro\/","url":"https:\/\/www.lraloeverashop.eu\/pl\/produkt\/koncowka-do-oczyszczania-twarzy-zeitgard-pro\/","name":"Ko\u0144c\u00f3wka do Oczyszczania Twarzy Zeitgard Pro z Microsilver BG","isPartOf":{"@id":"https:\/\/www.lraloeverashop.eu\/pl\/#website"},"primaryImageOfPage":{"@id":"https:\/\/www.lraloeverashop.eu\/pl\/produkt\/koncowka-do-oczyszczania-twarzy-zeitgard-pro\/#primaryimage"},"image":{"@id":"https:\/\/www.lraloeverashop.eu\/pl\/produkt\/koncowka-do-oczyszczania-twarzy-zeitgard-pro\/#primaryimage"},"thumbnailUrl":"https:\/\/www.lraloeverashop.eu\/wp-content\/uploads\/2022\/10\/Zeitgard-Pro-Cleaning-Brush.jpg","datePublished":"2022-10-23T05:53:55+00:00","dateModified":"2025-09-12T08:36:30+00:00","description":"Ko\u0144c\u00f3wka do Oczyszczania Twarzy Zeitgard Pro rewolucjonizuje klasyczne oczyszczanie twarzy. Jest do 10 razy skuteczniejsza ni\u017c r\u0119czne oczyszczanie twarzy.","breadcrumb":{"@id":"https:\/\/www.lraloeverashop.eu\/pl\/produkt\/koncowka-do-oczyszczania-twarzy-zeitgard-pro\/#breadcrumb"},"inLanguage":"pl-PL","potentialAction":[{"@type":"ReadAction","target":["https:\/\/www.lraloeverashop.eu\/pl\/produkt\/koncowka-do-oczyszczania-twarzy-zeitgard-pro\/"]}]},{"@type":"ImageObject","inLanguage":"pl-PL","@id":"https:\/\/www.lraloeverashop.eu\/pl\/produkt\/koncowka-do-oczyszczania-twarzy-zeitgard-pro\/#primaryimage","url":"https:\/\/www.lraloeverashop.eu\/wp-content\/uploads\/2022\/10\/Zeitgard-Pro-Cleaning-Brush.jpg","contentUrl":"https:\/\/www.lraloeverashop.eu\/wp-content\/uploads\/2022\/10\/Zeitgard-Pro-Cleaning-Brush.jpg","width":1200,"height":1200,"caption":"Szczoteczka do oczyszczania twarzy Zeitgard Pro"},{"@type":"BreadcrumbList","@id":"https:\/\/www.lraloeverashop.eu\/pl\/produkt\/koncowka-do-oczyszczania-twarzy-zeitgard-pro\/#breadcrumb","itemListElement":[{"@type":"ListItem","position":1,"name":"Home","item":"https:\/\/www.lraloeverashop.eu\/pl\/"},{"@type":"ListItem","position":2,"name":"Sklep","item":"https:\/\/www.lraloeverashop.eu\/pl\/sklep\/"},{"@type":"ListItem","position":3,"name":"Ko\u0144c\u00f3wka do Oczyszczania Twarzy Zeitgard Pro"}]},{"@type":"WebSite","@id":"https:\/\/www.lraloeverashop.eu\/pl\/#website","url":"https:\/\/www.lraloeverashop.eu\/pl\/","name":"Lr Aloe Vera Shop","description":"High Quality Lr Aloe Vera Gel, Aloe Vera Cream and Shampoo","publisher":{"@id":"https:\/\/www.lraloeverashop.eu\/pl\/#organization"},"alternateName":"LR","potentialAction":[{"@type":"SearchAction","target":{"@type":"EntryPoint","urlTemplate":"https:\/\/www.lraloeverashop.eu\/pl\/?s={search_term_string}"},"query-input":{"@type":"PropertyValueSpecification","valueRequired":true,"valueName":"search_term_string"}}],"inLanguage":"pl-PL"},{"@type":"Organization","@id":"https:\/\/www.lraloeverashop.eu\/pl\/#organization","name":"Sklep Lr Aloe Vera","alternateName":"LR","url":"https:\/\/www.lraloeverashop.eu\/pl\/","logo":{"@type":"ImageObject","inLanguage":"pl-PL","@id":"https:\/\/www.lraloeverashop.eu\/pl\/#\/schema\/logo\/image\/","url":"https:\/\/www.lraloeverashop.eu\/wp-content\/uploads\/2022\/09\/cropped-Lr-Aloe-Vera-Shop.jpg","contentUrl":"https:\/\/www.lraloeverashop.eu\/wp-content\/uploads\/2022\/09\/cropped-Lr-Aloe-Vera-Shop.jpg","width":228,"height":76,"caption":"Sklep Lr Aloe Vera"},"image":{"@id":"https:\/\/www.lraloeverashop.eu\/pl\/#\/schema\/logo\/image\/"},"sameAs":["https:\/\/www.facebook.com\/lraloeverashop.eu","https:\/\/x.com\/natur__kosmetik","https:\/\/www.youtube.com\/channel\/UC5oN7BJ8nfYb8RpVtjwDEBA","https:\/\/www.instagram.com\/lrbeautyeu\/"],"description":"Sklep LR Aloe Vera to Twoje zaufane \u017ar\u00f3d\u0142o wysokiej jako\u015bci produkt\u00f3w LR Health & Beauty wyprodukowanych w Niemczech. Oferujemy wysokiej jako\u015bci produkty do piel\u0119gnacji sk\u00f3ry, od\u017cywiania i przeciwstarzeniowe z aloesem, stworzone z czystych sk\u0142adnik\u00f3w i poparte badaniami naukowymi. Odkryj naturaln\u0105 piel\u0119gnacj\u0119, kt\u00f3ra regeneruje, chroni i rewitalizuje Twoj\u0105 sk\u00f3r\u0119 \u2014 i korzystaj z ekskluzywnych comiesi\u0119cznych ofert na nasze bestsellerowe produkty LR Aloe Vera.\nRozpocznij swoj\u0105 naturaln\u0105 piel\u0119gnacj\u0119 sk\u00f3ry ju\u017c dzi\u015b i poczuj r\u00f3\u017cnic\u0119.","email":"info@lraloeverashop.eu","telephone":"+49 17670609653","legalName":"Lr Aloe Vera Shop","foundingDate":"2018-04-21","numberOfEmployees":{"@type":"QuantitativeValue","minValue":"1","maxValue":"10"}}]},"product_price_amount":"21.99","product_price_currency":"EUR","og_availability":"instock","product_availability":"instock","product_retailer_item_id":"70107-1PL","product_condition":"new"},"taxonomy_info":{"product_cat":[{"value":1090,"label":"Oferty"},{"value":1069,"label":"Piel\u0119gnacja Anti Age"},{"value":1073,"label":"Zeitgard Pro"}],"product_tag":[{"value":1133,"label":"oczyszczanie twarzy"}]},"featured_image_src_large":["https:\/\/www.lraloeverashop.eu\/wp-content\/uploads\/2022\/10\/Zeitgard-Pro-Cleaning-Brush-1024x1024.jpg",1024,1024,true],"author_info":[],"comment_info":0,"_links":{"self":[{"href":"https:\/\/www.lraloeverashop.eu\/pl\/wp-json\/wp\/v2\/product\/28923","targetHints":{"allow":["GET"]}}],"collection":[{"href":"https:\/\/www.lraloeverashop.eu\/pl\/wp-json\/wp\/v2\/product"}],"about":[{"href":"https:\/\/www.lraloeverashop.eu\/pl\/wp-json\/wp\/v2\/types\/product"}],"replies":[{"embeddable":true,"href":"https:\/\/www.lraloeverashop.eu\/pl\/wp-json\/wp\/v2\/comments?post=28923"}],"wp:featuredmedia":[{"embeddable":true,"href":"https:\/\/www.lraloeverashop.eu\/pl\/wp-json\/wp\/v2\/media\/27059"}],"wp:attachment":[{"href":"https:\/\/www.lraloeverashop.eu\/pl\/wp-json\/wp\/v2\/media?parent=28923"}],"wp:term":[{"taxonomy":"product_brand","embeddable":true,"href":"https:\/\/www.lraloeverashop.eu\/pl\/wp-json\/wp\/v2\/product_brand?post=28923"},{"taxonomy":"product_cat","embeddable":true,"href":"https:\/\/www.lraloeverashop.eu\/pl\/wp-json\/wp\/v2\/product_cat?post=28923"},{"taxonomy":"product_tag","embeddable":true,"href":"https:\/\/www.lraloeverashop.eu\/pl\/wp-json\/wp\/v2\/product_tag?post=28923"}],"curies":[{"name":"wp","href":"https:\/\/api.w.org\/{rel}","templated":true}]}}