{"id":28887,"date":"2022-10-23T09:40:26","date_gmt":"2022-10-23T07:40:26","guid":{"rendered":"https:\/\/www.lraloeverashop.eu\/product\/koncowka-do-masazu-ciala-zeitgard-pro\/"},"modified":"2026-04-29T21:00:18","modified_gmt":"2026-04-29T19:00:18","slug":"koncowka-do-masazu-ciala-zeitgard-pro","status":"publish","type":"product","link":"https:\/\/www.lraloeverashop.eu\/pl\/produkt\/koncowka-do-masazu-ciala-zeitgard-pro\/","title":{"rendered":"Ko\u0144c\u00f3wka do masa\u017cu cia\u0142a Zeitgard Pro"},"content":{"rendered":"<h2><span style=\"font-size: 16pt; color: #000000;\"><strong>Ko\u0144c\u00f3wka do masa\u017cu cia\u0142a Zeitgard Pro <\/strong><\/span><\/h2>\n<p><span style=\"font-size: 14pt;\"><strong>Ko\u0144c\u00f3wka do masa\u017cu cia\u0142a Zeitgard Pro uj\u0119drnia sk\u00f3r\u0119 i redukuje cellulit.<\/strong><\/span><\/p>\n<p>Masa\u017c ultrad\u017awi\u0119kowy z ko\u0144c\u00f3wk\u0105 Zeitgard Pro sprawi, \u017ce Twoje cia\u0142o b\u0119dzie j\u0119drniejsze i bardziej r\u00f3wnomierne w cerze. W codziennym stosowaniu zapewnia j\u0119drniejsz\u0105 tkank\u0119 \u0142\u0105czn\u0105 i mniej sk\u00f3rki pomara\u0144czowej. Optymalne rezultaty mo\u017cna osi\u0105gn\u0105\u0107 w po\u0142\u0105czeniu z kremem do cia\u0142a LR ZEITGARD.<\/p>\n<p>Drgania ultrad\u017awi\u0119kowe wnikaj\u0105 na kilka centymetr\u00f3w w g\u0142\u0105b sk\u00f3ry. Tam mog\u0105 pom\u00f3c w up\u0142ynnieniu t\u0142uszczu w kom\u00f3rkach sk\u00f3ry. Dzi\u0119ki wibruj\u0105cemu efektowi masa\u017cu Ko\u0144c\u00f3wka do masa\u017cu cia\u0142a Zeitgard, up\u0142ynniony t\u0142uszcz w kom\u00f3rkach sk\u00f3ry mo\u017ce zosta\u0107 r\u00f3wnomiernie zreformowany, dzi\u0119ki czemu sk\u00f3ra staje si\u0119 g\u0142adsza i j\u0119drniejsza.<\/p>\n<p>Ponadto sk\u0142adniki aktywne <a href=\"https:\/\/www.lraloeverashop.eu\/pl\/produkt\/wzmacniajacy-krem-do-ciala\/\"><strong>kremu do cia\u0142a Lr Zeitgard<\/strong><\/a> z systemem transportu sk\u0142adnik\u00f3w aktywnych s\u0105 w stanie wnikn\u0105\u0107 g\u0142\u0119biej i szybciej w sk\u00f3r\u0119 dzi\u0119ki technologii ultrad\u017awi\u0119kowej. Przy regularnym stosowaniu w g\u0142\u0119bi warstw sk\u00f3ry tworzy si\u0119 zapas sk\u0142adnik\u00f3w aktywnych, co skutkuje d\u0142ugotrwa\u0142ym efektem. Optymalne rezultaty osi\u0105ga si\u0119 w po\u0142\u0105czeniu z kremem do cia\u0142a Lr Zeitgard Pro.<\/p>\n<h3><span style=\"font-size: 16pt;\"><strong>Spos\u00f3b u\u017cycia<\/strong><\/span><\/h3>\n<p><span style=\"font-family: var(--global-body-font-family);\">Krem do cia\u0142a Lr Zeitgard nale\u017cy stosowa\u0107 1-2 razy dziennie. Z Ko\u0144c\u00f3wka do masa\u017cu cia\u0142a Zeitgard wmasuj krem w poszczeg\u00f3lne cz\u0119\u015bci cia\u0142a przez ok. 2 minuty z rz\u0119du. Urz\u0105dzenie wzmacniaj\u0105ce cia\u0142o <a href=\"https:\/\/www.lraloeverashop.eu\/pl\/?attachment_id=27060\"><strong>Zeitgard Pro<\/strong><\/a> nale\u017cy kierowa\u0107 delikatnymi ruchami okr\u0119\u017cnymi w kierunku w\u0119z\u0142\u00f3w ch\u0142onnych: na nogach w kierunku pachwiny, na brzuchu w kierunku pachwiny, na po\u015bladkach w kierunku tylnej cz\u0119\u015bci kolana i na d\u0142oniach w kierunku pach.<\/span><\/p>\n<p>&nbsp;<\/p>\n<p><img loading=\"lazy\" decoding=\"async\" class=\"aligncenter wp-image-3129\" src=\"https:\/\/www.lraloeverashop.eu\/wp-content\/uploads\/2022\/10\/Lr-Zeitgard-Pro-Body-massage-Device-in-use-1024x536.jpg\" alt=\"Lr Zeitgard Pro Body massage Device in use\" width=\"1221\" height=\"639\" srcset=\"https:\/\/www.lraloeverashop.eu\/wp-content\/uploads\/2022\/10\/Lr-Zeitgard-Pro-Body-massage-Device-in-use-1024x536.jpg 1024w, https:\/\/www.lraloeverashop.eu\/wp-content\/uploads\/2022\/10\/Lr-Zeitgard-Pro-Body-massage-Device-in-use-600x314.jpg 600w, https:\/\/www.lraloeverashop.eu\/wp-content\/uploads\/2022\/10\/Lr-Zeitgard-Pro-Body-massage-Device-in-use-300x157.jpg 300w, https:\/\/www.lraloeverashop.eu\/wp-content\/uploads\/2022\/10\/Lr-Zeitgard-Pro-Body-massage-Device-in-use-768x402.jpg 768w, https:\/\/www.lraloeverashop.eu\/wp-content\/uploads\/2022\/10\/Lr-Zeitgard-Pro-Body-massage-Device-in-use-1536x804.jpg 1536w, https:\/\/www.lraloeverashop.eu\/wp-content\/uploads\/2022\/10\/Lr-Zeitgard-Pro-Body-massage-Device-in-use-2048x1072.jpg 2048w\" sizes=\"auto, (max-width: 1221px) 100vw, 1221px\" \/><\/p>\n","protected":false},"excerpt":{"rendered":"<ul>\n<li>Uj\u0119drniaj\u0105ca nak\u0142adka do masa\u017cu cia\u0142a do Zeitgard Pro<\/li>\n<li>Dla j\u0119drniejszej i bardziej jednolitej cery<\/li>\n<li>Innowacyjna technologia ultrad\u017awi\u0119kowa<\/li>\n<li>Do stosowania z kremem do cia\u0142a LR Zeitgard<\/li>\n<li>Z systemem transportu sk\u0142adnik\u00f3w aktywnych<\/li>\n<li>Zawarto\u015b\u0107: 1 szt.<\/li>\n<\/ul>\n<p>&nbsp;<\/p>\n","protected":false},"featured_media":27057,"comment_status":"open","ping_status":"closed","template":"","meta":{"_kad_blocks_custom_css":"","_kad_blocks_head_custom_js":"","_kad_blocks_body_custom_js":"","_kad_blocks_footer_custom_js":"","_kadence_starter_templates_imported_post":false,"_kad_post_transparent":"default","_kad_post_title":"","_kad_post_layout":"default","_kad_post_sidebar_id":"","_kad_post_content_style":"default","_kad_post_vertical_padding":"default","_kad_post_feature":"","_kad_post_feature_position":"","_kad_post_header":false,"_kad_post_footer":false,"_kad_post_classname":""},"product_brand":[],"product_cat":[1069,1073],"product_tag":[1123],"class_list":{"0":"post-28887","1":"product","2":"type-product","3":"status-publish","4":"has-post-thumbnail","6":"product_cat-pielegnacja-anti-age","7":"product_cat-zeitgard-pro-pl","8":"product_tag-cellulit","10":"first","11":"instock","12":"taxable","13":"shipping-taxable","14":"purchasable","15":"product-type-simple","16":"entry","17":"content-bg","18":"loop-entry"},"yoast_head":"<!-- This site is optimized with the Yoast SEO Premium plugin v27.5 (Yoast SEO v27.5) - https:\/\/yoast.com\/product\/yoast-seo-premium-wordpress\/ -->\n<title>Ko\u0144c\u00f3wka do masa\u017cu cia\u0142a Zeitgard Pro dla redukcji cellulitu<\/title>\n<meta name=\"description\" content=\"Ko\u0144c\u00f3wka do masa\u017cu cia\u0142a Zeitgard Pro zapewnia j\u0119drniejsz\u0105 i bardziej jednolit\u0105 cer\u0119 bez cellulitu. Stosowana codziennie, zapewnia j\u0119drniejsz\u0105 tkank\u0119 \u0142\u0105czn\u0105\" \/>\n<meta name=\"robots\" content=\"index, follow, max-snippet:-1, max-image-preview:large, max-video-preview:-1\" \/>\n<link rel=\"canonical\" href=\"https:\/\/www.lraloeverashop.eu\/pl\/produkt\/koncowka-do-masazu-ciala-zeitgard-pro\/\" \/>\n<meta property=\"og:locale\" content=\"pl_PL\" \/>\n<meta property=\"og:type\" content=\"article\" \/>\n<meta property=\"og:title\" content=\"Ko\u0144c\u00f3wka do masa\u017cu cia\u0142a Zeitgard Pro\" \/>\n<meta property=\"og:description\" content=\"Ko\u0144c\u00f3wka do masa\u017cu cia\u0142a Zeitgard Pro zapewnia j\u0119drniejsz\u0105 i bardziej jednolit\u0105 cer\u0119 bez cellulitu. Stosowana codziennie, zapewnia j\u0119drniejsz\u0105 tkank\u0119 \u0142\u0105czn\u0105\" \/>\n<meta property=\"og:url\" content=\"https:\/\/www.lraloeverashop.eu\/pl\/produkt\/koncowka-do-masazu-ciala-zeitgard-pro\/\" \/>\n<meta property=\"og:site_name\" content=\"Lr Aloe Vera Shop\" \/>\n<meta property=\"article:publisher\" content=\"https:\/\/www.facebook.com\/lraloeverashop.eu\" \/>\n<meta property=\"article:modified_time\" content=\"2026-04-29T19:00:18+00:00\" \/>\n<meta property=\"og:image\" content=\"https:\/\/www.lraloeverashop.eu\/wp-content\/uploads\/2022\/10\/Zeitgard-Pro-massage-tool.jpg\" \/>\n\t<meta property=\"og:image:width\" content=\"1200\" \/>\n\t<meta property=\"og:image:height\" content=\"1200\" \/>\n\t<meta property=\"og:image:type\" content=\"image\/jpeg\" \/>\n<meta name=\"twitter:card\" content=\"summary_large_image\" \/>\n<meta name=\"twitter:site\" content=\"@natur__kosmetik\" \/>\n<script type=\"application\/ld+json\" class=\"yoast-schema-graph\">{\"@context\":\"https:\\\/\\\/schema.org\",\"@graph\":[{\"@type\":[\"WebPage\",\"ItemPage\"],\"@id\":\"https:\\\/\\\/www.lraloeverashop.eu\\\/pl\\\/produkt\\\/koncowka-do-masazu-ciala-zeitgard-pro\\\/\",\"url\":\"https:\\\/\\\/www.lraloeverashop.eu\\\/pl\\\/produkt\\\/koncowka-do-masazu-ciala-zeitgard-pro\\\/\",\"name\":\"Ko\u0144c\u00f3wka do masa\u017cu cia\u0142a Zeitgard Pro dla redukcji cellulitu\",\"isPartOf\":{\"@id\":\"https:\\\/\\\/www.lraloeverashop.eu\\\/pl\\\/#website\"},\"primaryImageOfPage\":{\"@id\":\"https:\\\/\\\/www.lraloeverashop.eu\\\/pl\\\/produkt\\\/koncowka-do-masazu-ciala-zeitgard-pro\\\/#primaryimage\"},\"image\":{\"@id\":\"https:\\\/\\\/www.lraloeverashop.eu\\\/pl\\\/produkt\\\/koncowka-do-masazu-ciala-zeitgard-pro\\\/#primaryimage\"},\"thumbnailUrl\":\"https:\\\/\\\/www.lraloeverashop.eu\\\/wp-content\\\/uploads\\\/2022\\\/10\\\/Zeitgard-Pro-massage-tool.jpg\",\"datePublished\":\"2022-10-23T07:40:26+00:00\",\"dateModified\":\"2026-04-29T19:00:18+00:00\",\"description\":\"Ko\u0144c\u00f3wka do masa\u017cu cia\u0142a Zeitgard Pro zapewnia j\u0119drniejsz\u0105 i bardziej jednolit\u0105 cer\u0119 bez cellulitu. Stosowana codziennie, zapewnia j\u0119drniejsz\u0105 tkank\u0119 \u0142\u0105czn\u0105\",\"breadcrumb\":{\"@id\":\"https:\\\/\\\/www.lraloeverashop.eu\\\/pl\\\/produkt\\\/koncowka-do-masazu-ciala-zeitgard-pro\\\/#breadcrumb\"},\"inLanguage\":\"pl-PL\",\"potentialAction\":[{\"@type\":\"ReadAction\",\"target\":[\"https:\\\/\\\/www.lraloeverashop.eu\\\/pl\\\/produkt\\\/koncowka-do-masazu-ciala-zeitgard-pro\\\/\"]}]},{\"@type\":\"ImageObject\",\"inLanguage\":\"pl-PL\",\"@id\":\"https:\\\/\\\/www.lraloeverashop.eu\\\/pl\\\/produkt\\\/koncowka-do-masazu-ciala-zeitgard-pro\\\/#primaryimage\",\"url\":\"https:\\\/\\\/www.lraloeverashop.eu\\\/wp-content\\\/uploads\\\/2022\\\/10\\\/Zeitgard-Pro-massage-tool.jpg\",\"contentUrl\":\"https:\\\/\\\/www.lraloeverashop.eu\\\/wp-content\\\/uploads\\\/2022\\\/10\\\/Zeitgard-Pro-massage-tool.jpg\",\"width\":1200,\"height\":1200,\"caption\":\"Ko\u0144c\u00f3wka do masa\u017cu cia\u0142a Zeitgard Pro\"},{\"@type\":\"BreadcrumbList\",\"@id\":\"https:\\\/\\\/www.lraloeverashop.eu\\\/pl\\\/produkt\\\/koncowka-do-masazu-ciala-zeitgard-pro\\\/#breadcrumb\",\"itemListElement\":[{\"@type\":\"ListItem\",\"position\":1,\"name\":\"Home\",\"item\":\"https:\\\/\\\/www.lraloeverashop.eu\\\/pl\\\/\"},{\"@type\":\"ListItem\",\"position\":2,\"name\":\"Sklep\",\"item\":\"https:\\\/\\\/www.lraloeverashop.eu\\\/pl\\\/sklep\\\/\"},{\"@type\":\"ListItem\",\"position\":3,\"name\":\"Ko\u0144c\u00f3wka do masa\u017cu cia\u0142a Zeitgard Pro\"}]},{\"@type\":\"WebSite\",\"@id\":\"https:\\\/\\\/www.lraloeverashop.eu\\\/pl\\\/#website\",\"url\":\"https:\\\/\\\/www.lraloeverashop.eu\\\/pl\\\/\",\"name\":\"Lr Aloe Vera Shop\",\"description\":\"High Quality Lr Aloe Vera Gel, Aloe Vera Cream and Shampoo\",\"publisher\":{\"@id\":\"https:\\\/\\\/www.lraloeverashop.eu\\\/pl\\\/#organization\"},\"alternateName\":\"LR\",\"potentialAction\":[{\"@type\":\"SearchAction\",\"target\":{\"@type\":\"EntryPoint\",\"urlTemplate\":\"https:\\\/\\\/www.lraloeverashop.eu\\\/pl\\\/?s={search_term_string}\"},\"query-input\":{\"@type\":\"PropertyValueSpecification\",\"valueRequired\":true,\"valueName\":\"search_term_string\"}}],\"inLanguage\":\"pl-PL\"},{\"@type\":\"Organization\",\"@id\":\"https:\\\/\\\/www.lraloeverashop.eu\\\/pl\\\/#organization\",\"name\":\"Sklep Lr Aloe Vera\",\"alternateName\":\"LR\",\"url\":\"https:\\\/\\\/www.lraloeverashop.eu\\\/pl\\\/\",\"logo\":{\"@type\":\"ImageObject\",\"inLanguage\":\"pl-PL\",\"@id\":\"https:\\\/\\\/www.lraloeverashop.eu\\\/pl\\\/#\\\/schema\\\/logo\\\/image\\\/\",\"url\":\"https:\\\/\\\/www.lraloeverashop.eu\\\/wp-content\\\/uploads\\\/2022\\\/09\\\/cropped-Lr-Aloe-Vera-Shop.jpg\",\"contentUrl\":\"https:\\\/\\\/www.lraloeverashop.eu\\\/wp-content\\\/uploads\\\/2022\\\/09\\\/cropped-Lr-Aloe-Vera-Shop.jpg\",\"width\":228,\"height\":76,\"caption\":\"Sklep Lr Aloe Vera\"},\"image\":{\"@id\":\"https:\\\/\\\/www.lraloeverashop.eu\\\/pl\\\/#\\\/schema\\\/logo\\\/image\\\/\"},\"sameAs\":[\"https:\\\/\\\/www.facebook.com\\\/lraloeverashop.eu\",\"https:\\\/\\\/x.com\\\/natur__kosmetik\",\"https:\\\/\\\/www.youtube.com\\\/channel\\\/UC5oN7BJ8nfYb8RpVtjwDEBA\",\"https:\\\/\\\/www.instagram.com\\\/lrbeautyeu\\\/\"],\"description\":\"Sklep LR Aloe Vera to Twoje zaufane \u017ar\u00f3d\u0142o wysokiej jako\u015bci produkt\u00f3w LR Health & Beauty wyprodukowanych w Niemczech. Oferujemy wysokiej jako\u015bci produkty do piel\u0119gnacji sk\u00f3ry, od\u017cywiania i przeciwstarzeniowe z aloesem, stworzone z czystych sk\u0142adnik\u00f3w i poparte badaniami naukowymi. Odkryj naturaln\u0105 piel\u0119gnacj\u0119, kt\u00f3ra regeneruje, chroni i rewitalizuje Twoj\u0105 sk\u00f3r\u0119 \u2014 i korzystaj z ekskluzywnych comiesi\u0119cznych ofert na nasze bestsellerowe produkty LR Aloe Vera.\\nRozpocznij swoj\u0105 naturaln\u0105 piel\u0119gnacj\u0119 sk\u00f3ry ju\u017c dzi\u015b i poczuj r\u00f3\u017cnic\u0119.\",\"email\":\"info@lraloeverashop.eu\",\"telephone\":\"+49 17670609653\",\"legalName\":\"Lr Aloe Vera Shop\",\"foundingDate\":\"2018-04-21\",\"numberOfEmployees\":{\"@type\":\"QuantitativeValue\",\"minValue\":\"1\",\"maxValue\":\"10\"}}]}<\/script>\n<meta property=\"product:price:amount\" content=\"85.99\" \/>\n<meta property=\"product:price:currency\" content=\"EUR\" \/>\n<meta property=\"og:availability\" content=\"instock\" \/>\n<meta property=\"product:availability\" content=\"instock\" \/>\n<meta property=\"product:retailer_item_id\" content=\"70103-1PL\" \/>\n<meta property=\"product:condition\" content=\"new\" \/>\n<!-- \/ Yoast SEO Premium plugin. -->","yoast_head_json":{"title":"Ko\u0144c\u00f3wka do masa\u017cu cia\u0142a Zeitgard Pro dla redukcji cellulitu","description":"Ko\u0144c\u00f3wka do masa\u017cu cia\u0142a Zeitgard Pro zapewnia j\u0119drniejsz\u0105 i bardziej jednolit\u0105 cer\u0119 bez cellulitu. Stosowana codziennie, zapewnia j\u0119drniejsz\u0105 tkank\u0119 \u0142\u0105czn\u0105","robots":{"index":"index","follow":"follow","max-snippet":"max-snippet:-1","max-image-preview":"max-image-preview:large","max-video-preview":"max-video-preview:-1"},"canonical":"https:\/\/www.lraloeverashop.eu\/pl\/produkt\/koncowka-do-masazu-ciala-zeitgard-pro\/","og_locale":"pl_PL","og_type":"article","og_title":"Ko\u0144c\u00f3wka do masa\u017cu cia\u0142a Zeitgard Pro","og_description":"Ko\u0144c\u00f3wka do masa\u017cu cia\u0142a Zeitgard Pro zapewnia j\u0119drniejsz\u0105 i bardziej jednolit\u0105 cer\u0119 bez cellulitu. Stosowana codziennie, zapewnia j\u0119drniejsz\u0105 tkank\u0119 \u0142\u0105czn\u0105","og_url":"https:\/\/www.lraloeverashop.eu\/pl\/produkt\/koncowka-do-masazu-ciala-zeitgard-pro\/","og_site_name":"Lr Aloe Vera Shop","article_publisher":"https:\/\/www.facebook.com\/lraloeverashop.eu","article_modified_time":"2026-04-29T19:00:18+00:00","og_image":[{"width":1200,"height":1200,"url":"https:\/\/www.lraloeverashop.eu\/wp-content\/uploads\/2022\/10\/Zeitgard-Pro-massage-tool.jpg","type":"image\/jpeg"}],"twitter_card":"summary_large_image","twitter_site":"@natur__kosmetik","schema":{"@context":"https:\/\/schema.org","@graph":[{"@type":["WebPage","ItemPage"],"@id":"https:\/\/www.lraloeverashop.eu\/pl\/produkt\/koncowka-do-masazu-ciala-zeitgard-pro\/","url":"https:\/\/www.lraloeverashop.eu\/pl\/produkt\/koncowka-do-masazu-ciala-zeitgard-pro\/","name":"Ko\u0144c\u00f3wka do masa\u017cu cia\u0142a Zeitgard Pro dla redukcji cellulitu","isPartOf":{"@id":"https:\/\/www.lraloeverashop.eu\/pl\/#website"},"primaryImageOfPage":{"@id":"https:\/\/www.lraloeverashop.eu\/pl\/produkt\/koncowka-do-masazu-ciala-zeitgard-pro\/#primaryimage"},"image":{"@id":"https:\/\/www.lraloeverashop.eu\/pl\/produkt\/koncowka-do-masazu-ciala-zeitgard-pro\/#primaryimage"},"thumbnailUrl":"https:\/\/www.lraloeverashop.eu\/wp-content\/uploads\/2022\/10\/Zeitgard-Pro-massage-tool.jpg","datePublished":"2022-10-23T07:40:26+00:00","dateModified":"2026-04-29T19:00:18+00:00","description":"Ko\u0144c\u00f3wka do masa\u017cu cia\u0142a Zeitgard Pro zapewnia j\u0119drniejsz\u0105 i bardziej jednolit\u0105 cer\u0119 bez cellulitu. Stosowana codziennie, zapewnia j\u0119drniejsz\u0105 tkank\u0119 \u0142\u0105czn\u0105","breadcrumb":{"@id":"https:\/\/www.lraloeverashop.eu\/pl\/produkt\/koncowka-do-masazu-ciala-zeitgard-pro\/#breadcrumb"},"inLanguage":"pl-PL","potentialAction":[{"@type":"ReadAction","target":["https:\/\/www.lraloeverashop.eu\/pl\/produkt\/koncowka-do-masazu-ciala-zeitgard-pro\/"]}]},{"@type":"ImageObject","inLanguage":"pl-PL","@id":"https:\/\/www.lraloeverashop.eu\/pl\/produkt\/koncowka-do-masazu-ciala-zeitgard-pro\/#primaryimage","url":"https:\/\/www.lraloeverashop.eu\/wp-content\/uploads\/2022\/10\/Zeitgard-Pro-massage-tool.jpg","contentUrl":"https:\/\/www.lraloeverashop.eu\/wp-content\/uploads\/2022\/10\/Zeitgard-Pro-massage-tool.jpg","width":1200,"height":1200,"caption":"Ko\u0144c\u00f3wka do masa\u017cu cia\u0142a Zeitgard Pro"},{"@type":"BreadcrumbList","@id":"https:\/\/www.lraloeverashop.eu\/pl\/produkt\/koncowka-do-masazu-ciala-zeitgard-pro\/#breadcrumb","itemListElement":[{"@type":"ListItem","position":1,"name":"Home","item":"https:\/\/www.lraloeverashop.eu\/pl\/"},{"@type":"ListItem","position":2,"name":"Sklep","item":"https:\/\/www.lraloeverashop.eu\/pl\/sklep\/"},{"@type":"ListItem","position":3,"name":"Ko\u0144c\u00f3wka do masa\u017cu cia\u0142a Zeitgard Pro"}]},{"@type":"WebSite","@id":"https:\/\/www.lraloeverashop.eu\/pl\/#website","url":"https:\/\/www.lraloeverashop.eu\/pl\/","name":"Lr Aloe Vera Shop","description":"High Quality Lr Aloe Vera Gel, Aloe Vera Cream and Shampoo","publisher":{"@id":"https:\/\/www.lraloeverashop.eu\/pl\/#organization"},"alternateName":"LR","potentialAction":[{"@type":"SearchAction","target":{"@type":"EntryPoint","urlTemplate":"https:\/\/www.lraloeverashop.eu\/pl\/?s={search_term_string}"},"query-input":{"@type":"PropertyValueSpecification","valueRequired":true,"valueName":"search_term_string"}}],"inLanguage":"pl-PL"},{"@type":"Organization","@id":"https:\/\/www.lraloeverashop.eu\/pl\/#organization","name":"Sklep Lr Aloe Vera","alternateName":"LR","url":"https:\/\/www.lraloeverashop.eu\/pl\/","logo":{"@type":"ImageObject","inLanguage":"pl-PL","@id":"https:\/\/www.lraloeverashop.eu\/pl\/#\/schema\/logo\/image\/","url":"https:\/\/www.lraloeverashop.eu\/wp-content\/uploads\/2022\/09\/cropped-Lr-Aloe-Vera-Shop.jpg","contentUrl":"https:\/\/www.lraloeverashop.eu\/wp-content\/uploads\/2022\/09\/cropped-Lr-Aloe-Vera-Shop.jpg","width":228,"height":76,"caption":"Sklep Lr Aloe Vera"},"image":{"@id":"https:\/\/www.lraloeverashop.eu\/pl\/#\/schema\/logo\/image\/"},"sameAs":["https:\/\/www.facebook.com\/lraloeverashop.eu","https:\/\/x.com\/natur__kosmetik","https:\/\/www.youtube.com\/channel\/UC5oN7BJ8nfYb8RpVtjwDEBA","https:\/\/www.instagram.com\/lrbeautyeu\/"],"description":"Sklep LR Aloe Vera to Twoje zaufane \u017ar\u00f3d\u0142o wysokiej jako\u015bci produkt\u00f3w LR Health & Beauty wyprodukowanych w Niemczech. Oferujemy wysokiej jako\u015bci produkty do piel\u0119gnacji sk\u00f3ry, od\u017cywiania i przeciwstarzeniowe z aloesem, stworzone z czystych sk\u0142adnik\u00f3w i poparte badaniami naukowymi. Odkryj naturaln\u0105 piel\u0119gnacj\u0119, kt\u00f3ra regeneruje, chroni i rewitalizuje Twoj\u0105 sk\u00f3r\u0119 \u2014 i korzystaj z ekskluzywnych comiesi\u0119cznych ofert na nasze bestsellerowe produkty LR Aloe Vera.\nRozpocznij swoj\u0105 naturaln\u0105 piel\u0119gnacj\u0119 sk\u00f3ry ju\u017c dzi\u015b i poczuj r\u00f3\u017cnic\u0119.","email":"info@lraloeverashop.eu","telephone":"+49 17670609653","legalName":"Lr Aloe Vera Shop","foundingDate":"2018-04-21","numberOfEmployees":{"@type":"QuantitativeValue","minValue":"1","maxValue":"10"}}]},"product_price_amount":"85.99","product_price_currency":"EUR","og_availability":"instock","product_availability":"instock","product_retailer_item_id":"70103-1PL","product_condition":"new"},"taxonomy_info":{"product_cat":[{"value":1069,"label":"Piel\u0119gnacja Anti Age"},{"value":1073,"label":"Zeitgard Pro"}],"product_tag":[{"value":1123,"label":"Cellulit"}]},"featured_image_src_large":["https:\/\/www.lraloeverashop.eu\/wp-content\/uploads\/2022\/10\/Zeitgard-Pro-massage-tool-1024x1024.jpg",1024,1024,true],"author_info":[],"comment_info":0,"_links":{"self":[{"href":"https:\/\/www.lraloeverashop.eu\/pl\/wp-json\/wp\/v2\/product\/28887","targetHints":{"allow":["GET"]}}],"collection":[{"href":"https:\/\/www.lraloeverashop.eu\/pl\/wp-json\/wp\/v2\/product"}],"about":[{"href":"https:\/\/www.lraloeverashop.eu\/pl\/wp-json\/wp\/v2\/types\/product"}],"replies":[{"embeddable":true,"href":"https:\/\/www.lraloeverashop.eu\/pl\/wp-json\/wp\/v2\/comments?post=28887"}],"wp:featuredmedia":[{"embeddable":true,"href":"https:\/\/www.lraloeverashop.eu\/pl\/wp-json\/wp\/v2\/media\/27057"}],"wp:attachment":[{"href":"https:\/\/www.lraloeverashop.eu\/pl\/wp-json\/wp\/v2\/media?parent=28887"}],"wp:term":[{"taxonomy":"product_brand","embeddable":true,"href":"https:\/\/www.lraloeverashop.eu\/pl\/wp-json\/wp\/v2\/product_brand?post=28887"},{"taxonomy":"product_cat","embeddable":true,"href":"https:\/\/www.lraloeverashop.eu\/pl\/wp-json\/wp\/v2\/product_cat?post=28887"},{"taxonomy":"product_tag","embeddable":true,"href":"https:\/\/www.lraloeverashop.eu\/pl\/wp-json\/wp\/v2\/product_tag?post=28887"}],"curies":[{"name":"wp","href":"https:\/\/api.w.org\/{rel}","templated":true}]}}