{"id":28884,"date":"2022-12-03T19:15:12","date_gmt":"2022-12-03T18:15:12","guid":{"rendered":"https:\/\/www.lraloeverashop.eu\/product\/krem-po-opalaniu-z-aloesem\/"},"modified":"2025-09-04T05:27:58","modified_gmt":"2025-09-04T03:27:58","slug":"krem-po-opalaniu-z-aloesem","status":"publish","type":"product","link":"https:\/\/www.lraloeverashop.eu\/pl\/produkt\/krem-po-opalaniu-z-aloesem\/","title":{"rendered":"Krem po Opalaniu z Aloesem"},"content":{"rendered":"<h2><span style=\"font-size: 16pt;\"><strong>Krem po Opalaniu z Aloesem<\/strong><\/span><\/h2>\n<p><span style=\"font-size: 16px;\"><strong>Krem po Opalaniu z Aloesem dzia\u0142a koj\u0105co i wspomaga sk\u00f3r\u0119 w regeneracji po opalaniu<\/strong><\/span><\/p>\n<p>Po d\u0142ugim dniu sp\u0119dzonym na s\u0142o\u0144cu Twoja sk\u00f3ra potrzebuje czego\u015b wi\u0119cej ni\u017c tylko odpoczynku. Pragnie g\u0142\u0119bokiego nawil\u017cenia i koj\u0105cej ulgi. Krem po Opalaniu z Aloesem od LR Health &amp; Beauty to idealne rozwi\u0105zanie dla sk\u00f3ry zestresowanej s\u0142o\u0144cem. Ten wyj\u0105tkowy \u017cel-krem zawiera 70% czystego aloesu, kt\u00f3ry s\u0142ynie ze swojej zdolno\u015bci uspokajaj\u0105cej, nawil\u017caj\u0105cej i wspieraj\u0105cej naturalny proces gojenia si\u0119 sk\u00f3ry.<\/p>\n<p>Aloes dzia\u0142a cuda w zmniejszaniu stan\u00f3w zapalnych i zaczerwienie\u0144, jednocze\u015bnie pomagaj\u0105c sk\u00f3rze zatrzyma\u0107 wilgo\u0107. To sprawia, \u017ce jest idealnym towarzyszem po opalaniu, zw\u0142aszcza je\u015bli Twoja sk\u00f3ra jest sucha, napi\u0119ta lub podra\u017cniona.<\/p>\n<h3><strong><span style=\"font-size: 16pt;\">Dlaczego Krem po Opalaniu z Aloesem wyr\u00f3\u017cnia si\u0119:<\/span><\/strong><\/h3>\n<ul>\n<li><strong>Organiczny ekstrakt z ananasa<\/strong>: Ananas jest nie tylko pyszny &#8211; jest bogaty w enzymy, minera\u0142y i witaminy, kt\u00f3re wspomagaj\u0105 regeneracj\u0119 sk\u00f3ry, pozostawiaj\u0105c j\u0105 mi\u0119kk\u0105 i g\u0142adk\u0105.<\/li>\n<li><strong>Technologia kropelek wody<\/strong>: Poczuj ch\u0142odne, orze\u017awiaj\u0105ce uczucie, gdy \u017cel uwalnia mikrokropelki wody, zapewniaj\u0105c zastrzyk nawil\u017cenia dok\u0142adnie tam, gdzie tego potrzebujesz. Ten efekt ch\u0142odzenia pomaga z\u0142agodzi\u0107 ciep\u0142o i dyskomfort zwi\u0105zany z ekspozycj\u0105 na s\u0142o\u0144ce.<\/li>\n<li><strong>Niet\u0142usty i szybko si\u0119 wch\u0142aniaj\u0105cy<\/strong>: Lekka, \u017celowa konsystencja jest \u0142atwa do na\u0142o\u017cenia i szybko wch\u0142ania si\u0119 w sk\u00f3r\u0119, nie pozostawiaj\u0105c lepkiej pozosta\u0142o\u015bci. Mo\u017cesz cieszy\u0107 si\u0119 jedwabi\u015bcie g\u0142adk\u0105 sk\u00f3r\u0105, nie czekaj\u0105c, a\u017c ci\u0119\u017cki krem opadnie.<\/li>\n<\/ul>\n<h4><strong><span style=\"font-size: 16pt;\">Kluczowe korzy\u015bci:<\/span><\/strong><\/h4>\n<ul>\n<li>G\u0142\u0119boko nawil\u017ca i uspokaja sk\u00f3r\u0119 wystawion\u0105 na dzia\u0142anie promieni s\u0142onecznych.<\/li>\n<li>Krem po Opalaniu z Aloesem Wspomaga regeneracj\u0119 sk\u00f3ry dzi\u0119ki naturalnym sk\u0142adnikom.<\/li>\n<li>Nie zawiera szkodliwych substancji chemicznych, takich jak parabeny i oleje mineralne, dzi\u0119ki czemu nadaje si\u0119 nawet do wra\u017cliwej sk\u00f3ry.<\/li>\n<li>\u0141atwy i przyjemny w aplikacji, pozostawiaj\u0105c sk\u00f3r\u0119 \u015bwie\u017c\u0105 i zrewitalizowan\u0105.<\/li>\n<\/ul>\n<h3><strong><span style=\"font-size: 16pt;\">Spos\u00f3b u\u017cycia<\/span><\/strong><\/h3>\n<p>Nak\u0142adaj obficie na czyst\u0105, such\u0105 sk\u00f3r\u0119 po ekspozycji na s\u0142o\u0144ce. Wmasuj \u017cel okr\u0119\u017cnymi ruchami, a\u017c do ca\u0142kowitego wch\u0142oni\u0119cia. Nak\u0142adaj ponownie w razie potrzeby, aby uzyska\u0107 maksymalne nawil\u017cenie i komfort.<\/p>\n<h3><strong><span style=\"font-size: 16pt;\">Plusy:<\/span><\/strong><\/h3>\n<ul>\n<li><strong>Natychmiastowo \u0142agodzi<\/strong>: Wysokie st\u0119\u017cenie aloesu po opalaniu zapewnia szybk\u0105 ulg\u0119 w oparzeniach s\u0142onecznych i podra\u017cnieniach.<\/li>\n<li><strong>Uczucie ch\u0142odzenia<\/strong>: Dzi\u0119ki technologii kropelek wody poczujesz natychmiastow\u0105, d\u0142ugotrwa\u0142\u0105 \u015bwie\u017co\u015b\u0107, kt\u00f3ra o\u017cywi Twoj\u0105 sk\u00f3r\u0119.<\/li>\n<li><strong>Regeneruje i od\u017cywia<\/strong>: Organiczny ekstrakt z ananasa pomaga w naprawie uszkodzonej sk\u00f3ry i utrzymaniu jej mi\u0119kko\u015bci..<\/li>\n<li><strong>Nie zawiera chemikali\u00f3w<\/strong>: Bezpieczny dla wszystkich rodzaj\u00f3w sk\u00f3ry, nawet najbardziej wra\u017cliwej.<\/li>\n<\/ul>\n<h3><strong><span style=\"font-size: 16pt;\">Utrzymuj swoj\u0105 sk\u00f3r\u0119 zdrow\u0105 i szcz\u0119\u015bliw\u0105<\/span><\/strong><\/h3>\n<p>Nie pozw\u00f3l, aby oparzenia s\u0142oneczne zrujnowa\u0142y Ci letni\u0105 zabaw\u0119. Zadbaj o swoj\u0105 sk\u00f3r\u0119, u\u017cyj Krem po Opalaniu z Aloesem od LR Health &amp; Beauty. Niezale\u017cnie od tego, czy sp\u0119dzi\u0142a\u015b godziny na pla\u017cy, czy po prostu z\u0142apa\u0142a\u015b promienie s\u0142o\u0144ca w ci\u0105gu dnia, ta piel\u0119gnacja po opalaniu sprawi, \u017ce Twoja sk\u00f3ra pozostanie g\u0142adka, nawil\u017cona i wolna od podra\u017cnie\u0144.<\/p>\n<p><strong>Zam\u00f3w teraz i ciesz si\u0119 d\u0142ugotrwa\u0142\u0105, ch\u0142odz\u0105c\u0105 i od\u017cywcz\u0105 piel\u0119gnacj\u0105 po opalaniu!<\/strong><\/p>\n<p>&nbsp;<\/p>\n","protected":false},"excerpt":{"rendered":"<ul>\n<li>Lekki, ch\u0142odz\u0105cy \u017cel-krem do cia\u0142a<\/li>\n<li>Zawiera 70% aloesu i organiczny ekstrakt z ananasa<\/li>\n<li>Dzia\u0142a koj\u0105co i wspomaga sk\u00f3r\u0119 w regeneracji po opalaniu<\/li>\n<li>Technologia kropelek wody zapewniaj\u0105ca maksymalne nawil\u017cenie i ch\u0142odz\u0105c\u0105 \u015bwie\u017co\u015b\u0107<\/li>\n<li>Przyjemna aplikacja<\/li>\n<li>Zawarto\u015b\u0107: 200 ml<\/li>\n<\/ul>\n<p>&nbsp;<\/p>\n","protected":false},"featured_media":27036,"comment_status":"open","ping_status":"closed","template":"","meta":{"_kad_blocks_custom_css":"","_kad_blocks_head_custom_js":"","_kad_blocks_body_custom_js":"","_kad_blocks_footer_custom_js":"","_kadence_starter_templates_imported_post":false,"_kad_post_transparent":"default","_kad_post_title":"","_kad_post_layout":"default","_kad_post_sidebar_id":"","_kad_post_content_style":"default","_kad_post_vertical_padding":"default","_kad_post_feature":"","_kad_post_feature_position":"","_kad_post_header":false,"_kad_post_footer":false,"_kad_post_classname":""},"product_brand":[],"product_cat":[1059,1068],"product_tag":[1141],"class_list":{"0":"post-28884","1":"product","2":"type-product","3":"status-publish","4":"has-post-thumbnail","6":"product_cat-aloe-vera-pl","7":"product_cat-ochrona-przeciwsloneczna","8":"product_tag-krem-z-filtrem","10":"first","11":"instock","12":"taxable","13":"shipping-taxable","14":"purchasable","15":"product-type-simple","16":"entry","17":"content-bg","18":"loop-entry"},"yoast_head":"<!-- This site is optimized with the Yoast SEO Premium plugin v27.4 (Yoast SEO v27.4) - https:\/\/yoast.com\/product\/yoast-seo-premium-wordpress\/ -->\n<title>Krem po Opalaniu z Aloesem wspomaga sk\u00f3r\u0119 w regeneracji<\/title>\n<meta name=\"description\" content=\"Krem po Opalaniu z Aloesem i organicznym ekstraktem z ananasa, \u0142agodzi i wspomaga regeneracj\u0119 sk\u00f3ry po opalaniu. Z 70% \u017celem aloesowym. Kup ju\u017c teraz!\" \/>\n<meta name=\"robots\" content=\"index, follow, max-snippet:-1, max-image-preview:large, max-video-preview:-1\" \/>\n<link rel=\"canonical\" href=\"https:\/\/www.lraloeverashop.eu\/pl\/produkt\/krem-po-opalaniu-z-aloesem\/\" \/>\n<meta property=\"og:locale\" content=\"pl_PL\" \/>\n<meta property=\"og:type\" content=\"article\" \/>\n<meta property=\"og:title\" content=\"Krem po Opalaniu z Aloesem\" \/>\n<meta property=\"og:description\" content=\"Krem po Opalaniu z Aloesem i organicznym ekstraktem z ananasa, \u0142agodzi i wspomaga regeneracj\u0119 sk\u00f3ry po opalaniu. Z 70% \u017celem aloesowym. Kup ju\u017c teraz!\" \/>\n<meta property=\"og:url\" content=\"https:\/\/www.lraloeverashop.eu\/pl\/produkt\/krem-po-opalaniu-z-aloesem\/\" \/>\n<meta property=\"og:site_name\" content=\"Lr Aloe Vera Shop\" \/>\n<meta property=\"article:publisher\" content=\"https:\/\/www.facebook.com\/lraloeverashop.eu\" \/>\n<meta property=\"article:modified_time\" content=\"2025-09-04T03:27:58+00:00\" \/>\n<meta property=\"og:image\" content=\"https:\/\/www.lraloeverashop.eu\/wp-content\/uploads\/2022\/12\/Aloe-Vera-After-Sun-Gel-Cream.jpg\" \/>\n\t<meta property=\"og:image:width\" content=\"1200\" \/>\n\t<meta property=\"og:image:height\" content=\"1200\" \/>\n\t<meta property=\"og:image:type\" content=\"image\/jpeg\" \/>\n<meta name=\"twitter:card\" content=\"summary_large_image\" \/>\n<meta name=\"twitter:site\" content=\"@natur__kosmetik\" \/>\n<script type=\"application\/ld+json\" class=\"yoast-schema-graph\">{\"@context\":\"https:\\\/\\\/schema.org\",\"@graph\":[{\"@type\":[\"WebPage\",\"ItemPage\"],\"@id\":\"https:\\\/\\\/www.lraloeverashop.eu\\\/pl\\\/produkt\\\/krem-po-opalaniu-z-aloesem\\\/\",\"url\":\"https:\\\/\\\/www.lraloeverashop.eu\\\/pl\\\/produkt\\\/krem-po-opalaniu-z-aloesem\\\/\",\"name\":\"Krem po Opalaniu z Aloesem wspomaga sk\u00f3r\u0119 w regeneracji\",\"isPartOf\":{\"@id\":\"https:\\\/\\\/www.lraloeverashop.eu\\\/pl\\\/#website\"},\"primaryImageOfPage\":{\"@id\":\"https:\\\/\\\/www.lraloeverashop.eu\\\/pl\\\/produkt\\\/krem-po-opalaniu-z-aloesem\\\/#primaryimage\"},\"image\":{\"@id\":\"https:\\\/\\\/www.lraloeverashop.eu\\\/pl\\\/produkt\\\/krem-po-opalaniu-z-aloesem\\\/#primaryimage\"},\"thumbnailUrl\":\"https:\\\/\\\/www.lraloeverashop.eu\\\/wp-content\\\/uploads\\\/2022\\\/12\\\/Aloe-Vera-After-Sun-Gel-Cream.jpg\",\"datePublished\":\"2022-12-03T18:15:12+00:00\",\"dateModified\":\"2025-09-04T03:27:58+00:00\",\"description\":\"Krem po Opalaniu z Aloesem i organicznym ekstraktem z ananasa, \u0142agodzi i wspomaga regeneracj\u0119 sk\u00f3ry po opalaniu. Z 70% \u017celem aloesowym. Kup ju\u017c teraz!\",\"breadcrumb\":{\"@id\":\"https:\\\/\\\/www.lraloeverashop.eu\\\/pl\\\/produkt\\\/krem-po-opalaniu-z-aloesem\\\/#breadcrumb\"},\"inLanguage\":\"pl-PL\",\"potentialAction\":[{\"@type\":\"ReadAction\",\"target\":[\"https:\\\/\\\/www.lraloeverashop.eu\\\/pl\\\/produkt\\\/krem-po-opalaniu-z-aloesem\\\/\"]}]},{\"@type\":\"ImageObject\",\"inLanguage\":\"pl-PL\",\"@id\":\"https:\\\/\\\/www.lraloeverashop.eu\\\/pl\\\/produkt\\\/krem-po-opalaniu-z-aloesem\\\/#primaryimage\",\"url\":\"https:\\\/\\\/www.lraloeverashop.eu\\\/wp-content\\\/uploads\\\/2022\\\/12\\\/Aloe-Vera-After-Sun-Gel-Cream.jpg\",\"contentUrl\":\"https:\\\/\\\/www.lraloeverashop.eu\\\/wp-content\\\/uploads\\\/2022\\\/12\\\/Aloe-Vera-After-Sun-Gel-Cream.jpg\",\"width\":1200,\"height\":1200,\"caption\":\"Aloe Vera ch\u0142odz\u0105cy krem po opalaniu z aloesem\"},{\"@type\":\"BreadcrumbList\",\"@id\":\"https:\\\/\\\/www.lraloeverashop.eu\\\/pl\\\/produkt\\\/krem-po-opalaniu-z-aloesem\\\/#breadcrumb\",\"itemListElement\":[{\"@type\":\"ListItem\",\"position\":1,\"name\":\"Home\",\"item\":\"https:\\\/\\\/www.lraloeverashop.eu\\\/pl\\\/\"},{\"@type\":\"ListItem\",\"position\":2,\"name\":\"Sklep\",\"item\":\"https:\\\/\\\/www.lraloeverashop.eu\\\/shop\\\/\"},{\"@type\":\"ListItem\",\"position\":3,\"name\":\"Krem po Opalaniu z Aloesem\"}]},{\"@type\":\"WebSite\",\"@id\":\"https:\\\/\\\/www.lraloeverashop.eu\\\/pl\\\/#website\",\"url\":\"https:\\\/\\\/www.lraloeverashop.eu\\\/pl\\\/\",\"name\":\"Lr Aloe Vera Shop\",\"description\":\"High Quality Lr Aloe Vera Gel, Aloe Vera Cream and Shampoo\",\"publisher\":{\"@id\":\"https:\\\/\\\/www.lraloeverashop.eu\\\/pl\\\/#organization\"},\"potentialAction\":[{\"@type\":\"SearchAction\",\"target\":{\"@type\":\"EntryPoint\",\"urlTemplate\":\"https:\\\/\\\/www.lraloeverashop.eu\\\/pl\\\/?s={search_term_string}\"},\"query-input\":{\"@type\":\"PropertyValueSpecification\",\"valueRequired\":true,\"valueName\":\"search_term_string\"}}],\"inLanguage\":\"pl-PL\"},{\"@type\":\"Organization\",\"@id\":\"https:\\\/\\\/www.lraloeverashop.eu\\\/pl\\\/#organization\",\"name\":\"Sklep Lr Aloe Vera\",\"alternateName\":\"LR\",\"url\":\"https:\\\/\\\/www.lraloeverashop.eu\\\/pl\\\/\",\"logo\":{\"@type\":\"ImageObject\",\"inLanguage\":\"pl-PL\",\"@id\":\"https:\\\/\\\/www.lraloeverashop.eu\\\/pl\\\/#\\\/schema\\\/logo\\\/image\\\/\",\"url\":\"https:\\\/\\\/www.lraloeverashop.eu\\\/wp-content\\\/uploads\\\/2022\\\/09\\\/cropped-Lr-Aloe-Vera-Shop.jpg\",\"contentUrl\":\"https:\\\/\\\/www.lraloeverashop.eu\\\/wp-content\\\/uploads\\\/2022\\\/09\\\/cropped-Lr-Aloe-Vera-Shop.jpg\",\"width\":228,\"height\":76,\"caption\":\"Sklep Lr Aloe Vera\"},\"image\":{\"@id\":\"https:\\\/\\\/www.lraloeverashop.eu\\\/pl\\\/#\\\/schema\\\/logo\\\/image\\\/\"},\"sameAs\":[\"https:\\\/\\\/www.facebook.com\\\/lraloeverashop.eu\",\"https:\\\/\\\/x.com\\\/natur__kosmetik\",\"https:\\\/\\\/www.youtube.com\\\/channel\\\/UC5oN7BJ8nfYb8RpVtjwDEBA\",\"https:\\\/\\\/www.instagram.com\\\/lrbeautyeu\\\/\"],\"description\":\"Sklep LR Aloe Vera to Twoje zaufane \u017ar\u00f3d\u0142o wysokiej jako\u015bci produkt\u00f3w LR Health & Beauty wyprodukowanych w Niemczech. Oferujemy wysokiej jako\u015bci produkty do piel\u0119gnacji sk\u00f3ry, od\u017cywiania i przeciwstarzeniowe z aloesem, stworzone z czystych sk\u0142adnik\u00f3w i poparte badaniami naukowymi. Odkryj naturaln\u0105 piel\u0119gnacj\u0119, kt\u00f3ra regeneruje, chroni i rewitalizuje Twoj\u0105 sk\u00f3r\u0119 \u2014 i korzystaj z ekskluzywnych comiesi\u0119cznych ofert na nasze bestsellerowe produkty LR Aloe Vera.\\nRozpocznij swoj\u0105 naturaln\u0105 piel\u0119gnacj\u0119 sk\u00f3ry ju\u017c dzi\u015b i poczuj r\u00f3\u017cnic\u0119.\",\"email\":\"info@lraloeverashop.eu\",\"telephone\":\"+49 17670609653\",\"legalName\":\"Lr Aloe Vera Shop\",\"foundingDate\":\"2018-04-21\",\"numberOfEmployees\":{\"@type\":\"QuantitativeValue\",\"minValue\":\"1\",\"maxValue\":\"10\"}}]}<\/script>\n<meta property=\"product:price:amount\" content=\"21.99\" \/>\n<meta property=\"product:price:currency\" content=\"EUR\" \/>\n<meta property=\"og:availability\" content=\"instock\" \/>\n<meta property=\"product:availability\" content=\"instock\" \/>\n<meta property=\"product:retailer_item_id\" content=\"23116-101PL\" \/>\n<meta property=\"product:condition\" content=\"new\" \/>\n<!-- \/ Yoast SEO Premium plugin. -->","yoast_head_json":{"title":"Krem po Opalaniu z Aloesem wspomaga sk\u00f3r\u0119 w regeneracji","description":"Krem po Opalaniu z Aloesem i organicznym ekstraktem z ananasa, \u0142agodzi i wspomaga regeneracj\u0119 sk\u00f3ry po opalaniu. Z 70% \u017celem aloesowym. Kup ju\u017c teraz!","robots":{"index":"index","follow":"follow","max-snippet":"max-snippet:-1","max-image-preview":"max-image-preview:large","max-video-preview":"max-video-preview:-1"},"canonical":"https:\/\/www.lraloeverashop.eu\/pl\/produkt\/krem-po-opalaniu-z-aloesem\/","og_locale":"pl_PL","og_type":"article","og_title":"Krem po Opalaniu z Aloesem","og_description":"Krem po Opalaniu z Aloesem i organicznym ekstraktem z ananasa, \u0142agodzi i wspomaga regeneracj\u0119 sk\u00f3ry po opalaniu. Z 70% \u017celem aloesowym. Kup ju\u017c teraz!","og_url":"https:\/\/www.lraloeverashop.eu\/pl\/produkt\/krem-po-opalaniu-z-aloesem\/","og_site_name":"Lr Aloe Vera Shop","article_publisher":"https:\/\/www.facebook.com\/lraloeverashop.eu","article_modified_time":"2025-09-04T03:27:58+00:00","og_image":[{"width":1200,"height":1200,"url":"https:\/\/www.lraloeverashop.eu\/wp-content\/uploads\/2022\/12\/Aloe-Vera-After-Sun-Gel-Cream.jpg","type":"image\/jpeg"}],"twitter_card":"summary_large_image","twitter_site":"@natur__kosmetik","schema":{"@context":"https:\/\/schema.org","@graph":[{"@type":["WebPage","ItemPage"],"@id":"https:\/\/www.lraloeverashop.eu\/pl\/produkt\/krem-po-opalaniu-z-aloesem\/","url":"https:\/\/www.lraloeverashop.eu\/pl\/produkt\/krem-po-opalaniu-z-aloesem\/","name":"Krem po Opalaniu z Aloesem wspomaga sk\u00f3r\u0119 w regeneracji","isPartOf":{"@id":"https:\/\/www.lraloeverashop.eu\/pl\/#website"},"primaryImageOfPage":{"@id":"https:\/\/www.lraloeverashop.eu\/pl\/produkt\/krem-po-opalaniu-z-aloesem\/#primaryimage"},"image":{"@id":"https:\/\/www.lraloeverashop.eu\/pl\/produkt\/krem-po-opalaniu-z-aloesem\/#primaryimage"},"thumbnailUrl":"https:\/\/www.lraloeverashop.eu\/wp-content\/uploads\/2022\/12\/Aloe-Vera-After-Sun-Gel-Cream.jpg","datePublished":"2022-12-03T18:15:12+00:00","dateModified":"2025-09-04T03:27:58+00:00","description":"Krem po Opalaniu z Aloesem i organicznym ekstraktem z ananasa, \u0142agodzi i wspomaga regeneracj\u0119 sk\u00f3ry po opalaniu. Z 70% \u017celem aloesowym. Kup ju\u017c teraz!","breadcrumb":{"@id":"https:\/\/www.lraloeverashop.eu\/pl\/produkt\/krem-po-opalaniu-z-aloesem\/#breadcrumb"},"inLanguage":"pl-PL","potentialAction":[{"@type":"ReadAction","target":["https:\/\/www.lraloeverashop.eu\/pl\/produkt\/krem-po-opalaniu-z-aloesem\/"]}]},{"@type":"ImageObject","inLanguage":"pl-PL","@id":"https:\/\/www.lraloeverashop.eu\/pl\/produkt\/krem-po-opalaniu-z-aloesem\/#primaryimage","url":"https:\/\/www.lraloeverashop.eu\/wp-content\/uploads\/2022\/12\/Aloe-Vera-After-Sun-Gel-Cream.jpg","contentUrl":"https:\/\/www.lraloeverashop.eu\/wp-content\/uploads\/2022\/12\/Aloe-Vera-After-Sun-Gel-Cream.jpg","width":1200,"height":1200,"caption":"Aloe Vera ch\u0142odz\u0105cy krem po opalaniu z aloesem"},{"@type":"BreadcrumbList","@id":"https:\/\/www.lraloeverashop.eu\/pl\/produkt\/krem-po-opalaniu-z-aloesem\/#breadcrumb","itemListElement":[{"@type":"ListItem","position":1,"name":"Home","item":"https:\/\/www.lraloeverashop.eu\/pl\/"},{"@type":"ListItem","position":2,"name":"Sklep","item":"https:\/\/www.lraloeverashop.eu\/shop\/"},{"@type":"ListItem","position":3,"name":"Krem po Opalaniu z Aloesem"}]},{"@type":"WebSite","@id":"https:\/\/www.lraloeverashop.eu\/pl\/#website","url":"https:\/\/www.lraloeverashop.eu\/pl\/","name":"Lr Aloe Vera Shop","description":"High Quality Lr Aloe Vera Gel, Aloe Vera Cream and Shampoo","publisher":{"@id":"https:\/\/www.lraloeverashop.eu\/pl\/#organization"},"potentialAction":[{"@type":"SearchAction","target":{"@type":"EntryPoint","urlTemplate":"https:\/\/www.lraloeverashop.eu\/pl\/?s={search_term_string}"},"query-input":{"@type":"PropertyValueSpecification","valueRequired":true,"valueName":"search_term_string"}}],"inLanguage":"pl-PL"},{"@type":"Organization","@id":"https:\/\/www.lraloeverashop.eu\/pl\/#organization","name":"Sklep Lr Aloe Vera","alternateName":"LR","url":"https:\/\/www.lraloeverashop.eu\/pl\/","logo":{"@type":"ImageObject","inLanguage":"pl-PL","@id":"https:\/\/www.lraloeverashop.eu\/pl\/#\/schema\/logo\/image\/","url":"https:\/\/www.lraloeverashop.eu\/wp-content\/uploads\/2022\/09\/cropped-Lr-Aloe-Vera-Shop.jpg","contentUrl":"https:\/\/www.lraloeverashop.eu\/wp-content\/uploads\/2022\/09\/cropped-Lr-Aloe-Vera-Shop.jpg","width":228,"height":76,"caption":"Sklep Lr Aloe Vera"},"image":{"@id":"https:\/\/www.lraloeverashop.eu\/pl\/#\/schema\/logo\/image\/"},"sameAs":["https:\/\/www.facebook.com\/lraloeverashop.eu","https:\/\/x.com\/natur__kosmetik","https:\/\/www.youtube.com\/channel\/UC5oN7BJ8nfYb8RpVtjwDEBA","https:\/\/www.instagram.com\/lrbeautyeu\/"],"description":"Sklep LR Aloe Vera to Twoje zaufane \u017ar\u00f3d\u0142o wysokiej jako\u015bci produkt\u00f3w LR Health & Beauty wyprodukowanych w Niemczech. Oferujemy wysokiej jako\u015bci produkty do piel\u0119gnacji sk\u00f3ry, od\u017cywiania i przeciwstarzeniowe z aloesem, stworzone z czystych sk\u0142adnik\u00f3w i poparte badaniami naukowymi. Odkryj naturaln\u0105 piel\u0119gnacj\u0119, kt\u00f3ra regeneruje, chroni i rewitalizuje Twoj\u0105 sk\u00f3r\u0119 \u2014 i korzystaj z ekskluzywnych comiesi\u0119cznych ofert na nasze bestsellerowe produkty LR Aloe Vera.\nRozpocznij swoj\u0105 naturaln\u0105 piel\u0119gnacj\u0119 sk\u00f3ry ju\u017c dzi\u015b i poczuj r\u00f3\u017cnic\u0119.","email":"info@lraloeverashop.eu","telephone":"+49 17670609653","legalName":"Lr Aloe Vera Shop","foundingDate":"2018-04-21","numberOfEmployees":{"@type":"QuantitativeValue","minValue":"1","maxValue":"10"}}]},"product_price_amount":"21.99","product_price_currency":"EUR","og_availability":"instock","product_availability":"instock","product_retailer_item_id":"23116-101PL","product_condition":"new"},"taxonomy_info":{"product_cat":[{"value":1059,"label":"Aloe Vera"},{"value":1068,"label":"Ochrona przeciws\u0142oneczna"}],"product_tag":[{"value":1141,"label":"krem z filtrem"}]},"featured_image_src_large":["https:\/\/www.lraloeverashop.eu\/wp-content\/uploads\/2022\/12\/Aloe-Vera-After-Sun-Gel-Cream-1024x1024.jpg",1024,1024,true],"author_info":[],"comment_info":0,"_links":{"self":[{"href":"https:\/\/www.lraloeverashop.eu\/pl\/wp-json\/wp\/v2\/product\/28884","targetHints":{"allow":["GET"]}}],"collection":[{"href":"https:\/\/www.lraloeverashop.eu\/pl\/wp-json\/wp\/v2\/product"}],"about":[{"href":"https:\/\/www.lraloeverashop.eu\/pl\/wp-json\/wp\/v2\/types\/product"}],"replies":[{"embeddable":true,"href":"https:\/\/www.lraloeverashop.eu\/pl\/wp-json\/wp\/v2\/comments?post=28884"}],"wp:featuredmedia":[{"embeddable":true,"href":"https:\/\/www.lraloeverashop.eu\/pl\/wp-json\/wp\/v2\/media\/27036"}],"wp:attachment":[{"href":"https:\/\/www.lraloeverashop.eu\/pl\/wp-json\/wp\/v2\/media?parent=28884"}],"wp:term":[{"taxonomy":"product_brand","embeddable":true,"href":"https:\/\/www.lraloeverashop.eu\/pl\/wp-json\/wp\/v2\/product_brand?post=28884"},{"taxonomy":"product_cat","embeddable":true,"href":"https:\/\/www.lraloeverashop.eu\/pl\/wp-json\/wp\/v2\/product_cat?post=28884"},{"taxonomy":"product_tag","embeddable":true,"href":"https:\/\/www.lraloeverashop.eu\/pl\/wp-json\/wp\/v2\/product_tag?post=28884"}],"curies":[{"name":"wp","href":"https:\/\/api.w.org\/{rel}","templated":true}]}}