{"id":28859,"date":"2022-12-03T19:35:56","date_gmt":"2022-12-03T18:35:56","guid":{"rendered":"https:\/\/www.lraloeverashop.eu\/product\/mleczko-do-opalania-50\/"},"modified":"2025-08-21T05:26:12","modified_gmt":"2025-08-21T03:26:12","slug":"mleczko-do-opalania-50","status":"publish","type":"product","link":"https:\/\/www.lraloeverashop.eu\/pl\/produkt\/mleczko-do-opalania-50\/","title":{"rendered":"Mleczko do Opalania 50"},"content":{"rendered":"<h2><span style=\"font-size: 16pt;\"><strong>Mleczko do Opalania 50<\/strong><\/span><\/h2>\n<p><span style=\"font-size: 16px;\"><strong>Mleczko do Opalania 50 z wysok\u0105 ochron\u0105 przeciws\u0142oneczn\u0105 dla wra\u017cliwych typ\u00f3w sk\u00f3ry<\/strong><\/span><\/p>\n<p>\u0141adna pogoda wzywa, torba k\u0105pielowa spakowana! Czy my\u015bla\u0142e\u015b r\u00f3wnie\u017c o ochronie przeciws\u0142onecznej? Osoby o sk\u00f3rze wra\u017cliwej, sk\u0142onnej do oparze\u0144 s\u0142onecznych, a w szczeg\u00f3lno\u015bci dzieci, potrzebuj\u0105 niezawodnej ochrony przeciws\u0142onecznej o najwy\u017cszym mo\u017cliwym wsp\u00f3\u0142czynniku ochrony przeciws\u0142onecznej. Idealny towarzysz w gor\u0105ce letnie dni: Aloesowe Mleczko do Opalania 50.<\/p>\n<p>Dzi\u0119ki wysokiemu wsp\u00f3\u0142czynnikowi ochrony przeciws\u0142onecznej i 40% sk\u0142adnik\u00f3w piel\u0119gnacyjnych z aloesu, Mleczko do Opalania 50 idealnie chroni i piel\u0119gnuje wra\u017cliw\u0105 sk\u00f3r\u0119 w gor\u0105ce letnie dni. Ananas jest znany ze swoich enzym\u00f3w, minera\u0142\u00f3w i witamin, kt\u00f3re mog\u0105 wspomaga\u0107 regeneracj\u0119 sk\u00f3ry.<\/p>\n<p>Innowacyjna konsystencja dry-touch sprawia, \u017ce balsam szybko si\u0119 wch\u0142ania, nie b\u0142yszczy, nie klei si\u0119 i nie pozostawia bia\u0142ego osadu na sk\u00f3rze.<\/p>\n<h3><strong><span style=\"font-size: 16pt;\">Spos\u00f3b u\u017cycia<\/span><\/strong><\/h3>\n<p>Nak\u0142adaj obficie co najmniej 30 minut przed opalaniem. Do\u0142aduj w razie potrzeby.<\/p>\n<h4><strong><span style=\"font-size: 16pt;\">Czy o tym wiedzia\u0142e\u015b?<\/span><\/strong><\/h4>\n<p>Wsp\u00f3\u0142czynnik ochrony przeciws\u0142onecznej wskazuje, o ile d\u0142u\u017cej teoretycznie mo\u017cna opala\u0107 si\u0119 z balsamem do opalania bez oparze\u0144 s\u0142onecznych ni\u017c bez balsamu do opalania.<\/p>\n<p>Mo\u017cesz obliczy\u0107: SPF * czas samoobrony. Na przyk\u0142ad, je\u015bli Tw\u00f3j czas samoobrony wynosi 5 minut, oblicz: 20 x 5 minut = 100 minut.<br \/>\n<strong>Wa\u017cne:<\/strong> Ka\u017cdy rodzaj sk\u00f3ry jest inny, podobnie jak ekspozycja na s\u0142o\u0144ce. Mleczko do Opalania 50 nie zast\u0105pi parasola, koszulki czy kapelusza przeciws\u0142onecznego.<\/p>\n<p>Aby chroni\u0107 si\u0119 r\u00f3wnie\u017c przed d\u0142ugotrwa\u0142ymi uszkodzeniami s\u0142onecznymi, nigdy nie nale\u017cy w pe\u0142ni korzysta\u0107 z okresu ochrony przeciws\u0142onecznej i cz\u0119\u015bciej szuka\u0107 cienia.<\/p>\n","protected":false},"excerpt":{"rendered":"<ul>\n<li>Wodoodporny balsam do jasnej, wra\u017cliwej sk\u00f3ry<\/li>\n<li>Zawiera 40% aloesu i organiczny ekstrakt z ananasa<\/li>\n<li>Chroni sk\u00f3r\u0119 przed promieniami UVA i UVB<\/li>\n<li>Intensywnie od\u017cywia i nawil\u017ca<\/li>\n<li>Z efektem suchego dotyku: szybko si\u0119 wch\u0142ania, nie b\u0142yszczy, nie klei si\u0119, nie wybiela<\/li>\n<li>Zawarto\u015b\u0107: 75 ml<\/li>\n<\/ul>\n<p>&nbsp;<\/p>\n","protected":false},"featured_media":27039,"comment_status":"open","ping_status":"closed","template":"","meta":{"_kad_blocks_custom_css":"","_kad_blocks_head_custom_js":"","_kad_blocks_body_custom_js":"","_kad_blocks_footer_custom_js":"","_kadence_starter_templates_imported_post":false,"_kad_post_transparent":"default","_kad_post_title":"","_kad_post_layout":"default","_kad_post_sidebar_id":"","_kad_post_content_style":"default","_kad_post_vertical_padding":"default","_kad_post_feature":"","_kad_post_feature_position":"","_kad_post_header":false,"_kad_post_footer":false,"_kad_post_classname":""},"product_brand":[],"product_cat":[1059,1068],"product_tag":[1141],"class_list":{"0":"post-28859","1":"product","2":"type-product","3":"status-publish","4":"has-post-thumbnail","6":"product_cat-aloe-vera-pl","7":"product_cat-ochrona-przeciwsloneczna","8":"product_tag-krem-z-filtrem","10":"first","11":"instock","12":"taxable","13":"shipping-taxable","14":"purchasable","15":"product-type-simple","16":"entry","17":"content-bg","18":"loop-entry"},"yoast_head":"<!-- This site is optimized with the Yoast SEO Premium plugin v27.3 (Yoast SEO v27.3) - https:\/\/yoast.com\/product\/yoast-seo-premium-wordpress\/ -->\n<title>Mleczko do Opalania 50 \u2013 Wysoka Ochrona dla Wra\u017cliwej Sk\u00f3ry<\/title>\n<meta name=\"description\" content=\"Chro\u0144 swoj\u0105 sk\u00f3r\u0119 i sk\u00f3r\u0119 dziecka przed s\u0142o\u0144cem! Mleczko do Opalania 50 z aloesem i ananasem zapewnia skuteczn\u0105 ochron\u0119, nawil\u017cenie i szybkie wch\u0142anianie\" \/>\n<meta name=\"robots\" content=\"index, follow, max-snippet:-1, max-image-preview:large, max-video-preview:-1\" \/>\n<link rel=\"canonical\" href=\"https:\/\/www.lraloeverashop.eu\/pl\/produkt\/mleczko-do-opalania-50\/\" \/>\n<meta property=\"og:locale\" content=\"pl_PL\" \/>\n<meta property=\"og:type\" content=\"article\" \/>\n<meta property=\"og:title\" content=\"Mleczko do Opalania 50\" \/>\n<meta property=\"og:description\" content=\"Chro\u0144 swoj\u0105 sk\u00f3r\u0119 i sk\u00f3r\u0119 dziecka przed s\u0142o\u0144cem! Mleczko do Opalania 50 z aloesem i ananasem zapewnia skuteczn\u0105 ochron\u0119, nawil\u017cenie i szybkie wch\u0142anianie\" \/>\n<meta property=\"og:url\" content=\"https:\/\/www.lraloeverashop.eu\/pl\/produkt\/mleczko-do-opalania-50\/\" \/>\n<meta property=\"og:site_name\" content=\"Lr Aloe Vera Shop\" \/>\n<meta property=\"article:publisher\" content=\"https:\/\/www.facebook.com\/lraloeverashop.eu\" \/>\n<meta property=\"article:modified_time\" content=\"2025-08-21T03:26:12+00:00\" \/>\n<meta property=\"og:image\" content=\"https:\/\/www.lraloeverashop.eu\/wp-content\/uploads\/2022\/12\/Aloe-Vera-High-Protection-Sun-Lotion.jpg\" \/>\n\t<meta property=\"og:image:width\" content=\"1200\" \/>\n\t<meta property=\"og:image:height\" content=\"1200\" \/>\n\t<meta property=\"og:image:type\" content=\"image\/jpeg\" \/>\n<meta name=\"twitter:card\" content=\"summary_large_image\" \/>\n<meta name=\"twitter:site\" content=\"@natur__kosmetik\" \/>\n<script type=\"application\/ld+json\" class=\"yoast-schema-graph\">{\"@context\":\"https:\\\/\\\/schema.org\",\"@graph\":[{\"@type\":[\"WebPage\",\"ItemPage\"],\"@id\":\"https:\\\/\\\/www.lraloeverashop.eu\\\/pl\\\/produkt\\\/mleczko-do-opalania-50\\\/\",\"url\":\"https:\\\/\\\/www.lraloeverashop.eu\\\/pl\\\/produkt\\\/mleczko-do-opalania-50\\\/\",\"name\":\"Mleczko do Opalania 50 \u2013 Wysoka Ochrona dla Wra\u017cliwej Sk\u00f3ry\",\"isPartOf\":{\"@id\":\"https:\\\/\\\/www.lraloeverashop.eu\\\/pl\\\/#website\"},\"primaryImageOfPage\":{\"@id\":\"https:\\\/\\\/www.lraloeverashop.eu\\\/pl\\\/produkt\\\/mleczko-do-opalania-50\\\/#primaryimage\"},\"image\":{\"@id\":\"https:\\\/\\\/www.lraloeverashop.eu\\\/pl\\\/produkt\\\/mleczko-do-opalania-50\\\/#primaryimage\"},\"thumbnailUrl\":\"https:\\\/\\\/www.lraloeverashop.eu\\\/wp-content\\\/uploads\\\/2022\\\/12\\\/Aloe-Vera-High-Protection-Sun-Lotion.jpg\",\"datePublished\":\"2022-12-03T18:35:56+00:00\",\"dateModified\":\"2025-08-21T03:26:12+00:00\",\"description\":\"Chro\u0144 swoj\u0105 sk\u00f3r\u0119 i sk\u00f3r\u0119 dziecka przed s\u0142o\u0144cem! Mleczko do Opalania 50 z aloesem i ananasem zapewnia skuteczn\u0105 ochron\u0119, nawil\u017cenie i szybkie wch\u0142anianie\",\"breadcrumb\":{\"@id\":\"https:\\\/\\\/www.lraloeverashop.eu\\\/pl\\\/produkt\\\/mleczko-do-opalania-50\\\/#breadcrumb\"},\"inLanguage\":\"pl-PL\",\"potentialAction\":[{\"@type\":\"ReadAction\",\"target\":[\"https:\\\/\\\/www.lraloeverashop.eu\\\/pl\\\/produkt\\\/mleczko-do-opalania-50\\\/\"]}]},{\"@type\":\"ImageObject\",\"inLanguage\":\"pl-PL\",\"@id\":\"https:\\\/\\\/www.lraloeverashop.eu\\\/pl\\\/produkt\\\/mleczko-do-opalania-50\\\/#primaryimage\",\"url\":\"https:\\\/\\\/www.lraloeverashop.eu\\\/wp-content\\\/uploads\\\/2022\\\/12\\\/Aloe-Vera-High-Protection-Sun-Lotion.jpg\",\"contentUrl\":\"https:\\\/\\\/www.lraloeverashop.eu\\\/wp-content\\\/uploads\\\/2022\\\/12\\\/Aloe-Vera-High-Protection-Sun-Lotion.jpg\",\"width\":1200,\"height\":1200,\"caption\":\"Aloe Vera mleczko do opalania 50 o wysokiej ochronie\"},{\"@type\":\"BreadcrumbList\",\"@id\":\"https:\\\/\\\/www.lraloeverashop.eu\\\/pl\\\/produkt\\\/mleczko-do-opalania-50\\\/#breadcrumb\",\"itemListElement\":[{\"@type\":\"ListItem\",\"position\":1,\"name\":\"Home\",\"item\":\"https:\\\/\\\/www.lraloeverashop.eu\\\/pl\\\/\"},{\"@type\":\"ListItem\",\"position\":2,\"name\":\"Sklep\",\"item\":\"https:\\\/\\\/www.lraloeverashop.eu\\\/shop\\\/\"},{\"@type\":\"ListItem\",\"position\":3,\"name\":\"Mleczko do Opalania 50\"}]},{\"@type\":\"WebSite\",\"@id\":\"https:\\\/\\\/www.lraloeverashop.eu\\\/pl\\\/#website\",\"url\":\"https:\\\/\\\/www.lraloeverashop.eu\\\/pl\\\/\",\"name\":\"Lr Aloe Vera Shop\",\"description\":\"High Quality Lr Aloe Vera Gel, Aloe Vera Cream and Shampoo\",\"publisher\":{\"@id\":\"https:\\\/\\\/www.lraloeverashop.eu\\\/pl\\\/#organization\"},\"potentialAction\":[{\"@type\":\"SearchAction\",\"target\":{\"@type\":\"EntryPoint\",\"urlTemplate\":\"https:\\\/\\\/www.lraloeverashop.eu\\\/pl\\\/?s={search_term_string}\"},\"query-input\":{\"@type\":\"PropertyValueSpecification\",\"valueRequired\":true,\"valueName\":\"search_term_string\"}}],\"inLanguage\":\"pl-PL\"},{\"@type\":\"Organization\",\"@id\":\"https:\\\/\\\/www.lraloeverashop.eu\\\/pl\\\/#organization\",\"name\":\"Lr Aloe Vera Shop\",\"alternateName\":\"LR\",\"url\":\"https:\\\/\\\/www.lraloeverashop.eu\\\/pl\\\/\",\"logo\":{\"@type\":\"ImageObject\",\"inLanguage\":\"pl-PL\",\"@id\":\"https:\\\/\\\/www.lraloeverashop.eu\\\/pl\\\/#\\\/schema\\\/logo\\\/image\\\/\",\"url\":\"https:\\\/\\\/www.lraloeverashop.eu\\\/wp-content\\\/uploads\\\/2022\\\/09\\\/cropped-Lr-Aloe-Vera-Shop.jpg\",\"contentUrl\":\"https:\\\/\\\/www.lraloeverashop.eu\\\/wp-content\\\/uploads\\\/2022\\\/09\\\/cropped-Lr-Aloe-Vera-Shop.jpg\",\"width\":228,\"height\":76,\"caption\":\"Lr Aloe Vera Shop\"},\"image\":{\"@id\":\"https:\\\/\\\/www.lraloeverashop.eu\\\/pl\\\/#\\\/schema\\\/logo\\\/image\\\/\"},\"sameAs\":[\"https:\\\/\\\/www.facebook.com\\\/lraloeverashop.eu\",\"https:\\\/\\\/x.com\\\/natur__kosmetik\",\"https:\\\/\\\/www.youtube.com\\\/channel\\\/UC5oN7BJ8nfYb8RpVtjwDEBA\",\"https:\\\/\\\/www.instagram.com\\\/lrbeautyeu\\\/\"]}]}<\/script>\n<meta property=\"product:price:amount\" content=\"33.99\" \/>\n<meta property=\"product:price:currency\" content=\"EUR\" \/>\n<meta property=\"og:availability\" content=\"instock\" \/>\n<meta property=\"product:availability\" content=\"instock\" \/>\n<meta property=\"product:retailer_item_id\" content=\"23113-101PL\" \/>\n<meta property=\"product:condition\" content=\"new\" \/>\n<!-- \/ Yoast SEO Premium plugin. -->","yoast_head_json":{"title":"Mleczko do Opalania 50 \u2013 Wysoka Ochrona dla Wra\u017cliwej Sk\u00f3ry","description":"Chro\u0144 swoj\u0105 sk\u00f3r\u0119 i sk\u00f3r\u0119 dziecka przed s\u0142o\u0144cem! Mleczko do Opalania 50 z aloesem i ananasem zapewnia skuteczn\u0105 ochron\u0119, nawil\u017cenie i szybkie wch\u0142anianie","robots":{"index":"index","follow":"follow","max-snippet":"max-snippet:-1","max-image-preview":"max-image-preview:large","max-video-preview":"max-video-preview:-1"},"canonical":"https:\/\/www.lraloeverashop.eu\/pl\/produkt\/mleczko-do-opalania-50\/","og_locale":"pl_PL","og_type":"article","og_title":"Mleczko do Opalania 50","og_description":"Chro\u0144 swoj\u0105 sk\u00f3r\u0119 i sk\u00f3r\u0119 dziecka przed s\u0142o\u0144cem! Mleczko do Opalania 50 z aloesem i ananasem zapewnia skuteczn\u0105 ochron\u0119, nawil\u017cenie i szybkie wch\u0142anianie","og_url":"https:\/\/www.lraloeverashop.eu\/pl\/produkt\/mleczko-do-opalania-50\/","og_site_name":"Lr Aloe Vera Shop","article_publisher":"https:\/\/www.facebook.com\/lraloeverashop.eu","article_modified_time":"2025-08-21T03:26:12+00:00","og_image":[{"width":1200,"height":1200,"url":"https:\/\/www.lraloeverashop.eu\/wp-content\/uploads\/2022\/12\/Aloe-Vera-High-Protection-Sun-Lotion.jpg","type":"image\/jpeg"}],"twitter_card":"summary_large_image","twitter_site":"@natur__kosmetik","schema":{"@context":"https:\/\/schema.org","@graph":[{"@type":["WebPage","ItemPage"],"@id":"https:\/\/www.lraloeverashop.eu\/pl\/produkt\/mleczko-do-opalania-50\/","url":"https:\/\/www.lraloeverashop.eu\/pl\/produkt\/mleczko-do-opalania-50\/","name":"Mleczko do Opalania 50 \u2013 Wysoka Ochrona dla Wra\u017cliwej Sk\u00f3ry","isPartOf":{"@id":"https:\/\/www.lraloeverashop.eu\/pl\/#website"},"primaryImageOfPage":{"@id":"https:\/\/www.lraloeverashop.eu\/pl\/produkt\/mleczko-do-opalania-50\/#primaryimage"},"image":{"@id":"https:\/\/www.lraloeverashop.eu\/pl\/produkt\/mleczko-do-opalania-50\/#primaryimage"},"thumbnailUrl":"https:\/\/www.lraloeverashop.eu\/wp-content\/uploads\/2022\/12\/Aloe-Vera-High-Protection-Sun-Lotion.jpg","datePublished":"2022-12-03T18:35:56+00:00","dateModified":"2025-08-21T03:26:12+00:00","description":"Chro\u0144 swoj\u0105 sk\u00f3r\u0119 i sk\u00f3r\u0119 dziecka przed s\u0142o\u0144cem! Mleczko do Opalania 50 z aloesem i ananasem zapewnia skuteczn\u0105 ochron\u0119, nawil\u017cenie i szybkie wch\u0142anianie","breadcrumb":{"@id":"https:\/\/www.lraloeverashop.eu\/pl\/produkt\/mleczko-do-opalania-50\/#breadcrumb"},"inLanguage":"pl-PL","potentialAction":[{"@type":"ReadAction","target":["https:\/\/www.lraloeverashop.eu\/pl\/produkt\/mleczko-do-opalania-50\/"]}]},{"@type":"ImageObject","inLanguage":"pl-PL","@id":"https:\/\/www.lraloeverashop.eu\/pl\/produkt\/mleczko-do-opalania-50\/#primaryimage","url":"https:\/\/www.lraloeverashop.eu\/wp-content\/uploads\/2022\/12\/Aloe-Vera-High-Protection-Sun-Lotion.jpg","contentUrl":"https:\/\/www.lraloeverashop.eu\/wp-content\/uploads\/2022\/12\/Aloe-Vera-High-Protection-Sun-Lotion.jpg","width":1200,"height":1200,"caption":"Aloe Vera mleczko do opalania 50 o wysokiej ochronie"},{"@type":"BreadcrumbList","@id":"https:\/\/www.lraloeverashop.eu\/pl\/produkt\/mleczko-do-opalania-50\/#breadcrumb","itemListElement":[{"@type":"ListItem","position":1,"name":"Home","item":"https:\/\/www.lraloeverashop.eu\/pl\/"},{"@type":"ListItem","position":2,"name":"Sklep","item":"https:\/\/www.lraloeverashop.eu\/shop\/"},{"@type":"ListItem","position":3,"name":"Mleczko do Opalania 50"}]},{"@type":"WebSite","@id":"https:\/\/www.lraloeverashop.eu\/pl\/#website","url":"https:\/\/www.lraloeverashop.eu\/pl\/","name":"Lr Aloe Vera Shop","description":"High Quality Lr Aloe Vera Gel, Aloe Vera Cream and Shampoo","publisher":{"@id":"https:\/\/www.lraloeverashop.eu\/pl\/#organization"},"potentialAction":[{"@type":"SearchAction","target":{"@type":"EntryPoint","urlTemplate":"https:\/\/www.lraloeverashop.eu\/pl\/?s={search_term_string}"},"query-input":{"@type":"PropertyValueSpecification","valueRequired":true,"valueName":"search_term_string"}}],"inLanguage":"pl-PL"},{"@type":"Organization","@id":"https:\/\/www.lraloeverashop.eu\/pl\/#organization","name":"Lr Aloe Vera Shop","alternateName":"LR","url":"https:\/\/www.lraloeverashop.eu\/pl\/","logo":{"@type":"ImageObject","inLanguage":"pl-PL","@id":"https:\/\/www.lraloeverashop.eu\/pl\/#\/schema\/logo\/image\/","url":"https:\/\/www.lraloeverashop.eu\/wp-content\/uploads\/2022\/09\/cropped-Lr-Aloe-Vera-Shop.jpg","contentUrl":"https:\/\/www.lraloeverashop.eu\/wp-content\/uploads\/2022\/09\/cropped-Lr-Aloe-Vera-Shop.jpg","width":228,"height":76,"caption":"Lr Aloe Vera Shop"},"image":{"@id":"https:\/\/www.lraloeverashop.eu\/pl\/#\/schema\/logo\/image\/"},"sameAs":["https:\/\/www.facebook.com\/lraloeverashop.eu","https:\/\/x.com\/natur__kosmetik","https:\/\/www.youtube.com\/channel\/UC5oN7BJ8nfYb8RpVtjwDEBA","https:\/\/www.instagram.com\/lrbeautyeu\/"]}]},"product_price_amount":"33.99","product_price_currency":"EUR","og_availability":"instock","product_availability":"instock","product_retailer_item_id":"23113-101PL","product_condition":"new"},"taxonomy_info":{"product_cat":[{"value":1059,"label":"Aloe Vera"},{"value":1068,"label":"Ochrona przeciws\u0142oneczna"}],"product_tag":[{"value":1141,"label":"krem z filtrem"}]},"featured_image_src_large":["https:\/\/www.lraloeverashop.eu\/wp-content\/uploads\/2022\/12\/Aloe-Vera-High-Protection-Sun-Lotion-1024x1024.jpg",1024,1024,true],"author_info":[],"comment_info":0,"_links":{"self":[{"href":"https:\/\/www.lraloeverashop.eu\/pl\/wp-json\/wp\/v2\/product\/28859","targetHints":{"allow":["GET"]}}],"collection":[{"href":"https:\/\/www.lraloeverashop.eu\/pl\/wp-json\/wp\/v2\/product"}],"about":[{"href":"https:\/\/www.lraloeverashop.eu\/pl\/wp-json\/wp\/v2\/types\/product"}],"replies":[{"embeddable":true,"href":"https:\/\/www.lraloeverashop.eu\/pl\/wp-json\/wp\/v2\/comments?post=28859"}],"wp:featuredmedia":[{"embeddable":true,"href":"https:\/\/www.lraloeverashop.eu\/pl\/wp-json\/wp\/v2\/media\/27039"}],"wp:attachment":[{"href":"https:\/\/www.lraloeverashop.eu\/pl\/wp-json\/wp\/v2\/media?parent=28859"}],"wp:term":[{"taxonomy":"product_brand","embeddable":true,"href":"https:\/\/www.lraloeverashop.eu\/pl\/wp-json\/wp\/v2\/product_brand?post=28859"},{"taxonomy":"product_cat","embeddable":true,"href":"https:\/\/www.lraloeverashop.eu\/pl\/wp-json\/wp\/v2\/product_cat?post=28859"},{"taxonomy":"product_tag","embeddable":true,"href":"https:\/\/www.lraloeverashop.eu\/pl\/wp-json\/wp\/v2\/product_tag?post=28859"}],"curies":[{"name":"wp","href":"https:\/\/api.w.org\/{rel}","templated":true}]}}