{"id":28851,"date":"2022-12-03T19:57:24","date_gmt":"2022-12-03T18:57:24","guid":{"rendered":"https:\/\/www.lraloeverashop.eu\/product\/spray-do-opalania-50-dla-dzieci\/"},"modified":"2025-08-15T18:29:03","modified_gmt":"2025-08-15T16:29:03","slug":"spray-do-opalania-50-dla-dzieci","status":"publish","type":"product","link":"https:\/\/www.lraloeverashop.eu\/pl\/produkt\/spray-do-opalania-50-dla-dzieci\/","title":{"rendered":"Spray do Opalania 50 dla Dzieci"},"content":{"rendered":"<h2><span style=\"font-size: 16pt;\"><strong>Spray do Opalania 50 dla Dzieci<\/strong><\/span><\/h2>\n<p><span style=\"font-size: 16px;\"><strong>Spray do Opalania 50 dla Dzieci dla sk\u00f3ry wra\u017cliwej<\/strong><\/span><\/p>\n<p>Wodoodporna ochrona przed promieniowaniem UVA\/UVB o wsp\u00f3\u0142czynniku ochrony przeciws\u0142onecznej 50, kt\u00f3ra jest szczeg\u00f3lnie \u0142agodna dla wra\u017cliwej sk\u00f3ry dzieci. Lekka formu\u0142a w sprayu \u0142atwo rozprowadza si\u0119 po mokrej lub suchej sk\u00f3rze.<\/p>\n<p>Zawiera 40% aloesu, dzi\u0119ki czemu jest szczeg\u00f3lnie dobry dla sk\u00f3ry wra\u017cliwej: zapewnia intensywne nawil\u017cenie i wspomaga regeneracj\u0119 sk\u00f3ry. Ananas jest znany ze swoich enzym\u00f3w, minera\u0142\u00f3w i witamin, kt\u00f3re mog\u0105 wspomaga\u0107 regeneracj\u0119 sk\u00f3ry.<\/p>\n<h3><strong><span style=\"font-size: 16pt;\">Spos\u00f3b u\u017cycia<\/span><\/strong><\/h3>\n<p>Stosuj Spray przeciws\u0142oneczny 30 minut przed opalaniem.<\/p>\n<p>Uwaga: Spray do Opalania 50 dla Dzieci jest pod presj\u0105. Chroni\u0107 przed bezpo\u015brednim dzia\u0142aniem promieni s\u0142onecznych i temperaturami powy\u017cej 50\u00b0C. Nie otwieraj ani nie podpalaj po u\u017cyciu. Nie rozpyla\u0107 na otwarty ogie\u0144 ani \u017caden \u017carz\u0105cy si\u0119 materia\u0142. Przechowywa\u0107 z dala od \u017ar\u00f3de\u0142 zap\u0142onu \u2013 Nie pali\u0107. Przechowywa\u0107 w miejscu niedost\u0119pnym dla DZIECI. Nie rozpyla\u0107 do oczu.<\/p>\n<h4><strong><span style=\"font-size: 16pt;\">Czy o tym wiedzia\u0142e\u015b?<\/span><\/strong><\/h4>\n<p>Dzieci powinny unika\u0107 intensywnego s\u0142o\u0144ca w po\u0142udnie. Niemowl\u0119ta i ma\u0142e dzieci nale\u017cy chroni\u0107 przed bezpo\u015brednim dzia\u0142aniem promieni s\u0142onecznych. U\u017cywaj odzie\u017cy ochronnej i krem\u00f3w przeciws\u0142onecznych o bardzo wysokim wsp\u00f3\u0142czynniku ochrony przeciws\u0142onecznej dla niemowl\u0105t i ma\u0142ych dzieci.<\/p>\n<p>Wsp\u00f3\u0142czynnik ochrony przeciws\u0142onecznej okre\u015blony dla produkt\u00f3w ochrony przeciws\u0142onecznej, a tym samym czas przebywania na s\u0142o\u0144cu w ci\u0105gu dnia, nie mo\u017ce by\u0107 przed\u0142u\u017cony przez wielokrotne stosowanie.<\/p>\n","protected":false},"excerpt":{"rendered":"<ul>\n<li>Wodoodporny spray szczeg\u00f3lnie dla wra\u017cliwej sk\u00f3ry dzieci<\/li>\n<li>Lekka formu\u0142a do rozpylania na mokr\u0105 i such\u0105 sk\u00f3r\u0119<\/li>\n<li>Zawiera 40% aloesu i organiczny ekstrakt z ananasa<\/li>\n<li>Chroni sk\u00f3r\u0119 przed promieniami UVA i UVB<\/li>\n<li>Intensywnie od\u017cywia i nawil\u017ca<\/li>\n<li>Zawarto\u015b\u0107: 150 ml<\/li>\n<\/ul>\n<p>&nbsp;<\/p>\n","protected":false},"featured_media":27043,"comment_status":"open","ping_status":"closed","template":"","meta":{"_kad_blocks_custom_css":"","_kad_blocks_head_custom_js":"","_kad_blocks_body_custom_js":"","_kad_blocks_footer_custom_js":"","_kadence_starter_templates_imported_post":false,"_kad_post_transparent":"default","_kad_post_title":"","_kad_post_layout":"default","_kad_post_sidebar_id":"","_kad_post_content_style":"default","_kad_post_vertical_padding":"default","_kad_post_feature":"","_kad_post_feature_position":"","_kad_post_header":false,"_kad_post_footer":false,"_kad_post_classname":""},"product_brand":[],"product_cat":[1059,1068,1060],"product_tag":[1141],"class_list":{"0":"post-28851","1":"product","2":"type-product","3":"status-publish","4":"has-post-thumbnail","6":"product_cat-aloe-vera-pl","7":"product_cat-ochrona-przeciwsloneczna","8":"product_cat-pielegnacja-dla-dzieci","9":"product_tag-krem-z-filtrem","11":"first","12":"instock","13":"taxable","14":"shipping-taxable","15":"purchasable","16":"product-type-simple","17":"entry","18":"content-bg","19":"loop-entry"},"yoast_head":"<!-- This site is optimized with the Yoast SEO Premium plugin v27.3 (Yoast SEO v27.3) - https:\/\/yoast.com\/product\/yoast-seo-premium-wordpress\/ -->\n<title>Spray do Opalania 50 dla Dzieci Zapewnia intensywne nawil\u017cenie<\/title>\n<meta name=\"description\" content=\"Spray do Opalania 50 dla Dzieci z wodoodporn\u0105 ochron\u0105 UVA\/UVB i wsp\u00f3\u0142czynnikiem ochrony przeciws\u0142onecznej, szczeg\u00f3lnie \u0142agodnym dla wra\u017cliwej sk\u00f3ry dzieci\" \/>\n<meta name=\"robots\" content=\"index, follow, max-snippet:-1, max-image-preview:large, max-video-preview:-1\" \/>\n<link rel=\"canonical\" href=\"https:\/\/www.lraloeverashop.eu\/pl\/produkt\/spray-do-opalania-50-dla-dzieci\/\" \/>\n<meta property=\"og:locale\" content=\"pl_PL\" \/>\n<meta property=\"og:type\" content=\"article\" \/>\n<meta property=\"og:title\" content=\"Spray do Opalania 50 dla Dzieci\" \/>\n<meta property=\"og:description\" content=\"Spray do Opalania 50 dla Dzieci z wodoodporn\u0105 ochron\u0105 UVA\/UVB i wsp\u00f3\u0142czynnikiem ochrony przeciws\u0142onecznej, szczeg\u00f3lnie \u0142agodnym dla wra\u017cliwej sk\u00f3ry dzieci\" \/>\n<meta property=\"og:url\" content=\"https:\/\/www.lraloeverashop.eu\/pl\/produkt\/spray-do-opalania-50-dla-dzieci\/\" \/>\n<meta property=\"og:site_name\" content=\"Lr Aloe Vera Shop\" \/>\n<meta property=\"article:publisher\" content=\"https:\/\/www.facebook.com\/lraloeverashop.eu\" \/>\n<meta property=\"article:modified_time\" content=\"2025-08-15T16:29:03+00:00\" \/>\n<meta property=\"og:image\" content=\"https:\/\/www.lraloeverashop.eu\/wp-content\/uploads\/2022\/12\/Aloe-Vera-Sun-Spray-for-kids.jpeg\" \/>\n\t<meta property=\"og:image:width\" content=\"1200\" \/>\n\t<meta property=\"og:image:height\" content=\"1200\" \/>\n\t<meta property=\"og:image:type\" content=\"image\/jpeg\" \/>\n<meta name=\"twitter:card\" content=\"summary_large_image\" \/>\n<meta name=\"twitter:site\" content=\"@natur__kosmetik\" \/>\n<script type=\"application\/ld+json\" class=\"yoast-schema-graph\">{\"@context\":\"https:\\\/\\\/schema.org\",\"@graph\":[{\"@type\":[\"WebPage\",\"ItemPage\"],\"@id\":\"https:\\\/\\\/www.lraloeverashop.eu\\\/pl\\\/produkt\\\/spray-do-opalania-50-dla-dzieci\\\/\",\"url\":\"https:\\\/\\\/www.lraloeverashop.eu\\\/pl\\\/produkt\\\/spray-do-opalania-50-dla-dzieci\\\/\",\"name\":\"Spray do Opalania 50 dla Dzieci Zapewnia intensywne nawil\u017cenie\",\"isPartOf\":{\"@id\":\"https:\\\/\\\/www.lraloeverashop.eu\\\/pl\\\/#website\"},\"primaryImageOfPage\":{\"@id\":\"https:\\\/\\\/www.lraloeverashop.eu\\\/pl\\\/produkt\\\/spray-do-opalania-50-dla-dzieci\\\/#primaryimage\"},\"image\":{\"@id\":\"https:\\\/\\\/www.lraloeverashop.eu\\\/pl\\\/produkt\\\/spray-do-opalania-50-dla-dzieci\\\/#primaryimage\"},\"thumbnailUrl\":\"https:\\\/\\\/www.lraloeverashop.eu\\\/wp-content\\\/uploads\\\/2022\\\/12\\\/Aloe-Vera-Sun-Spray-for-kids.jpeg\",\"datePublished\":\"2022-12-03T18:57:24+00:00\",\"dateModified\":\"2025-08-15T16:29:03+00:00\",\"description\":\"Spray do Opalania 50 dla Dzieci z wodoodporn\u0105 ochron\u0105 UVA\\\/UVB i wsp\u00f3\u0142czynnikiem ochrony przeciws\u0142onecznej, szczeg\u00f3lnie \u0142agodnym dla wra\u017cliwej sk\u00f3ry dzieci\",\"breadcrumb\":{\"@id\":\"https:\\\/\\\/www.lraloeverashop.eu\\\/pl\\\/produkt\\\/spray-do-opalania-50-dla-dzieci\\\/#breadcrumb\"},\"inLanguage\":\"pl-PL\",\"potentialAction\":[{\"@type\":\"ReadAction\",\"target\":[\"https:\\\/\\\/www.lraloeverashop.eu\\\/pl\\\/produkt\\\/spray-do-opalania-50-dla-dzieci\\\/\"]}]},{\"@type\":\"ImageObject\",\"inLanguage\":\"pl-PL\",\"@id\":\"https:\\\/\\\/www.lraloeverashop.eu\\\/pl\\\/produkt\\\/spray-do-opalania-50-dla-dzieci\\\/#primaryimage\",\"url\":\"https:\\\/\\\/www.lraloeverashop.eu\\\/wp-content\\\/uploads\\\/2022\\\/12\\\/Aloe-Vera-Sun-Spray-for-kids.jpeg\",\"contentUrl\":\"https:\\\/\\\/www.lraloeverashop.eu\\\/wp-content\\\/uploads\\\/2022\\\/12\\\/Aloe-Vera-Sun-Spray-for-kids.jpeg\",\"width\":1200,\"height\":1200,\"caption\":\"Aloe Vera Spray do opalania o wysokiej ochronie dla dzieci\"},{\"@type\":\"BreadcrumbList\",\"@id\":\"https:\\\/\\\/www.lraloeverashop.eu\\\/pl\\\/produkt\\\/spray-do-opalania-50-dla-dzieci\\\/#breadcrumb\",\"itemListElement\":[{\"@type\":\"ListItem\",\"position\":1,\"name\":\"Home\",\"item\":\"https:\\\/\\\/www.lraloeverashop.eu\\\/pl\\\/\"},{\"@type\":\"ListItem\",\"position\":2,\"name\":\"Sklep\",\"item\":\"https:\\\/\\\/www.lraloeverashop.eu\\\/shop\\\/\"},{\"@type\":\"ListItem\",\"position\":3,\"name\":\"Spray do Opalania 50 dla Dzieci\"}]},{\"@type\":\"WebSite\",\"@id\":\"https:\\\/\\\/www.lraloeverashop.eu\\\/pl\\\/#website\",\"url\":\"https:\\\/\\\/www.lraloeverashop.eu\\\/pl\\\/\",\"name\":\"Lr Aloe Vera Shop\",\"description\":\"High Quality Lr Aloe Vera Gel, Aloe Vera Cream and Shampoo\",\"publisher\":{\"@id\":\"https:\\\/\\\/www.lraloeverashop.eu\\\/pl\\\/#organization\"},\"potentialAction\":[{\"@type\":\"SearchAction\",\"target\":{\"@type\":\"EntryPoint\",\"urlTemplate\":\"https:\\\/\\\/www.lraloeverashop.eu\\\/pl\\\/?s={search_term_string}\"},\"query-input\":{\"@type\":\"PropertyValueSpecification\",\"valueRequired\":true,\"valueName\":\"search_term_string\"}}],\"inLanguage\":\"pl-PL\"},{\"@type\":\"Organization\",\"@id\":\"https:\\\/\\\/www.lraloeverashop.eu\\\/pl\\\/#organization\",\"name\":\"Lr Aloe Vera Shop\",\"alternateName\":\"LR\",\"url\":\"https:\\\/\\\/www.lraloeverashop.eu\\\/pl\\\/\",\"logo\":{\"@type\":\"ImageObject\",\"inLanguage\":\"pl-PL\",\"@id\":\"https:\\\/\\\/www.lraloeverashop.eu\\\/pl\\\/#\\\/schema\\\/logo\\\/image\\\/\",\"url\":\"https:\\\/\\\/www.lraloeverashop.eu\\\/wp-content\\\/uploads\\\/2022\\\/09\\\/cropped-Lr-Aloe-Vera-Shop.jpg\",\"contentUrl\":\"https:\\\/\\\/www.lraloeverashop.eu\\\/wp-content\\\/uploads\\\/2022\\\/09\\\/cropped-Lr-Aloe-Vera-Shop.jpg\",\"width\":228,\"height\":76,\"caption\":\"Lr Aloe Vera Shop\"},\"image\":{\"@id\":\"https:\\\/\\\/www.lraloeverashop.eu\\\/pl\\\/#\\\/schema\\\/logo\\\/image\\\/\"},\"sameAs\":[\"https:\\\/\\\/www.facebook.com\\\/lraloeverashop.eu\",\"https:\\\/\\\/x.com\\\/natur__kosmetik\",\"https:\\\/\\\/www.youtube.com\\\/channel\\\/UC5oN7BJ8nfYb8RpVtjwDEBA\",\"https:\\\/\\\/www.instagram.com\\\/lrbeautyeu\\\/\"]}]}<\/script>\n<meta property=\"product:price:amount\" content=\"29.99\" \/>\n<meta property=\"product:price:currency\" content=\"EUR\" \/>\n<meta property=\"og:availability\" content=\"instock\" \/>\n<meta property=\"product:availability\" content=\"instock\" \/>\n<meta property=\"product:retailer_item_id\" content=\"23110-101PL\" \/>\n<meta property=\"product:condition\" content=\"new\" \/>\n<!-- \/ Yoast SEO Premium plugin. -->","yoast_head_json":{"title":"Spray do Opalania 50 dla Dzieci Zapewnia intensywne nawil\u017cenie","description":"Spray do Opalania 50 dla Dzieci z wodoodporn\u0105 ochron\u0105 UVA\/UVB i wsp\u00f3\u0142czynnikiem ochrony przeciws\u0142onecznej, szczeg\u00f3lnie \u0142agodnym dla wra\u017cliwej sk\u00f3ry dzieci","robots":{"index":"index","follow":"follow","max-snippet":"max-snippet:-1","max-image-preview":"max-image-preview:large","max-video-preview":"max-video-preview:-1"},"canonical":"https:\/\/www.lraloeverashop.eu\/pl\/produkt\/spray-do-opalania-50-dla-dzieci\/","og_locale":"pl_PL","og_type":"article","og_title":"Spray do Opalania 50 dla Dzieci","og_description":"Spray do Opalania 50 dla Dzieci z wodoodporn\u0105 ochron\u0105 UVA\/UVB i wsp\u00f3\u0142czynnikiem ochrony przeciws\u0142onecznej, szczeg\u00f3lnie \u0142agodnym dla wra\u017cliwej sk\u00f3ry dzieci","og_url":"https:\/\/www.lraloeverashop.eu\/pl\/produkt\/spray-do-opalania-50-dla-dzieci\/","og_site_name":"Lr Aloe Vera Shop","article_publisher":"https:\/\/www.facebook.com\/lraloeverashop.eu","article_modified_time":"2025-08-15T16:29:03+00:00","og_image":[{"width":1200,"height":1200,"url":"https:\/\/www.lraloeverashop.eu\/wp-content\/uploads\/2022\/12\/Aloe-Vera-Sun-Spray-for-kids.jpeg","type":"image\/jpeg"}],"twitter_card":"summary_large_image","twitter_site":"@natur__kosmetik","schema":{"@context":"https:\/\/schema.org","@graph":[{"@type":["WebPage","ItemPage"],"@id":"https:\/\/www.lraloeverashop.eu\/pl\/produkt\/spray-do-opalania-50-dla-dzieci\/","url":"https:\/\/www.lraloeverashop.eu\/pl\/produkt\/spray-do-opalania-50-dla-dzieci\/","name":"Spray do Opalania 50 dla Dzieci Zapewnia intensywne nawil\u017cenie","isPartOf":{"@id":"https:\/\/www.lraloeverashop.eu\/pl\/#website"},"primaryImageOfPage":{"@id":"https:\/\/www.lraloeverashop.eu\/pl\/produkt\/spray-do-opalania-50-dla-dzieci\/#primaryimage"},"image":{"@id":"https:\/\/www.lraloeverashop.eu\/pl\/produkt\/spray-do-opalania-50-dla-dzieci\/#primaryimage"},"thumbnailUrl":"https:\/\/www.lraloeverashop.eu\/wp-content\/uploads\/2022\/12\/Aloe-Vera-Sun-Spray-for-kids.jpeg","datePublished":"2022-12-03T18:57:24+00:00","dateModified":"2025-08-15T16:29:03+00:00","description":"Spray do Opalania 50 dla Dzieci z wodoodporn\u0105 ochron\u0105 UVA\/UVB i wsp\u00f3\u0142czynnikiem ochrony przeciws\u0142onecznej, szczeg\u00f3lnie \u0142agodnym dla wra\u017cliwej sk\u00f3ry dzieci","breadcrumb":{"@id":"https:\/\/www.lraloeverashop.eu\/pl\/produkt\/spray-do-opalania-50-dla-dzieci\/#breadcrumb"},"inLanguage":"pl-PL","potentialAction":[{"@type":"ReadAction","target":["https:\/\/www.lraloeverashop.eu\/pl\/produkt\/spray-do-opalania-50-dla-dzieci\/"]}]},{"@type":"ImageObject","inLanguage":"pl-PL","@id":"https:\/\/www.lraloeverashop.eu\/pl\/produkt\/spray-do-opalania-50-dla-dzieci\/#primaryimage","url":"https:\/\/www.lraloeverashop.eu\/wp-content\/uploads\/2022\/12\/Aloe-Vera-Sun-Spray-for-kids.jpeg","contentUrl":"https:\/\/www.lraloeverashop.eu\/wp-content\/uploads\/2022\/12\/Aloe-Vera-Sun-Spray-for-kids.jpeg","width":1200,"height":1200,"caption":"Aloe Vera Spray do opalania o wysokiej ochronie dla dzieci"},{"@type":"BreadcrumbList","@id":"https:\/\/www.lraloeverashop.eu\/pl\/produkt\/spray-do-opalania-50-dla-dzieci\/#breadcrumb","itemListElement":[{"@type":"ListItem","position":1,"name":"Home","item":"https:\/\/www.lraloeverashop.eu\/pl\/"},{"@type":"ListItem","position":2,"name":"Sklep","item":"https:\/\/www.lraloeverashop.eu\/shop\/"},{"@type":"ListItem","position":3,"name":"Spray do Opalania 50 dla Dzieci"}]},{"@type":"WebSite","@id":"https:\/\/www.lraloeverashop.eu\/pl\/#website","url":"https:\/\/www.lraloeverashop.eu\/pl\/","name":"Lr Aloe Vera Shop","description":"High Quality Lr Aloe Vera Gel, Aloe Vera Cream and Shampoo","publisher":{"@id":"https:\/\/www.lraloeverashop.eu\/pl\/#organization"},"potentialAction":[{"@type":"SearchAction","target":{"@type":"EntryPoint","urlTemplate":"https:\/\/www.lraloeverashop.eu\/pl\/?s={search_term_string}"},"query-input":{"@type":"PropertyValueSpecification","valueRequired":true,"valueName":"search_term_string"}}],"inLanguage":"pl-PL"},{"@type":"Organization","@id":"https:\/\/www.lraloeverashop.eu\/pl\/#organization","name":"Lr Aloe Vera Shop","alternateName":"LR","url":"https:\/\/www.lraloeverashop.eu\/pl\/","logo":{"@type":"ImageObject","inLanguage":"pl-PL","@id":"https:\/\/www.lraloeverashop.eu\/pl\/#\/schema\/logo\/image\/","url":"https:\/\/www.lraloeverashop.eu\/wp-content\/uploads\/2022\/09\/cropped-Lr-Aloe-Vera-Shop.jpg","contentUrl":"https:\/\/www.lraloeverashop.eu\/wp-content\/uploads\/2022\/09\/cropped-Lr-Aloe-Vera-Shop.jpg","width":228,"height":76,"caption":"Lr Aloe Vera Shop"},"image":{"@id":"https:\/\/www.lraloeverashop.eu\/pl\/#\/schema\/logo\/image\/"},"sameAs":["https:\/\/www.facebook.com\/lraloeverashop.eu","https:\/\/x.com\/natur__kosmetik","https:\/\/www.youtube.com\/channel\/UC5oN7BJ8nfYb8RpVtjwDEBA","https:\/\/www.instagram.com\/lrbeautyeu\/"]}]},"product_price_amount":"29.99","product_price_currency":"EUR","og_availability":"instock","product_availability":"instock","product_retailer_item_id":"23110-101PL","product_condition":"new"},"taxonomy_info":{"product_cat":[{"value":1059,"label":"Aloe Vera"},{"value":1068,"label":"Ochrona przeciws\u0142oneczna"},{"value":1060,"label":"Piel\u0119gnacja dla dzieci"}],"product_tag":[{"value":1141,"label":"krem z filtrem"}]},"featured_image_src_large":["https:\/\/www.lraloeverashop.eu\/wp-content\/uploads\/2022\/12\/Aloe-Vera-Sun-Spray-for-kids-1024x1024.jpeg",1024,1024,true],"author_info":[],"comment_info":0,"_links":{"self":[{"href":"https:\/\/www.lraloeverashop.eu\/pl\/wp-json\/wp\/v2\/product\/28851","targetHints":{"allow":["GET"]}}],"collection":[{"href":"https:\/\/www.lraloeverashop.eu\/pl\/wp-json\/wp\/v2\/product"}],"about":[{"href":"https:\/\/www.lraloeverashop.eu\/pl\/wp-json\/wp\/v2\/types\/product"}],"replies":[{"embeddable":true,"href":"https:\/\/www.lraloeverashop.eu\/pl\/wp-json\/wp\/v2\/comments?post=28851"}],"wp:featuredmedia":[{"embeddable":true,"href":"https:\/\/www.lraloeverashop.eu\/pl\/wp-json\/wp\/v2\/media\/27043"}],"wp:attachment":[{"href":"https:\/\/www.lraloeverashop.eu\/pl\/wp-json\/wp\/v2\/media?parent=28851"}],"wp:term":[{"taxonomy":"product_brand","embeddable":true,"href":"https:\/\/www.lraloeverashop.eu\/pl\/wp-json\/wp\/v2\/product_brand?post=28851"},{"taxonomy":"product_cat","embeddable":true,"href":"https:\/\/www.lraloeverashop.eu\/pl\/wp-json\/wp\/v2\/product_cat?post=28851"},{"taxonomy":"product_tag","embeddable":true,"href":"https:\/\/www.lraloeverashop.eu\/pl\/wp-json\/wp\/v2\/product_tag?post=28851"}],"curies":[{"name":"wp","href":"https:\/\/api.w.org\/{rel}","templated":true}]}}