{"id":28829,"date":"2024-05-01T16:10:23","date_gmt":"2024-05-01T14:10:23","guid":{"rendered":"https:\/\/www.lraloeverashop.eu\/product\/probiotyki-na-jelita-pro-12-plus\/"},"modified":"2026-04-27T21:54:23","modified_gmt":"2026-04-27T19:54:23","slug":"probiotyki-na-jelita-pro-12-plus","status":"publish","type":"product","link":"https:\/\/www.lraloeverashop.eu\/pl\/produkt\/probiotyki-na-jelita-pro-12-plus\/","title":{"rendered":"Probiotyki na Jelita Pro 12 Plus"},"content":{"rendered":"<h2><strong><span style=\"font-size: 16pt;\">Probiotyki na Jelita Pro 12 Plus w Kapsu\u0142kach<\/span><\/strong><\/h2>\n<p><span style=\"font-size: 14pt;\"><strong>Probiotyki na Jelita Pro 12 Plus \u2013 Jako\u015b\u0107 \u017cycia zaczyna si\u0119 w jelitach<\/strong><\/span><\/p>\n<p>Jelito jest jednym z najwi\u0119kszych organ\u00f3w ludzkiego cia\u0142a, odpowiedzialnym za og\u00f3lny dobrostan i samopoczucie organizmu. \u015aciana jelita jest zasiedlana przez du\u017c\u0105 liczb\u0119 bakterii. Bakterie korzystne dla zdrowia nazywane s\u0105 probiotykami, natomiast pozosta\u0142e wywo\u0142uj\u0105 choroby.<\/p>\n<p><span style=\"font-size: 14pt;\"><strong>Probiotyki Pro 12 Plus to najnowsza generacja preparat\u00f3w bakteryjnych z nowym kompleksem TRIPLEBIOTIC.<\/strong><\/span><\/p>\n<p><strong>1. Fruktooligosacharydy:<\/strong> b\u0142onnik \u2013 zapewniaj\u0105 komfort bakteriom w naszych jelitach.<br \/>\n<strong>2. Bakterie:<\/strong> 1 miliard bakterii w kapsu\u0142ce, pochodz\u0105cych z 12 r\u00f3\u017cnych szczep\u00f3w bakterii.<br \/>\n<strong>3. Postbiotyki:<\/strong> Zawiera opatentowany sk\u0142adnik postbiotyczny Prolac-T\u2122.<\/p>\n<p>Innowacyjne podw\u00f3jne kapsu\u0142kowanie gwarantuje, \u017ce kompleks TRIPLEBIOTIC dociera do jelit w nienaruszonym stanie.<\/p>\n<h3><span style=\"font-size: 16pt;\"><strong>Jak dzia\u0142aj\u0105 Probiotyki na Jelita Pro 12 Plus w kapsu\u0142kach w jelicie \u2013 najwa\u017cniejszym narz\u0105dzie odporno\u015bciowym cz\u0142owieka!<\/strong><\/span><\/h3>\n<ul>\n<li>Jelita stanowi\u0105 80% ludzkiej odporno\u015bci.<\/li>\n<li>S\u0142u\u017c\u0105 do regulacji mikroflory jelitowej.<\/li>\n<li>Bakterie probiotyczne kontroluj\u0105 w jelicie najwa\u017cniejsze procesy <a href=\"https:\/\/www.lraloeverashop.eu\/pl\/produkt\/czystek-cistus-incanus-w-kapsulkach\/\"><strong>uk\u0142adu odporno\u015bciowego<\/strong><\/a>!<\/li>\n<li>Opatentowana mikrokapsu\u0142kacja chroni bakterie podczas krytycznego przej\u015bcia przez \u017co\u0142\u0105dek przed agresywnym dzia\u0142aniem kwasu \u017co\u0142\u0105dkowego.<\/li>\n<li>Probiotyki na Jelita Pro 12 Plus w kapsu\u0142kach zawieraj\u0105 \u0142\u0105cznie 1 miliard bakterii w jednej kapsu\u0142ce. S\u0105 one podzielone na 12 r\u00f3\u017cnych szczep\u00f3w, a ich kombinacja optymalnie r\u00f3wnowa\u017cy \u015brodowisko jelitowe i jest unikalna na skal\u0119 \u015bwiatow\u0105.<\/li>\n<\/ul>\n<h4><span style=\"font-size: 16pt;\"><strong>Spos\u00f3b u\u017cycia<\/strong><\/span><\/h4>\n<p><strong>Zalecane dawkowanie:<\/strong> 1 kapsu\u0142ka dziennie! Dzi\u0119ki mikrokapsu\u0142kowaniu mo\u017cna przechowywa\u0107 w temperaturze pokojowej. Probiotyki na Jelita Pro 12 Plus w kapsu\u0142kach s\u0105 odpowiednie dla kobiet w ci\u0105\u017cy, karmi\u0105cych matek, a tak\u017ce dla diabetyk\u00f3w. Idealnym uzupe\u0142nieniem jest \u017bel Aloesowy do picia.<\/p>\n<p>Nie przekracza\u0107 zalecanej dziennej dawki. Suplementy diety nie s\u0105 zamiennikiem zr\u00f3\u017cnicowanej i zbilansowanej diety oraz zdrowego stylu \u017cycia.<\/p>\n<p>Produkt nale\u017cy przechowywa\u0107 w miejscu niedost\u0119pnym dla dzieci. Mo\u017ce zawiera\u0107 \u015bladowe ilo\u015bci laktozy i soi.<\/p>\n<h3><span style=\"font-size: 16pt;\"><strong>Naturalne Probiotyki \u2013 G\u0142\u00f3wne korzy\u015bci zdrowotne:<\/strong><\/span><\/h3>\n<ul style=\"list-style-type: square;\">\n<li>Probiotyki na Jelita na Prawid\u0142owe funkcjonowanie uk\u0142adu pokarmowego<\/li>\n<li>Wrzodziej\u0105ce zapalenie jelita grubego<\/li>\n<li>Choroba Le\u015bniowskiego-Crohna<\/li>\n<li>Refluks \u017co\u0142\u0105dkowo-prze\u0142ykowy<\/li>\n<li>Og\u00f3lne zwi\u0119kszenie odporno\u015bci organizmu<\/li>\n<li>Profilaktyka raka jelita grubego (8300 nowych przypadk\u00f3w rocznie!)<\/li>\n<li>Profilaktyka wrzod\u00f3w i stan\u00f3w zapalnych \u017co\u0142\u0105dka<\/li>\n<li>Dla pacjent\u00f3w cierpi\u0105cych na grzybic\u0119, up\u0142awy<\/li>\n<li>Biegunka (infekcje: grypa, salmonella, Campylobacter, rotawirusy&#8230;)<\/li>\n<li>Zaparcia<\/li>\n<li>Probiotyki na Jelita na <a href=\"https:\/\/www.lraloeverashop.eu\/pl\/produkt\/probiotyki-pro-12-plus-kapsulki\/\"><strong>Ostre problemy trawienne<\/strong><\/a>, refluks, zgaga<\/li>\n<li>Nietolerancja laktozy<\/li>\n<li>Zesp\u00f3\u0142 jelita dra\u017cliwego<\/li>\n<li>Biegunki podr\u00f3\u017cnych (stosowa\u0107 3 dni przed wyjazdem)<\/li>\n<li>Alergie pokarmowe (zapobiega rozwojowi atopowego zapalenia sk\u00f3ry)<\/li>\n<li>Zapalenie uchy\u0142k\u00f3w<\/li>\n<li>Zesp\u00f3\u0142 jelita przesi\u0105kliwego<\/li>\n<li>Zesp\u00f3\u0142 chronicznego zm\u0119czenia<\/li>\n<li>Wzd\u0119cia<\/li>\n<\/ul>\n<p>&nbsp;<\/p>\n<h4 style=\"text-align: left;\"><span style=\"font-size: 16pt;\"><strong>Niekt\u00f3re szczepy probiotyczne maj\u0105 wi\u0119ksz\u0105 warto\u015b\u0107 zdrowotn\u0105!<\/strong><\/span><\/h4>\n<p><span style=\"color: #993366;\"><strong>\u00bb<\/strong><\/span> Badania wykaza\u0142y, \u017ce podawanie ich kobietom z dodatnim wywiadem alergicznym na 2\u20134 tygodnie przed porodem, a nast\u0119pnie ich dzieciom przez 6 miesi\u0119cy po porodzie, zmniejszy\u0142o w wieku 2 lat wyst\u0119powanie atopowego zapalenia sk\u00f3ry o 34%!\u00a0Mikroflora jelitowa dzieci alergicznych i zdrowych r\u00f3\u017cni si\u0119 tym, \u017ce dzieci alergiczne maj\u0105 mniej pa\u0142eczek kwasu mlekowego i bifidobakterii w stolcu.<\/p>\n<p><span style=\"color: #993366;\"><strong>\u00bb<\/strong><\/span> Badania wykaza\u0142y, \u017ce u 92,8% pacjent\u00f3w Probiotyki na Jelita zwi\u0119kszaj\u0105 szans\u0119 wyleczenia wrzodziej\u0105cego zapalenia jelita grubego.<\/p>\n<p><span style=\"color: #993366;\"><strong>\u00bb<\/strong><\/span> Badania potwierdzi\u0142y r\u00f3wnie\u017c, \u017ce Pro 12 Plus Probiotyki na Jelita skutecznie przywracaj\u0105 r\u00f3wnowag\u0119 i normalizuj\u0105 funkcj\u0119 jelit po antybiotykoterapi<\/p>\n<p><strong>Antybiotyki maj\u0105 za zadanie zniszczy\u0107 w jelitach szkodliwe bakterie \u2013 przyczyn\u0119 choroby. Niestety, nie potrafi\u0105 rozr\u00f3\u017cni\u0107 rodzaju bakterii, dlatego wraz ze szkodliwymi niszcz\u0105 r\u00f3wnie\u017c te po\u017cyteczne. Z tego powodu po antybiotykoterapii cz\u0119sto pojawiaj\u0105 si\u0119 wzd\u0119cia, zaparcia, biegunki, grzybice czy opryszczka.<\/strong><\/p>\n<h3><span style=\"font-size: 16pt;\"><strong>Probiotyki zawieraj\u0105 rzadkie szczepy bakterii, kt\u00f3re prawie nikt nie wprowadza na rynek!<\/strong><\/span><\/h3>\n<p>Bifidobacterium longum, Bifidobacterium breve, Bifidobacterium bifidum, Bifidobacterium infantis, Bifidobacterium lactis, Lactobacillus plantarum, Lactobacillus casei, Lactobacillus paracasei, Lactobacilus Rhamnosu, Lactobacillus acidophilus, Lactobacillus bulgaricus, Streptococcus thermophilus<\/p>\n<p><strong data-start=\"3668\" data-end=\"3682\">Probiotyki na Jelita<\/strong> s\u0142u\u017c\u0105 jako po\u017cywka dla bakterii probiotycznych. Je\u015bli dodamy prebiotyk do produktu probiotycznego, dzia\u0142a on jak aktywator dla probiotyk\u00f3w w organizmie i wspiera <a href=\"https:\/\/www.lraloeverashop.eu\/pl\/produkt\/probiotyki-dla-dzieci-pro-12-plus\/\"><strong>zdrow\u0105 r\u00f3wnowag\u0119 mikroflory jelitowej<\/strong><\/a>.<\/p>\n","protected":false},"excerpt":{"rendered":"<ul>\n<li><span style=\"color: #ff0000;\"><strong>Nowa, zoptymalizowana formu\u0142a<\/strong><\/span><\/li>\n<li>Zoptymalizowana formu\u0142a z kompleksem TRIPLEBIOTIC i podw\u00f3jn\u0105 enkapsulacj\u0105<\/li>\n<li>Prebiotyki, bakterie i postbiotyki<\/li>\n<li>1 miliard bakterii w kapsu\u0142ce z 12 r\u00f3\u017cnych szczep\u00f3w bakteryjnych<\/li>\n<li>Sparcie dla og\u00f3lnego dobrego samopoczucia<\/li>\n<li>Zawarto\u015b\u0107: 30 kapsu\u0142ek<\/li>\n<\/ul>\n<p style=\"text-align: left;\"><span style=\"color: #ff0000;\"><a style=\"color: #ff0000;\" href=\"https:\/\/shop.lrworld.com\/openpao?PHP=0vFlt7jT938BEnBI3a6e9w%3D%3D\"><span style=\"font-size: 14pt;\"><strong>Zarejestruj si\u0119 i oszcz\u0119dzaj 35% przy ka\u017cdym zam\u00f3wieniu<\/strong><\/span><\/a><\/span><\/p>\n","protected":false},"featured_media":26947,"comment_status":"open","ping_status":"closed","template":"","meta":{"_kad_blocks_custom_css":"","_kad_blocks_head_custom_js":"","_kad_blocks_body_custom_js":"","_kad_blocks_footer_custom_js":"","_kadence_starter_templates_imported_post":false,"_kad_post_transparent":"default","_kad_post_title":"","_kad_post_layout":"default","_kad_post_sidebar_id":"","_kad_post_content_style":"default","_kad_post_vertical_padding":"default","_kad_post_feature":"","_kad_post_feature_position":"","_kad_post_header":false,"_kad_post_footer":false,"_kad_post_classname":""},"product_brand":[],"product_cat":[1105,1097,1091,1100],"product_tag":[1136],"class_list":{"0":"post-28829","1":"product","2":"type-product","3":"status-publish","4":"has-post-thumbnail","6":"product_cat-jelita-trawienie","7":"product_cat-probiotyki","8":"product_cat-produkty-specjalne","9":"product_cat-specjalisci","10":"product_tag-wzmacniacz-odpornosci","12":"first","13":"instock","14":"taxable","15":"shipping-taxable","16":"purchasable","17":"product-type-simple","18":"entry","19":"content-bg","20":"loop-entry"},"yoast_head":"<!-- This site is optimized with the Yoast SEO Premium plugin v27.5 (Yoast SEO v27.5) - https:\/\/yoast.com\/product\/yoast-seo-premium-wordpress\/ -->\n<title>Probiotyki na Jelita Pro 12 Plus Kapsu\u0142ki dla Zdrowia i Odporno\u015bci<\/title>\n<meta name=\"description\" content=\"Probiotyki na Jelita Pro 12 Plus Kapsu\u0142ki z 12 szczep\u00f3w, 1 mld kultur! Wspieraj trawienie, usu\u0144 wzd\u0119cia, wzmocnij odporno\u015b\u0107 i poczuj lekko\u015b\u0107 ka\u017cdego dnia!\" \/>\n<meta name=\"robots\" content=\"index, follow, max-snippet:-1, max-image-preview:large, max-video-preview:-1\" \/>\n<link rel=\"canonical\" href=\"https:\/\/www.lraloeverashop.eu\/pl\/produkt\/probiotyki-na-jelita-pro-12-plus\/\" \/>\n<meta property=\"og:locale\" content=\"pl_PL\" \/>\n<meta property=\"og:type\" content=\"article\" \/>\n<meta property=\"og:title\" content=\"Probiotyki na Jelita Pro 12 Plus\" \/>\n<meta property=\"og:description\" content=\"Probiotyki na Jelita Pro 12 Plus Kapsu\u0142ki z 12 szczep\u00f3w, 1 mld kultur! Wspieraj trawienie, usu\u0144 wzd\u0119cia, wzmocnij odporno\u015b\u0107 i poczuj lekko\u015b\u0107 ka\u017cdego dnia!\" \/>\n<meta property=\"og:url\" content=\"https:\/\/www.lraloeverashop.eu\/pl\/produkt\/probiotyki-na-jelita-pro-12-plus\/\" \/>\n<meta property=\"og:site_name\" content=\"Lr Aloe Vera Shop\" \/>\n<meta property=\"article:publisher\" content=\"https:\/\/www.facebook.com\/lraloeverashop.eu\" \/>\n<meta property=\"article:modified_time\" content=\"2026-04-27T19:54:23+00:00\" \/>\n<meta property=\"og:image\" content=\"https:\/\/www.lraloeverashop.eu\/wp-content\/uploads\/2024\/05\/Pro-12-Plus-Capsules.jpeg\" \/>\n\t<meta property=\"og:image:width\" content=\"1200\" \/>\n\t<meta property=\"og:image:height\" content=\"1200\" \/>\n\t<meta property=\"og:image:type\" content=\"image\/jpeg\" \/>\n<meta name=\"twitter:card\" content=\"summary_large_image\" \/>\n<meta name=\"twitter:site\" content=\"@natur__kosmetik\" \/>\n<script type=\"application\/ld+json\" class=\"yoast-schema-graph\">{\"@context\":\"https:\\\/\\\/schema.org\",\"@graph\":[{\"@type\":[\"WebPage\",\"ItemPage\"],\"@id\":\"https:\\\/\\\/www.lraloeverashop.eu\\\/pl\\\/produkt\\\/probiotyki-na-jelita-pro-12-plus\\\/\",\"url\":\"https:\\\/\\\/www.lraloeverashop.eu\\\/pl\\\/produkt\\\/probiotyki-na-jelita-pro-12-plus\\\/\",\"name\":\"Probiotyki na Jelita Pro 12 Plus Kapsu\u0142ki dla Zdrowia i Odporno\u015bci\",\"isPartOf\":{\"@id\":\"https:\\\/\\\/www.lraloeverashop.eu\\\/pl\\\/#website\"},\"primaryImageOfPage\":{\"@id\":\"https:\\\/\\\/www.lraloeverashop.eu\\\/pl\\\/produkt\\\/probiotyki-na-jelita-pro-12-plus\\\/#primaryimage\"},\"image\":{\"@id\":\"https:\\\/\\\/www.lraloeverashop.eu\\\/pl\\\/produkt\\\/probiotyki-na-jelita-pro-12-plus\\\/#primaryimage\"},\"thumbnailUrl\":\"https:\\\/\\\/www.lraloeverashop.eu\\\/wp-content\\\/uploads\\\/2024\\\/05\\\/Pro-12-Plus-Capsules.jpeg\",\"datePublished\":\"2024-05-01T14:10:23+00:00\",\"dateModified\":\"2026-04-27T19:54:23+00:00\",\"description\":\"Probiotyki na Jelita Pro 12 Plus Kapsu\u0142ki z 12 szczep\u00f3w, 1 mld kultur! Wspieraj trawienie, usu\u0144 wzd\u0119cia, wzmocnij odporno\u015b\u0107 i poczuj lekko\u015b\u0107 ka\u017cdego dnia!\",\"breadcrumb\":{\"@id\":\"https:\\\/\\\/www.lraloeverashop.eu\\\/pl\\\/produkt\\\/probiotyki-na-jelita-pro-12-plus\\\/#breadcrumb\"},\"inLanguage\":\"pl-PL\",\"potentialAction\":[{\"@type\":\"ReadAction\",\"target\":[\"https:\\\/\\\/www.lraloeverashop.eu\\\/pl\\\/produkt\\\/probiotyki-na-jelita-pro-12-plus\\\/\"]}]},{\"@type\":\"ImageObject\",\"inLanguage\":\"pl-PL\",\"@id\":\"https:\\\/\\\/www.lraloeverashop.eu\\\/pl\\\/produkt\\\/probiotyki-na-jelita-pro-12-plus\\\/#primaryimage\",\"url\":\"https:\\\/\\\/www.lraloeverashop.eu\\\/wp-content\\\/uploads\\\/2024\\\/05\\\/Pro-12-Plus-Capsules.jpeg\",\"contentUrl\":\"https:\\\/\\\/www.lraloeverashop.eu\\\/wp-content\\\/uploads\\\/2024\\\/05\\\/Pro-12-Plus-Capsules.jpeg\",\"width\":1200,\"height\":1200,\"caption\":\"Lr Lifetakt Probiotyki na Jelita Pro 12 Plus z bakteriami i postbiotykami\"},{\"@type\":\"BreadcrumbList\",\"@id\":\"https:\\\/\\\/www.lraloeverashop.eu\\\/pl\\\/produkt\\\/probiotyki-na-jelita-pro-12-plus\\\/#breadcrumb\",\"itemListElement\":[{\"@type\":\"ListItem\",\"position\":1,\"name\":\"Home\",\"item\":\"https:\\\/\\\/www.lraloeverashop.eu\\\/pl\\\/\"},{\"@type\":\"ListItem\",\"position\":2,\"name\":\"Sklep\",\"item\":\"https:\\\/\\\/www.lraloeverashop.eu\\\/pl\\\/sklep\\\/\"},{\"@type\":\"ListItem\",\"position\":3,\"name\":\"Probiotyki na Jelita Pro 12 Plus\"}]},{\"@type\":\"WebSite\",\"@id\":\"https:\\\/\\\/www.lraloeverashop.eu\\\/pl\\\/#website\",\"url\":\"https:\\\/\\\/www.lraloeverashop.eu\\\/pl\\\/\",\"name\":\"Lr Aloe Vera Shop\",\"description\":\"High Quality Lr Aloe Vera Gel, Aloe Vera Cream and Shampoo\",\"publisher\":{\"@id\":\"https:\\\/\\\/www.lraloeverashop.eu\\\/pl\\\/#organization\"},\"alternateName\":\"LR\",\"potentialAction\":[{\"@type\":\"SearchAction\",\"target\":{\"@type\":\"EntryPoint\",\"urlTemplate\":\"https:\\\/\\\/www.lraloeverashop.eu\\\/pl\\\/?s={search_term_string}\"},\"query-input\":{\"@type\":\"PropertyValueSpecification\",\"valueRequired\":true,\"valueName\":\"search_term_string\"}}],\"inLanguage\":\"pl-PL\"},{\"@type\":\"Organization\",\"@id\":\"https:\\\/\\\/www.lraloeverashop.eu\\\/pl\\\/#organization\",\"name\":\"Sklep Lr Aloe Vera\",\"alternateName\":\"LR\",\"url\":\"https:\\\/\\\/www.lraloeverashop.eu\\\/pl\\\/\",\"logo\":{\"@type\":\"ImageObject\",\"inLanguage\":\"pl-PL\",\"@id\":\"https:\\\/\\\/www.lraloeverashop.eu\\\/pl\\\/#\\\/schema\\\/logo\\\/image\\\/\",\"url\":\"https:\\\/\\\/www.lraloeverashop.eu\\\/wp-content\\\/uploads\\\/2022\\\/09\\\/cropped-Lr-Aloe-Vera-Shop.jpg\",\"contentUrl\":\"https:\\\/\\\/www.lraloeverashop.eu\\\/wp-content\\\/uploads\\\/2022\\\/09\\\/cropped-Lr-Aloe-Vera-Shop.jpg\",\"width\":228,\"height\":76,\"caption\":\"Sklep Lr Aloe Vera\"},\"image\":{\"@id\":\"https:\\\/\\\/www.lraloeverashop.eu\\\/pl\\\/#\\\/schema\\\/logo\\\/image\\\/\"},\"sameAs\":[\"https:\\\/\\\/www.facebook.com\\\/lraloeverashop.eu\",\"https:\\\/\\\/x.com\\\/natur__kosmetik\",\"https:\\\/\\\/www.youtube.com\\\/channel\\\/UC5oN7BJ8nfYb8RpVtjwDEBA\",\"https:\\\/\\\/www.instagram.com\\\/lrbeautyeu\\\/\"],\"description\":\"Sklep LR Aloe Vera to Twoje zaufane \u017ar\u00f3d\u0142o wysokiej jako\u015bci produkt\u00f3w LR Health & Beauty wyprodukowanych w Niemczech. Oferujemy wysokiej jako\u015bci produkty do piel\u0119gnacji sk\u00f3ry, od\u017cywiania i przeciwstarzeniowe z aloesem, stworzone z czystych sk\u0142adnik\u00f3w i poparte badaniami naukowymi. Odkryj naturaln\u0105 piel\u0119gnacj\u0119, kt\u00f3ra regeneruje, chroni i rewitalizuje Twoj\u0105 sk\u00f3r\u0119 \u2014 i korzystaj z ekskluzywnych comiesi\u0119cznych ofert na nasze bestsellerowe produkty LR Aloe Vera.\\nRozpocznij swoj\u0105 naturaln\u0105 piel\u0119gnacj\u0119 sk\u00f3ry ju\u017c dzi\u015b i poczuj r\u00f3\u017cnic\u0119.\",\"email\":\"info@lraloeverashop.eu\",\"telephone\":\"+49 17670609653\",\"legalName\":\"Lr Aloe Vera Shop\",\"foundingDate\":\"2018-04-21\",\"numberOfEmployees\":{\"@type\":\"QuantitativeValue\",\"minValue\":\"1\",\"maxValue\":\"10\"}}]}<\/script>\n<meta property=\"product:price:amount\" content=\"51.49\" \/>\n<meta property=\"product:price:currency\" content=\"EUR\" \/>\n<meta property=\"og:availability\" content=\"instock\" \/>\n<meta property=\"product:availability\" content=\"instock\" \/>\n<meta property=\"product:retailer_item_id\" content=\"81180-1PL\" \/>\n<meta property=\"product:condition\" content=\"new\" \/>\n<!-- \/ Yoast SEO Premium plugin. -->","yoast_head_json":{"title":"Probiotyki na Jelita Pro 12 Plus Kapsu\u0142ki dla Zdrowia i Odporno\u015bci","description":"Probiotyki na Jelita Pro 12 Plus Kapsu\u0142ki z 12 szczep\u00f3w, 1 mld kultur! Wspieraj trawienie, usu\u0144 wzd\u0119cia, wzmocnij odporno\u015b\u0107 i poczuj lekko\u015b\u0107 ka\u017cdego dnia!","robots":{"index":"index","follow":"follow","max-snippet":"max-snippet:-1","max-image-preview":"max-image-preview:large","max-video-preview":"max-video-preview:-1"},"canonical":"https:\/\/www.lraloeverashop.eu\/pl\/produkt\/probiotyki-na-jelita-pro-12-plus\/","og_locale":"pl_PL","og_type":"article","og_title":"Probiotyki na Jelita Pro 12 Plus","og_description":"Probiotyki na Jelita Pro 12 Plus Kapsu\u0142ki z 12 szczep\u00f3w, 1 mld kultur! Wspieraj trawienie, usu\u0144 wzd\u0119cia, wzmocnij odporno\u015b\u0107 i poczuj lekko\u015b\u0107 ka\u017cdego dnia!","og_url":"https:\/\/www.lraloeverashop.eu\/pl\/produkt\/probiotyki-na-jelita-pro-12-plus\/","og_site_name":"Lr Aloe Vera Shop","article_publisher":"https:\/\/www.facebook.com\/lraloeverashop.eu","article_modified_time":"2026-04-27T19:54:23+00:00","og_image":[{"width":1200,"height":1200,"url":"https:\/\/www.lraloeverashop.eu\/wp-content\/uploads\/2024\/05\/Pro-12-Plus-Capsules.jpeg","type":"image\/jpeg"}],"twitter_card":"summary_large_image","twitter_site":"@natur__kosmetik","schema":{"@context":"https:\/\/schema.org","@graph":[{"@type":["WebPage","ItemPage"],"@id":"https:\/\/www.lraloeverashop.eu\/pl\/produkt\/probiotyki-na-jelita-pro-12-plus\/","url":"https:\/\/www.lraloeverashop.eu\/pl\/produkt\/probiotyki-na-jelita-pro-12-plus\/","name":"Probiotyki na Jelita Pro 12 Plus Kapsu\u0142ki dla Zdrowia i Odporno\u015bci","isPartOf":{"@id":"https:\/\/www.lraloeverashop.eu\/pl\/#website"},"primaryImageOfPage":{"@id":"https:\/\/www.lraloeverashop.eu\/pl\/produkt\/probiotyki-na-jelita-pro-12-plus\/#primaryimage"},"image":{"@id":"https:\/\/www.lraloeverashop.eu\/pl\/produkt\/probiotyki-na-jelita-pro-12-plus\/#primaryimage"},"thumbnailUrl":"https:\/\/www.lraloeverashop.eu\/wp-content\/uploads\/2024\/05\/Pro-12-Plus-Capsules.jpeg","datePublished":"2024-05-01T14:10:23+00:00","dateModified":"2026-04-27T19:54:23+00:00","description":"Probiotyki na Jelita Pro 12 Plus Kapsu\u0142ki z 12 szczep\u00f3w, 1 mld kultur! Wspieraj trawienie, usu\u0144 wzd\u0119cia, wzmocnij odporno\u015b\u0107 i poczuj lekko\u015b\u0107 ka\u017cdego dnia!","breadcrumb":{"@id":"https:\/\/www.lraloeverashop.eu\/pl\/produkt\/probiotyki-na-jelita-pro-12-plus\/#breadcrumb"},"inLanguage":"pl-PL","potentialAction":[{"@type":"ReadAction","target":["https:\/\/www.lraloeverashop.eu\/pl\/produkt\/probiotyki-na-jelita-pro-12-plus\/"]}]},{"@type":"ImageObject","inLanguage":"pl-PL","@id":"https:\/\/www.lraloeverashop.eu\/pl\/produkt\/probiotyki-na-jelita-pro-12-plus\/#primaryimage","url":"https:\/\/www.lraloeverashop.eu\/wp-content\/uploads\/2024\/05\/Pro-12-Plus-Capsules.jpeg","contentUrl":"https:\/\/www.lraloeverashop.eu\/wp-content\/uploads\/2024\/05\/Pro-12-Plus-Capsules.jpeg","width":1200,"height":1200,"caption":"Lr Lifetakt Probiotyki na Jelita Pro 12 Plus z bakteriami i postbiotykami"},{"@type":"BreadcrumbList","@id":"https:\/\/www.lraloeverashop.eu\/pl\/produkt\/probiotyki-na-jelita-pro-12-plus\/#breadcrumb","itemListElement":[{"@type":"ListItem","position":1,"name":"Home","item":"https:\/\/www.lraloeverashop.eu\/pl\/"},{"@type":"ListItem","position":2,"name":"Sklep","item":"https:\/\/www.lraloeverashop.eu\/pl\/sklep\/"},{"@type":"ListItem","position":3,"name":"Probiotyki na Jelita Pro 12 Plus"}]},{"@type":"WebSite","@id":"https:\/\/www.lraloeverashop.eu\/pl\/#website","url":"https:\/\/www.lraloeverashop.eu\/pl\/","name":"Lr Aloe Vera Shop","description":"High Quality Lr Aloe Vera Gel, Aloe Vera Cream and Shampoo","publisher":{"@id":"https:\/\/www.lraloeverashop.eu\/pl\/#organization"},"alternateName":"LR","potentialAction":[{"@type":"SearchAction","target":{"@type":"EntryPoint","urlTemplate":"https:\/\/www.lraloeverashop.eu\/pl\/?s={search_term_string}"},"query-input":{"@type":"PropertyValueSpecification","valueRequired":true,"valueName":"search_term_string"}}],"inLanguage":"pl-PL"},{"@type":"Organization","@id":"https:\/\/www.lraloeverashop.eu\/pl\/#organization","name":"Sklep Lr Aloe Vera","alternateName":"LR","url":"https:\/\/www.lraloeverashop.eu\/pl\/","logo":{"@type":"ImageObject","inLanguage":"pl-PL","@id":"https:\/\/www.lraloeverashop.eu\/pl\/#\/schema\/logo\/image\/","url":"https:\/\/www.lraloeverashop.eu\/wp-content\/uploads\/2022\/09\/cropped-Lr-Aloe-Vera-Shop.jpg","contentUrl":"https:\/\/www.lraloeverashop.eu\/wp-content\/uploads\/2022\/09\/cropped-Lr-Aloe-Vera-Shop.jpg","width":228,"height":76,"caption":"Sklep Lr Aloe Vera"},"image":{"@id":"https:\/\/www.lraloeverashop.eu\/pl\/#\/schema\/logo\/image\/"},"sameAs":["https:\/\/www.facebook.com\/lraloeverashop.eu","https:\/\/x.com\/natur__kosmetik","https:\/\/www.youtube.com\/channel\/UC5oN7BJ8nfYb8RpVtjwDEBA","https:\/\/www.instagram.com\/lrbeautyeu\/"],"description":"Sklep LR Aloe Vera to Twoje zaufane \u017ar\u00f3d\u0142o wysokiej jako\u015bci produkt\u00f3w LR Health & Beauty wyprodukowanych w Niemczech. Oferujemy wysokiej jako\u015bci produkty do piel\u0119gnacji sk\u00f3ry, od\u017cywiania i przeciwstarzeniowe z aloesem, stworzone z czystych sk\u0142adnik\u00f3w i poparte badaniami naukowymi. Odkryj naturaln\u0105 piel\u0119gnacj\u0119, kt\u00f3ra regeneruje, chroni i rewitalizuje Twoj\u0105 sk\u00f3r\u0119 \u2014 i korzystaj z ekskluzywnych comiesi\u0119cznych ofert na nasze bestsellerowe produkty LR Aloe Vera.\nRozpocznij swoj\u0105 naturaln\u0105 piel\u0119gnacj\u0119 sk\u00f3ry ju\u017c dzi\u015b i poczuj r\u00f3\u017cnic\u0119.","email":"info@lraloeverashop.eu","telephone":"+49 17670609653","legalName":"Lr Aloe Vera Shop","foundingDate":"2018-04-21","numberOfEmployees":{"@type":"QuantitativeValue","minValue":"1","maxValue":"10"}}]},"product_price_amount":"51.49","product_price_currency":"EUR","og_availability":"instock","product_availability":"instock","product_retailer_item_id":"81180-1PL","product_condition":"new"},"taxonomy_info":{"product_cat":[{"value":1105,"label":"Jelita &amp; Trawienie"},{"value":1097,"label":"Probiotyki"},{"value":1091,"label":"Produkty specjalne"},{"value":1100,"label":"Specjali\u015bci"}],"product_tag":[{"value":1136,"label":"Wzmacniacz odporno\u015bci"}]},"featured_image_src_large":["https:\/\/www.lraloeverashop.eu\/wp-content\/uploads\/2024\/05\/Pro-12-Plus-Capsules-1024x1024.jpeg",1024,1024,true],"author_info":[],"comment_info":0,"_links":{"self":[{"href":"https:\/\/www.lraloeverashop.eu\/pl\/wp-json\/wp\/v2\/product\/28829","targetHints":{"allow":["GET"]}}],"collection":[{"href":"https:\/\/www.lraloeverashop.eu\/pl\/wp-json\/wp\/v2\/product"}],"about":[{"href":"https:\/\/www.lraloeverashop.eu\/pl\/wp-json\/wp\/v2\/types\/product"}],"replies":[{"embeddable":true,"href":"https:\/\/www.lraloeverashop.eu\/pl\/wp-json\/wp\/v2\/comments?post=28829"}],"wp:featuredmedia":[{"embeddable":true,"href":"https:\/\/www.lraloeverashop.eu\/pl\/wp-json\/wp\/v2\/media\/26947"}],"wp:attachment":[{"href":"https:\/\/www.lraloeverashop.eu\/pl\/wp-json\/wp\/v2\/media?parent=28829"}],"wp:term":[{"taxonomy":"product_brand","embeddable":true,"href":"https:\/\/www.lraloeverashop.eu\/pl\/wp-json\/wp\/v2\/product_brand?post=28829"},{"taxonomy":"product_cat","embeddable":true,"href":"https:\/\/www.lraloeverashop.eu\/pl\/wp-json\/wp\/v2\/product_cat?post=28829"},{"taxonomy":"product_tag","embeddable":true,"href":"https:\/\/www.lraloeverashop.eu\/pl\/wp-json\/wp\/v2\/product_tag?post=28829"}],"curies":[{"name":"wp","href":"https:\/\/api.w.org\/{rel}","templated":true}]}}