{"id":28821,"date":"2024-05-02T15:40:33","date_gmt":"2024-05-02T13:40:33","guid":{"rendered":"https:\/\/www.lraloeverashop.eu\/product\/liver-support-kapsulki\/"},"modified":"2026-04-27T21:49:55","modified_gmt":"2026-04-27T19:49:55","slug":"liver-support-kapsulki","status":"publish","type":"product","link":"https:\/\/www.lraloeverashop.eu\/pl\/produkt\/liver-support-kapsulki\/","title":{"rendered":"Liver Support Kapsu\u0142ki"},"content":{"rendered":"<h2><strong><span style=\"font-size: 16pt; color: #000000;\">Liver Support Kapsu\u0142ki wspomagaj\u0105ce w\u0105trob\u0119<\/span><\/strong><\/h2>\n<p><span style=\"font-size: 14pt;\"><strong>Liver Support Kapsu\u0142ki wspomagaj\u0105 funkcjonowanie w\u0105troby<\/strong><\/span><\/p>\n<p>Jest to wa\u017cne dla zaopatrzenia w sk\u0142adniki od\u017cywcze\u00b9, detoksykacji\u00b9 i ochrony jego funkcji. Lr Lifetakt Liver Support Kapsu\u0142ki wwspomagaj\u0105 procesy zachodz\u0105ce w organizmie\u00b9\u00b2 dzi\u0119ki unikalnemu 3-stopniowemu po\u0142\u0105czeniu sk\u0142adnik\u00f3w:<\/p>\n<p><strong>1. Zaopatrzenie i metabolizm\u00b9:<\/strong><br \/>\nWspieranie w\u0105troby w jej funkcji regulacji sk\u0142adnik\u00f3w od\u017cywczych\u00b9 \u2013 obejmuje to na przyk\u0142ad B. metabolizm sk\u0142adnik\u00f3w od\u017cywczych, takich jak w\u0119glowodany, bia\u0142ka i t\u0142uszcze oraz magazynowanie witamin (takich jak A, D, B12) i minera\u0142\u00f3w (takich jak \u017celazo, mied\u017a, i selen).<\/p>\n<p><strong>2. Detoksykacja\u00b9<\/strong><br \/>\nWspomaganie w\u0105troby w usuwaniu\u00b9, rozk\u0142adzie, koncentracji i wydalaniu substancji szkodliwych, w szczeg\u00f3lno\u015bci poprzez wspomaganie syntezy cysteiny\u00b3\u2074 w procesach detoksykacji w\u0105troby\u00b9.<\/p>\n<p><strong>3. Ochrona:<\/strong><br \/>\nMinera\u0142 mangan chroni kom\u00f3rki przed stresem oksydacyjnym poprzez procesy metaboliczne i detoksykacj\u0119\u00b2. Wspieraj\u0105c syntez\u0119 cysteiny\u00b3\u2074, w\u0105troba jest chroniona (dzi\u0119ki tworzeniu przeciwutleniacza glutationu i tauryny\u00b3).<\/p>\n<p>Lr Liver Support Kapsu\u0142ki zawieraj\u0105 mi\u0119dzy innymi artemizj\u0119, ostrocen plamisty i chlorell\u0119. Ka\u017cda ro\u015blina lub sk\u0142adnik ma swoje szczeg\u00f3lne zalety, a w po\u0142\u0105czeniu mog\u0105 rozwin\u0105\u0107 si\u0119 idealne <a href=\"https:\/\/www.lraloeverashop.eu\/pl\/produkt\/lr-active-freedom-kapsulki\/\"><strong>efekty synergiczne<\/strong><\/a>. Sk\u0142adniki kuracji metabolizmu jelitowego LR dzia\u0142aj\u0105 najskuteczniej jako gracz zespo\u0142owy i promuj\u0105 zdrow\u0105 r\u00f3wnowag\u0119 w organizmie.<\/p>\n<h3><strong><span style=\"font-size: 16pt; color: #000000;\">Spos\u00f3b u\u017cycia<\/span><\/strong><\/h3>\n<p><strong>Zalecane dawkowanie:<\/strong> Raz dziennie \u2013 najlepiej wieczorem \u2013 nale\u017cy przyjmowa\u0107 jedn\u0105 z kapsu\u0142ek Liver Support popijaj\u0105c szklank\u0105 p\u0142ynu.<\/p>\n<p>Nie nale\u017cy przekracza\u0107 zalecanej dawki dobowej. Suplementy diety nie s\u0105 substytutem zr\u00f3\u017cnicowanej i zbilansowanej diety, kt\u00f3ra jest wa\u017cna wraz ze zdrowym trybem \u017cycia. Przechowywa\u0107 produkt w miejscu niedost\u0119pnym dla ma\u0142ych dzieci<\/p>\n<p>Przechowywa\u0107 szczelnie zamkni\u0119te, w suchym miejscu, w temperaturze pokojowej. Po otwarciu ponownie szczelnie zamkn\u0105\u0107.<\/p>\n<h4><strong><span style=\"font-size: 16pt; color: #000000;\">Czy wiesz, \u017ce&#8230;<\/span><\/strong><\/h4>\n<p>Ka\u017cda ro\u015blina lub sk\u0142adnik ma swoje szczeg\u00f3lne zalety, niekt\u00f3rzy s\u0105 nawet prawdziwymi specjalistami. Jednak w interakcji mog\u0105 rozwin\u0105\u0107 si\u0119 szczeg\u00f3lnie skuteczne efekty synergiczne, kt\u00f3re wspieraj\u0105 naturalne utrzymanie zdrowia. Sk\u0142adniki kuracji metabolizmu jelitowego Kapsu\u0142ki wspomagaj\u0105ce w\u0105trob\u0119 dzia\u0142aj\u0105 najskuteczniej razem i promuj\u0105 r\u00f3wnowag\u0119 w organizmie.<\/p>\n<p><strong>OSTROPEST PLAMISTY<\/strong><br \/>\n<strong>Ochrona w\u0105troby:<\/strong> Ostropest plamisty jest najbardziej znany ze swojego pozytywnego wp\u0142ywu na zdrowie w\u0105troby\u00b9. Uwa\u017ca si\u0119, \u017ce sylimaryna, g\u0142\u00f3wny sk\u0142adnik ostropestu plamistego, mo\u017ce wspomaga\u0107 regeneracj\u0119 kom\u00f3rek w\u0105troby.<\/p>\n<p><strong>Detoksykacja w\u0105troby:<\/strong> Ostropest plamisty mo\u017ce r\u00f3wnie\u017c wspomaga\u0107 funkcj\u0119 detoksykacji\u00b9 w\u0105troby poprzez zwi\u0119kszenie aktywno\u015bci enzym\u00f3w bior\u0105cych udzia\u0142 w rozk\u0142adzie toksyn i zanieczyszcze\u0144.<br \/>\nWsparcie: Bior\u0105c ostropest plamisty lub sylimaryn\u0119 jest cz\u0119sto stosowany jako suplement wspomagaj\u0105cy funkcjonowanie w\u0105troby.<\/p>\n<p><strong>ARTEMISIA<\/strong><br \/>\nArtemisia absinthium, powszechnie znana jako pio\u0142un, ma r\u00f3\u017cnorodne zastosowania ze wzgl\u0119du na swoje wszechstronne w\u0142a\u015bciwo\u015bci i zalety.<\/p>\n<p><strong>Wspomaganie trawienia:<\/strong> Artemizja od dawna jest tradycyjnie stosowana w celu wspomagania trawienia. Uwa\u017ca si\u0119, \u017ce Artemisia mo\u017ce stymulowa\u0107 produkcj\u0119 sok\u00f3w trawiennych i dlatego mo\u017ce by\u0107 pomocna w przypadku <a href=\"https:\/\/www.lraloeverashop.eu\/pl\/produkt\/probiotyki-na-jelita-pro-12-plus\/\"><strong>problem\u00f3w \u017co\u0142\u0105dkowo-jelitowych<\/strong><\/a>, takich jak gazy i wzd\u0119cia.<\/p>\n<p><strong>Dzia\u0142anie antyoksydacyjne:<\/strong> Artemizja naturalnie zawiera przeciwutleniacze\u00b2, takie jak polifenole, flawonoidy i terpeny. Wiadomo, \u017ce przeciwutleniacze pomagaj\u0105 chroni\u0107 kom\u00f3rki przed stresem oksydacyjnym i uszkodzeniem przez wolne rodniki.<\/p>\n<p><strong>CYSTEINA<\/strong><br \/>\nCysteina w Liver Support kapsu\u0142kach wspomagaj\u0105cych w\u0105trob\u0119 jest niezb\u0119dnym aminokwasem, kt\u00f3ry odgrywa rol\u0119 w wielu funkcjach \u017cyciowych. Niedob\u00f3r cysteiny lub jej prekursor\u00f3w mo\u017ce negatywnie wp\u0142ywa\u0107 na r\u00f3\u017cne aspekty metabolizmu organizmu i upo\u015bledza\u0107 funkcje w\u0105troby i innych narz\u0105d\u00f3w. Dlatego <a href=\"https:\/\/www.lraloeverashop.eu\/pl\/produkt\/tabletki-na-watrobe-liver-support\/\"><strong>zdolno\u015b\u0107 w\u0105troby<\/strong><\/a> do syntezy cysteiny jest wa\u017cna dla utrzymania zdrowego metabolizmu i odpowiedniej funkcji detoksykacji.<\/p>\n<p><strong>CHLORELLA<\/strong><br \/>\nChlorella to alga s\u0142odkowodna ceniona jako suplement diety ze wzgl\u0119du na swoje w\u0142a\u015bciwo\u015bci od\u017cywcze i potencjalne korzy\u015bci zdrowotne.<\/p>\n<p><strong>W\u0142a\u015bciwo\u015bci antyoksydacyjne:<\/strong> Chlorella w Liver Support kapsu\u0142kach wspomagaj\u0105cych w\u0105trob\u0119 zawiera naturalne przeciwutleniacze, takie jak witamina C, witamina E i karotenoidy. Przeciwutleniacze chroni\u0105 organizm przed stresem oksydacyjnym i mog\u0105 pom\u00f3c zminimalizowa\u0107 uszkodzenia kom\u00f3rek spowodowane przez wolne rodniki.<\/p>\n<p><strong>Bogate w sk\u0142adniki od\u017cywcze: <\/strong><span class=\"jCAhz ChMk0b\"><span class=\"ryNqvb\">Chlorella jest bogata w r\u00f3\u017cnorodne sk\u0142adniki od\u017cywcze, w tym bia\u0142ka, witaminy (takie jak witaminy z grupy B, witamina C i witamina K), minera\u0142y (takie jak \u017celazo, magnez i cynk), b\u0142onnik i substancje fitochemiczne.<\/span><\/span><span class=\"jCAhz ChMk0b\"><span class=\"ryNqvb\">Taka kompozycja sk\u0142adnik\u00f3w od\u017cywczych sprawia, \u017ce chlorella jest potencjalnie od\u017cywczym suplementem wspomagaj\u0105cym zdrowie.<\/span><\/span><\/p>\n<p>1. Cholina przyczynia si\u0119 do utrzymania prawid\u0142owej funkcji w\u0105troby.<br \/>\n2. Mangan pomaga chroni\u0107 kom\u00f3rki przed stresem oksydacyjnym.<br \/>\n3. Witamina B6 przyczynia si\u0119 do prawid\u0142owej syntezy cysteiny.<br \/>\n4. olibden przyczynia si\u0119 do prawid\u0142owego metabolizmu siarki i aminokwas\u00f3w.<\/p>\n","protected":false},"excerpt":{"rendered":"<p>Innowacyjna formu\u0142a z unikalnym potr\u00f3jnym po\u0142\u0105czeniem:<\/p>\n<ul>\n<li><strong>1. Detoksykacja:<\/strong> Wspomaganie w\u0105troby w procesie usuwania toksyn\u00b9<\/li>\n<li><strong>2. Mangan<\/strong> chroni kom\u00f3rki przed stresem oksydacyjnym\u00b2<\/li>\n<li><strong>3. Witamina B6<\/strong> przyczynia si\u0119 do syntezy wa\u017cnego aminokwasu cysteiny<\/li>\n<li>Zawiera bylic\u0119, ostropest plamisty, chlorell\u0119, cholin\u0119, mangan, molibden i witamin\u0119 B6<\/li>\n<li><strong>Zawarto\u015b\u0107:<\/strong> 30 kapsu\u0142ek<\/li>\n<\/ul>\n<p style=\"text-align: left;\"><span style=\"color: #ff0000;\"><a style=\"color: #ff0000;\" href=\"https:\/\/shop.lrworld.com\/openpao?PHP=0vFlt7jT938BEnBI3a6e9w%3D%3D\"><span style=\"font-size: 14pt;\"><strong>Zarejestruj si\u0119 i oszcz\u0119dzaj 35% przy ka\u017cdym zam\u00f3wieniu<\/strong><\/span><\/a><\/span><\/p>\n","protected":false},"featured_media":26946,"comment_status":"open","ping_status":"closed","template":"","meta":{"_kad_blocks_custom_css":"","_kad_blocks_head_custom_js":"","_kad_blocks_body_custom_js":"","_kad_blocks_footer_custom_js":"","_kadence_starter_templates_imported_post":false,"_kad_post_transparent":"default","_kad_post_title":"","_kad_post_layout":"default","_kad_post_sidebar_id":"","_kad_post_content_style":"default","_kad_post_vertical_padding":"default","_kad_post_feature":"","_kad_post_feature_position":"","_kad_post_header":false,"_kad_post_footer":false,"_kad_post_classname":""},"product_brand":[],"product_cat":[1105,1107,1100],"product_tag":[1136],"class_list":{"0":"post-28821","1":"product","2":"type-product","3":"status-publish","4":"has-post-thumbnail","6":"product_cat-jelita-trawienie","7":"product_cat-relaksacja","8":"product_cat-specjalisci","9":"product_tag-wzmacniacz-odpornosci","11":"first","12":"instock","13":"taxable","14":"shipping-taxable","15":"purchasable","16":"product-type-simple","17":"entry","18":"content-bg","19":"loop-entry"},"yoast_head":"<!-- This site is optimized with the Yoast SEO Premium plugin v27.5 (Yoast SEO v27.5) - https:\/\/yoast.com\/product\/yoast-seo-premium-wordpress\/ -->\n<title>Liver Support Kapsu\u0142ki Wspomagaj\u0105ce W\u0105trob\u0119 \u2013 Detoks, Ochrona<\/title>\n<meta name=\"description\" content=\"Kup Liver Support Kapsu\u0142ki i wzmocnij w\u0105trob\u0119! Naturalny detoks, ochrona kom\u00f3rek i energia ka\u017cdego dnia. 30 kapsu\u0142ek w promocyjnej cenie.\" \/>\n<meta name=\"robots\" content=\"index, follow, max-snippet:-1, max-image-preview:large, max-video-preview:-1\" \/>\n<link rel=\"canonical\" href=\"https:\/\/www.lraloeverashop.eu\/pl\/produkt\/liver-support-kapsulki\/\" \/>\n<meta property=\"og:locale\" content=\"pl_PL\" \/>\n<meta property=\"og:type\" content=\"article\" \/>\n<meta property=\"og:title\" content=\"Liver Support Kapsu\u0142ki\" \/>\n<meta property=\"og:description\" content=\"Kup Liver Support Kapsu\u0142ki i wzmocnij w\u0105trob\u0119! Naturalny detoks, ochrona kom\u00f3rek i energia ka\u017cdego dnia. 30 kapsu\u0142ek w promocyjnej cenie.\" \/>\n<meta property=\"og:url\" content=\"https:\/\/www.lraloeverashop.eu\/pl\/produkt\/liver-support-kapsulki\/\" \/>\n<meta property=\"og:site_name\" content=\"Lr Aloe Vera Shop\" \/>\n<meta property=\"article:publisher\" content=\"https:\/\/www.facebook.com\/lraloeverashop.eu\" \/>\n<meta property=\"article:modified_time\" content=\"2026-04-27T19:49:55+00:00\" \/>\n<meta property=\"og:image\" content=\"https:\/\/www.lraloeverashop.eu\/wp-content\/uploads\/2024\/05\/Liver-Support-Capsules.jpeg\" \/>\n\t<meta property=\"og:image:width\" content=\"1200\" \/>\n\t<meta property=\"og:image:height\" content=\"1200\" \/>\n\t<meta property=\"og:image:type\" content=\"image\/jpeg\" \/>\n<meta name=\"twitter:card\" content=\"summary_large_image\" \/>\n<meta name=\"twitter:site\" content=\"@natur__kosmetik\" \/>\n<script type=\"application\/ld+json\" class=\"yoast-schema-graph\">{\"@context\":\"https:\\\/\\\/schema.org\",\"@graph\":[{\"@type\":[\"WebPage\",\"ItemPage\"],\"@id\":\"https:\\\/\\\/www.lraloeverashop.eu\\\/pl\\\/produkt\\\/liver-support-kapsulki\\\/\",\"url\":\"https:\\\/\\\/www.lraloeverashop.eu\\\/pl\\\/produkt\\\/liver-support-kapsulki\\\/\",\"name\":\"Liver Support Kapsu\u0142ki Wspomagaj\u0105ce W\u0105trob\u0119 \u2013 Detoks, Ochrona\",\"isPartOf\":{\"@id\":\"https:\\\/\\\/www.lraloeverashop.eu\\\/pl\\\/#website\"},\"primaryImageOfPage\":{\"@id\":\"https:\\\/\\\/www.lraloeverashop.eu\\\/pl\\\/produkt\\\/liver-support-kapsulki\\\/#primaryimage\"},\"image\":{\"@id\":\"https:\\\/\\\/www.lraloeverashop.eu\\\/pl\\\/produkt\\\/liver-support-kapsulki\\\/#primaryimage\"},\"thumbnailUrl\":\"https:\\\/\\\/www.lraloeverashop.eu\\\/wp-content\\\/uploads\\\/2024\\\/05\\\/Liver-Support-Capsules.jpeg\",\"datePublished\":\"2024-05-02T13:40:33+00:00\",\"dateModified\":\"2026-04-27T19:49:55+00:00\",\"description\":\"Kup Liver Support Kapsu\u0142ki i wzmocnij w\u0105trob\u0119! Naturalny detoks, ochrona kom\u00f3rek i energia ka\u017cdego dnia. 30 kapsu\u0142ek w promocyjnej cenie.\",\"breadcrumb\":{\"@id\":\"https:\\\/\\\/www.lraloeverashop.eu\\\/pl\\\/produkt\\\/liver-support-kapsulki\\\/#breadcrumb\"},\"inLanguage\":\"pl-PL\",\"potentialAction\":[{\"@type\":\"ReadAction\",\"target\":[\"https:\\\/\\\/www.lraloeverashop.eu\\\/pl\\\/produkt\\\/liver-support-kapsulki\\\/\"]}]},{\"@type\":\"ImageObject\",\"inLanguage\":\"pl-PL\",\"@id\":\"https:\\\/\\\/www.lraloeverashop.eu\\\/pl\\\/produkt\\\/liver-support-kapsulki\\\/#primaryimage\",\"url\":\"https:\\\/\\\/www.lraloeverashop.eu\\\/wp-content\\\/uploads\\\/2024\\\/05\\\/Liver-Support-Capsules.jpeg\",\"contentUrl\":\"https:\\\/\\\/www.lraloeverashop.eu\\\/wp-content\\\/uploads\\\/2024\\\/05\\\/Liver-Support-Capsules.jpeg\",\"width\":1200,\"height\":1200,\"caption\":\"Lr Lifetakt Liver Support Kapsu\u0142ki wspomagaj\u0105 w\u0105trob\u0119 minera\u0142ami, witamin\u0105 B6 i ekstraktami ro\u015blinnymi\"},{\"@type\":\"BreadcrumbList\",\"@id\":\"https:\\\/\\\/www.lraloeverashop.eu\\\/pl\\\/produkt\\\/liver-support-kapsulki\\\/#breadcrumb\",\"itemListElement\":[{\"@type\":\"ListItem\",\"position\":1,\"name\":\"Home\",\"item\":\"https:\\\/\\\/www.lraloeverashop.eu\\\/pl\\\/\"},{\"@type\":\"ListItem\",\"position\":2,\"name\":\"Sklep\",\"item\":\"https:\\\/\\\/www.lraloeverashop.eu\\\/pl\\\/sklep\\\/\"},{\"@type\":\"ListItem\",\"position\":3,\"name\":\"Liver Support Kapsu\u0142ki\"}]},{\"@type\":\"WebSite\",\"@id\":\"https:\\\/\\\/www.lraloeverashop.eu\\\/pl\\\/#website\",\"url\":\"https:\\\/\\\/www.lraloeverashop.eu\\\/pl\\\/\",\"name\":\"Lr Aloe Vera Shop\",\"description\":\"High Quality Lr Aloe Vera Gel, Aloe Vera Cream and Shampoo\",\"publisher\":{\"@id\":\"https:\\\/\\\/www.lraloeverashop.eu\\\/pl\\\/#organization\"},\"alternateName\":\"LR\",\"potentialAction\":[{\"@type\":\"SearchAction\",\"target\":{\"@type\":\"EntryPoint\",\"urlTemplate\":\"https:\\\/\\\/www.lraloeverashop.eu\\\/pl\\\/?s={search_term_string}\"},\"query-input\":{\"@type\":\"PropertyValueSpecification\",\"valueRequired\":true,\"valueName\":\"search_term_string\"}}],\"inLanguage\":\"pl-PL\"},{\"@type\":\"Organization\",\"@id\":\"https:\\\/\\\/www.lraloeverashop.eu\\\/pl\\\/#organization\",\"name\":\"Sklep Lr Aloe Vera\",\"alternateName\":\"LR\",\"url\":\"https:\\\/\\\/www.lraloeverashop.eu\\\/pl\\\/\",\"logo\":{\"@type\":\"ImageObject\",\"inLanguage\":\"pl-PL\",\"@id\":\"https:\\\/\\\/www.lraloeverashop.eu\\\/pl\\\/#\\\/schema\\\/logo\\\/image\\\/\",\"url\":\"https:\\\/\\\/www.lraloeverashop.eu\\\/wp-content\\\/uploads\\\/2022\\\/09\\\/cropped-Lr-Aloe-Vera-Shop.jpg\",\"contentUrl\":\"https:\\\/\\\/www.lraloeverashop.eu\\\/wp-content\\\/uploads\\\/2022\\\/09\\\/cropped-Lr-Aloe-Vera-Shop.jpg\",\"width\":228,\"height\":76,\"caption\":\"Sklep Lr Aloe Vera\"},\"image\":{\"@id\":\"https:\\\/\\\/www.lraloeverashop.eu\\\/pl\\\/#\\\/schema\\\/logo\\\/image\\\/\"},\"sameAs\":[\"https:\\\/\\\/www.facebook.com\\\/lraloeverashop.eu\",\"https:\\\/\\\/x.com\\\/natur__kosmetik\",\"https:\\\/\\\/www.youtube.com\\\/channel\\\/UC5oN7BJ8nfYb8RpVtjwDEBA\",\"https:\\\/\\\/www.instagram.com\\\/lrbeautyeu\\\/\"],\"description\":\"Sklep LR Aloe Vera to Twoje zaufane \u017ar\u00f3d\u0142o wysokiej jako\u015bci produkt\u00f3w LR Health & Beauty wyprodukowanych w Niemczech. Oferujemy wysokiej jako\u015bci produkty do piel\u0119gnacji sk\u00f3ry, od\u017cywiania i przeciwstarzeniowe z aloesem, stworzone z czystych sk\u0142adnik\u00f3w i poparte badaniami naukowymi. Odkryj naturaln\u0105 piel\u0119gnacj\u0119, kt\u00f3ra regeneruje, chroni i rewitalizuje Twoj\u0105 sk\u00f3r\u0119 \u2014 i korzystaj z ekskluzywnych comiesi\u0119cznych ofert na nasze bestsellerowe produkty LR Aloe Vera.\\nRozpocznij swoj\u0105 naturaln\u0105 piel\u0119gnacj\u0119 sk\u00f3ry ju\u017c dzi\u015b i poczuj r\u00f3\u017cnic\u0119.\",\"email\":\"info@lraloeverashop.eu\",\"telephone\":\"+49 17670609653\",\"legalName\":\"Lr Aloe Vera Shop\",\"foundingDate\":\"2018-04-21\",\"numberOfEmployees\":{\"@type\":\"QuantitativeValue\",\"minValue\":\"1\",\"maxValue\":\"10\"}}]}<\/script>\n<meta property=\"product:price:amount\" content=\"35.79\" \/>\n<meta property=\"product:price:currency\" content=\"EUR\" \/>\n<meta property=\"og:availability\" content=\"instock\" \/>\n<meta property=\"product:availability\" content=\"instock\" \/>\n<meta property=\"product:retailer_item_id\" content=\"81330-99PL\" \/>\n<meta property=\"product:condition\" content=\"new\" \/>\n<!-- \/ Yoast SEO Premium plugin. -->","yoast_head_json":{"title":"Liver Support Kapsu\u0142ki Wspomagaj\u0105ce W\u0105trob\u0119 \u2013 Detoks, Ochrona","description":"Kup Liver Support Kapsu\u0142ki i wzmocnij w\u0105trob\u0119! Naturalny detoks, ochrona kom\u00f3rek i energia ka\u017cdego dnia. 30 kapsu\u0142ek w promocyjnej cenie.","robots":{"index":"index","follow":"follow","max-snippet":"max-snippet:-1","max-image-preview":"max-image-preview:large","max-video-preview":"max-video-preview:-1"},"canonical":"https:\/\/www.lraloeverashop.eu\/pl\/produkt\/liver-support-kapsulki\/","og_locale":"pl_PL","og_type":"article","og_title":"Liver Support Kapsu\u0142ki","og_description":"Kup Liver Support Kapsu\u0142ki i wzmocnij w\u0105trob\u0119! Naturalny detoks, ochrona kom\u00f3rek i energia ka\u017cdego dnia. 30 kapsu\u0142ek w promocyjnej cenie.","og_url":"https:\/\/www.lraloeverashop.eu\/pl\/produkt\/liver-support-kapsulki\/","og_site_name":"Lr Aloe Vera Shop","article_publisher":"https:\/\/www.facebook.com\/lraloeverashop.eu","article_modified_time":"2026-04-27T19:49:55+00:00","og_image":[{"width":1200,"height":1200,"url":"https:\/\/www.lraloeverashop.eu\/wp-content\/uploads\/2024\/05\/Liver-Support-Capsules.jpeg","type":"image\/jpeg"}],"twitter_card":"summary_large_image","twitter_site":"@natur__kosmetik","schema":{"@context":"https:\/\/schema.org","@graph":[{"@type":["WebPage","ItemPage"],"@id":"https:\/\/www.lraloeverashop.eu\/pl\/produkt\/liver-support-kapsulki\/","url":"https:\/\/www.lraloeverashop.eu\/pl\/produkt\/liver-support-kapsulki\/","name":"Liver Support Kapsu\u0142ki Wspomagaj\u0105ce W\u0105trob\u0119 \u2013 Detoks, Ochrona","isPartOf":{"@id":"https:\/\/www.lraloeverashop.eu\/pl\/#website"},"primaryImageOfPage":{"@id":"https:\/\/www.lraloeverashop.eu\/pl\/produkt\/liver-support-kapsulki\/#primaryimage"},"image":{"@id":"https:\/\/www.lraloeverashop.eu\/pl\/produkt\/liver-support-kapsulki\/#primaryimage"},"thumbnailUrl":"https:\/\/www.lraloeverashop.eu\/wp-content\/uploads\/2024\/05\/Liver-Support-Capsules.jpeg","datePublished":"2024-05-02T13:40:33+00:00","dateModified":"2026-04-27T19:49:55+00:00","description":"Kup Liver Support Kapsu\u0142ki i wzmocnij w\u0105trob\u0119! Naturalny detoks, ochrona kom\u00f3rek i energia ka\u017cdego dnia. 30 kapsu\u0142ek w promocyjnej cenie.","breadcrumb":{"@id":"https:\/\/www.lraloeverashop.eu\/pl\/produkt\/liver-support-kapsulki\/#breadcrumb"},"inLanguage":"pl-PL","potentialAction":[{"@type":"ReadAction","target":["https:\/\/www.lraloeverashop.eu\/pl\/produkt\/liver-support-kapsulki\/"]}]},{"@type":"ImageObject","inLanguage":"pl-PL","@id":"https:\/\/www.lraloeverashop.eu\/pl\/produkt\/liver-support-kapsulki\/#primaryimage","url":"https:\/\/www.lraloeverashop.eu\/wp-content\/uploads\/2024\/05\/Liver-Support-Capsules.jpeg","contentUrl":"https:\/\/www.lraloeverashop.eu\/wp-content\/uploads\/2024\/05\/Liver-Support-Capsules.jpeg","width":1200,"height":1200,"caption":"Lr Lifetakt Liver Support Kapsu\u0142ki wspomagaj\u0105 w\u0105trob\u0119 minera\u0142ami, witamin\u0105 B6 i ekstraktami ro\u015blinnymi"},{"@type":"BreadcrumbList","@id":"https:\/\/www.lraloeverashop.eu\/pl\/produkt\/liver-support-kapsulki\/#breadcrumb","itemListElement":[{"@type":"ListItem","position":1,"name":"Home","item":"https:\/\/www.lraloeverashop.eu\/pl\/"},{"@type":"ListItem","position":2,"name":"Sklep","item":"https:\/\/www.lraloeverashop.eu\/pl\/sklep\/"},{"@type":"ListItem","position":3,"name":"Liver Support Kapsu\u0142ki"}]},{"@type":"WebSite","@id":"https:\/\/www.lraloeverashop.eu\/pl\/#website","url":"https:\/\/www.lraloeverashop.eu\/pl\/","name":"Lr Aloe Vera Shop","description":"High Quality Lr Aloe Vera Gel, Aloe Vera Cream and Shampoo","publisher":{"@id":"https:\/\/www.lraloeverashop.eu\/pl\/#organization"},"alternateName":"LR","potentialAction":[{"@type":"SearchAction","target":{"@type":"EntryPoint","urlTemplate":"https:\/\/www.lraloeverashop.eu\/pl\/?s={search_term_string}"},"query-input":{"@type":"PropertyValueSpecification","valueRequired":true,"valueName":"search_term_string"}}],"inLanguage":"pl-PL"},{"@type":"Organization","@id":"https:\/\/www.lraloeverashop.eu\/pl\/#organization","name":"Sklep Lr Aloe Vera","alternateName":"LR","url":"https:\/\/www.lraloeverashop.eu\/pl\/","logo":{"@type":"ImageObject","inLanguage":"pl-PL","@id":"https:\/\/www.lraloeverashop.eu\/pl\/#\/schema\/logo\/image\/","url":"https:\/\/www.lraloeverashop.eu\/wp-content\/uploads\/2022\/09\/cropped-Lr-Aloe-Vera-Shop.jpg","contentUrl":"https:\/\/www.lraloeverashop.eu\/wp-content\/uploads\/2022\/09\/cropped-Lr-Aloe-Vera-Shop.jpg","width":228,"height":76,"caption":"Sklep Lr Aloe Vera"},"image":{"@id":"https:\/\/www.lraloeverashop.eu\/pl\/#\/schema\/logo\/image\/"},"sameAs":["https:\/\/www.facebook.com\/lraloeverashop.eu","https:\/\/x.com\/natur__kosmetik","https:\/\/www.youtube.com\/channel\/UC5oN7BJ8nfYb8RpVtjwDEBA","https:\/\/www.instagram.com\/lrbeautyeu\/"],"description":"Sklep LR Aloe Vera to Twoje zaufane \u017ar\u00f3d\u0142o wysokiej jako\u015bci produkt\u00f3w LR Health & Beauty wyprodukowanych w Niemczech. Oferujemy wysokiej jako\u015bci produkty do piel\u0119gnacji sk\u00f3ry, od\u017cywiania i przeciwstarzeniowe z aloesem, stworzone z czystych sk\u0142adnik\u00f3w i poparte badaniami naukowymi. Odkryj naturaln\u0105 piel\u0119gnacj\u0119, kt\u00f3ra regeneruje, chroni i rewitalizuje Twoj\u0105 sk\u00f3r\u0119 \u2014 i korzystaj z ekskluzywnych comiesi\u0119cznych ofert na nasze bestsellerowe produkty LR Aloe Vera.\nRozpocznij swoj\u0105 naturaln\u0105 piel\u0119gnacj\u0119 sk\u00f3ry ju\u017c dzi\u015b i poczuj r\u00f3\u017cnic\u0119.","email":"info@lraloeverashop.eu","telephone":"+49 17670609653","legalName":"Lr Aloe Vera Shop","foundingDate":"2018-04-21","numberOfEmployees":{"@type":"QuantitativeValue","minValue":"1","maxValue":"10"}}]},"product_price_amount":"35.79","product_price_currency":"EUR","og_availability":"instock","product_availability":"instock","product_retailer_item_id":"81330-99PL","product_condition":"new"},"taxonomy_info":{"product_cat":[{"value":1105,"label":"Jelita &amp; Trawienie"},{"value":1107,"label":"Relaksacja"},{"value":1100,"label":"Specjali\u015bci"}],"product_tag":[{"value":1136,"label":"Wzmacniacz odporno\u015bci"}]},"featured_image_src_large":["https:\/\/www.lraloeverashop.eu\/wp-content\/uploads\/2024\/05\/Liver-Support-Capsules-1024x1024.jpeg",1024,1024,true],"author_info":[],"comment_info":0,"_links":{"self":[{"href":"https:\/\/www.lraloeverashop.eu\/pl\/wp-json\/wp\/v2\/product\/28821","targetHints":{"allow":["GET"]}}],"collection":[{"href":"https:\/\/www.lraloeverashop.eu\/pl\/wp-json\/wp\/v2\/product"}],"about":[{"href":"https:\/\/www.lraloeverashop.eu\/pl\/wp-json\/wp\/v2\/types\/product"}],"replies":[{"embeddable":true,"href":"https:\/\/www.lraloeverashop.eu\/pl\/wp-json\/wp\/v2\/comments?post=28821"}],"wp:featuredmedia":[{"embeddable":true,"href":"https:\/\/www.lraloeverashop.eu\/pl\/wp-json\/wp\/v2\/media\/26946"}],"wp:attachment":[{"href":"https:\/\/www.lraloeverashop.eu\/pl\/wp-json\/wp\/v2\/media?parent=28821"}],"wp:term":[{"taxonomy":"product_brand","embeddable":true,"href":"https:\/\/www.lraloeverashop.eu\/pl\/wp-json\/wp\/v2\/product_brand?post=28821"},{"taxonomy":"product_cat","embeddable":true,"href":"https:\/\/www.lraloeverashop.eu\/pl\/wp-json\/wp\/v2\/product_cat?post=28821"},{"taxonomy":"product_tag","embeddable":true,"href":"https:\/\/www.lraloeverashop.eu\/pl\/wp-json\/wp\/v2\/product_tag?post=28821"}],"curies":[{"name":"wp","href":"https:\/\/api.w.org\/{rel}","templated":true}]}}