{"id":28816,"date":"2024-05-23T10:30:42","date_gmt":"2024-05-23T08:30:42","guid":{"rendered":"https:\/\/www.lraloeverashop.eu\/product\/mind-master-gold-pl\/"},"modified":"2026-04-27T21:45:24","modified_gmt":"2026-04-27T19:45:24","slug":"mind-master-gold-pl","status":"publish","type":"product","link":"https:\/\/www.lraloeverashop.eu\/pl\/produkt\/mind-master-gold-pl\/","title":{"rendered":"Mind Master Gold"},"content":{"rendered":"<h2><span style=\"font-size: 16pt;\"><strong>Mind Master Gold<\/strong><\/span><\/h2>\n<p><span style=\"font-size: 14pt;\"><strong>Mind Master\u00a0Gold wspomaga pami\u0119\u0107 i koncentracj\u0119<\/strong><\/span><\/p>\n<p>Zwi\u0119ksz swoj\u0105 sprawno\u015b\u0107 umys\u0142ow\u0105 i podbij sw\u00f3j dzie\u0144 z LR LIFETAKT Mind Master Gold. Zaprojektowany w celu poprawy funkcji poznawczych i zmniejszenia stresu, ta najwy\u017cszej jako\u015bci formu\u0142a jest kluczem do odblokowania szczytowego potencja\u0142u umys\u0142owego. Niezale\u017cnie od tego, czy masz pracowity dzie\u0144 pracy, uczysz si\u0119 do egzamin\u00f3w, czy zarz\u0105dzasz codziennymi zadaniami, Mindmaster Formula Gold wspiera Tw\u00f3j m\u00f3zg na ka\u017cdym kroku.<\/p>\n<p><span style=\"font-size: 16pt;\"><strong>Dlaczego warto wybra\u0107 Mind Master Gold?<\/strong><\/span><\/p>\n<ul>\n<li><strong>Poprawa funkcji poznawczych:<\/strong> Do\u015bwiadcz <a href=\"https:\/\/www.lraloeverashop.eu\/pl\/produkt\/mind-master-napoj-gold\/\"><strong>lepszej koncentracji<\/strong><\/a>, jasno\u015bci i wytrzyma\u0142o\u015bci psychicznej.<\/li>\n<li><strong>Redukcja stresu:<\/strong> Zawiera sk\u0142adniki, kt\u00f3re pomagaj\u0105 radzi\u0107 sobie ze stresem i go redukowa\u0107.<\/li>\n<li><strong>Naturalne sk\u0142adniki:<\/strong> Wykonane z wysokiej jako\u015bci, naturalnych sk\u0142adnik\u00f3w dla optymalnego zdrowia m\u00f3zgu.<\/li>\n<li><strong>\u0141atwy w u\u017cyciu:<\/strong> W\u0142\u0105cz go bez wysi\u0142ku do swojej codziennej rutyny dzi\u0119ki wygodnej p\u0142ynnej formule.<\/li>\n<\/ul>\n<p><span style=\"font-size: 16pt;\"><strong>Najwa\u017cniejsze zalety w skr\u00f3cie:<\/strong><\/span><\/p>\n<ul>\n<li><strong>Mind Master Gold Wspomaga pami\u0119\u0107 i koncentracj\u0119:<\/strong> Idealny dla student\u00f3w, profesjonalist\u00f3w i ka\u017cdego, kto potrzebuje przewagi psychicznej.<\/li>\n<li><strong>Wspomaga og\u00f3lne samopoczucie: <\/strong>Pomaga utrzyma\u0107 zr\u00f3wnowa\u017cony nastr\u00f3j i zmniejszy\u0107 niepok\u00f3j.<\/li>\n<li><strong>Mindmaster zwi\u0119ksza poziom energii: <\/strong>Zapewnia <a href=\"https:\/\/www.lraloeverashop.eu\/pl\/kategoria-produktu\/produkty-specjalne\/mind-master-pl\/\"><strong>naturalny wzrost energii<\/strong><\/a> bez tremy zwi\u0105zanej z kofein\u0105.<\/li>\n<li><strong>Ochrona antyoksydacyjna: <\/strong>Chroni m\u00f3zg przed stresem oksydacyjnym i starzeniem si\u0119.<\/li>\n<\/ul>\n<h3><strong><span style=\"font-size: 16pt;\">Spos\u00f3b u\u017cycia<\/span><\/strong><\/h3>\n<p><strong>Zalecana dzienna dawka:<\/strong><br \/>\nZa\u017cywaj 80 ml Mind Master raz dziennie, najlepiej po posi\u0142ku. W zale\u017cno\u015bci od preferencji, mo\u017cna spo\u017cywa\u0107 w czystej postaci lub rozpu\u015bci\u0107 w wodzie lub soku. Przed u\u017cyciem wstrz\u0105sn\u0105\u0107. Po otwarciu przechowywa\u0107 w lod\u00f3wce.<\/p>\n<p><strong>Nie nale\u017cy przekracza\u0107 zalecanej porcji do spo\u017cycia w ci\u0105gu dnia.<\/strong><br \/>\nSuplementy diety nie zast\u0105pi\u0105 zr\u00f3\u017cnicowanej i zbilansowanej diety, w po\u0142\u0105czeniu ze zdrowym stylem \u017cycia. Przechowywa\u0107 w miejscu niedost\u0119pnym dla dzieci.<\/p>\n<p><span style=\"font-size: 16pt;\"><strong>Plusy Mind Master Gold:<\/strong><\/span><\/p>\n<ul>\n<li>Poprawia jasno\u015b\u0107 umys\u0142u i koncentracj\u0119<\/li>\n<li>Zmniejsza stres i niepok\u00f3j<\/li>\n<li>Poprawia pami\u0119\u0107 i zdolno\u015b\u0107 uczenia si\u0119<\/li>\n<li>Mindmaster zapewnia energi\u0119 przez ca\u0142y dzie\u0144<\/li>\n<li>Wykonane z naturalnych, wysokiej jako\u015bci sk\u0142adnik\u00f3w<\/li>\n<\/ul>\n<p>Czy jeste\u015b gotowy, aby przej\u0105\u0107 kontrol\u0119 nad swoj\u0105 sprawno\u015bci\u0105 umys\u0142ow\u0105 i samopoczuciem? Wypr\u00f3buj LR LIFETAKT Mind Master Gold ju\u017c dzi\u015b i poczuj r\u00f3\u017cnic\u0119. Uwolnij sw\u00f3j pe\u0142ny potencja\u0142 i podbij sw\u00f3j dzie\u0144 z pewno\u015bci\u0105 siebie. Nie czekaj \u2013 ju\u017c teraz dokonaj m\u0105drego wyboru dla swojego umys\u0142u i cia\u0142a!<\/p>\n<p>1. Witamina E pomaga chroni\u0107 kom\u00f3rki przed stresem oksydacyjnym.<br \/>\n2. Witamina B12 przyczynia si\u0119 do <a href=\"https:\/\/www.lraloeverashop.eu\/pl\/produkt\/aloes-drink-immune-plus\/\"><strong>prawid\u0142owego metabolizmu<\/strong><\/a> energetycznego, prawid\u0142owego funkcjonowania uk\u0142adu nerwowego oraz zmniejszenia uczucia zm\u0119czenia i znu\u017cenia. \u017belazo przyczynia si\u0119 do utrzymania prawid\u0142owych funkcji poznawczych i prawid\u0142owego transportu tlenu w organizmie. Witamina D przyczynia si\u0119 do utrzymania zdrowych ko\u015bci i prawid\u0142owego funkcjonowania mi\u0119\u015bni.<br \/>\n3. Witamina B12 w <a href=\"https:\/\/www.lraloeverashop.eu\/pl\/produkt\/mind-master-green\/\"><strong>Mindmaster<\/strong><\/a> przyczynia si\u0119 do utrzymania prawid\u0142owych funkcji psychologicznych i prawid\u0142owego funkcjonowania uk\u0142adu nerwowego. \u017belazo przyczynia si\u0119 do utrzymania prawid\u0142owych funkcji poznawczych.<\/p>\n","protected":false},"excerpt":{"rendered":"<ul>\n<li>Chroni przed stresem oksydacyjnym dzi\u0119ki cennym przeciwutleniaczom\u00b9<\/li>\n<li>Wspomaga w walce ze zm\u0119czeniem i wyczerpaniem\u00b2<\/li>\n<li>Dostarcza cennych sk\u0142adnik\u00f3w od\u017cywczych dla psychiki i dobrego samopoczucia psychicznego\u00b3<\/li>\n<li>Z koenzymem Q10, witaminami D i K oraz ekstraktem z bia\u0142ej herbaty, kurkum\u0105, aloesem i L-karnityn\u0105<\/li>\n<li>Zawarto\u015b\u0107 : 500ml<\/li>\n<\/ul>\n<p style=\"text-align: left;\"><span style=\"color: #ff0000;\"><a style=\"color: #ff0000;\" href=\"https:\/\/shop.lrworld.com\/openpao?PHP=0vFlt7jT938BEnBI3a6e9w%3D%3D\"><span style=\"font-size: 14pt;\"><strong>Zarejestruj si\u0119 i oszcz\u0119dzaj 35% przy ka\u017cdym zam\u00f3wieniu<\/strong><\/span><\/a><\/span><\/p>\n","protected":false},"featured_media":26944,"comment_status":"open","ping_status":"closed","template":"","meta":{"_kad_blocks_custom_css":"","_kad_blocks_head_custom_js":"","_kad_blocks_body_custom_js":"","_kad_blocks_footer_custom_js":"","_kadence_starter_templates_imported_post":false,"_kad_post_transparent":"default","_kad_post_title":"","_kad_post_layout":"default","_kad_post_sidebar_id":"","_kad_post_content_style":"default","_kad_post_vertical_padding":"default","_kad_post_feature":"","_kad_post_feature_position":"","_kad_post_header":false,"_kad_post_footer":false,"_kad_post_classname":""},"product_brand":[],"product_cat":[1096,1091,1100,1106],"product_tag":[1131],"class_list":{"0":"post-28816","1":"product","2":"type-product","3":"status-publish","4":"has-post-thumbnail","6":"product_cat-mind-master-pl","7":"product_cat-produkty-specjalne","8":"product_cat-specjalisci","9":"product_cat-wydajnosc-energia","10":"product_tag-energia-pl","12":"first","13":"instock","14":"taxable","15":"shipping-taxable","16":"purchasable","17":"product-type-simple","18":"entry","19":"content-bg","20":"loop-entry"},"yoast_head":"<!-- This site is optimized with the Yoast SEO Premium plugin v27.5 (Yoast SEO v27.5) - https:\/\/yoast.com\/product\/yoast-seo-premium-wordpress\/ -->\n<title>Mind Master Gold - Energia, Koncentracja i Ochrona M\u00f3zgu<\/title>\n<meta name=\"description\" content=\"Odkryj Mind Master Gold \u2013 wspiera pami\u0119\u0107, koncentracj\u0119 i redukuje stres oksydacyjny. Z koenzymem Q10, witaminami i naturalnymi ekstraktami. Owocowy smak\" \/>\n<meta name=\"robots\" content=\"index, follow, max-snippet:-1, max-image-preview:large, max-video-preview:-1\" \/>\n<link rel=\"canonical\" href=\"https:\/\/www.lraloeverashop.eu\/pl\/produkt\/mind-master-gold-pl\/\" \/>\n<meta property=\"og:locale\" content=\"pl_PL\" \/>\n<meta property=\"og:type\" content=\"article\" \/>\n<meta property=\"og:title\" content=\"Mind Master Gold\" \/>\n<meta property=\"og:description\" content=\"Odkryj Mind Master Gold \u2013 wspiera pami\u0119\u0107, koncentracj\u0119 i redukuje stres oksydacyjny. Z koenzymem Q10, witaminami i naturalnymi ekstraktami. Owocowy smak\" \/>\n<meta property=\"og:url\" content=\"https:\/\/www.lraloeverashop.eu\/pl\/produkt\/mind-master-gold-pl\/\" \/>\n<meta property=\"og:site_name\" content=\"Lr Aloe Vera Shop\" \/>\n<meta property=\"article:publisher\" content=\"https:\/\/www.facebook.com\/lraloeverashop.eu\" \/>\n<meta property=\"article:modified_time\" content=\"2026-04-27T19:45:24+00:00\" \/>\n<meta property=\"og:image\" content=\"https:\/\/www.lraloeverashop.eu\/wp-content\/uploads\/2024\/05\/Mind-Master-Gold.jpeg\" \/>\n\t<meta property=\"og:image:width\" content=\"1200\" \/>\n\t<meta property=\"og:image:height\" content=\"1200\" \/>\n\t<meta property=\"og:image:type\" content=\"image\/jpeg\" \/>\n<meta name=\"twitter:card\" content=\"summary_large_image\" \/>\n<meta name=\"twitter:site\" content=\"@natur__kosmetik\" \/>\n<script type=\"application\/ld+json\" class=\"yoast-schema-graph\">{\"@context\":\"https:\\\/\\\/schema.org\",\"@graph\":[{\"@type\":[\"WebPage\",\"ItemPage\"],\"@id\":\"https:\\\/\\\/www.lraloeverashop.eu\\\/pl\\\/produkt\\\/mind-master-gold-pl\\\/\",\"url\":\"https:\\\/\\\/www.lraloeverashop.eu\\\/pl\\\/produkt\\\/mind-master-gold-pl\\\/\",\"name\":\"Mind Master Gold - Energia, Koncentracja i Ochrona M\u00f3zgu\",\"isPartOf\":{\"@id\":\"https:\\\/\\\/www.lraloeverashop.eu\\\/pl\\\/#website\"},\"primaryImageOfPage\":{\"@id\":\"https:\\\/\\\/www.lraloeverashop.eu\\\/pl\\\/produkt\\\/mind-master-gold-pl\\\/#primaryimage\"},\"image\":{\"@id\":\"https:\\\/\\\/www.lraloeverashop.eu\\\/pl\\\/produkt\\\/mind-master-gold-pl\\\/#primaryimage\"},\"thumbnailUrl\":\"https:\\\/\\\/www.lraloeverashop.eu\\\/wp-content\\\/uploads\\\/2024\\\/05\\\/Mind-Master-Gold.jpeg\",\"datePublished\":\"2024-05-23T08:30:42+00:00\",\"dateModified\":\"2026-04-27T19:45:24+00:00\",\"description\":\"Odkryj Mind Master Gold \u2013 wspiera pami\u0119\u0107, koncentracj\u0119 i redukuje stres oksydacyjny. Z koenzymem Q10, witaminami i naturalnymi ekstraktami. Owocowy smak\",\"breadcrumb\":{\"@id\":\"https:\\\/\\\/www.lraloeverashop.eu\\\/pl\\\/produkt\\\/mind-master-gold-pl\\\/#breadcrumb\"},\"inLanguage\":\"pl-PL\",\"potentialAction\":[{\"@type\":\"ReadAction\",\"target\":[\"https:\\\/\\\/www.lraloeverashop.eu\\\/pl\\\/produkt\\\/mind-master-gold-pl\\\/\"]}]},{\"@type\":\"ImageObject\",\"inLanguage\":\"pl-PL\",\"@id\":\"https:\\\/\\\/www.lraloeverashop.eu\\\/pl\\\/produkt\\\/mind-master-gold-pl\\\/#primaryimage\",\"url\":\"https:\\\/\\\/www.lraloeverashop.eu\\\/wp-content\\\/uploads\\\/2024\\\/05\\\/Mind-Master-Gold.jpeg\",\"contentUrl\":\"https:\\\/\\\/www.lraloeverashop.eu\\\/wp-content\\\/uploads\\\/2024\\\/05\\\/Mind-Master-Gold.jpeg\",\"width\":1200,\"height\":1200,\"caption\":\"Mind Master Gold wzmacnia funkcje poznawcze\"},{\"@type\":\"BreadcrumbList\",\"@id\":\"https:\\\/\\\/www.lraloeverashop.eu\\\/pl\\\/produkt\\\/mind-master-gold-pl\\\/#breadcrumb\",\"itemListElement\":[{\"@type\":\"ListItem\",\"position\":1,\"name\":\"Home\",\"item\":\"https:\\\/\\\/www.lraloeverashop.eu\\\/pl\\\/\"},{\"@type\":\"ListItem\",\"position\":2,\"name\":\"Sklep\",\"item\":\"https:\\\/\\\/www.lraloeverashop.eu\\\/pl\\\/sklep\\\/\"},{\"@type\":\"ListItem\",\"position\":3,\"name\":\"Mind Master Gold\"}]},{\"@type\":\"WebSite\",\"@id\":\"https:\\\/\\\/www.lraloeverashop.eu\\\/pl\\\/#website\",\"url\":\"https:\\\/\\\/www.lraloeverashop.eu\\\/pl\\\/\",\"name\":\"Lr Aloe Vera Shop\",\"description\":\"High Quality Lr Aloe Vera Gel, Aloe Vera Cream and Shampoo\",\"publisher\":{\"@id\":\"https:\\\/\\\/www.lraloeverashop.eu\\\/pl\\\/#organization\"},\"alternateName\":\"LR\",\"potentialAction\":[{\"@type\":\"SearchAction\",\"target\":{\"@type\":\"EntryPoint\",\"urlTemplate\":\"https:\\\/\\\/www.lraloeverashop.eu\\\/pl\\\/?s={search_term_string}\"},\"query-input\":{\"@type\":\"PropertyValueSpecification\",\"valueRequired\":true,\"valueName\":\"search_term_string\"}}],\"inLanguage\":\"pl-PL\"},{\"@type\":\"Organization\",\"@id\":\"https:\\\/\\\/www.lraloeverashop.eu\\\/pl\\\/#organization\",\"name\":\"Sklep Lr Aloe Vera\",\"alternateName\":\"LR\",\"url\":\"https:\\\/\\\/www.lraloeverashop.eu\\\/pl\\\/\",\"logo\":{\"@type\":\"ImageObject\",\"inLanguage\":\"pl-PL\",\"@id\":\"https:\\\/\\\/www.lraloeverashop.eu\\\/pl\\\/#\\\/schema\\\/logo\\\/image\\\/\",\"url\":\"https:\\\/\\\/www.lraloeverashop.eu\\\/wp-content\\\/uploads\\\/2022\\\/09\\\/cropped-Lr-Aloe-Vera-Shop.jpg\",\"contentUrl\":\"https:\\\/\\\/www.lraloeverashop.eu\\\/wp-content\\\/uploads\\\/2022\\\/09\\\/cropped-Lr-Aloe-Vera-Shop.jpg\",\"width\":228,\"height\":76,\"caption\":\"Sklep Lr Aloe Vera\"},\"image\":{\"@id\":\"https:\\\/\\\/www.lraloeverashop.eu\\\/pl\\\/#\\\/schema\\\/logo\\\/image\\\/\"},\"sameAs\":[\"https:\\\/\\\/www.facebook.com\\\/lraloeverashop.eu\",\"https:\\\/\\\/x.com\\\/natur__kosmetik\",\"https:\\\/\\\/www.youtube.com\\\/channel\\\/UC5oN7BJ8nfYb8RpVtjwDEBA\",\"https:\\\/\\\/www.instagram.com\\\/lrbeautyeu\\\/\"],\"description\":\"Sklep LR Aloe Vera to Twoje zaufane \u017ar\u00f3d\u0142o wysokiej jako\u015bci produkt\u00f3w LR Health & Beauty wyprodukowanych w Niemczech. Oferujemy wysokiej jako\u015bci produkty do piel\u0119gnacji sk\u00f3ry, od\u017cywiania i przeciwstarzeniowe z aloesem, stworzone z czystych sk\u0142adnik\u00f3w i poparte badaniami naukowymi. Odkryj naturaln\u0105 piel\u0119gnacj\u0119, kt\u00f3ra regeneruje, chroni i rewitalizuje Twoj\u0105 sk\u00f3r\u0119 \u2014 i korzystaj z ekskluzywnych comiesi\u0119cznych ofert na nasze bestsellerowe produkty LR Aloe Vera.\\nRozpocznij swoj\u0105 naturaln\u0105 piel\u0119gnacj\u0119 sk\u00f3ry ju\u017c dzi\u015b i poczuj r\u00f3\u017cnic\u0119.\",\"email\":\"info@lraloeverashop.eu\",\"telephone\":\"+49 17670609653\",\"legalName\":\"Lr Aloe Vera Shop\",\"foundingDate\":\"2018-04-21\",\"numberOfEmployees\":{\"@type\":\"QuantitativeValue\",\"minValue\":\"1\",\"maxValue\":\"10\"}}]}<\/script>\n<meta property=\"product:price:amount\" content=\"25.59\" \/>\n<meta property=\"product:price:currency\" content=\"EUR\" \/>\n<meta property=\"og:availability\" content=\"instock\" \/>\n<meta property=\"product:availability\" content=\"instock\" \/>\n<meta property=\"product:retailer_item_id\" content=\"80940-1PL\" \/>\n<meta property=\"product:condition\" content=\"new\" \/>\n<!-- \/ Yoast SEO Premium plugin. -->","yoast_head_json":{"title":"Mind Master Gold - Energia, Koncentracja i Ochrona M\u00f3zgu","description":"Odkryj Mind Master Gold \u2013 wspiera pami\u0119\u0107, koncentracj\u0119 i redukuje stres oksydacyjny. Z koenzymem Q10, witaminami i naturalnymi ekstraktami. Owocowy smak","robots":{"index":"index","follow":"follow","max-snippet":"max-snippet:-1","max-image-preview":"max-image-preview:large","max-video-preview":"max-video-preview:-1"},"canonical":"https:\/\/www.lraloeverashop.eu\/pl\/produkt\/mind-master-gold-pl\/","og_locale":"pl_PL","og_type":"article","og_title":"Mind Master Gold","og_description":"Odkryj Mind Master Gold \u2013 wspiera pami\u0119\u0107, koncentracj\u0119 i redukuje stres oksydacyjny. Z koenzymem Q10, witaminami i naturalnymi ekstraktami. Owocowy smak","og_url":"https:\/\/www.lraloeverashop.eu\/pl\/produkt\/mind-master-gold-pl\/","og_site_name":"Lr Aloe Vera Shop","article_publisher":"https:\/\/www.facebook.com\/lraloeverashop.eu","article_modified_time":"2026-04-27T19:45:24+00:00","og_image":[{"width":1200,"height":1200,"url":"https:\/\/www.lraloeverashop.eu\/wp-content\/uploads\/2024\/05\/Mind-Master-Gold.jpeg","type":"image\/jpeg"}],"twitter_card":"summary_large_image","twitter_site":"@natur__kosmetik","schema":{"@context":"https:\/\/schema.org","@graph":[{"@type":["WebPage","ItemPage"],"@id":"https:\/\/www.lraloeverashop.eu\/pl\/produkt\/mind-master-gold-pl\/","url":"https:\/\/www.lraloeverashop.eu\/pl\/produkt\/mind-master-gold-pl\/","name":"Mind Master Gold - Energia, Koncentracja i Ochrona M\u00f3zgu","isPartOf":{"@id":"https:\/\/www.lraloeverashop.eu\/pl\/#website"},"primaryImageOfPage":{"@id":"https:\/\/www.lraloeverashop.eu\/pl\/produkt\/mind-master-gold-pl\/#primaryimage"},"image":{"@id":"https:\/\/www.lraloeverashop.eu\/pl\/produkt\/mind-master-gold-pl\/#primaryimage"},"thumbnailUrl":"https:\/\/www.lraloeverashop.eu\/wp-content\/uploads\/2024\/05\/Mind-Master-Gold.jpeg","datePublished":"2024-05-23T08:30:42+00:00","dateModified":"2026-04-27T19:45:24+00:00","description":"Odkryj Mind Master Gold \u2013 wspiera pami\u0119\u0107, koncentracj\u0119 i redukuje stres oksydacyjny. Z koenzymem Q10, witaminami i naturalnymi ekstraktami. Owocowy smak","breadcrumb":{"@id":"https:\/\/www.lraloeverashop.eu\/pl\/produkt\/mind-master-gold-pl\/#breadcrumb"},"inLanguage":"pl-PL","potentialAction":[{"@type":"ReadAction","target":["https:\/\/www.lraloeverashop.eu\/pl\/produkt\/mind-master-gold-pl\/"]}]},{"@type":"ImageObject","inLanguage":"pl-PL","@id":"https:\/\/www.lraloeverashop.eu\/pl\/produkt\/mind-master-gold-pl\/#primaryimage","url":"https:\/\/www.lraloeverashop.eu\/wp-content\/uploads\/2024\/05\/Mind-Master-Gold.jpeg","contentUrl":"https:\/\/www.lraloeverashop.eu\/wp-content\/uploads\/2024\/05\/Mind-Master-Gold.jpeg","width":1200,"height":1200,"caption":"Mind Master Gold wzmacnia funkcje poznawcze"},{"@type":"BreadcrumbList","@id":"https:\/\/www.lraloeverashop.eu\/pl\/produkt\/mind-master-gold-pl\/#breadcrumb","itemListElement":[{"@type":"ListItem","position":1,"name":"Home","item":"https:\/\/www.lraloeverashop.eu\/pl\/"},{"@type":"ListItem","position":2,"name":"Sklep","item":"https:\/\/www.lraloeverashop.eu\/pl\/sklep\/"},{"@type":"ListItem","position":3,"name":"Mind Master Gold"}]},{"@type":"WebSite","@id":"https:\/\/www.lraloeverashop.eu\/pl\/#website","url":"https:\/\/www.lraloeverashop.eu\/pl\/","name":"Lr Aloe Vera Shop","description":"High Quality Lr Aloe Vera Gel, Aloe Vera Cream and Shampoo","publisher":{"@id":"https:\/\/www.lraloeverashop.eu\/pl\/#organization"},"alternateName":"LR","potentialAction":[{"@type":"SearchAction","target":{"@type":"EntryPoint","urlTemplate":"https:\/\/www.lraloeverashop.eu\/pl\/?s={search_term_string}"},"query-input":{"@type":"PropertyValueSpecification","valueRequired":true,"valueName":"search_term_string"}}],"inLanguage":"pl-PL"},{"@type":"Organization","@id":"https:\/\/www.lraloeverashop.eu\/pl\/#organization","name":"Sklep Lr Aloe Vera","alternateName":"LR","url":"https:\/\/www.lraloeverashop.eu\/pl\/","logo":{"@type":"ImageObject","inLanguage":"pl-PL","@id":"https:\/\/www.lraloeverashop.eu\/pl\/#\/schema\/logo\/image\/","url":"https:\/\/www.lraloeverashop.eu\/wp-content\/uploads\/2022\/09\/cropped-Lr-Aloe-Vera-Shop.jpg","contentUrl":"https:\/\/www.lraloeverashop.eu\/wp-content\/uploads\/2022\/09\/cropped-Lr-Aloe-Vera-Shop.jpg","width":228,"height":76,"caption":"Sklep Lr Aloe Vera"},"image":{"@id":"https:\/\/www.lraloeverashop.eu\/pl\/#\/schema\/logo\/image\/"},"sameAs":["https:\/\/www.facebook.com\/lraloeverashop.eu","https:\/\/x.com\/natur__kosmetik","https:\/\/www.youtube.com\/channel\/UC5oN7BJ8nfYb8RpVtjwDEBA","https:\/\/www.instagram.com\/lrbeautyeu\/"],"description":"Sklep LR Aloe Vera to Twoje zaufane \u017ar\u00f3d\u0142o wysokiej jako\u015bci produkt\u00f3w LR Health & Beauty wyprodukowanych w Niemczech. Oferujemy wysokiej jako\u015bci produkty do piel\u0119gnacji sk\u00f3ry, od\u017cywiania i przeciwstarzeniowe z aloesem, stworzone z czystych sk\u0142adnik\u00f3w i poparte badaniami naukowymi. Odkryj naturaln\u0105 piel\u0119gnacj\u0119, kt\u00f3ra regeneruje, chroni i rewitalizuje Twoj\u0105 sk\u00f3r\u0119 \u2014 i korzystaj z ekskluzywnych comiesi\u0119cznych ofert na nasze bestsellerowe produkty LR Aloe Vera.\nRozpocznij swoj\u0105 naturaln\u0105 piel\u0119gnacj\u0119 sk\u00f3ry ju\u017c dzi\u015b i poczuj r\u00f3\u017cnic\u0119.","email":"info@lraloeverashop.eu","telephone":"+49 17670609653","legalName":"Lr Aloe Vera Shop","foundingDate":"2018-04-21","numberOfEmployees":{"@type":"QuantitativeValue","minValue":"1","maxValue":"10"}}]},"product_price_amount":"25.59","product_price_currency":"EUR","og_availability":"instock","product_availability":"instock","product_retailer_item_id":"80940-1PL","product_condition":"new"},"taxonomy_info":{"product_cat":[{"value":1096,"label":"Mind Master"},{"value":1091,"label":"Produkty specjalne"},{"value":1100,"label":"Specjali\u015bci"},{"value":1106,"label":"Wydajno\u015b\u0107 i Energia"}],"product_tag":[{"value":1131,"label":"energia"}]},"featured_image_src_large":["https:\/\/www.lraloeverashop.eu\/wp-content\/uploads\/2024\/05\/Mind-Master-Gold-1024x1024.jpeg",1024,1024,true],"author_info":[],"comment_info":0,"_links":{"self":[{"href":"https:\/\/www.lraloeverashop.eu\/pl\/wp-json\/wp\/v2\/product\/28816","targetHints":{"allow":["GET"]}}],"collection":[{"href":"https:\/\/www.lraloeverashop.eu\/pl\/wp-json\/wp\/v2\/product"}],"about":[{"href":"https:\/\/www.lraloeverashop.eu\/pl\/wp-json\/wp\/v2\/types\/product"}],"replies":[{"embeddable":true,"href":"https:\/\/www.lraloeverashop.eu\/pl\/wp-json\/wp\/v2\/comments?post=28816"}],"wp:featuredmedia":[{"embeddable":true,"href":"https:\/\/www.lraloeverashop.eu\/pl\/wp-json\/wp\/v2\/media\/26944"}],"wp:attachment":[{"href":"https:\/\/www.lraloeverashop.eu\/pl\/wp-json\/wp\/v2\/media?parent=28816"}],"wp:term":[{"taxonomy":"product_brand","embeddable":true,"href":"https:\/\/www.lraloeverashop.eu\/pl\/wp-json\/wp\/v2\/product_brand?post=28816"},{"taxonomy":"product_cat","embeddable":true,"href":"https:\/\/www.lraloeverashop.eu\/pl\/wp-json\/wp\/v2\/product_cat?post=28816"},{"taxonomy":"product_tag","embeddable":true,"href":"https:\/\/www.lraloeverashop.eu\/pl\/wp-json\/wp\/v2\/product_tag?post=28816"}],"curies":[{"name":"wp","href":"https:\/\/api.w.org\/{rel}","templated":true}]}}