{"id":28803,"date":"2024-05-26T20:01:23","date_gmt":"2024-05-26T18:01:23","guid":{"rendered":"https:\/\/www.lraloeverashop.eu\/product\/koktajl-odchudzajacy-karmel\/"},"modified":"2026-04-27T21:31:42","modified_gmt":"2026-04-27T19:31:42","slug":"koktajl-odchudzajacy-karmel","status":"publish","type":"product","link":"https:\/\/www.lraloeverashop.eu\/pl\/produkt\/koktajl-odchudzajacy-karmel\/","title":{"rendered":"Koktajl Odchudzaj\u0105cy Karmel"},"content":{"rendered":"<h2><span style=\"font-size: 16pt;\"><strong>Koktajl Odchudzaj\u0105cy Karmel<\/strong><\/span><\/h2>\n<p><span style=\"font-size: 14pt;\"><strong>Koktajl Odchudzaj\u0105cy Karmel \u2013 najlepszy zamiennik posi\u0142ku o wysokiej zawarto\u015bci bia\u0142ka<\/strong><\/span><\/p>\n<p>Szukasz pysznego i skutecznego sposobu na kontrolowanie swojej wagi? Nie szukaj dalej ni\u017c nasz Koktajl Odchudzaj\u0105cy Karmel. Ten wysokobia\u0142kowy koktajl to nie tylko uczta dla Twoich kubk\u00f3w smakowych, ale tak\u017ce moc nap\u0119dowa dla Twoich cel\u00f3w zwi\u0105zanych ze zdrowiem i <a href=\"https:\/\/www.lraloeverashop.eu\/pl\/produkt\/shake-waniliowy-na-odchudzanie\/\"><strong>kontrol\u0105 wagi<\/strong><\/a>. Dzi\u0119ki bogatemu karmelowemu smakowi, ten wega\u0144ski koktajl zast\u0119puj\u0105cy posi\u0142ek jest idealnym towarzyszem po\u017cywnego posi\u0142ku w podr\u00f3\u017cy.<\/p>\n<h3><span style=\"font-size: 16pt;\"><strong>Dlaczego warto wybra\u0107 Koktajl Odchudzaj\u0105cy Karmel?<\/strong><\/span><\/h3>\n<p>Nasz Koktajl Odchudzaj\u0105cy Karmel wyr\u00f3\u017cnia si\u0119 z kilku powod\u00f3w:<\/p>\n<ul>\n<li><strong>Wysoka zawarto\u015b\u0107 bia\u0142ka:<\/strong> Pozyskiwane z grochu, ciecierzycy i fasoli polnej, dzi\u0119ki czemu otrzymujesz najlepsze bia\u0142ka ro\u015blinne.<\/li>\n<li><strong>Wega\u0144skie i bezglutenowe:<\/strong> Idealny dla os\u00f3b z ograniczeniami dietetycznymi, <a href=\"https:\/\/www.lraloeverashop.eu\/pl\/kategoria-produktu\/zamienniki-posilkow\/koktajle\/\"><strong>nasz koktajl<\/strong><\/a> nie zawiera r\u00f3wnie\u017c laktozy, dzi\u0119ki czemu jest odpowiedni dla ka\u017cdego.<\/li>\n<li><strong>Naturalne sk\u0142adniki:<\/strong> S\u0142odzone stewi\u0105 i pozbawione sztucznych barwnik\u00f3w oraz wzmacniaczy smaku, zapewniaj\u0105cych naturalny i zdrowy posi\u0142ek.<\/li>\n<li><strong>Wysoka zawarto\u015b\u0107 b\u0142onnika:<\/strong> Zawiera cenny b\u0142onnik z \u0142usek babki p\u0142esznik, kt\u00f3ry wspomaga trawienie i zapewnia uczucie syto\u015bci na d\u0142u\u017cej.<\/li>\n<li><strong>Pyszny karmelowy smak:<\/strong> Kremowy, s\u0142odki i lekko s\u0142ony koktajl to uczta, na kt\u00f3r\u0105 b\u0119dziesz czeka\u0107 ka\u017cdego dnia.<\/li>\n<\/ul>\n<h2><span style=\"font-size: 16pt;\"><strong>Spos\u00f3b stosowania<\/strong><\/span><\/h2>\n<p>Przygotowa\u0107 nasz Koktajl Odchudzaj\u0105cy Karmel jest proste i wygodne. Wykonaj te proste kroki, aby zast\u0105pi\u0107 po\u017cywny posi\u0142ek:<\/p>\n<ol>\n<li>Wsyp 3 \u0142y\u017cki proszku do shakera.<\/li>\n<li>Wlej 300 ml nies\u0142odzonego napoju sojowego lub mleka.<\/li>\n<li>Dok\u0142adnie wymieszaj do uzyskania g\u0142adkiej konsystencji.<\/li>\n<li>Delektuj si\u0119 pysznym koktajlem o smaku karmelu.<\/li>\n<\/ol>\n<p>Ten koktajl zast\u0119puje pe\u0142ny posi\u0142ek, dostarczaj\u0105c niezb\u0119dnych sk\u0142adnik\u00f3w od\u017cywczych i pomagaj\u0105c skutecznie kontrolowa\u0107 wag\u0119. Aby schudn\u0105\u0107, zast\u0105p dwa g\u0142\u00f3wne posi\u0142ki dziennie. Aby utrzyma\u0107 swoj\u0105 wag\u0119, zast\u0105p jeden posi\u0142ek dziennie naszym shake&#8217;iem.<\/p>\n<p>&nbsp;<\/p>\n<h3><span style=\"font-size: 16pt;\"><strong><a href=\"https:\/\/www.lraloeverashop.eu\/wp-content\/uploads\/2024\/09\/weight-loss-diet-review-300x300.jpeg\"><img loading=\"lazy\" decoding=\"async\" class=\"alignleft size-medium wp-image-16348\" src=\"https:\/\/www.lraloeverashop.eu\/wp-content\/uploads\/2024\/09\/weight-loss-diet-review-300x300.jpeg\" alt=\"Wysokobia\u0142kowy Koktajl Odchudzaj\u0105cy Karmel bez laktozy i glutenu\" width=\"300\" height=\"300\" srcset=\"https:\/\/www.lraloeverashop.eu\/wp-content\/uploads\/2024\/09\/weight-loss-diet-review-300x300.jpeg 300w, https:\/\/www.lraloeverashop.eu\/wp-content\/uploads\/2024\/09\/weight-loss-diet-review-1024x1024.jpeg 1024w, https:\/\/www.lraloeverashop.eu\/wp-content\/uploads\/2024\/09\/weight-loss-diet-review-150x150.jpeg 150w, https:\/\/www.lraloeverashop.eu\/wp-content\/uploads\/2024\/09\/weight-loss-diet-review-768x768.jpeg 768w, https:\/\/www.lraloeverashop.eu\/wp-content\/uploads\/2024\/09\/weight-loss-diet-review-600x600.jpeg 600w, https:\/\/www.lraloeverashop.eu\/wp-content\/uploads\/2024\/09\/weight-loss-diet-review-100x100.jpeg 100w, https:\/\/www.lraloeverashop.eu\/wp-content\/uploads\/2024\/09\/weight-loss-diet-review.jpeg 1200w\" sizes=\"auto, (max-width: 300px) 100vw, 300px\" \/><\/a>Plusy Koktajl Odchudzaj\u0105cy Karmel<\/strong><\/span><\/h3>\n<p>Ten wysokobia\u0142kowy koktajl pomo\u017ce Ci osi\u0105gn\u0105\u0107 cele zwi\u0105zane z odchudzaniem<\/p>\n<ul>\n<li><strong>Wygodny zamiennik posi\u0142ku:<\/strong> Idealny dla os\u00f3b prowadz\u0105cych intensywny tryb \u017cycia, jest szybki w przygotowaniu i \u0142atwy do zabrania w podr\u00f3\u017c.<\/li>\n<li><strong>Wspomaga kontrol\u0119 wagi:<\/strong> Pomaga w utracie i utrzymaniu wagi, gdy jest stosowany w ramach diety niskokalorycznej.<\/li>\n<li><strong>Bogaty w sk\u0142adniki od\u017cywcze:<\/strong> Zawiera niezb\u0119dne witaminy, minera\u0142y i b\u0142onnik, kt\u00f3re zapewni\u0105 Ci zdrowie i energi\u0119.<\/li>\n<li><strong>Pyszny smak:<\/strong> Kremowy, karmelowy smak, kt\u00f3ry zaspokoi Tw\u00f3j apetyt na s\u0142odycze, jednocze\u015bnie pomagaj\u0105c Ci pozosta\u0107 na dobrej drodze do diety.<\/li>\n<\/ul>\n<p>&nbsp;<\/p>\n<p>&nbsp;<\/p>\n<h3><span style=\"font-size: 16pt;\"><strong><a href=\"https:\/\/www.lraloeverashop.eu\/wp-content\/uploads\/2024\/09\/man-weight-loss-before-and-after-300x300.jpeg\"><img loading=\"lazy\" decoding=\"async\" class=\"alignleft size-medium wp-image-16355\" src=\"https:\/\/www.lraloeverashop.eu\/wp-content\/uploads\/2024\/09\/man-weight-loss-before-and-after-300x300.jpeg\" alt=\"Man weight loss before and after\" width=\"300\" height=\"300\" srcset=\"https:\/\/www.lraloeverashop.eu\/wp-content\/uploads\/2024\/09\/man-weight-loss-before-and-after-300x300.jpeg 300w, https:\/\/www.lraloeverashop.eu\/wp-content\/uploads\/2024\/09\/man-weight-loss-before-and-after-1024x1024.jpeg 1024w, https:\/\/www.lraloeverashop.eu\/wp-content\/uploads\/2024\/09\/man-weight-loss-before-and-after-150x150.jpeg 150w, https:\/\/www.lraloeverashop.eu\/wp-content\/uploads\/2024\/09\/man-weight-loss-before-and-after-768x768.jpeg 768w, https:\/\/www.lraloeverashop.eu\/wp-content\/uploads\/2024\/09\/man-weight-loss-before-and-after-600x600.jpeg 600w, https:\/\/www.lraloeverashop.eu\/wp-content\/uploads\/2024\/09\/man-weight-loss-before-and-after-100x100.jpeg 100w, https:\/\/www.lraloeverashop.eu\/wp-content\/uploads\/2024\/09\/man-weight-loss-before-and-after.jpeg 1200w\" sizes=\"auto, (max-width: 300px) 100vw, 300px\" \/><\/a>Lista korzy\u015bci<\/strong><\/span><\/h3>\n<p>Ten koktajl zast\u0119puje pe\u0142ny posi\u0142ek, dostarczaj\u0105c niezb\u0119dnych sk\u0142adnik\u00f3w od\u017cywczych i pomagaj\u0105c skutecznie kontrolowa\u0107 wag\u0119.<\/p>\n<ul>\n<li>Wysokobia\u0142kowy shake ze \u017ar\u00f3de\u0142 ro\u015blinnych<\/li>\n<li>Wega\u0144ski <a href=\"https:\/\/www.lraloeverashop.eu\/pl\/zamiennik-posilku-figu-active-skuteczna-dieta-odchudzajaca\/\"><strong>zamiennik posi\u0142ku<\/strong><\/a> dla zbilansowanej diety<\/li>\n<li>Bezglutenowy koktajl odchudzaj\u0105cy dla os\u00f3b z ograniczeniami dietetycznymi<\/li>\n<li>Shake bez laktozy odpowiedni dla os\u00f3b z nietolerancj\u0105 laktozy<\/li>\n<li>S\u0142odzone naturaln\u0105 stewi\u0105 dla zdrowszej opcji<\/li>\n<\/ul>\n<p>&nbsp;<\/p>\n<p>&nbsp;<\/p>\n<h4><span style=\"font-size: 16pt;\"><strong>Osi\u0105gnij swoje cele zwi\u0105zane z utrat\u0105 wagi z \u0142atwo\u015bci\u0105<\/strong><\/span><\/h4>\n<p>Koktajl Odchudzaj\u0105cy Karmel zosta\u0142 zaprojektowany, aby pom\u00f3c Ci osi\u0105gn\u0105\u0107 cele zwi\u0105zane z wag\u0105 bez po\u015bwi\u0119cania smaku i warto\u015bci od\u017cywczych. Niezale\u017cnie od tego, czy chcesz schudn\u0105\u0107, <a href=\"https:\/\/www.lraloeverashop.eu\/pl\/produkt\/koktajl-odchudzajacy-czekoladowy\/\"><strong>utrzyma\u0107 obecn\u0105 wag\u0119<\/strong><\/a>, czy po prostu cieszy\u0107 si\u0119 zdrowym i wygodnym posi\u0142kiem, ten koktajl jest idealnym wyborem.<\/p>\n<h3><span style=\"font-size: 16pt;\"><strong>Wskaz\u00f3wki, jak uzyska\u0107 najlepsze wyniki<\/strong><\/span><\/h3>\n<p>Aby schudn\u0105\u0107 lub utrzyma\u0107 wag\u0119, zast\u0105p jeden lub dwa posi\u0142ki dziennie naszym koktajlem.<\/p>\n<ul>\n<li><strong>Dbaj o nawodnienie:<\/strong> Pij 2-3 litry bezkalorycznych p\u0142yn\u00f3w dziennie, takich jak woda mineralna lub <a href=\"https:\/\/www.lraloeverashop.eu\/pl\/produkt\/herbata-ziolowa-na-odchudzanie\/\"><strong>nies\u0142odzona herbata<\/strong><\/a>.<\/li>\n<li><strong>Zbilansowana dieta:<\/strong> Upewnij si\u0119, \u017ce inne posi\u0142ki s\u0105 zbilansowane i zr\u00f3\u017cnicowane, aby wspiera\u0107 og\u00f3lny stan zdrowia.<\/li>\n<li><strong>Post\u0119puj zgodnie z instrukcjami:<\/strong> Trzymaj si\u0119 wskaz\u00f3wek dotycz\u0105cych przygotowania, aby w pe\u0142ni wykorzysta\u0107 zalety koktajlu.<\/li>\n<\/ul>\n<h3><span style=\"font-size: 16pt;\"><strong>Gwarantowana satysfakcja klienta<\/strong><\/span><\/h3>\n<p>Nasz Koktajl Odchudzaj\u0105cy Karmel jest produkowany w Niemczech z zachowaniem najwy\u017cszych standard\u00f3w jako\u015bci. To produkt, kt\u00f3remu mo\u017cesz zaufa\u0107 ze wzgl\u0119du na jego skuteczno\u015b\u0107 i smak. Ciesz si\u0119 wygod\u0105 zamiennika posi\u0142ku, kt\u00f3ry nie idzie na kompromis w zakresie smaku ani warto\u015bci od\u017cywczych.<\/p>\n<h4><span style=\"font-size: 16pt;\"><strong>Zacznij ju\u017c dzi\u015b!<\/strong><\/span><\/h4>\n<p>Nie czekaj z rozpocz\u0119ciem swojej podr\u00f3\u017cy w kierunku lepszego zdrowia i szczuplejszej sylwetki. Wypr\u00f3buj nasz koktajl odchudzaj\u0105cy Caramel ju\u017c teraz i poznaj pyszny, po\u017cywny i skuteczny spos\u00f3b na <a href=\"https:\/\/www.lraloeverashop.eu\/pl\/produkt\/koktajl-truskawkowy-na-odchudzanie\/\"><strong>kontrolowanie wagi<\/strong><\/a>. Zam\u00f3w ju\u017c dzi\u015b i zr\u00f3b pierwszy krok w kierunku zdrowszego i szcz\u0119\u015bliwszego Ciebie!<\/p>\n<p>Poznaj sprytny spos\u00f3b, aby cieszy\u0107 si\u0119 \u017cyciem dzi\u0119ki wysokobia\u0142kowemu koktajlowi odchudzaj\u0105cemu. Uczy\u0144 go cz\u0119\u015bci\u0105 swojej codziennej rutyny i zobacz, jak\u0105 r\u00f3\u017cnic\u0119 mo\u017ce zrobi\u0107. Twoje cia\u0142o b\u0119dzie Ci wdzi\u0119czne!<\/p>\n","protected":false},"excerpt":{"rendered":"<ul>\n<li>Wysoka zawarto\u015b\u0107 bia\u0142ka z grochu, ciecierzycy i bobu<\/li>\n<li>Zamiennik posi\u0142ku wspomagaj\u0105cy odchudzanie i utrzymanie wagi<\/li>\n<li>S\u0142odzony naturaln\u0105 stewi\u0105 dla zdrowszej opcji<\/li>\n<li>Bez sztucznych barwnik\u00f3w i wzmacniaczy smaku<\/li>\n<li>Bez laktozy i glutenu<\/li>\n<li>Zawarto\u015b\u0107: 496 g<\/li>\n<\/ul>\n<p style=\"text-align: left;\"><span style=\"color: #ff0000;\"><a style=\"color: #ff0000;\" href=\"https:\/\/shop.lrworld.com\/openpao?PHP=0vFlt7jT938BEnBI3a6e9w%3D%3D\"><span style=\"font-size: 14pt;\"><strong>Zarejestruj si\u0119 i oszcz\u0119dzaj 35% przy ka\u017cdym zam\u00f3wieniu<\/strong><\/span><\/a><\/span><\/p>\n","protected":false},"featured_media":26942,"comment_status":"open","ping_status":"closed","template":"","meta":{"_kad_blocks_custom_css":"","_kad_blocks_head_custom_js":"","_kad_blocks_body_custom_js":"","_kad_blocks_footer_custom_js":"","_kadence_starter_templates_imported_post":false,"_kad_post_transparent":"default","_kad_post_title":"","_kad_post_layout":"default","_kad_post_sidebar_id":"","_kad_post_content_style":"default","_kad_post_vertical_padding":"default","_kad_post_feature":"","_kad_post_feature_position":"","_kad_post_header":false,"_kad_post_footer":false,"_kad_post_classname":""},"product_brand":[],"product_cat":[1088,1085],"product_tag":[1126],"class_list":{"0":"post-28803","1":"product","2":"type-product","3":"status-publish","4":"has-post-thumbnail","6":"product_cat-koktajle","7":"product_cat-zamienniki-posilkow","8":"product_tag-dieta-pl","10":"first","11":"instock","12":"taxable","13":"shipping-taxable","14":"purchasable","15":"product-type-simple","16":"entry","17":"content-bg","18":"loop-entry"},"yoast_head":"<!-- This site is optimized with the Yoast SEO Premium plugin v27.5 (Yoast SEO v27.5) - https:\/\/yoast.com\/product\/yoast-seo-premium-wordpress\/ -->\n<title>Koktajl Odchudzaj\u0105cy Karmel \u2013 Waga pod Kontrol\u0105 w Biegu<\/title>\n<meta name=\"description\" content=\"Zdrowy i po\u017cywny Koktajl Odchudzaj\u0105cy Karmel do pracy, w podr\u00f3\u017cy, na co dzie\u0144. Wega\u0144ski, bez sztucznych dodatk\u00f3w, z naturaln\u0105 stewi\u0105. Idealny na diet\u0119!\" \/>\n<meta name=\"robots\" content=\"index, follow, max-snippet:-1, max-image-preview:large, max-video-preview:-1\" \/>\n<link rel=\"canonical\" href=\"https:\/\/www.lraloeverashop.eu\/pl\/produkt\/koktajl-odchudzajacy-karmel\/\" \/>\n<meta property=\"og:locale\" content=\"pl_PL\" \/>\n<meta property=\"og:type\" content=\"article\" \/>\n<meta property=\"og:title\" content=\"Koktajl Odchudzaj\u0105cy Karmel\" \/>\n<meta property=\"og:description\" content=\"Zdrowy i po\u017cywny Koktajl Odchudzaj\u0105cy Karmel do pracy, w podr\u00f3\u017cy, na co dzie\u0144. Wega\u0144ski, bez sztucznych dodatk\u00f3w, z naturaln\u0105 stewi\u0105. Idealny na diet\u0119!\" \/>\n<meta property=\"og:url\" content=\"https:\/\/www.lraloeverashop.eu\/pl\/produkt\/koktajl-odchudzajacy-karmel\/\" \/>\n<meta property=\"og:site_name\" content=\"Lr Aloe Vera Shop\" \/>\n<meta property=\"article:publisher\" content=\"https:\/\/www.facebook.com\/lraloeverashop.eu\" \/>\n<meta property=\"article:modified_time\" content=\"2026-04-27T19:31:42+00:00\" \/>\n<meta property=\"og:image\" content=\"https:\/\/www.lraloeverashop.eu\/wp-content\/uploads\/2024\/05\/Weight-Loss-Shake-Caramel.jpg\" \/>\n\t<meta property=\"og:image:width\" content=\"1200\" \/>\n\t<meta property=\"og:image:height\" content=\"1200\" \/>\n\t<meta property=\"og:image:type\" content=\"image\/jpeg\" \/>\n<meta name=\"twitter:card\" content=\"summary_large_image\" \/>\n<meta name=\"twitter:site\" content=\"@natur__kosmetik\" \/>\n<script type=\"application\/ld+json\" class=\"yoast-schema-graph\">{\"@context\":\"https:\\\/\\\/schema.org\",\"@graph\":[{\"@type\":[\"WebPage\",\"ItemPage\"],\"@id\":\"https:\\\/\\\/www.lraloeverashop.eu\\\/pl\\\/produkt\\\/koktajl-odchudzajacy-karmel\\\/\",\"url\":\"https:\\\/\\\/www.lraloeverashop.eu\\\/pl\\\/produkt\\\/koktajl-odchudzajacy-karmel\\\/\",\"name\":\"Koktajl Odchudzaj\u0105cy Karmel \u2013 Waga pod Kontrol\u0105 w Biegu\",\"isPartOf\":{\"@id\":\"https:\\\/\\\/www.lraloeverashop.eu\\\/pl\\\/#website\"},\"primaryImageOfPage\":{\"@id\":\"https:\\\/\\\/www.lraloeverashop.eu\\\/pl\\\/produkt\\\/koktajl-odchudzajacy-karmel\\\/#primaryimage\"},\"image\":{\"@id\":\"https:\\\/\\\/www.lraloeverashop.eu\\\/pl\\\/produkt\\\/koktajl-odchudzajacy-karmel\\\/#primaryimage\"},\"thumbnailUrl\":\"https:\\\/\\\/www.lraloeverashop.eu\\\/wp-content\\\/uploads\\\/2024\\\/05\\\/Weight-Loss-Shake-Caramel.jpg\",\"datePublished\":\"2024-05-26T18:01:23+00:00\",\"dateModified\":\"2026-04-27T19:31:42+00:00\",\"description\":\"Zdrowy i po\u017cywny Koktajl Odchudzaj\u0105cy Karmel do pracy, w podr\u00f3\u017cy, na co dzie\u0144. Wega\u0144ski, bez sztucznych dodatk\u00f3w, z naturaln\u0105 stewi\u0105. Idealny na diet\u0119!\",\"breadcrumb\":{\"@id\":\"https:\\\/\\\/www.lraloeverashop.eu\\\/pl\\\/produkt\\\/koktajl-odchudzajacy-karmel\\\/#breadcrumb\"},\"inLanguage\":\"pl-PL\",\"potentialAction\":[{\"@type\":\"ReadAction\",\"target\":[\"https:\\\/\\\/www.lraloeverashop.eu\\\/pl\\\/produkt\\\/koktajl-odchudzajacy-karmel\\\/\"]}]},{\"@type\":\"ImageObject\",\"inLanguage\":\"pl-PL\",\"@id\":\"https:\\\/\\\/www.lraloeverashop.eu\\\/pl\\\/produkt\\\/koktajl-odchudzajacy-karmel\\\/#primaryimage\",\"url\":\"https:\\\/\\\/www.lraloeverashop.eu\\\/wp-content\\\/uploads\\\/2024\\\/05\\\/Weight-Loss-Shake-Caramel.jpg\",\"contentUrl\":\"https:\\\/\\\/www.lraloeverashop.eu\\\/wp-content\\\/uploads\\\/2024\\\/05\\\/Weight-Loss-Shake-Caramel.jpg\",\"width\":1200,\"height\":1200,\"caption\":\"Wysokobia\u0142kowy koktajl karmelowy do odchudzania\"},{\"@type\":\"BreadcrumbList\",\"@id\":\"https:\\\/\\\/www.lraloeverashop.eu\\\/pl\\\/produkt\\\/koktajl-odchudzajacy-karmel\\\/#breadcrumb\",\"itemListElement\":[{\"@type\":\"ListItem\",\"position\":1,\"name\":\"Home\",\"item\":\"https:\\\/\\\/www.lraloeverashop.eu\\\/pl\\\/\"},{\"@type\":\"ListItem\",\"position\":2,\"name\":\"Sklep\",\"item\":\"https:\\\/\\\/www.lraloeverashop.eu\\\/pl\\\/sklep\\\/\"},{\"@type\":\"ListItem\",\"position\":3,\"name\":\"Koktajl Odchudzaj\u0105cy Karmel\"}]},{\"@type\":\"WebSite\",\"@id\":\"https:\\\/\\\/www.lraloeverashop.eu\\\/pl\\\/#website\",\"url\":\"https:\\\/\\\/www.lraloeverashop.eu\\\/pl\\\/\",\"name\":\"Lr Aloe Vera Shop\",\"description\":\"High Quality Lr Aloe Vera Gel, Aloe Vera Cream and Shampoo\",\"publisher\":{\"@id\":\"https:\\\/\\\/www.lraloeverashop.eu\\\/pl\\\/#organization\"},\"alternateName\":\"LR\",\"potentialAction\":[{\"@type\":\"SearchAction\",\"target\":{\"@type\":\"EntryPoint\",\"urlTemplate\":\"https:\\\/\\\/www.lraloeverashop.eu\\\/pl\\\/?s={search_term_string}\"},\"query-input\":{\"@type\":\"PropertyValueSpecification\",\"valueRequired\":true,\"valueName\":\"search_term_string\"}}],\"inLanguage\":\"pl-PL\"},{\"@type\":\"Organization\",\"@id\":\"https:\\\/\\\/www.lraloeverashop.eu\\\/pl\\\/#organization\",\"name\":\"Sklep Lr Aloe Vera\",\"alternateName\":\"LR\",\"url\":\"https:\\\/\\\/www.lraloeverashop.eu\\\/pl\\\/\",\"logo\":{\"@type\":\"ImageObject\",\"inLanguage\":\"pl-PL\",\"@id\":\"https:\\\/\\\/www.lraloeverashop.eu\\\/pl\\\/#\\\/schema\\\/logo\\\/image\\\/\",\"url\":\"https:\\\/\\\/www.lraloeverashop.eu\\\/wp-content\\\/uploads\\\/2022\\\/09\\\/cropped-Lr-Aloe-Vera-Shop.jpg\",\"contentUrl\":\"https:\\\/\\\/www.lraloeverashop.eu\\\/wp-content\\\/uploads\\\/2022\\\/09\\\/cropped-Lr-Aloe-Vera-Shop.jpg\",\"width\":228,\"height\":76,\"caption\":\"Sklep Lr Aloe Vera\"},\"image\":{\"@id\":\"https:\\\/\\\/www.lraloeverashop.eu\\\/pl\\\/#\\\/schema\\\/logo\\\/image\\\/\"},\"sameAs\":[\"https:\\\/\\\/www.facebook.com\\\/lraloeverashop.eu\",\"https:\\\/\\\/x.com\\\/natur__kosmetik\",\"https:\\\/\\\/www.youtube.com\\\/channel\\\/UC5oN7BJ8nfYb8RpVtjwDEBA\",\"https:\\\/\\\/www.instagram.com\\\/lrbeautyeu\\\/\"],\"description\":\"Sklep LR Aloe Vera to Twoje zaufane \u017ar\u00f3d\u0142o wysokiej jako\u015bci produkt\u00f3w LR Health & Beauty wyprodukowanych w Niemczech. Oferujemy wysokiej jako\u015bci produkty do piel\u0119gnacji sk\u00f3ry, od\u017cywiania i przeciwstarzeniowe z aloesem, stworzone z czystych sk\u0142adnik\u00f3w i poparte badaniami naukowymi. Odkryj naturaln\u0105 piel\u0119gnacj\u0119, kt\u00f3ra regeneruje, chroni i rewitalizuje Twoj\u0105 sk\u00f3r\u0119 \u2014 i korzystaj z ekskluzywnych comiesi\u0119cznych ofert na nasze bestsellerowe produkty LR Aloe Vera.\\nRozpocznij swoj\u0105 naturaln\u0105 piel\u0119gnacj\u0119 sk\u00f3ry ju\u017c dzi\u015b i poczuj r\u00f3\u017cnic\u0119.\",\"email\":\"info@lraloeverashop.eu\",\"telephone\":\"+49 17670609653\",\"legalName\":\"Lr Aloe Vera Shop\",\"foundingDate\":\"2018-04-21\",\"numberOfEmployees\":{\"@type\":\"QuantitativeValue\",\"minValue\":\"1\",\"maxValue\":\"10\"}}]}<\/script>\n<meta property=\"product:price:amount\" content=\"48.59\" \/>\n<meta property=\"product:price:currency\" content=\"EUR\" \/>\n<meta property=\"og:availability\" content=\"instock\" \/>\n<meta property=\"product:availability\" content=\"instock\" \/>\n<meta property=\"product:retailer_item_id\" content=\"81250-1PL\" \/>\n<meta property=\"product:condition\" content=\"new\" \/>\n<!-- \/ Yoast SEO Premium plugin. -->","yoast_head_json":{"title":"Koktajl Odchudzaj\u0105cy Karmel \u2013 Waga pod Kontrol\u0105 w Biegu","description":"Zdrowy i po\u017cywny Koktajl Odchudzaj\u0105cy Karmel do pracy, w podr\u00f3\u017cy, na co dzie\u0144. Wega\u0144ski, bez sztucznych dodatk\u00f3w, z naturaln\u0105 stewi\u0105. Idealny na diet\u0119!","robots":{"index":"index","follow":"follow","max-snippet":"max-snippet:-1","max-image-preview":"max-image-preview:large","max-video-preview":"max-video-preview:-1"},"canonical":"https:\/\/www.lraloeverashop.eu\/pl\/produkt\/koktajl-odchudzajacy-karmel\/","og_locale":"pl_PL","og_type":"article","og_title":"Koktajl Odchudzaj\u0105cy Karmel","og_description":"Zdrowy i po\u017cywny Koktajl Odchudzaj\u0105cy Karmel do pracy, w podr\u00f3\u017cy, na co dzie\u0144. Wega\u0144ski, bez sztucznych dodatk\u00f3w, z naturaln\u0105 stewi\u0105. Idealny na diet\u0119!","og_url":"https:\/\/www.lraloeverashop.eu\/pl\/produkt\/koktajl-odchudzajacy-karmel\/","og_site_name":"Lr Aloe Vera Shop","article_publisher":"https:\/\/www.facebook.com\/lraloeverashop.eu","article_modified_time":"2026-04-27T19:31:42+00:00","og_image":[{"width":1200,"height":1200,"url":"https:\/\/www.lraloeverashop.eu\/wp-content\/uploads\/2024\/05\/Weight-Loss-Shake-Caramel.jpg","type":"image\/jpeg"}],"twitter_card":"summary_large_image","twitter_site":"@natur__kosmetik","schema":{"@context":"https:\/\/schema.org","@graph":[{"@type":["WebPage","ItemPage"],"@id":"https:\/\/www.lraloeverashop.eu\/pl\/produkt\/koktajl-odchudzajacy-karmel\/","url":"https:\/\/www.lraloeverashop.eu\/pl\/produkt\/koktajl-odchudzajacy-karmel\/","name":"Koktajl Odchudzaj\u0105cy Karmel \u2013 Waga pod Kontrol\u0105 w Biegu","isPartOf":{"@id":"https:\/\/www.lraloeverashop.eu\/pl\/#website"},"primaryImageOfPage":{"@id":"https:\/\/www.lraloeverashop.eu\/pl\/produkt\/koktajl-odchudzajacy-karmel\/#primaryimage"},"image":{"@id":"https:\/\/www.lraloeverashop.eu\/pl\/produkt\/koktajl-odchudzajacy-karmel\/#primaryimage"},"thumbnailUrl":"https:\/\/www.lraloeverashop.eu\/wp-content\/uploads\/2024\/05\/Weight-Loss-Shake-Caramel.jpg","datePublished":"2024-05-26T18:01:23+00:00","dateModified":"2026-04-27T19:31:42+00:00","description":"Zdrowy i po\u017cywny Koktajl Odchudzaj\u0105cy Karmel do pracy, w podr\u00f3\u017cy, na co dzie\u0144. Wega\u0144ski, bez sztucznych dodatk\u00f3w, z naturaln\u0105 stewi\u0105. Idealny na diet\u0119!","breadcrumb":{"@id":"https:\/\/www.lraloeverashop.eu\/pl\/produkt\/koktajl-odchudzajacy-karmel\/#breadcrumb"},"inLanguage":"pl-PL","potentialAction":[{"@type":"ReadAction","target":["https:\/\/www.lraloeverashop.eu\/pl\/produkt\/koktajl-odchudzajacy-karmel\/"]}]},{"@type":"ImageObject","inLanguage":"pl-PL","@id":"https:\/\/www.lraloeverashop.eu\/pl\/produkt\/koktajl-odchudzajacy-karmel\/#primaryimage","url":"https:\/\/www.lraloeverashop.eu\/wp-content\/uploads\/2024\/05\/Weight-Loss-Shake-Caramel.jpg","contentUrl":"https:\/\/www.lraloeverashop.eu\/wp-content\/uploads\/2024\/05\/Weight-Loss-Shake-Caramel.jpg","width":1200,"height":1200,"caption":"Wysokobia\u0142kowy koktajl karmelowy do odchudzania"},{"@type":"BreadcrumbList","@id":"https:\/\/www.lraloeverashop.eu\/pl\/produkt\/koktajl-odchudzajacy-karmel\/#breadcrumb","itemListElement":[{"@type":"ListItem","position":1,"name":"Home","item":"https:\/\/www.lraloeverashop.eu\/pl\/"},{"@type":"ListItem","position":2,"name":"Sklep","item":"https:\/\/www.lraloeverashop.eu\/pl\/sklep\/"},{"@type":"ListItem","position":3,"name":"Koktajl Odchudzaj\u0105cy Karmel"}]},{"@type":"WebSite","@id":"https:\/\/www.lraloeverashop.eu\/pl\/#website","url":"https:\/\/www.lraloeverashop.eu\/pl\/","name":"Lr Aloe Vera Shop","description":"High Quality Lr Aloe Vera Gel, Aloe Vera Cream and Shampoo","publisher":{"@id":"https:\/\/www.lraloeverashop.eu\/pl\/#organization"},"alternateName":"LR","potentialAction":[{"@type":"SearchAction","target":{"@type":"EntryPoint","urlTemplate":"https:\/\/www.lraloeverashop.eu\/pl\/?s={search_term_string}"},"query-input":{"@type":"PropertyValueSpecification","valueRequired":true,"valueName":"search_term_string"}}],"inLanguage":"pl-PL"},{"@type":"Organization","@id":"https:\/\/www.lraloeverashop.eu\/pl\/#organization","name":"Sklep Lr Aloe Vera","alternateName":"LR","url":"https:\/\/www.lraloeverashop.eu\/pl\/","logo":{"@type":"ImageObject","inLanguage":"pl-PL","@id":"https:\/\/www.lraloeverashop.eu\/pl\/#\/schema\/logo\/image\/","url":"https:\/\/www.lraloeverashop.eu\/wp-content\/uploads\/2022\/09\/cropped-Lr-Aloe-Vera-Shop.jpg","contentUrl":"https:\/\/www.lraloeverashop.eu\/wp-content\/uploads\/2022\/09\/cropped-Lr-Aloe-Vera-Shop.jpg","width":228,"height":76,"caption":"Sklep Lr Aloe Vera"},"image":{"@id":"https:\/\/www.lraloeverashop.eu\/pl\/#\/schema\/logo\/image\/"},"sameAs":["https:\/\/www.facebook.com\/lraloeverashop.eu","https:\/\/x.com\/natur__kosmetik","https:\/\/www.youtube.com\/channel\/UC5oN7BJ8nfYb8RpVtjwDEBA","https:\/\/www.instagram.com\/lrbeautyeu\/"],"description":"Sklep LR Aloe Vera to Twoje zaufane \u017ar\u00f3d\u0142o wysokiej jako\u015bci produkt\u00f3w LR Health & Beauty wyprodukowanych w Niemczech. Oferujemy wysokiej jako\u015bci produkty do piel\u0119gnacji sk\u00f3ry, od\u017cywiania i przeciwstarzeniowe z aloesem, stworzone z czystych sk\u0142adnik\u00f3w i poparte badaniami naukowymi. Odkryj naturaln\u0105 piel\u0119gnacj\u0119, kt\u00f3ra regeneruje, chroni i rewitalizuje Twoj\u0105 sk\u00f3r\u0119 \u2014 i korzystaj z ekskluzywnych comiesi\u0119cznych ofert na nasze bestsellerowe produkty LR Aloe Vera.\nRozpocznij swoj\u0105 naturaln\u0105 piel\u0119gnacj\u0119 sk\u00f3ry ju\u017c dzi\u015b i poczuj r\u00f3\u017cnic\u0119.","email":"info@lraloeverashop.eu","telephone":"+49 17670609653","legalName":"Lr Aloe Vera Shop","foundingDate":"2018-04-21","numberOfEmployees":{"@type":"QuantitativeValue","minValue":"1","maxValue":"10"}}]},"product_price_amount":"48.59","product_price_currency":"EUR","og_availability":"instock","product_availability":"instock","product_retailer_item_id":"81250-1PL","product_condition":"new"},"taxonomy_info":{"product_cat":[{"value":1088,"label":"Koktajle"},{"value":1085,"label":"Zamienniki posi\u0142k\u00f3w"}],"product_tag":[{"value":1126,"label":"dieta"}]},"featured_image_src_large":["https:\/\/www.lraloeverashop.eu\/wp-content\/uploads\/2024\/05\/Weight-Loss-Shake-Caramel-1024x1024.jpg",1024,1024,true],"author_info":[],"comment_info":0,"_links":{"self":[{"href":"https:\/\/www.lraloeverashop.eu\/pl\/wp-json\/wp\/v2\/product\/28803","targetHints":{"allow":["GET"]}}],"collection":[{"href":"https:\/\/www.lraloeverashop.eu\/pl\/wp-json\/wp\/v2\/product"}],"about":[{"href":"https:\/\/www.lraloeverashop.eu\/pl\/wp-json\/wp\/v2\/types\/product"}],"replies":[{"embeddable":true,"href":"https:\/\/www.lraloeverashop.eu\/pl\/wp-json\/wp\/v2\/comments?post=28803"}],"wp:featuredmedia":[{"embeddable":true,"href":"https:\/\/www.lraloeverashop.eu\/pl\/wp-json\/wp\/v2\/media\/26942"}],"wp:attachment":[{"href":"https:\/\/www.lraloeverashop.eu\/pl\/wp-json\/wp\/v2\/media?parent=28803"}],"wp:term":[{"taxonomy":"product_brand","embeddable":true,"href":"https:\/\/www.lraloeverashop.eu\/pl\/wp-json\/wp\/v2\/product_brand?post=28803"},{"taxonomy":"product_cat","embeddable":true,"href":"https:\/\/www.lraloeverashop.eu\/pl\/wp-json\/wp\/v2\/product_cat?post=28803"},{"taxonomy":"product_tag","embeddable":true,"href":"https:\/\/www.lraloeverashop.eu\/pl\/wp-json\/wp\/v2\/product_tag?post=28803"}],"curies":[{"name":"wp","href":"https:\/\/api.w.org\/{rel}","templated":true}]}}