{"id":28769,"date":"2024-07-12T15:05:38","date_gmt":"2024-07-12T13:05:38","guid":{"rendered":"https:\/\/www.lraloeverashop.eu\/product\/zel-do-golenia-z-aloesem\/"},"modified":"2026-04-27T20:45:29","modified_gmt":"2026-04-27T18:45:29","slug":"zel-do-golenia-z-aloesem","status":"publish","type":"product","link":"https:\/\/www.lraloeverashop.eu\/pl\/produkt\/zel-do-golenia-z-aloesem\/","title":{"rendered":"\u017bel do Golenia z Aloesem"},"content":{"rendered":"<h2><span style=\"font-size: 16pt;\"><strong>\u017bel do Golenia z Aloesem<\/strong><\/span><\/h2>\n<p><span style=\"font-size: 14pt;\"><strong>\u017bel do Golenia z Aloesem o\u017cywi Twoj\u0105 sk\u00f3r\u0119 przy ka\u017cdym goleniu<\/strong><\/span><\/p>\n<p>Odkryj wyj\u0105tkowe wra\u017cenia z golenia dzi\u0119ki \u017celowi do golenia Aloe Vera od <a href=\"https:\/\/www.lraloeverashop.eu\/pl\/kategoria-produktu\/aloe-vera-pl\/pielegnacja-dla-mezczyzn\/\"><strong>LR Health &amp; Beauty<\/strong><\/a>. Niezale\u017cnie od tego, czy piel\u0119gnujesz brod\u0119, czy golisz inne obszary, ten innowacyjny \u017cel zapewnia precyzyjne i delikatne golenie od st\u00f3p do g\u0142\u00f3w.<\/p>\n<h3><span style=\"font-size: 16pt;\"><strong>Korzy\u015bci, kt\u00f3re pokochasz<\/strong><\/span><\/h3>\n<p><strong>Wszechstronne zastosowanie:<\/strong> Idealny do golenia brody i r\u00f3\u017cnych obszar\u00f3w sk\u00f3ry.<br \/>\n<strong>Zwi\u0119kszona precyzja:<\/strong> Przezroczysta formu\u0142a zapewniaj\u0105ca wyra\u017an\u0105 widoczno\u015b\u0107 kontur\u00f3w.<br \/>\n<strong>Piel\u0119gnacja sk\u00f3ry:<\/strong> <a href=\"https:\/\/www.lraloeverashop.eu\/pl\/produkt\/pianka-do-golenia-dla-mezczyzn\/\"><strong>Zawiera 50% aloesu<\/strong><\/a>, kwas hialuronowy i prowitamin\u0119 B5, kt\u00f3re koj\u0105 i chroni\u0105 sk\u00f3r\u0119.<br \/>\n<strong>Zapobiega podra\u017cnieniom:<\/strong> Zmniejsza zaczerwienienia, pieczenie, sucho\u015b\u0107 i napi\u0119cie.<br \/>\n<strong>\u015awie\u017cy wygl\u0105d:<\/strong> Pozostawia sk\u00f3r\u0119 \u015bwie\u017c\u0105 i zregenerowan\u0105.<\/p>\n<p>\u017bel do golenia z Aloesem zmi\u0119kcza i unosi w\u0142oski, zapewniaj\u0105c dok\u0142adne golenie, jednocze\u015bnie aktywnie zapobiegaj\u0105c podra\u017cnieniom sk\u00f3ry, takim jak zaczerwienienie, pieczenie, sucho\u015b\u0107 i \u015bci\u0105gni\u0119cie. Nasycony kwasem hialuronowym i prowitamin\u0105 B5, g\u0142\u0119boko od\u017cywia i nawil\u017ca sk\u00f3r\u0119, wspomagaj\u0105c regeneracj\u0119 i witalno\u015b\u0107. Koj\u0105ca mieszanka Defensil\u2122 i organicznego ekstraktu z bia\u0142ej herbaty wzmacnia barier\u0119 ochronn\u0105 sk\u00f3ry, zapewniaj\u0105c niezr\u00f3wnan\u0105 ochron\u0119 i <a href=\"https:\/\/www.lraloeverashop.eu\/pl\/produkt\/zestaw-kosmetykow-dla-mezczyzn-i\/\"><strong>komfort<\/strong><\/a> podczas ka\u017cdego golenia.<\/p>\n<h4><span style=\"font-size: 16pt;\"><strong>Spos\u00f3b u\u017cycia<\/strong><\/span><\/h4>\n<p>Zwil\u017c obszar przeznaczony do golenia letni\u0105 wod\u0105. Rozprowad\u017a \u017bel do Golenia z Aloesem, a\u017c na sk\u00f3rze utworzy si\u0119 wystarczaj\u0105ca ilo\u015b\u0107 \u201e\u017celowego filmu\u201d. Gol si\u0119 czystym, ostrym ostrzem jak zwykle, a nast\u0119pnie sp\u0142ucz letni\u0105 wod\u0105.<\/p>\n<p><strong>Rada:<\/strong> Aby uzyska\u0107 pe\u0142ne golenie brody, rozwa\u017c u\u017cycie Pianki do golenia z Aloesem, aby uzyska\u0107 jeszcze bardziej <a href=\"https:\/\/www.lraloeverashop.eu\/pl\/?attachment_id=27346\"><strong>mi\u0119kki efekt<\/strong><\/a>.<\/p>\n<p>Poczuj klarowno\u015b\u0107 i komfort \u017celu do golenia z aloesem podczas kolejnego golenia. Do\u015bwiadcz <a href=\"https:\/\/www.lraloeverashop.eu\/pl\/produkt\/olejek-do-brody\/\"><strong>g\u0142adko\u015bci i piel\u0119gnacji<\/strong><\/a>, na jak\u0105 zas\u0142uguje Twoja sk\u00f3ra. Nie czekaj, ulepsz swoj\u0105 rutyn\u0119 golenia ju\u017c dzi\u015b i ciesz si\u0119 \u015bwie\u017cym, bez podra\u017cnie\u0144 wyko\u0144czeniem za ka\u017cdym razem!<\/p>\n","protected":false},"excerpt":{"rendered":"<ul>\n<li>Przezroczysty, niepieni\u0105cy si\u0119 \u017cel do golenia do r\u00f3\u017cnych obszar\u00f3w sk\u00f3ry<\/li>\n<li>Idealny do golenia kontur\u00f3w brody<\/li>\n<li>Zawiera 50% aloesu, kwas hialuronowy i prowitamin\u0119 B5<\/li>\n<li>\u0141agodzi i chroni przed podra\u017cnieniami sk\u00f3ry, takimi jak zaczerwienienia<\/li>\n<li>Z Defensil\u2122 i organicznym ekstraktem z bia\u0142ej herbaty<\/li>\n<li>Zawarto\u015b\u0107: 150 ml<\/li>\n<\/ul>\n<p style=\"text-align: left;\"><span style=\"color: #ff0000;\"><a style=\"color: #ff0000;\" href=\"https:\/\/shop.lrworld.com\/openpao?PHP=0vFlt7jT938BEnBI3a6e9w%3D%3D\"><span style=\"font-size: 14pt;\"><strong>Zarejestruj si\u0119 i oszcz\u0119dzaj 35% przy ka\u017cdym zam\u00f3wieniu<\/strong><\/span><\/a><\/span><\/p>\n","protected":false},"featured_media":26907,"comment_status":"open","ping_status":"closed","template":"","meta":{"_kad_blocks_custom_css":"","_kad_blocks_head_custom_js":"","_kad_blocks_body_custom_js":"","_kad_blocks_footer_custom_js":"","_kadence_starter_templates_imported_post":false,"_kad_post_transparent":"default","_kad_post_title":"","_kad_post_layout":"default","_kad_post_sidebar_id":"","_kad_post_content_style":"default","_kad_post_vertical_padding":"default","_kad_post_feature":"","_kad_post_feature_position":"","_kad_post_header":false,"_kad_post_footer":false,"_kad_post_classname":""},"product_brand":[],"product_cat":[1059,1065],"product_tag":[1109,1117],"class_list":{"0":"post-28769","1":"product","2":"type-product","3":"status-publish","4":"has-post-thumbnail","6":"product_cat-aloe-vera-pl","7":"product_cat-pielegnacja-dla-mezczyzn","8":"product_tag-broda","9":"product_tag-produkty-dla-mezczyzn","11":"first","12":"instock","13":"taxable","14":"shipping-taxable","15":"purchasable","16":"product-type-simple","17":"entry","18":"content-bg","19":"loop-entry"},"yoast_head":"<!-- This site is optimized with the Yoast SEO Premium plugin v27.5 (Yoast SEO v27.5) - https:\/\/yoast.com\/product\/yoast-seo-premium-wordpress\/ -->\n<title>\u017bel do golenia z aloesem i Defensil\u2122 - \u0141agodzenie i precyzja!<\/title>\n<meta name=\"description\" content=\"Przezroczysty \u017bel do golenia z aloesem 50%, kwasem hialuronowym i Defensil\u2122. Idealny do konturowania brody. \u0141agodzi podra\u017cnienia i chroni sk\u00f3r\u0119. 150 ml.\" \/>\n<meta name=\"robots\" content=\"index, follow, max-snippet:-1, max-image-preview:large, max-video-preview:-1\" \/>\n<link rel=\"canonical\" href=\"https:\/\/www.lraloeverashop.eu\/pl\/produkt\/zel-do-golenia-z-aloesem\/\" \/>\n<meta property=\"og:locale\" content=\"pl_PL\" \/>\n<meta property=\"og:type\" content=\"article\" \/>\n<meta property=\"og:title\" content=\"\u017bel do Golenia z Aloesem\" \/>\n<meta property=\"og:description\" content=\"Przezroczysty \u017bel do golenia z aloesem 50%, kwasem hialuronowym i Defensil\u2122. Idealny do konturowania brody. \u0141agodzi podra\u017cnienia i chroni sk\u00f3r\u0119. 150 ml.\" \/>\n<meta property=\"og:url\" content=\"https:\/\/www.lraloeverashop.eu\/pl\/produkt\/zel-do-golenia-z-aloesem\/\" \/>\n<meta property=\"og:site_name\" content=\"Lr Aloe Vera Shop\" \/>\n<meta property=\"article:publisher\" content=\"https:\/\/www.facebook.com\/lraloeverashop.eu\" \/>\n<meta property=\"article:modified_time\" content=\"2026-04-27T18:45:29+00:00\" \/>\n<meta property=\"og:image\" content=\"https:\/\/www.lraloeverashop.eu\/wp-content\/uploads\/2024\/07\/Aloe-Vera-Clear-Shaving-Gel.jpg\" \/>\n\t<meta property=\"og:image:width\" content=\"1200\" \/>\n\t<meta property=\"og:image:height\" content=\"1200\" \/>\n\t<meta property=\"og:image:type\" content=\"image\/jpeg\" \/>\n<meta name=\"twitter:card\" content=\"summary_large_image\" \/>\n<meta name=\"twitter:site\" content=\"@natur__kosmetik\" \/>\n<script type=\"application\/ld+json\" class=\"yoast-schema-graph\">{\"@context\":\"https:\\\/\\\/schema.org\",\"@graph\":[{\"@type\":[\"WebPage\",\"ItemPage\"],\"@id\":\"https:\\\/\\\/www.lraloeverashop.eu\\\/pl\\\/produkt\\\/zel-do-golenia-z-aloesem\\\/\",\"url\":\"https:\\\/\\\/www.lraloeverashop.eu\\\/pl\\\/produkt\\\/zel-do-golenia-z-aloesem\\\/\",\"name\":\"\u017bel do golenia z aloesem i Defensil\u2122 - \u0141agodzenie i precyzja!\",\"isPartOf\":{\"@id\":\"https:\\\/\\\/www.lraloeverashop.eu\\\/pl\\\/#website\"},\"primaryImageOfPage\":{\"@id\":\"https:\\\/\\\/www.lraloeverashop.eu\\\/pl\\\/produkt\\\/zel-do-golenia-z-aloesem\\\/#primaryimage\"},\"image\":{\"@id\":\"https:\\\/\\\/www.lraloeverashop.eu\\\/pl\\\/produkt\\\/zel-do-golenia-z-aloesem\\\/#primaryimage\"},\"thumbnailUrl\":\"https:\\\/\\\/www.lraloeverashop.eu\\\/wp-content\\\/uploads\\\/2024\\\/07\\\/Aloe-Vera-Clear-Shaving-Gel.jpg\",\"datePublished\":\"2024-07-12T13:05:38+00:00\",\"dateModified\":\"2026-04-27T18:45:29+00:00\",\"description\":\"Przezroczysty \u017bel do golenia z aloesem 50%, kwasem hialuronowym i Defensil\u2122. Idealny do konturowania brody. \u0141agodzi podra\u017cnienia i chroni sk\u00f3r\u0119. 150 ml.\",\"breadcrumb\":{\"@id\":\"https:\\\/\\\/www.lraloeverashop.eu\\\/pl\\\/produkt\\\/zel-do-golenia-z-aloesem\\\/#breadcrumb\"},\"inLanguage\":\"pl-PL\",\"potentialAction\":[{\"@type\":\"ReadAction\",\"target\":[\"https:\\\/\\\/www.lraloeverashop.eu\\\/pl\\\/produkt\\\/zel-do-golenia-z-aloesem\\\/\"]}]},{\"@type\":\"ImageObject\",\"inLanguage\":\"pl-PL\",\"@id\":\"https:\\\/\\\/www.lraloeverashop.eu\\\/pl\\\/produkt\\\/zel-do-golenia-z-aloesem\\\/#primaryimage\",\"url\":\"https:\\\/\\\/www.lraloeverashop.eu\\\/wp-content\\\/uploads\\\/2024\\\/07\\\/Aloe-Vera-Clear-Shaving-Gel.jpg\",\"contentUrl\":\"https:\\\/\\\/www.lraloeverashop.eu\\\/wp-content\\\/uploads\\\/2024\\\/07\\\/Aloe-Vera-Clear-Shaving-Gel.jpg\",\"width\":1200,\"height\":1200,\"caption\":\"\u017bel do golenia z Aloesem dla idealnego konturowania brody\"},{\"@type\":\"BreadcrumbList\",\"@id\":\"https:\\\/\\\/www.lraloeverashop.eu\\\/pl\\\/produkt\\\/zel-do-golenia-z-aloesem\\\/#breadcrumb\",\"itemListElement\":[{\"@type\":\"ListItem\",\"position\":1,\"name\":\"Home\",\"item\":\"https:\\\/\\\/www.lraloeverashop.eu\\\/pl\\\/\"},{\"@type\":\"ListItem\",\"position\":2,\"name\":\"Sklep\",\"item\":\"https:\\\/\\\/www.lraloeverashop.eu\\\/pl\\\/sklep\\\/\"},{\"@type\":\"ListItem\",\"position\":3,\"name\":\"\u017bel do Golenia z Aloesem\"}]},{\"@type\":\"WebSite\",\"@id\":\"https:\\\/\\\/www.lraloeverashop.eu\\\/pl\\\/#website\",\"url\":\"https:\\\/\\\/www.lraloeverashop.eu\\\/pl\\\/\",\"name\":\"Lr Aloe Vera Shop\",\"description\":\"High Quality Lr Aloe Vera Gel, Aloe Vera Cream and Shampoo\",\"publisher\":{\"@id\":\"https:\\\/\\\/www.lraloeverashop.eu\\\/pl\\\/#organization\"},\"alternateName\":\"LR\",\"potentialAction\":[{\"@type\":\"SearchAction\",\"target\":{\"@type\":\"EntryPoint\",\"urlTemplate\":\"https:\\\/\\\/www.lraloeverashop.eu\\\/pl\\\/?s={search_term_string}\"},\"query-input\":{\"@type\":\"PropertyValueSpecification\",\"valueRequired\":true,\"valueName\":\"search_term_string\"}}],\"inLanguage\":\"pl-PL\"},{\"@type\":\"Organization\",\"@id\":\"https:\\\/\\\/www.lraloeverashop.eu\\\/pl\\\/#organization\",\"name\":\"Sklep Lr Aloe Vera\",\"alternateName\":\"LR\",\"url\":\"https:\\\/\\\/www.lraloeverashop.eu\\\/pl\\\/\",\"logo\":{\"@type\":\"ImageObject\",\"inLanguage\":\"pl-PL\",\"@id\":\"https:\\\/\\\/www.lraloeverashop.eu\\\/pl\\\/#\\\/schema\\\/logo\\\/image\\\/\",\"url\":\"https:\\\/\\\/www.lraloeverashop.eu\\\/wp-content\\\/uploads\\\/2022\\\/09\\\/cropped-Lr-Aloe-Vera-Shop.jpg\",\"contentUrl\":\"https:\\\/\\\/www.lraloeverashop.eu\\\/wp-content\\\/uploads\\\/2022\\\/09\\\/cropped-Lr-Aloe-Vera-Shop.jpg\",\"width\":228,\"height\":76,\"caption\":\"Sklep Lr Aloe Vera\"},\"image\":{\"@id\":\"https:\\\/\\\/www.lraloeverashop.eu\\\/pl\\\/#\\\/schema\\\/logo\\\/image\\\/\"},\"sameAs\":[\"https:\\\/\\\/www.facebook.com\\\/lraloeverashop.eu\",\"https:\\\/\\\/x.com\\\/natur__kosmetik\",\"https:\\\/\\\/www.youtube.com\\\/channel\\\/UC5oN7BJ8nfYb8RpVtjwDEBA\",\"https:\\\/\\\/www.instagram.com\\\/lrbeautyeu\\\/\"],\"description\":\"Sklep LR Aloe Vera to Twoje zaufane \u017ar\u00f3d\u0142o wysokiej jako\u015bci produkt\u00f3w LR Health & Beauty wyprodukowanych w Niemczech. Oferujemy wysokiej jako\u015bci produkty do piel\u0119gnacji sk\u00f3ry, od\u017cywiania i przeciwstarzeniowe z aloesem, stworzone z czystych sk\u0142adnik\u00f3w i poparte badaniami naukowymi. Odkryj naturaln\u0105 piel\u0119gnacj\u0119, kt\u00f3ra regeneruje, chroni i rewitalizuje Twoj\u0105 sk\u00f3r\u0119 \u2014 i korzystaj z ekskluzywnych comiesi\u0119cznych ofert na nasze bestsellerowe produkty LR Aloe Vera.\\nRozpocznij swoj\u0105 naturaln\u0105 piel\u0119gnacj\u0119 sk\u00f3ry ju\u017c dzi\u015b i poczuj r\u00f3\u017cnic\u0119.\",\"email\":\"info@lraloeverashop.eu\",\"telephone\":\"+49 17670609653\",\"legalName\":\"Lr Aloe Vera Shop\",\"foundingDate\":\"2018-04-21\",\"numberOfEmployees\":{\"@type\":\"QuantitativeValue\",\"minValue\":\"1\",\"maxValue\":\"10\"}}]}<\/script>\n<meta property=\"product:price:amount\" content=\"14.39\" \/>\n<meta property=\"product:price:currency\" content=\"EUR\" \/>\n<meta property=\"og:availability\" content=\"instock\" \/>\n<meta property=\"product:availability\" content=\"instock\" \/>\n<meta property=\"product:retailer_item_id\" content=\"20446-1PL\" \/>\n<meta property=\"product:condition\" content=\"new\" \/>\n<!-- \/ Yoast SEO Premium plugin. -->","yoast_head_json":{"title":"\u017bel do golenia z aloesem i Defensil\u2122 - \u0141agodzenie i precyzja!","description":"Przezroczysty \u017bel do golenia z aloesem 50%, kwasem hialuronowym i Defensil\u2122. Idealny do konturowania brody. \u0141agodzi podra\u017cnienia i chroni sk\u00f3r\u0119. 150 ml.","robots":{"index":"index","follow":"follow","max-snippet":"max-snippet:-1","max-image-preview":"max-image-preview:large","max-video-preview":"max-video-preview:-1"},"canonical":"https:\/\/www.lraloeverashop.eu\/pl\/produkt\/zel-do-golenia-z-aloesem\/","og_locale":"pl_PL","og_type":"article","og_title":"\u017bel do Golenia z Aloesem","og_description":"Przezroczysty \u017bel do golenia z aloesem 50%, kwasem hialuronowym i Defensil\u2122. Idealny do konturowania brody. \u0141agodzi podra\u017cnienia i chroni sk\u00f3r\u0119. 150 ml.","og_url":"https:\/\/www.lraloeverashop.eu\/pl\/produkt\/zel-do-golenia-z-aloesem\/","og_site_name":"Lr Aloe Vera Shop","article_publisher":"https:\/\/www.facebook.com\/lraloeverashop.eu","article_modified_time":"2026-04-27T18:45:29+00:00","og_image":[{"width":1200,"height":1200,"url":"https:\/\/www.lraloeverashop.eu\/wp-content\/uploads\/2024\/07\/Aloe-Vera-Clear-Shaving-Gel.jpg","type":"image\/jpeg"}],"twitter_card":"summary_large_image","twitter_site":"@natur__kosmetik","schema":{"@context":"https:\/\/schema.org","@graph":[{"@type":["WebPage","ItemPage"],"@id":"https:\/\/www.lraloeverashop.eu\/pl\/produkt\/zel-do-golenia-z-aloesem\/","url":"https:\/\/www.lraloeverashop.eu\/pl\/produkt\/zel-do-golenia-z-aloesem\/","name":"\u017bel do golenia z aloesem i Defensil\u2122 - \u0141agodzenie i precyzja!","isPartOf":{"@id":"https:\/\/www.lraloeverashop.eu\/pl\/#website"},"primaryImageOfPage":{"@id":"https:\/\/www.lraloeverashop.eu\/pl\/produkt\/zel-do-golenia-z-aloesem\/#primaryimage"},"image":{"@id":"https:\/\/www.lraloeverashop.eu\/pl\/produkt\/zel-do-golenia-z-aloesem\/#primaryimage"},"thumbnailUrl":"https:\/\/www.lraloeverashop.eu\/wp-content\/uploads\/2024\/07\/Aloe-Vera-Clear-Shaving-Gel.jpg","datePublished":"2024-07-12T13:05:38+00:00","dateModified":"2026-04-27T18:45:29+00:00","description":"Przezroczysty \u017bel do golenia z aloesem 50%, kwasem hialuronowym i Defensil\u2122. Idealny do konturowania brody. \u0141agodzi podra\u017cnienia i chroni sk\u00f3r\u0119. 150 ml.","breadcrumb":{"@id":"https:\/\/www.lraloeverashop.eu\/pl\/produkt\/zel-do-golenia-z-aloesem\/#breadcrumb"},"inLanguage":"pl-PL","potentialAction":[{"@type":"ReadAction","target":["https:\/\/www.lraloeverashop.eu\/pl\/produkt\/zel-do-golenia-z-aloesem\/"]}]},{"@type":"ImageObject","inLanguage":"pl-PL","@id":"https:\/\/www.lraloeverashop.eu\/pl\/produkt\/zel-do-golenia-z-aloesem\/#primaryimage","url":"https:\/\/www.lraloeverashop.eu\/wp-content\/uploads\/2024\/07\/Aloe-Vera-Clear-Shaving-Gel.jpg","contentUrl":"https:\/\/www.lraloeverashop.eu\/wp-content\/uploads\/2024\/07\/Aloe-Vera-Clear-Shaving-Gel.jpg","width":1200,"height":1200,"caption":"\u017bel do golenia z Aloesem dla idealnego konturowania brody"},{"@type":"BreadcrumbList","@id":"https:\/\/www.lraloeverashop.eu\/pl\/produkt\/zel-do-golenia-z-aloesem\/#breadcrumb","itemListElement":[{"@type":"ListItem","position":1,"name":"Home","item":"https:\/\/www.lraloeverashop.eu\/pl\/"},{"@type":"ListItem","position":2,"name":"Sklep","item":"https:\/\/www.lraloeverashop.eu\/pl\/sklep\/"},{"@type":"ListItem","position":3,"name":"\u017bel do Golenia z Aloesem"}]},{"@type":"WebSite","@id":"https:\/\/www.lraloeverashop.eu\/pl\/#website","url":"https:\/\/www.lraloeverashop.eu\/pl\/","name":"Lr Aloe Vera Shop","description":"High Quality Lr Aloe Vera Gel, Aloe Vera Cream and Shampoo","publisher":{"@id":"https:\/\/www.lraloeverashop.eu\/pl\/#organization"},"alternateName":"LR","potentialAction":[{"@type":"SearchAction","target":{"@type":"EntryPoint","urlTemplate":"https:\/\/www.lraloeverashop.eu\/pl\/?s={search_term_string}"},"query-input":{"@type":"PropertyValueSpecification","valueRequired":true,"valueName":"search_term_string"}}],"inLanguage":"pl-PL"},{"@type":"Organization","@id":"https:\/\/www.lraloeverashop.eu\/pl\/#organization","name":"Sklep Lr Aloe Vera","alternateName":"LR","url":"https:\/\/www.lraloeverashop.eu\/pl\/","logo":{"@type":"ImageObject","inLanguage":"pl-PL","@id":"https:\/\/www.lraloeverashop.eu\/pl\/#\/schema\/logo\/image\/","url":"https:\/\/www.lraloeverashop.eu\/wp-content\/uploads\/2022\/09\/cropped-Lr-Aloe-Vera-Shop.jpg","contentUrl":"https:\/\/www.lraloeverashop.eu\/wp-content\/uploads\/2022\/09\/cropped-Lr-Aloe-Vera-Shop.jpg","width":228,"height":76,"caption":"Sklep Lr Aloe Vera"},"image":{"@id":"https:\/\/www.lraloeverashop.eu\/pl\/#\/schema\/logo\/image\/"},"sameAs":["https:\/\/www.facebook.com\/lraloeverashop.eu","https:\/\/x.com\/natur__kosmetik","https:\/\/www.youtube.com\/channel\/UC5oN7BJ8nfYb8RpVtjwDEBA","https:\/\/www.instagram.com\/lrbeautyeu\/"],"description":"Sklep LR Aloe Vera to Twoje zaufane \u017ar\u00f3d\u0142o wysokiej jako\u015bci produkt\u00f3w LR Health & Beauty wyprodukowanych w Niemczech. Oferujemy wysokiej jako\u015bci produkty do piel\u0119gnacji sk\u00f3ry, od\u017cywiania i przeciwstarzeniowe z aloesem, stworzone z czystych sk\u0142adnik\u00f3w i poparte badaniami naukowymi. Odkryj naturaln\u0105 piel\u0119gnacj\u0119, kt\u00f3ra regeneruje, chroni i rewitalizuje Twoj\u0105 sk\u00f3r\u0119 \u2014 i korzystaj z ekskluzywnych comiesi\u0119cznych ofert na nasze bestsellerowe produkty LR Aloe Vera.\nRozpocznij swoj\u0105 naturaln\u0105 piel\u0119gnacj\u0119 sk\u00f3ry ju\u017c dzi\u015b i poczuj r\u00f3\u017cnic\u0119.","email":"info@lraloeverashop.eu","telephone":"+49 17670609653","legalName":"Lr Aloe Vera Shop","foundingDate":"2018-04-21","numberOfEmployees":{"@type":"QuantitativeValue","minValue":"1","maxValue":"10"}}]},"product_price_amount":"14.39","product_price_currency":"EUR","og_availability":"instock","product_availability":"instock","product_retailer_item_id":"20446-1PL","product_condition":"new"},"taxonomy_info":{"product_cat":[{"value":1059,"label":"Aloe Vera"},{"value":1065,"label":"Piel\u0119gnacja dla m\u0119\u017cczyzn"}],"product_tag":[{"value":1109,"label":"Broda"},{"value":1117,"label":"Produkty dla m\u0119\u017cczyzn"}]},"featured_image_src_large":["https:\/\/www.lraloeverashop.eu\/wp-content\/uploads\/2024\/07\/Aloe-Vera-Clear-Shaving-Gel-1024x1024.jpg",1024,1024,true],"author_info":[],"comment_info":0,"_links":{"self":[{"href":"https:\/\/www.lraloeverashop.eu\/pl\/wp-json\/wp\/v2\/product\/28769","targetHints":{"allow":["GET"]}}],"collection":[{"href":"https:\/\/www.lraloeverashop.eu\/pl\/wp-json\/wp\/v2\/product"}],"about":[{"href":"https:\/\/www.lraloeverashop.eu\/pl\/wp-json\/wp\/v2\/types\/product"}],"replies":[{"embeddable":true,"href":"https:\/\/www.lraloeverashop.eu\/pl\/wp-json\/wp\/v2\/comments?post=28769"}],"wp:featuredmedia":[{"embeddable":true,"href":"https:\/\/www.lraloeverashop.eu\/pl\/wp-json\/wp\/v2\/media\/26907"}],"wp:attachment":[{"href":"https:\/\/www.lraloeverashop.eu\/pl\/wp-json\/wp\/v2\/media?parent=28769"}],"wp:term":[{"taxonomy":"product_brand","embeddable":true,"href":"https:\/\/www.lraloeverashop.eu\/pl\/wp-json\/wp\/v2\/product_brand?post=28769"},{"taxonomy":"product_cat","embeddable":true,"href":"https:\/\/www.lraloeverashop.eu\/pl\/wp-json\/wp\/v2\/product_cat?post=28769"},{"taxonomy":"product_tag","embeddable":true,"href":"https:\/\/www.lraloeverashop.eu\/pl\/wp-json\/wp\/v2\/product_tag?post=28769"}],"curies":[{"name":"wp","href":"https:\/\/api.w.org\/{rel}","templated":true}]}}