{"id":28546,"date":"2022-10-12T11:10:10","date_gmt":"2022-10-12T09:10:10","guid":{"rendered":"https:\/\/www.lraloeverashop.eu\/product\/czystek-w-kapsulkach\/"},"modified":"2025-06-18T05:47:21","modified_gmt":"2025-06-18T03:47:21","slug":"czystek-w-kapsulkach","status":"publish","type":"product","link":"https:\/\/www.lraloeverashop.eu\/pl\/produkt\/czystek-w-kapsulkach\/","title":{"rendered":"Czystek w Kapsu\u0142kach Cistus Incanus"},"content":{"rendered":"<h2><span style=\"font-size: 16pt; color: #000000;\"><strong>Czystek w Kapsu\u0142kach<\/strong><\/span><\/h2>\n<p><span style=\"font-size: 14pt; color: #000000;\"><strong>Czystek w Kapsu\u0142kach &#8211; wsparcie dla zdrowego uk\u0142adu odporno\u015bciowego<\/strong><\/span><\/p>\n<p>Czystek w Kapsu\u0142kach to skuteczne wsparcie odporno\u015bci, oparte na ekstrakcie z li\u015bci Cistus incanus \u2013 ro\u015bliny docenianej od wiek\u00f3w. Dzi\u0119ki du\u017cej zawarto\u015bci polifenoli i witaminy C preparat dzia\u0142a antyoksydacyjnie, zwalcza wolne rodniki i chroni kom\u00f3rki przed stresem oksydacyjnym. Czystek w Kapsu\u0142kach zawiera tylko standaryzowany wyci\u0105g z li\u015bci, nie zawiera sztucznych dodatk\u00f3w, a ca\u0142a produkcja przebiega pod \u015bcis\u0142\u0105 kontrol\u0105 jako\u015bci.<\/p>\n<h2><span style=\"font-size: 16pt; color: #000000;\"><strong>Czystek \u2013 w\u0142a\u015bciwo\u015bci lecznicze potwierdzone naukowo<\/strong><\/span><\/h2>\n<p>Czystek kapsu\u0142ki wyr\u00f3\u017cniaj\u0105 si\u0119 bogactwem sk\u0142adnik\u00f3w aktywnych. Polifenole, flawonoidy i witamina C tworz\u0105 naturaln\u0105 tarcz\u0119 organizmu. Czystek wykazuje w\u0142a\u015bciwo\u015bci:<\/p>\n<ul>\n<li><strong>przeciwwirusowe i przeciwbakteryjne<\/strong> \u2013 pomaga w walce z infekcjami g\u00f3rnych dr\u00f3g oddechowych,<\/li>\n<li><strong>przeciwzapalne<\/strong> \u2013 redukuje stany zapalne, wspieraj\u0105c zdrowie ca\u0142ego organizmu,<\/li>\n<li><strong>antyoksydacyjne<\/strong> \u2013 chroni kom\u00f3rki przed uszkodzeniami i spowalnia procesy starzenia,<\/li>\n<li><strong>detoksykacyjne<\/strong> \u2013 wspiera oczyszczanie organizmu z toksyn i metali ci\u0119\u017ckich.<\/li>\n<\/ul>\n<p>Dzi\u0119ki tym w\u0142a\u015bciwo\u015bciom czystek stosowanie polecane jest szczeg\u00f3lnie w stanach obni\u017conej odporno\u015bci, w okresie jesienno-zimowym oraz w czasie zwi\u0119kszonej zachorowalno\u015bci.<\/p>\n<h3><span style=\"font-size: 16pt; color: #000000;\"><strong>Jak dzia\u0142a czystek?<\/strong><\/span><\/h3>\n<p><strong>Ekstrakt z czystka dzia\u0142a kompleksowo:<\/strong><\/p>\n<ul>\n<li>wzmacnia uk\u0142ad odporno\u015bciowy,<\/li>\n<li>wspiera ochron\u0119 b\u0142on \u015bluzowych,<\/li>\n<li>poprawia kondycj\u0119 sk\u00f3ry,<\/li>\n<li>przyspiesza regeneracj\u0119 po infekcjach.<\/li>\n<\/ul>\n<p><strong>Czystek na co pomaga? Regularna suplementacja:<\/strong><\/p>\n<ul>\n<li>\u0141agodzi objawy przezi\u0119bienia i grypy,<\/li>\n<li>U\u0142atwia walk\u0119 z infekcjami bakteryjnymi oraz wirusowymi,<\/li>\n<li>Wspiera uk\u0142ad pokarmowy chroni\u0105c \u015bluz\u00f3wk\u0119 \u017co\u0142\u0105dka,<\/li>\n<li>Mo\u017ce dzia\u0142a\u0107 wspieraj\u0105co przy profilaktyce chor\u00f3b cywilizacyjnych takich jak mia\u017cd\u017cyca, cukrzyca.<\/li>\n<\/ul>\n<h3><span style=\"font-size: 16pt; color: #000000;\"><strong>zystek kapsu\u0142ki vs czystek tabletki<\/strong><\/span><\/h3>\n<p>Czystek w Kapsu\u0142kach marki LR Health &amp; Beauty to czysto\u015b\u0107 i si\u0142a ro\u015bliny w najwygodniejszej formie. Kapsu\u0142ki gwarantuj\u0105 precyzyjne dawkowanie i szybkie wch\u0142anianie. Mo\u017cna je stosowa\u0107 d\u0142ugo, bezpiecznie, bez ryzyka skutk\u00f3w ubocznych przy prawid\u0142owym stosowaniu. Naturalny sk\u0142ad czyni produkt uniwersalnym dla doros\u0142ych i os\u00f3b starszych.<\/p>\n<h3><span style=\"font-size: 16pt; color: #000000;\"><strong>Czystek zastosowanie \u2013 jak stosowa\u0107?<\/strong><\/span><\/h3>\n<p>Wystarczy przyjmowa\u0107 2 x 1 kapsu\u0142k\u0119 dziennie, popijaj\u0105c wod\u0105. To wystarczy, by pokry\u0107 dzienne zapotrzebowanie na witamin\u0119 C i dostarczy\u0107 odpowiedni\u0105 dawk\u0119 polifenoli. Kapsu\u0142ki s\u0105 idealne do codziennej suplementacji, zw\u0142aszcza w po\u0142\u0105czeniu ze zdrow\u0105 diet\u0105 i aktywno\u015bci\u0105 fizyczn\u0105.<\/p>\n<h3><span style=\"font-size: 16pt; color: #000000;\"><strong>Czystek w Kapsu\u0142kach \u2013 codzienna dawka zdrowia<\/strong><\/span><\/h3>\n<ul>\n<li>Wzmacnia odporno\u015b\u0107 przez ca\u0142y rok,<\/li>\n<li>Chroni kom\u00f3rki i tkanki przed starzeniem,<\/li>\n<li>Pomaga zwalcza\u0107 wolne rodniki,<\/li>\n<li>Poprawia og\u00f3ln\u0105 kondycj\u0119,<\/li>\n<\/ul>\n<p>Kapsu\u0142ki czystka cenione s\u0105 za wygod\u0119 stosowania oraz d\u0142ugotrwa\u0142e, naturalne wsparcie.<\/p>\n<p>Zadbaj o zdrowie ju\u017c dzi\u015b \u2013 si\u0119gnij po Czystek w Kapsu\u0142kach i przekonaj si\u0119, jak \u0142atwo mo\u017cesz wzmocni\u0107 swoj\u0105 odporno\u015b\u0107. Wybierz naturalne wsparcie, sprawdzon\u0105 jako\u015b\u0107 i skuteczno\u015b\u0107. Czystek w Kapsu\u0142kach to proste rozwi\u0105zanie na ka\u017cdy dzie\u0144.<\/p>\n<h4><span style=\"font-size: 16pt; color: #000000;\"><strong>Cz\u0119sto zadawane pytania<\/strong><\/span><\/h4>\n<p><span style=\"color: #000000;\"><strong>Co to jest Cistus Incanus?<\/strong><\/span><br \/>\nHistoria tej ro\u015bliny zaczyna si\u0119 ju\u017c w IV wieku p.n.e. Czystek szybko sta\u0142 si\u0119 popularny jako pikantna herbata na Bliskim Wschodzie, w p\u00f3\u0142nocnej Afryce i w Europie \u015ar\u00f3dziemnomorskiej.<\/p>\n<p><span style=\"color: #000000;\"><strong>Co wykorzystuje Lr z tej ro\u015bliny?<\/strong><\/span><br \/>\nPrzetwarzane s\u0105 tylko \u015bci\u0119te li\u015bcie. Drewno i pnie s\u0105 konsekwentnie sortowane. Sta\u0142e kontrole jako\u015bci podczas procesu produkcyjnego zapewniaj\u0105 maksymaln\u0105 czysto\u015b\u0107 i jako\u015b\u0107.<\/p>\n<p><span style=\"color: #000000;\"><strong>Czy mog\u0119 u\u017cywa\u0107 Cistus Incanus przez d\u0142ugi czas?<\/strong><\/span><br \/>\nCzystek w Kapsu\u0142kach mo\u017cna bezpiecznie stosowa\u0107 przez d\u0142ugi okres czasu.<\/p>\n<p><span style=\"color: #000000;\"><strong>Jakiego surowca LR u\u017cywa w swoim produkcie?<\/strong><\/span><br \/>\nU\u017cywamy Cistus ssp. tauricus. Ro\u015blina ta ro\u015bnie dziko w naturze, a nie na plantacjach.<\/p>\n<p><span style=\"color: #000000;\"><strong>W jaki spos\u00f3b przetwarzany jest surowiec?<\/strong><\/span><br \/>\nLi\u015bcie ro\u015bliny s\u0105 zbierane, suszone, czyszczone i ci\u0119te przed przetworzeniem przez znanych producent\u00f3w ekstrakt\u00f3w na napar wodny. Ekstrakt ten jest suszony i ostatecznie umieszczany w kapsu\u0142kach. Opisany proces jest standardow\u0105 technologi\u0105 ekstrakcji.<\/p>\n","protected":false},"excerpt":{"rendered":"<ul>\n<li class=\"ai-optimize-23\">Z cynkiem i witamin\u0105 C dla zdrowego uk\u0142adu odporno\u015bciowego\u00b9<\/li>\n<li class=\"ai-optimize-24\">69% ekstraktu z Cistus incanus<\/li>\n<li class=\"ai-optimize-25\">100% witaminy C i 20% cynku w dziennej porcji<\/li>\n<li class=\"ai-optimize-26\">Czysta otoczka kapsu\u0142ki pochodzenia ro\u015blinnego<\/li>\n<li class=\"ai-optimize-27\">Produkt wyprodukowany w Niemczech<\/li>\n<li class=\"ai-optimize-28\">Zawarto\u015b\u0107: 60 kapsu\u0142ek<\/li>\n<\/ul>\n<p>&nbsp;<\/p>\n","protected":false},"featured_media":27145,"comment_status":"open","ping_status":"closed","template":"","meta":{"_kad_blocks_custom_css":"","_kad_blocks_head_custom_js":"","_kad_blocks_body_custom_js":"","_kad_blocks_footer_custom_js":"","_kadence_starter_templates_imported_post":false,"_kad_post_transparent":"default","_kad_post_title":"","_kad_post_layout":"default","_kad_post_sidebar_id":"","_kad_post_content_style":"default","_kad_post_vertical_padding":"default","_kad_post_feature":"","_kad_post_feature_position":"","_kad_post_header":false,"_kad_post_footer":false,"_kad_post_classname":""},"product_brand":[],"product_cat":[1094,1081,1091,1083],"product_tag":[1136],"class_list":{"0":"post-28546","1":"product","2":"type-product","3":"status-publish","4":"has-post-thumbnail","6":"product_cat-cistus-incanus-pl","7":"product_cat-podstawa","8":"product_cat-produkty-specjalne","9":"product_cat-uklad-odpornosciowy","10":"product_tag-wzmacniacz-odpornosci","12":"first","13":"instock","14":"taxable","15":"shipping-taxable","16":"purchasable","17":"product-type-simple","18":"entry","19":"content-bg","20":"loop-entry"},"yoast_head":"<!-- This site is optimized with the Yoast SEO Premium plugin v27.5 (Yoast SEO v27.5) - https:\/\/yoast.com\/product\/yoast-seo-premium-wordpress\/ -->\n<title>Czystek w Kapsu\u0142kach dla zdrowego uk\u0142adu odporno\u015bciowego<\/title>\n<meta name=\"description\" content=\"Si\u0119gnij po Czystek w Kapsu\u0142kach i przekonaj si\u0119, jak \u0142atwo mo\u017cesz wzmocni\u0107 swoj\u0105 odporno\u015b\u0107. Wybierz naturalne wsparcie, sprawdzon\u0105 jako\u015b\u0107 i skuteczno\u015b\u0107.\" \/>\n<meta name=\"robots\" content=\"index, follow, max-snippet:-1, max-image-preview:large, max-video-preview:-1\" \/>\n<link rel=\"canonical\" href=\"https:\/\/www.lraloeverashop.eu\/pl\/produkt\/czystek-w-kapsulkach\/\" \/>\n<meta property=\"og:locale\" content=\"pl_PL\" \/>\n<meta property=\"og:type\" content=\"article\" \/>\n<meta property=\"og:title\" content=\"Czystek w Kapsu\u0142kach Cistus Incanus\" \/>\n<meta property=\"og:description\" content=\"Si\u0119gnij po Czystek w Kapsu\u0142kach i przekonaj si\u0119, jak \u0142atwo mo\u017cesz wzmocni\u0107 swoj\u0105 odporno\u015b\u0107. Wybierz naturalne wsparcie, sprawdzon\u0105 jako\u015b\u0107 i skuteczno\u015b\u0107.\" \/>\n<meta property=\"og:url\" content=\"https:\/\/www.lraloeverashop.eu\/pl\/produkt\/czystek-w-kapsulkach\/\" \/>\n<meta property=\"og:site_name\" content=\"Lr Aloe Vera Shop\" \/>\n<meta property=\"article:publisher\" content=\"https:\/\/www.facebook.com\/lraloeverashop.eu\" \/>\n<meta property=\"article:modified_time\" content=\"2025-06-18T03:47:21+00:00\" \/>\n<meta property=\"og:image\" content=\"https:\/\/www.lraloeverashop.eu\/wp-content\/uploads\/2022\/10\/Cistus-Incanus-Capsules.jpg\" \/>\n\t<meta property=\"og:image:width\" content=\"1200\" \/>\n\t<meta property=\"og:image:height\" content=\"1200\" \/>\n\t<meta property=\"og:image:type\" content=\"image\/jpeg\" \/>\n<meta name=\"twitter:card\" content=\"summary_large_image\" \/>\n<meta name=\"twitter:site\" content=\"@natur__kosmetik\" \/>\n<script type=\"application\/ld+json\" class=\"yoast-schema-graph\">{\"@context\":\"https:\\\/\\\/schema.org\",\"@graph\":[{\"@type\":[\"WebPage\",\"ItemPage\"],\"@id\":\"https:\\\/\\\/www.lraloeverashop.eu\\\/pl\\\/produkt\\\/czystek-w-kapsulkach\\\/\",\"url\":\"https:\\\/\\\/www.lraloeverashop.eu\\\/pl\\\/produkt\\\/czystek-w-kapsulkach\\\/\",\"name\":\"Czystek w Kapsu\u0142kach dla zdrowego uk\u0142adu odporno\u015bciowego\",\"isPartOf\":{\"@id\":\"https:\\\/\\\/www.lraloeverashop.eu\\\/pl\\\/#website\"},\"primaryImageOfPage\":{\"@id\":\"https:\\\/\\\/www.lraloeverashop.eu\\\/pl\\\/produkt\\\/czystek-w-kapsulkach\\\/#primaryimage\"},\"image\":{\"@id\":\"https:\\\/\\\/www.lraloeverashop.eu\\\/pl\\\/produkt\\\/czystek-w-kapsulkach\\\/#primaryimage\"},\"thumbnailUrl\":\"https:\\\/\\\/www.lraloeverashop.eu\\\/wp-content\\\/uploads\\\/2022\\\/10\\\/Cistus-Incanus-Capsules.jpg\",\"datePublished\":\"2022-10-12T09:10:10+00:00\",\"dateModified\":\"2025-06-18T03:47:21+00:00\",\"description\":\"Si\u0119gnij po Czystek w Kapsu\u0142kach i przekonaj si\u0119, jak \u0142atwo mo\u017cesz wzmocni\u0107 swoj\u0105 odporno\u015b\u0107. Wybierz naturalne wsparcie, sprawdzon\u0105 jako\u015b\u0107 i skuteczno\u015b\u0107.\",\"breadcrumb\":{\"@id\":\"https:\\\/\\\/www.lraloeverashop.eu\\\/pl\\\/produkt\\\/czystek-w-kapsulkach\\\/#breadcrumb\"},\"inLanguage\":\"pl-PL\",\"potentialAction\":[{\"@type\":\"ReadAction\",\"target\":[\"https:\\\/\\\/www.lraloeverashop.eu\\\/pl\\\/produkt\\\/czystek-w-kapsulkach\\\/\"]}]},{\"@type\":\"ImageObject\",\"inLanguage\":\"pl-PL\",\"@id\":\"https:\\\/\\\/www.lraloeverashop.eu\\\/pl\\\/produkt\\\/czystek-w-kapsulkach\\\/#primaryimage\",\"url\":\"https:\\\/\\\/www.lraloeverashop.eu\\\/wp-content\\\/uploads\\\/2022\\\/10\\\/Cistus-Incanus-Capsules.jpg\",\"contentUrl\":\"https:\\\/\\\/www.lraloeverashop.eu\\\/wp-content\\\/uploads\\\/2022\\\/10\\\/Cistus-Incanus-Capsules.jpg\",\"width\":1200,\"height\":1200,\"caption\":\"Czystek w Kapsu\u0142kachi wspomagaj\u0105 prawid\u0142owe funkcjonowanie uk\u0142adu odporno\u015bciowego\"},{\"@type\":\"BreadcrumbList\",\"@id\":\"https:\\\/\\\/www.lraloeverashop.eu\\\/pl\\\/produkt\\\/czystek-w-kapsulkach\\\/#breadcrumb\",\"itemListElement\":[{\"@type\":\"ListItem\",\"position\":1,\"name\":\"Home\",\"item\":\"https:\\\/\\\/www.lraloeverashop.eu\\\/pl\\\/\"},{\"@type\":\"ListItem\",\"position\":2,\"name\":\"Sklep\",\"item\":\"https:\\\/\\\/www.lraloeverashop.eu\\\/pl\\\/sklep\\\/\"},{\"@type\":\"ListItem\",\"position\":3,\"name\":\"Czystek w Kapsu\u0142kach Cistus Incanus\"}]},{\"@type\":\"WebSite\",\"@id\":\"https:\\\/\\\/www.lraloeverashop.eu\\\/pl\\\/#website\",\"url\":\"https:\\\/\\\/www.lraloeverashop.eu\\\/pl\\\/\",\"name\":\"Lr Aloe Vera Shop\",\"description\":\"High Quality Lr Aloe Vera Gel, Aloe Vera Cream and Shampoo\",\"publisher\":{\"@id\":\"https:\\\/\\\/www.lraloeverashop.eu\\\/pl\\\/#organization\"},\"alternateName\":\"LR\",\"potentialAction\":[{\"@type\":\"SearchAction\",\"target\":{\"@type\":\"EntryPoint\",\"urlTemplate\":\"https:\\\/\\\/www.lraloeverashop.eu\\\/pl\\\/?s={search_term_string}\"},\"query-input\":{\"@type\":\"PropertyValueSpecification\",\"valueRequired\":true,\"valueName\":\"search_term_string\"}}],\"inLanguage\":\"pl-PL\"},{\"@type\":\"Organization\",\"@id\":\"https:\\\/\\\/www.lraloeverashop.eu\\\/pl\\\/#organization\",\"name\":\"Sklep Lr Aloe Vera\",\"alternateName\":\"LR\",\"url\":\"https:\\\/\\\/www.lraloeverashop.eu\\\/pl\\\/\",\"logo\":{\"@type\":\"ImageObject\",\"inLanguage\":\"pl-PL\",\"@id\":\"https:\\\/\\\/www.lraloeverashop.eu\\\/pl\\\/#\\\/schema\\\/logo\\\/image\\\/\",\"url\":\"https:\\\/\\\/www.lraloeverashop.eu\\\/wp-content\\\/uploads\\\/2022\\\/09\\\/cropped-Lr-Aloe-Vera-Shop.jpg\",\"contentUrl\":\"https:\\\/\\\/www.lraloeverashop.eu\\\/wp-content\\\/uploads\\\/2022\\\/09\\\/cropped-Lr-Aloe-Vera-Shop.jpg\",\"width\":228,\"height\":76,\"caption\":\"Sklep Lr Aloe Vera\"},\"image\":{\"@id\":\"https:\\\/\\\/www.lraloeverashop.eu\\\/pl\\\/#\\\/schema\\\/logo\\\/image\\\/\"},\"sameAs\":[\"https:\\\/\\\/www.facebook.com\\\/lraloeverashop.eu\",\"https:\\\/\\\/x.com\\\/natur__kosmetik\",\"https:\\\/\\\/www.youtube.com\\\/channel\\\/UC5oN7BJ8nfYb8RpVtjwDEBA\",\"https:\\\/\\\/www.instagram.com\\\/lrbeautyeu\\\/\"],\"description\":\"Sklep LR Aloe Vera to Twoje zaufane \u017ar\u00f3d\u0142o wysokiej jako\u015bci produkt\u00f3w LR Health & Beauty wyprodukowanych w Niemczech. Oferujemy wysokiej jako\u015bci produkty do piel\u0119gnacji sk\u00f3ry, od\u017cywiania i przeciwstarzeniowe z aloesem, stworzone z czystych sk\u0142adnik\u00f3w i poparte badaniami naukowymi. Odkryj naturaln\u0105 piel\u0119gnacj\u0119, kt\u00f3ra regeneruje, chroni i rewitalizuje Twoj\u0105 sk\u00f3r\u0119 \u2014 i korzystaj z ekskluzywnych comiesi\u0119cznych ofert na nasze bestsellerowe produkty LR Aloe Vera.\\nRozpocznij swoj\u0105 naturaln\u0105 piel\u0119gnacj\u0119 sk\u00f3ry ju\u017c dzi\u015b i poczuj r\u00f3\u017cnic\u0119.\",\"email\":\"info@lraloeverashop.eu\",\"telephone\":\"+49 17670609653\",\"legalName\":\"Lr Aloe Vera Shop\",\"foundingDate\":\"2018-04-21\",\"numberOfEmployees\":{\"@type\":\"QuantitativeValue\",\"minValue\":\"1\",\"maxValue\":\"10\"}}]}<\/script>\n<meta property=\"product:price:amount\" content=\"42.99\" \/>\n<meta property=\"product:price:currency\" content=\"EUR\" \/>\n<meta property=\"og:availability\" content=\"instock\" \/>\n<meta property=\"product:availability\" content=\"instock\" \/>\n<meta property=\"product:retailer_item_id\" content=\"80325-401PL\" \/>\n<meta property=\"product:condition\" content=\"new\" \/>\n<!-- \/ Yoast SEO Premium plugin. -->","yoast_head_json":{"title":"Czystek w Kapsu\u0142kach dla zdrowego uk\u0142adu odporno\u015bciowego","description":"Si\u0119gnij po Czystek w Kapsu\u0142kach i przekonaj si\u0119, jak \u0142atwo mo\u017cesz wzmocni\u0107 swoj\u0105 odporno\u015b\u0107. Wybierz naturalne wsparcie, sprawdzon\u0105 jako\u015b\u0107 i skuteczno\u015b\u0107.","robots":{"index":"index","follow":"follow","max-snippet":"max-snippet:-1","max-image-preview":"max-image-preview:large","max-video-preview":"max-video-preview:-1"},"canonical":"https:\/\/www.lraloeverashop.eu\/pl\/produkt\/czystek-w-kapsulkach\/","og_locale":"pl_PL","og_type":"article","og_title":"Czystek w Kapsu\u0142kach Cistus Incanus","og_description":"Si\u0119gnij po Czystek w Kapsu\u0142kach i przekonaj si\u0119, jak \u0142atwo mo\u017cesz wzmocni\u0107 swoj\u0105 odporno\u015b\u0107. Wybierz naturalne wsparcie, sprawdzon\u0105 jako\u015b\u0107 i skuteczno\u015b\u0107.","og_url":"https:\/\/www.lraloeverashop.eu\/pl\/produkt\/czystek-w-kapsulkach\/","og_site_name":"Lr Aloe Vera Shop","article_publisher":"https:\/\/www.facebook.com\/lraloeverashop.eu","article_modified_time":"2025-06-18T03:47:21+00:00","og_image":[{"width":1200,"height":1200,"url":"https:\/\/www.lraloeverashop.eu\/wp-content\/uploads\/2022\/10\/Cistus-Incanus-Capsules.jpg","type":"image\/jpeg"}],"twitter_card":"summary_large_image","twitter_site":"@natur__kosmetik","schema":{"@context":"https:\/\/schema.org","@graph":[{"@type":["WebPage","ItemPage"],"@id":"https:\/\/www.lraloeverashop.eu\/pl\/produkt\/czystek-w-kapsulkach\/","url":"https:\/\/www.lraloeverashop.eu\/pl\/produkt\/czystek-w-kapsulkach\/","name":"Czystek w Kapsu\u0142kach dla zdrowego uk\u0142adu odporno\u015bciowego","isPartOf":{"@id":"https:\/\/www.lraloeverashop.eu\/pl\/#website"},"primaryImageOfPage":{"@id":"https:\/\/www.lraloeverashop.eu\/pl\/produkt\/czystek-w-kapsulkach\/#primaryimage"},"image":{"@id":"https:\/\/www.lraloeverashop.eu\/pl\/produkt\/czystek-w-kapsulkach\/#primaryimage"},"thumbnailUrl":"https:\/\/www.lraloeverashop.eu\/wp-content\/uploads\/2022\/10\/Cistus-Incanus-Capsules.jpg","datePublished":"2022-10-12T09:10:10+00:00","dateModified":"2025-06-18T03:47:21+00:00","description":"Si\u0119gnij po Czystek w Kapsu\u0142kach i przekonaj si\u0119, jak \u0142atwo mo\u017cesz wzmocni\u0107 swoj\u0105 odporno\u015b\u0107. Wybierz naturalne wsparcie, sprawdzon\u0105 jako\u015b\u0107 i skuteczno\u015b\u0107.","breadcrumb":{"@id":"https:\/\/www.lraloeverashop.eu\/pl\/produkt\/czystek-w-kapsulkach\/#breadcrumb"},"inLanguage":"pl-PL","potentialAction":[{"@type":"ReadAction","target":["https:\/\/www.lraloeverashop.eu\/pl\/produkt\/czystek-w-kapsulkach\/"]}]},{"@type":"ImageObject","inLanguage":"pl-PL","@id":"https:\/\/www.lraloeverashop.eu\/pl\/produkt\/czystek-w-kapsulkach\/#primaryimage","url":"https:\/\/www.lraloeverashop.eu\/wp-content\/uploads\/2022\/10\/Cistus-Incanus-Capsules.jpg","contentUrl":"https:\/\/www.lraloeverashop.eu\/wp-content\/uploads\/2022\/10\/Cistus-Incanus-Capsules.jpg","width":1200,"height":1200,"caption":"Czystek w Kapsu\u0142kachi wspomagaj\u0105 prawid\u0142owe funkcjonowanie uk\u0142adu odporno\u015bciowego"},{"@type":"BreadcrumbList","@id":"https:\/\/www.lraloeverashop.eu\/pl\/produkt\/czystek-w-kapsulkach\/#breadcrumb","itemListElement":[{"@type":"ListItem","position":1,"name":"Home","item":"https:\/\/www.lraloeverashop.eu\/pl\/"},{"@type":"ListItem","position":2,"name":"Sklep","item":"https:\/\/www.lraloeverashop.eu\/pl\/sklep\/"},{"@type":"ListItem","position":3,"name":"Czystek w Kapsu\u0142kach Cistus Incanus"}]},{"@type":"WebSite","@id":"https:\/\/www.lraloeverashop.eu\/pl\/#website","url":"https:\/\/www.lraloeverashop.eu\/pl\/","name":"Lr Aloe Vera Shop","description":"High Quality Lr Aloe Vera Gel, Aloe Vera Cream and Shampoo","publisher":{"@id":"https:\/\/www.lraloeverashop.eu\/pl\/#organization"},"alternateName":"LR","potentialAction":[{"@type":"SearchAction","target":{"@type":"EntryPoint","urlTemplate":"https:\/\/www.lraloeverashop.eu\/pl\/?s={search_term_string}"},"query-input":{"@type":"PropertyValueSpecification","valueRequired":true,"valueName":"search_term_string"}}],"inLanguage":"pl-PL"},{"@type":"Organization","@id":"https:\/\/www.lraloeverashop.eu\/pl\/#organization","name":"Sklep Lr Aloe Vera","alternateName":"LR","url":"https:\/\/www.lraloeverashop.eu\/pl\/","logo":{"@type":"ImageObject","inLanguage":"pl-PL","@id":"https:\/\/www.lraloeverashop.eu\/pl\/#\/schema\/logo\/image\/","url":"https:\/\/www.lraloeverashop.eu\/wp-content\/uploads\/2022\/09\/cropped-Lr-Aloe-Vera-Shop.jpg","contentUrl":"https:\/\/www.lraloeverashop.eu\/wp-content\/uploads\/2022\/09\/cropped-Lr-Aloe-Vera-Shop.jpg","width":228,"height":76,"caption":"Sklep Lr Aloe Vera"},"image":{"@id":"https:\/\/www.lraloeverashop.eu\/pl\/#\/schema\/logo\/image\/"},"sameAs":["https:\/\/www.facebook.com\/lraloeverashop.eu","https:\/\/x.com\/natur__kosmetik","https:\/\/www.youtube.com\/channel\/UC5oN7BJ8nfYb8RpVtjwDEBA","https:\/\/www.instagram.com\/lrbeautyeu\/"],"description":"Sklep LR Aloe Vera to Twoje zaufane \u017ar\u00f3d\u0142o wysokiej jako\u015bci produkt\u00f3w LR Health & Beauty wyprodukowanych w Niemczech. Oferujemy wysokiej jako\u015bci produkty do piel\u0119gnacji sk\u00f3ry, od\u017cywiania i przeciwstarzeniowe z aloesem, stworzone z czystych sk\u0142adnik\u00f3w i poparte badaniami naukowymi. Odkryj naturaln\u0105 piel\u0119gnacj\u0119, kt\u00f3ra regeneruje, chroni i rewitalizuje Twoj\u0105 sk\u00f3r\u0119 \u2014 i korzystaj z ekskluzywnych comiesi\u0119cznych ofert na nasze bestsellerowe produkty LR Aloe Vera.\nRozpocznij swoj\u0105 naturaln\u0105 piel\u0119gnacj\u0119 sk\u00f3ry ju\u017c dzi\u015b i poczuj r\u00f3\u017cnic\u0119.","email":"info@lraloeverashop.eu","telephone":"+49 17670609653","legalName":"Lr Aloe Vera Shop","foundingDate":"2018-04-21","numberOfEmployees":{"@type":"QuantitativeValue","minValue":"1","maxValue":"10"}}]},"product_price_amount":"42.99","product_price_currency":"EUR","og_availability":"instock","product_availability":"instock","product_retailer_item_id":"80325-401PL","product_condition":"new"},"taxonomy_info":{"product_cat":[{"value":1094,"label":"Cistus Incanus"},{"value":1081,"label":"Podstawa"},{"value":1091,"label":"Produkty specjalne"},{"value":1083,"label":"Uk\u0142ad odporno\u015bciowy i r\u00f3wnowaga"}],"product_tag":[{"value":1136,"label":"Wzmacniacz odporno\u015bci"}]},"featured_image_src_large":["https:\/\/www.lraloeverashop.eu\/wp-content\/uploads\/2022\/10\/Cistus-Incanus-Capsules-1024x1024.jpg",1024,1024,true],"author_info":[],"comment_info":0,"_links":{"self":[{"href":"https:\/\/www.lraloeverashop.eu\/pl\/wp-json\/wp\/v2\/product\/28546","targetHints":{"allow":["GET"]}}],"collection":[{"href":"https:\/\/www.lraloeverashop.eu\/pl\/wp-json\/wp\/v2\/product"}],"about":[{"href":"https:\/\/www.lraloeverashop.eu\/pl\/wp-json\/wp\/v2\/types\/product"}],"replies":[{"embeddable":true,"href":"https:\/\/www.lraloeverashop.eu\/pl\/wp-json\/wp\/v2\/comments?post=28546"}],"wp:featuredmedia":[{"embeddable":true,"href":"https:\/\/www.lraloeverashop.eu\/pl\/wp-json\/wp\/v2\/media\/27145"}],"wp:attachment":[{"href":"https:\/\/www.lraloeverashop.eu\/pl\/wp-json\/wp\/v2\/media?parent=28546"}],"wp:term":[{"taxonomy":"product_brand","embeddable":true,"href":"https:\/\/www.lraloeverashop.eu\/pl\/wp-json\/wp\/v2\/product_brand?post=28546"},{"taxonomy":"product_cat","embeddable":true,"href":"https:\/\/www.lraloeverashop.eu\/pl\/wp-json\/wp\/v2\/product_cat?post=28546"},{"taxonomy":"product_tag","embeddable":true,"href":"https:\/\/www.lraloeverashop.eu\/pl\/wp-json\/wp\/v2\/product_tag?post=28546"}],"curies":[{"name":"wp","href":"https:\/\/api.w.org\/{rel}","templated":true}]}}