{"id":28525,"date":"2022-10-12T10:42:13","date_gmt":"2022-10-12T08:42:13","guid":{"rendered":"https:\/\/www.lraloeverashop.eu\/product\/colostrum-kapsulki\/"},"modified":"2025-06-19T08:30:58","modified_gmt":"2025-06-19T06:30:58","slug":"colostrum-kapsulki","status":"publish","type":"product","link":"https:\/\/www.lraloeverashop.eu\/pl\/produkt\/colostrum-kapsulki\/","title":{"rendered":"Colostrum Kapsu\u0142ki"},"content":{"rendered":"<h2><strong><span style=\"font-size: 16pt\">Colostrum Kapsu\u0142ki<\/span><\/strong><\/h2>\n<p><strong><span style=\"font-size: 14pt\">Colostrum Kapsu\u0142ki &#8211; korzystaj z tego, co najlepsze w naturze!<\/span><\/strong><\/p>\n<p>Colostrum Lr Kapsu\u0142ki zawieraj\u0105 to, co najlepsze z pierwszego mleka krowiego w wysoce skoncentrowanej formie. Cenny proszek znajduj\u0105cy si\u0119 w kapsu\u0142kach pozyskiwany jest z pierwszego mleka matki po urodzeniu ciel\u0119cia. Tylko odt\u0142uszczone i delikatnie liofilizowane, wysokiej jako\u015bci sk\u0142adniki pozostaj\u0105 w du\u017cej mierze nienaruszone.<\/p>\n<p>Wysokiej jako\u015bci sk\u0142ad kapsu\u0142ek sprawia, \u017ce Colostrum Kapsu\u0142ki to wysokiej jako\u015bci produkt wyprodukowany w Niemczech, na kt\u00f3rego jako\u015b\u0107 mo\u017cesz liczy\u0107. Do produkcji LR wykorzystuje wy\u0142\u0105cznie nadmiar siary, kt\u00f3ra jest wcze\u015bniej dok\u0142adnie testowana.<\/p>\n<p>Ka\u017cdemu etapowi produkcji towarzysz\u0105 rygorystyczne parametry jako\u015bciowe i najwy\u017csze standardy kontroli. Opr\u00f3cz kontroli wewn\u0119trznych, niezale\u017cny SGS INSTITUTE FRESENIUS regularnie przeprowadza przegl\u0105d wszystkich etap\u00f3w przetwarzania, a tak\u017ce produktu ko\u0144cowego.<\/p>\n<p>Znakiem wysokiej jako\u015bci produkt\u00f3w jest znak jako\u015bci INSTYTUT FRESENIUS, jeden z najsurowszych niezale\u017cnych certyfikat\u00f3w testowych na rynku.<\/p>\n<h3><span style=\"font-size: 16pt\"><strong>Colostrum na co pomaga? \u2013 Sprawdzone dzia\u0142anie<\/strong><\/span><\/h3>\n<ul>\n<li><strong>Odporno\u015b\u0107:<\/strong> Immunoglobuliny i laktoferyna aktywnie wspieraj\u0105 organizm przeciwko bakteriom, wirusom i grzybom.<\/li>\n<li><strong>Jelita i trawienie:<\/strong> Poprawa szczelno\u015bci bariery jelitowej, odbudowa mikroflory, pomoc w problemach z nadwra\u017cliwo\u015bci\u0105 i \u201eleaky gut\u201d.<\/li>\n<li><strong>Regeneracja:<\/strong> Czynniki wzrostu naprawiaj\u0105 tkanki, przyspieszaj\u0105 powr\u00f3t do formy po infekcjach lub wysi\u0142ku.<\/li>\n<li><strong>Zdrowa sk\u00f3ra:<\/strong> Wspomaga gojenie, dzia\u0142a antyoksydacyjnie, \u0142agodzi objawy tr\u0105dziku i problem\u00f3w sk\u00f3rnych.<\/li>\n<li><strong>Witalno\u015b\u0107:<\/strong> Zawarte witaminy i minera\u0142y podnosz\u0105 energi\u0119, wspieraj\u0105 zdrowy rozw\u00f3j dzieci.<\/li>\n<\/ul>\n<h3><span style=\"font-size: 16pt\"><strong>Spos\u00f3b u\u017cycia Colostrum Kapsu\u0142ki<\/strong><\/span><\/h3>\n<p><strong>Zalecenia dotycz\u0105ce spo\u017cycia:<\/strong>\u00a0Rano i wieczorem jedna kapsu\u0142ka, popijaj\u0105c niewielk\u0105 ilo\u015bci\u0105 wody.<br \/>\nNie stosowa\u0107 z gor\u0105cymi napojami.<br \/>\nUpewnij si\u0119, \u017ce masz zr\u00f3\u017cnicowan\u0105 i zbilansowan\u0105 diet\u0119, a tak\u017ce zdrowy tryb \u017cycia. Przechowywa\u0107 w ch\u0142odnym i suchym miejscu.<\/p>\n<h3><strong><span style=\"font-size: 16pt\">Czy wiedzia\u0142e\u015b?<\/span><\/strong><\/h3>\n<p>Aby spe\u0142ni\u0107 wysokie standardy jako\u015bci i konsekwentnie kontrolowa\u0107 wszystkie etapy na drodze do produktu ko\u0144cowego, LR wykorzystuje do produkcji swoich produkt\u00f3w wy\u0142\u0105cznie nadmiar siary pochodz\u0105cych od europejskich kr\u00f3w. Ka\u017cd\u0105 parti\u0119 produkcyjn\u0105 mo\u017cna bez przerwy prze\u015bledzi\u0107 wstecz do gospodarstwa producenta.<\/p>\n<p>Nie czekaj, a\u017c infekcja zaskoczy Twoj\u0105 rodzin\u0119. Zadbaj o odporno\u015b\u0107 z Colostrum Lr kapsu\u0142ki \u2013 Twoje codzienne wsparcie zdrowia, energii i regeneracji. Kupuj z pewno\u015bci\u0105, wybieraj \u015bwiadomie i daj swoim najbli\u017cszym to, co najlepsze.<\/p>\n","protected":false},"excerpt":{"rendered":"<ul>\n<li class=\"ai-optimize-22\">Colostrum Kapsu\u0142ki zawieraj\u0105ce siar\u0119 do codziennego spo\u017cycia<\/li>\n<li class=\"ai-optimize-23\">Dla og\u00f3lnego dobrego samopoczucia<\/li>\n<li class=\"ai-optimize-24\">Dostarczaj 800 mg warto\u015bciowej, odt\u0142uszczonej siary krowiej w proszku w dziennej dawce pokarmowej<\/li>\n<li class=\"ai-optimize-25\">Starannie wyprodukowane w Niemczech<\/li>\n<li class=\"ai-optimize-26\">siara wy\u0142\u0105cznie od europejskich kr\u00f3w<\/li>\n<li class=\"ai-optimize-27\">Zawarto\u015b\u0107: 60 kapsu\u0142ek<\/li>\n<\/ul>\n<p>&nbsp;<\/p>\n","protected":false},"featured_media":27128,"comment_status":"open","ping_status":"closed","template":"","meta":{"_kad_blocks_custom_css":"","_kad_blocks_head_custom_js":"","_kad_blocks_body_custom_js":"","_kad_blocks_footer_custom_js":"","_kadence_starter_templates_imported_post":false,"_kad_post_transparent":"default","_kad_post_title":"","_kad_post_layout":"default","_kad_post_sidebar_id":"","_kad_post_content_style":"default","_kad_post_vertical_padding":"default","_kad_post_feature":"","_kad_post_feature_position":"","_kad_post_header":false,"_kad_post_footer":false,"_kad_post_classname":""},"product_brand":[],"product_cat":[1095,1081,1091,1083],"product_tag":[1136],"class_list":{"0":"post-28525","1":"product","2":"type-product","3":"status-publish","4":"has-post-thumbnail","6":"product_cat-colostrum-pl","7":"product_cat-podstawa","8":"product_cat-produkty-specjalne","9":"product_cat-uklad-odpornosciowy","10":"product_tag-wzmacniacz-odpornosci","12":"first","13":"instock","14":"taxable","15":"shipping-taxable","16":"purchasable","17":"product-type-simple","18":"entry","19":"content-bg","20":"loop-entry"},"yoast_head":"<!-- This site is optimized with the Yoast SEO Premium plugin v27.5 (Yoast SEO v27.5) - https:\/\/yoast.com\/product\/yoast-seo-premium-wordpress\/ -->\n<title>Colostrum kapsu\u0142ki \u2013 Naturalna si\u0142a odporno\u015bci dla ca\u0142ej rodziny<\/title>\n<meta name=\"description\" content=\"Colostrum Kapsu\u0142ki wyznaczaj\u0105 nowy poziom skuteczno\u015bci w codziennej ochronie. 100% wolne od kazeiny, konserwant\u00f3w i sztucznych dodatk\u00f3w.\" \/>\n<meta name=\"robots\" content=\"index, follow, max-snippet:-1, max-image-preview:large, max-video-preview:-1\" \/>\n<link rel=\"canonical\" href=\"https:\/\/www.lraloeverashop.eu\/pl\/produkt\/colostrum-kapsulki\/\" \/>\n<meta property=\"og:locale\" content=\"pl_PL\" \/>\n<meta property=\"og:type\" content=\"article\" \/>\n<meta property=\"og:title\" content=\"Colostrum Kapsu\u0142ki\" \/>\n<meta property=\"og:description\" content=\"Colostrum Kapsu\u0142ki wyznaczaj\u0105 nowy poziom skuteczno\u015bci w codziennej ochronie. 100% wolne od kazeiny, konserwant\u00f3w i sztucznych dodatk\u00f3w.\" \/>\n<meta property=\"og:url\" content=\"https:\/\/www.lraloeverashop.eu\/pl\/produkt\/colostrum-kapsulki\/\" \/>\n<meta property=\"og:site_name\" content=\"Lr Aloe Vera Shop\" \/>\n<meta property=\"article:publisher\" content=\"https:\/\/www.facebook.com\/lraloeverashop.eu\" \/>\n<meta property=\"article:modified_time\" content=\"2025-06-19T06:30:58+00:00\" \/>\n<meta property=\"og:image\" content=\"https:\/\/www.lraloeverashop.eu\/wp-content\/uploads\/2022\/10\/Lr-Colostrum-Compact-capsules.jpg\" \/>\n\t<meta property=\"og:image:width\" content=\"1200\" \/>\n\t<meta property=\"og:image:height\" content=\"1200\" \/>\n\t<meta property=\"og:image:type\" content=\"image\/jpeg\" \/>\n<meta name=\"twitter:card\" content=\"summary_large_image\" \/>\n<meta name=\"twitter:site\" content=\"@natur__kosmetik\" \/>\n<script type=\"application\/ld+json\" class=\"yoast-schema-graph\">{\"@context\":\"https:\\\/\\\/schema.org\",\"@graph\":[{\"@type\":[\"WebPage\",\"ItemPage\"],\"@id\":\"https:\\\/\\\/www.lraloeverashop.eu\\\/pl\\\/produkt\\\/colostrum-kapsulki\\\/\",\"url\":\"https:\\\/\\\/www.lraloeverashop.eu\\\/pl\\\/produkt\\\/colostrum-kapsulki\\\/\",\"name\":\"Colostrum kapsu\u0142ki \u2013 Naturalna si\u0142a odporno\u015bci dla ca\u0142ej rodziny\",\"isPartOf\":{\"@id\":\"https:\\\/\\\/www.lraloeverashop.eu\\\/pl\\\/#website\"},\"primaryImageOfPage\":{\"@id\":\"https:\\\/\\\/www.lraloeverashop.eu\\\/pl\\\/produkt\\\/colostrum-kapsulki\\\/#primaryimage\"},\"image\":{\"@id\":\"https:\\\/\\\/www.lraloeverashop.eu\\\/pl\\\/produkt\\\/colostrum-kapsulki\\\/#primaryimage\"},\"thumbnailUrl\":\"https:\\\/\\\/www.lraloeverashop.eu\\\/wp-content\\\/uploads\\\/2022\\\/10\\\/Lr-Colostrum-Compact-capsules.jpg\",\"datePublished\":\"2022-10-12T08:42:13+00:00\",\"dateModified\":\"2025-06-19T06:30:58+00:00\",\"description\":\"Colostrum Kapsu\u0142ki wyznaczaj\u0105 nowy poziom skuteczno\u015bci w codziennej ochronie. 100% wolne od kazeiny, konserwant\u00f3w i sztucznych dodatk\u00f3w.\",\"breadcrumb\":{\"@id\":\"https:\\\/\\\/www.lraloeverashop.eu\\\/pl\\\/produkt\\\/colostrum-kapsulki\\\/#breadcrumb\"},\"inLanguage\":\"pl-PL\",\"potentialAction\":[{\"@type\":\"ReadAction\",\"target\":[\"https:\\\/\\\/www.lraloeverashop.eu\\\/pl\\\/produkt\\\/colostrum-kapsulki\\\/\"]}]},{\"@type\":\"ImageObject\",\"inLanguage\":\"pl-PL\",\"@id\":\"https:\\\/\\\/www.lraloeverashop.eu\\\/pl\\\/produkt\\\/colostrum-kapsulki\\\/#primaryimage\",\"url\":\"https:\\\/\\\/www.lraloeverashop.eu\\\/wp-content\\\/uploads\\\/2022\\\/10\\\/Lr-Colostrum-Compact-capsules.jpg\",\"contentUrl\":\"https:\\\/\\\/www.lraloeverashop.eu\\\/wp-content\\\/uploads\\\/2022\\\/10\\\/Lr-Colostrum-Compact-capsules.jpg\",\"width\":1200,\"height\":1200,\"caption\":\"Colostrum Lr kapsu\u0142ki najwy\u017cszej jako\u015bci tabletki siary dla ca\u0142ej rodziny\"},{\"@type\":\"BreadcrumbList\",\"@id\":\"https:\\\/\\\/www.lraloeverashop.eu\\\/pl\\\/produkt\\\/colostrum-kapsulki\\\/#breadcrumb\",\"itemListElement\":[{\"@type\":\"ListItem\",\"position\":1,\"name\":\"Home\",\"item\":\"https:\\\/\\\/www.lraloeverashop.eu\\\/pl\\\/\"},{\"@type\":\"ListItem\",\"position\":2,\"name\":\"Sklep\",\"item\":\"https:\\\/\\\/www.lraloeverashop.eu\\\/pl\\\/sklep\\\/\"},{\"@type\":\"ListItem\",\"position\":3,\"name\":\"Colostrum Kapsu\u0142ki\"}]},{\"@type\":\"WebSite\",\"@id\":\"https:\\\/\\\/www.lraloeverashop.eu\\\/pl\\\/#website\",\"url\":\"https:\\\/\\\/www.lraloeverashop.eu\\\/pl\\\/\",\"name\":\"Lr Aloe Vera Shop\",\"description\":\"High Quality Lr Aloe Vera Gel, Aloe Vera Cream and Shampoo\",\"publisher\":{\"@id\":\"https:\\\/\\\/www.lraloeverashop.eu\\\/pl\\\/#organization\"},\"alternateName\":\"LR\",\"potentialAction\":[{\"@type\":\"SearchAction\",\"target\":{\"@type\":\"EntryPoint\",\"urlTemplate\":\"https:\\\/\\\/www.lraloeverashop.eu\\\/pl\\\/?s={search_term_string}\"},\"query-input\":{\"@type\":\"PropertyValueSpecification\",\"valueRequired\":true,\"valueName\":\"search_term_string\"}}],\"inLanguage\":\"pl-PL\"},{\"@type\":\"Organization\",\"@id\":\"https:\\\/\\\/www.lraloeverashop.eu\\\/pl\\\/#organization\",\"name\":\"Sklep Lr Aloe Vera\",\"alternateName\":\"LR\",\"url\":\"https:\\\/\\\/www.lraloeverashop.eu\\\/pl\\\/\",\"logo\":{\"@type\":\"ImageObject\",\"inLanguage\":\"pl-PL\",\"@id\":\"https:\\\/\\\/www.lraloeverashop.eu\\\/pl\\\/#\\\/schema\\\/logo\\\/image\\\/\",\"url\":\"https:\\\/\\\/www.lraloeverashop.eu\\\/wp-content\\\/uploads\\\/2022\\\/09\\\/cropped-Lr-Aloe-Vera-Shop.jpg\",\"contentUrl\":\"https:\\\/\\\/www.lraloeverashop.eu\\\/wp-content\\\/uploads\\\/2022\\\/09\\\/cropped-Lr-Aloe-Vera-Shop.jpg\",\"width\":228,\"height\":76,\"caption\":\"Sklep Lr Aloe Vera\"},\"image\":{\"@id\":\"https:\\\/\\\/www.lraloeverashop.eu\\\/pl\\\/#\\\/schema\\\/logo\\\/image\\\/\"},\"sameAs\":[\"https:\\\/\\\/www.facebook.com\\\/lraloeverashop.eu\",\"https:\\\/\\\/x.com\\\/natur__kosmetik\",\"https:\\\/\\\/www.youtube.com\\\/channel\\\/UC5oN7BJ8nfYb8RpVtjwDEBA\",\"https:\\\/\\\/www.instagram.com\\\/lrbeautyeu\\\/\"],\"description\":\"Sklep LR Aloe Vera to Twoje zaufane \u017ar\u00f3d\u0142o wysokiej jako\u015bci produkt\u00f3w LR Health & Beauty wyprodukowanych w Niemczech. Oferujemy wysokiej jako\u015bci produkty do piel\u0119gnacji sk\u00f3ry, od\u017cywiania i przeciwstarzeniowe z aloesem, stworzone z czystych sk\u0142adnik\u00f3w i poparte badaniami naukowymi. Odkryj naturaln\u0105 piel\u0119gnacj\u0119, kt\u00f3ra regeneruje, chroni i rewitalizuje Twoj\u0105 sk\u00f3r\u0119 \u2014 i korzystaj z ekskluzywnych comiesi\u0119cznych ofert na nasze bestsellerowe produkty LR Aloe Vera.\\nRozpocznij swoj\u0105 naturaln\u0105 piel\u0119gnacj\u0119 sk\u00f3ry ju\u017c dzi\u015b i poczuj r\u00f3\u017cnic\u0119.\",\"email\":\"info@lraloeverashop.eu\",\"telephone\":\"+49 17670609653\",\"legalName\":\"Lr Aloe Vera Shop\",\"foundingDate\":\"2018-04-21\",\"numberOfEmployees\":{\"@type\":\"QuantitativeValue\",\"minValue\":\"1\",\"maxValue\":\"10\"}}]}<\/script>\n<meta property=\"product:price:amount\" content=\"61.59\" \/>\n<meta property=\"product:price:currency\" content=\"EUR\" \/>\n<meta property=\"og:availability\" content=\"instock\" \/>\n<meta property=\"product:availability\" content=\"instock\" \/>\n<meta property=\"product:retailer_item_id\" content=\"80360-401PL\" \/>\n<meta property=\"product:condition\" content=\"new\" \/>\n<!-- \/ Yoast SEO Premium plugin. -->","yoast_head_json":{"title":"Colostrum kapsu\u0142ki \u2013 Naturalna si\u0142a odporno\u015bci dla ca\u0142ej rodziny","description":"Colostrum Kapsu\u0142ki wyznaczaj\u0105 nowy poziom skuteczno\u015bci w codziennej ochronie. 100% wolne od kazeiny, konserwant\u00f3w i sztucznych dodatk\u00f3w.","robots":{"index":"index","follow":"follow","max-snippet":"max-snippet:-1","max-image-preview":"max-image-preview:large","max-video-preview":"max-video-preview:-1"},"canonical":"https:\/\/www.lraloeverashop.eu\/pl\/produkt\/colostrum-kapsulki\/","og_locale":"pl_PL","og_type":"article","og_title":"Colostrum Kapsu\u0142ki","og_description":"Colostrum Kapsu\u0142ki wyznaczaj\u0105 nowy poziom skuteczno\u015bci w codziennej ochronie. 100% wolne od kazeiny, konserwant\u00f3w i sztucznych dodatk\u00f3w.","og_url":"https:\/\/www.lraloeverashop.eu\/pl\/produkt\/colostrum-kapsulki\/","og_site_name":"Lr Aloe Vera Shop","article_publisher":"https:\/\/www.facebook.com\/lraloeverashop.eu","article_modified_time":"2025-06-19T06:30:58+00:00","og_image":[{"width":1200,"height":1200,"url":"https:\/\/www.lraloeverashop.eu\/wp-content\/uploads\/2022\/10\/Lr-Colostrum-Compact-capsules.jpg","type":"image\/jpeg"}],"twitter_card":"summary_large_image","twitter_site":"@natur__kosmetik","schema":{"@context":"https:\/\/schema.org","@graph":[{"@type":["WebPage","ItemPage"],"@id":"https:\/\/www.lraloeverashop.eu\/pl\/produkt\/colostrum-kapsulki\/","url":"https:\/\/www.lraloeverashop.eu\/pl\/produkt\/colostrum-kapsulki\/","name":"Colostrum kapsu\u0142ki \u2013 Naturalna si\u0142a odporno\u015bci dla ca\u0142ej rodziny","isPartOf":{"@id":"https:\/\/www.lraloeverashop.eu\/pl\/#website"},"primaryImageOfPage":{"@id":"https:\/\/www.lraloeverashop.eu\/pl\/produkt\/colostrum-kapsulki\/#primaryimage"},"image":{"@id":"https:\/\/www.lraloeverashop.eu\/pl\/produkt\/colostrum-kapsulki\/#primaryimage"},"thumbnailUrl":"https:\/\/www.lraloeverashop.eu\/wp-content\/uploads\/2022\/10\/Lr-Colostrum-Compact-capsules.jpg","datePublished":"2022-10-12T08:42:13+00:00","dateModified":"2025-06-19T06:30:58+00:00","description":"Colostrum Kapsu\u0142ki wyznaczaj\u0105 nowy poziom skuteczno\u015bci w codziennej ochronie. 100% wolne od kazeiny, konserwant\u00f3w i sztucznych dodatk\u00f3w.","breadcrumb":{"@id":"https:\/\/www.lraloeverashop.eu\/pl\/produkt\/colostrum-kapsulki\/#breadcrumb"},"inLanguage":"pl-PL","potentialAction":[{"@type":"ReadAction","target":["https:\/\/www.lraloeverashop.eu\/pl\/produkt\/colostrum-kapsulki\/"]}]},{"@type":"ImageObject","inLanguage":"pl-PL","@id":"https:\/\/www.lraloeverashop.eu\/pl\/produkt\/colostrum-kapsulki\/#primaryimage","url":"https:\/\/www.lraloeverashop.eu\/wp-content\/uploads\/2022\/10\/Lr-Colostrum-Compact-capsules.jpg","contentUrl":"https:\/\/www.lraloeverashop.eu\/wp-content\/uploads\/2022\/10\/Lr-Colostrum-Compact-capsules.jpg","width":1200,"height":1200,"caption":"Colostrum Lr kapsu\u0142ki najwy\u017cszej jako\u015bci tabletki siary dla ca\u0142ej rodziny"},{"@type":"BreadcrumbList","@id":"https:\/\/www.lraloeverashop.eu\/pl\/produkt\/colostrum-kapsulki\/#breadcrumb","itemListElement":[{"@type":"ListItem","position":1,"name":"Home","item":"https:\/\/www.lraloeverashop.eu\/pl\/"},{"@type":"ListItem","position":2,"name":"Sklep","item":"https:\/\/www.lraloeverashop.eu\/pl\/sklep\/"},{"@type":"ListItem","position":3,"name":"Colostrum Kapsu\u0142ki"}]},{"@type":"WebSite","@id":"https:\/\/www.lraloeverashop.eu\/pl\/#website","url":"https:\/\/www.lraloeverashop.eu\/pl\/","name":"Lr Aloe Vera Shop","description":"High Quality Lr Aloe Vera Gel, Aloe Vera Cream and Shampoo","publisher":{"@id":"https:\/\/www.lraloeverashop.eu\/pl\/#organization"},"alternateName":"LR","potentialAction":[{"@type":"SearchAction","target":{"@type":"EntryPoint","urlTemplate":"https:\/\/www.lraloeverashop.eu\/pl\/?s={search_term_string}"},"query-input":{"@type":"PropertyValueSpecification","valueRequired":true,"valueName":"search_term_string"}}],"inLanguage":"pl-PL"},{"@type":"Organization","@id":"https:\/\/www.lraloeverashop.eu\/pl\/#organization","name":"Sklep Lr Aloe Vera","alternateName":"LR","url":"https:\/\/www.lraloeverashop.eu\/pl\/","logo":{"@type":"ImageObject","inLanguage":"pl-PL","@id":"https:\/\/www.lraloeverashop.eu\/pl\/#\/schema\/logo\/image\/","url":"https:\/\/www.lraloeverashop.eu\/wp-content\/uploads\/2022\/09\/cropped-Lr-Aloe-Vera-Shop.jpg","contentUrl":"https:\/\/www.lraloeverashop.eu\/wp-content\/uploads\/2022\/09\/cropped-Lr-Aloe-Vera-Shop.jpg","width":228,"height":76,"caption":"Sklep Lr Aloe Vera"},"image":{"@id":"https:\/\/www.lraloeverashop.eu\/pl\/#\/schema\/logo\/image\/"},"sameAs":["https:\/\/www.facebook.com\/lraloeverashop.eu","https:\/\/x.com\/natur__kosmetik","https:\/\/www.youtube.com\/channel\/UC5oN7BJ8nfYb8RpVtjwDEBA","https:\/\/www.instagram.com\/lrbeautyeu\/"],"description":"Sklep LR Aloe Vera to Twoje zaufane \u017ar\u00f3d\u0142o wysokiej jako\u015bci produkt\u00f3w LR Health & Beauty wyprodukowanych w Niemczech. Oferujemy wysokiej jako\u015bci produkty do piel\u0119gnacji sk\u00f3ry, od\u017cywiania i przeciwstarzeniowe z aloesem, stworzone z czystych sk\u0142adnik\u00f3w i poparte badaniami naukowymi. Odkryj naturaln\u0105 piel\u0119gnacj\u0119, kt\u00f3ra regeneruje, chroni i rewitalizuje Twoj\u0105 sk\u00f3r\u0119 \u2014 i korzystaj z ekskluzywnych comiesi\u0119cznych ofert na nasze bestsellerowe produkty LR Aloe Vera.\nRozpocznij swoj\u0105 naturaln\u0105 piel\u0119gnacj\u0119 sk\u00f3ry ju\u017c dzi\u015b i poczuj r\u00f3\u017cnic\u0119.","email":"info@lraloeverashop.eu","telephone":"+49 17670609653","legalName":"Lr Aloe Vera Shop","foundingDate":"2018-04-21","numberOfEmployees":{"@type":"QuantitativeValue","minValue":"1","maxValue":"10"}}]},"product_price_amount":"61.59","product_price_currency":"EUR","og_availability":"instock","product_availability":"instock","product_retailer_item_id":"80360-401PL","product_condition":"new"},"taxonomy_info":{"product_cat":[{"value":1095,"label":"Colostrum"},{"value":1081,"label":"Podstawa"},{"value":1091,"label":"Produkty specjalne"},{"value":1083,"label":"Uk\u0142ad odporno\u015bciowy i r\u00f3wnowaga"}],"product_tag":[{"value":1136,"label":"Wzmacniacz odporno\u015bci"}]},"featured_image_src_large":["https:\/\/www.lraloeverashop.eu\/wp-content\/uploads\/2022\/10\/Lr-Colostrum-Compact-capsules-1024x1024.jpg",1024,1024,true],"author_info":[],"comment_info":0,"_links":{"self":[{"href":"https:\/\/www.lraloeverashop.eu\/pl\/wp-json\/wp\/v2\/product\/28525","targetHints":{"allow":["GET"]}}],"collection":[{"href":"https:\/\/www.lraloeverashop.eu\/pl\/wp-json\/wp\/v2\/product"}],"about":[{"href":"https:\/\/www.lraloeverashop.eu\/pl\/wp-json\/wp\/v2\/types\/product"}],"replies":[{"embeddable":true,"href":"https:\/\/www.lraloeverashop.eu\/pl\/wp-json\/wp\/v2\/comments?post=28525"}],"wp:featuredmedia":[{"embeddable":true,"href":"https:\/\/www.lraloeverashop.eu\/pl\/wp-json\/wp\/v2\/media\/27128"}],"wp:attachment":[{"href":"https:\/\/www.lraloeverashop.eu\/pl\/wp-json\/wp\/v2\/media?parent=28525"}],"wp:term":[{"taxonomy":"product_brand","embeddable":true,"href":"https:\/\/www.lraloeverashop.eu\/pl\/wp-json\/wp\/v2\/product_brand?post=28525"},{"taxonomy":"product_cat","embeddable":true,"href":"https:\/\/www.lraloeverashop.eu\/pl\/wp-json\/wp\/v2\/product_cat?post=28525"},{"taxonomy":"product_tag","embeddable":true,"href":"https:\/\/www.lraloeverashop.eu\/pl\/wp-json\/wp\/v2\/product_tag?post=28525"}],"curies":[{"name":"wp","href":"https:\/\/api.w.org\/{rel}","templated":true}]}}