{"id":28510,"date":"2022-10-11T20:59:08","date_gmt":"2022-10-11T18:59:08","guid":{"rendered":"https:\/\/www.lraloeverashop.eu\/product\/aloes-do-picia-freedom\/"},"modified":"2025-06-19T08:30:59","modified_gmt":"2025-06-19T06:30:59","slug":"aloes-do-picia-freedom","status":"publish","type":"product","link":"https:\/\/www.lraloeverashop.eu\/pl\/produkt\/aloes-do-picia-freedom\/","title":{"rendered":"Aloes Do Picia Freedom"},"content":{"rendered":"<h2><span style=\"font-size: 16pt\"><strong>Aloes Do Picia Freedom<\/strong><\/span><\/h2>\n<p><span style=\"font-size: 14pt\"><strong>Aloes Do Picia Freedom Unikalne od\u017cywienie staw\u00f3w w p\u0142ynnej formie<\/strong><\/span><\/p>\n<p>Aloes do picia Freedom ze sk\u0142adnikami od\u017cywczymi na stawy to doskona\u0142e wsparcie. W \u017cyciu codziennym stawy s\u0105 rutynowo nara\u017cone na stres i zm\u0119czenie, zw\u0142aszcza na kolanach i biodrach.<\/p>\n<p>Dla utrzymania staw\u00f3w dobrze jest regularnie si\u0119 rusza\u0107 i dostarcza\u0107 organizmowi najwa\u017cniejszych sk\u0142adnik\u00f3w od\u017cywczych. Lr Aloe Vera \u017bel do picia Freedom oferuje optymaln\u0105 kombinacj\u0119 sk\u0142adnik\u00f3w aktywnych, kt\u00f3re wspomagaj\u0105 ruch staw\u00f3w.<\/p>\n<p>\u017bel zawiera siarczan glukozaminy, siarczan chondroityny, hydrolizat kolagenu oraz witaminy C+E. Aloes dzia\u0142a tutaj nie tylko w celu zmniejszenia obrz\u0119k\u00f3w, stan\u00f3w zapalnych, b\u00f3lu, na poziomie detoksykacji i regeneracji, ale tak\u017ce jako bardzo skuteczny no\u015bnik, kt\u00f3ry niezawodnie transportuje chondroprotezy do chrz\u0105stki (chrz\u0105stka nie ma dop\u0142ywu naczyniowego).<\/p>\n<p>Aloes do Picia Freedom jako jedyny na rynku posiada certyfikaty jako\u015bci IASC oraz piecz\u0119\u0107 presti\u017cowego Instytutu Fresenius nie tylko za surowiec, ale tak\u017ce za produkt ko\u0144cowy.<\/p>\n<h3><span style=\"font-size: 16pt\"><strong>Aloes do picia na co pomaga? = No\u015bnik chondroprotant\u00f3w dla chrz\u0105stki<\/strong><\/span><\/h3>\n<p><strong><span style=\"color: #800000\">Siarczan glukozaminy:<\/span><\/strong> naturalny sk\u0142adnik chrz\u0105stki stawowej i mazi stawowej. Sk\u0142adnik budulcowy smaru do staw\u00f3w i stymuluje kom\u00f3rki stawowe do produkcji kolagenu. Pomaga magazynowa\u0107 wap\u0144 w ko\u015bciach. Wp\u0142ywa korzystnie na r\u00f3wnowag\u0119 proces\u00f3w zachodz\u0105cych w chrz\u0105stce. \u0141agodzi b\u00f3l, wp\u0142ywa na stany zapalne. Spowalnia procesy zwyrodnieniowe w kr\u0105\u017ckach mi\u0119dzykr\u0119gowych. Hamuje utrat\u0119 chrz\u0105stki stawowej przy d\u0142ugotrwa\u0142ym stosowaniu.<\/p>\n<p><strong><span style=\"color: #800000\">Siarczan chondroityny:<\/span><\/strong> znajduje si\u0119 g\u0142\u00f3wnie w masie mi\u0119dzykom\u00f3rkowej. Osmotycznie zatrzymuje wod\u0119 i zwi\u0119ksza elastyczno\u015b\u0107 chrz\u0105stki oraz pozwala na jej od\u017cywienie. Bez niego chrz\u0105stka jest sucha, cienka, \u0142amliwa i zanik\u0142a. Jest to wa\u017cne dla tkanek, w kt\u00f3rych nie ma naczy\u0144 krwiono\u015bnych. Obni\u017ca poziom cholesterolu, zmniejsza ryzyko powstawania zakrzep\u00f3w krwi, tworzenia si\u0119 blaszek mia\u017cd\u017cycowych w naczyniach krwiono\u015bnych. Ma pozytywny wp\u0142yw na gojenie si\u0119 blizn. Ma dzia\u0142anie zapobiegawcze w niekt\u00f3rych typach nowotwor\u00f3w.<\/p>\n<p><strong><span style=\"color: #800000\">Hydrolizat kolagenu:<\/span><\/strong> jest dobrym lekarstwem w profilaktyce i leczeniu choroby zwyrodnieniowej staw\u00f3w. Powstaje w wyniku rozpadu kolagenu bydl\u0119cego, jest dobrze wch\u0142aniany i rozpuszczalny w wodzie. Witamina C zapewnia syntez\u0119 kolagenu.<\/p>\n<p>&nbsp;<\/p>\n<p style=\"text-align: center\"><span style=\"font-size: 20px\"><strong><span style=\"color: #ff0000\">Opinia, \u017ce kolagen nie przechodzi przez \u015bcian\u0119 jelita, a zatem nie dociera do kom\u00f3rek chrz\u0105stki, zosta\u0142a obalona przez wyniki najnowszych bada\u0144.<\/span><\/strong><\/span><\/p>\n<p>&nbsp;<\/p>\n<p>Kilka lat temu po raz pierwszy udowodniono eksperymentalnie, \u017ce hydrolizat kolagenu stymuluje biosyntez\u0119 kolagenu typu II w kom\u00f3rkach chrz\u0119stnych. O tym prze\u0142omie we wsp\u00f3\u0142czesnej ortopedii poinformowa\u0142 dr Ludwig Weh z Berchtesgaden na konferencji w Monachium. Mo\u017ce to spowodowa\u0107 powstanie nowej tkanki chrz\u0119stnej, kt\u00f3ra nast\u0119pnie skutecznie zapobiega zu\u017cyciu stawu, co potwierdzi\u0142 dr Weh.<\/p>\n<p>Poniewa\u017c nikt nie jest w stanie unikn\u0105\u0107 zu\u017cycia staw\u00f3w z powodu wieku lub stresu, zapobieganie chorobie zwyrodnieniowej staw\u00f3w jest w tym szczeg\u00f3lnie wa\u017cne, jak twierdzi profesor Wolfgang Pf\u00f6rringer z Monachium. Obejmuje to przede wszystkim redukcj\u0119 masy cia\u0142a poprzez diet\u0119 i regularne \u0107wiczenia fizyczne.<\/p>\n<p>Wed\u0142ug firmy Pf\u00f6rringer suplementy diety z hydrolizatem kolagenu mog\u0105 by\u0107 znacz\u0105c\u0105 opcj\u0105 w profilaktyce i terapii choroby zwyrodnieniowej staw\u00f3w. Zapotrzebowanie na kolagen jest zwi\u0119kszone szczeg\u00f3lnie u sportowc\u00f3w, w zawodach o du\u017cym obci\u0105\u017ceniu staw\u00f3w, podczas rehabilitacji oraz w okresie wzrostu.<\/p>\n<p>Dr Weh stwierdzi\u0142, \u017ce pacjenci z \u0142agodn\u0105 postaci\u0105 choroby zwyrodnieniowej staw\u00f3w, kt\u00f3rzy byli leczeni hydrolizatem kolagenu, potwierdzili, \u017ce po czterech do sze\u015bciu tygodniach stosowania do\u015bwiadczyli zwi\u0119kszonej ruchomo\u015bci staw\u00f3w i ulgi w b\u00f3lu.<\/p>\n<p>W jednym z bada\u0144, w kt\u00f3rym dr Weh osobi\u015bcie bra\u0142 udzia\u0142, na sterowanej komputerowo maszynie testowej do rozci\u0105gania palc\u00f3w przetestowano w\u0142a\u015bciwo\u015bci biomechaniczne staw\u00f3w stawowych na palcach 24 pacjent\u00f3w. Wykazano, \u017ce dzienna dawka 10 gram\u00f3w hydrolizatu kolagenu po sze\u015bciu tygodniach znacznie zwi\u0119ksza odporno\u015b\u0107 \u2013 no\u015bno\u015b\u0107 staw\u00f3w.<\/p>\n<h2><span style=\"font-size: 16pt\"><strong>Na Co Pomaga Aloes do Picia Freedom?<\/strong><\/span><\/h2>\n<p>To nie tylko od\u017cywienie staw\u00f3w. Aloes do picia w\u0142a\u015bciwo\u015bci ma szerokie:<\/p>\n<ul>\n<li>Wspiera regeneracj\u0119 i elastyczno\u015b\u0107 chrz\u0105stki.<\/li>\n<li>\u0141agodzi stany zapalne i obrz\u0119ki.<\/li>\n<li>Dzia\u0142a detoksykuj\u0105co na organizm.<\/li>\n<li>Korzystnie wp\u0142ywa na uk\u0142ad trawienny \u2013 pomaga przy niestrawno\u015bci i wrzodach.<\/li>\n<li>Wzmacnia odporno\u015b\u0107, przyspiesza gojenie ran.<\/li>\n<li>Wspomaga regulacj\u0119 poziomu cukru i cholesterolu.<\/li>\n<\/ul>\n<p>Je\u015bli szukasz odpowiedzi na pytania: \u201eczy nap\u00f3j aloesowy jest zdrowy?\u201d, \u201ena co pomaga aloes do picia?\u201d, \u201ejak stosowa\u0107 aloes do picia?\u201d \u2013 odpowied\u017a jest prosta. Aloes do Picia Freedom to wszechstronne wsparcie, doceniane przez ekspert\u00f3w i u\u017cytkownik\u00f3w w ca\u0142ej Europie.<\/p>\n<h2><span style=\"font-size: 16pt\"><strong>Jak Stosowa\u0107 Napoj Aloesowy?<\/strong><\/span><\/h2>\n<p>30 ml \u017bel Aloesowy do Picia Active Freedom 3 razy dziennie, najlepiej przed posi\u0142kami (mo\u017cna wymiesza\u0107 z wod\u0105 lub sokiem owocowym).<\/p>\n<p><strong>Zalecany przepis:<\/strong> Spr\u00f3buj doda\u0107 Aloes do Picia Freedom do szklanki soku owocowego lub zmiesza\u0107 go ze \u015bwie\u017cym koktajlem owocowym i warzywnym.<br \/>\nWstrz\u0105\u015bnij przed u\u017cyciem. Po otwarciu przechowywa\u0107 w lod\u00f3wce i natychmiast zu\u017cy\u0107. Nie nale\u017cy przekracza\u0107 zalecanej porcji do spo\u017cycia w ci\u0105gu dnia.<br \/>\nSuplementy diety nie s\u0105 substytutem bogatej i zbilansowanej diety po\u0142\u0105czonej ze zdrowym trybem \u017cycia.<br \/>\nProdukt nale\u017cy przechowywa\u0107 w miejscu niedost\u0119pnym dla dzieci.<\/p>\n<p><strong>Aloes do Picia Freedom nie ma na rynku odpowiednika produktu, kt\u00f3ry m\u00f3g\u0142by mu dor\u00f3wna\u0107 jako\u015bci\u0105 czy efektami<\/strong><\/p>\n<h3><strong><span style=\"font-size: 16pt\">Cz\u0119sto zadawane pytania<\/span><\/strong><\/h3>\n<p><strong>Co znajduje si\u0119 w Aloese do Picia?<\/strong><br \/>\nLi\u015bcie ro\u015bliny Aloe Vera s\u0105 szczeg\u00f3lnie masywne, podczas gdy ro\u015bliny zewn\u0119trzne otoczone s\u0105 g\u0119st\u0105, zielon\u0105 kor\u0105. Wewn\u0119trzna cz\u0119\u015b\u0107 li\u015bcia sk\u0142ada si\u0119 z warstwy lparenchymy, czyli warstwy, w kt\u00f3rej obecny jest \u017cel. Ten przezroczysty \u017cel zawiera wszystkie cenne sk\u0142adniki i jest u\u017cywany do picia \u017celu.<\/p>\n<p><strong>Dlaczego Lr u\u017cywa wy\u0142\u0105cznie Aloe Vera Barbadensis Miller do swoich \u017celi do napoj\u00f3w?<\/strong><br \/>\nAloe Vera Barbadensis Miller jest jedynym gatunkiem spo\u015br\u00f3d ponad 200 gatunk\u00f3w Aloe Vera, kt\u00f3ry mo\u017ce by\u0107 spo\u017cywany jako \u017cywno\u015b\u0107. Cz\u0119sto wspominany Aloe Arborescens zawiera wysoki procent aloiny, co sprawia, \u017ce nie nadaje si\u0119 do spo\u017cycia. Lr u\u017cywa wy\u0142\u0105cznie Aloe Vera Barbadensis Miller do produkcji produkt\u00f3w Aloe Vera.<\/p>\n<p><strong>Czy mog\u0119 otworzy\u0107 ro\u015blin\u0119 Aloe Vera w domu i wypi\u0107 \u017cel?<\/strong><br \/>\nNie zaleca si\u0119 spo\u017cywania czystego \u017celu z li\u015bci aloesu w postaci nieprzetworzonej. Konieczne jest, aby kora zosta\u0142a ostro\u017cnie oddzielona od wewn\u0119trznego \u017celu. Pod sk\u00f3r\u0105 przypina si\u0119 warstw\u0119 aloesu, kt\u00f3ry jest \u017c\u00f3\u0142tym sokiem, kt\u00f3ry nale\u017cy ostro\u017cnie usun\u0105\u0107 przed spo\u017cyciem. Ekstrakcja \u017celu aloesowego z kory powinna odbywa\u0107 si\u0119 pod nadzorem specjalist\u00f3w.<\/p>\n<p>Aloina jest \u015brodkiem przeczyszczaj\u0105cym, kt\u00f3ry mo\u017ce powodowa\u0107 biegunk\u0119, gdy jest spo\u017cywany w du\u017cych ilo\u015bciach. Z tego powodu ilo\u015b\u0107 aloesu w \u017celach Lr Aloe Vera jest regularnie kontrolowana. Ponadto Aloe Vera ma gorzki smak w czystej postaci. W ka\u017cdym razie \u0142atwiej jest spo\u017cywa\u0107 \u017cel do picia Aloe Vera, kt\u00f3ry ma wspania\u0142y smak.<\/p>\n<p>Daj swoim stawom si\u0142\u0119, elastyczno\u015b\u0107 i lekko\u015b\u0107 ka\u017cdego dnia. Wybierz produkt, kt\u00f3ry nie ma r\u00f3wnych sobie pod wzgl\u0119dem jako\u015bci i skuteczno\u015bci. Aloes do Picia Freedom to wszechstronna ochrona i komfort, kt\u00f3rych szukasz.<\/p>\n","protected":false},"excerpt":{"rendered":"<ul>\n<li class=\"ai-optimize-23\">88% czystego \u017celu z li\u015bci aloesu<\/li>\n<li class=\"ai-optimize-24\">Do zapobiegania zapaleniu staw\u00f3w<\/li>\n<li class=\"ai-optimize-25\">Poprawia funkcjonowanie staw\u00f3w<\/li>\n<li class=\"ai-optimize-26\">Z witamin\u0105 C wspomagaj\u0105c\u0105 tworzenie kolagenu dla prawid\u0142owego funkcjonowania chrz\u0105stki<\/li>\n<li class=\"ai-optimize-27\">Wyprodukowany w Niemczech<\/li>\n<li class=\"ai-optimize-28\">Zawarto\u015b\u0107: 1000 ml<\/li>\n<\/ul>\n<p>&nbsp;<\/p>\n","protected":false},"featured_media":27276,"comment_status":"open","ping_status":"closed","template":"","meta":{"_kad_blocks_custom_css":"","_kad_blocks_head_custom_js":"","_kad_blocks_body_custom_js":"","_kad_blocks_footer_custom_js":"","_kadence_starter_templates_imported_post":false,"_kad_post_transparent":"default","_kad_post_title":"","_kad_post_layout":"default","_kad_post_sidebar_id":"","_kad_post_content_style":"default","_kad_post_vertical_padding":"default","_kad_post_feature":"","_kad_post_feature_position":"","_kad_post_header":false,"_kad_post_footer":false,"_kad_post_classname":""},"product_brand":[],"product_cat":[1082,1105,1102,1081,1100],"product_tag":[1137,1125],"class_list":{"0":"post-28510","1":"product","2":"type-product","3":"status-publish","4":"has-post-thumbnail","6":"product_cat-zele-do-picia","7":"product_cat-jelita-trawienie","8":"product_cat-kosci-stawy-miesnie","9":"product_cat-podstawa","10":"product_cat-specjalisci","11":"product_tag-bole-stawow","12":"product_tag-napoje-detoksykacyjne","14":"first","15":"instock","16":"taxable","17":"shipping-taxable","18":"purchasable","19":"product-type-simple","20":"entry","21":"content-bg","22":"loop-entry"},"yoast_head":"<!-- This site is optimized with the Yoast SEO Premium plugin v27.5 (Yoast SEO v27.5) - https:\/\/yoast.com\/product\/yoast-seo-premium-wordpress\/ -->\n<title>Aloes do Picia Freedom \u2013 Naturalna ulga dla Staw\u00f3w i Mi\u0119\u015bni<\/title>\n<meta name=\"description\" content=\"Poczuj ulg\u0119 w stawach dzi\u0119ki Aloes do Picia Freedom. Naturalne sk\u0142adniki wspieraj\u0105 regeneracj\u0119, elastyczno\u015b\u0107 i swobod\u0119 ruchu. Odkryj, na co pomaga.\" \/>\n<meta name=\"robots\" content=\"index, follow, max-snippet:-1, max-image-preview:large, max-video-preview:-1\" \/>\n<link rel=\"canonical\" href=\"https:\/\/www.lraloeverashop.eu\/pl\/produkt\/aloes-do-picia-freedom\/\" \/>\n<meta property=\"og:locale\" content=\"pl_PL\" \/>\n<meta property=\"og:type\" content=\"article\" \/>\n<meta property=\"og:title\" content=\"Aloes Do Picia Freedom\" \/>\n<meta property=\"og:description\" content=\"Poczuj ulg\u0119 w stawach dzi\u0119ki Aloes do Picia Freedom. Naturalne sk\u0142adniki wspieraj\u0105 regeneracj\u0119, elastyczno\u015b\u0107 i swobod\u0119 ruchu. Odkryj, na co pomaga.\" \/>\n<meta property=\"og:url\" content=\"https:\/\/www.lraloeverashop.eu\/pl\/produkt\/aloes-do-picia-freedom\/\" \/>\n<meta property=\"og:site_name\" content=\"Lr Aloe Vera Shop\" \/>\n<meta property=\"article:publisher\" content=\"https:\/\/www.facebook.com\/lraloeverashop.eu\" \/>\n<meta property=\"article:modified_time\" content=\"2025-06-19T06:30:59+00:00\" \/>\n<meta property=\"og:image\" content=\"https:\/\/www.lraloeverashop.eu\/wp-content\/uploads\/2022\/10\/Aloe-Vera-Drinking-Gel-Active-Freedom.jpg\" \/>\n\t<meta property=\"og:image:width\" content=\"1200\" \/>\n\t<meta property=\"og:image:height\" content=\"1200\" \/>\n\t<meta property=\"og:image:type\" content=\"image\/jpeg\" \/>\n<meta name=\"twitter:card\" content=\"summary_large_image\" \/>\n<meta name=\"twitter:site\" content=\"@natur__kosmetik\" \/>\n<script type=\"application\/ld+json\" class=\"yoast-schema-graph\">{\"@context\":\"https:\\\/\\\/schema.org\",\"@graph\":[{\"@type\":[\"WebPage\",\"ItemPage\"],\"@id\":\"https:\\\/\\\/www.lraloeverashop.eu\\\/pl\\\/produkt\\\/aloes-do-picia-freedom\\\/\",\"url\":\"https:\\\/\\\/www.lraloeverashop.eu\\\/pl\\\/produkt\\\/aloes-do-picia-freedom\\\/\",\"name\":\"Aloes do Picia Freedom \u2013 Naturalna ulga dla Staw\u00f3w i Mi\u0119\u015bni\",\"isPartOf\":{\"@id\":\"https:\\\/\\\/www.lraloeverashop.eu\\\/pl\\\/#website\"},\"primaryImageOfPage\":{\"@id\":\"https:\\\/\\\/www.lraloeverashop.eu\\\/pl\\\/produkt\\\/aloes-do-picia-freedom\\\/#primaryimage\"},\"image\":{\"@id\":\"https:\\\/\\\/www.lraloeverashop.eu\\\/pl\\\/produkt\\\/aloes-do-picia-freedom\\\/#primaryimage\"},\"thumbnailUrl\":\"https:\\\/\\\/www.lraloeverashop.eu\\\/wp-content\\\/uploads\\\/2022\\\/10\\\/Aloe-Vera-Drinking-Gel-Active-Freedom.jpg\",\"datePublished\":\"2022-10-11T18:59:08+00:00\",\"dateModified\":\"2025-06-19T06:30:59+00:00\",\"description\":\"Poczuj ulg\u0119 w stawach dzi\u0119ki Aloes do Picia Freedom. Naturalne sk\u0142adniki wspieraj\u0105 regeneracj\u0119, elastyczno\u015b\u0107 i swobod\u0119 ruchu. Odkryj, na co pomaga.\",\"breadcrumb\":{\"@id\":\"https:\\\/\\\/www.lraloeverashop.eu\\\/pl\\\/produkt\\\/aloes-do-picia-freedom\\\/#breadcrumb\"},\"inLanguage\":\"pl-PL\",\"potentialAction\":[{\"@type\":\"ReadAction\",\"target\":[\"https:\\\/\\\/www.lraloeverashop.eu\\\/pl\\\/produkt\\\/aloes-do-picia-freedom\\\/\"]}]},{\"@type\":\"ImageObject\",\"inLanguage\":\"pl-PL\",\"@id\":\"https:\\\/\\\/www.lraloeverashop.eu\\\/pl\\\/produkt\\\/aloes-do-picia-freedom\\\/#primaryimage\",\"url\":\"https:\\\/\\\/www.lraloeverashop.eu\\\/wp-content\\\/uploads\\\/2022\\\/10\\\/Aloe-Vera-Drinking-Gel-Active-Freedom.jpg\",\"contentUrl\":\"https:\\\/\\\/www.lraloeverashop.eu\\\/wp-content\\\/uploads\\\/2022\\\/10\\\/Aloe-Vera-Drinking-Gel-Active-Freedom.jpg\",\"width\":1200,\"height\":1200,\"caption\":\"Aloes do picia Freedom - \u017bel Aloesowy do Picia dla ko\u015bci, mi\u0119\u015bni i kolan\"},{\"@type\":\"BreadcrumbList\",\"@id\":\"https:\\\/\\\/www.lraloeverashop.eu\\\/pl\\\/produkt\\\/aloes-do-picia-freedom\\\/#breadcrumb\",\"itemListElement\":[{\"@type\":\"ListItem\",\"position\":1,\"name\":\"Home\",\"item\":\"https:\\\/\\\/www.lraloeverashop.eu\\\/pl\\\/\"},{\"@type\":\"ListItem\",\"position\":2,\"name\":\"Sklep\",\"item\":\"https:\\\/\\\/www.lraloeverashop.eu\\\/pl\\\/sklep\\\/\"},{\"@type\":\"ListItem\",\"position\":3,\"name\":\"Aloes Do Picia Freedom\"}]},{\"@type\":\"WebSite\",\"@id\":\"https:\\\/\\\/www.lraloeverashop.eu\\\/pl\\\/#website\",\"url\":\"https:\\\/\\\/www.lraloeverashop.eu\\\/pl\\\/\",\"name\":\"Lr Aloe Vera Shop\",\"description\":\"High Quality Lr Aloe Vera Gel, Aloe Vera Cream and Shampoo\",\"publisher\":{\"@id\":\"https:\\\/\\\/www.lraloeverashop.eu\\\/pl\\\/#organization\"},\"alternateName\":\"LR\",\"potentialAction\":[{\"@type\":\"SearchAction\",\"target\":{\"@type\":\"EntryPoint\",\"urlTemplate\":\"https:\\\/\\\/www.lraloeverashop.eu\\\/pl\\\/?s={search_term_string}\"},\"query-input\":{\"@type\":\"PropertyValueSpecification\",\"valueRequired\":true,\"valueName\":\"search_term_string\"}}],\"inLanguage\":\"pl-PL\"},{\"@type\":\"Organization\",\"@id\":\"https:\\\/\\\/www.lraloeverashop.eu\\\/pl\\\/#organization\",\"name\":\"Sklep Lr Aloe Vera\",\"alternateName\":\"LR\",\"url\":\"https:\\\/\\\/www.lraloeverashop.eu\\\/pl\\\/\",\"logo\":{\"@type\":\"ImageObject\",\"inLanguage\":\"pl-PL\",\"@id\":\"https:\\\/\\\/www.lraloeverashop.eu\\\/pl\\\/#\\\/schema\\\/logo\\\/image\\\/\",\"url\":\"https:\\\/\\\/www.lraloeverashop.eu\\\/wp-content\\\/uploads\\\/2022\\\/09\\\/cropped-Lr-Aloe-Vera-Shop.jpg\",\"contentUrl\":\"https:\\\/\\\/www.lraloeverashop.eu\\\/wp-content\\\/uploads\\\/2022\\\/09\\\/cropped-Lr-Aloe-Vera-Shop.jpg\",\"width\":228,\"height\":76,\"caption\":\"Sklep Lr Aloe Vera\"},\"image\":{\"@id\":\"https:\\\/\\\/www.lraloeverashop.eu\\\/pl\\\/#\\\/schema\\\/logo\\\/image\\\/\"},\"sameAs\":[\"https:\\\/\\\/www.facebook.com\\\/lraloeverashop.eu\",\"https:\\\/\\\/x.com\\\/natur__kosmetik\",\"https:\\\/\\\/www.youtube.com\\\/channel\\\/UC5oN7BJ8nfYb8RpVtjwDEBA\",\"https:\\\/\\\/www.instagram.com\\\/lrbeautyeu\\\/\"],\"description\":\"Sklep LR Aloe Vera to Twoje zaufane \u017ar\u00f3d\u0142o wysokiej jako\u015bci produkt\u00f3w LR Health & Beauty wyprodukowanych w Niemczech. Oferujemy wysokiej jako\u015bci produkty do piel\u0119gnacji sk\u00f3ry, od\u017cywiania i przeciwstarzeniowe z aloesem, stworzone z czystych sk\u0142adnik\u00f3w i poparte badaniami naukowymi. Odkryj naturaln\u0105 piel\u0119gnacj\u0119, kt\u00f3ra regeneruje, chroni i rewitalizuje Twoj\u0105 sk\u00f3r\u0119 \u2014 i korzystaj z ekskluzywnych comiesi\u0119cznych ofert na nasze bestsellerowe produkty LR Aloe Vera.\\nRozpocznij swoj\u0105 naturaln\u0105 piel\u0119gnacj\u0119 sk\u00f3ry ju\u017c dzi\u015b i poczuj r\u00f3\u017cnic\u0119.\",\"email\":\"info@lraloeverashop.eu\",\"telephone\":\"+49 17670609653\",\"legalName\":\"Lr Aloe Vera Shop\",\"foundingDate\":\"2018-04-21\",\"numberOfEmployees\":{\"@type\":\"QuantitativeValue\",\"minValue\":\"1\",\"maxValue\":\"10\"}}]}<\/script>\n<meta property=\"product:price:amount\" content=\"45.79\" \/>\n<meta property=\"product:price:currency\" content=\"EUR\" \/>\n<meta property=\"og:availability\" content=\"instock\" \/>\n<meta property=\"product:availability\" content=\"instock\" \/>\n<meta property=\"product:retailer_item_id\" content=\"80850-480PL\" \/>\n<meta property=\"product:condition\" content=\"new\" \/>\n<!-- \/ Yoast SEO Premium plugin. -->","yoast_head_json":{"title":"Aloes do Picia Freedom \u2013 Naturalna ulga dla Staw\u00f3w i Mi\u0119\u015bni","description":"Poczuj ulg\u0119 w stawach dzi\u0119ki Aloes do Picia Freedom. Naturalne sk\u0142adniki wspieraj\u0105 regeneracj\u0119, elastyczno\u015b\u0107 i swobod\u0119 ruchu. Odkryj, na co pomaga.","robots":{"index":"index","follow":"follow","max-snippet":"max-snippet:-1","max-image-preview":"max-image-preview:large","max-video-preview":"max-video-preview:-1"},"canonical":"https:\/\/www.lraloeverashop.eu\/pl\/produkt\/aloes-do-picia-freedom\/","og_locale":"pl_PL","og_type":"article","og_title":"Aloes Do Picia Freedom","og_description":"Poczuj ulg\u0119 w stawach dzi\u0119ki Aloes do Picia Freedom. Naturalne sk\u0142adniki wspieraj\u0105 regeneracj\u0119, elastyczno\u015b\u0107 i swobod\u0119 ruchu. Odkryj, na co pomaga.","og_url":"https:\/\/www.lraloeverashop.eu\/pl\/produkt\/aloes-do-picia-freedom\/","og_site_name":"Lr Aloe Vera Shop","article_publisher":"https:\/\/www.facebook.com\/lraloeverashop.eu","article_modified_time":"2025-06-19T06:30:59+00:00","og_image":[{"width":1200,"height":1200,"url":"https:\/\/www.lraloeverashop.eu\/wp-content\/uploads\/2022\/10\/Aloe-Vera-Drinking-Gel-Active-Freedom.jpg","type":"image\/jpeg"}],"twitter_card":"summary_large_image","twitter_site":"@natur__kosmetik","schema":{"@context":"https:\/\/schema.org","@graph":[{"@type":["WebPage","ItemPage"],"@id":"https:\/\/www.lraloeverashop.eu\/pl\/produkt\/aloes-do-picia-freedom\/","url":"https:\/\/www.lraloeverashop.eu\/pl\/produkt\/aloes-do-picia-freedom\/","name":"Aloes do Picia Freedom \u2013 Naturalna ulga dla Staw\u00f3w i Mi\u0119\u015bni","isPartOf":{"@id":"https:\/\/www.lraloeverashop.eu\/pl\/#website"},"primaryImageOfPage":{"@id":"https:\/\/www.lraloeverashop.eu\/pl\/produkt\/aloes-do-picia-freedom\/#primaryimage"},"image":{"@id":"https:\/\/www.lraloeverashop.eu\/pl\/produkt\/aloes-do-picia-freedom\/#primaryimage"},"thumbnailUrl":"https:\/\/www.lraloeverashop.eu\/wp-content\/uploads\/2022\/10\/Aloe-Vera-Drinking-Gel-Active-Freedom.jpg","datePublished":"2022-10-11T18:59:08+00:00","dateModified":"2025-06-19T06:30:59+00:00","description":"Poczuj ulg\u0119 w stawach dzi\u0119ki Aloes do Picia Freedom. Naturalne sk\u0142adniki wspieraj\u0105 regeneracj\u0119, elastyczno\u015b\u0107 i swobod\u0119 ruchu. Odkryj, na co pomaga.","breadcrumb":{"@id":"https:\/\/www.lraloeverashop.eu\/pl\/produkt\/aloes-do-picia-freedom\/#breadcrumb"},"inLanguage":"pl-PL","potentialAction":[{"@type":"ReadAction","target":["https:\/\/www.lraloeverashop.eu\/pl\/produkt\/aloes-do-picia-freedom\/"]}]},{"@type":"ImageObject","inLanguage":"pl-PL","@id":"https:\/\/www.lraloeverashop.eu\/pl\/produkt\/aloes-do-picia-freedom\/#primaryimage","url":"https:\/\/www.lraloeverashop.eu\/wp-content\/uploads\/2022\/10\/Aloe-Vera-Drinking-Gel-Active-Freedom.jpg","contentUrl":"https:\/\/www.lraloeverashop.eu\/wp-content\/uploads\/2022\/10\/Aloe-Vera-Drinking-Gel-Active-Freedom.jpg","width":1200,"height":1200,"caption":"Aloes do picia Freedom - \u017bel Aloesowy do Picia dla ko\u015bci, mi\u0119\u015bni i kolan"},{"@type":"BreadcrumbList","@id":"https:\/\/www.lraloeverashop.eu\/pl\/produkt\/aloes-do-picia-freedom\/#breadcrumb","itemListElement":[{"@type":"ListItem","position":1,"name":"Home","item":"https:\/\/www.lraloeverashop.eu\/pl\/"},{"@type":"ListItem","position":2,"name":"Sklep","item":"https:\/\/www.lraloeverashop.eu\/pl\/sklep\/"},{"@type":"ListItem","position":3,"name":"Aloes Do Picia Freedom"}]},{"@type":"WebSite","@id":"https:\/\/www.lraloeverashop.eu\/pl\/#website","url":"https:\/\/www.lraloeverashop.eu\/pl\/","name":"Lr Aloe Vera Shop","description":"High Quality Lr Aloe Vera Gel, Aloe Vera Cream and Shampoo","publisher":{"@id":"https:\/\/www.lraloeverashop.eu\/pl\/#organization"},"alternateName":"LR","potentialAction":[{"@type":"SearchAction","target":{"@type":"EntryPoint","urlTemplate":"https:\/\/www.lraloeverashop.eu\/pl\/?s={search_term_string}"},"query-input":{"@type":"PropertyValueSpecification","valueRequired":true,"valueName":"search_term_string"}}],"inLanguage":"pl-PL"},{"@type":"Organization","@id":"https:\/\/www.lraloeverashop.eu\/pl\/#organization","name":"Sklep Lr Aloe Vera","alternateName":"LR","url":"https:\/\/www.lraloeverashop.eu\/pl\/","logo":{"@type":"ImageObject","inLanguage":"pl-PL","@id":"https:\/\/www.lraloeverashop.eu\/pl\/#\/schema\/logo\/image\/","url":"https:\/\/www.lraloeverashop.eu\/wp-content\/uploads\/2022\/09\/cropped-Lr-Aloe-Vera-Shop.jpg","contentUrl":"https:\/\/www.lraloeverashop.eu\/wp-content\/uploads\/2022\/09\/cropped-Lr-Aloe-Vera-Shop.jpg","width":228,"height":76,"caption":"Sklep Lr Aloe Vera"},"image":{"@id":"https:\/\/www.lraloeverashop.eu\/pl\/#\/schema\/logo\/image\/"},"sameAs":["https:\/\/www.facebook.com\/lraloeverashop.eu","https:\/\/x.com\/natur__kosmetik","https:\/\/www.youtube.com\/channel\/UC5oN7BJ8nfYb8RpVtjwDEBA","https:\/\/www.instagram.com\/lrbeautyeu\/"],"description":"Sklep LR Aloe Vera to Twoje zaufane \u017ar\u00f3d\u0142o wysokiej jako\u015bci produkt\u00f3w LR Health & Beauty wyprodukowanych w Niemczech. Oferujemy wysokiej jako\u015bci produkty do piel\u0119gnacji sk\u00f3ry, od\u017cywiania i przeciwstarzeniowe z aloesem, stworzone z czystych sk\u0142adnik\u00f3w i poparte badaniami naukowymi. Odkryj naturaln\u0105 piel\u0119gnacj\u0119, kt\u00f3ra regeneruje, chroni i rewitalizuje Twoj\u0105 sk\u00f3r\u0119 \u2014 i korzystaj z ekskluzywnych comiesi\u0119cznych ofert na nasze bestsellerowe produkty LR Aloe Vera.\nRozpocznij swoj\u0105 naturaln\u0105 piel\u0119gnacj\u0119 sk\u00f3ry ju\u017c dzi\u015b i poczuj r\u00f3\u017cnic\u0119.","email":"info@lraloeverashop.eu","telephone":"+49 17670609653","legalName":"Lr Aloe Vera Shop","foundingDate":"2018-04-21","numberOfEmployees":{"@type":"QuantitativeValue","minValue":"1","maxValue":"10"}}]},"product_price_amount":"45.79","product_price_currency":"EUR","og_availability":"instock","product_availability":"instock","product_retailer_item_id":"80850-480PL","product_condition":"new"},"taxonomy_info":{"product_cat":[{"value":1082,"label":"Aloesowe \u017bele do Picia"},{"value":1105,"label":"Jelita &amp; Trawienie"},{"value":1102,"label":"Ko\u015bci, stawy i mi\u0119\u015bnie"},{"value":1081,"label":"Podstawa"},{"value":1100,"label":"Specjali\u015bci"}],"product_tag":[{"value":1137,"label":"b\u00f3le staw\u00f3w"},{"value":1125,"label":"napoje detoksykacyjne"}]},"featured_image_src_large":["https:\/\/www.lraloeverashop.eu\/wp-content\/uploads\/2022\/10\/Aloe-Vera-Drinking-Gel-Active-Freedom-1024x1024.jpg",1024,1024,true],"author_info":[],"comment_info":0,"_links":{"self":[{"href":"https:\/\/www.lraloeverashop.eu\/pl\/wp-json\/wp\/v2\/product\/28510","targetHints":{"allow":["GET"]}}],"collection":[{"href":"https:\/\/www.lraloeverashop.eu\/pl\/wp-json\/wp\/v2\/product"}],"about":[{"href":"https:\/\/www.lraloeverashop.eu\/pl\/wp-json\/wp\/v2\/types\/product"}],"replies":[{"embeddable":true,"href":"https:\/\/www.lraloeverashop.eu\/pl\/wp-json\/wp\/v2\/comments?post=28510"}],"wp:featuredmedia":[{"embeddable":true,"href":"https:\/\/www.lraloeverashop.eu\/pl\/wp-json\/wp\/v2\/media\/27276"}],"wp:attachment":[{"href":"https:\/\/www.lraloeverashop.eu\/pl\/wp-json\/wp\/v2\/media?parent=28510"}],"wp:term":[{"taxonomy":"product_brand","embeddable":true,"href":"https:\/\/www.lraloeverashop.eu\/pl\/wp-json\/wp\/v2\/product_brand?post=28510"},{"taxonomy":"product_cat","embeddable":true,"href":"https:\/\/www.lraloeverashop.eu\/pl\/wp-json\/wp\/v2\/product_cat?post=28510"},{"taxonomy":"product_tag","embeddable":true,"href":"https:\/\/www.lraloeverashop.eu\/pl\/wp-json\/wp\/v2\/product_tag?post=28510"}],"curies":[{"name":"wp","href":"https:\/\/api.w.org\/{rel}","templated":true}]}}