{"id":28464,"date":"2022-10-13T08:34:35","date_gmt":"2022-10-13T06:34:35","guid":{"rendered":"https:\/\/www.lraloeverashop.eu\/product\/lr-vita-active-witaminy\/"},"modified":"2025-06-19T08:30:57","modified_gmt":"2025-06-19T06:30:57","slug":"lr-vita-active-witaminy","status":"publish","type":"product","link":"https:\/\/www.lraloeverashop.eu\/pl\/produkt\/lr-vita-active-witaminy\/","title":{"rendered":"Lr Vita Active Witaminy"},"content":{"rendered":"<h2><span style=\"font-size: 16pt\"><strong>Lr Vita Active Witaminy<\/strong><\/span><\/h2>\n<p><span style=\"font-size: 14pt\"><strong>Lr Vita Active Witaminy &#8211; 100% dostarczenie witamin ju\u017c po jednej \u0142y\u017ceczce<\/strong><\/span><\/p>\n<p class=\"nitro-offscreen\">Zr\u00f3\u017cnicowana i zbilansowana dieta odgrywa wa\u017cn\u0105 rol\u0119 w zdrowym stylu \u017cycia. Nasz organizm codziennie wch\u0142ania r\u00f3\u017cnorodne niezb\u0119dne sk\u0142adniki od\u017cywcze wraz z po\u017cywieniem. Vita Active Red Fruits mo\u017ce by\u0107 znacz\u0105cym sprzymierze\u0144cem, ze wzgl\u0119du na fakt, \u017ce przez ca\u0142y czas zapewnia pe\u0142ne zaopatrzenie.<\/p>\n<p>Lr Vita Active to koncentrat 21 naturalnych owoc\u00f3w i warzyw, kt\u00f3ry ma pyszny smak i dostarcza organizmowi dziesi\u0119ciu niezb\u0119dnych witamin. Witaminy s\u0105 prawdziwymi cudotw\u00f3rcami: witaminy D i B6 przyczyniaj\u0105 si\u0119 do prawid\u0142owego funkcjonowania uk\u0142adu odporno\u015bciowego, witamina B12 przyczynia si\u0119 do podzia\u0142u kom\u00f3rek, a witamina B1 przyczynia si\u0119 do prawid\u0142owego funkcjonowania serca.<\/p>\n<h3><span style=\"font-size: 16pt\"><strong>Zalecana dzienna porcja do spo\u017cycia<\/strong><\/span><\/h3>\n<p>Zalecana 5 ml raz dziennie w trakcie lub po posi\u0142ku. Lr Vita Active Witaminy mo\u017cesz doda\u0107 do szklanki wody mineralnej, jogurtu lub p\u0142atk\u00f3w \u015bniadaniowych. Zaleca si\u0119 d\u0142ugotrwa\u0142e spo\u017cywanie.<br \/>\nNie nale\u017cy przekracza\u0107 zalecanej porcji do spo\u017cycia w ci\u0105gu dnia. Suplementy diety nie zast\u0105pi\u0105 bogatej i zbilansowanej diety w po\u0142\u0105czeniu ze zdrowym stylem \u017cycia. Produkt nale\u017cy przechowywa\u0107 w miejscu niedost\u0119pnym dla dzieci.<br \/>\nNie przechowywa\u0107 w temperaturze powy\u017cej 25\u00b0C. Po otwarciu przechowywa\u0107 w lod\u00f3wce. Wstrz\u0105\u015bnij przed u\u017cyciem.<\/p>\n<h3><span style=\"font-size: 16pt\"><strong>Czy wiesz, \u017ce witamina D nazywana jest &#8220;witamin\u0105 s\u0142o\u0144ca&#8221;?<\/strong><\/span><\/h3>\n<p>Witamina D to specjalna witamina powstaj\u0105ca w wyniku ekspozycji sk\u00f3ry na promieniowanie s\u0142oneczne. Zbilansowana dieta dostarcza organizmowi wszystkich niezb\u0119dnych witamin do jego prawid\u0142owego funkcjonowania. Szczeg\u00f3lnie w okresie zimowym Lr Vita Active mo\u017ce by\u0107 przydatnym uzupe\u0142nieniem diety.<\/p>\n<p>Zbilansowana dieta ma ogromne znaczenie, zw\u0142aszcza dla os\u00f3b maj\u0105cych zwi\u0119kszone obowi\u0105zki w pracy lub w rodzinie. W okresach wzmo\u017conego stresu zadbaj o swoj\u0105 diet\u0119 i uzupe\u0142nij j\u0105 o Lr Vita Active Witaminy.<\/p>\n","protected":false},"excerpt":{"rendered":"<ul>\n<li class=\"ai-optimize-23\">Kompaktowy koncestrat sk\u0142adaj\u0105cy si\u0119 z 21 owoc\u00f3w i warzyw.<\/li>\n<li class=\"ai-optimize-24\">Ju\u017c jedna \u0142y\u017ceczka (5 ml) dziennie pokrywa 100% zapotrzebowania organizmu na 10 witamin*<\/li>\n<li class=\"ai-optimize-25\">Bez dodatku konserwant\u00f3w i barwnik\u00f3w<\/li>\n<li class=\"ai-optimize-26\">Produkt wyprodukowany w Niemczech<\/li>\n<li class=\"ai-optimize-27\">Zawarto\u015b\u0107: 150 ml<\/li>\n<\/ul>\n<p>&nbsp;<\/p>\n","protected":false},"featured_media":26953,"comment_status":"open","ping_status":"closed","template":"","meta":{"_kad_blocks_custom_css":"","_kad_blocks_head_custom_js":"","_kad_blocks_body_custom_js":"","_kad_blocks_footer_custom_js":"","_kadence_starter_templates_imported_post":false,"_kad_post_transparent":"default","_kad_post_title":"","_kad_post_layout":"default","_kad_post_sidebar_id":"","_kad_post_content_style":"default","_kad_post_vertical_padding":"default","_kad_post_feature":"","_kad_post_feature_position":"","_kad_post_header":false,"_kad_post_footer":false,"_kad_post_classname":""},"product_brand":[],"product_cat":[1081,1084],"product_tag":[1139],"class_list":{"0":"post-28464","1":"product","2":"type-product","3":"status-publish","4":"has-post-thumbnail","6":"product_cat-podstawa","7":"product_cat-witaminy-i-mineraly","8":"product_tag-mineraly-witaminy","10":"first","11":"instock","12":"taxable","13":"shipping-taxable","14":"purchasable","15":"product-type-simple","16":"entry","17":"content-bg","18":"loop-entry"},"yoast_head":"<!-- This site is optimized with the Yoast SEO Premium plugin v27.5 (Yoast SEO v27.5) - https:\/\/yoast.com\/product\/yoast-seo-premium-wordpress\/ -->\n<title>Lr Vita Active Witaminy - 100% witaminy tylko w jednej \u0142y\u017ceczce<\/title>\n<meta name=\"description\" content=\"Lr Vita Active Witaminy to koncentrat 21 naturalnych owoc\u00f3w i warzyw o pysznym smaku, kt\u00f3ry dostarcza organizmowi niezb\u0119dnych witamin. B1, B6, B12, D\" \/>\n<meta name=\"robots\" content=\"index, follow, max-snippet:-1, max-image-preview:large, max-video-preview:-1\" \/>\n<link rel=\"canonical\" href=\"https:\/\/www.lraloeverashop.eu\/pl\/produkt\/lr-vita-active-witaminy\/\" \/>\n<meta property=\"og:locale\" content=\"pl_PL\" \/>\n<meta property=\"og:type\" content=\"article\" \/>\n<meta property=\"og:title\" content=\"Lr Vita Active Witaminy\" \/>\n<meta property=\"og:description\" content=\"Lr Vita Active Witaminy to koncentrat 21 naturalnych owoc\u00f3w i warzyw o pysznym smaku, kt\u00f3ry dostarcza organizmowi niezb\u0119dnych witamin. B1, B6, B12, D\" \/>\n<meta property=\"og:url\" content=\"https:\/\/www.lraloeverashop.eu\/pl\/produkt\/lr-vita-active-witaminy\/\" \/>\n<meta property=\"og:site_name\" content=\"Lr Aloe Vera Shop\" \/>\n<meta property=\"article:publisher\" content=\"https:\/\/www.facebook.com\/lraloeverashop.eu\" \/>\n<meta property=\"article:modified_time\" content=\"2025-06-19T06:30:57+00:00\" \/>\n<meta property=\"og:image\" content=\"https:\/\/www.lraloeverashop.eu\/wp-content\/uploads\/2024\/03\/Vita-Active-Red-Fruits-Vitamins.jpeg\" \/>\n\t<meta property=\"og:image:width\" content=\"1200\" \/>\n\t<meta property=\"og:image:height\" content=\"1200\" \/>\n\t<meta property=\"og:image:type\" content=\"image\/jpeg\" \/>\n<meta name=\"twitter:card\" content=\"summary_large_image\" \/>\n<meta name=\"twitter:site\" content=\"@natur__kosmetik\" \/>\n<script type=\"application\/ld+json\" class=\"yoast-schema-graph\">{\"@context\":\"https:\\\/\\\/schema.org\",\"@graph\":[{\"@type\":[\"WebPage\",\"ItemPage\"],\"@id\":\"https:\\\/\\\/www.lraloeverashop.eu\\\/pl\\\/produkt\\\/lr-vita-active-witaminy\\\/\",\"url\":\"https:\\\/\\\/www.lraloeverashop.eu\\\/pl\\\/produkt\\\/lr-vita-active-witaminy\\\/\",\"name\":\"Lr Vita Active Witaminy - 100% witaminy tylko w jednej \u0142y\u017ceczce\",\"isPartOf\":{\"@id\":\"https:\\\/\\\/www.lraloeverashop.eu\\\/pl\\\/#website\"},\"primaryImageOfPage\":{\"@id\":\"https:\\\/\\\/www.lraloeverashop.eu\\\/pl\\\/produkt\\\/lr-vita-active-witaminy\\\/#primaryimage\"},\"image\":{\"@id\":\"https:\\\/\\\/www.lraloeverashop.eu\\\/pl\\\/produkt\\\/lr-vita-active-witaminy\\\/#primaryimage\"},\"thumbnailUrl\":\"https:\\\/\\\/www.lraloeverashop.eu\\\/wp-content\\\/uploads\\\/2024\\\/03\\\/Vita-Active-Red-Fruits-Vitamins.jpeg\",\"datePublished\":\"2022-10-13T06:34:35+00:00\",\"dateModified\":\"2025-06-19T06:30:57+00:00\",\"description\":\"Lr Vita Active Witaminy to koncentrat 21 naturalnych owoc\u00f3w i warzyw o pysznym smaku, kt\u00f3ry dostarcza organizmowi niezb\u0119dnych witamin. B1, B6, B12, D\",\"breadcrumb\":{\"@id\":\"https:\\\/\\\/www.lraloeverashop.eu\\\/pl\\\/produkt\\\/lr-vita-active-witaminy\\\/#breadcrumb\"},\"inLanguage\":\"pl-PL\",\"potentialAction\":[{\"@type\":\"ReadAction\",\"target\":[\"https:\\\/\\\/www.lraloeverashop.eu\\\/pl\\\/produkt\\\/lr-vita-active-witaminy\\\/\"]}]},{\"@type\":\"ImageObject\",\"inLanguage\":\"pl-PL\",\"@id\":\"https:\\\/\\\/www.lraloeverashop.eu\\\/pl\\\/produkt\\\/lr-vita-active-witaminy\\\/#primaryimage\",\"url\":\"https:\\\/\\\/www.lraloeverashop.eu\\\/wp-content\\\/uploads\\\/2024\\\/03\\\/Vita-Active-Red-Fruits-Vitamins.jpeg\",\"contentUrl\":\"https:\\\/\\\/www.lraloeverashop.eu\\\/wp-content\\\/uploads\\\/2024\\\/03\\\/Vita-Active-Red-Fruits-Vitamins.jpeg\",\"width\":1200,\"height\":1200,\"caption\":\"Vita Active Witaminy Czerwone Owoce dla dzieci i doros\u0142ych\"},{\"@type\":\"BreadcrumbList\",\"@id\":\"https:\\\/\\\/www.lraloeverashop.eu\\\/pl\\\/produkt\\\/lr-vita-active-witaminy\\\/#breadcrumb\",\"itemListElement\":[{\"@type\":\"ListItem\",\"position\":1,\"name\":\"Home\",\"item\":\"https:\\\/\\\/www.lraloeverashop.eu\\\/pl\\\/\"},{\"@type\":\"ListItem\",\"position\":2,\"name\":\"Sklep\",\"item\":\"https:\\\/\\\/www.lraloeverashop.eu\\\/pl\\\/sklep\\\/\"},{\"@type\":\"ListItem\",\"position\":3,\"name\":\"Lr Vita Active Witaminy\"}]},{\"@type\":\"WebSite\",\"@id\":\"https:\\\/\\\/www.lraloeverashop.eu\\\/pl\\\/#website\",\"url\":\"https:\\\/\\\/www.lraloeverashop.eu\\\/pl\\\/\",\"name\":\"Lr Aloe Vera Shop\",\"description\":\"High Quality Lr Aloe Vera Gel, Aloe Vera Cream and Shampoo\",\"publisher\":{\"@id\":\"https:\\\/\\\/www.lraloeverashop.eu\\\/pl\\\/#organization\"},\"alternateName\":\"LR\",\"potentialAction\":[{\"@type\":\"SearchAction\",\"target\":{\"@type\":\"EntryPoint\",\"urlTemplate\":\"https:\\\/\\\/www.lraloeverashop.eu\\\/pl\\\/?s={search_term_string}\"},\"query-input\":{\"@type\":\"PropertyValueSpecification\",\"valueRequired\":true,\"valueName\":\"search_term_string\"}}],\"inLanguage\":\"pl-PL\"},{\"@type\":\"Organization\",\"@id\":\"https:\\\/\\\/www.lraloeverashop.eu\\\/pl\\\/#organization\",\"name\":\"Sklep Lr Aloe Vera\",\"alternateName\":\"LR\",\"url\":\"https:\\\/\\\/www.lraloeverashop.eu\\\/pl\\\/\",\"logo\":{\"@type\":\"ImageObject\",\"inLanguage\":\"pl-PL\",\"@id\":\"https:\\\/\\\/www.lraloeverashop.eu\\\/pl\\\/#\\\/schema\\\/logo\\\/image\\\/\",\"url\":\"https:\\\/\\\/www.lraloeverashop.eu\\\/wp-content\\\/uploads\\\/2022\\\/09\\\/cropped-Lr-Aloe-Vera-Shop.jpg\",\"contentUrl\":\"https:\\\/\\\/www.lraloeverashop.eu\\\/wp-content\\\/uploads\\\/2022\\\/09\\\/cropped-Lr-Aloe-Vera-Shop.jpg\",\"width\":228,\"height\":76,\"caption\":\"Sklep Lr Aloe Vera\"},\"image\":{\"@id\":\"https:\\\/\\\/www.lraloeverashop.eu\\\/pl\\\/#\\\/schema\\\/logo\\\/image\\\/\"},\"sameAs\":[\"https:\\\/\\\/www.facebook.com\\\/lraloeverashop.eu\",\"https:\\\/\\\/x.com\\\/natur__kosmetik\",\"https:\\\/\\\/www.youtube.com\\\/channel\\\/UC5oN7BJ8nfYb8RpVtjwDEBA\",\"https:\\\/\\\/www.instagram.com\\\/lrbeautyeu\\\/\"],\"description\":\"Sklep LR Aloe Vera to Twoje zaufane \u017ar\u00f3d\u0142o wysokiej jako\u015bci produkt\u00f3w LR Health & Beauty wyprodukowanych w Niemczech. Oferujemy wysokiej jako\u015bci produkty do piel\u0119gnacji sk\u00f3ry, od\u017cywiania i przeciwstarzeniowe z aloesem, stworzone z czystych sk\u0142adnik\u00f3w i poparte badaniami naukowymi. Odkryj naturaln\u0105 piel\u0119gnacj\u0119, kt\u00f3ra regeneruje, chroni i rewitalizuje Twoj\u0105 sk\u00f3r\u0119 \u2014 i korzystaj z ekskluzywnych comiesi\u0119cznych ofert na nasze bestsellerowe produkty LR Aloe Vera.\\nRozpocznij swoj\u0105 naturaln\u0105 piel\u0119gnacj\u0119 sk\u00f3ry ju\u017c dzi\u015b i poczuj r\u00f3\u017cnic\u0119.\",\"email\":\"info@lraloeverashop.eu\",\"telephone\":\"+49 17670609653\",\"legalName\":\"Lr Aloe Vera Shop\",\"foundingDate\":\"2018-04-21\",\"numberOfEmployees\":{\"@type\":\"QuantitativeValue\",\"minValue\":\"1\",\"maxValue\":\"10\"}}]}<\/script>\n<meta property=\"product:price:amount\" content=\"25.29\" \/>\n<meta property=\"product:price:currency\" content=\"EUR\" \/>\n<meta property=\"og:availability\" content=\"instock\" \/>\n<meta property=\"product:availability\" content=\"instock\" \/>\n<meta property=\"product:retailer_item_id\" content=\"80301-401PL\" \/>\n<meta property=\"product:condition\" content=\"new\" \/>\n<!-- \/ Yoast SEO Premium plugin. -->","yoast_head_json":{"title":"Lr Vita Active Witaminy - 100% witaminy tylko w jednej \u0142y\u017ceczce","description":"Lr Vita Active Witaminy to koncentrat 21 naturalnych owoc\u00f3w i warzyw o pysznym smaku, kt\u00f3ry dostarcza organizmowi niezb\u0119dnych witamin. B1, B6, B12, D","robots":{"index":"index","follow":"follow","max-snippet":"max-snippet:-1","max-image-preview":"max-image-preview:large","max-video-preview":"max-video-preview:-1"},"canonical":"https:\/\/www.lraloeverashop.eu\/pl\/produkt\/lr-vita-active-witaminy\/","og_locale":"pl_PL","og_type":"article","og_title":"Lr Vita Active Witaminy","og_description":"Lr Vita Active Witaminy to koncentrat 21 naturalnych owoc\u00f3w i warzyw o pysznym smaku, kt\u00f3ry dostarcza organizmowi niezb\u0119dnych witamin. B1, B6, B12, D","og_url":"https:\/\/www.lraloeverashop.eu\/pl\/produkt\/lr-vita-active-witaminy\/","og_site_name":"Lr Aloe Vera Shop","article_publisher":"https:\/\/www.facebook.com\/lraloeverashop.eu","article_modified_time":"2025-06-19T06:30:57+00:00","og_image":[{"width":1200,"height":1200,"url":"https:\/\/www.lraloeverashop.eu\/wp-content\/uploads\/2024\/03\/Vita-Active-Red-Fruits-Vitamins.jpeg","type":"image\/jpeg"}],"twitter_card":"summary_large_image","twitter_site":"@natur__kosmetik","schema":{"@context":"https:\/\/schema.org","@graph":[{"@type":["WebPage","ItemPage"],"@id":"https:\/\/www.lraloeverashop.eu\/pl\/produkt\/lr-vita-active-witaminy\/","url":"https:\/\/www.lraloeverashop.eu\/pl\/produkt\/lr-vita-active-witaminy\/","name":"Lr Vita Active Witaminy - 100% witaminy tylko w jednej \u0142y\u017ceczce","isPartOf":{"@id":"https:\/\/www.lraloeverashop.eu\/pl\/#website"},"primaryImageOfPage":{"@id":"https:\/\/www.lraloeverashop.eu\/pl\/produkt\/lr-vita-active-witaminy\/#primaryimage"},"image":{"@id":"https:\/\/www.lraloeverashop.eu\/pl\/produkt\/lr-vita-active-witaminy\/#primaryimage"},"thumbnailUrl":"https:\/\/www.lraloeverashop.eu\/wp-content\/uploads\/2024\/03\/Vita-Active-Red-Fruits-Vitamins.jpeg","datePublished":"2022-10-13T06:34:35+00:00","dateModified":"2025-06-19T06:30:57+00:00","description":"Lr Vita Active Witaminy to koncentrat 21 naturalnych owoc\u00f3w i warzyw o pysznym smaku, kt\u00f3ry dostarcza organizmowi niezb\u0119dnych witamin. B1, B6, B12, D","breadcrumb":{"@id":"https:\/\/www.lraloeverashop.eu\/pl\/produkt\/lr-vita-active-witaminy\/#breadcrumb"},"inLanguage":"pl-PL","potentialAction":[{"@type":"ReadAction","target":["https:\/\/www.lraloeverashop.eu\/pl\/produkt\/lr-vita-active-witaminy\/"]}]},{"@type":"ImageObject","inLanguage":"pl-PL","@id":"https:\/\/www.lraloeverashop.eu\/pl\/produkt\/lr-vita-active-witaminy\/#primaryimage","url":"https:\/\/www.lraloeverashop.eu\/wp-content\/uploads\/2024\/03\/Vita-Active-Red-Fruits-Vitamins.jpeg","contentUrl":"https:\/\/www.lraloeverashop.eu\/wp-content\/uploads\/2024\/03\/Vita-Active-Red-Fruits-Vitamins.jpeg","width":1200,"height":1200,"caption":"Vita Active Witaminy Czerwone Owoce dla dzieci i doros\u0142ych"},{"@type":"BreadcrumbList","@id":"https:\/\/www.lraloeverashop.eu\/pl\/produkt\/lr-vita-active-witaminy\/#breadcrumb","itemListElement":[{"@type":"ListItem","position":1,"name":"Home","item":"https:\/\/www.lraloeverashop.eu\/pl\/"},{"@type":"ListItem","position":2,"name":"Sklep","item":"https:\/\/www.lraloeverashop.eu\/pl\/sklep\/"},{"@type":"ListItem","position":3,"name":"Lr Vita Active Witaminy"}]},{"@type":"WebSite","@id":"https:\/\/www.lraloeverashop.eu\/pl\/#website","url":"https:\/\/www.lraloeverashop.eu\/pl\/","name":"Lr Aloe Vera Shop","description":"High Quality Lr Aloe Vera Gel, Aloe Vera Cream and Shampoo","publisher":{"@id":"https:\/\/www.lraloeverashop.eu\/pl\/#organization"},"alternateName":"LR","potentialAction":[{"@type":"SearchAction","target":{"@type":"EntryPoint","urlTemplate":"https:\/\/www.lraloeverashop.eu\/pl\/?s={search_term_string}"},"query-input":{"@type":"PropertyValueSpecification","valueRequired":true,"valueName":"search_term_string"}}],"inLanguage":"pl-PL"},{"@type":"Organization","@id":"https:\/\/www.lraloeverashop.eu\/pl\/#organization","name":"Sklep Lr Aloe Vera","alternateName":"LR","url":"https:\/\/www.lraloeverashop.eu\/pl\/","logo":{"@type":"ImageObject","inLanguage":"pl-PL","@id":"https:\/\/www.lraloeverashop.eu\/pl\/#\/schema\/logo\/image\/","url":"https:\/\/www.lraloeverashop.eu\/wp-content\/uploads\/2022\/09\/cropped-Lr-Aloe-Vera-Shop.jpg","contentUrl":"https:\/\/www.lraloeverashop.eu\/wp-content\/uploads\/2022\/09\/cropped-Lr-Aloe-Vera-Shop.jpg","width":228,"height":76,"caption":"Sklep Lr Aloe Vera"},"image":{"@id":"https:\/\/www.lraloeverashop.eu\/pl\/#\/schema\/logo\/image\/"},"sameAs":["https:\/\/www.facebook.com\/lraloeverashop.eu","https:\/\/x.com\/natur__kosmetik","https:\/\/www.youtube.com\/channel\/UC5oN7BJ8nfYb8RpVtjwDEBA","https:\/\/www.instagram.com\/lrbeautyeu\/"],"description":"Sklep LR Aloe Vera to Twoje zaufane \u017ar\u00f3d\u0142o wysokiej jako\u015bci produkt\u00f3w LR Health & Beauty wyprodukowanych w Niemczech. Oferujemy wysokiej jako\u015bci produkty do piel\u0119gnacji sk\u00f3ry, od\u017cywiania i przeciwstarzeniowe z aloesem, stworzone z czystych sk\u0142adnik\u00f3w i poparte badaniami naukowymi. Odkryj naturaln\u0105 piel\u0119gnacj\u0119, kt\u00f3ra regeneruje, chroni i rewitalizuje Twoj\u0105 sk\u00f3r\u0119 \u2014 i korzystaj z ekskluzywnych comiesi\u0119cznych ofert na nasze bestsellerowe produkty LR Aloe Vera.\nRozpocznij swoj\u0105 naturaln\u0105 piel\u0119gnacj\u0119 sk\u00f3ry ju\u017c dzi\u015b i poczuj r\u00f3\u017cnic\u0119.","email":"info@lraloeverashop.eu","telephone":"+49 17670609653","legalName":"Lr Aloe Vera Shop","foundingDate":"2018-04-21","numberOfEmployees":{"@type":"QuantitativeValue","minValue":"1","maxValue":"10"}}]},"product_price_amount":"25.29","product_price_currency":"EUR","og_availability":"instock","product_availability":"instock","product_retailer_item_id":"80301-401PL","product_condition":"new"},"taxonomy_info":{"product_cat":[{"value":1081,"label":"Podstawa"},{"value":1084,"label":"Witaminy i minera\u0142y"}],"product_tag":[{"value":1139,"label":"minera\u0142y i witaminy"}]},"featured_image_src_large":["https:\/\/www.lraloeverashop.eu\/wp-content\/uploads\/2024\/03\/Vita-Active-Red-Fruits-Vitamins-1024x1024.jpeg",1024,1024,true],"author_info":[],"comment_info":0,"_links":{"self":[{"href":"https:\/\/www.lraloeverashop.eu\/pl\/wp-json\/wp\/v2\/product\/28464","targetHints":{"allow":["GET"]}}],"collection":[{"href":"https:\/\/www.lraloeverashop.eu\/pl\/wp-json\/wp\/v2\/product"}],"about":[{"href":"https:\/\/www.lraloeverashop.eu\/pl\/wp-json\/wp\/v2\/types\/product"}],"replies":[{"embeddable":true,"href":"https:\/\/www.lraloeverashop.eu\/pl\/wp-json\/wp\/v2\/comments?post=28464"}],"wp:featuredmedia":[{"embeddable":true,"href":"https:\/\/www.lraloeverashop.eu\/pl\/wp-json\/wp\/v2\/media\/26953"}],"wp:attachment":[{"href":"https:\/\/www.lraloeverashop.eu\/pl\/wp-json\/wp\/v2\/media?parent=28464"}],"wp:term":[{"taxonomy":"product_brand","embeddable":true,"href":"https:\/\/www.lraloeverashop.eu\/pl\/wp-json\/wp\/v2\/product_brand?post=28464"},{"taxonomy":"product_cat","embeddable":true,"href":"https:\/\/www.lraloeverashop.eu\/pl\/wp-json\/wp\/v2\/product_cat?post=28464"},{"taxonomy":"product_tag","embeddable":true,"href":"https:\/\/www.lraloeverashop.eu\/pl\/wp-json\/wp\/v2\/product_tag?post=28464"}],"curies":[{"name":"wp","href":"https:\/\/api.w.org\/{rel}","templated":true}]}}