{"id":28389,"date":"2022-10-09T22:46:18","date_gmt":"2022-10-09T20:46:18","guid":{"rendered":"https:\/\/www.lraloeverashop.eu\/product\/odzywka-do-wlosow\/"},"modified":"2025-05-22T17:52:24","modified_gmt":"2025-05-22T15:52:24","slug":"odzywka-do-wlosow","status":"publish","type":"product","link":"https:\/\/www.lraloeverashop.eu\/pl\/produkt\/odzywka-do-wlosow\/","title":{"rendered":"Od\u017cywka do W\u0142os\u00f3w Lr Aloe Vera"},"content":{"rendered":"<h2><span style=\"font-size: 16pt;\"><strong>Od\u017cywka do W\u0142os\u00f3w Lr Aloe Vera<\/strong><\/span><\/h2>\n<p><span style=\"font-size: 14pt;\"><strong>Najlepsza Od\u017cywka do W\u0142os\u00f3w Lr Aloe Vera \u2013 Zadbaj o G\u0142adkie, L\u015bni\u0105ce W\u0142osy<\/strong><\/span><\/p>\n<p>Chcesz, \u017ceby Twoje w\u0142osy by\u0142y mi\u0119kkie i pe\u0142ne blasku ka\u017cdego dnia? Od\u017cywka do w\u0142os\u00f3w Lr Aloe Vera to wszechstronna i nawil\u017caj\u0105ca od\u017cywka do w\u0142os\u00f3w, kt\u00f3ra przywraca im zdrowie, dzi\u0119ki sile natury.<\/p>\n<p>Znana jako jedna z najlepszych od\u017cywek do w\u0142os\u00f3w, idealnie sprawdza si\u0119 przy w\u0142osach suchych i os\u0142abionych. Formu\u0142a oparta na kompleksie a\u017c 7 naturalnych olejk\u00f3w intensywnie od\u017cywia, nie powoduj\u0105c efektu obci\u0105\u017cenia. Do tego 15% \u017celu aloesowego pomaga odbudowa\u0107 struktur\u0119 w\u0142os\u00f3w, nawil\u017ca i wyg\u0142adza ka\u017cde pasmo.<\/p>\n<h2><span style=\"font-size: 16pt;\"><strong>Dlaczego to dobra od\u017cywka do w\u0142os\u00f3w?<\/strong><\/span><\/h2>\n<ul>\n<li><strong>Nawil\u017caj\u0105ca od\u017cywka do w\u0142os\u00f3w<\/strong> \u2013 szybko i skutecznie przywraca w\u0142osom mi\u0119kko\u015b\u0107, elastyczno\u015b\u0107 oraz naturalny blask.<\/li>\n<li><strong>Odbudowa bez obci\u0105\u017cenia<\/strong> \u2013 lekka konsystencja nie powoduje ci\u0119\u017cko\u015bci nawet przy cienkich lub delikatnych pasmach.<\/li>\n<li><strong>Wzmocnienie i ochrona<\/strong> \u2013 naturalne olejki ro\u015blinne oraz witaminy zapobiegaj\u0105 \u0142amliwo\u015bci i rozdwajaniu ko\u0144c\u00f3wek, a tak\u017ce ograniczaj\u0105 wypadanie.<\/li>\n<li><strong>Wyj\u0105tkowa ulga dla sk\u00f3ry g\u0142owy<\/strong> \u2013 aloes \u0142agodzi podra\u017cnienia i nawil\u017ca skalp, co doceni\u0105 osoby z wra\u017cliw\u0105 lub przesuszon\u0105 sk\u00f3r\u0105.<\/li>\n<li><strong>Prawdziwa regeneracja po zabiegach i farbowaniu<\/strong> \u2013 sk\u0142adniki aktywne dzia\u0142aj\u0105 g\u0142\u0119boko zar\u00f3wno na w\u0142osy naturalne, jak i te po koloryzacji czy stylizacji wysok\u0105 temperatur\u0105.<\/li>\n<\/ul>\n<p>Ten kosmetyk polecany jest szczeg\u00f3lnie jako najlepsza od\u017cywka do w\u0142os\u00f3w wypadaj\u0105cych \u2013 wzmacnia pasma i ogranicza ich wypadanie.<\/p>\n<h3><span style=\"font-size: 16pt;\"><strong>Prosty spos\u00f3b u\u017cycia<\/strong><\/span><\/h3>\n<p>Nak\u0142adaj porcj\u0119 wielko\u015bci orzecha w\u0142oskiego na umyte, wilgotne w\u0142osy \u2013 skup si\u0119 na ko\u0144c\u00f3wkach. Pozostaw na 2-3 minuty, by aktywne sk\u0142adniki mog\u0142y dobrze zadzia\u0142a\u0107, po czym sp\u0142ucz letni\u0105 wod\u0105. Stosuj od\u017cywk\u0119 co drugi, trzeci dzie\u0144 po myciu, najlepiej w duecie z naturalnym szamponem z tej samej serii dla pe\u0142nego efektu g\u0142adkich i zdrowych w\u0142os\u00f3w. jeden, dwa razy w tygodniu si\u0119gnij po mask\u0119, by pog\u0142\u0119bi\u0107 od\u017cywienie.<\/p>\n<h3><span style=\"font-size: 16pt;\"><strong>Kto szczeg\u00f3lnie doceni t\u0119 od\u017cywk\u0119?<\/strong><\/span><\/h3>\n<ul>\n<li>Osoby z suchymi, \u0142amliwymi lub wypadaj\u0105cymi w\u0142osami (to naprawd\u0119 najlepsza od\u017cywka do w\u0142os\u00f3w wypadaj\u0105cych).<\/li>\n<li>Posiadacze w\u0142os\u00f3w farbowanych lub nara\u017conych na cz\u0119ste zabiegi stylizacyjne.<\/li>\n<li>Ka\u017cdy, komu zale\u017cy na zdrowej sk\u00f3rze g\u0142owy i naturalnym sk\u0142adzie.<\/li>\n<li>Alergicy \u2013 produkt nie zawiera paraben\u00f3w, silikon\u00f3w, olej\u00f3w mineralnych i jest testowany dermatologicznie.<\/li>\n<\/ul>\n<h3><span style=\"font-size: 16pt;\"><strong>Efekty widoczne ju\u017c po pierwszym u\u017cyciu<\/strong><\/span><\/h3>\n<p>Naturalny \u017cel z aloesu oraz bogaty kompleks olejk\u00f3w wnikaj\u0105 g\u0142\u0119boko w struktur\u0119 w\u0142osa. Od razu po u\u017cyciu w\u0142osy \u0142atwiej si\u0119 rozczesuj\u0105, s\u0105 mi\u0119kkie i l\u015bni\u0105 zdrowym blaskiem. Bez uczucia obci\u0105\u017cenia i efektu \u201eprzyklapni\u0119cia\u201d.<\/p>\n<h3><span style=\"font-size: 16pt;\"><strong>Bezpiecze\u0144stwo i \u015bwiadomo\u015b\u0107<\/strong><\/span><\/h3>\n<p>Si\u0119gaj\u0105c po Lr Aloe Vera, wybierasz dobr\u0105 od\u017cywk\u0119 do w\u0142os\u00f3w, kt\u00f3ra powsta\u0142a z my\u015bl\u0105 o \u015brodowisku i Twoim zdrowiu. Produkt nie zawiera szkodliwych substancji, a jego sk\u0142ad to uk\u0142on w stron\u0119 ekologii i zr\u00f3wnowa\u017conej piel\u0119gnacji.<\/p>\n<p><strong>Najlepsza od\u017cywka do w\u0142os\u00f3w i sk\u00f3ry g\u0142owy \u2013 bez kompromis\u00f3w. Postaw na nawil\u017cenie, odbudow\u0119 i lekko\u015b\u0107 ka\u017cdego dnia.<\/strong><\/p>\n<p>Przywr\u00f3\u0107 swoim w\u0142osom naturaln\u0105 si\u0142\u0119. Od\u017cywka do W\u0142os\u00f3w Lr Aloe Vera to Tw\u00f3j codzienny sprzymierzeniec w piel\u0119gnacji, kt\u00f3ra dzia\u0142a widocznie i skutecznie ju\u017c od pierwszego u\u017cycia.<\/p>\n","protected":false},"excerpt":{"rendered":"<ul>\n<li>Twoje w\u0142osy stan\u0105 si\u0119 l\u015bni\u0105ce, mi\u0119kkie i nieodparte<\/li>\n<li>Zadbaj o swoje w\u0142osy 7 naturalnymi olejkami, kt\u00f3re od\u017cywi\u0105 ka\u017cde pasmo<\/li>\n<li>Aloes wyg\u0142adza i wzmacnia powierzchni\u0119 w\u0142os\u00f3w<br \/>\nDoskona\u0142e do codziennego u\u017cytku<\/li>\n<li>Stosowa\u0107 po umyciu szamponem<\/li>\n<li>Pozostawi\u0107 na w\u0142osach maksymalnie 3 minuty, a nast\u0119pnie sp\u0142uka\u0107.<\/li>\n<li>Zawarto\u015b\u0107: 200 ml<\/li>\n<\/ul>\n","protected":false},"featured_media":27443,"comment_status":"open","ping_status":"closed","template":"","meta":{"_kad_blocks_custom_css":"","_kad_blocks_head_custom_js":"","_kad_blocks_body_custom_js":"","_kad_blocks_footer_custom_js":"","_kadence_starter_templates_imported_post":false,"_kad_post_transparent":"default","_kad_post_title":"","_kad_post_layout":"default","_kad_post_sidebar_id":"","_kad_post_content_style":"default","_kad_post_vertical_padding":"default","_kad_post_feature":"","_kad_post_feature_position":"","_kad_post_header":false,"_kad_post_footer":false,"_kad_post_classname":""},"product_brand":[],"product_cat":[1059,1064],"product_tag":[1128,1124],"class_list":{"0":"post-28389","1":"product","2":"type-product","3":"status-publish","4":"has-post-thumbnail","6":"product_cat-aloe-vera-pl","7":"product_cat-pielegnacja-wlosow","8":"product_tag-suche-wlosy","9":"product_tag-zniszczone-wlosy","11":"first","12":"instock","13":"taxable","14":"shipping-taxable","15":"purchasable","16":"product-type-simple","17":"entry","18":"content-bg","19":"loop-entry"},"yoast_head":"<!-- This site is optimized with the Yoast SEO Premium plugin v27.5 (Yoast SEO v27.5) - https:\/\/yoast.com\/product\/yoast-seo-premium-wordpress\/ -->\n<title>Od\u017cywka do W\u0142os\u00f3w Lr Aloe Vera - Wzmacniaj\u0105ca i Naturalna<\/title>\n<meta name=\"description\" content=\"Nawil\u017caj\u0105ca Od\u017cywka do W\u0142os\u00f3w Lr Aloe Vera z 7 olejkami i 15% \u017celu aloesowego. Najlepsza Od\u017cywka do W\u0142os\u00f3w wypadaj\u0105cych, suchych i os\u0142abionych.\" \/>\n<meta name=\"robots\" content=\"index, follow, max-snippet:-1, max-image-preview:large, max-video-preview:-1\" \/>\n<link rel=\"canonical\" href=\"https:\/\/www.lraloeverashop.eu\/pl\/produkt\/odzywka-do-wlosow\/\" \/>\n<meta property=\"og:locale\" content=\"pl_PL\" \/>\n<meta property=\"og:type\" content=\"article\" \/>\n<meta property=\"og:title\" content=\"Od\u017cywka do W\u0142os\u00f3w Lr Aloe Vera\" \/>\n<meta property=\"og:description\" content=\"Nawil\u017caj\u0105ca Od\u017cywka do W\u0142os\u00f3w Lr Aloe Vera z 7 olejkami i 15% \u017celu aloesowego. Najlepsza Od\u017cywka do W\u0142os\u00f3w wypadaj\u0105cych, suchych i os\u0142abionych.\" \/>\n<meta property=\"og:url\" content=\"https:\/\/www.lraloeverashop.eu\/pl\/produkt\/odzywka-do-wlosow\/\" \/>\n<meta property=\"og:site_name\" content=\"Lr Aloe Vera Shop\" \/>\n<meta property=\"article:publisher\" content=\"https:\/\/www.facebook.com\/lraloeverashop.eu\" \/>\n<meta property=\"article:modified_time\" content=\"2025-05-22T15:52:24+00:00\" \/>\n<meta property=\"og:image\" content=\"https:\/\/www.lraloeverashop.eu\/wp-content\/uploads\/2022\/10\/Aloe-Vera-Hair-Conditioner.jpg\" \/>\n\t<meta property=\"og:image:width\" content=\"1200\" \/>\n\t<meta property=\"og:image:height\" content=\"1200\" \/>\n\t<meta property=\"og:image:type\" content=\"image\/jpeg\" \/>\n<meta name=\"twitter:card\" content=\"summary_large_image\" \/>\n<meta name=\"twitter:site\" content=\"@natur__kosmetik\" \/>\n<script type=\"application\/ld+json\" class=\"yoast-schema-graph\">{\"@context\":\"https:\\\/\\\/schema.org\",\"@graph\":[{\"@type\":[\"WebPage\",\"ItemPage\"],\"@id\":\"https:\\\/\\\/www.lraloeverashop.eu\\\/pl\\\/produkt\\\/odzywka-do-wlosow\\\/\",\"url\":\"https:\\\/\\\/www.lraloeverashop.eu\\\/pl\\\/produkt\\\/odzywka-do-wlosow\\\/\",\"name\":\"Od\u017cywka do W\u0142os\u00f3w Lr Aloe Vera - Wzmacniaj\u0105ca i Naturalna\",\"isPartOf\":{\"@id\":\"https:\\\/\\\/www.lraloeverashop.eu\\\/pl\\\/#website\"},\"primaryImageOfPage\":{\"@id\":\"https:\\\/\\\/www.lraloeverashop.eu\\\/pl\\\/produkt\\\/odzywka-do-wlosow\\\/#primaryimage\"},\"image\":{\"@id\":\"https:\\\/\\\/www.lraloeverashop.eu\\\/pl\\\/produkt\\\/odzywka-do-wlosow\\\/#primaryimage\"},\"thumbnailUrl\":\"https:\\\/\\\/www.lraloeverashop.eu\\\/wp-content\\\/uploads\\\/2022\\\/10\\\/Aloe-Vera-Hair-Conditioner.jpg\",\"datePublished\":\"2022-10-09T20:46:18+00:00\",\"dateModified\":\"2025-05-22T15:52:24+00:00\",\"description\":\"Nawil\u017caj\u0105ca Od\u017cywka do W\u0142os\u00f3w Lr Aloe Vera z 7 olejkami i 15% \u017celu aloesowego. Najlepsza Od\u017cywka do W\u0142os\u00f3w wypadaj\u0105cych, suchych i os\u0142abionych.\",\"breadcrumb\":{\"@id\":\"https:\\\/\\\/www.lraloeverashop.eu\\\/pl\\\/produkt\\\/odzywka-do-wlosow\\\/#breadcrumb\"},\"inLanguage\":\"pl-PL\",\"potentialAction\":[{\"@type\":\"ReadAction\",\"target\":[\"https:\\\/\\\/www.lraloeverashop.eu\\\/pl\\\/produkt\\\/odzywka-do-wlosow\\\/\"]}]},{\"@type\":\"ImageObject\",\"inLanguage\":\"pl-PL\",\"@id\":\"https:\\\/\\\/www.lraloeverashop.eu\\\/pl\\\/produkt\\\/odzywka-do-wlosow\\\/#primaryimage\",\"url\":\"https:\\\/\\\/www.lraloeverashop.eu\\\/wp-content\\\/uploads\\\/2022\\\/10\\\/Aloe-Vera-Hair-Conditioner.jpg\",\"contentUrl\":\"https:\\\/\\\/www.lraloeverashop.eu\\\/wp-content\\\/uploads\\\/2022\\\/10\\\/Aloe-Vera-Hair-Conditioner.jpg\",\"width\":1200,\"height\":1200,\"caption\":\"Lr Aloe Vera Nutri Repair Od\u017cywka do piel\u0119gnacji w\u0142os\u00f3w wyg\u0142adza w\u0142osy\"},{\"@type\":\"BreadcrumbList\",\"@id\":\"https:\\\/\\\/www.lraloeverashop.eu\\\/pl\\\/produkt\\\/odzywka-do-wlosow\\\/#breadcrumb\",\"itemListElement\":[{\"@type\":\"ListItem\",\"position\":1,\"name\":\"Home\",\"item\":\"https:\\\/\\\/www.lraloeverashop.eu\\\/pl\\\/\"},{\"@type\":\"ListItem\",\"position\":2,\"name\":\"Sklep\",\"item\":\"https:\\\/\\\/www.lraloeverashop.eu\\\/pl\\\/sklep\\\/\"},{\"@type\":\"ListItem\",\"position\":3,\"name\":\"Od\u017cywka do W\u0142os\u00f3w Lr Aloe Vera\"}]},{\"@type\":\"WebSite\",\"@id\":\"https:\\\/\\\/www.lraloeverashop.eu\\\/pl\\\/#website\",\"url\":\"https:\\\/\\\/www.lraloeverashop.eu\\\/pl\\\/\",\"name\":\"Lr Aloe Vera Shop\",\"description\":\"High Quality Lr Aloe Vera Gel, Aloe Vera Cream and Shampoo\",\"publisher\":{\"@id\":\"https:\\\/\\\/www.lraloeverashop.eu\\\/pl\\\/#organization\"},\"alternateName\":\"LR\",\"potentialAction\":[{\"@type\":\"SearchAction\",\"target\":{\"@type\":\"EntryPoint\",\"urlTemplate\":\"https:\\\/\\\/www.lraloeverashop.eu\\\/pl\\\/?s={search_term_string}\"},\"query-input\":{\"@type\":\"PropertyValueSpecification\",\"valueRequired\":true,\"valueName\":\"search_term_string\"}}],\"inLanguage\":\"pl-PL\"},{\"@type\":\"Organization\",\"@id\":\"https:\\\/\\\/www.lraloeverashop.eu\\\/pl\\\/#organization\",\"name\":\"Sklep Lr Aloe Vera\",\"alternateName\":\"LR\",\"url\":\"https:\\\/\\\/www.lraloeverashop.eu\\\/pl\\\/\",\"logo\":{\"@type\":\"ImageObject\",\"inLanguage\":\"pl-PL\",\"@id\":\"https:\\\/\\\/www.lraloeverashop.eu\\\/pl\\\/#\\\/schema\\\/logo\\\/image\\\/\",\"url\":\"https:\\\/\\\/www.lraloeverashop.eu\\\/wp-content\\\/uploads\\\/2022\\\/09\\\/cropped-Lr-Aloe-Vera-Shop.jpg\",\"contentUrl\":\"https:\\\/\\\/www.lraloeverashop.eu\\\/wp-content\\\/uploads\\\/2022\\\/09\\\/cropped-Lr-Aloe-Vera-Shop.jpg\",\"width\":228,\"height\":76,\"caption\":\"Sklep Lr Aloe Vera\"},\"image\":{\"@id\":\"https:\\\/\\\/www.lraloeverashop.eu\\\/pl\\\/#\\\/schema\\\/logo\\\/image\\\/\"},\"sameAs\":[\"https:\\\/\\\/www.facebook.com\\\/lraloeverashop.eu\",\"https:\\\/\\\/x.com\\\/natur__kosmetik\",\"https:\\\/\\\/www.youtube.com\\\/channel\\\/UC5oN7BJ8nfYb8RpVtjwDEBA\",\"https:\\\/\\\/www.instagram.com\\\/lrbeautyeu\\\/\"],\"description\":\"Sklep LR Aloe Vera to Twoje zaufane \u017ar\u00f3d\u0142o wysokiej jako\u015bci produkt\u00f3w LR Health & Beauty wyprodukowanych w Niemczech. Oferujemy wysokiej jako\u015bci produkty do piel\u0119gnacji sk\u00f3ry, od\u017cywiania i przeciwstarzeniowe z aloesem, stworzone z czystych sk\u0142adnik\u00f3w i poparte badaniami naukowymi. Odkryj naturaln\u0105 piel\u0119gnacj\u0119, kt\u00f3ra regeneruje, chroni i rewitalizuje Twoj\u0105 sk\u00f3r\u0119 \u2014 i korzystaj z ekskluzywnych comiesi\u0119cznych ofert na nasze bestsellerowe produkty LR Aloe Vera.\\nRozpocznij swoj\u0105 naturaln\u0105 piel\u0119gnacj\u0119 sk\u00f3ry ju\u017c dzi\u015b i poczuj r\u00f3\u017cnic\u0119.\",\"email\":\"info@lraloeverashop.eu\",\"telephone\":\"+49 17670609653\",\"legalName\":\"Lr Aloe Vera Shop\",\"foundingDate\":\"2018-04-21\",\"numberOfEmployees\":{\"@type\":\"QuantitativeValue\",\"minValue\":\"1\",\"maxValue\":\"10\"}}]}<\/script>\n<meta property=\"product:price:amount\" content=\"15.39\" \/>\n<meta property=\"product:price:currency\" content=\"EUR\" \/>\n<meta property=\"og:availability\" content=\"instock\" \/>\n<meta property=\"product:availability\" content=\"instock\" \/>\n<meta property=\"product:retailer_item_id\" content=\"20649-1PL\" \/>\n<meta property=\"product:condition\" content=\"new\" \/>\n<!-- \/ Yoast SEO Premium plugin. -->","yoast_head_json":{"title":"Od\u017cywka do W\u0142os\u00f3w Lr Aloe Vera - Wzmacniaj\u0105ca i Naturalna","description":"Nawil\u017caj\u0105ca Od\u017cywka do W\u0142os\u00f3w Lr Aloe Vera z 7 olejkami i 15% \u017celu aloesowego. Najlepsza Od\u017cywka do W\u0142os\u00f3w wypadaj\u0105cych, suchych i os\u0142abionych.","robots":{"index":"index","follow":"follow","max-snippet":"max-snippet:-1","max-image-preview":"max-image-preview:large","max-video-preview":"max-video-preview:-1"},"canonical":"https:\/\/www.lraloeverashop.eu\/pl\/produkt\/odzywka-do-wlosow\/","og_locale":"pl_PL","og_type":"article","og_title":"Od\u017cywka do W\u0142os\u00f3w Lr Aloe Vera","og_description":"Nawil\u017caj\u0105ca Od\u017cywka do W\u0142os\u00f3w Lr Aloe Vera z 7 olejkami i 15% \u017celu aloesowego. Najlepsza Od\u017cywka do W\u0142os\u00f3w wypadaj\u0105cych, suchych i os\u0142abionych.","og_url":"https:\/\/www.lraloeverashop.eu\/pl\/produkt\/odzywka-do-wlosow\/","og_site_name":"Lr Aloe Vera Shop","article_publisher":"https:\/\/www.facebook.com\/lraloeverashop.eu","article_modified_time":"2025-05-22T15:52:24+00:00","og_image":[{"width":1200,"height":1200,"url":"https:\/\/www.lraloeverashop.eu\/wp-content\/uploads\/2022\/10\/Aloe-Vera-Hair-Conditioner.jpg","type":"image\/jpeg"}],"twitter_card":"summary_large_image","twitter_site":"@natur__kosmetik","schema":{"@context":"https:\/\/schema.org","@graph":[{"@type":["WebPage","ItemPage"],"@id":"https:\/\/www.lraloeverashop.eu\/pl\/produkt\/odzywka-do-wlosow\/","url":"https:\/\/www.lraloeverashop.eu\/pl\/produkt\/odzywka-do-wlosow\/","name":"Od\u017cywka do W\u0142os\u00f3w Lr Aloe Vera - Wzmacniaj\u0105ca i Naturalna","isPartOf":{"@id":"https:\/\/www.lraloeverashop.eu\/pl\/#website"},"primaryImageOfPage":{"@id":"https:\/\/www.lraloeverashop.eu\/pl\/produkt\/odzywka-do-wlosow\/#primaryimage"},"image":{"@id":"https:\/\/www.lraloeverashop.eu\/pl\/produkt\/odzywka-do-wlosow\/#primaryimage"},"thumbnailUrl":"https:\/\/www.lraloeverashop.eu\/wp-content\/uploads\/2022\/10\/Aloe-Vera-Hair-Conditioner.jpg","datePublished":"2022-10-09T20:46:18+00:00","dateModified":"2025-05-22T15:52:24+00:00","description":"Nawil\u017caj\u0105ca Od\u017cywka do W\u0142os\u00f3w Lr Aloe Vera z 7 olejkami i 15% \u017celu aloesowego. Najlepsza Od\u017cywka do W\u0142os\u00f3w wypadaj\u0105cych, suchych i os\u0142abionych.","breadcrumb":{"@id":"https:\/\/www.lraloeverashop.eu\/pl\/produkt\/odzywka-do-wlosow\/#breadcrumb"},"inLanguage":"pl-PL","potentialAction":[{"@type":"ReadAction","target":["https:\/\/www.lraloeverashop.eu\/pl\/produkt\/odzywka-do-wlosow\/"]}]},{"@type":"ImageObject","inLanguage":"pl-PL","@id":"https:\/\/www.lraloeverashop.eu\/pl\/produkt\/odzywka-do-wlosow\/#primaryimage","url":"https:\/\/www.lraloeverashop.eu\/wp-content\/uploads\/2022\/10\/Aloe-Vera-Hair-Conditioner.jpg","contentUrl":"https:\/\/www.lraloeverashop.eu\/wp-content\/uploads\/2022\/10\/Aloe-Vera-Hair-Conditioner.jpg","width":1200,"height":1200,"caption":"Lr Aloe Vera Nutri Repair Od\u017cywka do piel\u0119gnacji w\u0142os\u00f3w wyg\u0142adza w\u0142osy"},{"@type":"BreadcrumbList","@id":"https:\/\/www.lraloeverashop.eu\/pl\/produkt\/odzywka-do-wlosow\/#breadcrumb","itemListElement":[{"@type":"ListItem","position":1,"name":"Home","item":"https:\/\/www.lraloeverashop.eu\/pl\/"},{"@type":"ListItem","position":2,"name":"Sklep","item":"https:\/\/www.lraloeverashop.eu\/pl\/sklep\/"},{"@type":"ListItem","position":3,"name":"Od\u017cywka do W\u0142os\u00f3w Lr Aloe Vera"}]},{"@type":"WebSite","@id":"https:\/\/www.lraloeverashop.eu\/pl\/#website","url":"https:\/\/www.lraloeverashop.eu\/pl\/","name":"Lr Aloe Vera Shop","description":"High Quality Lr Aloe Vera Gel, Aloe Vera Cream and Shampoo","publisher":{"@id":"https:\/\/www.lraloeverashop.eu\/pl\/#organization"},"alternateName":"LR","potentialAction":[{"@type":"SearchAction","target":{"@type":"EntryPoint","urlTemplate":"https:\/\/www.lraloeverashop.eu\/pl\/?s={search_term_string}"},"query-input":{"@type":"PropertyValueSpecification","valueRequired":true,"valueName":"search_term_string"}}],"inLanguage":"pl-PL"},{"@type":"Organization","@id":"https:\/\/www.lraloeverashop.eu\/pl\/#organization","name":"Sklep Lr Aloe Vera","alternateName":"LR","url":"https:\/\/www.lraloeverashop.eu\/pl\/","logo":{"@type":"ImageObject","inLanguage":"pl-PL","@id":"https:\/\/www.lraloeverashop.eu\/pl\/#\/schema\/logo\/image\/","url":"https:\/\/www.lraloeverashop.eu\/wp-content\/uploads\/2022\/09\/cropped-Lr-Aloe-Vera-Shop.jpg","contentUrl":"https:\/\/www.lraloeverashop.eu\/wp-content\/uploads\/2022\/09\/cropped-Lr-Aloe-Vera-Shop.jpg","width":228,"height":76,"caption":"Sklep Lr Aloe Vera"},"image":{"@id":"https:\/\/www.lraloeverashop.eu\/pl\/#\/schema\/logo\/image\/"},"sameAs":["https:\/\/www.facebook.com\/lraloeverashop.eu","https:\/\/x.com\/natur__kosmetik","https:\/\/www.youtube.com\/channel\/UC5oN7BJ8nfYb8RpVtjwDEBA","https:\/\/www.instagram.com\/lrbeautyeu\/"],"description":"Sklep LR Aloe Vera to Twoje zaufane \u017ar\u00f3d\u0142o wysokiej jako\u015bci produkt\u00f3w LR Health & Beauty wyprodukowanych w Niemczech. Oferujemy wysokiej jako\u015bci produkty do piel\u0119gnacji sk\u00f3ry, od\u017cywiania i przeciwstarzeniowe z aloesem, stworzone z czystych sk\u0142adnik\u00f3w i poparte badaniami naukowymi. Odkryj naturaln\u0105 piel\u0119gnacj\u0119, kt\u00f3ra regeneruje, chroni i rewitalizuje Twoj\u0105 sk\u00f3r\u0119 \u2014 i korzystaj z ekskluzywnych comiesi\u0119cznych ofert na nasze bestsellerowe produkty LR Aloe Vera.\nRozpocznij swoj\u0105 naturaln\u0105 piel\u0119gnacj\u0119 sk\u00f3ry ju\u017c dzi\u015b i poczuj r\u00f3\u017cnic\u0119.","email":"info@lraloeverashop.eu","telephone":"+49 17670609653","legalName":"Lr Aloe Vera Shop","foundingDate":"2018-04-21","numberOfEmployees":{"@type":"QuantitativeValue","minValue":"1","maxValue":"10"}}]},"product_price_amount":"15.39","product_price_currency":"EUR","og_availability":"instock","product_availability":"instock","product_retailer_item_id":"20649-1PL","product_condition":"new"},"taxonomy_info":{"product_cat":[{"value":1059,"label":"Aloe Vera"},{"value":1064,"label":"Piel\u0119gnacja w\u0142os\u00f3w"}],"product_tag":[{"value":1128,"label":"suche w\u0142osy"},{"value":1124,"label":"zniszczone w\u0142osy"}]},"featured_image_src_large":["https:\/\/www.lraloeverashop.eu\/wp-content\/uploads\/2022\/10\/Aloe-Vera-Hair-Conditioner-1024x1024.jpg",1024,1024,true],"author_info":[],"comment_info":0,"_links":{"self":[{"href":"https:\/\/www.lraloeverashop.eu\/pl\/wp-json\/wp\/v2\/product\/28389","targetHints":{"allow":["GET"]}}],"collection":[{"href":"https:\/\/www.lraloeverashop.eu\/pl\/wp-json\/wp\/v2\/product"}],"about":[{"href":"https:\/\/www.lraloeverashop.eu\/pl\/wp-json\/wp\/v2\/types\/product"}],"replies":[{"embeddable":true,"href":"https:\/\/www.lraloeverashop.eu\/pl\/wp-json\/wp\/v2\/comments?post=28389"}],"wp:featuredmedia":[{"embeddable":true,"href":"https:\/\/www.lraloeverashop.eu\/pl\/wp-json\/wp\/v2\/media\/27443"}],"wp:attachment":[{"href":"https:\/\/www.lraloeverashop.eu\/pl\/wp-json\/wp\/v2\/media?parent=28389"}],"wp:term":[{"taxonomy":"product_brand","embeddable":true,"href":"https:\/\/www.lraloeverashop.eu\/pl\/wp-json\/wp\/v2\/product_brand?post=28389"},{"taxonomy":"product_cat","embeddable":true,"href":"https:\/\/www.lraloeverashop.eu\/pl\/wp-json\/wp\/v2\/product_cat?post=28389"},{"taxonomy":"product_tag","embeddable":true,"href":"https:\/\/www.lraloeverashop.eu\/pl\/wp-json\/wp\/v2\/product_tag?post=28389"}],"curies":[{"name":"wp","href":"https:\/\/api.w.org\/{rel}","templated":true}]}}