{"id":28152,"date":"2025-05-06T22:27:00","date_gmt":"2025-05-06T20:27:00","guid":{"rendered":"https:\/\/www.lraloeverashop.eu\/product\/serum-do-twarzy-skin-balance\/"},"modified":"2026-04-27T20:07:24","modified_gmt":"2026-04-27T18:07:24","slug":"serum-do-twarzy-skin-balance","status":"publish","type":"product","link":"https:\/\/www.lraloeverashop.eu\/pl\/produkt\/serum-do-twarzy-skin-balance\/","title":{"rendered":"Serum do Twarzy Skin Balance"},"content":{"rendered":"<h2><span style=\"font-size: 16pt;\"><strong>Serum do Twarzy Skin Balance <\/strong><\/span><\/h2>\n<p><span style=\"font-size: 14pt;\"><strong>Serum do twarzy Skin Balance zapewniaj\u0105ce g\u0142\u0119bokie i d\u0142ugotrwa\u0142e nawil\u017cenie<\/strong><\/span><\/p>\n<p>Uzyskaj zr\u00f3wnowa\u017con\u0105, zdrow\u0105 sk\u00f3r\u0119 dzi\u0119ki Serum do Twarzy Skin Balance z Aloesem. Przeznaczone do codziennej piel\u0119gnacji, pomaga utrzyma\u0107 odpowiedni poziom nawil\u017cenia. Unikalna formu\u0142a zawiera 15% \u017celu aloesowego, <a href=\"https:\/\/www.lraloeverashop.eu\/pl\/tag-produktu\/fermentowany-zel-aloesowy\/\">fermentowany \u017cel aloesowy<\/a> oraz ekstrakty z czerwonych alg, ekologicznej sk\u00f3rki mandarynki i owocu cherymoja. Wysokiej jako\u015bci sk\u0142adniki, takie jak organiczny ekstrakt z oliwek, wzmacniaj\u0105 dzia\u0142anie produktu.<\/p>\n<h3><strong><span style=\"font-size: 16pt;\">Najwa\u017cniejsze Cechy Produktu<\/span><\/strong><\/h3>\n<ul>\n<li>\u0141agodzi podra\u017cnienia i redukuje zaczerwienienia<\/li>\n<li>Serum Skin Balance intensywnie nawil\u017ca<\/li>\n<li>Bezzapachowe, \u0142agodne i delikatnie ch\u0142odz\u0105ce<\/li>\n<li>Polecane do cery normalnej, t\u0142ustej i mieszanej<\/li>\n<li>Odpowiednie jako serum dla sk\u00f3ry wra\u017cliwej<\/li>\n<\/ul>\n<h3><strong><span style=\"font-size: 16pt;\">Kluczowe Korzy\u015bci<\/span><\/strong><\/h3>\n<p>To nawil\u017caj\u0105ce serum do twarzy dzia\u0142a szybko i pomaga <a href=\"https:\/\/www.lraloeverashop.eu\/pl\/produkt\/aloe-vera-zelowy-koncentrat\/\">\u0142agodzi\u0107 podra\u017cnienia<\/a>. Zmniejsza zaczerwienienia i uczucie napi\u0119cia, nawet w przypadku sk\u00f3ry sk\u0142onnej do tr\u0105dziku r\u00f3\u017cowatego i couperose. Serum Skin Balance wspiera odnow\u0119 kom\u00f3rkow\u0105 i stymuluje produkcj\u0119 kolagenu, wzmacniaj\u0105c barier\u0119 ochronn\u0105 sk\u00f3ry i zapewniaj\u0105c d\u0142ugotrwa\u0142e efekty.<\/p>\n<p>Po\u0142\u0105czenie \u017celu aloesowego z fermentowanym aloesem, czerwonymi algami, ekologiczn\u0105 sk\u00f3rk\u0105 mandarynki i owocem cherymoja zapewnia g\u0142\u0119bokie nawil\u017cenie. Serum do Twarzy Skin Balance dostarcza niezb\u0119dnych antyoksydant\u00f3w i sk\u0142adnik\u00f3w od\u017cywczych, pozostaj\u0105c jednocze\u015bnie bezzapachowe i delikatne. Efekt ch\u0142odzenia daje uczucie \u015bwie\u017co\u015bci przy ka\u017cdym u\u017cyciu.<\/p>\n<p>Ekstrakt ze sk\u00f3rki mandarynki, pozyskiwany w procesie upcyklingu z dojrzewaj\u0105cych na s\u0142o\u0144cu ekologicznych mandarynek z Grecji, dostarcza dodatkowej mocy antyoksydacyjnej. Pomaga \u0142agodzi\u0107, uj\u0119drnia\u0107 i poprawia\u0107 elastyczno\u015b\u0107 sk\u00f3ry.<\/p>\n<p><a href=\"https:\/\/www.lraloeverashop.eu\/wp-content\/uploads\/2025\/05\/Emergency-Gel.jpg\"><img loading=\"lazy\" decoding=\"async\" class=\"size-full wp-image-27966 aligncenter\" src=\"https:\/\/www.lraloeverashop.eu\/wp-content\/uploads\/2025\/05\/Lr-Skin-Balance-Face-Serum.jpg\" alt=\"Serum do Twarzy Skin Balance redukuje zaczerwienienia\" width=\"1280\" height=\"720\" \/><\/a><\/p>\n<h3><strong><span style=\"font-size: 16pt;\">Rezultaty (wed\u0142ug bada\u0144 u\u017cytkownik\u00f3w)<\/span><\/strong><\/h3>\n<ul>\n<li>Redukuje zaczerwienienie sk\u00f3ry o 18% po 28 dniach<\/li>\n<li>75% potwierdza, \u017ce ich sk\u00f3ra jest bardziej nawil\u017cona<\/li>\n<li>70% zauwa\u017ca \u015bwie\u017csz\u0105, g\u0142adsz\u0105 i bardziej odpr\u0119\u017con\u0105 sk\u00f3r\u0119<\/li>\n<li>60% twierdzi, \u017ce ich problemy sk\u00f3rne si\u0119 zmniejszy\u0142y<\/li>\n<\/ul>\n<h4><strong><span style=\"font-size: 16pt;\">Jak Stosowa\u0107 Serum do Twarzy<\/span><\/strong><\/h4>\n<p>Na\u0142\u00f3\u017c 1\u20132 pompki na oczyszczon\u0105 sk\u00f3r\u0119 rano i wieczorem. Nast\u0119pnie zastosuj sw\u00f3j ulubiony krem na dzie\u0144 lub na noc. Serum stanowi doskona\u0142\u0105 baz\u0119 do codziennej piel\u0119gnacji i dobrze wsp\u00f3\u0142gra z ka\u017cdym kremem do twarzy.<\/p>\n<h3><span style=\"color: #000000;\"><strong><span style=\"font-size: 16pt;\">Dlaczego warto wybra\u0107 Serum do Twarzy Skin Balance<\/span><\/strong><\/span><\/h3>\n<p>Nawil\u017caj\u0105ce Serum Lr Aloe Vera dzia\u0142a na r\u00f3\u017cne typy sk\u00f3ry, w tym normaln\u0105, t\u0142ust\u0105 i mieszan\u0105. Jest wystarczaj\u0105co delikatne dla os\u00f3b ze sk\u00f3r\u0105 wra\u017cliw\u0105. U\u017cywaj go codziennie, aby zatrzyma\u0107 wilgo\u0107 i ukoi\u0107 sk\u00f3r\u0119.<\/p>\n<p>Je\u015bli szukasz najlepsze serum do twarzy pod wzgl\u0119dem nawil\u017cenia, \u0142agodzenia i ochrony, ta formu\u0142a zapewnia sprawdzone korzy\u015bci. Jej moc nawil\u017caj\u0105ca idealnie wsp\u00f3\u0142gra z ka\u017cdym <a href=\"https:\/\/www.lraloeverashop.eu\/pl\/produkt\/krem-do-twarzy-na-dzien-z-aloesem\/\">kremem do twarzy<\/a>.<\/p>\n<p>Piel\u0119gnacja twarzy zaczyna si\u0119 od r\u00f3wnowagi. Wypr\u00f3buj serum na twarz Aloe Vera Skin Balance, aby cieszy\u0107 si\u0119 g\u0142adsz\u0105, spokojniejsz\u0105 i dobrze nawil\u017con\u0105 sk\u00f3r\u0105.<\/p>\n","protected":false},"excerpt":{"rendered":"<ul>\n<li>\u0141agodzi podra\u017cnienia i redukuje zaczerwienienia<\/li>\n<li>Zapewnia intensywne nawil\u017cenie<\/li>\n<li>Bezzapachowe, \u0142agodne i delikatnie ch\u0142odz\u0105ce<\/li>\n<li>Polecane do cery normalnej, t\u0142ustej i mieszanej<\/li>\n<li>Odpowiednie jako serum do twarzy dla sk\u00f3ry wra\u017cliwej<\/li>\n<li>Zawarto\u015b\u0107: 30 ml<\/li>\n<\/ul>\n<p style=\"text-align: left;\"><span style=\"color: #ff0000;\"><a style=\"color: #ff0000;\" href=\"https:\/\/shop.lrworld.com\/openpao?PHP=0vFlt7jT938BEnBI3a6e9w%3D%3D\"><span style=\"font-size: 14pt;\"><strong>Zarejestruj si\u0119 i oszcz\u0119dzaj 35% przy ka\u017cdym zam\u00f3wieniu<\/strong><\/span><\/a><\/span><\/p>\n","protected":false},"featured_media":28103,"comment_status":"open","ping_status":"closed","template":"","meta":{"_kad_blocks_custom_css":"","_kad_blocks_head_custom_js":"","_kad_blocks_body_custom_js":"","_kad_blocks_footer_custom_js":"","_kadence_starter_templates_imported_post":false,"_kad_post_transparent":"default","_kad_post_title":"","_kad_post_layout":"default","_kad_post_sidebar_id":"","_kad_post_content_style":"default","_kad_post_vertical_padding":"default","_kad_post_feature":"","_kad_post_feature_position":"","_kad_post_header":false,"_kad_post_footer":false,"_kad_post_classname":""},"product_brand":[],"product_cat":[1059,1063],"product_tag":[1207,1130,1127],"class_list":{"0":"post-28152","1":"product","2":"type-product","3":"status-publish","4":"has-post-thumbnail","6":"product_cat-aloe-vera-pl","7":"product_cat-pielegnacja-twarzy","8":"product_tag-fermentowany-zel-aloesowy","9":"product_tag-sucha-skora","10":"product_tag-sucha-twarz","12":"first","13":"instock","14":"taxable","15":"shipping-taxable","16":"purchasable","17":"product-type-simple","18":"entry","19":"content-bg","20":"loop-entry"},"yoast_head":"<!-- This site is optimized with the Yoast SEO Premium plugin v27.5 (Yoast SEO v27.5) - https:\/\/yoast.com\/product\/yoast-seo-premium-wordpress\/ -->\n<title>Serum do Twarzy Skin Balance zapewnia intensywne nawil\u017cenie<\/title>\n<meta name=\"description\" content=\"Uzyskaj zr\u00f3wnowa\u017con\u0105, zdrow\u0105 sk\u00f3r\u0119 dzi\u0119ki Serum do Twarzy Skin Balance. Przeznaczony jest do codziennej piel\u0119gnacji, utrzymuj\u0105c odpowiedni poziom nawil\u017cenia\" \/>\n<meta name=\"robots\" content=\"index, follow, max-snippet:-1, max-image-preview:large, max-video-preview:-1\" \/>\n<link rel=\"canonical\" href=\"https:\/\/www.lraloeverashop.eu\/pl\/produkt\/serum-do-twarzy-skin-balance\/\" \/>\n<meta property=\"og:locale\" content=\"pl_PL\" \/>\n<meta property=\"og:type\" content=\"article\" \/>\n<meta property=\"og:title\" content=\"Serum do Twarzy Skin Balance\" \/>\n<meta property=\"og:description\" content=\"Uzyskaj zr\u00f3wnowa\u017con\u0105, zdrow\u0105 sk\u00f3r\u0119 dzi\u0119ki Serum do Twarzy Skin Balance. Przeznaczony jest do codziennej piel\u0119gnacji, utrzymuj\u0105c odpowiedni poziom nawil\u017cenia\" \/>\n<meta property=\"og:url\" content=\"https:\/\/www.lraloeverashop.eu\/pl\/produkt\/serum-do-twarzy-skin-balance\/\" \/>\n<meta property=\"og:site_name\" content=\"Lr Aloe Vera Shop\" \/>\n<meta property=\"article:publisher\" content=\"https:\/\/www.facebook.com\/lraloeverashop.eu\" \/>\n<meta property=\"article:modified_time\" content=\"2026-04-27T18:07:24+00:00\" \/>\n<meta property=\"og:image\" content=\"https:\/\/www.lraloeverashop.eu\/wp-content\/uploads\/2025\/05\/Aloe-Vera-Skin-Balance-Face-Serum-1.jpeg\" \/>\n\t<meta property=\"og:image:width\" content=\"1200\" \/>\n\t<meta property=\"og:image:height\" content=\"1200\" \/>\n\t<meta property=\"og:image:type\" content=\"image\/jpeg\" \/>\n<meta name=\"twitter:card\" content=\"summary_large_image\" \/>\n<meta name=\"twitter:site\" content=\"@natur__kosmetik\" \/>\n<script type=\"application\/ld+json\" class=\"yoast-schema-graph\">{\"@context\":\"https:\\\/\\\/schema.org\",\"@graph\":[{\"@type\":[\"WebPage\",\"ItemPage\"],\"@id\":\"https:\\\/\\\/www.lraloeverashop.eu\\\/pl\\\/produkt\\\/serum-do-twarzy-skin-balance\\\/\",\"url\":\"https:\\\/\\\/www.lraloeverashop.eu\\\/pl\\\/produkt\\\/serum-do-twarzy-skin-balance\\\/\",\"name\":\"Serum do Twarzy Skin Balance zapewnia intensywne nawil\u017cenie\",\"isPartOf\":{\"@id\":\"https:\\\/\\\/www.lraloeverashop.eu\\\/pl\\\/#website\"},\"primaryImageOfPage\":{\"@id\":\"https:\\\/\\\/www.lraloeverashop.eu\\\/pl\\\/produkt\\\/serum-do-twarzy-skin-balance\\\/#primaryimage\"},\"image\":{\"@id\":\"https:\\\/\\\/www.lraloeverashop.eu\\\/pl\\\/produkt\\\/serum-do-twarzy-skin-balance\\\/#primaryimage\"},\"thumbnailUrl\":\"https:\\\/\\\/www.lraloeverashop.eu\\\/wp-content\\\/uploads\\\/2025\\\/05\\\/Aloe-Vera-Skin-Balance-Face-Serum-1.jpeg\",\"datePublished\":\"2025-05-06T20:27:00+00:00\",\"dateModified\":\"2026-04-27T18:07:24+00:00\",\"description\":\"Uzyskaj zr\u00f3wnowa\u017con\u0105, zdrow\u0105 sk\u00f3r\u0119 dzi\u0119ki Serum do Twarzy Skin Balance. Przeznaczony jest do codziennej piel\u0119gnacji, utrzymuj\u0105c odpowiedni poziom nawil\u017cenia\",\"breadcrumb\":{\"@id\":\"https:\\\/\\\/www.lraloeverashop.eu\\\/pl\\\/produkt\\\/serum-do-twarzy-skin-balance\\\/#breadcrumb\"},\"inLanguage\":\"pl-PL\",\"potentialAction\":[{\"@type\":\"ReadAction\",\"target\":[\"https:\\\/\\\/www.lraloeverashop.eu\\\/pl\\\/produkt\\\/serum-do-twarzy-skin-balance\\\/\"]}]},{\"@type\":\"ImageObject\",\"inLanguage\":\"pl-PL\",\"@id\":\"https:\\\/\\\/www.lraloeverashop.eu\\\/pl\\\/produkt\\\/serum-do-twarzy-skin-balance\\\/#primaryimage\",\"url\":\"https:\\\/\\\/www.lraloeverashop.eu\\\/wp-content\\\/uploads\\\/2025\\\/05\\\/Aloe-Vera-Skin-Balance-Face-Serum-1.jpeg\",\"contentUrl\":\"https:\\\/\\\/www.lraloeverashop.eu\\\/wp-content\\\/uploads\\\/2025\\\/05\\\/Aloe-Vera-Skin-Balance-Face-Serum-1.jpeg\",\"width\":1200,\"height\":1200,\"caption\":\"Serum do Twarzy Skin Balance redukuje zaczerwienienia\"},{\"@type\":\"BreadcrumbList\",\"@id\":\"https:\\\/\\\/www.lraloeverashop.eu\\\/pl\\\/produkt\\\/serum-do-twarzy-skin-balance\\\/#breadcrumb\",\"itemListElement\":[{\"@type\":\"ListItem\",\"position\":1,\"name\":\"Home\",\"item\":\"https:\\\/\\\/www.lraloeverashop.eu\\\/pl\\\/\"},{\"@type\":\"ListItem\",\"position\":2,\"name\":\"Sklep\",\"item\":\"https:\\\/\\\/www.lraloeverashop.eu\\\/pl\\\/sklep\\\/\"},{\"@type\":\"ListItem\",\"position\":3,\"name\":\"Serum do Twarzy Skin Balance\"}]},{\"@type\":\"WebSite\",\"@id\":\"https:\\\/\\\/www.lraloeverashop.eu\\\/pl\\\/#website\",\"url\":\"https:\\\/\\\/www.lraloeverashop.eu\\\/pl\\\/\",\"name\":\"Lr Aloe Vera Shop\",\"description\":\"High Quality Lr Aloe Vera Gel, Aloe Vera Cream and Shampoo\",\"publisher\":{\"@id\":\"https:\\\/\\\/www.lraloeverashop.eu\\\/pl\\\/#organization\"},\"alternateName\":\"LR\",\"potentialAction\":[{\"@type\":\"SearchAction\",\"target\":{\"@type\":\"EntryPoint\",\"urlTemplate\":\"https:\\\/\\\/www.lraloeverashop.eu\\\/pl\\\/?s={search_term_string}\"},\"query-input\":{\"@type\":\"PropertyValueSpecification\",\"valueRequired\":true,\"valueName\":\"search_term_string\"}}],\"inLanguage\":\"pl-PL\"},{\"@type\":\"Organization\",\"@id\":\"https:\\\/\\\/www.lraloeverashop.eu\\\/pl\\\/#organization\",\"name\":\"Sklep Lr Aloe Vera\",\"alternateName\":\"LR\",\"url\":\"https:\\\/\\\/www.lraloeverashop.eu\\\/pl\\\/\",\"logo\":{\"@type\":\"ImageObject\",\"inLanguage\":\"pl-PL\",\"@id\":\"https:\\\/\\\/www.lraloeverashop.eu\\\/pl\\\/#\\\/schema\\\/logo\\\/image\\\/\",\"url\":\"https:\\\/\\\/www.lraloeverashop.eu\\\/wp-content\\\/uploads\\\/2022\\\/09\\\/cropped-Lr-Aloe-Vera-Shop.jpg\",\"contentUrl\":\"https:\\\/\\\/www.lraloeverashop.eu\\\/wp-content\\\/uploads\\\/2022\\\/09\\\/cropped-Lr-Aloe-Vera-Shop.jpg\",\"width\":228,\"height\":76,\"caption\":\"Sklep Lr Aloe Vera\"},\"image\":{\"@id\":\"https:\\\/\\\/www.lraloeverashop.eu\\\/pl\\\/#\\\/schema\\\/logo\\\/image\\\/\"},\"sameAs\":[\"https:\\\/\\\/www.facebook.com\\\/lraloeverashop.eu\",\"https:\\\/\\\/x.com\\\/natur__kosmetik\",\"https:\\\/\\\/www.youtube.com\\\/channel\\\/UC5oN7BJ8nfYb8RpVtjwDEBA\",\"https:\\\/\\\/www.instagram.com\\\/lrbeautyeu\\\/\"],\"description\":\"Sklep LR Aloe Vera to Twoje zaufane \u017ar\u00f3d\u0142o wysokiej jako\u015bci produkt\u00f3w LR Health & Beauty wyprodukowanych w Niemczech. Oferujemy wysokiej jako\u015bci produkty do piel\u0119gnacji sk\u00f3ry, od\u017cywiania i przeciwstarzeniowe z aloesem, stworzone z czystych sk\u0142adnik\u00f3w i poparte badaniami naukowymi. Odkryj naturaln\u0105 piel\u0119gnacj\u0119, kt\u00f3ra regeneruje, chroni i rewitalizuje Twoj\u0105 sk\u00f3r\u0119 \u2014 i korzystaj z ekskluzywnych comiesi\u0119cznych ofert na nasze bestsellerowe produkty LR Aloe Vera.\\nRozpocznij swoj\u0105 naturaln\u0105 piel\u0119gnacj\u0119 sk\u00f3ry ju\u017c dzi\u015b i poczuj r\u00f3\u017cnic\u0119.\",\"email\":\"info@lraloeverashop.eu\",\"telephone\":\"+49 17670609653\",\"legalName\":\"Lr Aloe Vera Shop\",\"foundingDate\":\"2018-04-21\",\"numberOfEmployees\":{\"@type\":\"QuantitativeValue\",\"minValue\":\"1\",\"maxValue\":\"10\"}}]}<\/script>\n<meta property=\"product:price:amount\" content=\"27.49\" \/>\n<meta property=\"product:price:currency\" content=\"EUR\" \/>\n<meta property=\"og:availability\" content=\"instock\" \/>\n<meta property=\"product:availability\" content=\"instock\" \/>\n<meta property=\"product:retailer_item_id\" content=\"20910-1PL\" \/>\n<meta property=\"product:condition\" content=\"new\" \/>\n<!-- \/ Yoast SEO Premium plugin. -->","yoast_head_json":{"title":"Serum do Twarzy Skin Balance zapewnia intensywne nawil\u017cenie","description":"Uzyskaj zr\u00f3wnowa\u017con\u0105, zdrow\u0105 sk\u00f3r\u0119 dzi\u0119ki Serum do Twarzy Skin Balance. Przeznaczony jest do codziennej piel\u0119gnacji, utrzymuj\u0105c odpowiedni poziom nawil\u017cenia","robots":{"index":"index","follow":"follow","max-snippet":"max-snippet:-1","max-image-preview":"max-image-preview:large","max-video-preview":"max-video-preview:-1"},"canonical":"https:\/\/www.lraloeverashop.eu\/pl\/produkt\/serum-do-twarzy-skin-balance\/","og_locale":"pl_PL","og_type":"article","og_title":"Serum do Twarzy Skin Balance","og_description":"Uzyskaj zr\u00f3wnowa\u017con\u0105, zdrow\u0105 sk\u00f3r\u0119 dzi\u0119ki Serum do Twarzy Skin Balance. Przeznaczony jest do codziennej piel\u0119gnacji, utrzymuj\u0105c odpowiedni poziom nawil\u017cenia","og_url":"https:\/\/www.lraloeverashop.eu\/pl\/produkt\/serum-do-twarzy-skin-balance\/","og_site_name":"Lr Aloe Vera Shop","article_publisher":"https:\/\/www.facebook.com\/lraloeverashop.eu","article_modified_time":"2026-04-27T18:07:24+00:00","og_image":[{"width":1200,"height":1200,"url":"https:\/\/www.lraloeverashop.eu\/wp-content\/uploads\/2025\/05\/Aloe-Vera-Skin-Balance-Face-Serum-1.jpeg","type":"image\/jpeg"}],"twitter_card":"summary_large_image","twitter_site":"@natur__kosmetik","schema":{"@context":"https:\/\/schema.org","@graph":[{"@type":["WebPage","ItemPage"],"@id":"https:\/\/www.lraloeverashop.eu\/pl\/produkt\/serum-do-twarzy-skin-balance\/","url":"https:\/\/www.lraloeverashop.eu\/pl\/produkt\/serum-do-twarzy-skin-balance\/","name":"Serum do Twarzy Skin Balance zapewnia intensywne nawil\u017cenie","isPartOf":{"@id":"https:\/\/www.lraloeverashop.eu\/pl\/#website"},"primaryImageOfPage":{"@id":"https:\/\/www.lraloeverashop.eu\/pl\/produkt\/serum-do-twarzy-skin-balance\/#primaryimage"},"image":{"@id":"https:\/\/www.lraloeverashop.eu\/pl\/produkt\/serum-do-twarzy-skin-balance\/#primaryimage"},"thumbnailUrl":"https:\/\/www.lraloeverashop.eu\/wp-content\/uploads\/2025\/05\/Aloe-Vera-Skin-Balance-Face-Serum-1.jpeg","datePublished":"2025-05-06T20:27:00+00:00","dateModified":"2026-04-27T18:07:24+00:00","description":"Uzyskaj zr\u00f3wnowa\u017con\u0105, zdrow\u0105 sk\u00f3r\u0119 dzi\u0119ki Serum do Twarzy Skin Balance. Przeznaczony jest do codziennej piel\u0119gnacji, utrzymuj\u0105c odpowiedni poziom nawil\u017cenia","breadcrumb":{"@id":"https:\/\/www.lraloeverashop.eu\/pl\/produkt\/serum-do-twarzy-skin-balance\/#breadcrumb"},"inLanguage":"pl-PL","potentialAction":[{"@type":"ReadAction","target":["https:\/\/www.lraloeverashop.eu\/pl\/produkt\/serum-do-twarzy-skin-balance\/"]}]},{"@type":"ImageObject","inLanguage":"pl-PL","@id":"https:\/\/www.lraloeverashop.eu\/pl\/produkt\/serum-do-twarzy-skin-balance\/#primaryimage","url":"https:\/\/www.lraloeverashop.eu\/wp-content\/uploads\/2025\/05\/Aloe-Vera-Skin-Balance-Face-Serum-1.jpeg","contentUrl":"https:\/\/www.lraloeverashop.eu\/wp-content\/uploads\/2025\/05\/Aloe-Vera-Skin-Balance-Face-Serum-1.jpeg","width":1200,"height":1200,"caption":"Serum do Twarzy Skin Balance redukuje zaczerwienienia"},{"@type":"BreadcrumbList","@id":"https:\/\/www.lraloeverashop.eu\/pl\/produkt\/serum-do-twarzy-skin-balance\/#breadcrumb","itemListElement":[{"@type":"ListItem","position":1,"name":"Home","item":"https:\/\/www.lraloeverashop.eu\/pl\/"},{"@type":"ListItem","position":2,"name":"Sklep","item":"https:\/\/www.lraloeverashop.eu\/pl\/sklep\/"},{"@type":"ListItem","position":3,"name":"Serum do Twarzy Skin Balance"}]},{"@type":"WebSite","@id":"https:\/\/www.lraloeverashop.eu\/pl\/#website","url":"https:\/\/www.lraloeverashop.eu\/pl\/","name":"Lr Aloe Vera Shop","description":"High Quality Lr Aloe Vera Gel, Aloe Vera Cream and Shampoo","publisher":{"@id":"https:\/\/www.lraloeverashop.eu\/pl\/#organization"},"alternateName":"LR","potentialAction":[{"@type":"SearchAction","target":{"@type":"EntryPoint","urlTemplate":"https:\/\/www.lraloeverashop.eu\/pl\/?s={search_term_string}"},"query-input":{"@type":"PropertyValueSpecification","valueRequired":true,"valueName":"search_term_string"}}],"inLanguage":"pl-PL"},{"@type":"Organization","@id":"https:\/\/www.lraloeverashop.eu\/pl\/#organization","name":"Sklep Lr Aloe Vera","alternateName":"LR","url":"https:\/\/www.lraloeverashop.eu\/pl\/","logo":{"@type":"ImageObject","inLanguage":"pl-PL","@id":"https:\/\/www.lraloeverashop.eu\/pl\/#\/schema\/logo\/image\/","url":"https:\/\/www.lraloeverashop.eu\/wp-content\/uploads\/2022\/09\/cropped-Lr-Aloe-Vera-Shop.jpg","contentUrl":"https:\/\/www.lraloeverashop.eu\/wp-content\/uploads\/2022\/09\/cropped-Lr-Aloe-Vera-Shop.jpg","width":228,"height":76,"caption":"Sklep Lr Aloe Vera"},"image":{"@id":"https:\/\/www.lraloeverashop.eu\/pl\/#\/schema\/logo\/image\/"},"sameAs":["https:\/\/www.facebook.com\/lraloeverashop.eu","https:\/\/x.com\/natur__kosmetik","https:\/\/www.youtube.com\/channel\/UC5oN7BJ8nfYb8RpVtjwDEBA","https:\/\/www.instagram.com\/lrbeautyeu\/"],"description":"Sklep LR Aloe Vera to Twoje zaufane \u017ar\u00f3d\u0142o wysokiej jako\u015bci produkt\u00f3w LR Health & Beauty wyprodukowanych w Niemczech. Oferujemy wysokiej jako\u015bci produkty do piel\u0119gnacji sk\u00f3ry, od\u017cywiania i przeciwstarzeniowe z aloesem, stworzone z czystych sk\u0142adnik\u00f3w i poparte badaniami naukowymi. Odkryj naturaln\u0105 piel\u0119gnacj\u0119, kt\u00f3ra regeneruje, chroni i rewitalizuje Twoj\u0105 sk\u00f3r\u0119 \u2014 i korzystaj z ekskluzywnych comiesi\u0119cznych ofert na nasze bestsellerowe produkty LR Aloe Vera.\nRozpocznij swoj\u0105 naturaln\u0105 piel\u0119gnacj\u0119 sk\u00f3ry ju\u017c dzi\u015b i poczuj r\u00f3\u017cnic\u0119.","email":"info@lraloeverashop.eu","telephone":"+49 17670609653","legalName":"Lr Aloe Vera Shop","foundingDate":"2018-04-21","numberOfEmployees":{"@type":"QuantitativeValue","minValue":"1","maxValue":"10"}}]},"product_price_amount":"27.49","product_price_currency":"EUR","og_availability":"instock","product_availability":"instock","product_retailer_item_id":"20910-1PL","product_condition":"new"},"taxonomy_info":{"product_cat":[{"value":1059,"label":"Aloe Vera"},{"value":1063,"label":"Piel\u0119gnacja twarzy"}],"product_tag":[{"value":1207,"label":"Fermentowany \u017cel aloesowy"},{"value":1130,"label":"sucha sk\u00f3ra"},{"value":1127,"label":"sucha twarz"}]},"featured_image_src_large":["https:\/\/www.lraloeverashop.eu\/wp-content\/uploads\/2025\/05\/Aloe-Vera-Skin-Balance-Face-Serum-1-1024x1024.jpeg",1024,1024,true],"author_info":[],"comment_info":0,"_links":{"self":[{"href":"https:\/\/www.lraloeverashop.eu\/pl\/wp-json\/wp\/v2\/product\/28152","targetHints":{"allow":["GET"]}}],"collection":[{"href":"https:\/\/www.lraloeverashop.eu\/pl\/wp-json\/wp\/v2\/product"}],"about":[{"href":"https:\/\/www.lraloeverashop.eu\/pl\/wp-json\/wp\/v2\/types\/product"}],"replies":[{"embeddable":true,"href":"https:\/\/www.lraloeverashop.eu\/pl\/wp-json\/wp\/v2\/comments?post=28152"}],"wp:featuredmedia":[{"embeddable":true,"href":"https:\/\/www.lraloeverashop.eu\/pl\/wp-json\/wp\/v2\/media\/28103"}],"wp:attachment":[{"href":"https:\/\/www.lraloeverashop.eu\/pl\/wp-json\/wp\/v2\/media?parent=28152"}],"wp:term":[{"taxonomy":"product_brand","embeddable":true,"href":"https:\/\/www.lraloeverashop.eu\/pl\/wp-json\/wp\/v2\/product_brand?post=28152"},{"taxonomy":"product_cat","embeddable":true,"href":"https:\/\/www.lraloeverashop.eu\/pl\/wp-json\/wp\/v2\/product_cat?post=28152"},{"taxonomy":"product_tag","embeddable":true,"href":"https:\/\/www.lraloeverashop.eu\/pl\/wp-json\/wp\/v2\/product_tag?post=28152"}],"curies":[{"name":"wp","href":"https:\/\/api.w.org\/{rel}","templated":true}]}}