{"id":27760,"date":"2022-10-10T18:54:34","date_gmt":"2022-10-10T16:54:34","guid":{"rendered":"https:\/\/www.lraloeverashop.eu\/product\/nawilzajacy-balsam-do-ciala\/"},"modified":"2025-05-09T16:46:20","modified_gmt":"2025-05-09T14:46:20","slug":"nawilzajacy-balsam-do-ciala","status":"publish","type":"product","link":"https:\/\/www.lraloeverashop.eu\/pl\/produkt\/nawilzajacy-balsam-do-ciala\/","title":{"rendered":"Nawil\u017caj\u0105cy Balsam do Cia\u0142a"},"content":{"rendered":"<h2><span style=\"font-size: 16pt;\">Nawil\u017caj\u0105cy Balsam do Cia\u0142a<\/span><\/h2>\n<p><strong><span style=\"font-size: 14pt;\">Nawil\u017caj\u0105cy Balsam do Cia\u0142a Zapewnia Twojej sk\u00f3rze doskona\u0142\u0105, wszechstronn\u0105 piel\u0119gnacj\u0119<\/span><\/strong><\/p>\n<p class=\"nitro-offscreen\">Po wzi\u0119ciu prysznica cz\u0119sto pomija si\u0119 kolejny wa\u017cny krok, jakim jest na\u0142o\u017cenie kremu do cia\u0142a. Prysznic z gor\u0105c\u0105 wod\u0105 lub nie spieszenie si\u0119 pod prysznicem mo\u017ce prowadzi\u0107 do wysuszenia i szorstko\u015bci sk\u00f3ry. Dlatego stosowac Nawil\u017caj\u0105cy Balsam do Cia\u0142a jest absolutnie konieczne.<\/p>\n<p class=\"nitro-offscreen\">Balsam do Cia\u0142a Lr Aloe Vera zapewnia idealn\u0105 piel\u0119gnacj\u0119 sk\u00f3ry po oczyszczeniu, dzi\u0119ki g\u0142adkiej konsystencji i relaksuj\u0105cemu zapachowi. Dzi\u0119ki 69% zawarto\u015bci <a href=\"https:\/\/www.lraloeverashop.eu\/pl\/produkt\/krem-na-rozstepy-w-ciazy\/\">aloesu<\/a>, balsam do cia\u0142a zapewnia bogate nawil\u017cenie i pozostawia uczucie \u015bwie\u017co\u015bci sk\u00f3ry.<\/p>\n<p class=\"nitro-offscreen\">Balsam\u00a0do cia\u0142a Lr Aloe Vera jest bardzo skuteczny, poniewa\u017c \u0142atwo rozprowadza si\u0119 na ciele. Jego piel\u0119gnuj\u0105ca formu\u0142a \u0142atwo si\u0119 wch\u0142ania, pozostawiaj\u0105c na sk\u00f3rze przyjemne uczucie \u015bwie\u017co\u015bci,\u00a0jedwabistej mi\u0119kko\u015bci\u00a0i delikatnego zapachu, kt\u00f3ry si\u0119 utrzymuje.<\/p>\n<p class=\"nitro-offscreen\">Stosuj balsam po wzi\u0119ciu prysznica lub gdy czujesz potrzeb\u0119 zaoferowania\u00a0sk\u00f3rze\u00a0dodatkowego relaksu. Ciesz si\u0119 jego g\u0142adko\u015bci\u0105 i delikatnym zapachem i ciesz si\u0119 wyj\u0105tkowym uczuciem \u015bwie\u017co\u015bci i odm\u0142odzenia, jakie zapewnia.<\/p>\n<p>&nbsp;<\/p>\n<h3><strong><span style=\"font-size: 16pt;\">Spos\u00f3b u\u017cycia<\/span><\/strong><\/h3>\n<p>Balsam nak\u0142adaj rano i\/lub wieczorem na ca\u0142e cia\u0142o lub obszary, kt\u00f3re szczeg\u00f3lnie\u00a0potrzebuj\u0105 nawil\u017cenia. Jego piel\u0119gnuj\u0105ca formu\u0142a jest szczeg\u00f3lnie orze\u017awiaj\u0105ca po prysznicu. Szybko wch\u0142ania si\u0119 w sk\u00f3r\u0119.<\/p>\n","protected":false},"excerpt":{"rendered":"<ul>\n<li>Zapewnia nawil\u017cenie po oczyszczeniu<\/li>\n<li>Odpowiedni dla ka\u017cdego rodzaju sk\u00f3ry<\/li>\n<li>Zawiera 69% aloesu<\/li>\n<li>Z organicznym ekstraktem z magnolii<\/li>\n<li>Zawarto\u015b\u0107: 200 ml<\/li>\n<\/ul>\n<p>&nbsp;<\/p>\n","protected":false},"featured_media":27340,"comment_status":"open","ping_status":"closed","template":"","meta":{"_kad_blocks_custom_css":"","_kad_blocks_head_custom_js":"","_kad_blocks_body_custom_js":"","_kad_blocks_footer_custom_js":"","_kadence_starter_templates_imported_post":false,"_kad_post_transparent":"default","_kad_post_title":"","_kad_post_layout":"default","_kad_post_sidebar_id":"","_kad_post_content_style":"default","_kad_post_vertical_padding":"default","_kad_post_feature":"","_kad_post_feature_position":"","_kad_post_header":false,"_kad_post_footer":false,"_kad_post_classname":""},"product_brand":[],"product_cat":[1059,1061],"product_tag":[1130],"class_list":{"0":"post-27760","1":"product","2":"type-product","3":"status-publish","4":"has-post-thumbnail","6":"product_cat-aloe-vera-pl","7":"product_cat-pielegnacja-ciala","8":"product_tag-sucha-skora","10":"first","11":"instock","12":"taxable","13":"shipping-taxable","14":"purchasable","15":"product-type-simple","16":"entry","17":"content-bg","18":"loop-entry"},"yoast_head":"<!-- This site is optimized with the Yoast SEO Premium plugin v27.5 (Yoast SEO v27.5) - https:\/\/yoast.com\/product\/yoast-seo-premium-wordpress\/ -->\n<title>Nawil\u017caj\u0105cy Balsam do Cia\u0142a Zapewnia doskona\u0142\u0105 piel\u0119gnacj\u0119<\/title>\n<meta name=\"description\" content=\"Gor\u0105cy prysznic lub d\u0142ugie k\u0105piele mog\u0105 wysusza\u0107 sk\u00f3r\u0119. Nawil\u017caj\u0105cy Balsam do Cia\u0142a jest konieczno\u015bci\u0105! Z 69% aloesu i ekstraktem z magnolii oferuje doskona\u0142\u0105 piel\u0119gnacj\u0119\" \/>\n<meta name=\"robots\" content=\"index, follow, max-snippet:-1, max-image-preview:large, max-video-preview:-1\" \/>\n<link rel=\"canonical\" href=\"https:\/\/www.lraloeverashop.eu\/pl\/produkt\/nawilzajacy-balsam-do-ciala\/\" \/>\n<meta property=\"og:locale\" content=\"pl_PL\" \/>\n<meta property=\"og:type\" content=\"article\" \/>\n<meta property=\"og:title\" content=\"Nawil\u017caj\u0105cy Balsam do Cia\u0142a\" \/>\n<meta property=\"og:description\" content=\"Gor\u0105cy prysznic lub d\u0142ugie k\u0105piele mog\u0105 wysusza\u0107 sk\u00f3r\u0119. Nawil\u017caj\u0105cy Balsam do Cia\u0142a jest konieczno\u015bci\u0105! Z 69% aloesu i ekstraktem z magnolii oferuje doskona\u0142\u0105 piel\u0119gnacj\u0119\" \/>\n<meta property=\"og:url\" content=\"https:\/\/www.lraloeverashop.eu\/pl\/produkt\/nawilzajacy-balsam-do-ciala\/\" \/>\n<meta property=\"og:site_name\" content=\"Lr Aloe Vera Shop\" \/>\n<meta property=\"article:publisher\" content=\"https:\/\/www.facebook.com\/lraloeverashop.eu\" \/>\n<meta property=\"article:modified_time\" content=\"2025-05-09T14:46:20+00:00\" \/>\n<meta property=\"og:image\" content=\"https:\/\/www.lraloeverashop.eu\/wp-content\/uploads\/2022\/10\/Lr-Aloe-Vera-Moisturizing-body-balm.jpg\" \/>\n\t<meta property=\"og:image:width\" content=\"1200\" \/>\n\t<meta property=\"og:image:height\" content=\"1200\" \/>\n\t<meta property=\"og:image:type\" content=\"image\/jpeg\" \/>\n<meta name=\"twitter:card\" content=\"summary_large_image\" \/>\n<meta name=\"twitter:site\" content=\"@natur__kosmetik\" \/>\n<script type=\"application\/ld+json\" class=\"yoast-schema-graph\">{\"@context\":\"https:\\\/\\\/schema.org\",\"@graph\":[{\"@type\":[\"WebPage\",\"ItemPage\"],\"@id\":\"https:\\\/\\\/www.lraloeverashop.eu\\\/pl\\\/produkt\\\/nawilzajacy-balsam-do-ciala\\\/\",\"url\":\"https:\\\/\\\/www.lraloeverashop.eu\\\/pl\\\/produkt\\\/nawilzajacy-balsam-do-ciala\\\/\",\"name\":\"Nawil\u017caj\u0105cy Balsam do Cia\u0142a Zapewnia doskona\u0142\u0105 piel\u0119gnacj\u0119\",\"isPartOf\":{\"@id\":\"https:\\\/\\\/www.lraloeverashop.eu\\\/pl\\\/#website\"},\"primaryImageOfPage\":{\"@id\":\"https:\\\/\\\/www.lraloeverashop.eu\\\/pl\\\/produkt\\\/nawilzajacy-balsam-do-ciala\\\/#primaryimage\"},\"image\":{\"@id\":\"https:\\\/\\\/www.lraloeverashop.eu\\\/pl\\\/produkt\\\/nawilzajacy-balsam-do-ciala\\\/#primaryimage\"},\"thumbnailUrl\":\"https:\\\/\\\/www.lraloeverashop.eu\\\/wp-content\\\/uploads\\\/2022\\\/10\\\/Lr-Aloe-Vera-Moisturizing-body-balm.jpg\",\"datePublished\":\"2022-10-10T16:54:34+00:00\",\"dateModified\":\"2025-05-09T14:46:20+00:00\",\"description\":\"Gor\u0105cy prysznic lub d\u0142ugie k\u0105piele mog\u0105 wysusza\u0107 sk\u00f3r\u0119. Nawil\u017caj\u0105cy Balsam do Cia\u0142a jest konieczno\u015bci\u0105! Z 69% aloesu i ekstraktem z magnolii oferuje doskona\u0142\u0105 piel\u0119gnacj\u0119\",\"breadcrumb\":{\"@id\":\"https:\\\/\\\/www.lraloeverashop.eu\\\/pl\\\/produkt\\\/nawilzajacy-balsam-do-ciala\\\/#breadcrumb\"},\"inLanguage\":\"pl-PL\",\"potentialAction\":[{\"@type\":\"ReadAction\",\"target\":[\"https:\\\/\\\/www.lraloeverashop.eu\\\/pl\\\/produkt\\\/nawilzajacy-balsam-do-ciala\\\/\"]}]},{\"@type\":\"ImageObject\",\"inLanguage\":\"pl-PL\",\"@id\":\"https:\\\/\\\/www.lraloeverashop.eu\\\/pl\\\/produkt\\\/nawilzajacy-balsam-do-ciala\\\/#primaryimage\",\"url\":\"https:\\\/\\\/www.lraloeverashop.eu\\\/wp-content\\\/uploads\\\/2022\\\/10\\\/Lr-Aloe-Vera-Moisturizing-body-balm.jpg\",\"contentUrl\":\"https:\\\/\\\/www.lraloeverashop.eu\\\/wp-content\\\/uploads\\\/2022\\\/10\\\/Lr-Aloe-Vera-Moisturizing-body-balm.jpg\",\"width\":1200,\"height\":1200,\"caption\":\"Balsam do Cia\u0142a z Aloesem\"},{\"@type\":\"BreadcrumbList\",\"@id\":\"https:\\\/\\\/www.lraloeverashop.eu\\\/pl\\\/produkt\\\/nawilzajacy-balsam-do-ciala\\\/#breadcrumb\",\"itemListElement\":[{\"@type\":\"ListItem\",\"position\":1,\"name\":\"Home\",\"item\":\"https:\\\/\\\/www.lraloeverashop.eu\\\/pl\\\/\"},{\"@type\":\"ListItem\",\"position\":2,\"name\":\"Sklep\",\"item\":\"https:\\\/\\\/www.lraloeverashop.eu\\\/pl\\\/sklep\\\/\"},{\"@type\":\"ListItem\",\"position\":3,\"name\":\"Nawil\u017caj\u0105cy Balsam do Cia\u0142a\"}]},{\"@type\":\"WebSite\",\"@id\":\"https:\\\/\\\/www.lraloeverashop.eu\\\/pl\\\/#website\",\"url\":\"https:\\\/\\\/www.lraloeverashop.eu\\\/pl\\\/\",\"name\":\"Lr Aloe Vera Shop\",\"description\":\"High Quality Lr Aloe Vera Gel, Aloe Vera Cream and Shampoo\",\"publisher\":{\"@id\":\"https:\\\/\\\/www.lraloeverashop.eu\\\/pl\\\/#organization\"},\"alternateName\":\"LR\",\"potentialAction\":[{\"@type\":\"SearchAction\",\"target\":{\"@type\":\"EntryPoint\",\"urlTemplate\":\"https:\\\/\\\/www.lraloeverashop.eu\\\/pl\\\/?s={search_term_string}\"},\"query-input\":{\"@type\":\"PropertyValueSpecification\",\"valueRequired\":true,\"valueName\":\"search_term_string\"}}],\"inLanguage\":\"pl-PL\"},{\"@type\":\"Organization\",\"@id\":\"https:\\\/\\\/www.lraloeverashop.eu\\\/pl\\\/#organization\",\"name\":\"Sklep Lr Aloe Vera\",\"alternateName\":\"LR\",\"url\":\"https:\\\/\\\/www.lraloeverashop.eu\\\/pl\\\/\",\"logo\":{\"@type\":\"ImageObject\",\"inLanguage\":\"pl-PL\",\"@id\":\"https:\\\/\\\/www.lraloeverashop.eu\\\/pl\\\/#\\\/schema\\\/logo\\\/image\\\/\",\"url\":\"https:\\\/\\\/www.lraloeverashop.eu\\\/wp-content\\\/uploads\\\/2022\\\/09\\\/cropped-Lr-Aloe-Vera-Shop.jpg\",\"contentUrl\":\"https:\\\/\\\/www.lraloeverashop.eu\\\/wp-content\\\/uploads\\\/2022\\\/09\\\/cropped-Lr-Aloe-Vera-Shop.jpg\",\"width\":228,\"height\":76,\"caption\":\"Sklep Lr Aloe Vera\"},\"image\":{\"@id\":\"https:\\\/\\\/www.lraloeverashop.eu\\\/pl\\\/#\\\/schema\\\/logo\\\/image\\\/\"},\"sameAs\":[\"https:\\\/\\\/www.facebook.com\\\/lraloeverashop.eu\",\"https:\\\/\\\/x.com\\\/natur__kosmetik\",\"https:\\\/\\\/www.youtube.com\\\/channel\\\/UC5oN7BJ8nfYb8RpVtjwDEBA\",\"https:\\\/\\\/www.instagram.com\\\/lrbeautyeu\\\/\"],\"description\":\"Sklep LR Aloe Vera to Twoje zaufane \u017ar\u00f3d\u0142o wysokiej jako\u015bci produkt\u00f3w LR Health & Beauty wyprodukowanych w Niemczech. Oferujemy wysokiej jako\u015bci produkty do piel\u0119gnacji sk\u00f3ry, od\u017cywiania i przeciwstarzeniowe z aloesem, stworzone z czystych sk\u0142adnik\u00f3w i poparte badaniami naukowymi. Odkryj naturaln\u0105 piel\u0119gnacj\u0119, kt\u00f3ra regeneruje, chroni i rewitalizuje Twoj\u0105 sk\u00f3r\u0119 \u2014 i korzystaj z ekskluzywnych comiesi\u0119cznych ofert na nasze bestsellerowe produkty LR Aloe Vera.\\nRozpocznij swoj\u0105 naturaln\u0105 piel\u0119gnacj\u0119 sk\u00f3ry ju\u017c dzi\u015b i poczuj r\u00f3\u017cnic\u0119.\",\"email\":\"info@lraloeverashop.eu\",\"telephone\":\"+49 17670609653\",\"legalName\":\"Lr Aloe Vera Shop\",\"foundingDate\":\"2018-04-21\",\"numberOfEmployees\":{\"@type\":\"QuantitativeValue\",\"minValue\":\"1\",\"maxValue\":\"10\"}}]}<\/script>\n<meta property=\"product:price:amount\" content=\"19.99\" \/>\n<meta property=\"product:price:currency\" content=\"EUR\" \/>\n<meta property=\"og:availability\" content=\"instock\" \/>\n<meta property=\"product:availability\" content=\"instock\" \/>\n<meta property=\"product:retailer_item_id\" content=\"20639-201PL\" \/>\n<meta property=\"product:condition\" content=\"new\" \/>\n<!-- \/ Yoast SEO Premium plugin. -->","yoast_head_json":{"title":"Nawil\u017caj\u0105cy Balsam do Cia\u0142a Zapewnia doskona\u0142\u0105 piel\u0119gnacj\u0119","description":"Gor\u0105cy prysznic lub d\u0142ugie k\u0105piele mog\u0105 wysusza\u0107 sk\u00f3r\u0119. Nawil\u017caj\u0105cy Balsam do Cia\u0142a jest konieczno\u015bci\u0105! Z 69% aloesu i ekstraktem z magnolii oferuje doskona\u0142\u0105 piel\u0119gnacj\u0119","robots":{"index":"index","follow":"follow","max-snippet":"max-snippet:-1","max-image-preview":"max-image-preview:large","max-video-preview":"max-video-preview:-1"},"canonical":"https:\/\/www.lraloeverashop.eu\/pl\/produkt\/nawilzajacy-balsam-do-ciala\/","og_locale":"pl_PL","og_type":"article","og_title":"Nawil\u017caj\u0105cy Balsam do Cia\u0142a","og_description":"Gor\u0105cy prysznic lub d\u0142ugie k\u0105piele mog\u0105 wysusza\u0107 sk\u00f3r\u0119. Nawil\u017caj\u0105cy Balsam do Cia\u0142a jest konieczno\u015bci\u0105! Z 69% aloesu i ekstraktem z magnolii oferuje doskona\u0142\u0105 piel\u0119gnacj\u0119","og_url":"https:\/\/www.lraloeverashop.eu\/pl\/produkt\/nawilzajacy-balsam-do-ciala\/","og_site_name":"Lr Aloe Vera Shop","article_publisher":"https:\/\/www.facebook.com\/lraloeverashop.eu","article_modified_time":"2025-05-09T14:46:20+00:00","og_image":[{"width":1200,"height":1200,"url":"https:\/\/www.lraloeverashop.eu\/wp-content\/uploads\/2022\/10\/Lr-Aloe-Vera-Moisturizing-body-balm.jpg","type":"image\/jpeg"}],"twitter_card":"summary_large_image","twitter_site":"@natur__kosmetik","schema":{"@context":"https:\/\/schema.org","@graph":[{"@type":["WebPage","ItemPage"],"@id":"https:\/\/www.lraloeverashop.eu\/pl\/produkt\/nawilzajacy-balsam-do-ciala\/","url":"https:\/\/www.lraloeverashop.eu\/pl\/produkt\/nawilzajacy-balsam-do-ciala\/","name":"Nawil\u017caj\u0105cy Balsam do Cia\u0142a Zapewnia doskona\u0142\u0105 piel\u0119gnacj\u0119","isPartOf":{"@id":"https:\/\/www.lraloeverashop.eu\/pl\/#website"},"primaryImageOfPage":{"@id":"https:\/\/www.lraloeverashop.eu\/pl\/produkt\/nawilzajacy-balsam-do-ciala\/#primaryimage"},"image":{"@id":"https:\/\/www.lraloeverashop.eu\/pl\/produkt\/nawilzajacy-balsam-do-ciala\/#primaryimage"},"thumbnailUrl":"https:\/\/www.lraloeverashop.eu\/wp-content\/uploads\/2022\/10\/Lr-Aloe-Vera-Moisturizing-body-balm.jpg","datePublished":"2022-10-10T16:54:34+00:00","dateModified":"2025-05-09T14:46:20+00:00","description":"Gor\u0105cy prysznic lub d\u0142ugie k\u0105piele mog\u0105 wysusza\u0107 sk\u00f3r\u0119. Nawil\u017caj\u0105cy Balsam do Cia\u0142a jest konieczno\u015bci\u0105! Z 69% aloesu i ekstraktem z magnolii oferuje doskona\u0142\u0105 piel\u0119gnacj\u0119","breadcrumb":{"@id":"https:\/\/www.lraloeverashop.eu\/pl\/produkt\/nawilzajacy-balsam-do-ciala\/#breadcrumb"},"inLanguage":"pl-PL","potentialAction":[{"@type":"ReadAction","target":["https:\/\/www.lraloeverashop.eu\/pl\/produkt\/nawilzajacy-balsam-do-ciala\/"]}]},{"@type":"ImageObject","inLanguage":"pl-PL","@id":"https:\/\/www.lraloeverashop.eu\/pl\/produkt\/nawilzajacy-balsam-do-ciala\/#primaryimage","url":"https:\/\/www.lraloeverashop.eu\/wp-content\/uploads\/2022\/10\/Lr-Aloe-Vera-Moisturizing-body-balm.jpg","contentUrl":"https:\/\/www.lraloeverashop.eu\/wp-content\/uploads\/2022\/10\/Lr-Aloe-Vera-Moisturizing-body-balm.jpg","width":1200,"height":1200,"caption":"Balsam do Cia\u0142a z Aloesem"},{"@type":"BreadcrumbList","@id":"https:\/\/www.lraloeverashop.eu\/pl\/produkt\/nawilzajacy-balsam-do-ciala\/#breadcrumb","itemListElement":[{"@type":"ListItem","position":1,"name":"Home","item":"https:\/\/www.lraloeverashop.eu\/pl\/"},{"@type":"ListItem","position":2,"name":"Sklep","item":"https:\/\/www.lraloeverashop.eu\/pl\/sklep\/"},{"@type":"ListItem","position":3,"name":"Nawil\u017caj\u0105cy Balsam do Cia\u0142a"}]},{"@type":"WebSite","@id":"https:\/\/www.lraloeverashop.eu\/pl\/#website","url":"https:\/\/www.lraloeverashop.eu\/pl\/","name":"Lr Aloe Vera Shop","description":"High Quality Lr Aloe Vera Gel, Aloe Vera Cream and Shampoo","publisher":{"@id":"https:\/\/www.lraloeverashop.eu\/pl\/#organization"},"alternateName":"LR","potentialAction":[{"@type":"SearchAction","target":{"@type":"EntryPoint","urlTemplate":"https:\/\/www.lraloeverashop.eu\/pl\/?s={search_term_string}"},"query-input":{"@type":"PropertyValueSpecification","valueRequired":true,"valueName":"search_term_string"}}],"inLanguage":"pl-PL"},{"@type":"Organization","@id":"https:\/\/www.lraloeverashop.eu\/pl\/#organization","name":"Sklep Lr Aloe Vera","alternateName":"LR","url":"https:\/\/www.lraloeverashop.eu\/pl\/","logo":{"@type":"ImageObject","inLanguage":"pl-PL","@id":"https:\/\/www.lraloeverashop.eu\/pl\/#\/schema\/logo\/image\/","url":"https:\/\/www.lraloeverashop.eu\/wp-content\/uploads\/2022\/09\/cropped-Lr-Aloe-Vera-Shop.jpg","contentUrl":"https:\/\/www.lraloeverashop.eu\/wp-content\/uploads\/2022\/09\/cropped-Lr-Aloe-Vera-Shop.jpg","width":228,"height":76,"caption":"Sklep Lr Aloe Vera"},"image":{"@id":"https:\/\/www.lraloeverashop.eu\/pl\/#\/schema\/logo\/image\/"},"sameAs":["https:\/\/www.facebook.com\/lraloeverashop.eu","https:\/\/x.com\/natur__kosmetik","https:\/\/www.youtube.com\/channel\/UC5oN7BJ8nfYb8RpVtjwDEBA","https:\/\/www.instagram.com\/lrbeautyeu\/"],"description":"Sklep LR Aloe Vera to Twoje zaufane \u017ar\u00f3d\u0142o wysokiej jako\u015bci produkt\u00f3w LR Health & Beauty wyprodukowanych w Niemczech. Oferujemy wysokiej jako\u015bci produkty do piel\u0119gnacji sk\u00f3ry, od\u017cywiania i przeciwstarzeniowe z aloesem, stworzone z czystych sk\u0142adnik\u00f3w i poparte badaniami naukowymi. Odkryj naturaln\u0105 piel\u0119gnacj\u0119, kt\u00f3ra regeneruje, chroni i rewitalizuje Twoj\u0105 sk\u00f3r\u0119 \u2014 i korzystaj z ekskluzywnych comiesi\u0119cznych ofert na nasze bestsellerowe produkty LR Aloe Vera.\nRozpocznij swoj\u0105 naturaln\u0105 piel\u0119gnacj\u0119 sk\u00f3ry ju\u017c dzi\u015b i poczuj r\u00f3\u017cnic\u0119.","email":"info@lraloeverashop.eu","telephone":"+49 17670609653","legalName":"Lr Aloe Vera Shop","foundingDate":"2018-04-21","numberOfEmployees":{"@type":"QuantitativeValue","minValue":"1","maxValue":"10"}}]},"product_price_amount":"19.99","product_price_currency":"EUR","og_availability":"instock","product_availability":"instock","product_retailer_item_id":"20639-201PL","product_condition":"new"},"taxonomy_info":{"product_cat":[{"value":1059,"label":"Aloe Vera"},{"value":1061,"label":"Piel\u0119gnacja cia\u0142a"}],"product_tag":[{"value":1130,"label":"sucha sk\u00f3ra"}]},"featured_image_src_large":["https:\/\/www.lraloeverashop.eu\/wp-content\/uploads\/2022\/10\/Lr-Aloe-Vera-Moisturizing-body-balm-1024x1024.jpg",1024,1024,true],"author_info":[],"comment_info":0,"_links":{"self":[{"href":"https:\/\/www.lraloeverashop.eu\/pl\/wp-json\/wp\/v2\/product\/27760","targetHints":{"allow":["GET"]}}],"collection":[{"href":"https:\/\/www.lraloeverashop.eu\/pl\/wp-json\/wp\/v2\/product"}],"about":[{"href":"https:\/\/www.lraloeverashop.eu\/pl\/wp-json\/wp\/v2\/types\/product"}],"replies":[{"embeddable":true,"href":"https:\/\/www.lraloeverashop.eu\/pl\/wp-json\/wp\/v2\/comments?post=27760"}],"wp:featuredmedia":[{"embeddable":true,"href":"https:\/\/www.lraloeverashop.eu\/pl\/wp-json\/wp\/v2\/media\/27340"}],"wp:attachment":[{"href":"https:\/\/www.lraloeverashop.eu\/pl\/wp-json\/wp\/v2\/media?parent=27760"}],"wp:term":[{"taxonomy":"product_brand","embeddable":true,"href":"https:\/\/www.lraloeverashop.eu\/pl\/wp-json\/wp\/v2\/product_brand?post=27760"},{"taxonomy":"product_cat","embeddable":true,"href":"https:\/\/www.lraloeverashop.eu\/pl\/wp-json\/wp\/v2\/product_cat?post=27760"},{"taxonomy":"product_tag","embeddable":true,"href":"https:\/\/www.lraloeverashop.eu\/pl\/wp-json\/wp\/v2\/product_tag?post=27760"}],"curies":[{"name":"wp","href":"https:\/\/api.w.org\/{rel}","templated":true}]}}