{"id":27756,"date":"2022-10-10T18:31:01","date_gmt":"2022-10-10T16:31:01","guid":{"rendered":"https:\/\/www.lraloeverashop.eu\/product\/korygujacy-krem-do-ciala-lr-aloe-vera\/"},"modified":"2025-05-09T16:45:39","modified_gmt":"2025-05-09T14:45:39","slug":"korygujacy-krem-do-ciala-lr-aloe-vera","status":"publish","type":"product","link":"https:\/\/www.lraloeverashop.eu\/pl\/produkt\/korygujacy-krem-do-ciala-lr-aloe-vera\/","title":{"rendered":"Koryguj\u0105cy Krem do Cia\u0142a Lr Aloe Vera"},"content":{"rendered":"<h2><span style=\"font-size: 16pt;\"><strong>Koryguj\u0105cy krem do cia\u0142a Lr Aloe Vera <\/strong><\/span><\/h2>\n<p><span style=\"font-size: 14pt;\"><strong>Koryguj\u0105cy Krem do Cia\u0142a Lr Aloe Vera &#8211; Bogata piel\u0119gnacja kobiecych ud i po\u015bladk\u00f3w.<\/strong><\/span><\/p>\n<p>Koryguj\u0105cy Krem do Cia\u0142a Lr Aloe Vera na uda i po\u015bladki sprawia, \u017ce sk\u00f3ra staje si\u0119 g\u0142adsza. Silne po\u0142\u0105czenie 30% \u017celu Aloe Vera, organicznego ekstraktu z zielonej herbaty i kompleksu sk\u0142adnik\u00f3w aktywnych Legance (R) poprawia elastyczno\u015b\u0107 i j\u0119drno\u015b\u0107 sk\u00f3ry oraz zmniejsza magazynowanie t\u0142uszcz\u00f3w.<\/p>\n<p>&nbsp;<\/p>\n<h3><span style=\"font-size: 16pt;\">Spos\u00f3b u\u017cycia<\/span><\/h3>\n<p>Stosuj Koryguj\u0105cy Krem do Lr Aloe Vera dwa razy dziennie. Aby to zrobi\u0107, wmasuj krem do cia\u0142a w sk\u00f3r\u0119 tam, gdzie jest to potrzebne, okr\u0119\u017cnymi ruchami.<\/p>\n<p>\u2022 Dla j\u0119drnego po\u015bladka i bardziej napi\u0119tych ud<br \/>\n\u2022 Poprawia elastyczno\u015b\u0107 i spr\u0119\u017cysto\u015b\u0107 sk\u00f3ry<br \/>\n\u2022 Zapewnia wi\u0119ksz\u0105 g\u0119sto\u015b\u0107 sk\u00f3ry i sprawia, \u017ce wydaje si\u0119 ona g\u0142adsza<\/p>\n<p>&nbsp;<\/p>\n<h4><span style=\"font-size: 16pt;\">Czy wiedzia\u0142e\u015b?<\/span><\/h4>\n<p>Badania naukowe potwierdzaj\u0105 korekcyjne<br \/>\ndzia\u0142anie kremu do cia\u0142a:<\/p>\n<p>\u2022 95% badanych os\u00f3b potwierdza, \u017ce sk\u00f3ra czuje si\u0119 lepiej<br \/>\n\u2022 Popraw\u0119 g\u0119sto\u015bci sk\u00f3ry mo\u017cna wykaza\u0107 u 85% wszystkich badanych os\u00f3b za pomoc\u0105 obiektywnych pomiar\u00f3w ultrasonograficznych sk\u00f3ry, co jest wa\u017cnym kryterium dla j\u0119drniejszej, bardziej elastycznej sk\u00f3ry<br \/>\n\u2022 Poprawa <a href=\"https:\/\/www.lraloeverashop.eu\/pl\/produkt\/krem-na-rozstepy-w-ciazy\/\">g\u0119sto\u015bci sk\u00f3ry<\/a> nawet o 70%<\/p>\n<p>Badanie naukowe przeprowadzone przez Instytut Dermatest w marcu 2017 r. na 20 osobach z codziennym stosowaniem na udach, w tym obiektywny pomiar tkanek g\u0142\u0119bokich za pomoc\u0105 ultrad\u017awi\u0119k\u00f3w (ultrasonografia).<\/p>\n","protected":false},"excerpt":{"rendered":"<ul>\n<li>Bogaty krem na uda i po\u015bladki<\/li>\n<li>30% \u017cel Aloe Vera, organiczny ekstrakt z zielonej herbaty i kompleks sk\u0142adnik\u00f3w aktywnych Legance\u00ae<\/li>\n<li>Poprawia elastyczno\u015b\u0107 i spr\u0119\u017cysto\u015b\u0107 sk\u00f3ry<\/li>\n<li>Zewn\u0119trzny wygl\u0105d sk\u00f3ry jest r\u00f3wnomierny i g\u0142adszy<\/li>\n<li>Zawarto\u015b\u0107: 200 ml<\/li>\n<\/ul>\n<p>&nbsp;<\/p>\n","protected":false},"featured_media":27313,"comment_status":"open","ping_status":"closed","template":"","meta":{"_kad_blocks_custom_css":"","_kad_blocks_head_custom_js":"","_kad_blocks_body_custom_js":"","_kad_blocks_footer_custom_js":"","_kadence_starter_templates_imported_post":false,"_kad_post_transparent":"default","_kad_post_title":"","_kad_post_layout":"default","_kad_post_sidebar_id":"","_kad_post_content_style":"default","_kad_post_vertical_padding":"default","_kad_post_feature":"","_kad_post_feature_position":"","_kad_post_header":false,"_kad_post_footer":false,"_kad_post_classname":""},"product_brand":[],"product_cat":[1059,1061],"product_tag":[1123],"class_list":{"0":"post-27756","1":"product","2":"type-product","3":"status-publish","4":"has-post-thumbnail","6":"product_cat-aloe-vera-pl","7":"product_cat-pielegnacja-ciala","8":"product_tag-cellulit","10":"first","11":"instock","12":"taxable","13":"shipping-taxable","14":"purchasable","15":"product-type-simple","16":"entry","17":"content-bg","18":"loop-entry"},"yoast_head":"<!-- This site is optimized with the Yoast SEO Premium plugin v27.5 (Yoast SEO v27.5) - https:\/\/yoast.com\/product\/yoast-seo-premium-wordpress\/ -->\n<title>Koryguj\u0105cy Krem do Cia\u0142a Lr Aloe Vera na brzuch, ramiona i uda<\/title>\n<meta name=\"description\" content=\"Koryguj\u0105cy Krem do Cia\u0142a Lr Aloe Vera do ud i po\u015bladk\u00f3w sprawia, \u017ce \u200b\u200bsk\u00f3ra staje si\u0119 g\u0142adsza. Z aktywn\u0105 funkcj\u0105 Legance (R).\" \/>\n<meta name=\"robots\" content=\"index, follow, max-snippet:-1, max-image-preview:large, max-video-preview:-1\" \/>\n<link rel=\"canonical\" href=\"https:\/\/www.lraloeverashop.eu\/pl\/produkt\/korygujacy-krem-do-ciala-lr-aloe-vera\/\" \/>\n<meta property=\"og:locale\" content=\"pl_PL\" \/>\n<meta property=\"og:type\" content=\"article\" \/>\n<meta property=\"og:title\" content=\"Koryguj\u0105cy Krem do Cia\u0142a Lr Aloe Vera\" \/>\n<meta property=\"og:description\" content=\"Koryguj\u0105cy Krem do Cia\u0142a Lr Aloe Vera do ud i po\u015bladk\u00f3w sprawia, \u017ce \u200b\u200bsk\u00f3ra staje si\u0119 g\u0142adsza. Z aktywn\u0105 funkcj\u0105 Legance (R).\" \/>\n<meta property=\"og:url\" content=\"https:\/\/www.lraloeverashop.eu\/pl\/produkt\/korygujacy-krem-do-ciala-lr-aloe-vera\/\" \/>\n<meta property=\"og:site_name\" content=\"Lr Aloe Vera Shop\" \/>\n<meta property=\"article:publisher\" content=\"https:\/\/www.facebook.com\/lraloeverashop.eu\" \/>\n<meta property=\"article:modified_time\" content=\"2025-05-09T14:45:39+00:00\" \/>\n<meta property=\"og:image\" content=\"https:\/\/www.lraloeverashop.eu\/wp-content\/uploads\/2022\/10\/Aloe-Vera-Corrective-body-cream.jpg\" \/>\n\t<meta property=\"og:image:width\" content=\"1200\" \/>\n\t<meta property=\"og:image:height\" content=\"1200\" \/>\n\t<meta property=\"og:image:type\" content=\"image\/jpeg\" \/>\n<meta name=\"twitter:card\" content=\"summary_large_image\" \/>\n<meta name=\"twitter:site\" content=\"@natur__kosmetik\" \/>\n<script type=\"application\/ld+json\" class=\"yoast-schema-graph\">{\"@context\":\"https:\\\/\\\/schema.org\",\"@graph\":[{\"@type\":[\"WebPage\",\"ItemPage\"],\"@id\":\"https:\\\/\\\/www.lraloeverashop.eu\\\/pl\\\/produkt\\\/korygujacy-krem-do-ciala-lr-aloe-vera\\\/\",\"url\":\"https:\\\/\\\/www.lraloeverashop.eu\\\/pl\\\/produkt\\\/korygujacy-krem-do-ciala-lr-aloe-vera\\\/\",\"name\":\"Koryguj\u0105cy Krem do Cia\u0142a Lr Aloe Vera na brzuch, ramiona i uda\",\"isPartOf\":{\"@id\":\"https:\\\/\\\/www.lraloeverashop.eu\\\/pl\\\/#website\"},\"primaryImageOfPage\":{\"@id\":\"https:\\\/\\\/www.lraloeverashop.eu\\\/pl\\\/produkt\\\/korygujacy-krem-do-ciala-lr-aloe-vera\\\/#primaryimage\"},\"image\":{\"@id\":\"https:\\\/\\\/www.lraloeverashop.eu\\\/pl\\\/produkt\\\/korygujacy-krem-do-ciala-lr-aloe-vera\\\/#primaryimage\"},\"thumbnailUrl\":\"https:\\\/\\\/www.lraloeverashop.eu\\\/wp-content\\\/uploads\\\/2022\\\/10\\\/Aloe-Vera-Corrective-body-cream.jpg\",\"datePublished\":\"2022-10-10T16:31:01+00:00\",\"dateModified\":\"2025-05-09T14:45:39+00:00\",\"description\":\"Koryguj\u0105cy Krem do Cia\u0142a Lr Aloe Vera do ud i po\u015bladk\u00f3w sprawia, \u017ce \u200b\u200bsk\u00f3ra staje si\u0119 g\u0142adsza. Z aktywn\u0105 funkcj\u0105 Legance (R).\",\"breadcrumb\":{\"@id\":\"https:\\\/\\\/www.lraloeverashop.eu\\\/pl\\\/produkt\\\/korygujacy-krem-do-ciala-lr-aloe-vera\\\/#breadcrumb\"},\"inLanguage\":\"pl-PL\",\"potentialAction\":[{\"@type\":\"ReadAction\",\"target\":[\"https:\\\/\\\/www.lraloeverashop.eu\\\/pl\\\/produkt\\\/korygujacy-krem-do-ciala-lr-aloe-vera\\\/\"]}]},{\"@type\":\"ImageObject\",\"inLanguage\":\"pl-PL\",\"@id\":\"https:\\\/\\\/www.lraloeverashop.eu\\\/pl\\\/produkt\\\/korygujacy-krem-do-ciala-lr-aloe-vera\\\/#primaryimage\",\"url\":\"https:\\\/\\\/www.lraloeverashop.eu\\\/wp-content\\\/uploads\\\/2022\\\/10\\\/Aloe-Vera-Corrective-body-cream.jpg\",\"contentUrl\":\"https:\\\/\\\/www.lraloeverashop.eu\\\/wp-content\\\/uploads\\\/2022\\\/10\\\/Aloe-Vera-Corrective-body-cream.jpg\",\"width\":1200,\"height\":1200,\"caption\":\"Aloe Vera Koryguj\u0105cy krem do cia\u0142a\"},{\"@type\":\"BreadcrumbList\",\"@id\":\"https:\\\/\\\/www.lraloeverashop.eu\\\/pl\\\/produkt\\\/korygujacy-krem-do-ciala-lr-aloe-vera\\\/#breadcrumb\",\"itemListElement\":[{\"@type\":\"ListItem\",\"position\":1,\"name\":\"Home\",\"item\":\"https:\\\/\\\/www.lraloeverashop.eu\\\/pl\\\/\"},{\"@type\":\"ListItem\",\"position\":2,\"name\":\"Sklep\",\"item\":\"https:\\\/\\\/www.lraloeverashop.eu\\\/pl\\\/sklep\\\/\"},{\"@type\":\"ListItem\",\"position\":3,\"name\":\"Koryguj\u0105cy Krem do Cia\u0142a Lr Aloe Vera\"}]},{\"@type\":\"WebSite\",\"@id\":\"https:\\\/\\\/www.lraloeverashop.eu\\\/pl\\\/#website\",\"url\":\"https:\\\/\\\/www.lraloeverashop.eu\\\/pl\\\/\",\"name\":\"Lr Aloe Vera Shop\",\"description\":\"High Quality Lr Aloe Vera Gel, Aloe Vera Cream and Shampoo\",\"publisher\":{\"@id\":\"https:\\\/\\\/www.lraloeverashop.eu\\\/pl\\\/#organization\"},\"alternateName\":\"LR\",\"potentialAction\":[{\"@type\":\"SearchAction\",\"target\":{\"@type\":\"EntryPoint\",\"urlTemplate\":\"https:\\\/\\\/www.lraloeverashop.eu\\\/pl\\\/?s={search_term_string}\"},\"query-input\":{\"@type\":\"PropertyValueSpecification\",\"valueRequired\":true,\"valueName\":\"search_term_string\"}}],\"inLanguage\":\"pl-PL\"},{\"@type\":\"Organization\",\"@id\":\"https:\\\/\\\/www.lraloeverashop.eu\\\/pl\\\/#organization\",\"name\":\"Sklep Lr Aloe Vera\",\"alternateName\":\"LR\",\"url\":\"https:\\\/\\\/www.lraloeverashop.eu\\\/pl\\\/\",\"logo\":{\"@type\":\"ImageObject\",\"inLanguage\":\"pl-PL\",\"@id\":\"https:\\\/\\\/www.lraloeverashop.eu\\\/pl\\\/#\\\/schema\\\/logo\\\/image\\\/\",\"url\":\"https:\\\/\\\/www.lraloeverashop.eu\\\/wp-content\\\/uploads\\\/2022\\\/09\\\/cropped-Lr-Aloe-Vera-Shop.jpg\",\"contentUrl\":\"https:\\\/\\\/www.lraloeverashop.eu\\\/wp-content\\\/uploads\\\/2022\\\/09\\\/cropped-Lr-Aloe-Vera-Shop.jpg\",\"width\":228,\"height\":76,\"caption\":\"Sklep Lr Aloe Vera\"},\"image\":{\"@id\":\"https:\\\/\\\/www.lraloeverashop.eu\\\/pl\\\/#\\\/schema\\\/logo\\\/image\\\/\"},\"sameAs\":[\"https:\\\/\\\/www.facebook.com\\\/lraloeverashop.eu\",\"https:\\\/\\\/x.com\\\/natur__kosmetik\",\"https:\\\/\\\/www.youtube.com\\\/channel\\\/UC5oN7BJ8nfYb8RpVtjwDEBA\",\"https:\\\/\\\/www.instagram.com\\\/lrbeautyeu\\\/\"],\"description\":\"Sklep LR Aloe Vera to Twoje zaufane \u017ar\u00f3d\u0142o wysokiej jako\u015bci produkt\u00f3w LR Health & Beauty wyprodukowanych w Niemczech. Oferujemy wysokiej jako\u015bci produkty do piel\u0119gnacji sk\u00f3ry, od\u017cywiania i przeciwstarzeniowe z aloesem, stworzone z czystych sk\u0142adnik\u00f3w i poparte badaniami naukowymi. Odkryj naturaln\u0105 piel\u0119gnacj\u0119, kt\u00f3ra regeneruje, chroni i rewitalizuje Twoj\u0105 sk\u00f3r\u0119 \u2014 i korzystaj z ekskluzywnych comiesi\u0119cznych ofert na nasze bestsellerowe produkty LR Aloe Vera.\\nRozpocznij swoj\u0105 naturaln\u0105 piel\u0119gnacj\u0119 sk\u00f3ry ju\u017c dzi\u015b i poczuj r\u00f3\u017cnic\u0119.\",\"email\":\"info@lraloeverashop.eu\",\"telephone\":\"+49 17670609653\",\"legalName\":\"Lr Aloe Vera Shop\",\"foundingDate\":\"2018-04-21\",\"numberOfEmployees\":{\"@type\":\"QuantitativeValue\",\"minValue\":\"1\",\"maxValue\":\"10\"}}]}<\/script>\n<meta property=\"product:price:amount\" content=\"23.69\" \/>\n<meta property=\"product:price:currency\" content=\"EUR\" \/>\n<meta property=\"og:availability\" content=\"instock\" \/>\n<meta property=\"product:availability\" content=\"instock\" \/>\n<meta property=\"product:retailer_item_id\" content=\"27535-1PL\" \/>\n<meta property=\"product:condition\" content=\"new\" \/>\n<!-- \/ Yoast SEO Premium plugin. -->","yoast_head_json":{"title":"Koryguj\u0105cy Krem do Cia\u0142a Lr Aloe Vera na brzuch, ramiona i uda","description":"Koryguj\u0105cy Krem do Cia\u0142a Lr Aloe Vera do ud i po\u015bladk\u00f3w sprawia, \u017ce \u200b\u200bsk\u00f3ra staje si\u0119 g\u0142adsza. Z aktywn\u0105 funkcj\u0105 Legance (R).","robots":{"index":"index","follow":"follow","max-snippet":"max-snippet:-1","max-image-preview":"max-image-preview:large","max-video-preview":"max-video-preview:-1"},"canonical":"https:\/\/www.lraloeverashop.eu\/pl\/produkt\/korygujacy-krem-do-ciala-lr-aloe-vera\/","og_locale":"pl_PL","og_type":"article","og_title":"Koryguj\u0105cy Krem do Cia\u0142a Lr Aloe Vera","og_description":"Koryguj\u0105cy Krem do Cia\u0142a Lr Aloe Vera do ud i po\u015bladk\u00f3w sprawia, \u017ce \u200b\u200bsk\u00f3ra staje si\u0119 g\u0142adsza. Z aktywn\u0105 funkcj\u0105 Legance (R).","og_url":"https:\/\/www.lraloeverashop.eu\/pl\/produkt\/korygujacy-krem-do-ciala-lr-aloe-vera\/","og_site_name":"Lr Aloe Vera Shop","article_publisher":"https:\/\/www.facebook.com\/lraloeverashop.eu","article_modified_time":"2025-05-09T14:45:39+00:00","og_image":[{"width":1200,"height":1200,"url":"https:\/\/www.lraloeverashop.eu\/wp-content\/uploads\/2022\/10\/Aloe-Vera-Corrective-body-cream.jpg","type":"image\/jpeg"}],"twitter_card":"summary_large_image","twitter_site":"@natur__kosmetik","schema":{"@context":"https:\/\/schema.org","@graph":[{"@type":["WebPage","ItemPage"],"@id":"https:\/\/www.lraloeverashop.eu\/pl\/produkt\/korygujacy-krem-do-ciala-lr-aloe-vera\/","url":"https:\/\/www.lraloeverashop.eu\/pl\/produkt\/korygujacy-krem-do-ciala-lr-aloe-vera\/","name":"Koryguj\u0105cy Krem do Cia\u0142a Lr Aloe Vera na brzuch, ramiona i uda","isPartOf":{"@id":"https:\/\/www.lraloeverashop.eu\/pl\/#website"},"primaryImageOfPage":{"@id":"https:\/\/www.lraloeverashop.eu\/pl\/produkt\/korygujacy-krem-do-ciala-lr-aloe-vera\/#primaryimage"},"image":{"@id":"https:\/\/www.lraloeverashop.eu\/pl\/produkt\/korygujacy-krem-do-ciala-lr-aloe-vera\/#primaryimage"},"thumbnailUrl":"https:\/\/www.lraloeverashop.eu\/wp-content\/uploads\/2022\/10\/Aloe-Vera-Corrective-body-cream.jpg","datePublished":"2022-10-10T16:31:01+00:00","dateModified":"2025-05-09T14:45:39+00:00","description":"Koryguj\u0105cy Krem do Cia\u0142a Lr Aloe Vera do ud i po\u015bladk\u00f3w sprawia, \u017ce \u200b\u200bsk\u00f3ra staje si\u0119 g\u0142adsza. Z aktywn\u0105 funkcj\u0105 Legance (R).","breadcrumb":{"@id":"https:\/\/www.lraloeverashop.eu\/pl\/produkt\/korygujacy-krem-do-ciala-lr-aloe-vera\/#breadcrumb"},"inLanguage":"pl-PL","potentialAction":[{"@type":"ReadAction","target":["https:\/\/www.lraloeverashop.eu\/pl\/produkt\/korygujacy-krem-do-ciala-lr-aloe-vera\/"]}]},{"@type":"ImageObject","inLanguage":"pl-PL","@id":"https:\/\/www.lraloeverashop.eu\/pl\/produkt\/korygujacy-krem-do-ciala-lr-aloe-vera\/#primaryimage","url":"https:\/\/www.lraloeverashop.eu\/wp-content\/uploads\/2022\/10\/Aloe-Vera-Corrective-body-cream.jpg","contentUrl":"https:\/\/www.lraloeverashop.eu\/wp-content\/uploads\/2022\/10\/Aloe-Vera-Corrective-body-cream.jpg","width":1200,"height":1200,"caption":"Aloe Vera Koryguj\u0105cy krem do cia\u0142a"},{"@type":"BreadcrumbList","@id":"https:\/\/www.lraloeverashop.eu\/pl\/produkt\/korygujacy-krem-do-ciala-lr-aloe-vera\/#breadcrumb","itemListElement":[{"@type":"ListItem","position":1,"name":"Home","item":"https:\/\/www.lraloeverashop.eu\/pl\/"},{"@type":"ListItem","position":2,"name":"Sklep","item":"https:\/\/www.lraloeverashop.eu\/pl\/sklep\/"},{"@type":"ListItem","position":3,"name":"Koryguj\u0105cy Krem do Cia\u0142a Lr Aloe Vera"}]},{"@type":"WebSite","@id":"https:\/\/www.lraloeverashop.eu\/pl\/#website","url":"https:\/\/www.lraloeverashop.eu\/pl\/","name":"Lr Aloe Vera Shop","description":"High Quality Lr Aloe Vera Gel, Aloe Vera Cream and Shampoo","publisher":{"@id":"https:\/\/www.lraloeverashop.eu\/pl\/#organization"},"alternateName":"LR","potentialAction":[{"@type":"SearchAction","target":{"@type":"EntryPoint","urlTemplate":"https:\/\/www.lraloeverashop.eu\/pl\/?s={search_term_string}"},"query-input":{"@type":"PropertyValueSpecification","valueRequired":true,"valueName":"search_term_string"}}],"inLanguage":"pl-PL"},{"@type":"Organization","@id":"https:\/\/www.lraloeverashop.eu\/pl\/#organization","name":"Sklep Lr Aloe Vera","alternateName":"LR","url":"https:\/\/www.lraloeverashop.eu\/pl\/","logo":{"@type":"ImageObject","inLanguage":"pl-PL","@id":"https:\/\/www.lraloeverashop.eu\/pl\/#\/schema\/logo\/image\/","url":"https:\/\/www.lraloeverashop.eu\/wp-content\/uploads\/2022\/09\/cropped-Lr-Aloe-Vera-Shop.jpg","contentUrl":"https:\/\/www.lraloeverashop.eu\/wp-content\/uploads\/2022\/09\/cropped-Lr-Aloe-Vera-Shop.jpg","width":228,"height":76,"caption":"Sklep Lr Aloe Vera"},"image":{"@id":"https:\/\/www.lraloeverashop.eu\/pl\/#\/schema\/logo\/image\/"},"sameAs":["https:\/\/www.facebook.com\/lraloeverashop.eu","https:\/\/x.com\/natur__kosmetik","https:\/\/www.youtube.com\/channel\/UC5oN7BJ8nfYb8RpVtjwDEBA","https:\/\/www.instagram.com\/lrbeautyeu\/"],"description":"Sklep LR Aloe Vera to Twoje zaufane \u017ar\u00f3d\u0142o wysokiej jako\u015bci produkt\u00f3w LR Health & Beauty wyprodukowanych w Niemczech. Oferujemy wysokiej jako\u015bci produkty do piel\u0119gnacji sk\u00f3ry, od\u017cywiania i przeciwstarzeniowe z aloesem, stworzone z czystych sk\u0142adnik\u00f3w i poparte badaniami naukowymi. Odkryj naturaln\u0105 piel\u0119gnacj\u0119, kt\u00f3ra regeneruje, chroni i rewitalizuje Twoj\u0105 sk\u00f3r\u0119 \u2014 i korzystaj z ekskluzywnych comiesi\u0119cznych ofert na nasze bestsellerowe produkty LR Aloe Vera.\nRozpocznij swoj\u0105 naturaln\u0105 piel\u0119gnacj\u0119 sk\u00f3ry ju\u017c dzi\u015b i poczuj r\u00f3\u017cnic\u0119.","email":"info@lraloeverashop.eu","telephone":"+49 17670609653","legalName":"Lr Aloe Vera Shop","foundingDate":"2018-04-21","numberOfEmployees":{"@type":"QuantitativeValue","minValue":"1","maxValue":"10"}}]},"product_price_amount":"23.69","product_price_currency":"EUR","og_availability":"instock","product_availability":"instock","product_retailer_item_id":"27535-1PL","product_condition":"new"},"taxonomy_info":{"product_cat":[{"value":1059,"label":"Aloe Vera"},{"value":1061,"label":"Piel\u0119gnacja cia\u0142a"}],"product_tag":[{"value":1123,"label":"Cellulit"}]},"featured_image_src_large":["https:\/\/www.lraloeverashop.eu\/wp-content\/uploads\/2022\/10\/Aloe-Vera-Corrective-body-cream-1024x1024.jpg",1024,1024,true],"author_info":[],"comment_info":0,"_links":{"self":[{"href":"https:\/\/www.lraloeverashop.eu\/pl\/wp-json\/wp\/v2\/product\/27756","targetHints":{"allow":["GET"]}}],"collection":[{"href":"https:\/\/www.lraloeverashop.eu\/pl\/wp-json\/wp\/v2\/product"}],"about":[{"href":"https:\/\/www.lraloeverashop.eu\/pl\/wp-json\/wp\/v2\/types\/product"}],"replies":[{"embeddable":true,"href":"https:\/\/www.lraloeverashop.eu\/pl\/wp-json\/wp\/v2\/comments?post=27756"}],"wp:featuredmedia":[{"embeddable":true,"href":"https:\/\/www.lraloeverashop.eu\/pl\/wp-json\/wp\/v2\/media\/27313"}],"wp:attachment":[{"href":"https:\/\/www.lraloeverashop.eu\/pl\/wp-json\/wp\/v2\/media?parent=27756"}],"wp:term":[{"taxonomy":"product_brand","embeddable":true,"href":"https:\/\/www.lraloeverashop.eu\/pl\/wp-json\/wp\/v2\/product_brand?post=27756"},{"taxonomy":"product_cat","embeddable":true,"href":"https:\/\/www.lraloeverashop.eu\/pl\/wp-json\/wp\/v2\/product_cat?post=27756"},{"taxonomy":"product_tag","embeddable":true,"href":"https:\/\/www.lraloeverashop.eu\/pl\/wp-json\/wp\/v2\/product_tag?post=27756"}],"curies":[{"name":"wp","href":"https:\/\/api.w.org\/{rel}","templated":true}]}}