{"id":27754,"date":"2022-10-10T18:21:56","date_gmt":"2022-10-10T16:21:56","guid":{"rendered":"https:\/\/www.lraloeverashop.eu\/product\/aloe-vera-modelujacy-zel-do-ciala\/"},"modified":"2025-05-09T16:44:48","modified_gmt":"2025-05-09T14:44:48","slug":"aloe-vera-modelujacy-zel-do-ciala","status":"publish","type":"product","link":"https:\/\/www.lraloeverashop.eu\/pl\/produkt\/aloe-vera-modelujacy-zel-do-ciala\/","title":{"rendered":"Aloe Vera Modeluj\u0105cy \u017bel do Cia\u0142a"},"content":{"rendered":"<h2><span style=\"font-size: 16pt;\"><strong>Aloe Vera Modeluj\u0105cy \u017bel do Cia\u0142a<\/strong><\/span><\/h2>\n<p><span style=\"font-size: 14pt;\"><strong>Aloe Vera Modeluj\u0105cy \u017bel do Cia\u0142a &#8211; regularne wsparcie, aby Twoje cia\u0142o by\u0142o pi\u0119kne.<\/strong><\/span><\/p>\n<p>Szybko wch\u0142aniaj\u0105cy si\u0119 Aloe Vera Modeluj\u0105cy \u017bel do Cia\u0142a przy regularnym stosowaniu wzmacnia i napina sk\u00f3r\u0119\u00a0oraz poprawia elastyczno\u015b\u0107 tkanki. Pot\u0119\u017cne po\u0142\u0105czenie 30% \u017celu Aloe Vera, ekstraktu z bio zielonej herbaty i kompleksu sk\u0142adnik\u00f3w aktywnych Intenslim(R) pomaga poczu\u0107 si\u0119 ca\u0142kowicie <a href=\"https:\/\/www.lraloeverashop.eu\/pl\/produkt\/krem-na-rozstepy-w-ciazy\/\">komfortowo<\/a> w swojej sk\u00f3rze.<\/p>\n<p>&nbsp;<\/p>\n<h3><strong><span style=\"font-size: 16pt;\">Spos\u00f3b u\u017cycia<\/span><\/strong><\/h3>\n<p>Nak\u0142adaj delikatnie Aloe Vera Shaping Body Gel dwa razy dziennie. W razie potrzeby wmasuj \u017cel do cia\u0142a po prysznicu lub k\u0105pieli\u00a0okr\u0119\u017cnymi ruchami\u00a0w sk\u00f3r\u0119.<\/p>\n<p>\u2022 Wspomaga redukcj\u0119\u00a0obwodu talii\u00a0przy regularnym stosowaniu<br \/>\n\u2022 Poprawia elastyczno\u015b\u0107 tkanek<br \/>\n\u2022 Uj\u0119drnia i napina sk\u00f3r\u0119 przy regularnym stosowaniu<\/p>\n<p>&nbsp;<\/p>\n<h4><strong><span style=\"font-size: 16pt;\">Czy wiedzia\u0142e\u015b?<\/span><\/strong><\/h4>\n<p><strong>Badania naukowe potwierdzaj\u0105 korekcyjne dzia\u0142anie \u017celu kszta\u0142tuj\u0105cego cia\u0142o Aloe Vera:<\/strong><\/p>\n<p>\u017bel do cia\u0142a wspomaga redukcj\u0119 obwodu brzucha i zapewnia r\u00f3wnomiern\u0105 struktur\u0119 sk\u00f3ry<\/p>\n<p>\u2022 100% badanych potwierdza, \u017ce\u00a0sk\u00f3ra odczuwa popraw\u0119<br \/>\n\u2022 70% potwierdza, \u017ce sk\u00f3ra wydaje si\u0119 bardziej elastyczna<br \/>\n\u2022 70% twierdzi, \u017ce sk\u00f3ra staje si\u0119 widocznie bardziej napi\u0119ta i j\u0119drna<\/p>\n<p>Badanie naukowe przeprowadzone przez Instytut Dermatest w marcu 2017 r. na 20 osobach z codziennym stosowaniem na obwodzie talii.<\/p>\n<p><strong>PORADA EKSPERTA:\u00a0<\/strong>U\u017cyj r\u0119kawicy prysznicowej do wmasowania, aby zwi\u0119kszy\u0107 przep\u0142yw krwi.<\/p>\n","protected":false},"excerpt":{"rendered":"<ul>\n<li>Szybko wch\u0142aniaj\u0105cy si\u0119, od\u015bwie\u017caj\u0105cy \u017cel na brzuch, ramiona i uda<\/li>\n<li>30% \u017cel Aloe Vera, organiczny ekstrakt z zielonej herbaty i aktywny kompleks sk\u0142adnik\u00f3w Intenslim\u00ae<\/li>\n<li>Poprawia elastyczno\u015b\u0107 sk\u00f3ry<\/li>\n<li>Wspomaga redukcj\u0119 obwodu brzucha przy regularnym stosowaniu<\/li>\n<li>Uj\u0119drnia sk\u00f3r\u0119 przy regularnym stosowaniu<\/li>\n<li>Zawarto\u015b\u0107: 200 ml<\/li>\n<\/ul>\n<p>&nbsp;<\/p>\n","protected":false},"featured_media":27310,"comment_status":"open","ping_status":"closed","template":"","meta":{"_kad_blocks_custom_css":"","_kad_blocks_head_custom_js":"","_kad_blocks_body_custom_js":"","_kad_blocks_footer_custom_js":"","_kadence_starter_templates_imported_post":false,"_kad_post_transparent":"default","_kad_post_title":"","_kad_post_layout":"default","_kad_post_sidebar_id":"","_kad_post_content_style":"default","_kad_post_vertical_padding":"default","_kad_post_feature":"","_kad_post_feature_position":"","_kad_post_header":false,"_kad_post_footer":false,"_kad_post_classname":""},"product_brand":[],"product_cat":[1059,1061],"product_tag":[1123],"class_list":{"0":"post-27754","1":"product","2":"type-product","3":"status-publish","4":"has-post-thumbnail","6":"product_cat-aloe-vera-pl","7":"product_cat-pielegnacja-ciala","8":"product_tag-cellulit","10":"first","11":"instock","12":"taxable","13":"shipping-taxable","14":"purchasable","15":"product-type-simple","16":"entry","17":"content-bg","18":"loop-entry"},"yoast_head":"<!-- This site is optimized with the Yoast SEO Premium plugin v27.5 (Yoast SEO v27.5) - https:\/\/yoast.com\/product\/yoast-seo-premium-wordpress\/ -->\n<title>Aloe Vera Modeluj\u0105cy \u017bel Na brzuch, ramiona i uda<\/title>\n<meta name=\"description\" content=\"Aloe Vera Modeluj\u0105cy \u017bel do Cia\u0142a z 30% Aloe Vera, organicznym ekstraktem z zielonej herbaty i Intenslim\u00ae Wspomaga redukcj\u0119 brzucha, ramion i ud.\" \/>\n<meta name=\"robots\" content=\"index, follow, max-snippet:-1, max-image-preview:large, max-video-preview:-1\" \/>\n<link rel=\"canonical\" href=\"https:\/\/www.lraloeverashop.eu\/pl\/produkt\/aloe-vera-modelujacy-zel-do-ciala\/\" \/>\n<meta property=\"og:locale\" content=\"pl_PL\" \/>\n<meta property=\"og:type\" content=\"article\" \/>\n<meta property=\"og:title\" content=\"Aloe Vera Modeluj\u0105cy \u017bel do Cia\u0142a\" \/>\n<meta property=\"og:description\" content=\"Aloe Vera Modeluj\u0105cy \u017bel do Cia\u0142a z 30% Aloe Vera, organicznym ekstraktem z zielonej herbaty i Intenslim\u00ae Wspomaga redukcj\u0119 brzucha, ramion i ud.\" \/>\n<meta property=\"og:url\" content=\"https:\/\/www.lraloeverashop.eu\/pl\/produkt\/aloe-vera-modelujacy-zel-do-ciala\/\" \/>\n<meta property=\"og:site_name\" content=\"Lr Aloe Vera Shop\" \/>\n<meta property=\"article:publisher\" content=\"https:\/\/www.facebook.com\/lraloeverashop.eu\" \/>\n<meta property=\"article:modified_time\" content=\"2025-05-09T14:44:48+00:00\" \/>\n<meta property=\"og:image\" content=\"https:\/\/www.lraloeverashop.eu\/wp-content\/uploads\/2022\/10\/Aloe-Vera-Shaping-Body-Gel.jpg\" \/>\n\t<meta property=\"og:image:width\" content=\"1200\" \/>\n\t<meta property=\"og:image:height\" content=\"1200\" \/>\n\t<meta property=\"og:image:type\" content=\"image\/jpeg\" \/>\n<meta name=\"twitter:card\" content=\"summary_large_image\" \/>\n<meta name=\"twitter:site\" content=\"@natur__kosmetik\" \/>\n<script type=\"application\/ld+json\" class=\"yoast-schema-graph\">{\"@context\":\"https:\\\/\\\/schema.org\",\"@graph\":[{\"@type\":[\"WebPage\",\"ItemPage\"],\"@id\":\"https:\\\/\\\/www.lraloeverashop.eu\\\/pl\\\/produkt\\\/aloe-vera-modelujacy-zel-do-ciala\\\/\",\"url\":\"https:\\\/\\\/www.lraloeverashop.eu\\\/pl\\\/produkt\\\/aloe-vera-modelujacy-zel-do-ciala\\\/\",\"name\":\"Aloe Vera Modeluj\u0105cy \u017bel Na brzuch, ramiona i uda\",\"isPartOf\":{\"@id\":\"https:\\\/\\\/www.lraloeverashop.eu\\\/pl\\\/#website\"},\"primaryImageOfPage\":{\"@id\":\"https:\\\/\\\/www.lraloeverashop.eu\\\/pl\\\/produkt\\\/aloe-vera-modelujacy-zel-do-ciala\\\/#primaryimage\"},\"image\":{\"@id\":\"https:\\\/\\\/www.lraloeverashop.eu\\\/pl\\\/produkt\\\/aloe-vera-modelujacy-zel-do-ciala\\\/#primaryimage\"},\"thumbnailUrl\":\"https:\\\/\\\/www.lraloeverashop.eu\\\/wp-content\\\/uploads\\\/2022\\\/10\\\/Aloe-Vera-Shaping-Body-Gel.jpg\",\"datePublished\":\"2022-10-10T16:21:56+00:00\",\"dateModified\":\"2025-05-09T14:44:48+00:00\",\"description\":\"Aloe Vera Modeluj\u0105cy \u017bel do Cia\u0142a z 30% Aloe Vera, organicznym ekstraktem z zielonej herbaty i Intenslim\u00ae Wspomaga redukcj\u0119 brzucha, ramion i ud.\",\"breadcrumb\":{\"@id\":\"https:\\\/\\\/www.lraloeverashop.eu\\\/pl\\\/produkt\\\/aloe-vera-modelujacy-zel-do-ciala\\\/#breadcrumb\"},\"inLanguage\":\"pl-PL\",\"potentialAction\":[{\"@type\":\"ReadAction\",\"target\":[\"https:\\\/\\\/www.lraloeverashop.eu\\\/pl\\\/produkt\\\/aloe-vera-modelujacy-zel-do-ciala\\\/\"]}]},{\"@type\":\"ImageObject\",\"inLanguage\":\"pl-PL\",\"@id\":\"https:\\\/\\\/www.lraloeverashop.eu\\\/pl\\\/produkt\\\/aloe-vera-modelujacy-zel-do-ciala\\\/#primaryimage\",\"url\":\"https:\\\/\\\/www.lraloeverashop.eu\\\/wp-content\\\/uploads\\\/2022\\\/10\\\/Aloe-Vera-Shaping-Body-Gel.jpg\",\"contentUrl\":\"https:\\\/\\\/www.lraloeverashop.eu\\\/wp-content\\\/uploads\\\/2022\\\/10\\\/Aloe-Vera-Shaping-Body-Gel.jpg\",\"width\":1200,\"height\":1200,\"caption\":\"Aloe Vera Modeluj\u0105cy \u017cel do cia\u0142a na cellulit\"},{\"@type\":\"BreadcrumbList\",\"@id\":\"https:\\\/\\\/www.lraloeverashop.eu\\\/pl\\\/produkt\\\/aloe-vera-modelujacy-zel-do-ciala\\\/#breadcrumb\",\"itemListElement\":[{\"@type\":\"ListItem\",\"position\":1,\"name\":\"Home\",\"item\":\"https:\\\/\\\/www.lraloeverashop.eu\\\/pl\\\/\"},{\"@type\":\"ListItem\",\"position\":2,\"name\":\"Sklep\",\"item\":\"https:\\\/\\\/www.lraloeverashop.eu\\\/pl\\\/sklep\\\/\"},{\"@type\":\"ListItem\",\"position\":3,\"name\":\"Aloe Vera Modeluj\u0105cy \u017bel do Cia\u0142a\"}]},{\"@type\":\"WebSite\",\"@id\":\"https:\\\/\\\/www.lraloeverashop.eu\\\/pl\\\/#website\",\"url\":\"https:\\\/\\\/www.lraloeverashop.eu\\\/pl\\\/\",\"name\":\"Lr Aloe Vera Shop\",\"description\":\"High Quality Lr Aloe Vera Gel, Aloe Vera Cream and Shampoo\",\"publisher\":{\"@id\":\"https:\\\/\\\/www.lraloeverashop.eu\\\/pl\\\/#organization\"},\"alternateName\":\"LR\",\"potentialAction\":[{\"@type\":\"SearchAction\",\"target\":{\"@type\":\"EntryPoint\",\"urlTemplate\":\"https:\\\/\\\/www.lraloeverashop.eu\\\/pl\\\/?s={search_term_string}\"},\"query-input\":{\"@type\":\"PropertyValueSpecification\",\"valueRequired\":true,\"valueName\":\"search_term_string\"}}],\"inLanguage\":\"pl-PL\"},{\"@type\":\"Organization\",\"@id\":\"https:\\\/\\\/www.lraloeverashop.eu\\\/pl\\\/#organization\",\"name\":\"Sklep Lr Aloe Vera\",\"alternateName\":\"LR\",\"url\":\"https:\\\/\\\/www.lraloeverashop.eu\\\/pl\\\/\",\"logo\":{\"@type\":\"ImageObject\",\"inLanguage\":\"pl-PL\",\"@id\":\"https:\\\/\\\/www.lraloeverashop.eu\\\/pl\\\/#\\\/schema\\\/logo\\\/image\\\/\",\"url\":\"https:\\\/\\\/www.lraloeverashop.eu\\\/wp-content\\\/uploads\\\/2022\\\/09\\\/cropped-Lr-Aloe-Vera-Shop.jpg\",\"contentUrl\":\"https:\\\/\\\/www.lraloeverashop.eu\\\/wp-content\\\/uploads\\\/2022\\\/09\\\/cropped-Lr-Aloe-Vera-Shop.jpg\",\"width\":228,\"height\":76,\"caption\":\"Sklep Lr Aloe Vera\"},\"image\":{\"@id\":\"https:\\\/\\\/www.lraloeverashop.eu\\\/pl\\\/#\\\/schema\\\/logo\\\/image\\\/\"},\"sameAs\":[\"https:\\\/\\\/www.facebook.com\\\/lraloeverashop.eu\",\"https:\\\/\\\/x.com\\\/natur__kosmetik\",\"https:\\\/\\\/www.youtube.com\\\/channel\\\/UC5oN7BJ8nfYb8RpVtjwDEBA\",\"https:\\\/\\\/www.instagram.com\\\/lrbeautyeu\\\/\"],\"description\":\"Sklep LR Aloe Vera to Twoje zaufane \u017ar\u00f3d\u0142o wysokiej jako\u015bci produkt\u00f3w LR Health & Beauty wyprodukowanych w Niemczech. Oferujemy wysokiej jako\u015bci produkty do piel\u0119gnacji sk\u00f3ry, od\u017cywiania i przeciwstarzeniowe z aloesem, stworzone z czystych sk\u0142adnik\u00f3w i poparte badaniami naukowymi. Odkryj naturaln\u0105 piel\u0119gnacj\u0119, kt\u00f3ra regeneruje, chroni i rewitalizuje Twoj\u0105 sk\u00f3r\u0119 \u2014 i korzystaj z ekskluzywnych comiesi\u0119cznych ofert na nasze bestsellerowe produkty LR Aloe Vera.\\nRozpocznij swoj\u0105 naturaln\u0105 piel\u0119gnacj\u0119 sk\u00f3ry ju\u017c dzi\u015b i poczuj r\u00f3\u017cnic\u0119.\",\"email\":\"info@lraloeverashop.eu\",\"telephone\":\"+49 17670609653\",\"legalName\":\"Lr Aloe Vera Shop\",\"foundingDate\":\"2018-04-21\",\"numberOfEmployees\":{\"@type\":\"QuantitativeValue\",\"minValue\":\"1\",\"maxValue\":\"10\"}}]}<\/script>\n<meta property=\"product:price:amount\" content=\"23.69\" \/>\n<meta property=\"product:price:currency\" content=\"EUR\" \/>\n<meta property=\"og:availability\" content=\"instock\" \/>\n<meta property=\"product:availability\" content=\"instock\" \/>\n<meta property=\"product:retailer_item_id\" content=\"27536-1PL\" \/>\n<meta property=\"product:condition\" content=\"new\" \/>\n<!-- \/ Yoast SEO Premium plugin. -->","yoast_head_json":{"title":"Aloe Vera Modeluj\u0105cy \u017bel Na brzuch, ramiona i uda","description":"Aloe Vera Modeluj\u0105cy \u017bel do Cia\u0142a z 30% Aloe Vera, organicznym ekstraktem z zielonej herbaty i Intenslim\u00ae Wspomaga redukcj\u0119 brzucha, ramion i ud.","robots":{"index":"index","follow":"follow","max-snippet":"max-snippet:-1","max-image-preview":"max-image-preview:large","max-video-preview":"max-video-preview:-1"},"canonical":"https:\/\/www.lraloeverashop.eu\/pl\/produkt\/aloe-vera-modelujacy-zel-do-ciala\/","og_locale":"pl_PL","og_type":"article","og_title":"Aloe Vera Modeluj\u0105cy \u017bel do Cia\u0142a","og_description":"Aloe Vera Modeluj\u0105cy \u017bel do Cia\u0142a z 30% Aloe Vera, organicznym ekstraktem z zielonej herbaty i Intenslim\u00ae Wspomaga redukcj\u0119 brzucha, ramion i ud.","og_url":"https:\/\/www.lraloeverashop.eu\/pl\/produkt\/aloe-vera-modelujacy-zel-do-ciala\/","og_site_name":"Lr Aloe Vera Shop","article_publisher":"https:\/\/www.facebook.com\/lraloeverashop.eu","article_modified_time":"2025-05-09T14:44:48+00:00","og_image":[{"width":1200,"height":1200,"url":"https:\/\/www.lraloeverashop.eu\/wp-content\/uploads\/2022\/10\/Aloe-Vera-Shaping-Body-Gel.jpg","type":"image\/jpeg"}],"twitter_card":"summary_large_image","twitter_site":"@natur__kosmetik","schema":{"@context":"https:\/\/schema.org","@graph":[{"@type":["WebPage","ItemPage"],"@id":"https:\/\/www.lraloeverashop.eu\/pl\/produkt\/aloe-vera-modelujacy-zel-do-ciala\/","url":"https:\/\/www.lraloeverashop.eu\/pl\/produkt\/aloe-vera-modelujacy-zel-do-ciala\/","name":"Aloe Vera Modeluj\u0105cy \u017bel Na brzuch, ramiona i uda","isPartOf":{"@id":"https:\/\/www.lraloeverashop.eu\/pl\/#website"},"primaryImageOfPage":{"@id":"https:\/\/www.lraloeverashop.eu\/pl\/produkt\/aloe-vera-modelujacy-zel-do-ciala\/#primaryimage"},"image":{"@id":"https:\/\/www.lraloeverashop.eu\/pl\/produkt\/aloe-vera-modelujacy-zel-do-ciala\/#primaryimage"},"thumbnailUrl":"https:\/\/www.lraloeverashop.eu\/wp-content\/uploads\/2022\/10\/Aloe-Vera-Shaping-Body-Gel.jpg","datePublished":"2022-10-10T16:21:56+00:00","dateModified":"2025-05-09T14:44:48+00:00","description":"Aloe Vera Modeluj\u0105cy \u017bel do Cia\u0142a z 30% Aloe Vera, organicznym ekstraktem z zielonej herbaty i Intenslim\u00ae Wspomaga redukcj\u0119 brzucha, ramion i ud.","breadcrumb":{"@id":"https:\/\/www.lraloeverashop.eu\/pl\/produkt\/aloe-vera-modelujacy-zel-do-ciala\/#breadcrumb"},"inLanguage":"pl-PL","potentialAction":[{"@type":"ReadAction","target":["https:\/\/www.lraloeverashop.eu\/pl\/produkt\/aloe-vera-modelujacy-zel-do-ciala\/"]}]},{"@type":"ImageObject","inLanguage":"pl-PL","@id":"https:\/\/www.lraloeverashop.eu\/pl\/produkt\/aloe-vera-modelujacy-zel-do-ciala\/#primaryimage","url":"https:\/\/www.lraloeverashop.eu\/wp-content\/uploads\/2022\/10\/Aloe-Vera-Shaping-Body-Gel.jpg","contentUrl":"https:\/\/www.lraloeverashop.eu\/wp-content\/uploads\/2022\/10\/Aloe-Vera-Shaping-Body-Gel.jpg","width":1200,"height":1200,"caption":"Aloe Vera Modeluj\u0105cy \u017cel do cia\u0142a na cellulit"},{"@type":"BreadcrumbList","@id":"https:\/\/www.lraloeverashop.eu\/pl\/produkt\/aloe-vera-modelujacy-zel-do-ciala\/#breadcrumb","itemListElement":[{"@type":"ListItem","position":1,"name":"Home","item":"https:\/\/www.lraloeverashop.eu\/pl\/"},{"@type":"ListItem","position":2,"name":"Sklep","item":"https:\/\/www.lraloeverashop.eu\/pl\/sklep\/"},{"@type":"ListItem","position":3,"name":"Aloe Vera Modeluj\u0105cy \u017bel do Cia\u0142a"}]},{"@type":"WebSite","@id":"https:\/\/www.lraloeverashop.eu\/pl\/#website","url":"https:\/\/www.lraloeverashop.eu\/pl\/","name":"Lr Aloe Vera Shop","description":"High Quality Lr Aloe Vera Gel, Aloe Vera Cream and Shampoo","publisher":{"@id":"https:\/\/www.lraloeverashop.eu\/pl\/#organization"},"alternateName":"LR","potentialAction":[{"@type":"SearchAction","target":{"@type":"EntryPoint","urlTemplate":"https:\/\/www.lraloeverashop.eu\/pl\/?s={search_term_string}"},"query-input":{"@type":"PropertyValueSpecification","valueRequired":true,"valueName":"search_term_string"}}],"inLanguage":"pl-PL"},{"@type":"Organization","@id":"https:\/\/www.lraloeverashop.eu\/pl\/#organization","name":"Sklep Lr Aloe Vera","alternateName":"LR","url":"https:\/\/www.lraloeverashop.eu\/pl\/","logo":{"@type":"ImageObject","inLanguage":"pl-PL","@id":"https:\/\/www.lraloeverashop.eu\/pl\/#\/schema\/logo\/image\/","url":"https:\/\/www.lraloeverashop.eu\/wp-content\/uploads\/2022\/09\/cropped-Lr-Aloe-Vera-Shop.jpg","contentUrl":"https:\/\/www.lraloeverashop.eu\/wp-content\/uploads\/2022\/09\/cropped-Lr-Aloe-Vera-Shop.jpg","width":228,"height":76,"caption":"Sklep Lr Aloe Vera"},"image":{"@id":"https:\/\/www.lraloeverashop.eu\/pl\/#\/schema\/logo\/image\/"},"sameAs":["https:\/\/www.facebook.com\/lraloeverashop.eu","https:\/\/x.com\/natur__kosmetik","https:\/\/www.youtube.com\/channel\/UC5oN7BJ8nfYb8RpVtjwDEBA","https:\/\/www.instagram.com\/lrbeautyeu\/"],"description":"Sklep LR Aloe Vera to Twoje zaufane \u017ar\u00f3d\u0142o wysokiej jako\u015bci produkt\u00f3w LR Health & Beauty wyprodukowanych w Niemczech. Oferujemy wysokiej jako\u015bci produkty do piel\u0119gnacji sk\u00f3ry, od\u017cywiania i przeciwstarzeniowe z aloesem, stworzone z czystych sk\u0142adnik\u00f3w i poparte badaniami naukowymi. Odkryj naturaln\u0105 piel\u0119gnacj\u0119, kt\u00f3ra regeneruje, chroni i rewitalizuje Twoj\u0105 sk\u00f3r\u0119 \u2014 i korzystaj z ekskluzywnych comiesi\u0119cznych ofert na nasze bestsellerowe produkty LR Aloe Vera.\nRozpocznij swoj\u0105 naturaln\u0105 piel\u0119gnacj\u0119 sk\u00f3ry ju\u017c dzi\u015b i poczuj r\u00f3\u017cnic\u0119.","email":"info@lraloeverashop.eu","telephone":"+49 17670609653","legalName":"Lr Aloe Vera Shop","foundingDate":"2018-04-21","numberOfEmployees":{"@type":"QuantitativeValue","minValue":"1","maxValue":"10"}}]},"product_price_amount":"23.69","product_price_currency":"EUR","og_availability":"instock","product_availability":"instock","product_retailer_item_id":"27536-1PL","product_condition":"new"},"taxonomy_info":{"product_cat":[{"value":1059,"label":"Aloe Vera"},{"value":1061,"label":"Piel\u0119gnacja cia\u0142a"}],"product_tag":[{"value":1123,"label":"Cellulit"}]},"featured_image_src_large":["https:\/\/www.lraloeverashop.eu\/wp-content\/uploads\/2022\/10\/Aloe-Vera-Shaping-Body-Gel-1024x1024.jpg",1024,1024,true],"author_info":[],"comment_info":0,"_links":{"self":[{"href":"https:\/\/www.lraloeverashop.eu\/pl\/wp-json\/wp\/v2\/product\/27754","targetHints":{"allow":["GET"]}}],"collection":[{"href":"https:\/\/www.lraloeverashop.eu\/pl\/wp-json\/wp\/v2\/product"}],"about":[{"href":"https:\/\/www.lraloeverashop.eu\/pl\/wp-json\/wp\/v2\/types\/product"}],"replies":[{"embeddable":true,"href":"https:\/\/www.lraloeverashop.eu\/pl\/wp-json\/wp\/v2\/comments?post=27754"}],"wp:featuredmedia":[{"embeddable":true,"href":"https:\/\/www.lraloeverashop.eu\/pl\/wp-json\/wp\/v2\/media\/27310"}],"wp:attachment":[{"href":"https:\/\/www.lraloeverashop.eu\/pl\/wp-json\/wp\/v2\/media?parent=27754"}],"wp:term":[{"taxonomy":"product_brand","embeddable":true,"href":"https:\/\/www.lraloeverashop.eu\/pl\/wp-json\/wp\/v2\/product_brand?post=27754"},{"taxonomy":"product_cat","embeddable":true,"href":"https:\/\/www.lraloeverashop.eu\/pl\/wp-json\/wp\/v2\/product_cat?post=27754"},{"taxonomy":"product_tag","embeddable":true,"href":"https:\/\/www.lraloeverashop.eu\/pl\/wp-json\/wp\/v2\/product_tag?post=27754"}],"curies":[{"name":"wp","href":"https:\/\/api.w.org\/{rel}","templated":true}]}}