{"id":27741,"date":"2022-10-11T08:13:54","date_gmt":"2022-10-11T06:13:54","guid":{"rendered":"https:\/\/www.lraloeverashop.eu\/product\/tonik-do-twarzy-lr-aloe-vera\/"},"modified":"2022-10-11T08:13:54","modified_gmt":"2022-10-11T06:13:54","slug":"tonik-do-twarzy-lr-aloe-vera","status":"publish","type":"product","link":"https:\/\/www.lraloeverashop.eu\/pl\/produkt\/tonik-do-twarzy-lr-aloe-vera\/","title":{"rendered":"Tonik do Twarzy Lr Aloe Vera"},"content":{"rendered":"<h2><span style=\"font-size: 16pt;\"><strong>Tonik do Twarzy Lr Aloe Vera<\/strong><\/span><\/h2>\n<p><span style=\"font-size: 14pt;\"><strong>Tonik do Twarzy Lr Aloe Vera With z 50% aloesem i organicznym ekstraktem z dzikiej r\u00f3\u017cy<\/strong><\/span><\/p>\n<p>Tonik do Twarzy Lr Aloe Vera skutecznie oczyszcza sk\u00f3r\u0119 i przygotowuje j\u0105 do codziennych krok\u00f3w piel\u0119gnacyjnych. Delikatny, bezalkoholowy tonik oczyszczaj\u0105cy do twarzy z 50% aloesu oczyszcza i odm\u0142adza sk\u00f3r\u0119 po zastosowaniu mleczka oczyszczaj\u0105cego Aloe Vera. Odblokowuje pory i usuwa pozosta\u0142o\u015bci makija\u017cu oraz zanieczyszczenia, nie zaburzaj\u0105c naturalnej r\u00f3wnowagi sk\u00f3ry. Ekstrakt z dzikiej r\u00f3\u017cy jest wyj\u0105tkowo \u0142agodny dla sk\u00f3ry.<\/p>\n<p>&nbsp;<\/p>\n<h3><strong><span style=\"font-size: 16pt;\">Jak u\u017cywa\u0107 tonik do twarzy Lr Aloe Vera<\/span><\/strong><\/h3>\n<p>Nak\u0142adaj tonik rano i wieczorem, po dok\u0142adnym oczyszczeniu twarzy. Na\u0142\u00f3\u017c go na kawa\u0142ek bawe\u0142ny i delikatnie przeprowad\u017a na ca\u0142ej twarzy, szyi i dekolcie. Omijaj okolice oczu. Nast\u0119pnie na\u0142\u00f3\u017c Krem do Twarzy na Dzie\u0144 z Aloesem\u00a0lub Krem do Twarzy na Noc Lr Aloe Vera.<\/p>\n<p>&nbsp;<\/p>\n<h4><span style=\"font-size: 16pt;\"><strong>Czy wiedzia\u0142e\u015b?<\/strong><\/span><\/h4>\n<p class=\"nitro-offscreen\">Nie sp\u0142ukuj Tonik do Twarzy Lr Aloe Vera. Jego w\u0142a\u015bciwo\u015bci oczyszczaj\u0105ce i nawil\u017caj\u0105ce uwalniaj\u0105 si\u0119 tylko wtedy, gdy Tonik mo\u017ce wch\u0142on\u0105\u0107 si\u0119 w sk\u00f3r\u0119. Jego bogata formu\u0142a zawiera 50% \u017celu Aloe Vera i mo\u017ce by\u0107 stosowana do leczenia drobnych zmarszczek spowodowanych sucho\u015bci\u0105, ale tak\u017ce do rewitalizacji zm\u0119czonej sk\u00f3ry.<\/p>\n<p class=\"nitro-offscreen\">Aby uzyska\u0107 kopa \u015bwie\u017co\u015bci, na\u0142\u00f3\u017c Tonik na czysty kawa\u0142ek bawe\u0142ny i na twarz. Zapewnia sk\u00f3rze intensywne nawil\u017cenie. Aby uzyska\u0107 wi\u0119ksz\u0105 \u015bwie\u017co\u015b\u0107, umie\u015b\u0107 tonik w lod\u00f3wce na chwil\u0119 przed na\u0142o\u017ceniem.<\/p>\n<p>&nbsp;<\/p>\n<h5><span style=\"font-size: 16pt;\"><strong>Cz\u0119sto zadawane pytania<\/strong><\/span><\/h5>\n<p><strong>Dlaczego tonik do twarzy Aloe Vera nie zawiera alkoholu?<\/strong><br \/>\nJe\u015bli Tonik do Twarzy zawiera alkohol, mo\u017ce powodowa\u0107 wysuszenie sk\u00f3ry. Dlatego zdecydowanie zalecamy stosowanie \u0142agodnych, przyjaznych dla sk\u00f3ry produkt\u00f3w, takich jak Najlepszy Tonik do Twarzy Aloe Vera, szczeg\u00f3lnie w przypadku wra\u017cliwej, bardzo suchej sk\u00f3ry.<\/p>\n","protected":false},"excerpt":{"rendered":"<ul>\n<li>Z 50% aloesem i organicznym ekstraktem z dzikiej r\u00f3\u017cy<\/li>\n<li>Po oczyszczeniu sk\u00f3ry za pomoc\u0105 mleczka oczyszczaj\u0105cego z aloesu, tonik skutecznie usuwa wszelkie pozosta\u0142o\u015bci makija\u017cu ze sk\u00f3ry<\/li>\n<li>Oczyszcza, rewitalizuje i nawil\u017ca sk\u00f3r\u0119<\/li>\n<li>Nie zawiera alkoholu<\/li>\n<li>Zawarto\u015b\u0107: 200 ml<\/li>\n<\/ul>\n","protected":false},"featured_media":27321,"comment_status":"open","ping_status":"closed","template":"","meta":{"_kad_blocks_custom_css":"","_kad_blocks_head_custom_js":"","_kad_blocks_body_custom_js":"","_kad_blocks_footer_custom_js":"","_kadence_starter_templates_imported_post":false,"_kad_post_transparent":"default","_kad_post_title":"","_kad_post_layout":"default","_kad_post_sidebar_id":"","_kad_post_content_style":"default","_kad_post_vertical_padding":"default","_kad_post_feature":"","_kad_post_feature_position":"","_kad_post_header":false,"_kad_post_footer":false,"_kad_post_classname":""},"product_brand":[],"product_cat":[1059,1063],"product_tag":[1133],"class_list":{"0":"post-27741","1":"product","2":"type-product","3":"status-publish","4":"has-post-thumbnail","6":"product_cat-aloe-vera-pl","7":"product_cat-pielegnacja-twarzy","8":"product_tag-oczyszczanie-twarzy","10":"first","11":"instock","12":"taxable","13":"shipping-taxable","14":"purchasable","15":"product-type-simple","16":"entry","17":"content-bg","18":"loop-entry"},"yoast_head":"<!-- This site is optimized with the Yoast SEO Premium plugin v27.5 (Yoast SEO v27.5) - https:\/\/yoast.com\/product\/yoast-seo-premium-wordpress\/ -->\n<title>Tonik do Twarzy Lr Aloe Vera Oczyszcza i Rewitalizuje Sk\u00f3r\u0119<\/title>\n<meta name=\"description\" content=\"Tonik do Twarzy Lr Aloe Vera skutecznie oczyszcza sk\u00f3r\u0119 i przygotowuje j\u0105 do kolejnych krok\u00f3w codziennej piel\u0119gnacji. Z 50% aloesu\" \/>\n<meta name=\"robots\" content=\"index, follow, max-snippet:-1, max-image-preview:large, max-video-preview:-1\" \/>\n<link rel=\"canonical\" href=\"https:\/\/www.lraloeverashop.eu\/pl\/produkt\/tonik-do-twarzy-lr-aloe-vera\/\" \/>\n<meta property=\"og:locale\" content=\"pl_PL\" \/>\n<meta property=\"og:type\" content=\"article\" \/>\n<meta property=\"og:title\" content=\"Tonik do Twarzy Lr Aloe Vera\" \/>\n<meta property=\"og:description\" content=\"Tonik do Twarzy Lr Aloe Vera skutecznie oczyszcza sk\u00f3r\u0119 i przygotowuje j\u0105 do kolejnych krok\u00f3w codziennej piel\u0119gnacji. Z 50% aloesu\" \/>\n<meta property=\"og:url\" content=\"https:\/\/www.lraloeverashop.eu\/pl\/produkt\/tonik-do-twarzy-lr-aloe-vera\/\" \/>\n<meta property=\"og:site_name\" content=\"Lr Aloe Vera Shop\" \/>\n<meta property=\"article:publisher\" content=\"https:\/\/www.facebook.com\/lraloeverashop.eu\" \/>\n<meta property=\"og:image\" content=\"https:\/\/www.lraloeverashop.eu\/wp-content\/uploads\/2022\/10\/Lr-Clarifying-Face-Tonic-With-Aloe-Vera.jpg\" \/>\n\t<meta property=\"og:image:width\" content=\"1200\" \/>\n\t<meta property=\"og:image:height\" content=\"1200\" \/>\n\t<meta property=\"og:image:type\" content=\"image\/jpeg\" \/>\n<meta name=\"twitter:card\" content=\"summary_large_image\" \/>\n<meta name=\"twitter:site\" content=\"@natur__kosmetik\" \/>\n<script type=\"application\/ld+json\" class=\"yoast-schema-graph\">{\"@context\":\"https:\\\/\\\/schema.org\",\"@graph\":[{\"@type\":[\"WebPage\",\"ItemPage\"],\"@id\":\"https:\\\/\\\/www.lraloeverashop.eu\\\/pl\\\/produkt\\\/tonik-do-twarzy-lr-aloe-vera\\\/\",\"url\":\"https:\\\/\\\/www.lraloeverashop.eu\\\/pl\\\/produkt\\\/tonik-do-twarzy-lr-aloe-vera\\\/\",\"name\":\"Tonik do Twarzy Lr Aloe Vera Oczyszcza i Rewitalizuje Sk\u00f3r\u0119\",\"isPartOf\":{\"@id\":\"https:\\\/\\\/www.lraloeverashop.eu\\\/pl\\\/#website\"},\"primaryImageOfPage\":{\"@id\":\"https:\\\/\\\/www.lraloeverashop.eu\\\/pl\\\/produkt\\\/tonik-do-twarzy-lr-aloe-vera\\\/#primaryimage\"},\"image\":{\"@id\":\"https:\\\/\\\/www.lraloeverashop.eu\\\/pl\\\/produkt\\\/tonik-do-twarzy-lr-aloe-vera\\\/#primaryimage\"},\"thumbnailUrl\":\"https:\\\/\\\/www.lraloeverashop.eu\\\/wp-content\\\/uploads\\\/2022\\\/10\\\/Lr-Clarifying-Face-Tonic-With-Aloe-Vera.jpg\",\"datePublished\":\"2022-10-11T06:13:54+00:00\",\"description\":\"Tonik do Twarzy Lr Aloe Vera skutecznie oczyszcza sk\u00f3r\u0119 i przygotowuje j\u0105 do kolejnych krok\u00f3w codziennej piel\u0119gnacji. Z 50% aloesu\",\"breadcrumb\":{\"@id\":\"https:\\\/\\\/www.lraloeverashop.eu\\\/pl\\\/produkt\\\/tonik-do-twarzy-lr-aloe-vera\\\/#breadcrumb\"},\"inLanguage\":\"pl-PL\",\"potentialAction\":[{\"@type\":\"ReadAction\",\"target\":[\"https:\\\/\\\/www.lraloeverashop.eu\\\/pl\\\/produkt\\\/tonik-do-twarzy-lr-aloe-vera\\\/\"]}]},{\"@type\":\"ImageObject\",\"inLanguage\":\"pl-PL\",\"@id\":\"https:\\\/\\\/www.lraloeverashop.eu\\\/pl\\\/produkt\\\/tonik-do-twarzy-lr-aloe-vera\\\/#primaryimage\",\"url\":\"https:\\\/\\\/www.lraloeverashop.eu\\\/wp-content\\\/uploads\\\/2022\\\/10\\\/Lr-Clarifying-Face-Tonic-With-Aloe-Vera.jpg\",\"contentUrl\":\"https:\\\/\\\/www.lraloeverashop.eu\\\/wp-content\\\/uploads\\\/2022\\\/10\\\/Lr-Clarifying-Face-Tonic-With-Aloe-Vera.jpg\",\"width\":1200,\"height\":1200,\"caption\":\"Tonik do Twarzy z Aloesem Lr Aloe Vera\"},{\"@type\":\"BreadcrumbList\",\"@id\":\"https:\\\/\\\/www.lraloeverashop.eu\\\/pl\\\/produkt\\\/tonik-do-twarzy-lr-aloe-vera\\\/#breadcrumb\",\"itemListElement\":[{\"@type\":\"ListItem\",\"position\":1,\"name\":\"Home\",\"item\":\"https:\\\/\\\/www.lraloeverashop.eu\\\/pl\\\/\"},{\"@type\":\"ListItem\",\"position\":2,\"name\":\"Sklep\",\"item\":\"https:\\\/\\\/www.lraloeverashop.eu\\\/pl\\\/sklep\\\/\"},{\"@type\":\"ListItem\",\"position\":3,\"name\":\"Tonik do Twarzy Lr Aloe Vera\"}]},{\"@type\":\"WebSite\",\"@id\":\"https:\\\/\\\/www.lraloeverashop.eu\\\/pl\\\/#website\",\"url\":\"https:\\\/\\\/www.lraloeverashop.eu\\\/pl\\\/\",\"name\":\"Lr Aloe Vera Shop\",\"description\":\"High Quality Lr Aloe Vera Gel, Aloe Vera Cream and Shampoo\",\"publisher\":{\"@id\":\"https:\\\/\\\/www.lraloeverashop.eu\\\/pl\\\/#organization\"},\"alternateName\":\"LR\",\"potentialAction\":[{\"@type\":\"SearchAction\",\"target\":{\"@type\":\"EntryPoint\",\"urlTemplate\":\"https:\\\/\\\/www.lraloeverashop.eu\\\/pl\\\/?s={search_term_string}\"},\"query-input\":{\"@type\":\"PropertyValueSpecification\",\"valueRequired\":true,\"valueName\":\"search_term_string\"}}],\"inLanguage\":\"pl-PL\"},{\"@type\":\"Organization\",\"@id\":\"https:\\\/\\\/www.lraloeverashop.eu\\\/pl\\\/#organization\",\"name\":\"Sklep Lr Aloe Vera\",\"alternateName\":\"LR\",\"url\":\"https:\\\/\\\/www.lraloeverashop.eu\\\/pl\\\/\",\"logo\":{\"@type\":\"ImageObject\",\"inLanguage\":\"pl-PL\",\"@id\":\"https:\\\/\\\/www.lraloeverashop.eu\\\/pl\\\/#\\\/schema\\\/logo\\\/image\\\/\",\"url\":\"https:\\\/\\\/www.lraloeverashop.eu\\\/wp-content\\\/uploads\\\/2022\\\/09\\\/cropped-Lr-Aloe-Vera-Shop.jpg\",\"contentUrl\":\"https:\\\/\\\/www.lraloeverashop.eu\\\/wp-content\\\/uploads\\\/2022\\\/09\\\/cropped-Lr-Aloe-Vera-Shop.jpg\",\"width\":228,\"height\":76,\"caption\":\"Sklep Lr Aloe Vera\"},\"image\":{\"@id\":\"https:\\\/\\\/www.lraloeverashop.eu\\\/pl\\\/#\\\/schema\\\/logo\\\/image\\\/\"},\"sameAs\":[\"https:\\\/\\\/www.facebook.com\\\/lraloeverashop.eu\",\"https:\\\/\\\/x.com\\\/natur__kosmetik\",\"https:\\\/\\\/www.youtube.com\\\/channel\\\/UC5oN7BJ8nfYb8RpVtjwDEBA\",\"https:\\\/\\\/www.instagram.com\\\/lrbeautyeu\\\/\"],\"description\":\"Sklep LR Aloe Vera to Twoje zaufane \u017ar\u00f3d\u0142o wysokiej jako\u015bci produkt\u00f3w LR Health & Beauty wyprodukowanych w Niemczech. Oferujemy wysokiej jako\u015bci produkty do piel\u0119gnacji sk\u00f3ry, od\u017cywiania i przeciwstarzeniowe z aloesem, stworzone z czystych sk\u0142adnik\u00f3w i poparte badaniami naukowymi. Odkryj naturaln\u0105 piel\u0119gnacj\u0119, kt\u00f3ra regeneruje, chroni i rewitalizuje Twoj\u0105 sk\u00f3r\u0119 \u2014 i korzystaj z ekskluzywnych comiesi\u0119cznych ofert na nasze bestsellerowe produkty LR Aloe Vera.\\nRozpocznij swoj\u0105 naturaln\u0105 piel\u0119gnacj\u0119 sk\u00f3ry ju\u017c dzi\u015b i poczuj r\u00f3\u017cnic\u0119.\",\"email\":\"info@lraloeverashop.eu\",\"telephone\":\"+49 17670609653\",\"legalName\":\"Lr Aloe Vera Shop\",\"foundingDate\":\"2018-04-21\",\"numberOfEmployees\":{\"@type\":\"QuantitativeValue\",\"minValue\":\"1\",\"maxValue\":\"10\"}}]}<\/script>\n<meta property=\"product:price:amount\" content=\"12.99\" \/>\n<meta property=\"product:price:currency\" content=\"EUR\" \/>\n<meta property=\"og:availability\" content=\"instock\" \/>\n<meta property=\"product:availability\" content=\"instock\" \/>\n<meta property=\"product:retailer_item_id\" content=\"20671-201PL\" \/>\n<meta property=\"product:condition\" content=\"new\" \/>\n<!-- \/ Yoast SEO Premium plugin. -->","yoast_head_json":{"title":"Tonik do Twarzy Lr Aloe Vera Oczyszcza i Rewitalizuje Sk\u00f3r\u0119","description":"Tonik do Twarzy Lr Aloe Vera skutecznie oczyszcza sk\u00f3r\u0119 i przygotowuje j\u0105 do kolejnych krok\u00f3w codziennej piel\u0119gnacji. Z 50% aloesu","robots":{"index":"index","follow":"follow","max-snippet":"max-snippet:-1","max-image-preview":"max-image-preview:large","max-video-preview":"max-video-preview:-1"},"canonical":"https:\/\/www.lraloeverashop.eu\/pl\/produkt\/tonik-do-twarzy-lr-aloe-vera\/","og_locale":"pl_PL","og_type":"article","og_title":"Tonik do Twarzy Lr Aloe Vera","og_description":"Tonik do Twarzy Lr Aloe Vera skutecznie oczyszcza sk\u00f3r\u0119 i przygotowuje j\u0105 do kolejnych krok\u00f3w codziennej piel\u0119gnacji. Z 50% aloesu","og_url":"https:\/\/www.lraloeverashop.eu\/pl\/produkt\/tonik-do-twarzy-lr-aloe-vera\/","og_site_name":"Lr Aloe Vera Shop","article_publisher":"https:\/\/www.facebook.com\/lraloeverashop.eu","og_image":[{"width":1200,"height":1200,"url":"https:\/\/www.lraloeverashop.eu\/wp-content\/uploads\/2022\/10\/Lr-Clarifying-Face-Tonic-With-Aloe-Vera.jpg","type":"image\/jpeg"}],"twitter_card":"summary_large_image","twitter_site":"@natur__kosmetik","schema":{"@context":"https:\/\/schema.org","@graph":[{"@type":["WebPage","ItemPage"],"@id":"https:\/\/www.lraloeverashop.eu\/pl\/produkt\/tonik-do-twarzy-lr-aloe-vera\/","url":"https:\/\/www.lraloeverashop.eu\/pl\/produkt\/tonik-do-twarzy-lr-aloe-vera\/","name":"Tonik do Twarzy Lr Aloe Vera Oczyszcza i Rewitalizuje Sk\u00f3r\u0119","isPartOf":{"@id":"https:\/\/www.lraloeverashop.eu\/pl\/#website"},"primaryImageOfPage":{"@id":"https:\/\/www.lraloeverashop.eu\/pl\/produkt\/tonik-do-twarzy-lr-aloe-vera\/#primaryimage"},"image":{"@id":"https:\/\/www.lraloeverashop.eu\/pl\/produkt\/tonik-do-twarzy-lr-aloe-vera\/#primaryimage"},"thumbnailUrl":"https:\/\/www.lraloeverashop.eu\/wp-content\/uploads\/2022\/10\/Lr-Clarifying-Face-Tonic-With-Aloe-Vera.jpg","datePublished":"2022-10-11T06:13:54+00:00","description":"Tonik do Twarzy Lr Aloe Vera skutecznie oczyszcza sk\u00f3r\u0119 i przygotowuje j\u0105 do kolejnych krok\u00f3w codziennej piel\u0119gnacji. Z 50% aloesu","breadcrumb":{"@id":"https:\/\/www.lraloeverashop.eu\/pl\/produkt\/tonik-do-twarzy-lr-aloe-vera\/#breadcrumb"},"inLanguage":"pl-PL","potentialAction":[{"@type":"ReadAction","target":["https:\/\/www.lraloeverashop.eu\/pl\/produkt\/tonik-do-twarzy-lr-aloe-vera\/"]}]},{"@type":"ImageObject","inLanguage":"pl-PL","@id":"https:\/\/www.lraloeverashop.eu\/pl\/produkt\/tonik-do-twarzy-lr-aloe-vera\/#primaryimage","url":"https:\/\/www.lraloeverashop.eu\/wp-content\/uploads\/2022\/10\/Lr-Clarifying-Face-Tonic-With-Aloe-Vera.jpg","contentUrl":"https:\/\/www.lraloeverashop.eu\/wp-content\/uploads\/2022\/10\/Lr-Clarifying-Face-Tonic-With-Aloe-Vera.jpg","width":1200,"height":1200,"caption":"Tonik do Twarzy z Aloesem Lr Aloe Vera"},{"@type":"BreadcrumbList","@id":"https:\/\/www.lraloeverashop.eu\/pl\/produkt\/tonik-do-twarzy-lr-aloe-vera\/#breadcrumb","itemListElement":[{"@type":"ListItem","position":1,"name":"Home","item":"https:\/\/www.lraloeverashop.eu\/pl\/"},{"@type":"ListItem","position":2,"name":"Sklep","item":"https:\/\/www.lraloeverashop.eu\/pl\/sklep\/"},{"@type":"ListItem","position":3,"name":"Tonik do Twarzy Lr Aloe Vera"}]},{"@type":"WebSite","@id":"https:\/\/www.lraloeverashop.eu\/pl\/#website","url":"https:\/\/www.lraloeverashop.eu\/pl\/","name":"Lr Aloe Vera Shop","description":"High Quality Lr Aloe Vera Gel, Aloe Vera Cream and Shampoo","publisher":{"@id":"https:\/\/www.lraloeverashop.eu\/pl\/#organization"},"alternateName":"LR","potentialAction":[{"@type":"SearchAction","target":{"@type":"EntryPoint","urlTemplate":"https:\/\/www.lraloeverashop.eu\/pl\/?s={search_term_string}"},"query-input":{"@type":"PropertyValueSpecification","valueRequired":true,"valueName":"search_term_string"}}],"inLanguage":"pl-PL"},{"@type":"Organization","@id":"https:\/\/www.lraloeverashop.eu\/pl\/#organization","name":"Sklep Lr Aloe Vera","alternateName":"LR","url":"https:\/\/www.lraloeverashop.eu\/pl\/","logo":{"@type":"ImageObject","inLanguage":"pl-PL","@id":"https:\/\/www.lraloeverashop.eu\/pl\/#\/schema\/logo\/image\/","url":"https:\/\/www.lraloeverashop.eu\/wp-content\/uploads\/2022\/09\/cropped-Lr-Aloe-Vera-Shop.jpg","contentUrl":"https:\/\/www.lraloeverashop.eu\/wp-content\/uploads\/2022\/09\/cropped-Lr-Aloe-Vera-Shop.jpg","width":228,"height":76,"caption":"Sklep Lr Aloe Vera"},"image":{"@id":"https:\/\/www.lraloeverashop.eu\/pl\/#\/schema\/logo\/image\/"},"sameAs":["https:\/\/www.facebook.com\/lraloeverashop.eu","https:\/\/x.com\/natur__kosmetik","https:\/\/www.youtube.com\/channel\/UC5oN7BJ8nfYb8RpVtjwDEBA","https:\/\/www.instagram.com\/lrbeautyeu\/"],"description":"Sklep LR Aloe Vera to Twoje zaufane \u017ar\u00f3d\u0142o wysokiej jako\u015bci produkt\u00f3w LR Health & Beauty wyprodukowanych w Niemczech. Oferujemy wysokiej jako\u015bci produkty do piel\u0119gnacji sk\u00f3ry, od\u017cywiania i przeciwstarzeniowe z aloesem, stworzone z czystych sk\u0142adnik\u00f3w i poparte badaniami naukowymi. Odkryj naturaln\u0105 piel\u0119gnacj\u0119, kt\u00f3ra regeneruje, chroni i rewitalizuje Twoj\u0105 sk\u00f3r\u0119 \u2014 i korzystaj z ekskluzywnych comiesi\u0119cznych ofert na nasze bestsellerowe produkty LR Aloe Vera.\nRozpocznij swoj\u0105 naturaln\u0105 piel\u0119gnacj\u0119 sk\u00f3ry ju\u017c dzi\u015b i poczuj r\u00f3\u017cnic\u0119.","email":"info@lraloeverashop.eu","telephone":"+49 17670609653","legalName":"Lr Aloe Vera Shop","foundingDate":"2018-04-21","numberOfEmployees":{"@type":"QuantitativeValue","minValue":"1","maxValue":"10"}}]},"product_price_amount":"12.99","product_price_currency":"EUR","og_availability":"instock","product_availability":"instock","product_retailer_item_id":"20671-201PL","product_condition":"new"},"taxonomy_info":{"product_cat":[{"value":1059,"label":"Aloe Vera"},{"value":1063,"label":"Piel\u0119gnacja twarzy"}],"product_tag":[{"value":1133,"label":"oczyszczanie twarzy"}]},"featured_image_src_large":["https:\/\/www.lraloeverashop.eu\/wp-content\/uploads\/2022\/10\/Lr-Clarifying-Face-Tonic-With-Aloe-Vera-1024x1024.jpg",1024,1024,true],"author_info":[],"comment_info":0,"_links":{"self":[{"href":"https:\/\/www.lraloeverashop.eu\/pl\/wp-json\/wp\/v2\/product\/27741","targetHints":{"allow":["GET"]}}],"collection":[{"href":"https:\/\/www.lraloeverashop.eu\/pl\/wp-json\/wp\/v2\/product"}],"about":[{"href":"https:\/\/www.lraloeverashop.eu\/pl\/wp-json\/wp\/v2\/types\/product"}],"replies":[{"embeddable":true,"href":"https:\/\/www.lraloeverashop.eu\/pl\/wp-json\/wp\/v2\/comments?post=27741"}],"wp:featuredmedia":[{"embeddable":true,"href":"https:\/\/www.lraloeverashop.eu\/pl\/wp-json\/wp\/v2\/media\/27321"}],"wp:attachment":[{"href":"https:\/\/www.lraloeverashop.eu\/pl\/wp-json\/wp\/v2\/media?parent=27741"}],"wp:term":[{"taxonomy":"product_brand","embeddable":true,"href":"https:\/\/www.lraloeverashop.eu\/pl\/wp-json\/wp\/v2\/product_brand?post=27741"},{"taxonomy":"product_cat","embeddable":true,"href":"https:\/\/www.lraloeverashop.eu\/pl\/wp-json\/wp\/v2\/product_cat?post=27741"},{"taxonomy":"product_tag","embeddable":true,"href":"https:\/\/www.lraloeverashop.eu\/pl\/wp-json\/wp\/v2\/product_tag?post=27741"}],"curies":[{"name":"wp","href":"https:\/\/api.w.org\/{rel}","templated":true}]}}