{"id":27738,"date":"2022-10-11T12:04:10","date_gmt":"2022-10-11T10:04:10","guid":{"rendered":"https:\/\/www.lraloeverashop.eu\/product\/pianka-do-mycia-twarzy\/"},"modified":"2022-10-11T12:04:10","modified_gmt":"2022-10-11T10:04:10","slug":"pianka-do-mycia-twarzy","status":"publish","type":"product","link":"https:\/\/www.lraloeverashop.eu\/pl\/produkt\/pianka-do-mycia-twarzy\/","title":{"rendered":"Pianka do Mycia Twarzy"},"content":{"rendered":"<h2><span style=\"font-size: 16pt;\"><strong>Pianka do Mycia Twarzy z Aloesem<\/strong><\/span><\/h2>\n<p><span style=\"font-size: 14pt;\"><strong>Pianka do Mycia Twarzy z Aloesem &#8211; Najlepsza pianka oczyszczaj\u0105ca dla czystej, promiennej sk\u00f3ry<\/strong><\/span><\/p>\n<p>Po\u017cegnaj si\u0119 z zanieczyszczeniami i przywitaj si\u0119 z od\u015bwie\u017con\u0105 sk\u00f3r\u0105 dzi\u0119ki piance do mycia twarzy z Aloesem od LR Health &amp; Beauty. Ta delikatna pianka oczyszczaj\u0105ca, zawieraj\u0105ca 50% \u017celu Aloe Vera i wzbogacona organicznym ekstraktem z dzikiej r\u00f3\u017cy, usuwa makija\u017c, brud i nadmiar sebum, pozostawiaj\u0105c sk\u00f3r\u0119 \u015bwie\u017c\u0105 i odm\u0142odzon\u0105. Ten aloesowy \u015brodek czyszcz\u0105cy do twarzy jest przeznaczony do sk\u00f3ry normalnej, t\u0142ustej i mieszanej, zapewnia g\u0142\u0119bokie, ale \u0142agodne oczyszczanie, dzi\u0119ki czemu sk\u00f3ra pozostaje nawil\u017cona i zr\u00f3wnowa\u017cona bez uczucia \u015bci\u0105gni\u0119cia i sucho\u015bci.<\/p>\n<p>&nbsp;<\/p>\n<h3><strong><span style=\"font-size: 16pt;\">Dlaczego dok\u0142adnie Pianka do Mycia Twarzy Z Aloesem?<\/span><\/strong><\/h3>\n<p>Naturalna mieszanka aloesu i ekstraktu z dzikiej r\u00f3\u017cy dzia\u0142a cuda, oczyszczaj\u0105c i od\u017cywiaj\u0105c sk\u00f3r\u0119. Aloes jest znany ze swoich w\u0142a\u015bciwo\u015bci koj\u0105cych i nawil\u017caj\u0105cych, kt\u00f3re pomagaj\u0105 nawil\u017cy\u0107 sk\u00f3r\u0119 podczas oczyszczania. Tymczasem organiczny ekstrakt z dzikiej r\u00f3\u017cy zapewnia dodatkowe od\u017cywienie i pomaga uszlachetni\u0107 cer\u0119.<\/p>\n<p>&nbsp;<\/p>\n<h3>Kluczowe korzy\u015bci:<\/h3>\n<ul>\n<li><strong>Aloesowy \u017cel oczyszczaj\u0105cy do twarzy<\/strong>: Skutecznie usuwa makija\u017c, brud i nadmiar sebum, jednocze\u015bnie oczyszczaj\u0105c pory.<\/li>\n<li><strong>Formu\u0142a nawil\u017caj\u0105ca<\/strong>: Aloes zapewnia, \u017ce sk\u00f3ra pozostaje nawil\u017cona i zr\u00f3wnowa\u017cona podczas oczyszczania.<\/li>\n<li><strong>Odpowiedni dla wszystkich rodzaj\u00f3w sk\u00f3ry<\/strong>: Dzia\u0142a szczeg\u00f3lnie dobrze dla sk\u00f3ry normalnej, t\u0142ustej i mieszanej.<\/li>\n<li><strong>Brak efektu wysuszenia<\/strong>: Pozostawia sk\u00f3r\u0119 mi\u0119kk\u0105, \u015bwie\u017c\u0105 i g\u0142adk\u0105.<\/li>\n<\/ul>\n<p>&nbsp;<\/p>\n<h3><strong><span style=\"font-size: 16pt;\">Jak u\u017cywa\u0107 pianki oczyszczaj\u0105cej<\/span><\/strong><\/h3>\n<ol>\n<li>Stosuj Pianka do Mycia Twarzy rano i wieczorem.<\/li>\n<li>U\u017cyj wacika lub na\u0142\u00f3\u017c piank\u0119 bezpo\u015brednio na wilgotn\u0105 sk\u00f3r\u0119.<\/li>\n<li>Delikatnie wmasuj w twarz, szyj\u0119 i dekolt, omijaj\u0105c okolice oczu.<\/li>\n<li>Nast\u0119pnie zastosuj <strong>Krem do Twarzy na Dzie\u0144 lub Krem do Twarzy na Noc<\/strong>, aby uzyska\u0107 maksymalne korzy\u015bci.<\/li>\n<\/ol>\n<p>Aby uzyska\u0107 najlepsz\u0105 rutyn\u0119 piel\u0119gnacyjn\u0105, zafunduj swojej twarzy intensywny rytua\u0142 oczyszczania dwa razy w tygodniu za pomoc\u0105 peelingu do twarzy Lr Aloe Vera. Pomaga to usun\u0105\u0107 martwe kom\u00f3rki nask\u00f3rka i stymuluje kr\u0105\u017cenie krwi, zapewniaj\u0105c wyrafinowan\u0105, promienn\u0105 cer\u0119. Aby uzyska\u0107 dodatkowe nawil\u017cenie, Wypr\u00f3buj <strong>Maseczk\u0119 do Twarzy Aloe Vera<\/strong>, kt\u00f3ra zapewnia zastrzyk nawil\u017cenia i elastyczno\u015bci.<\/p>\n<p>&nbsp;<\/p>\n<h3><strong><span style=\"font-size: 16pt;\">Plusy:<\/span><\/strong><\/h3>\n<ul>\n<li>G\u0142\u0119boko oczyszcza, nie usuwaj\u0105c wilgoci.<\/li>\n<li>Aloe Vera Cleanser do twarzy jest idealny do demakija\u017cu.<\/li>\n<li>Nadaje si\u0119 do codziennego u\u017cytku i sk\u00f3ry wra\u017cliwej.<\/li>\n<li>Zawiera naturalne, przyjazne dla sk\u00f3ry sk\u0142adniki, takie jak aloes i dzika\u00a0r\u00f3\u017ca.<\/li>\n<\/ul>\n<p>&nbsp;<\/p>\n<h3><strong><span style=\"font-size: 16pt;\">Ulepsz swoj\u0105 rutyn\u0119 piel\u0119gnacyjn\u0105<\/span><\/strong><\/h3>\n<p class=\"nitro-offscreen\">Ciesz si\u0119 \u015bwie\u017c\u0105, promienn\u0105 cer\u0105 ka\u017cdego dnia dzi\u0119ki Pianka do Mycia Twarzy Lr Aloe Vera. Jej delikatna, ale skuteczna formu\u0142a sprawia, \u017ce sk\u00f3ra pozostaje czysta, mi\u0119kka i dobrze od\u017cywiona. W\u0142\u0105cz go do swojej codziennej rutyny i poczuj r\u00f3\u017cnic\u0119.<\/p>\n<p class=\"nitro-offscreen\"><strong>Zam\u00f3w ju\u017c dzi\u015b i pozw\u00f3l swojej sk\u00f3rze si\u0119 zmieni\u0107!<\/strong><\/p>\n","protected":false},"excerpt":{"rendered":"<ul>\n<li>Delikatna Pianka do Mycia Twarzy, do cery normalnej, t\u0142ustej i mieszanej<\/li>\n<li>Z 50% \u017celem aloesowym i organicznym ekstraktem z dzikiej r\u00f3\u017cy<\/li>\n<li>Delikatnie oczyszcza sk\u00f3r\u0119, usuwaj\u0105c makija\u017c i zabrudzenia<\/li>\n<li>Pozostawia sk\u00f3r\u0119 od\u015bwie\u017con\u0105 i zrewitalizowan\u0105, nie wysuszaj\u0105c jej<\/li>\n<li>Zawarto\u015b\u0107: 150 ml<\/li>\n<\/ul>\n<p>&nbsp;<\/p>\n","protected":false},"featured_media":27105,"comment_status":"open","ping_status":"closed","template":"","meta":{"_kad_blocks_custom_css":"","_kad_blocks_head_custom_js":"","_kad_blocks_body_custom_js":"","_kad_blocks_footer_custom_js":"","_kadence_starter_templates_imported_post":false,"_kad_post_transparent":"default","_kad_post_title":"","_kad_post_layout":"default","_kad_post_sidebar_id":"","_kad_post_content_style":"default","_kad_post_vertical_padding":"default","_kad_post_feature":"","_kad_post_feature_position":"","_kad_post_header":false,"_kad_post_footer":false,"_kad_post_classname":""},"product_brand":[],"product_cat":[1059,1063],"product_tag":[1133],"class_list":{"0":"post-27738","1":"product","2":"type-product","3":"status-publish","4":"has-post-thumbnail","6":"product_cat-aloe-vera-pl","7":"product_cat-pielegnacja-twarzy","8":"product_tag-oczyszczanie-twarzy","10":"first","11":"instock","12":"taxable","13":"shipping-taxable","14":"purchasable","15":"product-type-simple","16":"entry","17":"content-bg","18":"loop-entry"},"yoast_head":"<!-- This site is optimized with the Yoast SEO Premium plugin v27.5 (Yoast SEO v27.5) - https:\/\/yoast.com\/product\/yoast-seo-premium-wordpress\/ -->\n<title>Pianka do Mycia Twarzy<\/title>\n<meta name=\"description\" content=\"Pianka do Mycia Twarzy - Najlepsza pianka oczyszczaj\u0105ca z Aloesem\" \/>\n<meta name=\"robots\" content=\"index, follow, max-snippet:-1, max-image-preview:large, max-video-preview:-1\" \/>\n<link rel=\"canonical\" href=\"https:\/\/www.lraloeverashop.eu\/pl\/produkt\/pianka-do-mycia-twarzy\/\" \/>\n<meta property=\"og:locale\" content=\"pl_PL\" \/>\n<meta property=\"og:type\" content=\"article\" \/>\n<meta property=\"og:title\" content=\"Pianka do Mycia Twarzy\" \/>\n<meta property=\"og:description\" content=\"Pianka do Mycia Twarzy - Najlepsza pianka oczyszczaj\u0105ca z Aloesem\" \/>\n<meta property=\"og:url\" content=\"https:\/\/www.lraloeverashop.eu\/pl\/produkt\/pianka-do-mycia-twarzy\/\" \/>\n<meta property=\"og:site_name\" content=\"Lr Aloe Vera Shop\" \/>\n<meta property=\"article:publisher\" content=\"https:\/\/www.facebook.com\/lraloeverashop.eu\" \/>\n<meta property=\"og:image\" content=\"https:\/\/www.lraloeverashop.eu\/wp-content\/uploads\/2022\/10\/Aloe-Vera-Face-Cleansing-Foam.jpg\" \/>\n\t<meta property=\"og:image:width\" content=\"1200\" \/>\n\t<meta property=\"og:image:height\" content=\"1200\" \/>\n\t<meta property=\"og:image:type\" content=\"image\/jpeg\" \/>\n<meta name=\"twitter:card\" content=\"summary_large_image\" \/>\n<meta name=\"twitter:site\" content=\"@natur__kosmetik\" \/>\n<script type=\"application\/ld+json\" class=\"yoast-schema-graph\">{\"@context\":\"https:\\\/\\\/schema.org\",\"@graph\":[{\"@type\":[\"WebPage\",\"ItemPage\"],\"@id\":\"https:\\\/\\\/www.lraloeverashop.eu\\\/pl\\\/produkt\\\/pianka-do-mycia-twarzy\\\/\",\"url\":\"https:\\\/\\\/www.lraloeverashop.eu\\\/pl\\\/produkt\\\/pianka-do-mycia-twarzy\\\/\",\"name\":\"Pianka do Mycia Twarzy\",\"isPartOf\":{\"@id\":\"https:\\\/\\\/www.lraloeverashop.eu\\\/pl\\\/#website\"},\"primaryImageOfPage\":{\"@id\":\"https:\\\/\\\/www.lraloeverashop.eu\\\/pl\\\/produkt\\\/pianka-do-mycia-twarzy\\\/#primaryimage\"},\"image\":{\"@id\":\"https:\\\/\\\/www.lraloeverashop.eu\\\/pl\\\/produkt\\\/pianka-do-mycia-twarzy\\\/#primaryimage\"},\"thumbnailUrl\":\"https:\\\/\\\/www.lraloeverashop.eu\\\/wp-content\\\/uploads\\\/2022\\\/10\\\/Aloe-Vera-Face-Cleansing-Foam.jpg\",\"datePublished\":\"2022-10-11T10:04:10+00:00\",\"description\":\"Pianka do Mycia Twarzy - Najlepsza pianka oczyszczaj\u0105ca z Aloesem\",\"breadcrumb\":{\"@id\":\"https:\\\/\\\/www.lraloeverashop.eu\\\/pl\\\/produkt\\\/pianka-do-mycia-twarzy\\\/#breadcrumb\"},\"inLanguage\":\"pl-PL\",\"potentialAction\":[{\"@type\":\"ReadAction\",\"target\":[\"https:\\\/\\\/www.lraloeverashop.eu\\\/pl\\\/produkt\\\/pianka-do-mycia-twarzy\\\/\"]}]},{\"@type\":\"ImageObject\",\"inLanguage\":\"pl-PL\",\"@id\":\"https:\\\/\\\/www.lraloeverashop.eu\\\/pl\\\/produkt\\\/pianka-do-mycia-twarzy\\\/#primaryimage\",\"url\":\"https:\\\/\\\/www.lraloeverashop.eu\\\/wp-content\\\/uploads\\\/2022\\\/10\\\/Aloe-Vera-Face-Cleansing-Foam.jpg\",\"contentUrl\":\"https:\\\/\\\/www.lraloeverashop.eu\\\/wp-content\\\/uploads\\\/2022\\\/10\\\/Aloe-Vera-Face-Cleansing-Foam.jpg\",\"width\":1200,\"height\":1200,\"caption\":\"Pianka oczyszczaj\u0105ca do Twarzy z Aloesem\"},{\"@type\":\"BreadcrumbList\",\"@id\":\"https:\\\/\\\/www.lraloeverashop.eu\\\/pl\\\/produkt\\\/pianka-do-mycia-twarzy\\\/#breadcrumb\",\"itemListElement\":[{\"@type\":\"ListItem\",\"position\":1,\"name\":\"Home\",\"item\":\"https:\\\/\\\/www.lraloeverashop.eu\\\/pl\\\/\"},{\"@type\":\"ListItem\",\"position\":2,\"name\":\"Sklep\",\"item\":\"https:\\\/\\\/www.lraloeverashop.eu\\\/pl\\\/sklep\\\/\"},{\"@type\":\"ListItem\",\"position\":3,\"name\":\"Pianka do Mycia Twarzy\"}]},{\"@type\":\"WebSite\",\"@id\":\"https:\\\/\\\/www.lraloeverashop.eu\\\/pl\\\/#website\",\"url\":\"https:\\\/\\\/www.lraloeverashop.eu\\\/pl\\\/\",\"name\":\"Lr Aloe Vera Shop\",\"description\":\"High Quality Lr Aloe Vera Gel, Aloe Vera Cream and Shampoo\",\"publisher\":{\"@id\":\"https:\\\/\\\/www.lraloeverashop.eu\\\/pl\\\/#organization\"},\"alternateName\":\"LR\",\"potentialAction\":[{\"@type\":\"SearchAction\",\"target\":{\"@type\":\"EntryPoint\",\"urlTemplate\":\"https:\\\/\\\/www.lraloeverashop.eu\\\/pl\\\/?s={search_term_string}\"},\"query-input\":{\"@type\":\"PropertyValueSpecification\",\"valueRequired\":true,\"valueName\":\"search_term_string\"}}],\"inLanguage\":\"pl-PL\"},{\"@type\":\"Organization\",\"@id\":\"https:\\\/\\\/www.lraloeverashop.eu\\\/pl\\\/#organization\",\"name\":\"Sklep Lr Aloe Vera\",\"alternateName\":\"LR\",\"url\":\"https:\\\/\\\/www.lraloeverashop.eu\\\/pl\\\/\",\"logo\":{\"@type\":\"ImageObject\",\"inLanguage\":\"pl-PL\",\"@id\":\"https:\\\/\\\/www.lraloeverashop.eu\\\/pl\\\/#\\\/schema\\\/logo\\\/image\\\/\",\"url\":\"https:\\\/\\\/www.lraloeverashop.eu\\\/wp-content\\\/uploads\\\/2022\\\/09\\\/cropped-Lr-Aloe-Vera-Shop.jpg\",\"contentUrl\":\"https:\\\/\\\/www.lraloeverashop.eu\\\/wp-content\\\/uploads\\\/2022\\\/09\\\/cropped-Lr-Aloe-Vera-Shop.jpg\",\"width\":228,\"height\":76,\"caption\":\"Sklep Lr Aloe Vera\"},\"image\":{\"@id\":\"https:\\\/\\\/www.lraloeverashop.eu\\\/pl\\\/#\\\/schema\\\/logo\\\/image\\\/\"},\"sameAs\":[\"https:\\\/\\\/www.facebook.com\\\/lraloeverashop.eu\",\"https:\\\/\\\/x.com\\\/natur__kosmetik\",\"https:\\\/\\\/www.youtube.com\\\/channel\\\/UC5oN7BJ8nfYb8RpVtjwDEBA\",\"https:\\\/\\\/www.instagram.com\\\/lrbeautyeu\\\/\"],\"description\":\"Sklep LR Aloe Vera to Twoje zaufane \u017ar\u00f3d\u0142o wysokiej jako\u015bci produkt\u00f3w LR Health & Beauty wyprodukowanych w Niemczech. Oferujemy wysokiej jako\u015bci produkty do piel\u0119gnacji sk\u00f3ry, od\u017cywiania i przeciwstarzeniowe z aloesem, stworzone z czystych sk\u0142adnik\u00f3w i poparte badaniami naukowymi. Odkryj naturaln\u0105 piel\u0119gnacj\u0119, kt\u00f3ra regeneruje, chroni i rewitalizuje Twoj\u0105 sk\u00f3r\u0119 \u2014 i korzystaj z ekskluzywnych comiesi\u0119cznych ofert na nasze bestsellerowe produkty LR Aloe Vera.\\nRozpocznij swoj\u0105 naturaln\u0105 piel\u0119gnacj\u0119 sk\u00f3ry ju\u017c dzi\u015b i poczuj r\u00f3\u017cnic\u0119.\",\"email\":\"info@lraloeverashop.eu\",\"telephone\":\"+49 17670609653\",\"legalName\":\"Lr Aloe Vera Shop\",\"foundingDate\":\"2018-04-21\",\"numberOfEmployees\":{\"@type\":\"QuantitativeValue\",\"minValue\":\"1\",\"maxValue\":\"10\"}}]}<\/script>\n<meta property=\"product:price:amount\" content=\"10.79\" \/>\n<meta property=\"product:price:currency\" content=\"EUR\" \/>\n<meta property=\"og:availability\" content=\"instock\" \/>\n<meta property=\"product:availability\" content=\"instock\" \/>\n<meta property=\"product:retailer_item_id\" content=\"20813-1PL\" \/>\n<meta property=\"product:condition\" content=\"new\" \/>\n<!-- \/ Yoast SEO Premium plugin. -->","yoast_head_json":{"title":"Pianka do Mycia Twarzy","description":"Pianka do Mycia Twarzy - Najlepsza pianka oczyszczaj\u0105ca z Aloesem","robots":{"index":"index","follow":"follow","max-snippet":"max-snippet:-1","max-image-preview":"max-image-preview:large","max-video-preview":"max-video-preview:-1"},"canonical":"https:\/\/www.lraloeverashop.eu\/pl\/produkt\/pianka-do-mycia-twarzy\/","og_locale":"pl_PL","og_type":"article","og_title":"Pianka do Mycia Twarzy","og_description":"Pianka do Mycia Twarzy - Najlepsza pianka oczyszczaj\u0105ca z Aloesem","og_url":"https:\/\/www.lraloeverashop.eu\/pl\/produkt\/pianka-do-mycia-twarzy\/","og_site_name":"Lr Aloe Vera Shop","article_publisher":"https:\/\/www.facebook.com\/lraloeverashop.eu","og_image":[{"width":1200,"height":1200,"url":"https:\/\/www.lraloeverashop.eu\/wp-content\/uploads\/2022\/10\/Aloe-Vera-Face-Cleansing-Foam.jpg","type":"image\/jpeg"}],"twitter_card":"summary_large_image","twitter_site":"@natur__kosmetik","schema":{"@context":"https:\/\/schema.org","@graph":[{"@type":["WebPage","ItemPage"],"@id":"https:\/\/www.lraloeverashop.eu\/pl\/produkt\/pianka-do-mycia-twarzy\/","url":"https:\/\/www.lraloeverashop.eu\/pl\/produkt\/pianka-do-mycia-twarzy\/","name":"Pianka do Mycia Twarzy","isPartOf":{"@id":"https:\/\/www.lraloeverashop.eu\/pl\/#website"},"primaryImageOfPage":{"@id":"https:\/\/www.lraloeverashop.eu\/pl\/produkt\/pianka-do-mycia-twarzy\/#primaryimage"},"image":{"@id":"https:\/\/www.lraloeverashop.eu\/pl\/produkt\/pianka-do-mycia-twarzy\/#primaryimage"},"thumbnailUrl":"https:\/\/www.lraloeverashop.eu\/wp-content\/uploads\/2022\/10\/Aloe-Vera-Face-Cleansing-Foam.jpg","datePublished":"2022-10-11T10:04:10+00:00","description":"Pianka do Mycia Twarzy - Najlepsza pianka oczyszczaj\u0105ca z Aloesem","breadcrumb":{"@id":"https:\/\/www.lraloeverashop.eu\/pl\/produkt\/pianka-do-mycia-twarzy\/#breadcrumb"},"inLanguage":"pl-PL","potentialAction":[{"@type":"ReadAction","target":["https:\/\/www.lraloeverashop.eu\/pl\/produkt\/pianka-do-mycia-twarzy\/"]}]},{"@type":"ImageObject","inLanguage":"pl-PL","@id":"https:\/\/www.lraloeverashop.eu\/pl\/produkt\/pianka-do-mycia-twarzy\/#primaryimage","url":"https:\/\/www.lraloeverashop.eu\/wp-content\/uploads\/2022\/10\/Aloe-Vera-Face-Cleansing-Foam.jpg","contentUrl":"https:\/\/www.lraloeverashop.eu\/wp-content\/uploads\/2022\/10\/Aloe-Vera-Face-Cleansing-Foam.jpg","width":1200,"height":1200,"caption":"Pianka oczyszczaj\u0105ca do Twarzy z Aloesem"},{"@type":"BreadcrumbList","@id":"https:\/\/www.lraloeverashop.eu\/pl\/produkt\/pianka-do-mycia-twarzy\/#breadcrumb","itemListElement":[{"@type":"ListItem","position":1,"name":"Home","item":"https:\/\/www.lraloeverashop.eu\/pl\/"},{"@type":"ListItem","position":2,"name":"Sklep","item":"https:\/\/www.lraloeverashop.eu\/pl\/sklep\/"},{"@type":"ListItem","position":3,"name":"Pianka do Mycia Twarzy"}]},{"@type":"WebSite","@id":"https:\/\/www.lraloeverashop.eu\/pl\/#website","url":"https:\/\/www.lraloeverashop.eu\/pl\/","name":"Lr Aloe Vera Shop","description":"High Quality Lr Aloe Vera Gel, Aloe Vera Cream and Shampoo","publisher":{"@id":"https:\/\/www.lraloeverashop.eu\/pl\/#organization"},"alternateName":"LR","potentialAction":[{"@type":"SearchAction","target":{"@type":"EntryPoint","urlTemplate":"https:\/\/www.lraloeverashop.eu\/pl\/?s={search_term_string}"},"query-input":{"@type":"PropertyValueSpecification","valueRequired":true,"valueName":"search_term_string"}}],"inLanguage":"pl-PL"},{"@type":"Organization","@id":"https:\/\/www.lraloeverashop.eu\/pl\/#organization","name":"Sklep Lr Aloe Vera","alternateName":"LR","url":"https:\/\/www.lraloeverashop.eu\/pl\/","logo":{"@type":"ImageObject","inLanguage":"pl-PL","@id":"https:\/\/www.lraloeverashop.eu\/pl\/#\/schema\/logo\/image\/","url":"https:\/\/www.lraloeverashop.eu\/wp-content\/uploads\/2022\/09\/cropped-Lr-Aloe-Vera-Shop.jpg","contentUrl":"https:\/\/www.lraloeverashop.eu\/wp-content\/uploads\/2022\/09\/cropped-Lr-Aloe-Vera-Shop.jpg","width":228,"height":76,"caption":"Sklep Lr Aloe Vera"},"image":{"@id":"https:\/\/www.lraloeverashop.eu\/pl\/#\/schema\/logo\/image\/"},"sameAs":["https:\/\/www.facebook.com\/lraloeverashop.eu","https:\/\/x.com\/natur__kosmetik","https:\/\/www.youtube.com\/channel\/UC5oN7BJ8nfYb8RpVtjwDEBA","https:\/\/www.instagram.com\/lrbeautyeu\/"],"description":"Sklep LR Aloe Vera to Twoje zaufane \u017ar\u00f3d\u0142o wysokiej jako\u015bci produkt\u00f3w LR Health & Beauty wyprodukowanych w Niemczech. Oferujemy wysokiej jako\u015bci produkty do piel\u0119gnacji sk\u00f3ry, od\u017cywiania i przeciwstarzeniowe z aloesem, stworzone z czystych sk\u0142adnik\u00f3w i poparte badaniami naukowymi. Odkryj naturaln\u0105 piel\u0119gnacj\u0119, kt\u00f3ra regeneruje, chroni i rewitalizuje Twoj\u0105 sk\u00f3r\u0119 \u2014 i korzystaj z ekskluzywnych comiesi\u0119cznych ofert na nasze bestsellerowe produkty LR Aloe Vera.\nRozpocznij swoj\u0105 naturaln\u0105 piel\u0119gnacj\u0119 sk\u00f3ry ju\u017c dzi\u015b i poczuj r\u00f3\u017cnic\u0119.","email":"info@lraloeverashop.eu","telephone":"+49 17670609653","legalName":"Lr Aloe Vera Shop","foundingDate":"2018-04-21","numberOfEmployees":{"@type":"QuantitativeValue","minValue":"1","maxValue":"10"}}]},"product_price_amount":"10.79","product_price_currency":"EUR","og_availability":"instock","product_availability":"instock","product_retailer_item_id":"20813-1PL","product_condition":"new"},"taxonomy_info":{"product_cat":[{"value":1059,"label":"Aloe Vera"},{"value":1063,"label":"Piel\u0119gnacja twarzy"}],"product_tag":[{"value":1133,"label":"oczyszczanie twarzy"}]},"featured_image_src_large":["https:\/\/www.lraloeverashop.eu\/wp-content\/uploads\/2022\/10\/Aloe-Vera-Face-Cleansing-Foam-1024x1024.jpg",1024,1024,true],"author_info":[],"comment_info":0,"_links":{"self":[{"href":"https:\/\/www.lraloeverashop.eu\/pl\/wp-json\/wp\/v2\/product\/27738","targetHints":{"allow":["GET"]}}],"collection":[{"href":"https:\/\/www.lraloeverashop.eu\/pl\/wp-json\/wp\/v2\/product"}],"about":[{"href":"https:\/\/www.lraloeverashop.eu\/pl\/wp-json\/wp\/v2\/types\/product"}],"replies":[{"embeddable":true,"href":"https:\/\/www.lraloeverashop.eu\/pl\/wp-json\/wp\/v2\/comments?post=27738"}],"wp:featuredmedia":[{"embeddable":true,"href":"https:\/\/www.lraloeverashop.eu\/pl\/wp-json\/wp\/v2\/media\/27105"}],"wp:attachment":[{"href":"https:\/\/www.lraloeverashop.eu\/pl\/wp-json\/wp\/v2\/media?parent=27738"}],"wp:term":[{"taxonomy":"product_brand","embeddable":true,"href":"https:\/\/www.lraloeverashop.eu\/pl\/wp-json\/wp\/v2\/product_brand?post=27738"},{"taxonomy":"product_cat","embeddable":true,"href":"https:\/\/www.lraloeverashop.eu\/pl\/wp-json\/wp\/v2\/product_cat?post=27738"},{"taxonomy":"product_tag","embeddable":true,"href":"https:\/\/www.lraloeverashop.eu\/pl\/wp-json\/wp\/v2\/product_tag?post=27738"}],"curies":[{"name":"wp","href":"https:\/\/api.w.org\/{rel}","templated":true}]}}