{"id":27729,"date":"2022-10-09T15:33:02","date_gmt":"2022-10-09T13:33:02","guid":{"rendered":"https:\/\/www.lraloeverashop.eu\/product\/balsam-do-ust-z-aloesem\/"},"modified":"2022-10-09T15:33:02","modified_gmt":"2022-10-09T13:33:02","slug":"balsam-do-ust-z-aloesem","status":"publish","type":"product","link":"https:\/\/www.lraloeverashop.eu\/pl\/produkt\/balsam-do-ust-z-aloesem\/","title":{"rendered":"Balsam do Ust z Aloesem"},"content":{"rendered":"<h2><span style=\"font-size: 16pt; color: #000000;\"><strong>Balsam do Ust z Aloesem<\/strong><\/span><\/h2>\n<p><span style=\"font-size: 14pt; color: #000000;\"><strong>Balsam do Ust z Aloesem \u2013 delikatna piel\u0119gnacja dla g\u0142adkich, mi\u0119kkich ust<\/strong><\/span><\/p>\n<p>Balsam do ust z 40% Aloe Vera piel\u0119gnuje i chroni usta przed czynnikami zewn\u0119trznymi, takimi jak wiatr, warunki atmosferyczne itp., kt\u00f3re obci\u0105\u017caj\u0105 i odwadniaj\u0105 usta. Nawil\u017caj\u0105cy balsam do ust z aloesem zapewnia\u00a0maksymalne nawil\u017cenie\u00a0dla aksamitnie mi\u0119kkich ust. Stosuj balsam do ust, kiedy tylko poczujesz tak\u0105 potrzeb\u0119 i po\u017cegnaj si\u0119 z suchymi i spierzchni\u0119tymi ustami.<\/p>\n<p>Podstaw\u0105 bogatej formu\u0142y jest po\u0142\u0105czenie olej\u00f3w ro\u015blinnych, oleju rycynowego, oleju jojoba, wosku kandelila, mieszanki wosku pszczelego i oleju babass.<\/p>\n<p>&nbsp;<\/p>\n<h3><span style=\"color: #000000;\"><strong><span style=\"font-size: 16pt;\">Spos\u00f3b u\u017cycia<\/span><\/strong><\/span><\/h3>\n<p>Stosuj balsam do ust cz\u0119\u015bciej ni\u017c raz dziennie, kiedy tylko poczujesz tak\u0105 potrzeb\u0119.<\/p>\n<p>&nbsp;<\/p>\n<h4><span style=\"color: #000000;\"><strong><span style=\"font-size: 16pt;\">Cz\u0119sto zadawane pytania<\/span><\/strong><\/span><\/h4>\n<p><strong>Co to jest ro\u015blina Aloe Vera i dlaczego jest stosowana w produktach do piel\u0119gnacji sk\u00f3ry?<\/strong><br \/>\nAloes to ro\u015blina, kt\u00f3ra rozwija si\u0119 w bardzo gor\u0105cym i suchym klimacie oraz na obszarach takich jak Hiszpania i Meksyk. Wn\u0119trze li\u015bci sk\u0142ada si\u0119 z \u017celu do li\u015bci, kt\u00f3ry od wielu lat stosowany jest w piel\u0119gnacji sk\u00f3ry. Jego sk\u0142adniki s\u0105 znane z tego, \u017ce wzmacniaj\u0105 naturalne mechanizmy obronne sk\u00f3ry i utrzymuj\u0105 jej wysoki poziom nawil\u017cenia. Dzi\u0119ki tym w\u0142a\u015bciwo\u015bciom Aloe Vera\u00a0wyg\u0142adza i nawil\u017ca sk\u00f3r\u0119, oferuj\u0105c jednocze\u015bnie zdrowy, promienny wygl\u0105d przy regularnym stosowaniu.<\/p>\n<p><strong>Na czym polega wyj\u0105tkowo\u015b\u0107 LR Aloe Vera Produktow?<\/strong><br \/>\nNiezwykle wysoka zawarto\u015b\u0107 \u017celu Aloe Vera oraz wyselekcjonowanych sk\u0142adnik\u00f3w aktywnych sprawia, \u017ce produkty\u00a0LR Aloe Vera\u00a0s\u0105 tak wyj\u0105tkowe. Od 2001 roku opracowujemy i wytwarzamy produkty, kt\u00f3re twierdz\u0105, \u017ce jeste\u015bmy w czo\u0142\u00f3wce w tej dziedzinie. Z tego powodu u\u017cywamy wy\u0142\u0105cznie \u017celu z li\u015bci aloesu z wybranych upraw w Meksyku \u2013 jest to warunek wysokiej jako\u015bci.<\/p>\n<p>Ponadto czysty \u017cel z li\u015bci Aloe Vera poddawany jest dok\u0142adnej obr\u00f3bce, aby w jak najwi\u0119kszym stopniu zachowa\u0107 jego cenne sk\u0142adniki, a jednocze\u015bnie zapewni\u0107 najwy\u017csz\u0105 jako\u015b\u0107 bardzo wysokiej zawarto\u015bci \u017celu Aloe Vera w naszych produktach.<\/p>\n<p>Oferuj\u0105c ponad 50 najwy\u017cszej jako\u015bci Aloesowych produkt\u00f3w do piel\u0119gnacji, staramy si\u0119 spe\u0142ni\u0107 Twoje oczekiwania dotycz\u0105ce idealnej piel\u0119gnacji sk\u00f3ry.<\/p>\n","protected":false},"excerpt":{"rendered":"<ul>\n<li>Zawiera 40% aloesu<\/li>\n<li>Dla optymalnej ochrony i piel\u0119gnacji<\/li>\n<li>Intensywne nawil\u017cenie dla suchych i spierzchni\u0119tych ust<\/li>\n<li>Delikatna piel\u0119gnacja dla g\u0142adkich, mi\u0119kkich ust<\/li>\n<li>Balsam wyprodukowany w Niemczech<\/li>\n<li>Zawarto\u015b\u0107: 4,80g<\/li>\n<\/ul>\n<p>&nbsp;<\/p>\n","protected":false},"featured_media":27730,"comment_status":"open","ping_status":"closed","template":"","meta":{"_kad_blocks_custom_css":"","_kad_blocks_head_custom_js":"","_kad_blocks_body_custom_js":"","_kad_blocks_footer_custom_js":"","_kadence_starter_templates_imported_post":false,"_kad_post_transparent":"default","_kad_post_title":"","_kad_post_layout":"default","_kad_post_sidebar_id":"","_kad_post_content_style":"default","_kad_post_vertical_padding":"default","_kad_post_feature":"","_kad_post_feature_position":"","_kad_post_header":false,"_kad_post_footer":false,"_kad_post_classname":""},"product_brand":[],"product_cat":[1059,1063,1066],"product_tag":[1130,1138],"class_list":{"0":"post-27729","1":"product","2":"type-product","3":"status-publish","4":"has-post-thumbnail","6":"product_cat-aloe-vera-pl","7":"product_cat-pielegnacja-twarzy","8":"product_cat-pielegnacja-zebow","9":"product_tag-sucha-skora","10":"product_tag-wargi","12":"first","13":"instock","14":"taxable","15":"shipping-taxable","16":"purchasable","17":"product-type-simple","18":"entry","19":"content-bg","20":"loop-entry"},"yoast_head":"<!-- This site is optimized with the Yoast SEO Premium plugin v27.5 (Yoast SEO v27.5) - https:\/\/yoast.com\/product\/yoast-seo-premium-wordpress\/ -->\n<title>Balsam do Ust z Aloesem wyg\u0142adza i nawil\u017ca sk\u00f3r\u0119<\/title>\n<meta name=\"description\" content=\"Balsam do Ust z 40% aloesu piel\u0119gnuje i chroni usta przed czynnikami zewn\u0119trznymi, takimi jak wiatr i warunki atmosferyczne\" \/>\n<meta name=\"robots\" content=\"index, follow, max-snippet:-1, max-image-preview:large, max-video-preview:-1\" \/>\n<link rel=\"canonical\" href=\"https:\/\/www.lraloeverashop.eu\/pl\/produkt\/balsam-do-ust-z-aloesem\/\" \/>\n<meta property=\"og:locale\" content=\"pl_PL\" \/>\n<meta property=\"og:type\" content=\"article\" \/>\n<meta property=\"og:title\" content=\"Balsam do Ust z Aloesem\" \/>\n<meta property=\"og:description\" content=\"Balsam do Ust z 40% aloesu piel\u0119gnuje i chroni usta przed czynnikami zewn\u0119trznymi, takimi jak wiatr i warunki atmosferyczne\" \/>\n<meta property=\"og:url\" content=\"https:\/\/www.lraloeverashop.eu\/pl\/produkt\/balsam-do-ust-z-aloesem\/\" \/>\n<meta property=\"og:site_name\" content=\"Lr Aloe Vera Shop\" \/>\n<meta property=\"article:publisher\" content=\"https:\/\/www.facebook.com\/lraloeverashop.eu\" \/>\n<meta property=\"og:image\" content=\"https:\/\/www.lraloeverashop.eu\/wp-content\/uploads\/2022\/10\/Lr-Aloe-Vera-Moisturizing-Lip-Balm.jpg\" \/>\n\t<meta property=\"og:image:width\" content=\"1200\" \/>\n\t<meta property=\"og:image:height\" content=\"1200\" \/>\n\t<meta property=\"og:image:type\" content=\"image\/jpeg\" \/>\n<meta name=\"twitter:card\" content=\"summary_large_image\" \/>\n<meta name=\"twitter:site\" content=\"@natur__kosmetik\" \/>\n<script type=\"application\/ld+json\" class=\"yoast-schema-graph\">{\"@context\":\"https:\\\/\\\/schema.org\",\"@graph\":[{\"@type\":[\"WebPage\",\"ItemPage\"],\"@id\":\"https:\\\/\\\/www.lraloeverashop.eu\\\/pl\\\/produkt\\\/balsam-do-ust-z-aloesem\\\/\",\"url\":\"https:\\\/\\\/www.lraloeverashop.eu\\\/pl\\\/produkt\\\/balsam-do-ust-z-aloesem\\\/\",\"name\":\"Balsam do Ust z Aloesem wyg\u0142adza i nawil\u017ca sk\u00f3r\u0119\",\"isPartOf\":{\"@id\":\"https:\\\/\\\/www.lraloeverashop.eu\\\/pl\\\/#website\"},\"primaryImageOfPage\":{\"@id\":\"https:\\\/\\\/www.lraloeverashop.eu\\\/pl\\\/produkt\\\/balsam-do-ust-z-aloesem\\\/#primaryimage\"},\"image\":{\"@id\":\"https:\\\/\\\/www.lraloeverashop.eu\\\/pl\\\/produkt\\\/balsam-do-ust-z-aloesem\\\/#primaryimage\"},\"thumbnailUrl\":\"https:\\\/\\\/www.lraloeverashop.eu\\\/wp-content\\\/uploads\\\/2022\\\/10\\\/Lr-Aloe-Vera-Moisturizing-Lip-Balm.jpg\",\"datePublished\":\"2022-10-09T13:33:02+00:00\",\"description\":\"Balsam do Ust z 40% aloesu piel\u0119gnuje i chroni usta przed czynnikami zewn\u0119trznymi, takimi jak wiatr i warunki atmosferyczne\",\"breadcrumb\":{\"@id\":\"https:\\\/\\\/www.lraloeverashop.eu\\\/pl\\\/produkt\\\/balsam-do-ust-z-aloesem\\\/#breadcrumb\"},\"inLanguage\":\"pl-PL\",\"potentialAction\":[{\"@type\":\"ReadAction\",\"target\":[\"https:\\\/\\\/www.lraloeverashop.eu\\\/pl\\\/produkt\\\/balsam-do-ust-z-aloesem\\\/\"]}]},{\"@type\":\"ImageObject\",\"inLanguage\":\"pl-PL\",\"@id\":\"https:\\\/\\\/www.lraloeverashop.eu\\\/pl\\\/produkt\\\/balsam-do-ust-z-aloesem\\\/#primaryimage\",\"url\":\"https:\\\/\\\/www.lraloeverashop.eu\\\/wp-content\\\/uploads\\\/2022\\\/10\\\/Lr-Aloe-Vera-Moisturizing-Lip-Balm.jpg\",\"contentUrl\":\"https:\\\/\\\/www.lraloeverashop.eu\\\/wp-content\\\/uploads\\\/2022\\\/10\\\/Lr-Aloe-Vera-Moisturizing-Lip-Balm.jpg\",\"width\":1200,\"height\":1200,\"caption\":\"Balsam do Ust z Aloesem chroni usta przed czynnikami zewn\u0119trznymi\"},{\"@type\":\"BreadcrumbList\",\"@id\":\"https:\\\/\\\/www.lraloeverashop.eu\\\/pl\\\/produkt\\\/balsam-do-ust-z-aloesem\\\/#breadcrumb\",\"itemListElement\":[{\"@type\":\"ListItem\",\"position\":1,\"name\":\"Home\",\"item\":\"https:\\\/\\\/www.lraloeverashop.eu\\\/pl\\\/\"},{\"@type\":\"ListItem\",\"position\":2,\"name\":\"Sklep\",\"item\":\"https:\\\/\\\/www.lraloeverashop.eu\\\/pl\\\/sklep\\\/\"},{\"@type\":\"ListItem\",\"position\":3,\"name\":\"Balsam do Ust z Aloesem\"}]},{\"@type\":\"WebSite\",\"@id\":\"https:\\\/\\\/www.lraloeverashop.eu\\\/pl\\\/#website\",\"url\":\"https:\\\/\\\/www.lraloeverashop.eu\\\/pl\\\/\",\"name\":\"Lr Aloe Vera Shop\",\"description\":\"High Quality Lr Aloe Vera Gel, Aloe Vera Cream and Shampoo\",\"publisher\":{\"@id\":\"https:\\\/\\\/www.lraloeverashop.eu\\\/pl\\\/#organization\"},\"alternateName\":\"LR\",\"potentialAction\":[{\"@type\":\"SearchAction\",\"target\":{\"@type\":\"EntryPoint\",\"urlTemplate\":\"https:\\\/\\\/www.lraloeverashop.eu\\\/pl\\\/?s={search_term_string}\"},\"query-input\":{\"@type\":\"PropertyValueSpecification\",\"valueRequired\":true,\"valueName\":\"search_term_string\"}}],\"inLanguage\":\"pl-PL\"},{\"@type\":\"Organization\",\"@id\":\"https:\\\/\\\/www.lraloeverashop.eu\\\/pl\\\/#organization\",\"name\":\"Sklep Lr Aloe Vera\",\"alternateName\":\"LR\",\"url\":\"https:\\\/\\\/www.lraloeverashop.eu\\\/pl\\\/\",\"logo\":{\"@type\":\"ImageObject\",\"inLanguage\":\"pl-PL\",\"@id\":\"https:\\\/\\\/www.lraloeverashop.eu\\\/pl\\\/#\\\/schema\\\/logo\\\/image\\\/\",\"url\":\"https:\\\/\\\/www.lraloeverashop.eu\\\/wp-content\\\/uploads\\\/2022\\\/09\\\/cropped-Lr-Aloe-Vera-Shop.jpg\",\"contentUrl\":\"https:\\\/\\\/www.lraloeverashop.eu\\\/wp-content\\\/uploads\\\/2022\\\/09\\\/cropped-Lr-Aloe-Vera-Shop.jpg\",\"width\":228,\"height\":76,\"caption\":\"Sklep Lr Aloe Vera\"},\"image\":{\"@id\":\"https:\\\/\\\/www.lraloeverashop.eu\\\/pl\\\/#\\\/schema\\\/logo\\\/image\\\/\"},\"sameAs\":[\"https:\\\/\\\/www.facebook.com\\\/lraloeverashop.eu\",\"https:\\\/\\\/x.com\\\/natur__kosmetik\",\"https:\\\/\\\/www.youtube.com\\\/channel\\\/UC5oN7BJ8nfYb8RpVtjwDEBA\",\"https:\\\/\\\/www.instagram.com\\\/lrbeautyeu\\\/\"],\"description\":\"Sklep LR Aloe Vera to Twoje zaufane \u017ar\u00f3d\u0142o wysokiej jako\u015bci produkt\u00f3w LR Health & Beauty wyprodukowanych w Niemczech. Oferujemy wysokiej jako\u015bci produkty do piel\u0119gnacji sk\u00f3ry, od\u017cywiania i przeciwstarzeniowe z aloesem, stworzone z czystych sk\u0142adnik\u00f3w i poparte badaniami naukowymi. Odkryj naturaln\u0105 piel\u0119gnacj\u0119, kt\u00f3ra regeneruje, chroni i rewitalizuje Twoj\u0105 sk\u00f3r\u0119 \u2014 i korzystaj z ekskluzywnych comiesi\u0119cznych ofert na nasze bestsellerowe produkty LR Aloe Vera.\\nRozpocznij swoj\u0105 naturaln\u0105 piel\u0119gnacj\u0119 sk\u00f3ry ju\u017c dzi\u015b i poczuj r\u00f3\u017cnic\u0119.\",\"email\":\"info@lraloeverashop.eu\",\"telephone\":\"+49 17670609653\",\"legalName\":\"Lr Aloe Vera Shop\",\"foundingDate\":\"2018-04-21\",\"numberOfEmployees\":{\"@type\":\"QuantitativeValue\",\"minValue\":\"1\",\"maxValue\":\"10\"}}]}<\/script>\n<meta property=\"product:price:amount\" content=\"7.98\" \/>\n<meta property=\"product:price:currency\" content=\"EUR\" \/>\n<meta property=\"og:availability\" content=\"instock\" \/>\n<meta property=\"product:availability\" content=\"instock\" \/>\n<meta property=\"product:retailer_item_id\" content=\"20676-101PL\" \/>\n<meta property=\"product:condition\" content=\"new\" \/>\n<!-- \/ Yoast SEO Premium plugin. -->","yoast_head_json":{"title":"Balsam do Ust z Aloesem wyg\u0142adza i nawil\u017ca sk\u00f3r\u0119","description":"Balsam do Ust z 40% aloesu piel\u0119gnuje i chroni usta przed czynnikami zewn\u0119trznymi, takimi jak wiatr i warunki atmosferyczne","robots":{"index":"index","follow":"follow","max-snippet":"max-snippet:-1","max-image-preview":"max-image-preview:large","max-video-preview":"max-video-preview:-1"},"canonical":"https:\/\/www.lraloeverashop.eu\/pl\/produkt\/balsam-do-ust-z-aloesem\/","og_locale":"pl_PL","og_type":"article","og_title":"Balsam do Ust z Aloesem","og_description":"Balsam do Ust z 40% aloesu piel\u0119gnuje i chroni usta przed czynnikami zewn\u0119trznymi, takimi jak wiatr i warunki atmosferyczne","og_url":"https:\/\/www.lraloeverashop.eu\/pl\/produkt\/balsam-do-ust-z-aloesem\/","og_site_name":"Lr Aloe Vera Shop","article_publisher":"https:\/\/www.facebook.com\/lraloeverashop.eu","og_image":[{"width":1200,"height":1200,"url":"https:\/\/www.lraloeverashop.eu\/wp-content\/uploads\/2022\/10\/Lr-Aloe-Vera-Moisturizing-Lip-Balm.jpg","type":"image\/jpeg"}],"twitter_card":"summary_large_image","twitter_site":"@natur__kosmetik","schema":{"@context":"https:\/\/schema.org","@graph":[{"@type":["WebPage","ItemPage"],"@id":"https:\/\/www.lraloeverashop.eu\/pl\/produkt\/balsam-do-ust-z-aloesem\/","url":"https:\/\/www.lraloeverashop.eu\/pl\/produkt\/balsam-do-ust-z-aloesem\/","name":"Balsam do Ust z Aloesem wyg\u0142adza i nawil\u017ca sk\u00f3r\u0119","isPartOf":{"@id":"https:\/\/www.lraloeverashop.eu\/pl\/#website"},"primaryImageOfPage":{"@id":"https:\/\/www.lraloeverashop.eu\/pl\/produkt\/balsam-do-ust-z-aloesem\/#primaryimage"},"image":{"@id":"https:\/\/www.lraloeverashop.eu\/pl\/produkt\/balsam-do-ust-z-aloesem\/#primaryimage"},"thumbnailUrl":"https:\/\/www.lraloeverashop.eu\/wp-content\/uploads\/2022\/10\/Lr-Aloe-Vera-Moisturizing-Lip-Balm.jpg","datePublished":"2022-10-09T13:33:02+00:00","description":"Balsam do Ust z 40% aloesu piel\u0119gnuje i chroni usta przed czynnikami zewn\u0119trznymi, takimi jak wiatr i warunki atmosferyczne","breadcrumb":{"@id":"https:\/\/www.lraloeverashop.eu\/pl\/produkt\/balsam-do-ust-z-aloesem\/#breadcrumb"},"inLanguage":"pl-PL","potentialAction":[{"@type":"ReadAction","target":["https:\/\/www.lraloeverashop.eu\/pl\/produkt\/balsam-do-ust-z-aloesem\/"]}]},{"@type":"ImageObject","inLanguage":"pl-PL","@id":"https:\/\/www.lraloeverashop.eu\/pl\/produkt\/balsam-do-ust-z-aloesem\/#primaryimage","url":"https:\/\/www.lraloeverashop.eu\/wp-content\/uploads\/2022\/10\/Lr-Aloe-Vera-Moisturizing-Lip-Balm.jpg","contentUrl":"https:\/\/www.lraloeverashop.eu\/wp-content\/uploads\/2022\/10\/Lr-Aloe-Vera-Moisturizing-Lip-Balm.jpg","width":1200,"height":1200,"caption":"Balsam do Ust z Aloesem chroni usta przed czynnikami zewn\u0119trznymi"},{"@type":"BreadcrumbList","@id":"https:\/\/www.lraloeverashop.eu\/pl\/produkt\/balsam-do-ust-z-aloesem\/#breadcrumb","itemListElement":[{"@type":"ListItem","position":1,"name":"Home","item":"https:\/\/www.lraloeverashop.eu\/pl\/"},{"@type":"ListItem","position":2,"name":"Sklep","item":"https:\/\/www.lraloeverashop.eu\/pl\/sklep\/"},{"@type":"ListItem","position":3,"name":"Balsam do Ust z Aloesem"}]},{"@type":"WebSite","@id":"https:\/\/www.lraloeverashop.eu\/pl\/#website","url":"https:\/\/www.lraloeverashop.eu\/pl\/","name":"Lr Aloe Vera Shop","description":"High Quality Lr Aloe Vera Gel, Aloe Vera Cream and Shampoo","publisher":{"@id":"https:\/\/www.lraloeverashop.eu\/pl\/#organization"},"alternateName":"LR","potentialAction":[{"@type":"SearchAction","target":{"@type":"EntryPoint","urlTemplate":"https:\/\/www.lraloeverashop.eu\/pl\/?s={search_term_string}"},"query-input":{"@type":"PropertyValueSpecification","valueRequired":true,"valueName":"search_term_string"}}],"inLanguage":"pl-PL"},{"@type":"Organization","@id":"https:\/\/www.lraloeverashop.eu\/pl\/#organization","name":"Sklep Lr Aloe Vera","alternateName":"LR","url":"https:\/\/www.lraloeverashop.eu\/pl\/","logo":{"@type":"ImageObject","inLanguage":"pl-PL","@id":"https:\/\/www.lraloeverashop.eu\/pl\/#\/schema\/logo\/image\/","url":"https:\/\/www.lraloeverashop.eu\/wp-content\/uploads\/2022\/09\/cropped-Lr-Aloe-Vera-Shop.jpg","contentUrl":"https:\/\/www.lraloeverashop.eu\/wp-content\/uploads\/2022\/09\/cropped-Lr-Aloe-Vera-Shop.jpg","width":228,"height":76,"caption":"Sklep Lr Aloe Vera"},"image":{"@id":"https:\/\/www.lraloeverashop.eu\/pl\/#\/schema\/logo\/image\/"},"sameAs":["https:\/\/www.facebook.com\/lraloeverashop.eu","https:\/\/x.com\/natur__kosmetik","https:\/\/www.youtube.com\/channel\/UC5oN7BJ8nfYb8RpVtjwDEBA","https:\/\/www.instagram.com\/lrbeautyeu\/"],"description":"Sklep LR Aloe Vera to Twoje zaufane \u017ar\u00f3d\u0142o wysokiej jako\u015bci produkt\u00f3w LR Health & Beauty wyprodukowanych w Niemczech. Oferujemy wysokiej jako\u015bci produkty do piel\u0119gnacji sk\u00f3ry, od\u017cywiania i przeciwstarzeniowe z aloesem, stworzone z czystych sk\u0142adnik\u00f3w i poparte badaniami naukowymi. Odkryj naturaln\u0105 piel\u0119gnacj\u0119, kt\u00f3ra regeneruje, chroni i rewitalizuje Twoj\u0105 sk\u00f3r\u0119 \u2014 i korzystaj z ekskluzywnych comiesi\u0119cznych ofert na nasze bestsellerowe produkty LR Aloe Vera.\nRozpocznij swoj\u0105 naturaln\u0105 piel\u0119gnacj\u0119 sk\u00f3ry ju\u017c dzi\u015b i poczuj r\u00f3\u017cnic\u0119.","email":"info@lraloeverashop.eu","telephone":"+49 17670609653","legalName":"Lr Aloe Vera Shop","foundingDate":"2018-04-21","numberOfEmployees":{"@type":"QuantitativeValue","minValue":"1","maxValue":"10"}}]},"product_price_amount":"7.98","product_price_currency":"EUR","og_availability":"instock","product_availability":"instock","product_retailer_item_id":"20676-101PL","product_condition":"new"},"taxonomy_info":{"product_cat":[{"value":1059,"label":"Aloe Vera"},{"value":1063,"label":"Piel\u0119gnacja twarzy"},{"value":1066,"label":"Piel\u0119gnacja z\u0119b\u00f3w"}],"product_tag":[{"value":1130,"label":"sucha sk\u00f3ra"},{"value":1138,"label":"wargi"}]},"featured_image_src_large":["https:\/\/www.lraloeverashop.eu\/wp-content\/uploads\/2022\/10\/Lr-Aloe-Vera-Moisturizing-Lip-Balm-1024x1024.jpg",1024,1024,true],"author_info":[],"comment_info":0,"_links":{"self":[{"href":"https:\/\/www.lraloeverashop.eu\/pl\/wp-json\/wp\/v2\/product\/27729","targetHints":{"allow":["GET"]}}],"collection":[{"href":"https:\/\/www.lraloeverashop.eu\/pl\/wp-json\/wp\/v2\/product"}],"about":[{"href":"https:\/\/www.lraloeverashop.eu\/pl\/wp-json\/wp\/v2\/types\/product"}],"replies":[{"embeddable":true,"href":"https:\/\/www.lraloeverashop.eu\/pl\/wp-json\/wp\/v2\/comments?post=27729"}],"wp:featuredmedia":[{"embeddable":true,"href":"https:\/\/www.lraloeverashop.eu\/pl\/wp-json\/wp\/v2\/media\/27730"}],"wp:attachment":[{"href":"https:\/\/www.lraloeverashop.eu\/pl\/wp-json\/wp\/v2\/media?parent=27729"}],"wp:term":[{"taxonomy":"product_brand","embeddable":true,"href":"https:\/\/www.lraloeverashop.eu\/pl\/wp-json\/wp\/v2\/product_brand?post=27729"},{"taxonomy":"product_cat","embeddable":true,"href":"https:\/\/www.lraloeverashop.eu\/pl\/wp-json\/wp\/v2\/product_cat?post=27729"},{"taxonomy":"product_tag","embeddable":true,"href":"https:\/\/www.lraloeverashop.eu\/pl\/wp-json\/wp\/v2\/product_tag?post=27729"}],"curies":[{"name":"wp","href":"https:\/\/api.w.org\/{rel}","templated":true}]}}