{"id":27727,"date":"2022-10-11T07:15:07","date_gmt":"2022-10-11T05:15:07","guid":{"rendered":"https:\/\/www.lraloeverashop.eu\/product\/krem-pod-oczy-z-aloesem\/"},"modified":"2022-10-11T07:15:07","modified_gmt":"2022-10-11T05:15:07","slug":"krem-pod-oczy-z-aloesem","status":"publish","type":"product","link":"https:\/\/www.lraloeverashop.eu\/pl\/produkt\/krem-pod-oczy-z-aloesem\/","title":{"rendered":"Krem Pod Oczy z Aloesem"},"content":{"rendered":"<h2><span style=\"font-size: 16pt;\"><strong>Krem Pod Oczy z Aloesem<\/strong><\/span><\/h2>\n<p><strong><span style=\"font-size: 14pt;\">Krem Pod Oczy z Aloesem &#8211; najlepszy krem pod oczy o dzia\u0142aniu rewitalizuj\u0105cym i stymuluj\u0105cym<\/span><\/strong><\/p>\n<p>Piel\u0119gnacja oczu zdecydowanie powinna zosta\u0107 w\u0142\u0105czona do codziennej piel\u0119gnacji sk\u00f3ry. Zmi\u0119kczaj\u0105cy krem pod oczy to produkt, kt\u00f3rego potrzebujesz: zapewnia maksymalne nawil\u017cenie i jest idealn\u0105 kuracj\u0105\u00a0dla wra\u017cliwej okolicy oczu.<br \/>\nOrganiczny ekstrakt z oliwek, kt\u00f3ry jest produkowany z wyselekcjonowanych i certyfikowanych upraw ekologicznych, zapewnia wyj\u0105tkowe doznania piel\u0119gnacyjne. Krem pod oczy Aloe Vera zapewnia blask i energi\u0119 okolicom oczu.<\/p>\n<p>&nbsp;<\/p>\n<h3><span style=\"font-size: 16pt;\"><strong>Spos\u00f3b u\u017cycia<\/strong><\/span><\/h3>\n<p>Nak\u0142adaj delikatnie opuszkami palc\u00f3w pod oczy rano i wieczorem.<\/p>\n<p><strong>Zalecenie:<\/strong>\u00a0Krem pod oczy Aloe Vera stosuj profilaktycznie i na such\u0105 sk\u00f3r\u0119 dwa razy dziennie po oczyszczeniu i kuracji.<\/p>\n<p><strong>Aplikacja:<\/strong>\u00a0Delikatnie rozetrzyj krem palcem wskazuj\u0105cym wok\u00f3\u0142 oka, nie masuj. Pozwoli to kremowi optymalnie wnikn\u0105\u0107 w sk\u00f3r\u0119.<\/p>\n<p>Odwied\u017a kategori\u0119 produkt\u00f3w do\u00a0<a href=\"https:\/\/www.lraloeverashop.eu\/pl\/kategoria-produktu\/aloe-vera-pl\/pielegnacja-twarzy\/\">piel\u0119gnacji twarzy<\/a>!<\/p>\n","protected":false},"excerpt":{"rendered":"<ul>\n<li>Z 50% aloesu dla bogatego nawil\u017cenia<\/li>\n<li>Intensywna piel\u0119gnacja wra\u017cliwej sk\u00f3ry wok\u00f3\u0142 oczu<\/li>\n<li>Dla maksymalnego nawil\u017cenia sk\u00f3ry<\/li>\n<li>Ekstrakt z oliwek do delikatnej piel\u0119gnacji<\/li>\n<li>Ze sfermentowanym \u017celem aloesowym dla wi\u0119kszego nawil\u017cenia<\/li>\n<li>Zawarto\u015b\u0107: 15 ml<\/li>\n<\/ul>\n<p>&nbsp;<\/p>\n","protected":false},"featured_media":27205,"comment_status":"open","ping_status":"closed","template":"","meta":{"_kad_blocks_custom_css":"","_kad_blocks_head_custom_js":"","_kad_blocks_body_custom_js":"","_kad_blocks_footer_custom_js":"","_kadence_starter_templates_imported_post":false,"_kad_post_transparent":"default","_kad_post_title":"","_kad_post_layout":"default","_kad_post_sidebar_id":"","_kad_post_content_style":"default","_kad_post_vertical_padding":"default","_kad_post_feature":"","_kad_post_feature_position":"","_kad_post_header":false,"_kad_post_footer":false,"_kad_post_classname":""},"product_brand":[],"product_cat":[1059,1063],"product_tag":[1207,1130,1143],"class_list":{"0":"post-27727","1":"product","2":"type-product","3":"status-publish","4":"has-post-thumbnail","6":"product_cat-aloe-vera-pl","7":"product_cat-pielegnacja-twarzy","8":"product_tag-fermentowany-zel-aloesowy","9":"product_tag-sucha-skora","10":"product_tag-zmarszczki-pod-oczami","12":"first","13":"instock","14":"taxable","15":"shipping-taxable","16":"purchasable","17":"product-type-simple","18":"entry","19":"content-bg","20":"loop-entry"},"yoast_head":"<!-- This site is optimized with the Yoast SEO Premium plugin v27.5 (Yoast SEO v27.5) - https:\/\/yoast.com\/product\/yoast-seo-premium-wordpress\/ -->\n<title>Krem Pod Oczy z Fermentowanym \u017belem Aloesowym<\/title>\n<meta name=\"description\" content=\"Piel\u0119gnacja oczu z pewno\u015bci\u0105 powinna by\u0107 w\u0142\u0105czona do codziennej piel\u0119gnacji sk\u00f3ry. Krem pod oczy to produkt, kt\u00f3rego potrzebujesz. Z 50% Aloe Vera\" \/>\n<meta name=\"robots\" content=\"index, follow, max-snippet:-1, max-image-preview:large, max-video-preview:-1\" \/>\n<link rel=\"canonical\" href=\"https:\/\/www.lraloeverashop.eu\/pl\/produkt\/krem-pod-oczy-z-aloesem\/\" \/>\n<meta property=\"og:locale\" content=\"pl_PL\" \/>\n<meta property=\"og:type\" content=\"article\" \/>\n<meta property=\"og:title\" content=\"Krem Pod Oczy z Aloesem\" \/>\n<meta property=\"og:description\" content=\"Piel\u0119gnacja oczu z pewno\u015bci\u0105 powinna by\u0107 w\u0142\u0105czona do codziennej piel\u0119gnacji sk\u00f3ry. Krem pod oczy to produkt, kt\u00f3rego potrzebujesz. Z 50% Aloe Vera\" \/>\n<meta property=\"og:url\" content=\"https:\/\/www.lraloeverashop.eu\/pl\/produkt\/krem-pod-oczy-z-aloesem\/\" \/>\n<meta property=\"og:site_name\" content=\"Lr Aloe Vera Shop\" \/>\n<meta property=\"article:publisher\" content=\"https:\/\/www.facebook.com\/lraloeverashop.eu\" \/>\n<meta property=\"og:image\" content=\"https:\/\/www.lraloeverashop.eu\/wp-content\/uploads\/2025\/04\/Lr-Aloe-Vera-Eye-Cream-new.jpg\" \/>\n\t<meta property=\"og:image:width\" content=\"1200\" \/>\n\t<meta property=\"og:image:height\" content=\"1200\" \/>\n\t<meta property=\"og:image:type\" content=\"image\/jpeg\" \/>\n<meta name=\"twitter:card\" content=\"summary_large_image\" \/>\n<meta name=\"twitter:site\" content=\"@natur__kosmetik\" \/>\n<script type=\"application\/ld+json\" class=\"yoast-schema-graph\">{\"@context\":\"https:\\\/\\\/schema.org\",\"@graph\":[{\"@type\":[\"WebPage\",\"ItemPage\"],\"@id\":\"https:\\\/\\\/www.lraloeverashop.eu\\\/pl\\\/produkt\\\/krem-pod-oczy-z-aloesem\\\/\",\"url\":\"https:\\\/\\\/www.lraloeverashop.eu\\\/pl\\\/produkt\\\/krem-pod-oczy-z-aloesem\\\/\",\"name\":\"Krem Pod Oczy z Fermentowanym \u017belem Aloesowym\",\"isPartOf\":{\"@id\":\"https:\\\/\\\/www.lraloeverashop.eu\\\/pl\\\/#website\"},\"primaryImageOfPage\":{\"@id\":\"https:\\\/\\\/www.lraloeverashop.eu\\\/pl\\\/produkt\\\/krem-pod-oczy-z-aloesem\\\/#primaryimage\"},\"image\":{\"@id\":\"https:\\\/\\\/www.lraloeverashop.eu\\\/pl\\\/produkt\\\/krem-pod-oczy-z-aloesem\\\/#primaryimage\"},\"thumbnailUrl\":\"https:\\\/\\\/www.lraloeverashop.eu\\\/wp-content\\\/uploads\\\/2025\\\/04\\\/Lr-Aloe-Vera-Eye-Cream-new.jpg\",\"datePublished\":\"2022-10-11T05:15:07+00:00\",\"description\":\"Piel\u0119gnacja oczu z pewno\u015bci\u0105 powinna by\u0107 w\u0142\u0105czona do codziennej piel\u0119gnacji sk\u00f3ry. Krem pod oczy to produkt, kt\u00f3rego potrzebujesz. Z 50% Aloe Vera\",\"breadcrumb\":{\"@id\":\"https:\\\/\\\/www.lraloeverashop.eu\\\/pl\\\/produkt\\\/krem-pod-oczy-z-aloesem\\\/#breadcrumb\"},\"inLanguage\":\"pl-PL\",\"potentialAction\":[{\"@type\":\"ReadAction\",\"target\":[\"https:\\\/\\\/www.lraloeverashop.eu\\\/pl\\\/produkt\\\/krem-pod-oczy-z-aloesem\\\/\"]}]},{\"@type\":\"ImageObject\",\"inLanguage\":\"pl-PL\",\"@id\":\"https:\\\/\\\/www.lraloeverashop.eu\\\/pl\\\/produkt\\\/krem-pod-oczy-z-aloesem\\\/#primaryimage\",\"url\":\"https:\\\/\\\/www.lraloeverashop.eu\\\/wp-content\\\/uploads\\\/2025\\\/04\\\/Lr-Aloe-Vera-Eye-Cream-new.jpg\",\"contentUrl\":\"https:\\\/\\\/www.lraloeverashop.eu\\\/wp-content\\\/uploads\\\/2025\\\/04\\\/Lr-Aloe-Vera-Eye-Cream-new.jpg\",\"width\":1200,\"height\":1200,\"caption\":\"Krem Pod Oczy z fermentowanym \u017celem aloesowym dla wi\u0119kszego nawil\u017cenia\"},{\"@type\":\"BreadcrumbList\",\"@id\":\"https:\\\/\\\/www.lraloeverashop.eu\\\/pl\\\/produkt\\\/krem-pod-oczy-z-aloesem\\\/#breadcrumb\",\"itemListElement\":[{\"@type\":\"ListItem\",\"position\":1,\"name\":\"Home\",\"item\":\"https:\\\/\\\/www.lraloeverashop.eu\\\/pl\\\/\"},{\"@type\":\"ListItem\",\"position\":2,\"name\":\"Sklep\",\"item\":\"https:\\\/\\\/www.lraloeverashop.eu\\\/pl\\\/sklep\\\/\"},{\"@type\":\"ListItem\",\"position\":3,\"name\":\"Krem Pod Oczy z Aloesem\"}]},{\"@type\":\"WebSite\",\"@id\":\"https:\\\/\\\/www.lraloeverashop.eu\\\/pl\\\/#website\",\"url\":\"https:\\\/\\\/www.lraloeverashop.eu\\\/pl\\\/\",\"name\":\"Lr Aloe Vera Shop\",\"description\":\"High Quality Lr Aloe Vera Gel, Aloe Vera Cream and Shampoo\",\"publisher\":{\"@id\":\"https:\\\/\\\/www.lraloeverashop.eu\\\/pl\\\/#organization\"},\"alternateName\":\"LR\",\"potentialAction\":[{\"@type\":\"SearchAction\",\"target\":{\"@type\":\"EntryPoint\",\"urlTemplate\":\"https:\\\/\\\/www.lraloeverashop.eu\\\/pl\\\/?s={search_term_string}\"},\"query-input\":{\"@type\":\"PropertyValueSpecification\",\"valueRequired\":true,\"valueName\":\"search_term_string\"}}],\"inLanguage\":\"pl-PL\"},{\"@type\":\"Organization\",\"@id\":\"https:\\\/\\\/www.lraloeverashop.eu\\\/pl\\\/#organization\",\"name\":\"Sklep Lr Aloe Vera\",\"alternateName\":\"LR\",\"url\":\"https:\\\/\\\/www.lraloeverashop.eu\\\/pl\\\/\",\"logo\":{\"@type\":\"ImageObject\",\"inLanguage\":\"pl-PL\",\"@id\":\"https:\\\/\\\/www.lraloeverashop.eu\\\/pl\\\/#\\\/schema\\\/logo\\\/image\\\/\",\"url\":\"https:\\\/\\\/www.lraloeverashop.eu\\\/wp-content\\\/uploads\\\/2022\\\/09\\\/cropped-Lr-Aloe-Vera-Shop.jpg\",\"contentUrl\":\"https:\\\/\\\/www.lraloeverashop.eu\\\/wp-content\\\/uploads\\\/2022\\\/09\\\/cropped-Lr-Aloe-Vera-Shop.jpg\",\"width\":228,\"height\":76,\"caption\":\"Sklep Lr Aloe Vera\"},\"image\":{\"@id\":\"https:\\\/\\\/www.lraloeverashop.eu\\\/pl\\\/#\\\/schema\\\/logo\\\/image\\\/\"},\"sameAs\":[\"https:\\\/\\\/www.facebook.com\\\/lraloeverashop.eu\",\"https:\\\/\\\/x.com\\\/natur__kosmetik\",\"https:\\\/\\\/www.youtube.com\\\/channel\\\/UC5oN7BJ8nfYb8RpVtjwDEBA\",\"https:\\\/\\\/www.instagram.com\\\/lrbeautyeu\\\/\"],\"description\":\"Sklep LR Aloe Vera to Twoje zaufane \u017ar\u00f3d\u0142o wysokiej jako\u015bci produkt\u00f3w LR Health & Beauty wyprodukowanych w Niemczech. Oferujemy wysokiej jako\u015bci produkty do piel\u0119gnacji sk\u00f3ry, od\u017cywiania i przeciwstarzeniowe z aloesem, stworzone z czystych sk\u0142adnik\u00f3w i poparte badaniami naukowymi. Odkryj naturaln\u0105 piel\u0119gnacj\u0119, kt\u00f3ra regeneruje, chroni i rewitalizuje Twoj\u0105 sk\u00f3r\u0119 \u2014 i korzystaj z ekskluzywnych comiesi\u0119cznych ofert na nasze bestsellerowe produkty LR Aloe Vera.\\nRozpocznij swoj\u0105 naturaln\u0105 piel\u0119gnacj\u0119 sk\u00f3ry ju\u017c dzi\u015b i poczuj r\u00f3\u017cnic\u0119.\",\"email\":\"info@lraloeverashop.eu\",\"telephone\":\"+49 17670609653\",\"legalName\":\"Lr Aloe Vera Shop\",\"foundingDate\":\"2018-04-21\",\"numberOfEmployees\":{\"@type\":\"QuantitativeValue\",\"minValue\":\"1\",\"maxValue\":\"10\"}}]}<\/script>\n<meta property=\"product:price:amount\" content=\"26.99\" \/>\n<meta property=\"product:price:currency\" content=\"EUR\" \/>\n<meta property=\"og:availability\" content=\"instock\" \/>\n<meta property=\"product:availability\" content=\"instock\" \/>\n<meta property=\"product:retailer_item_id\" content=\"20677-201PL\" \/>\n<meta property=\"product:condition\" content=\"new\" \/>\n<!-- \/ Yoast SEO Premium plugin. -->","yoast_head_json":{"title":"Krem Pod Oczy z Fermentowanym \u017belem Aloesowym","description":"Piel\u0119gnacja oczu z pewno\u015bci\u0105 powinna by\u0107 w\u0142\u0105czona do codziennej piel\u0119gnacji sk\u00f3ry. Krem pod oczy to produkt, kt\u00f3rego potrzebujesz. Z 50% Aloe Vera","robots":{"index":"index","follow":"follow","max-snippet":"max-snippet:-1","max-image-preview":"max-image-preview:large","max-video-preview":"max-video-preview:-1"},"canonical":"https:\/\/www.lraloeverashop.eu\/pl\/produkt\/krem-pod-oczy-z-aloesem\/","og_locale":"pl_PL","og_type":"article","og_title":"Krem Pod Oczy z Aloesem","og_description":"Piel\u0119gnacja oczu z pewno\u015bci\u0105 powinna by\u0107 w\u0142\u0105czona do codziennej piel\u0119gnacji sk\u00f3ry. Krem pod oczy to produkt, kt\u00f3rego potrzebujesz. Z 50% Aloe Vera","og_url":"https:\/\/www.lraloeverashop.eu\/pl\/produkt\/krem-pod-oczy-z-aloesem\/","og_site_name":"Lr Aloe Vera Shop","article_publisher":"https:\/\/www.facebook.com\/lraloeverashop.eu","og_image":[{"width":1200,"height":1200,"url":"https:\/\/www.lraloeverashop.eu\/wp-content\/uploads\/2025\/04\/Lr-Aloe-Vera-Eye-Cream-new.jpg","type":"image\/jpeg"}],"twitter_card":"summary_large_image","twitter_site":"@natur__kosmetik","schema":{"@context":"https:\/\/schema.org","@graph":[{"@type":["WebPage","ItemPage"],"@id":"https:\/\/www.lraloeverashop.eu\/pl\/produkt\/krem-pod-oczy-z-aloesem\/","url":"https:\/\/www.lraloeverashop.eu\/pl\/produkt\/krem-pod-oczy-z-aloesem\/","name":"Krem Pod Oczy z Fermentowanym \u017belem Aloesowym","isPartOf":{"@id":"https:\/\/www.lraloeverashop.eu\/pl\/#website"},"primaryImageOfPage":{"@id":"https:\/\/www.lraloeverashop.eu\/pl\/produkt\/krem-pod-oczy-z-aloesem\/#primaryimage"},"image":{"@id":"https:\/\/www.lraloeverashop.eu\/pl\/produkt\/krem-pod-oczy-z-aloesem\/#primaryimage"},"thumbnailUrl":"https:\/\/www.lraloeverashop.eu\/wp-content\/uploads\/2025\/04\/Lr-Aloe-Vera-Eye-Cream-new.jpg","datePublished":"2022-10-11T05:15:07+00:00","description":"Piel\u0119gnacja oczu z pewno\u015bci\u0105 powinna by\u0107 w\u0142\u0105czona do codziennej piel\u0119gnacji sk\u00f3ry. Krem pod oczy to produkt, kt\u00f3rego potrzebujesz. Z 50% Aloe Vera","breadcrumb":{"@id":"https:\/\/www.lraloeverashop.eu\/pl\/produkt\/krem-pod-oczy-z-aloesem\/#breadcrumb"},"inLanguage":"pl-PL","potentialAction":[{"@type":"ReadAction","target":["https:\/\/www.lraloeverashop.eu\/pl\/produkt\/krem-pod-oczy-z-aloesem\/"]}]},{"@type":"ImageObject","inLanguage":"pl-PL","@id":"https:\/\/www.lraloeverashop.eu\/pl\/produkt\/krem-pod-oczy-z-aloesem\/#primaryimage","url":"https:\/\/www.lraloeverashop.eu\/wp-content\/uploads\/2025\/04\/Lr-Aloe-Vera-Eye-Cream-new.jpg","contentUrl":"https:\/\/www.lraloeverashop.eu\/wp-content\/uploads\/2025\/04\/Lr-Aloe-Vera-Eye-Cream-new.jpg","width":1200,"height":1200,"caption":"Krem Pod Oczy z fermentowanym \u017celem aloesowym dla wi\u0119kszego nawil\u017cenia"},{"@type":"BreadcrumbList","@id":"https:\/\/www.lraloeverashop.eu\/pl\/produkt\/krem-pod-oczy-z-aloesem\/#breadcrumb","itemListElement":[{"@type":"ListItem","position":1,"name":"Home","item":"https:\/\/www.lraloeverashop.eu\/pl\/"},{"@type":"ListItem","position":2,"name":"Sklep","item":"https:\/\/www.lraloeverashop.eu\/pl\/sklep\/"},{"@type":"ListItem","position":3,"name":"Krem Pod Oczy z Aloesem"}]},{"@type":"WebSite","@id":"https:\/\/www.lraloeverashop.eu\/pl\/#website","url":"https:\/\/www.lraloeverashop.eu\/pl\/","name":"Lr Aloe Vera Shop","description":"High Quality Lr Aloe Vera Gel, Aloe Vera Cream and Shampoo","publisher":{"@id":"https:\/\/www.lraloeverashop.eu\/pl\/#organization"},"alternateName":"LR","potentialAction":[{"@type":"SearchAction","target":{"@type":"EntryPoint","urlTemplate":"https:\/\/www.lraloeverashop.eu\/pl\/?s={search_term_string}"},"query-input":{"@type":"PropertyValueSpecification","valueRequired":true,"valueName":"search_term_string"}}],"inLanguage":"pl-PL"},{"@type":"Organization","@id":"https:\/\/www.lraloeverashop.eu\/pl\/#organization","name":"Sklep Lr Aloe Vera","alternateName":"LR","url":"https:\/\/www.lraloeverashop.eu\/pl\/","logo":{"@type":"ImageObject","inLanguage":"pl-PL","@id":"https:\/\/www.lraloeverashop.eu\/pl\/#\/schema\/logo\/image\/","url":"https:\/\/www.lraloeverashop.eu\/wp-content\/uploads\/2022\/09\/cropped-Lr-Aloe-Vera-Shop.jpg","contentUrl":"https:\/\/www.lraloeverashop.eu\/wp-content\/uploads\/2022\/09\/cropped-Lr-Aloe-Vera-Shop.jpg","width":228,"height":76,"caption":"Sklep Lr Aloe Vera"},"image":{"@id":"https:\/\/www.lraloeverashop.eu\/pl\/#\/schema\/logo\/image\/"},"sameAs":["https:\/\/www.facebook.com\/lraloeverashop.eu","https:\/\/x.com\/natur__kosmetik","https:\/\/www.youtube.com\/channel\/UC5oN7BJ8nfYb8RpVtjwDEBA","https:\/\/www.instagram.com\/lrbeautyeu\/"],"description":"Sklep LR Aloe Vera to Twoje zaufane \u017ar\u00f3d\u0142o wysokiej jako\u015bci produkt\u00f3w LR Health & Beauty wyprodukowanych w Niemczech. Oferujemy wysokiej jako\u015bci produkty do piel\u0119gnacji sk\u00f3ry, od\u017cywiania i przeciwstarzeniowe z aloesem, stworzone z czystych sk\u0142adnik\u00f3w i poparte badaniami naukowymi. Odkryj naturaln\u0105 piel\u0119gnacj\u0119, kt\u00f3ra regeneruje, chroni i rewitalizuje Twoj\u0105 sk\u00f3r\u0119 \u2014 i korzystaj z ekskluzywnych comiesi\u0119cznych ofert na nasze bestsellerowe produkty LR Aloe Vera.\nRozpocznij swoj\u0105 naturaln\u0105 piel\u0119gnacj\u0119 sk\u00f3ry ju\u017c dzi\u015b i poczuj r\u00f3\u017cnic\u0119.","email":"info@lraloeverashop.eu","telephone":"+49 17670609653","legalName":"Lr Aloe Vera Shop","foundingDate":"2018-04-21","numberOfEmployees":{"@type":"QuantitativeValue","minValue":"1","maxValue":"10"}}]},"product_price_amount":"26.99","product_price_currency":"EUR","og_availability":"instock","product_availability":"instock","product_retailer_item_id":"20677-201PL","product_condition":"new"},"taxonomy_info":{"product_cat":[{"value":1059,"label":"Aloe Vera"},{"value":1063,"label":"Piel\u0119gnacja twarzy"}],"product_tag":[{"value":1207,"label":"Fermentowany \u017cel aloesowy"},{"value":1130,"label":"sucha sk\u00f3ra"},{"value":1143,"label":"zmarszczki pod oczami"}]},"featured_image_src_large":["https:\/\/www.lraloeverashop.eu\/wp-content\/uploads\/2025\/04\/Lr-Aloe-Vera-Eye-Cream-new-1024x1024.jpg",1024,1024,true],"author_info":[],"comment_info":0,"_links":{"self":[{"href":"https:\/\/www.lraloeverashop.eu\/pl\/wp-json\/wp\/v2\/product\/27727","targetHints":{"allow":["GET"]}}],"collection":[{"href":"https:\/\/www.lraloeverashop.eu\/pl\/wp-json\/wp\/v2\/product"}],"about":[{"href":"https:\/\/www.lraloeverashop.eu\/pl\/wp-json\/wp\/v2\/types\/product"}],"replies":[{"embeddable":true,"href":"https:\/\/www.lraloeverashop.eu\/pl\/wp-json\/wp\/v2\/comments?post=27727"}],"wp:featuredmedia":[{"embeddable":true,"href":"https:\/\/www.lraloeverashop.eu\/pl\/wp-json\/wp\/v2\/media\/27205"}],"wp:attachment":[{"href":"https:\/\/www.lraloeverashop.eu\/pl\/wp-json\/wp\/v2\/media?parent=27727"}],"wp:term":[{"taxonomy":"product_brand","embeddable":true,"href":"https:\/\/www.lraloeverashop.eu\/pl\/wp-json\/wp\/v2\/product_brand?post=27727"},{"taxonomy":"product_cat","embeddable":true,"href":"https:\/\/www.lraloeverashop.eu\/pl\/wp-json\/wp\/v2\/product_cat?post=27727"},{"taxonomy":"product_tag","embeddable":true,"href":"https:\/\/www.lraloeverashop.eu\/pl\/wp-json\/wp\/v2\/product_tag?post=27727"}],"curies":[{"name":"wp","href":"https:\/\/api.w.org\/{rel}","templated":true}]}}