{"id":27723,"date":"2022-10-11T07:12:25","date_gmt":"2022-10-11T05:12:25","guid":{"rendered":"https:\/\/www.lraloeverashop.eu\/product\/krem-do-twarzy-na-noc-z-aloesem\/"},"modified":"2022-10-11T07:12:25","modified_gmt":"2022-10-11T05:12:25","slug":"krem-do-twarzy-na-noc-z-aloesem","status":"publish","type":"product","link":"https:\/\/www.lraloeverashop.eu\/pl\/produkt\/krem-do-twarzy-na-noc-z-aloesem\/","title":{"rendered":"Krem do Twarzy na Noc z Aloesem"},"content":{"rendered":"<h2><span style=\"font-size: 16pt;\"><strong>Krem do Twarzy na Noc z Aloesem<\/strong><\/span><\/h2>\n<p><span style=\"font-size: 14pt;\"><strong>Krem do Twarzy na Noc z Aloesem regeneruje sk\u00f3r\u0119 w nocy<\/strong><\/span><\/p>\n<p>Krem na noc Aloe Vera z 50% aloesu zapewnia naturalne nawil\u017cenie i wspomaga naturalny mechanizm regeneracji sk\u00f3ry. Po d\u0142ugim dniu sk\u00f3ra traci witalno\u015b\u0107 i potrzebuje\u00a0regeneracji. Podczas snu kom\u00f3rki sk\u00f3ry pracuj\u0105 nad odbudow\u0105 naszej sk\u00f3ry.<\/p>\n<p>Regeneruj\u0105cy krem na noc oferuje Twojej sk\u00f3rze idealn\u0105 kuracj\u0119, kt\u00f3ra wspomaga nocny proces naturalnej regeneracji sk\u00f3ry. G\u0142adka konsystencja i relaksuj\u0105cy zapach Regeneruj\u0105cego Kremu na Noc Aloe Vera tworz\u0105 idealn\u0105 harmoni\u0119 do\u00a0intensywnej piel\u0119gnacji\u00a0twarzy<\/p>\n<p>&nbsp;<\/p>\n<h3><strong><span style=\"font-size: 16pt;\">Spos\u00f3b u\u017cycia<\/span><\/strong><\/h3>\n<p>Nak\u0142adaj co noc na oczyszczon\u0105 twarz i szyj\u0119<\/p>\n","protected":false},"excerpt":{"rendered":"<ul>\n<li>Z 50% aloesu<\/li>\n<li>Ze sfermentowanym \u017celem aloesowym dla wi\u0119kszego nawil\u017cenia<\/li>\n<li>Z organicznym ekstraktem z oliwek<\/li>\n<li>Odpowiedni dla ka\u017cdego rodzaju sk\u00f3ry<\/li>\n<li>Zapewnia intensywne nawil\u017cenie, regeneruje i odbudowuje sk\u00f3r\u0119<\/li>\n<li>Zawarto\u015b\u0107: 50 ml<\/li>\n<\/ul>\n","protected":false},"featured_media":27213,"comment_status":"open","ping_status":"closed","template":"","meta":{"_kad_blocks_custom_css":"","_kad_blocks_head_custom_js":"","_kad_blocks_body_custom_js":"","_kad_blocks_footer_custom_js":"","_kadence_starter_templates_imported_post":false,"_kad_post_transparent":"default","_kad_post_title":"","_kad_post_layout":"default","_kad_post_sidebar_id":"","_kad_post_content_style":"default","_kad_post_vertical_padding":"default","_kad_post_feature":"","_kad_post_feature_position":"","_kad_post_header":false,"_kad_post_footer":false,"_kad_post_classname":""},"product_brand":[],"product_cat":[1059,1063],"product_tag":[1207,1127],"class_list":{"0":"post-27723","1":"product","2":"type-product","3":"status-publish","4":"has-post-thumbnail","6":"product_cat-aloe-vera-pl","7":"product_cat-pielegnacja-twarzy","8":"product_tag-fermentowany-zel-aloesowy","9":"product_tag-sucha-twarz","11":"first","12":"instock","13":"taxable","14":"shipping-taxable","15":"purchasable","16":"product-type-simple","17":"entry","18":"content-bg","19":"loop-entry"},"yoast_head":"<!-- This site is optimized with the Yoast SEO Premium plugin v27.5 (Yoast SEO v27.5) - https:\/\/yoast.com\/product\/yoast-seo-premium-wordpress\/ -->\n<title>Krem do Twarzy na Noc z Aloesem do ka\u017cdego rodzaju sk\u00f3ry<\/title>\n<meta name=\"description\" content=\"Krem do Twarzy na Noc z Aloesem z 50% aloesu, zapewnia naturalne nawil\u017cenie i wspiera naturalny mechanizm regeneracji sk\u00f3ry.\" \/>\n<meta name=\"robots\" content=\"index, follow, max-snippet:-1, max-image-preview:large, max-video-preview:-1\" \/>\n<link rel=\"canonical\" href=\"https:\/\/www.lraloeverashop.eu\/pl\/produkt\/krem-do-twarzy-na-noc-z-aloesem\/\" \/>\n<meta property=\"og:locale\" content=\"pl_PL\" \/>\n<meta property=\"og:type\" content=\"article\" \/>\n<meta property=\"og:title\" content=\"Krem do Twarzy na Noc z Aloesem\" \/>\n<meta property=\"og:description\" content=\"Krem do Twarzy na Noc z Aloesem z 50% aloesu, zapewnia naturalne nawil\u017cenie i wspiera naturalny mechanizm regeneracji sk\u00f3ry.\" \/>\n<meta property=\"og:url\" content=\"https:\/\/www.lraloeverashop.eu\/pl\/produkt\/krem-do-twarzy-na-noc-z-aloesem\/\" \/>\n<meta property=\"og:site_name\" content=\"Lr Aloe Vera Shop\" \/>\n<meta property=\"article:publisher\" content=\"https:\/\/www.facebook.com\/lraloeverashop.eu\" \/>\n<meta property=\"og:image\" content=\"https:\/\/www.lraloeverashop.eu\/wp-content\/uploads\/2025\/04\/Lr-Aloe-Vera-Regenerating-Night-Cream-new.jpg\" \/>\n\t<meta property=\"og:image:width\" content=\"1200\" \/>\n\t<meta property=\"og:image:height\" content=\"1200\" \/>\n\t<meta property=\"og:image:type\" content=\"image\/jpeg\" \/>\n<meta name=\"twitter:card\" content=\"summary_large_image\" \/>\n<meta name=\"twitter:site\" content=\"@natur__kosmetik\" \/>\n<script type=\"application\/ld+json\" class=\"yoast-schema-graph\">{\"@context\":\"https:\\\/\\\/schema.org\",\"@graph\":[{\"@type\":[\"WebPage\",\"ItemPage\"],\"@id\":\"https:\\\/\\\/www.lraloeverashop.eu\\\/pl\\\/produkt\\\/krem-do-twarzy-na-noc-z-aloesem\\\/\",\"url\":\"https:\\\/\\\/www.lraloeverashop.eu\\\/pl\\\/produkt\\\/krem-do-twarzy-na-noc-z-aloesem\\\/\",\"name\":\"Krem do Twarzy na Noc z Aloesem do ka\u017cdego rodzaju sk\u00f3ry\",\"isPartOf\":{\"@id\":\"https:\\\/\\\/www.lraloeverashop.eu\\\/pl\\\/#website\"},\"primaryImageOfPage\":{\"@id\":\"https:\\\/\\\/www.lraloeverashop.eu\\\/pl\\\/produkt\\\/krem-do-twarzy-na-noc-z-aloesem\\\/#primaryimage\"},\"image\":{\"@id\":\"https:\\\/\\\/www.lraloeverashop.eu\\\/pl\\\/produkt\\\/krem-do-twarzy-na-noc-z-aloesem\\\/#primaryimage\"},\"thumbnailUrl\":\"https:\\\/\\\/www.lraloeverashop.eu\\\/wp-content\\\/uploads\\\/2025\\\/04\\\/Lr-Aloe-Vera-Regenerating-Night-Cream-new.jpg\",\"datePublished\":\"2022-10-11T05:12:25+00:00\",\"description\":\"Krem do Twarzy na Noc z Aloesem z 50% aloesu, zapewnia naturalne nawil\u017cenie i wspiera naturalny mechanizm regeneracji sk\u00f3ry.\",\"breadcrumb\":{\"@id\":\"https:\\\/\\\/www.lraloeverashop.eu\\\/pl\\\/produkt\\\/krem-do-twarzy-na-noc-z-aloesem\\\/#breadcrumb\"},\"inLanguage\":\"pl-PL\",\"potentialAction\":[{\"@type\":\"ReadAction\",\"target\":[\"https:\\\/\\\/www.lraloeverashop.eu\\\/pl\\\/produkt\\\/krem-do-twarzy-na-noc-z-aloesem\\\/\"]}]},{\"@type\":\"ImageObject\",\"inLanguage\":\"pl-PL\",\"@id\":\"https:\\\/\\\/www.lraloeverashop.eu\\\/pl\\\/produkt\\\/krem-do-twarzy-na-noc-z-aloesem\\\/#primaryimage\",\"url\":\"https:\\\/\\\/www.lraloeverashop.eu\\\/wp-content\\\/uploads\\\/2025\\\/04\\\/Lr-Aloe-Vera-Regenerating-Night-Cream-new.jpg\",\"contentUrl\":\"https:\\\/\\\/www.lraloeverashop.eu\\\/wp-content\\\/uploads\\\/2025\\\/04\\\/Lr-Aloe-Vera-Regenerating-Night-Cream-new.jpg\",\"width\":1200,\"height\":1200,\"caption\":\"Aloe Vera Regeneruj\u0105cy krem na noc z fermentowanym \u017celem aloesowym dla wi\u0119kszego nawil\u017cenia\"},{\"@type\":\"BreadcrumbList\",\"@id\":\"https:\\\/\\\/www.lraloeverashop.eu\\\/pl\\\/produkt\\\/krem-do-twarzy-na-noc-z-aloesem\\\/#breadcrumb\",\"itemListElement\":[{\"@type\":\"ListItem\",\"position\":1,\"name\":\"Home\",\"item\":\"https:\\\/\\\/www.lraloeverashop.eu\\\/pl\\\/\"},{\"@type\":\"ListItem\",\"position\":2,\"name\":\"Sklep\",\"item\":\"https:\\\/\\\/www.lraloeverashop.eu\\\/pl\\\/sklep\\\/\"},{\"@type\":\"ListItem\",\"position\":3,\"name\":\"Krem do Twarzy na Noc z Aloesem\"}]},{\"@type\":\"WebSite\",\"@id\":\"https:\\\/\\\/www.lraloeverashop.eu\\\/pl\\\/#website\",\"url\":\"https:\\\/\\\/www.lraloeverashop.eu\\\/pl\\\/\",\"name\":\"Lr Aloe Vera Shop\",\"description\":\"High Quality Lr Aloe Vera Gel, Aloe Vera Cream and Shampoo\",\"publisher\":{\"@id\":\"https:\\\/\\\/www.lraloeverashop.eu\\\/pl\\\/#organization\"},\"alternateName\":\"LR\",\"potentialAction\":[{\"@type\":\"SearchAction\",\"target\":{\"@type\":\"EntryPoint\",\"urlTemplate\":\"https:\\\/\\\/www.lraloeverashop.eu\\\/pl\\\/?s={search_term_string}\"},\"query-input\":{\"@type\":\"PropertyValueSpecification\",\"valueRequired\":true,\"valueName\":\"search_term_string\"}}],\"inLanguage\":\"pl-PL\"},{\"@type\":\"Organization\",\"@id\":\"https:\\\/\\\/www.lraloeverashop.eu\\\/pl\\\/#organization\",\"name\":\"Sklep Lr Aloe Vera\",\"alternateName\":\"LR\",\"url\":\"https:\\\/\\\/www.lraloeverashop.eu\\\/pl\\\/\",\"logo\":{\"@type\":\"ImageObject\",\"inLanguage\":\"pl-PL\",\"@id\":\"https:\\\/\\\/www.lraloeverashop.eu\\\/pl\\\/#\\\/schema\\\/logo\\\/image\\\/\",\"url\":\"https:\\\/\\\/www.lraloeverashop.eu\\\/wp-content\\\/uploads\\\/2022\\\/09\\\/cropped-Lr-Aloe-Vera-Shop.jpg\",\"contentUrl\":\"https:\\\/\\\/www.lraloeverashop.eu\\\/wp-content\\\/uploads\\\/2022\\\/09\\\/cropped-Lr-Aloe-Vera-Shop.jpg\",\"width\":228,\"height\":76,\"caption\":\"Sklep Lr Aloe Vera\"},\"image\":{\"@id\":\"https:\\\/\\\/www.lraloeverashop.eu\\\/pl\\\/#\\\/schema\\\/logo\\\/image\\\/\"},\"sameAs\":[\"https:\\\/\\\/www.facebook.com\\\/lraloeverashop.eu\",\"https:\\\/\\\/x.com\\\/natur__kosmetik\",\"https:\\\/\\\/www.youtube.com\\\/channel\\\/UC5oN7BJ8nfYb8RpVtjwDEBA\",\"https:\\\/\\\/www.instagram.com\\\/lrbeautyeu\\\/\"],\"description\":\"Sklep LR Aloe Vera to Twoje zaufane \u017ar\u00f3d\u0142o wysokiej jako\u015bci produkt\u00f3w LR Health & Beauty wyprodukowanych w Niemczech. Oferujemy wysokiej jako\u015bci produkty do piel\u0119gnacji sk\u00f3ry, od\u017cywiania i przeciwstarzeniowe z aloesem, stworzone z czystych sk\u0142adnik\u00f3w i poparte badaniami naukowymi. Odkryj naturaln\u0105 piel\u0119gnacj\u0119, kt\u00f3ra regeneruje, chroni i rewitalizuje Twoj\u0105 sk\u00f3r\u0119 \u2014 i korzystaj z ekskluzywnych comiesi\u0119cznych ofert na nasze bestsellerowe produkty LR Aloe Vera.\\nRozpocznij swoj\u0105 naturaln\u0105 piel\u0119gnacj\u0119 sk\u00f3ry ju\u017c dzi\u015b i poczuj r\u00f3\u017cnic\u0119.\",\"email\":\"info@lraloeverashop.eu\",\"telephone\":\"+49 17670609653\",\"legalName\":\"Lr Aloe Vera Shop\",\"foundingDate\":\"2018-04-21\",\"numberOfEmployees\":{\"@type\":\"QuantitativeValue\",\"minValue\":\"1\",\"maxValue\":\"10\"}}]}<\/script>\n<meta property=\"product:price:amount\" content=\"27.99\" \/>\n<meta property=\"product:price:currency\" content=\"EUR\" \/>\n<meta property=\"og:availability\" content=\"instock\" \/>\n<meta property=\"product:availability\" content=\"instock\" \/>\n<meta property=\"product:retailer_item_id\" content=\"20675-201PL\" \/>\n<meta property=\"product:condition\" content=\"new\" \/>\n<!-- \/ Yoast SEO Premium plugin. -->","yoast_head_json":{"title":"Krem do Twarzy na Noc z Aloesem do ka\u017cdego rodzaju sk\u00f3ry","description":"Krem do Twarzy na Noc z Aloesem z 50% aloesu, zapewnia naturalne nawil\u017cenie i wspiera naturalny mechanizm regeneracji sk\u00f3ry.","robots":{"index":"index","follow":"follow","max-snippet":"max-snippet:-1","max-image-preview":"max-image-preview:large","max-video-preview":"max-video-preview:-1"},"canonical":"https:\/\/www.lraloeverashop.eu\/pl\/produkt\/krem-do-twarzy-na-noc-z-aloesem\/","og_locale":"pl_PL","og_type":"article","og_title":"Krem do Twarzy na Noc z Aloesem","og_description":"Krem do Twarzy na Noc z Aloesem z 50% aloesu, zapewnia naturalne nawil\u017cenie i wspiera naturalny mechanizm regeneracji sk\u00f3ry.","og_url":"https:\/\/www.lraloeverashop.eu\/pl\/produkt\/krem-do-twarzy-na-noc-z-aloesem\/","og_site_name":"Lr Aloe Vera Shop","article_publisher":"https:\/\/www.facebook.com\/lraloeverashop.eu","og_image":[{"width":1200,"height":1200,"url":"https:\/\/www.lraloeverashop.eu\/wp-content\/uploads\/2025\/04\/Lr-Aloe-Vera-Regenerating-Night-Cream-new.jpg","type":"image\/jpeg"}],"twitter_card":"summary_large_image","twitter_site":"@natur__kosmetik","schema":{"@context":"https:\/\/schema.org","@graph":[{"@type":["WebPage","ItemPage"],"@id":"https:\/\/www.lraloeverashop.eu\/pl\/produkt\/krem-do-twarzy-na-noc-z-aloesem\/","url":"https:\/\/www.lraloeverashop.eu\/pl\/produkt\/krem-do-twarzy-na-noc-z-aloesem\/","name":"Krem do Twarzy na Noc z Aloesem do ka\u017cdego rodzaju sk\u00f3ry","isPartOf":{"@id":"https:\/\/www.lraloeverashop.eu\/pl\/#website"},"primaryImageOfPage":{"@id":"https:\/\/www.lraloeverashop.eu\/pl\/produkt\/krem-do-twarzy-na-noc-z-aloesem\/#primaryimage"},"image":{"@id":"https:\/\/www.lraloeverashop.eu\/pl\/produkt\/krem-do-twarzy-na-noc-z-aloesem\/#primaryimage"},"thumbnailUrl":"https:\/\/www.lraloeverashop.eu\/wp-content\/uploads\/2025\/04\/Lr-Aloe-Vera-Regenerating-Night-Cream-new.jpg","datePublished":"2022-10-11T05:12:25+00:00","description":"Krem do Twarzy na Noc z Aloesem z 50% aloesu, zapewnia naturalne nawil\u017cenie i wspiera naturalny mechanizm regeneracji sk\u00f3ry.","breadcrumb":{"@id":"https:\/\/www.lraloeverashop.eu\/pl\/produkt\/krem-do-twarzy-na-noc-z-aloesem\/#breadcrumb"},"inLanguage":"pl-PL","potentialAction":[{"@type":"ReadAction","target":["https:\/\/www.lraloeverashop.eu\/pl\/produkt\/krem-do-twarzy-na-noc-z-aloesem\/"]}]},{"@type":"ImageObject","inLanguage":"pl-PL","@id":"https:\/\/www.lraloeverashop.eu\/pl\/produkt\/krem-do-twarzy-na-noc-z-aloesem\/#primaryimage","url":"https:\/\/www.lraloeverashop.eu\/wp-content\/uploads\/2025\/04\/Lr-Aloe-Vera-Regenerating-Night-Cream-new.jpg","contentUrl":"https:\/\/www.lraloeverashop.eu\/wp-content\/uploads\/2025\/04\/Lr-Aloe-Vera-Regenerating-Night-Cream-new.jpg","width":1200,"height":1200,"caption":"Aloe Vera Regeneruj\u0105cy krem na noc z fermentowanym \u017celem aloesowym dla wi\u0119kszego nawil\u017cenia"},{"@type":"BreadcrumbList","@id":"https:\/\/www.lraloeverashop.eu\/pl\/produkt\/krem-do-twarzy-na-noc-z-aloesem\/#breadcrumb","itemListElement":[{"@type":"ListItem","position":1,"name":"Home","item":"https:\/\/www.lraloeverashop.eu\/pl\/"},{"@type":"ListItem","position":2,"name":"Sklep","item":"https:\/\/www.lraloeverashop.eu\/pl\/sklep\/"},{"@type":"ListItem","position":3,"name":"Krem do Twarzy na Noc z Aloesem"}]},{"@type":"WebSite","@id":"https:\/\/www.lraloeverashop.eu\/pl\/#website","url":"https:\/\/www.lraloeverashop.eu\/pl\/","name":"Lr Aloe Vera Shop","description":"High Quality Lr Aloe Vera Gel, Aloe Vera Cream and Shampoo","publisher":{"@id":"https:\/\/www.lraloeverashop.eu\/pl\/#organization"},"alternateName":"LR","potentialAction":[{"@type":"SearchAction","target":{"@type":"EntryPoint","urlTemplate":"https:\/\/www.lraloeverashop.eu\/pl\/?s={search_term_string}"},"query-input":{"@type":"PropertyValueSpecification","valueRequired":true,"valueName":"search_term_string"}}],"inLanguage":"pl-PL"},{"@type":"Organization","@id":"https:\/\/www.lraloeverashop.eu\/pl\/#organization","name":"Sklep Lr Aloe Vera","alternateName":"LR","url":"https:\/\/www.lraloeverashop.eu\/pl\/","logo":{"@type":"ImageObject","inLanguage":"pl-PL","@id":"https:\/\/www.lraloeverashop.eu\/pl\/#\/schema\/logo\/image\/","url":"https:\/\/www.lraloeverashop.eu\/wp-content\/uploads\/2022\/09\/cropped-Lr-Aloe-Vera-Shop.jpg","contentUrl":"https:\/\/www.lraloeverashop.eu\/wp-content\/uploads\/2022\/09\/cropped-Lr-Aloe-Vera-Shop.jpg","width":228,"height":76,"caption":"Sklep Lr Aloe Vera"},"image":{"@id":"https:\/\/www.lraloeverashop.eu\/pl\/#\/schema\/logo\/image\/"},"sameAs":["https:\/\/www.facebook.com\/lraloeverashop.eu","https:\/\/x.com\/natur__kosmetik","https:\/\/www.youtube.com\/channel\/UC5oN7BJ8nfYb8RpVtjwDEBA","https:\/\/www.instagram.com\/lrbeautyeu\/"],"description":"Sklep LR Aloe Vera to Twoje zaufane \u017ar\u00f3d\u0142o wysokiej jako\u015bci produkt\u00f3w LR Health & Beauty wyprodukowanych w Niemczech. Oferujemy wysokiej jako\u015bci produkty do piel\u0119gnacji sk\u00f3ry, od\u017cywiania i przeciwstarzeniowe z aloesem, stworzone z czystych sk\u0142adnik\u00f3w i poparte badaniami naukowymi. Odkryj naturaln\u0105 piel\u0119gnacj\u0119, kt\u00f3ra regeneruje, chroni i rewitalizuje Twoj\u0105 sk\u00f3r\u0119 \u2014 i korzystaj z ekskluzywnych comiesi\u0119cznych ofert na nasze bestsellerowe produkty LR Aloe Vera.\nRozpocznij swoj\u0105 naturaln\u0105 piel\u0119gnacj\u0119 sk\u00f3ry ju\u017c dzi\u015b i poczuj r\u00f3\u017cnic\u0119.","email":"info@lraloeverashop.eu","telephone":"+49 17670609653","legalName":"Lr Aloe Vera Shop","foundingDate":"2018-04-21","numberOfEmployees":{"@type":"QuantitativeValue","minValue":"1","maxValue":"10"}}]},"product_price_amount":"27.99","product_price_currency":"EUR","og_availability":"instock","product_availability":"instock","product_retailer_item_id":"20675-201PL","product_condition":"new"},"taxonomy_info":{"product_cat":[{"value":1059,"label":"Aloe Vera"},{"value":1063,"label":"Piel\u0119gnacja twarzy"}],"product_tag":[{"value":1207,"label":"Fermentowany \u017cel aloesowy"},{"value":1127,"label":"sucha twarz"}]},"featured_image_src_large":["https:\/\/www.lraloeverashop.eu\/wp-content\/uploads\/2025\/04\/Lr-Aloe-Vera-Regenerating-Night-Cream-new-1024x1024.jpg",1024,1024,true],"author_info":[],"comment_info":0,"_links":{"self":[{"href":"https:\/\/www.lraloeverashop.eu\/pl\/wp-json\/wp\/v2\/product\/27723","targetHints":{"allow":["GET"]}}],"collection":[{"href":"https:\/\/www.lraloeverashop.eu\/pl\/wp-json\/wp\/v2\/product"}],"about":[{"href":"https:\/\/www.lraloeverashop.eu\/pl\/wp-json\/wp\/v2\/types\/product"}],"replies":[{"embeddable":true,"href":"https:\/\/www.lraloeverashop.eu\/pl\/wp-json\/wp\/v2\/comments?post=27723"}],"wp:featuredmedia":[{"embeddable":true,"href":"https:\/\/www.lraloeverashop.eu\/pl\/wp-json\/wp\/v2\/media\/27213"}],"wp:attachment":[{"href":"https:\/\/www.lraloeverashop.eu\/pl\/wp-json\/wp\/v2\/media?parent=27723"}],"wp:term":[{"taxonomy":"product_brand","embeddable":true,"href":"https:\/\/www.lraloeverashop.eu\/pl\/wp-json\/wp\/v2\/product_brand?post=27723"},{"taxonomy":"product_cat","embeddable":true,"href":"https:\/\/www.lraloeverashop.eu\/pl\/wp-json\/wp\/v2\/product_cat?post=27723"},{"taxonomy":"product_tag","embeddable":true,"href":"https:\/\/www.lraloeverashop.eu\/pl\/wp-json\/wp\/v2\/product_tag?post=27723"}],"curies":[{"name":"wp","href":"https:\/\/api.w.org\/{rel}","templated":true}]}}