{"id":27719,"date":"2022-10-09T13:04:55","date_gmt":"2022-10-09T11:04:55","guid":{"rendered":"https:\/\/www.lraloeverashop.eu\/product\/krem-aloesowy-z-propolisem\/"},"modified":"2026-04-26T21:35:09","modified_gmt":"2026-04-26T19:35:09","slug":"krem-aloesowy-z-propolisem","status":"publish","type":"product","link":"https:\/\/www.lraloeverashop.eu\/pl\/produkt\/krem-aloesowy-z-propolisem\/","title":{"rendered":"Krem Aloesowy z Propolisem"},"content":{"rendered":"<h2><span style=\"font-size: 16pt; color: #000000;\"><strong>Krem Aloesowy z Propolisem<\/strong><\/span><\/h2>\n<p><span style=\"font-size: 14pt; color: #000000;\"><strong>Krem Aloesowy z Propolisem \u2013 Krem ochronny dla wyj\u0105tkowo suchej, twardej sk\u00f3ry<\/strong><\/span><\/p>\n<p>Krem Aloesowy z Propolisem nadaje si\u0119 do piel\u0119gnacji suchej, wymagaj\u0105cej sk\u00f3ry. Zwi\u0119ksza naturaln\u0105 barier\u0119 ochronn\u0105 sk\u00f3ry i nak\u0142ada na ni\u0105 ochronny p\u0142aszcz. Propolis jest pozyskiwany z plastra miodu i zapewnia sk\u00f3rze uczucie piel\u0119gnacji i ulgi dzi\u0119ki izolacji termicznej po\u0142\u0105czonej z\u00a0nawil\u017caj\u0105cym dzia\u0142aniem aloesu. Zalecamy stosowanie go na bardzo\u00a0<a href=\"https:\/\/www.lraloeverashop.eu\/pl\/zel-aloesowy-sivera\/\"><strong>suche d\u0142onie<\/strong><\/a>, tr\u0105dzik, egzem\u0119 i inne choroby sk\u00f3ry.<\/p>\n<p>&nbsp;<\/p>\n<h3><strong><span style=\"font-size: 16pt;\">Jak stosowa\u0107<\/span><\/strong><\/h3>\n<p>Krem Aloesowy z Propolisem jest szczeg\u00f3lnie polecany do <a href=\"https:\/\/www.lraloeverashop.eu\/pl\/produkt\/krem-do-skory-suchej-i-wrazliwej\/\"><strong>ochrony suchej twarzy<\/strong><\/a> i d\u0142oni. Krem mo\u017cna nak\u0142ada\u0107 na wszystkie bardzo suche <a href=\"https:\/\/www.lraloeverashop.eu\/pl\/produkt\/krem-aloesowy-dermaintense\/\"><strong>obszary sk\u00f3ry<\/strong><\/a>, kt\u00f3re wymagaj\u0105 intensywnej piel\u0119gnacji. Na\u0142\u00f3\u017c go na tward\u0105 sk\u00f3r\u0119, delikatnie masuj\u0105c. Krem propolisowy jest bardzo dobry na choroby sk\u00f3ry, np. egzem\u0119, tr\u0105dzik itp<\/p>\n<p>&nbsp;<\/p>\n<h4><span style=\"font-size: 16pt; color: #000000;\"><strong>Czy wiedzia\u0142e\u015b?<\/strong><\/span><\/h4>\n<p>Opr\u00f3cz aloesu, propolis jest jednym z najwa\u017cniejszych sk\u0142adnik\u00f3w kremu. Pszczo\u0142y wytwarzaj\u0105 t\u0119 \u017cywiczn\u0105 substancj\u0119, aby mog\u0142y j\u0105 wykorzysta\u0107 jako materia\u0142 budulcowy plastra miodu.<\/p>\n<p>&nbsp;<\/p>\n<h4><span style=\"font-size: 16pt; color: #000000;\"><strong>Cz\u0119sto zadawane pytania<\/strong><\/span><\/h4>\n<p class=\"nitro-offscreen\"><strong>Co to jest propolis?<\/strong><br \/>\nPropolis to \u017cywiczna substancja wytwarzana przez pszczo\u0142y i u\u017cywana jako materia\u0142 budulcowy ich plastra miodu. Pszczo\u0142y u\u017cywaj\u0105 go do pokrywania powierzchni ula lub do uszczelniania ma\u0142ych otwor\u00f3w i p\u0119kni\u0119\u0107.<\/p>\n<p class=\"nitro-offscreen\"><strong>Jakie s\u0105 sk\u0142adniki propolisu?<\/strong><br \/>\nPropolis sk\u0142ada si\u0119 g\u0142\u00f3wnie z naturalnych \u017cywic kory i p\u0105k\u00f3w drzew i jest wzbogacony miodem, py\u0142kiem, olejkami eterycznymi, pierwiastkami \u015bladowymi i witaminami.<\/p>\n","protected":false},"excerpt":{"rendered":"<ul>\n<li>Bogaty krem do suchej sk\u00f3ry, wymagaj\u0105cej piel\u0119gnacji<\/li>\n<li>Zawiera 79% aloesu i ekstraktu z wosku pszczelego<\/li>\n<li>Ze sfermentowanym \u017celem aloesowym dla wi\u0119kszego nawil\u017cenia<\/li>\n<li>Wzmacnia naturaln\u0105 barier\u0119 sk\u00f3rn\u0105 i nak\u0142ada na ni\u0105 ochronny p\u0142aszcz<\/li>\n<li>Relaksuje i koi sk\u00f3r\u0119 w egzemie<\/li>\n<li>Zawarto\u015b\u0107: 100ml<\/li>\n<\/ul>\n<p style=\"text-align: left;\"><span style=\"color: #ff0000;\"><a style=\"color: #ff0000;\" href=\"https:\/\/shop.lrworld.com\/openpao?PHP=0vFlt7jT938BEnBI3a6e9w%3D%3D\"><span style=\"font-size: 14pt;\"><strong>Zarejestruj si\u0119 i oszcz\u0119dzaj 35% przy ka\u017cdym zam\u00f3wieniu<\/strong><\/span><\/a><\/span><\/p>\n","protected":false},"featured_media":27229,"comment_status":"open","ping_status":"closed","template":"","meta":{"_kad_blocks_custom_css":"","_kad_blocks_head_custom_js":"","_kad_blocks_body_custom_js":"","_kad_blocks_footer_custom_js":"","_kadence_starter_templates_imported_post":false,"_kad_post_transparent":"default","_kad_post_title":"","_kad_post_layout":"default","_kad_post_sidebar_id":"","_kad_post_content_style":"default","_kad_post_vertical_padding":"default","_kad_post_feature":"","_kad_post_feature_position":"","_kad_post_header":false,"_kad_post_footer":false,"_kad_post_classname":""},"product_brand":[],"product_cat":[1059,1067],"product_tag":[1207,1130,1129],"class_list":{"0":"post-27719","1":"product","2":"type-product","3":"status-publish","4":"has-post-thumbnail","6":"product_cat-aloe-vera-pl","7":"product_cat-pielegnacja-specjalna","8":"product_tag-fermentowany-zel-aloesowy","9":"product_tag-sucha-skora","10":"product_tag-suche-rece","12":"first","13":"instock","14":"taxable","15":"shipping-taxable","16":"purchasable","17":"product-type-simple","18":"entry","19":"content-bg","20":"loop-entry"},"yoast_head":"<!-- This site is optimized with the Yoast SEO Premium plugin v27.5 (Yoast SEO v27.5) - https:\/\/yoast.com\/product\/yoast-seo-premium-wordpress\/ -->\n<title>Krem Aloesowy z Propolisem dla sk\u00f3ry, kt\u00f3ra potrzebuje piel\u0119gnacji<\/title>\n<meta name=\"description\" content=\"Krem Aloesowy z Propolisem z 79% aloesu, odpowiedni do piel\u0119gnacji suchej, wymagaj\u0105cej sk\u00f3ry. Oferuje intensywne nawil\u017cenie i piel\u0119gnacj\u0119 podra\u017cnionej sk\u00f3ry\" \/>\n<meta name=\"robots\" content=\"index, follow, max-snippet:-1, max-image-preview:large, max-video-preview:-1\" \/>\n<link rel=\"canonical\" href=\"https:\/\/www.lraloeverashop.eu\/pl\/produkt\/krem-aloesowy-z-propolisem\/\" \/>\n<meta property=\"og:locale\" content=\"pl_PL\" \/>\n<meta property=\"og:type\" content=\"article\" \/>\n<meta property=\"og:title\" content=\"Krem Aloesowy z Propolisem\" \/>\n<meta property=\"og:description\" content=\"Krem Aloesowy z Propolisem z 79% aloesu, odpowiedni do piel\u0119gnacji suchej, wymagaj\u0105cej sk\u00f3ry. Oferuje intensywne nawil\u017cenie i piel\u0119gnacj\u0119 podra\u017cnionej sk\u00f3ry\" \/>\n<meta property=\"og:url\" content=\"https:\/\/www.lraloeverashop.eu\/pl\/produkt\/krem-aloesowy-z-propolisem\/\" \/>\n<meta property=\"og:site_name\" content=\"Lr Aloe Vera Shop\" \/>\n<meta property=\"article:publisher\" content=\"https:\/\/www.facebook.com\/lraloeverashop.eu\" \/>\n<meta property=\"article:modified_time\" content=\"2026-04-26T19:35:09+00:00\" \/>\n<meta property=\"og:image\" content=\"https:\/\/www.lraloeverashop.eu\/wp-content\/uploads\/2025\/04\/Aloe-Vera-Cream-with-Propolis.jpg\" \/>\n\t<meta property=\"og:image:width\" content=\"1200\" \/>\n\t<meta property=\"og:image:height\" content=\"1200\" \/>\n\t<meta property=\"og:image:type\" content=\"image\/jpeg\" \/>\n<meta name=\"twitter:card\" content=\"summary_large_image\" \/>\n<meta name=\"twitter:site\" content=\"@natur__kosmetik\" \/>\n<script type=\"application\/ld+json\" class=\"yoast-schema-graph\">{\"@context\":\"https:\\\/\\\/schema.org\",\"@graph\":[{\"@type\":[\"WebPage\",\"ItemPage\"],\"@id\":\"https:\\\/\\\/www.lraloeverashop.eu\\\/pl\\\/produkt\\\/krem-aloesowy-z-propolisem\\\/\",\"url\":\"https:\\\/\\\/www.lraloeverashop.eu\\\/pl\\\/produkt\\\/krem-aloesowy-z-propolisem\\\/\",\"name\":\"Krem Aloesowy z Propolisem dla sk\u00f3ry, kt\u00f3ra potrzebuje piel\u0119gnacji\",\"isPartOf\":{\"@id\":\"https:\\\/\\\/www.lraloeverashop.eu\\\/pl\\\/#website\"},\"primaryImageOfPage\":{\"@id\":\"https:\\\/\\\/www.lraloeverashop.eu\\\/pl\\\/produkt\\\/krem-aloesowy-z-propolisem\\\/#primaryimage\"},\"image\":{\"@id\":\"https:\\\/\\\/www.lraloeverashop.eu\\\/pl\\\/produkt\\\/krem-aloesowy-z-propolisem\\\/#primaryimage\"},\"thumbnailUrl\":\"https:\\\/\\\/www.lraloeverashop.eu\\\/wp-content\\\/uploads\\\/2025\\\/04\\\/Aloe-Vera-Cream-with-Propolis.jpg\",\"datePublished\":\"2022-10-09T11:04:55+00:00\",\"dateModified\":\"2026-04-26T19:35:09+00:00\",\"description\":\"Krem Aloesowy z Propolisem z 79% aloesu, odpowiedni do piel\u0119gnacji suchej, wymagaj\u0105cej sk\u00f3ry. Oferuje intensywne nawil\u017cenie i piel\u0119gnacj\u0119 podra\u017cnionej sk\u00f3ry\",\"breadcrumb\":{\"@id\":\"https:\\\/\\\/www.lraloeverashop.eu\\\/pl\\\/produkt\\\/krem-aloesowy-z-propolisem\\\/#breadcrumb\"},\"inLanguage\":\"pl-PL\",\"potentialAction\":[{\"@type\":\"ReadAction\",\"target\":[\"https:\\\/\\\/www.lraloeverashop.eu\\\/pl\\\/produkt\\\/krem-aloesowy-z-propolisem\\\/\"]}]},{\"@type\":\"ImageObject\",\"inLanguage\":\"pl-PL\",\"@id\":\"https:\\\/\\\/www.lraloeverashop.eu\\\/pl\\\/produkt\\\/krem-aloesowy-z-propolisem\\\/#primaryimage\",\"url\":\"https:\\\/\\\/www.lraloeverashop.eu\\\/wp-content\\\/uploads\\\/2025\\\/04\\\/Aloe-Vera-Cream-with-Propolis.jpg\",\"contentUrl\":\"https:\\\/\\\/www.lraloeverashop.eu\\\/wp-content\\\/uploads\\\/2025\\\/04\\\/Aloe-Vera-Cream-with-Propolis.jpg\",\"width\":1200,\"height\":1200,\"caption\":\"Krem Aloesowy z Propolisem i fermentowanym \u017celem aloesowym dla wi\u0119kszego nawil\u017cenia\"},{\"@type\":\"BreadcrumbList\",\"@id\":\"https:\\\/\\\/www.lraloeverashop.eu\\\/pl\\\/produkt\\\/krem-aloesowy-z-propolisem\\\/#breadcrumb\",\"itemListElement\":[{\"@type\":\"ListItem\",\"position\":1,\"name\":\"Home\",\"item\":\"https:\\\/\\\/www.lraloeverashop.eu\\\/pl\\\/\"},{\"@type\":\"ListItem\",\"position\":2,\"name\":\"Sklep\",\"item\":\"https:\\\/\\\/www.lraloeverashop.eu\\\/pl\\\/sklep\\\/\"},{\"@type\":\"ListItem\",\"position\":3,\"name\":\"Krem Aloesowy z Propolisem\"}]},{\"@type\":\"WebSite\",\"@id\":\"https:\\\/\\\/www.lraloeverashop.eu\\\/pl\\\/#website\",\"url\":\"https:\\\/\\\/www.lraloeverashop.eu\\\/pl\\\/\",\"name\":\"Lr Aloe Vera Shop\",\"description\":\"High Quality Lr Aloe Vera Gel, Aloe Vera Cream and Shampoo\",\"publisher\":{\"@id\":\"https:\\\/\\\/www.lraloeverashop.eu\\\/pl\\\/#organization\"},\"alternateName\":\"LR\",\"potentialAction\":[{\"@type\":\"SearchAction\",\"target\":{\"@type\":\"EntryPoint\",\"urlTemplate\":\"https:\\\/\\\/www.lraloeverashop.eu\\\/pl\\\/?s={search_term_string}\"},\"query-input\":{\"@type\":\"PropertyValueSpecification\",\"valueRequired\":true,\"valueName\":\"search_term_string\"}}],\"inLanguage\":\"pl-PL\"},{\"@type\":\"Organization\",\"@id\":\"https:\\\/\\\/www.lraloeverashop.eu\\\/pl\\\/#organization\",\"name\":\"Sklep Lr Aloe Vera\",\"alternateName\":\"LR\",\"url\":\"https:\\\/\\\/www.lraloeverashop.eu\\\/pl\\\/\",\"logo\":{\"@type\":\"ImageObject\",\"inLanguage\":\"pl-PL\",\"@id\":\"https:\\\/\\\/www.lraloeverashop.eu\\\/pl\\\/#\\\/schema\\\/logo\\\/image\\\/\",\"url\":\"https:\\\/\\\/www.lraloeverashop.eu\\\/wp-content\\\/uploads\\\/2022\\\/09\\\/cropped-Lr-Aloe-Vera-Shop.jpg\",\"contentUrl\":\"https:\\\/\\\/www.lraloeverashop.eu\\\/wp-content\\\/uploads\\\/2022\\\/09\\\/cropped-Lr-Aloe-Vera-Shop.jpg\",\"width\":228,\"height\":76,\"caption\":\"Sklep Lr Aloe Vera\"},\"image\":{\"@id\":\"https:\\\/\\\/www.lraloeverashop.eu\\\/pl\\\/#\\\/schema\\\/logo\\\/image\\\/\"},\"sameAs\":[\"https:\\\/\\\/www.facebook.com\\\/lraloeverashop.eu\",\"https:\\\/\\\/x.com\\\/natur__kosmetik\",\"https:\\\/\\\/www.youtube.com\\\/channel\\\/UC5oN7BJ8nfYb8RpVtjwDEBA\",\"https:\\\/\\\/www.instagram.com\\\/lrbeautyeu\\\/\"],\"description\":\"Sklep LR Aloe Vera to Twoje zaufane \u017ar\u00f3d\u0142o wysokiej jako\u015bci produkt\u00f3w LR Health & Beauty wyprodukowanych w Niemczech. Oferujemy wysokiej jako\u015bci produkty do piel\u0119gnacji sk\u00f3ry, od\u017cywiania i przeciwstarzeniowe z aloesem, stworzone z czystych sk\u0142adnik\u00f3w i poparte badaniami naukowymi. Odkryj naturaln\u0105 piel\u0119gnacj\u0119, kt\u00f3ra regeneruje, chroni i rewitalizuje Twoj\u0105 sk\u00f3r\u0119 \u2014 i korzystaj z ekskluzywnych comiesi\u0119cznych ofert na nasze bestsellerowe produkty LR Aloe Vera.\\nRozpocznij swoj\u0105 naturaln\u0105 piel\u0119gnacj\u0119 sk\u00f3ry ju\u017c dzi\u015b i poczuj r\u00f3\u017cnic\u0119.\",\"email\":\"info@lraloeverashop.eu\",\"telephone\":\"+49 17670609653\",\"legalName\":\"Lr Aloe Vera Shop\",\"foundingDate\":\"2018-04-21\",\"numberOfEmployees\":{\"@type\":\"QuantitativeValue\",\"minValue\":\"1\",\"maxValue\":\"10\"}}]}<\/script>\n<meta property=\"product:price:amount\" content=\"27.99\" \/>\n<meta property=\"product:price:currency\" content=\"EUR\" \/>\n<meta property=\"og:availability\" content=\"instock\" \/>\n<meta property=\"product:availability\" content=\"instock\" \/>\n<meta property=\"product:retailer_item_id\" content=\"20602-201PL\" \/>\n<meta property=\"product:condition\" content=\"new\" \/>\n<!-- \/ Yoast SEO Premium plugin. -->","yoast_head_json":{"title":"Krem Aloesowy z Propolisem dla sk\u00f3ry, kt\u00f3ra potrzebuje piel\u0119gnacji","description":"Krem Aloesowy z Propolisem z 79% aloesu, odpowiedni do piel\u0119gnacji suchej, wymagaj\u0105cej sk\u00f3ry. Oferuje intensywne nawil\u017cenie i piel\u0119gnacj\u0119 podra\u017cnionej sk\u00f3ry","robots":{"index":"index","follow":"follow","max-snippet":"max-snippet:-1","max-image-preview":"max-image-preview:large","max-video-preview":"max-video-preview:-1"},"canonical":"https:\/\/www.lraloeverashop.eu\/pl\/produkt\/krem-aloesowy-z-propolisem\/","og_locale":"pl_PL","og_type":"article","og_title":"Krem Aloesowy z Propolisem","og_description":"Krem Aloesowy z Propolisem z 79% aloesu, odpowiedni do piel\u0119gnacji suchej, wymagaj\u0105cej sk\u00f3ry. Oferuje intensywne nawil\u017cenie i piel\u0119gnacj\u0119 podra\u017cnionej sk\u00f3ry","og_url":"https:\/\/www.lraloeverashop.eu\/pl\/produkt\/krem-aloesowy-z-propolisem\/","og_site_name":"Lr Aloe Vera Shop","article_publisher":"https:\/\/www.facebook.com\/lraloeverashop.eu","article_modified_time":"2026-04-26T19:35:09+00:00","og_image":[{"width":1200,"height":1200,"url":"https:\/\/www.lraloeverashop.eu\/wp-content\/uploads\/2025\/04\/Aloe-Vera-Cream-with-Propolis.jpg","type":"image\/jpeg"}],"twitter_card":"summary_large_image","twitter_site":"@natur__kosmetik","schema":{"@context":"https:\/\/schema.org","@graph":[{"@type":["WebPage","ItemPage"],"@id":"https:\/\/www.lraloeverashop.eu\/pl\/produkt\/krem-aloesowy-z-propolisem\/","url":"https:\/\/www.lraloeverashop.eu\/pl\/produkt\/krem-aloesowy-z-propolisem\/","name":"Krem Aloesowy z Propolisem dla sk\u00f3ry, kt\u00f3ra potrzebuje piel\u0119gnacji","isPartOf":{"@id":"https:\/\/www.lraloeverashop.eu\/pl\/#website"},"primaryImageOfPage":{"@id":"https:\/\/www.lraloeverashop.eu\/pl\/produkt\/krem-aloesowy-z-propolisem\/#primaryimage"},"image":{"@id":"https:\/\/www.lraloeverashop.eu\/pl\/produkt\/krem-aloesowy-z-propolisem\/#primaryimage"},"thumbnailUrl":"https:\/\/www.lraloeverashop.eu\/wp-content\/uploads\/2025\/04\/Aloe-Vera-Cream-with-Propolis.jpg","datePublished":"2022-10-09T11:04:55+00:00","dateModified":"2026-04-26T19:35:09+00:00","description":"Krem Aloesowy z Propolisem z 79% aloesu, odpowiedni do piel\u0119gnacji suchej, wymagaj\u0105cej sk\u00f3ry. Oferuje intensywne nawil\u017cenie i piel\u0119gnacj\u0119 podra\u017cnionej sk\u00f3ry","breadcrumb":{"@id":"https:\/\/www.lraloeverashop.eu\/pl\/produkt\/krem-aloesowy-z-propolisem\/#breadcrumb"},"inLanguage":"pl-PL","potentialAction":[{"@type":"ReadAction","target":["https:\/\/www.lraloeverashop.eu\/pl\/produkt\/krem-aloesowy-z-propolisem\/"]}]},{"@type":"ImageObject","inLanguage":"pl-PL","@id":"https:\/\/www.lraloeverashop.eu\/pl\/produkt\/krem-aloesowy-z-propolisem\/#primaryimage","url":"https:\/\/www.lraloeverashop.eu\/wp-content\/uploads\/2025\/04\/Aloe-Vera-Cream-with-Propolis.jpg","contentUrl":"https:\/\/www.lraloeverashop.eu\/wp-content\/uploads\/2025\/04\/Aloe-Vera-Cream-with-Propolis.jpg","width":1200,"height":1200,"caption":"Krem Aloesowy z Propolisem i fermentowanym \u017celem aloesowym dla wi\u0119kszego nawil\u017cenia"},{"@type":"BreadcrumbList","@id":"https:\/\/www.lraloeverashop.eu\/pl\/produkt\/krem-aloesowy-z-propolisem\/#breadcrumb","itemListElement":[{"@type":"ListItem","position":1,"name":"Home","item":"https:\/\/www.lraloeverashop.eu\/pl\/"},{"@type":"ListItem","position":2,"name":"Sklep","item":"https:\/\/www.lraloeverashop.eu\/pl\/sklep\/"},{"@type":"ListItem","position":3,"name":"Krem Aloesowy z Propolisem"}]},{"@type":"WebSite","@id":"https:\/\/www.lraloeverashop.eu\/pl\/#website","url":"https:\/\/www.lraloeverashop.eu\/pl\/","name":"Lr Aloe Vera Shop","description":"High Quality Lr Aloe Vera Gel, Aloe Vera Cream and Shampoo","publisher":{"@id":"https:\/\/www.lraloeverashop.eu\/pl\/#organization"},"alternateName":"LR","potentialAction":[{"@type":"SearchAction","target":{"@type":"EntryPoint","urlTemplate":"https:\/\/www.lraloeverashop.eu\/pl\/?s={search_term_string}"},"query-input":{"@type":"PropertyValueSpecification","valueRequired":true,"valueName":"search_term_string"}}],"inLanguage":"pl-PL"},{"@type":"Organization","@id":"https:\/\/www.lraloeverashop.eu\/pl\/#organization","name":"Sklep Lr Aloe Vera","alternateName":"LR","url":"https:\/\/www.lraloeverashop.eu\/pl\/","logo":{"@type":"ImageObject","inLanguage":"pl-PL","@id":"https:\/\/www.lraloeverashop.eu\/pl\/#\/schema\/logo\/image\/","url":"https:\/\/www.lraloeverashop.eu\/wp-content\/uploads\/2022\/09\/cropped-Lr-Aloe-Vera-Shop.jpg","contentUrl":"https:\/\/www.lraloeverashop.eu\/wp-content\/uploads\/2022\/09\/cropped-Lr-Aloe-Vera-Shop.jpg","width":228,"height":76,"caption":"Sklep Lr Aloe Vera"},"image":{"@id":"https:\/\/www.lraloeverashop.eu\/pl\/#\/schema\/logo\/image\/"},"sameAs":["https:\/\/www.facebook.com\/lraloeverashop.eu","https:\/\/x.com\/natur__kosmetik","https:\/\/www.youtube.com\/channel\/UC5oN7BJ8nfYb8RpVtjwDEBA","https:\/\/www.instagram.com\/lrbeautyeu\/"],"description":"Sklep LR Aloe Vera to Twoje zaufane \u017ar\u00f3d\u0142o wysokiej jako\u015bci produkt\u00f3w LR Health & Beauty wyprodukowanych w Niemczech. Oferujemy wysokiej jako\u015bci produkty do piel\u0119gnacji sk\u00f3ry, od\u017cywiania i przeciwstarzeniowe z aloesem, stworzone z czystych sk\u0142adnik\u00f3w i poparte badaniami naukowymi. Odkryj naturaln\u0105 piel\u0119gnacj\u0119, kt\u00f3ra regeneruje, chroni i rewitalizuje Twoj\u0105 sk\u00f3r\u0119 \u2014 i korzystaj z ekskluzywnych comiesi\u0119cznych ofert na nasze bestsellerowe produkty LR Aloe Vera.\nRozpocznij swoj\u0105 naturaln\u0105 piel\u0119gnacj\u0119 sk\u00f3ry ju\u017c dzi\u015b i poczuj r\u00f3\u017cnic\u0119.","email":"info@lraloeverashop.eu","telephone":"+49 17670609653","legalName":"Lr Aloe Vera Shop","foundingDate":"2018-04-21","numberOfEmployees":{"@type":"QuantitativeValue","minValue":"1","maxValue":"10"}}]},"product_price_amount":"27.99","product_price_currency":"EUR","og_availability":"instock","product_availability":"instock","product_retailer_item_id":"20602-201PL","product_condition":"new"},"taxonomy_info":{"product_cat":[{"value":1059,"label":"Aloe Vera"},{"value":1067,"label":"Piel\u0119gnacja specjalna"}],"product_tag":[{"value":1207,"label":"Fermentowany \u017cel aloesowy"},{"value":1130,"label":"sucha sk\u00f3ra"},{"value":1129,"label":"suche r\u0119ce"}]},"featured_image_src_large":["https:\/\/www.lraloeverashop.eu\/wp-content\/uploads\/2025\/04\/Aloe-Vera-Cream-with-Propolis-1024x1024.jpg",1024,1024,true],"author_info":[],"comment_info":0,"_links":{"self":[{"href":"https:\/\/www.lraloeverashop.eu\/pl\/wp-json\/wp\/v2\/product\/27719","targetHints":{"allow":["GET"]}}],"collection":[{"href":"https:\/\/www.lraloeverashop.eu\/pl\/wp-json\/wp\/v2\/product"}],"about":[{"href":"https:\/\/www.lraloeverashop.eu\/pl\/wp-json\/wp\/v2\/types\/product"}],"replies":[{"embeddable":true,"href":"https:\/\/www.lraloeverashop.eu\/pl\/wp-json\/wp\/v2\/comments?post=27719"}],"wp:featuredmedia":[{"embeddable":true,"href":"https:\/\/www.lraloeverashop.eu\/pl\/wp-json\/wp\/v2\/media\/27229"}],"wp:attachment":[{"href":"https:\/\/www.lraloeverashop.eu\/pl\/wp-json\/wp\/v2\/media?parent=27719"}],"wp:term":[{"taxonomy":"product_brand","embeddable":true,"href":"https:\/\/www.lraloeverashop.eu\/pl\/wp-json\/wp\/v2\/product_brand?post=27719"},{"taxonomy":"product_cat","embeddable":true,"href":"https:\/\/www.lraloeverashop.eu\/pl\/wp-json\/wp\/v2\/product_cat?post=27719"},{"taxonomy":"product_tag","embeddable":true,"href":"https:\/\/www.lraloeverashop.eu\/pl\/wp-json\/wp\/v2\/product_tag?post=27719"}],"curies":[{"name":"wp","href":"https:\/\/api.w.org\/{rel}","templated":true}]}}