{"id":27717,"date":"2022-10-09T12:39:53","date_gmt":"2022-10-09T10:39:53","guid":{"rendered":"https:\/\/www.lraloeverashop.eu\/product\/aloe-vera-spray-pierwszej-pomocy\/"},"modified":"2026-04-26T21:45:55","modified_gmt":"2026-04-26T19:45:55","slug":"aloe-vera-spray-pierwszej-pomocy","status":"publish","type":"product","link":"https:\/\/www.lraloeverashop.eu\/pl\/produkt\/aloe-vera-spray-pierwszej-pomocy\/","title":{"rendered":"Aloe Vera Spray Pierwszej Pomocy"},"content":{"rendered":"<h2><span style=\"font-size: 16pt;\"><strong>Aloe Vera Spray Pierwszej Pomocy<\/strong><\/span><\/h2>\n<p><span style=\"font-size: 14pt;\"><strong>Aloe Vera Spray Pierwszej Pomocy &#8211; specjalista o mocy aloesu<\/strong><\/span><\/p>\n<p>Twoja sk\u00f3ra jest zestresowana i potrzebuje mocnego po\u0142\u0105czenia? Aloe Vera Spray Pierwszej Pomocy tworzy ochronn\u0105 pow\u0142ok\u0119 na trudnych obszarach sk\u00f3ry. Dzi\u0119ki 83% zawarto\u015bci aloesu oraz 12 wyselekcjonowanym i przetestowanym ekstraktom ro\u015blinnym <a href=\"https:\/\/www.lraloeverashop.eu\/pl\/produkt\/aloe-vera-zelowy-koncentrat\/\"><strong>dzia\u0142a koj\u0105co<\/strong><\/a>, chroni i zapewnia sk\u00f3rze maksymalne nawil\u017cenie. Doskona\u0142a opieka w nag\u0142ych wypadkach z moc\u0105 aloesu.<\/p>\n<p>&nbsp;<\/p>\n<h3><strong><span style=\"font-size: 16pt;\">Gdzie mo\u017cesz u\u017cy\u0107 Aloe Vera Spray Pierwszej Pomocy:<\/span><\/strong><\/h3>\n<ul class=\"nitro-offscreen\">\n<li>skaleczenia, otarcia \u2013 mog\u0105 by\u0107 stosowane na rany powierzchowne<\/li>\n<li>ulga dla zm\u0119czonych oczu, na\u0142\u00f3\u017c wilgotny wacik<\/li>\n<li>b\u00f3l gard\u0142a \u2013 bardzo skuteczny w stanach zapalnych migda\u0142k\u00f3w, nosogardzieli<\/li>\n<li>wypadanie w\u0142os\u00f3w, leczenie sk\u00f3ry po kr\u0119ceniu i depilacji woskiem<\/li>\n<li>siniaki, odle\u017cyny, siniaki i guzy<\/li>\n<li>b\u00f3l z\u0119ba \u2013 usuni\u0119te z\u0119by, dezynfekcja jamy ustnej<\/li>\n<li>problemy ginekologiczne \u2013 wydzielina dro\u017cd\u017cakowa, opryszczka<\/li>\n<li>ple\u015b\u0144, grzybice, tr\u0105dzik, \u0142upie\u017c i \u0142uszczyca<\/li>\n<li>pieluszkowe zapalenie sk\u00f3ry, zapalenie ucha \u015brodkowego<\/li>\n<li>zaczerwieniona sk\u00f3ra <a href=\"https:\/\/www.lraloeverashop.eu\/pl\/aloesowy-spray-pierwszej-pomocy-uratuje-twoj-dzien\/\"><strong>po nadmiernym opalaniu<\/strong><\/a><\/li>\n<li>egzema, opryszczka i rogi, p\u00f3\u0142pasiec<\/li>\n<li>uk\u0105szenia owad\u00f3w,\u00a0oparzenia<\/li>\n<li>pocz\u0105tkowy i przewlek\u0142y nie\u017cyt nosa, obrz\u0119k b\u0142on \u015bluzowych<\/li>\n<\/ul>\n<p class=\"nitro-offscreen\">Skorzystaj z wiedzy ekspert\u00f3w Aloe Vera! Wysoka zawarto\u015b\u0107 <a href=\"https:\/\/www.lraloeverashop.eu\/pl\/produkt\/zel-pierwszej-pomocy\/\"><strong>czystego \u017celu<\/strong><\/a> z li\u015bci aloesu zapewnia maksymalne nawil\u017cenie. Dzi\u0119ki organicznym sk\u0142adnikom pochodz\u0105cym z certyfikowanych upraw i testowanym dermatologicznie produktom bez paraben\u00f3w i olej\u00f3w mineralnych,\u00a0Lr Aloe Vera Special Care\u00a0zapewnia intensywn\u0105 piel\u0119gnacj\u0119 i skuteczno\u015b\u0107.<\/p>\n<p class=\"nitro-offscreen\"><strong>Odwied\u017a kategori\u0119 produkt\u00f3w do <a href=\"https:\/\/www.lraloeverashop.eu\/pl\/kategoria-produktu\/aloe-vera-pl\/pielegnacja-specjalna\/\">specjalnej piel\u0119gnacji<\/a>!<\/strong><\/p>\n<p>&nbsp;<\/p>\n<h3><strong><span style=\"font-size: 16pt;\">Jak u\u017cywa\u0107<\/span><\/strong><\/h3>\n<p>Spray\u00a0pierwszej pomocy Lr Aloe Vera\u00a0najlepiej po oczyszczeniu i przed na\u0142o\u017ceniem normalnej piel\u0119gnacji twarzy i cia\u0142a. Spray nadaje si\u0119 do r\u00f3\u017cnych zastosowa\u0144, takich jak ulga w suchej, zestresowanej sk\u00f3rze po opalaniu lub przy egzemie, tr\u0105dziku i innych problemach sk\u00f3rnych.<\/p>\n<div class=\"entry-content-asset videofit\"><iframe loading=\"lazy\" title=\"Healing power of Aloe Vera emergency Spray\" width=\"720\" height=\"405\" src=\"https:\/\/www.youtube.com\/embed\/cHbvBlJ98Kk?feature=oembed\" frameborder=\"0\" allow=\"accelerometer; autoplay; clipboard-write; encrypted-media; gyroscope; picture-in-picture; web-share\" referrerpolicy=\"strict-origin-when-cross-origin\" allowfullscreen><\/iframe><\/div>\n<h3><strong><span style=\"font-size: 16pt;\">Cz\u0119sto zadawane pytania<\/span><\/strong><\/h3>\n<p class=\"nitro-offscreen\"><strong>Gdzie mo\u017cna stosowa\u0107 Lr Aloe Vera Spray Pierwszej Pomocy?<\/strong><br \/>\nMi\u0119dzy innymi mo\u017ce by\u0107 stosowany na kilka stresuj\u0105cych obszar\u00f3w sk\u00f3ry. Nak\u0142adaj bezpo\u015brednio na zestresowan\u0105 sk\u00f3r\u0119 i pozw\u00f3l jej si\u0119 rozproszy\u0107.<\/p>\n<p class=\"nitro-offscreen\"><strong>Czy Spray Pierwszej Pomocy mo\u017ce pom\u00f3c zm\u0119czonym nogom?<\/strong><br \/>\nSzczeg\u00f3lnie w gor\u0105ce letnie miesi\u0105ce stopy cierpi\u0105 z powodu pocenia si\u0119 i zm\u0119czenia. <a href=\"https:\/\/www.lraloeverashop.eu\/pl\/produkt\/emergency-spray-pierwszej-pomocy\/\"><strong>Aloe Vera Spray<\/strong><\/a> zapewnia natychmiastowe efekty od\u015bwie\u017caj\u0105ce. Zawarte w nim ekstrakty zio\u0142owe dzia\u0142aj\u0105 koj\u0105co na sk\u00f3r\u0119.<\/p>\n<p class=\"nitro-offscreen\">Cz\u0119ste golenie podra\u017cnia sk\u00f3r\u0119 m\u0119\u017cczyzny. Najlepszym rozwi\u0105zaniem jest kilkukrotne spryskanie Aloe Vera po goleniu szybko Rozpyl pierwsz\u0105 pomoc na d\u0142onie, na\u0142\u00f3\u017c j\u0105 na twarz i delikatnie wetrzyj tak, jakby dotyka\u0142a karku. Dzia\u0142a koj\u0105co i odpr\u0119\u017caj\u0105co na podra\u017cnion\u0105 sk\u00f3r\u0119.<\/p>\n<p class=\"nitro-offscreen\"><strong>Czy mo\u017cesz u\u017cywa\u0107 Spray na sk\u00f3r\u0119 g\u0142owy?<\/strong><br \/>\nJe\u015bli czujesz, \u017ce Twoja sk\u00f3ra g\u0142owy jest t\u0142usta, po prostu spryskaj sk\u00f3r\u0119 g\u0142owy Aloe Vera Quick First Aid Spray i delikatnie wmasuj j\u0105 palcami.<\/p>\n","protected":false},"excerpt":{"rendered":"<ul>\n<li>Zawiera 83% aloesu.<\/li>\n<li>Z 12 wyselekcjonowanymi i przetestowanymi ekstraktami ro\u015blinnymi<\/li>\n<li>Ze sfermentowanym \u017celem aloesowym dla wi\u0119kszego nawil\u017cenia<\/li>\n<li>Zapewnia warstw\u0119 ochronn\u0105 dla twardej sk\u00f3ry<\/li>\n<li>Dzia\u0142a koj\u0105co i ch\u0142odz\u0105co<\/li>\n<li>Zawarto\u015b\u0107: 400 ml<\/li>\n<\/ul>\n<p style=\"text-align: left;\"><span style=\"color: #ff0000;\"><a style=\"color: #ff0000;\" href=\"https:\/\/shop.lrworld.com\/openpao?PHP=0vFlt7jT938BEnBI3a6e9w%3D%3D\"><span style=\"font-size: 14pt;\"><strong>Zarejestruj si\u0119 i oszcz\u0119dzaj 35% przy ka\u017cdym zam\u00f3wieniu<\/strong><\/span><\/a><\/span><\/p>\n","protected":false},"featured_media":27197,"comment_status":"open","ping_status":"closed","template":"","meta":{"_kad_blocks_custom_css":"","_kad_blocks_head_custom_js":"","_kad_blocks_body_custom_js":"","_kad_blocks_footer_custom_js":"","_kadence_starter_templates_imported_post":false,"_kad_post_transparent":"default","_kad_post_title":"","_kad_post_layout":"default","_kad_post_sidebar_id":"","_kad_post_content_style":"default","_kad_post_vertical_padding":"default","_kad_post_feature":"","_kad_post_feature_position":"","_kad_post_header":false,"_kad_post_footer":false,"_kad_post_classname":""},"product_brand":[],"product_cat":[1059,1061,1067],"product_tag":[1111,1112,1207,1121],"class_list":{"0":"post-27717","1":"product","2":"type-product","3":"status-publish","4":"has-post-thumbnail","6":"product_cat-aloe-vera-pl","7":"product_cat-pielegnacja-ciala","8":"product_cat-pielegnacja-specjalna","9":"product_tag-ciecia","10":"product_tag-egzema","11":"product_tag-fermentowany-zel-aloesowy","12":"product_tag-rany-pl","14":"first","15":"instock","16":"taxable","17":"shipping-taxable","18":"purchasable","19":"product-type-simple","20":"entry","21":"content-bg","22":"loop-entry"},"yoast_head":"<!-- This site is optimized with the Yoast SEO Premium plugin v27.5 (Yoast SEO v27.5) - https:\/\/yoast.com\/product\/yoast-seo-premium-wordpress\/ -->\n<title>Aloe Vera Spray Pierwszej Pomocy z 83% aloesu i ekst. zio\u0142owych<\/title>\n<meta name=\"description\" content=\"Aloe Vera Spray Pierwszej Pomocy z 83% Aloe Vera i 12 wyselekcjonowanymi i przetestowanymi ekstraktami zio\u0142owymi, \u0142agodzi i chroni podra\u017cnion\u0105 sk\u00f3r\u0119\" \/>\n<meta name=\"robots\" content=\"index, follow, max-snippet:-1, max-image-preview:large, max-video-preview:-1\" \/>\n<link rel=\"canonical\" href=\"https:\/\/www.lraloeverashop.eu\/pl\/produkt\/aloe-vera-spray-pierwszej-pomocy\/\" \/>\n<meta property=\"og:locale\" content=\"pl_PL\" \/>\n<meta property=\"og:type\" content=\"article\" \/>\n<meta property=\"og:title\" content=\"Aloe Vera Spray Pierwszej Pomocy\" \/>\n<meta property=\"og:description\" content=\"Aloe Vera Spray Pierwszej Pomocy z 83% Aloe Vera i 12 wyselekcjonowanymi i przetestowanymi ekstraktami zio\u0142owymi, \u0142agodzi i chroni podra\u017cnion\u0105 sk\u00f3r\u0119\" \/>\n<meta property=\"og:url\" content=\"https:\/\/www.lraloeverashop.eu\/pl\/produkt\/aloe-vera-spray-pierwszej-pomocy\/\" \/>\n<meta property=\"og:site_name\" content=\"Lr Aloe Vera Shop\" \/>\n<meta property=\"article:publisher\" content=\"https:\/\/www.facebook.com\/lraloeverashop.eu\" \/>\n<meta property=\"article:modified_time\" content=\"2026-04-26T19:45:55+00:00\" \/>\n<meta property=\"og:image\" content=\"https:\/\/www.lraloeverashop.eu\/wp-content\/uploads\/2025\/04\/Lr-Aloe-Vera-emergency-spray-new.jpg\" \/>\n\t<meta property=\"og:image:width\" content=\"1200\" \/>\n\t<meta property=\"og:image:height\" content=\"1200\" \/>\n\t<meta property=\"og:image:type\" content=\"image\/jpeg\" \/>\n<meta name=\"twitter:card\" content=\"summary_large_image\" \/>\n<meta name=\"twitter:site\" content=\"@natur__kosmetik\" \/>\n<script type=\"application\/ld+json\" class=\"yoast-schema-graph\">{\"@context\":\"https:\\\/\\\/schema.org\",\"@graph\":[{\"@type\":[\"WebPage\",\"ItemPage\"],\"@id\":\"https:\\\/\\\/www.lraloeverashop.eu\\\/pl\\\/produkt\\\/aloe-vera-spray-pierwszej-pomocy\\\/\",\"url\":\"https:\\\/\\\/www.lraloeverashop.eu\\\/pl\\\/produkt\\\/aloe-vera-spray-pierwszej-pomocy\\\/\",\"name\":\"Aloe Vera Spray Pierwszej Pomocy z 83% aloesu i ekst. zio\u0142owych\",\"isPartOf\":{\"@id\":\"https:\\\/\\\/www.lraloeverashop.eu\\\/pl\\\/#website\"},\"primaryImageOfPage\":{\"@id\":\"https:\\\/\\\/www.lraloeverashop.eu\\\/pl\\\/produkt\\\/aloe-vera-spray-pierwszej-pomocy\\\/#primaryimage\"},\"image\":{\"@id\":\"https:\\\/\\\/www.lraloeverashop.eu\\\/pl\\\/produkt\\\/aloe-vera-spray-pierwszej-pomocy\\\/#primaryimage\"},\"thumbnailUrl\":\"https:\\\/\\\/www.lraloeverashop.eu\\\/wp-content\\\/uploads\\\/2025\\\/04\\\/Lr-Aloe-Vera-emergency-spray-new.jpg\",\"datePublished\":\"2022-10-09T10:39:53+00:00\",\"dateModified\":\"2026-04-26T19:45:55+00:00\",\"description\":\"Aloe Vera Spray Pierwszej Pomocy z 83% Aloe Vera i 12 wyselekcjonowanymi i przetestowanymi ekstraktami zio\u0142owymi, \u0142agodzi i chroni podra\u017cnion\u0105 sk\u00f3r\u0119\",\"breadcrumb\":{\"@id\":\"https:\\\/\\\/www.lraloeverashop.eu\\\/pl\\\/produkt\\\/aloe-vera-spray-pierwszej-pomocy\\\/#breadcrumb\"},\"inLanguage\":\"pl-PL\",\"potentialAction\":[{\"@type\":\"ReadAction\",\"target\":[\"https:\\\/\\\/www.lraloeverashop.eu\\\/pl\\\/produkt\\\/aloe-vera-spray-pierwszej-pomocy\\\/\"]}]},{\"@type\":\"ImageObject\",\"inLanguage\":\"pl-PL\",\"@id\":\"https:\\\/\\\/www.lraloeverashop.eu\\\/pl\\\/produkt\\\/aloe-vera-spray-pierwszej-pomocy\\\/#primaryimage\",\"url\":\"https:\\\/\\\/www.lraloeverashop.eu\\\/wp-content\\\/uploads\\\/2025\\\/04\\\/Lr-Aloe-Vera-emergency-spray-new.jpg\",\"contentUrl\":\"https:\\\/\\\/www.lraloeverashop.eu\\\/wp-content\\\/uploads\\\/2025\\\/04\\\/Lr-Aloe-Vera-emergency-spray-new.jpg\",\"width\":1200,\"height\":1200,\"caption\":\"Aloe Vera Spray Pierwszej Pomocy a z fermentowanym \u017celem aloesowym\"},{\"@type\":\"BreadcrumbList\",\"@id\":\"https:\\\/\\\/www.lraloeverashop.eu\\\/pl\\\/produkt\\\/aloe-vera-spray-pierwszej-pomocy\\\/#breadcrumb\",\"itemListElement\":[{\"@type\":\"ListItem\",\"position\":1,\"name\":\"Home\",\"item\":\"https:\\\/\\\/www.lraloeverashop.eu\\\/pl\\\/\"},{\"@type\":\"ListItem\",\"position\":2,\"name\":\"Sklep\",\"item\":\"https:\\\/\\\/www.lraloeverashop.eu\\\/pl\\\/sklep\\\/\"},{\"@type\":\"ListItem\",\"position\":3,\"name\":\"Aloe Vera Spray Pierwszej Pomocy\"}]},{\"@type\":\"WebSite\",\"@id\":\"https:\\\/\\\/www.lraloeverashop.eu\\\/pl\\\/#website\",\"url\":\"https:\\\/\\\/www.lraloeverashop.eu\\\/pl\\\/\",\"name\":\"Lr Aloe Vera Shop\",\"description\":\"High Quality Lr Aloe Vera Gel, Aloe Vera Cream and Shampoo\",\"publisher\":{\"@id\":\"https:\\\/\\\/www.lraloeverashop.eu\\\/pl\\\/#organization\"},\"alternateName\":\"LR\",\"potentialAction\":[{\"@type\":\"SearchAction\",\"target\":{\"@type\":\"EntryPoint\",\"urlTemplate\":\"https:\\\/\\\/www.lraloeverashop.eu\\\/pl\\\/?s={search_term_string}\"},\"query-input\":{\"@type\":\"PropertyValueSpecification\",\"valueRequired\":true,\"valueName\":\"search_term_string\"}}],\"inLanguage\":\"pl-PL\"},{\"@type\":\"Organization\",\"@id\":\"https:\\\/\\\/www.lraloeverashop.eu\\\/pl\\\/#organization\",\"name\":\"Sklep Lr Aloe Vera\",\"alternateName\":\"LR\",\"url\":\"https:\\\/\\\/www.lraloeverashop.eu\\\/pl\\\/\",\"logo\":{\"@type\":\"ImageObject\",\"inLanguage\":\"pl-PL\",\"@id\":\"https:\\\/\\\/www.lraloeverashop.eu\\\/pl\\\/#\\\/schema\\\/logo\\\/image\\\/\",\"url\":\"https:\\\/\\\/www.lraloeverashop.eu\\\/wp-content\\\/uploads\\\/2022\\\/09\\\/cropped-Lr-Aloe-Vera-Shop.jpg\",\"contentUrl\":\"https:\\\/\\\/www.lraloeverashop.eu\\\/wp-content\\\/uploads\\\/2022\\\/09\\\/cropped-Lr-Aloe-Vera-Shop.jpg\",\"width\":228,\"height\":76,\"caption\":\"Sklep Lr Aloe Vera\"},\"image\":{\"@id\":\"https:\\\/\\\/www.lraloeverashop.eu\\\/pl\\\/#\\\/schema\\\/logo\\\/image\\\/\"},\"sameAs\":[\"https:\\\/\\\/www.facebook.com\\\/lraloeverashop.eu\",\"https:\\\/\\\/x.com\\\/natur__kosmetik\",\"https:\\\/\\\/www.youtube.com\\\/channel\\\/UC5oN7BJ8nfYb8RpVtjwDEBA\",\"https:\\\/\\\/www.instagram.com\\\/lrbeautyeu\\\/\"],\"description\":\"Sklep LR Aloe Vera to Twoje zaufane \u017ar\u00f3d\u0142o wysokiej jako\u015bci produkt\u00f3w LR Health & Beauty wyprodukowanych w Niemczech. Oferujemy wysokiej jako\u015bci produkty do piel\u0119gnacji sk\u00f3ry, od\u017cywiania i przeciwstarzeniowe z aloesem, stworzone z czystych sk\u0142adnik\u00f3w i poparte badaniami naukowymi. Odkryj naturaln\u0105 piel\u0119gnacj\u0119, kt\u00f3ra regeneruje, chroni i rewitalizuje Twoj\u0105 sk\u00f3r\u0119 \u2014 i korzystaj z ekskluzywnych comiesi\u0119cznych ofert na nasze bestsellerowe produkty LR Aloe Vera.\\nRozpocznij swoj\u0105 naturaln\u0105 piel\u0119gnacj\u0119 sk\u00f3ry ju\u017c dzi\u015b i poczuj r\u00f3\u017cnic\u0119.\",\"email\":\"info@lraloeverashop.eu\",\"telephone\":\"+49 17670609653\",\"legalName\":\"Lr Aloe Vera Shop\",\"foundingDate\":\"2018-04-21\",\"numberOfEmployees\":{\"@type\":\"QuantitativeValue\",\"minValue\":\"1\",\"maxValue\":\"10\"}}]}<\/script>\n<meta property=\"product:price:amount\" content=\"27.99\" \/>\n<meta property=\"product:price:currency\" content=\"EUR\" \/>\n<meta property=\"og:availability\" content=\"instock\" \/>\n<meta property=\"product:availability\" content=\"instock\" \/>\n<meta property=\"product:retailer_item_id\" content=\"20600-101PL\" \/>\n<meta property=\"product:condition\" content=\"new\" \/>\n<!-- \/ Yoast SEO Premium plugin. -->","yoast_head_json":{"title":"Aloe Vera Spray Pierwszej Pomocy z 83% aloesu i ekst. zio\u0142owych","description":"Aloe Vera Spray Pierwszej Pomocy z 83% Aloe Vera i 12 wyselekcjonowanymi i przetestowanymi ekstraktami zio\u0142owymi, \u0142agodzi i chroni podra\u017cnion\u0105 sk\u00f3r\u0119","robots":{"index":"index","follow":"follow","max-snippet":"max-snippet:-1","max-image-preview":"max-image-preview:large","max-video-preview":"max-video-preview:-1"},"canonical":"https:\/\/www.lraloeverashop.eu\/pl\/produkt\/aloe-vera-spray-pierwszej-pomocy\/","og_locale":"pl_PL","og_type":"article","og_title":"Aloe Vera Spray Pierwszej Pomocy","og_description":"Aloe Vera Spray Pierwszej Pomocy z 83% Aloe Vera i 12 wyselekcjonowanymi i przetestowanymi ekstraktami zio\u0142owymi, \u0142agodzi i chroni podra\u017cnion\u0105 sk\u00f3r\u0119","og_url":"https:\/\/www.lraloeverashop.eu\/pl\/produkt\/aloe-vera-spray-pierwszej-pomocy\/","og_site_name":"Lr Aloe Vera Shop","article_publisher":"https:\/\/www.facebook.com\/lraloeverashop.eu","article_modified_time":"2026-04-26T19:45:55+00:00","og_image":[{"width":1200,"height":1200,"url":"https:\/\/www.lraloeverashop.eu\/wp-content\/uploads\/2025\/04\/Lr-Aloe-Vera-emergency-spray-new.jpg","type":"image\/jpeg"}],"twitter_card":"summary_large_image","twitter_site":"@natur__kosmetik","schema":{"@context":"https:\/\/schema.org","@graph":[{"@type":["WebPage","ItemPage"],"@id":"https:\/\/www.lraloeverashop.eu\/pl\/produkt\/aloe-vera-spray-pierwszej-pomocy\/","url":"https:\/\/www.lraloeverashop.eu\/pl\/produkt\/aloe-vera-spray-pierwszej-pomocy\/","name":"Aloe Vera Spray Pierwszej Pomocy z 83% aloesu i ekst. zio\u0142owych","isPartOf":{"@id":"https:\/\/www.lraloeverashop.eu\/pl\/#website"},"primaryImageOfPage":{"@id":"https:\/\/www.lraloeverashop.eu\/pl\/produkt\/aloe-vera-spray-pierwszej-pomocy\/#primaryimage"},"image":{"@id":"https:\/\/www.lraloeverashop.eu\/pl\/produkt\/aloe-vera-spray-pierwszej-pomocy\/#primaryimage"},"thumbnailUrl":"https:\/\/www.lraloeverashop.eu\/wp-content\/uploads\/2025\/04\/Lr-Aloe-Vera-emergency-spray-new.jpg","datePublished":"2022-10-09T10:39:53+00:00","dateModified":"2026-04-26T19:45:55+00:00","description":"Aloe Vera Spray Pierwszej Pomocy z 83% Aloe Vera i 12 wyselekcjonowanymi i przetestowanymi ekstraktami zio\u0142owymi, \u0142agodzi i chroni podra\u017cnion\u0105 sk\u00f3r\u0119","breadcrumb":{"@id":"https:\/\/www.lraloeverashop.eu\/pl\/produkt\/aloe-vera-spray-pierwszej-pomocy\/#breadcrumb"},"inLanguage":"pl-PL","potentialAction":[{"@type":"ReadAction","target":["https:\/\/www.lraloeverashop.eu\/pl\/produkt\/aloe-vera-spray-pierwszej-pomocy\/"]}]},{"@type":"ImageObject","inLanguage":"pl-PL","@id":"https:\/\/www.lraloeverashop.eu\/pl\/produkt\/aloe-vera-spray-pierwszej-pomocy\/#primaryimage","url":"https:\/\/www.lraloeverashop.eu\/wp-content\/uploads\/2025\/04\/Lr-Aloe-Vera-emergency-spray-new.jpg","contentUrl":"https:\/\/www.lraloeverashop.eu\/wp-content\/uploads\/2025\/04\/Lr-Aloe-Vera-emergency-spray-new.jpg","width":1200,"height":1200,"caption":"Aloe Vera Spray Pierwszej Pomocy a z fermentowanym \u017celem aloesowym"},{"@type":"BreadcrumbList","@id":"https:\/\/www.lraloeverashop.eu\/pl\/produkt\/aloe-vera-spray-pierwszej-pomocy\/#breadcrumb","itemListElement":[{"@type":"ListItem","position":1,"name":"Home","item":"https:\/\/www.lraloeverashop.eu\/pl\/"},{"@type":"ListItem","position":2,"name":"Sklep","item":"https:\/\/www.lraloeverashop.eu\/pl\/sklep\/"},{"@type":"ListItem","position":3,"name":"Aloe Vera Spray Pierwszej Pomocy"}]},{"@type":"WebSite","@id":"https:\/\/www.lraloeverashop.eu\/pl\/#website","url":"https:\/\/www.lraloeverashop.eu\/pl\/","name":"Lr Aloe Vera Shop","description":"High Quality Lr Aloe Vera Gel, Aloe Vera Cream and Shampoo","publisher":{"@id":"https:\/\/www.lraloeverashop.eu\/pl\/#organization"},"alternateName":"LR","potentialAction":[{"@type":"SearchAction","target":{"@type":"EntryPoint","urlTemplate":"https:\/\/www.lraloeverashop.eu\/pl\/?s={search_term_string}"},"query-input":{"@type":"PropertyValueSpecification","valueRequired":true,"valueName":"search_term_string"}}],"inLanguage":"pl-PL"},{"@type":"Organization","@id":"https:\/\/www.lraloeverashop.eu\/pl\/#organization","name":"Sklep Lr Aloe Vera","alternateName":"LR","url":"https:\/\/www.lraloeverashop.eu\/pl\/","logo":{"@type":"ImageObject","inLanguage":"pl-PL","@id":"https:\/\/www.lraloeverashop.eu\/pl\/#\/schema\/logo\/image\/","url":"https:\/\/www.lraloeverashop.eu\/wp-content\/uploads\/2022\/09\/cropped-Lr-Aloe-Vera-Shop.jpg","contentUrl":"https:\/\/www.lraloeverashop.eu\/wp-content\/uploads\/2022\/09\/cropped-Lr-Aloe-Vera-Shop.jpg","width":228,"height":76,"caption":"Sklep Lr Aloe Vera"},"image":{"@id":"https:\/\/www.lraloeverashop.eu\/pl\/#\/schema\/logo\/image\/"},"sameAs":["https:\/\/www.facebook.com\/lraloeverashop.eu","https:\/\/x.com\/natur__kosmetik","https:\/\/www.youtube.com\/channel\/UC5oN7BJ8nfYb8RpVtjwDEBA","https:\/\/www.instagram.com\/lrbeautyeu\/"],"description":"Sklep LR Aloe Vera to Twoje zaufane \u017ar\u00f3d\u0142o wysokiej jako\u015bci produkt\u00f3w LR Health & Beauty wyprodukowanych w Niemczech. Oferujemy wysokiej jako\u015bci produkty do piel\u0119gnacji sk\u00f3ry, od\u017cywiania i przeciwstarzeniowe z aloesem, stworzone z czystych sk\u0142adnik\u00f3w i poparte badaniami naukowymi. Odkryj naturaln\u0105 piel\u0119gnacj\u0119, kt\u00f3ra regeneruje, chroni i rewitalizuje Twoj\u0105 sk\u00f3r\u0119 \u2014 i korzystaj z ekskluzywnych comiesi\u0119cznych ofert na nasze bestsellerowe produkty LR Aloe Vera.\nRozpocznij swoj\u0105 naturaln\u0105 piel\u0119gnacj\u0119 sk\u00f3ry ju\u017c dzi\u015b i poczuj r\u00f3\u017cnic\u0119.","email":"info@lraloeverashop.eu","telephone":"+49 17670609653","legalName":"Lr Aloe Vera Shop","foundingDate":"2018-04-21","numberOfEmployees":{"@type":"QuantitativeValue","minValue":"1","maxValue":"10"}}]},"product_price_amount":"27.99","product_price_currency":"EUR","og_availability":"instock","product_availability":"instock","product_retailer_item_id":"20600-101PL","product_condition":"new"},"taxonomy_info":{"product_cat":[{"value":1059,"label":"Aloe Vera"},{"value":1061,"label":"Piel\u0119gnacja cia\u0142a"},{"value":1067,"label":"Piel\u0119gnacja specjalna"}],"product_tag":[{"value":1111,"label":"Ci\u0119cia"},{"value":1112,"label":"Egzema"},{"value":1207,"label":"Fermentowany \u017cel aloesowy"},{"value":1121,"label":"Rany"}]},"featured_image_src_large":["https:\/\/www.lraloeverashop.eu\/wp-content\/uploads\/2025\/04\/Lr-Aloe-Vera-emergency-spray-new-1024x1024.jpg",1024,1024,true],"author_info":[],"comment_info":0,"_links":{"self":[{"href":"https:\/\/www.lraloeverashop.eu\/pl\/wp-json\/wp\/v2\/product\/27717","targetHints":{"allow":["GET"]}}],"collection":[{"href":"https:\/\/www.lraloeverashop.eu\/pl\/wp-json\/wp\/v2\/product"}],"about":[{"href":"https:\/\/www.lraloeverashop.eu\/pl\/wp-json\/wp\/v2\/types\/product"}],"replies":[{"embeddable":true,"href":"https:\/\/www.lraloeverashop.eu\/pl\/wp-json\/wp\/v2\/comments?post=27717"}],"wp:featuredmedia":[{"embeddable":true,"href":"https:\/\/www.lraloeverashop.eu\/pl\/wp-json\/wp\/v2\/media\/27197"}],"wp:attachment":[{"href":"https:\/\/www.lraloeverashop.eu\/pl\/wp-json\/wp\/v2\/media?parent=27717"}],"wp:term":[{"taxonomy":"product_brand","embeddable":true,"href":"https:\/\/www.lraloeverashop.eu\/pl\/wp-json\/wp\/v2\/product_brand?post=27717"},{"taxonomy":"product_cat","embeddable":true,"href":"https:\/\/www.lraloeverashop.eu\/pl\/wp-json\/wp\/v2\/product_cat?post=27717"},{"taxonomy":"product_tag","embeddable":true,"href":"https:\/\/www.lraloeverashop.eu\/pl\/wp-json\/wp\/v2\/product_tag?post=27717"}],"curies":[{"name":"wp","href":"https:\/\/api.w.org\/{rel}","templated":true}]}}