{"id":27701,"date":"2021-02-06T21:01:27","date_gmt":"2021-02-06T20:01:27","guid":{"rendered":"https:\/\/www.lraloeverashop.eu\/product\/aloe-vera-box-do-pielegnacji-specjalnej\/"},"modified":"2026-04-26T22:08:16","modified_gmt":"2026-04-26T20:08:16","slug":"aloe-vera-box-do-pielegnacji-specjalnej","status":"publish","type":"product","link":"https:\/\/www.lraloeverashop.eu\/pl\/produkt\/aloe-vera-box-do-pielegnacji-specjalnej\/","title":{"rendered":"Aloe Vera Box do Piel\u0119gnacji Specjalnej"},"content":{"rendered":"<h2><span style=\"font-size: 16pt;\"><strong>Aloe Vera Box do Piel\u0119gnacji Specjalnej<\/strong><\/span><\/h2>\n<p><span style=\"font-size: 14pt;\"><strong>Aloe Vera Box do Piel\u0119gnacji Specjalnej &#8211; \u201eApteczka pierwszej pomocy\u201d na ka\u017cd\u0105 okazj\u0119. Teraz z fermentowanym \u017celem aloesowym<\/strong><\/span><\/p>\n<p>Aloe Vera box do Piel\u0119gnacji Specjalnej na podra\u017cnienia sk\u00f3ry. Ci czterej specjali\u015bci od aloesu wspomagaj\u0105 naturaln\u0105 regeneracj\u0119 podra\u017cnionej sk\u00f3ry i zapewniaj\u0105 wyj\u0105tkow\u0105 piel\u0119gnacj\u0119. Specjalne pude\u0142ko Aloe Vera to idealna piel\u0119gnacja w domu i w podr\u00f3\u017cy.<\/p>\n<p><strong>Czy cierpisz na \u0142uszczyc\u0119, atopowe zapalenie sk\u00f3ry, rybi\u0105 \u0142usk\u0119, tr\u0105dzik lub tocze\u0144? Jeste\u015b we w\u0142a\u015bciwym miejscu.<\/strong><\/p>\n<p><a href=\"https:\/\/www.lraloeverashop.eu\/pl\/produkt\/aloe-vera-zelowy-koncentrat\/\"><strong>Aloe Vera \u017belowy Koncentra<\/strong><\/a>t zawiera 90% czystego \u017celu aloesowego, kt\u00f3ry ch\u0142odzi i koi sk\u00f3r\u0119. Kondycja suchej sk\u00f3ry znacznie si\u0119 poprawia dzi\u0119ki nawil\u017caj\u0105cym w\u0142a\u015bciwo\u015bciom koncentratu. Aloes zapewnia sk\u00f3rze \u015bwie\u017c\u0105 i bardziej elastyczn\u0105 sk\u00f3r\u0119.<\/p>\n<p>Ch\u0142odzi, \u0142agodzi i wspomaga regeneracj\u0119 sk\u00f3ry. Bardzo dobry w leczeniu egzemy, tr\u0105dziku, skalecze\u0144 no\u017cem, oparze\u0144 itp.<\/p>\n<p>&nbsp;<\/p>\n<p><a href=\"https:\/\/www.lraloeverashop.eu\/pl\/produkt\/aloe-vera-spray-pierwszej-pomocy\/\"><strong>Aloe Vera Spray Pierwszej Pomocy<\/strong><\/a> tworzy pow\u0142ok\u0119 ochronn\u0105 na trudnych obszarach sk\u00f3ry. Dzi\u0119ki zawarto\u015bci 83% aloesu i 12 wyselekcjonowanym i przetestowanym ekstraktom ro\u015blinnym \u0142agodzi, chroni i zapewnia maksymalne nawil\u017cenie sk\u00f3ry. Doskona\u0142a pomoc w nag\u0142ych wypadkach dzi\u0119ki mocy aloesu.<\/p>\n<p>Nadaje si\u0119 do leczenia egzemy, opryszczki i odcisk\u00f3w, p\u00f3\u0142pa\u015bca, ple\u015bni, grzybic, tr\u0105dziku, \u0142upie\u017cu i \u0142uszczycy, czyrak\u00f3w, zapalenia ucha \u015brodkowego itp.<\/p>\n<p>&nbsp;<\/p>\n<p><a href=\"https:\/\/www.lraloeverashop.eu\/pl\/produkt\/krem-aloesowy-z-propolisem\/\"><strong>Aloe Vera Krem z Propolisem<\/strong><\/a>, zawieraj\u0105cy 79% aloesu, nadaje si\u0119 do piel\u0119gnacji sk\u00f3ry suchej i wymagaj\u0105cej. Wzmacnia naturaln\u0105 barier\u0119 ochronn\u0105 sk\u00f3ry i tworzy na niej warstw\u0119 ochronn\u0105. Propolis pozyskiwany jest z plastra miodu i zapewnia sk\u00f3rze uczucie piel\u0119gnacji i ukojenia dzi\u0119ki w\u0142a\u015bciwo\u015bciom termoizolacyjnym po\u0142\u0105czonym z nawil\u017caj\u0105cym dzia\u0142aniem aloesu.<\/p>\n<p>Zalecamy stosowanie go w przypadku bardzo suchych d\u0142oni, tr\u0105dziku, egzemy i innych chor\u00f3b sk\u00f3ry po wyleczeniu, gdy rany s\u0105 suche.<\/p>\n<p><a href=\"https:\/\/www.lraloeverashop.eu\/pl\/produkt\/zel-pierwszej-pomocy\/\"><strong>Aloe Vera \u017bel Pierwszej Pomocy<\/strong><\/a> przyspiesza regeneracj\u0119 sk\u00f3ry w odpowiedzi na drobne, codzienne niedogodno\u015bci, kt\u00f3re jej zagra\u017caj\u0105.* Tworzy lekki film ochronny i zapewnia g\u0142\u0119bokie nawil\u017cenie o natychmiastowym i d\u0142ugotrwa\u0142ym efekcie: poziom nawil\u017cenia sk\u00f3ry wzrasta ponad dwukrotnie ju\u017c po 20 minutach.** Krem-\u017cel przywraca sk\u00f3rze r\u00f3wnowag\u0119, wzmacnia jej barier\u0119 ochronn\u0105, a tym samym poprawia jej odporno\u015b\u0107.<\/p>\n<p>&nbsp;<\/p>\n<p><strong>+139%<\/strong> wilgotno\u015bci jako efekt natychmiastowy po 20 min.<br \/>\n<strong>+176%<\/strong> nawil\u017cenia jako efekt d\u0142ugoterminowy po 4 tygodniach.<br \/>\n<strong>\u00a0 90%<\/strong> os\u00f3b poddanych testowi potwierdzi\u0142o szybsz\u0105 regeneracj\u0119 i ukojenie podra\u017cnionej sk\u00f3ry.<br \/>\n<strong>\u00a0 95%<\/strong> os\u00f3b poddanych testowi potwierdzi\u0142o uczucie g\u0142adkiej i elastycznej sk\u00f3ry.<br \/>\n<strong>+53%<\/strong> poprawa og\u00f3lnego wygl\u0105du sk\u00f3ry.<\/p>\n<p>&nbsp;<\/p>\n<p>* Potwierdzone testami aplikacyjnymi trwaj\u0105cymi ponad 4 tygodnie z udzia\u0142em 20 ochotnik\u00f3w i p\u00f3\u017aniejsz\u0105 ocen\u0105 dermatologiczn\u0105 w pa\u017adzierniku 2024 r.<br \/>\n** Potwierdzono pomiarem korneometrem przeprowadzonym na 20 ochotnikach w pa\u017adzierniku 2024 r.<\/p>\n<p>&nbsp;<\/p>\n<h3><strong><span style=\"font-size: 16pt;\">Co to w\u0142a\u015bciwie Aloe Vera Box do Piel\u0119gnacji Specjalnej DUO?<\/span><\/strong><\/h3>\n<p>Od\u017cywcze i regeneracyjne w\u0142a\u015bciwo\u015bci \u017celu aloesowego s\u0105 wzmocnione sfermentowanym \u017celem aloesowym i uzupe\u0142nione o szereg pozytywnych w\u0142a\u015bciwo\u015bci. W procesie fermentacji mi\u0105\u017cszu aloesowego z jego sk\u0142adnik\u00f3w wydobywa si\u0119 coraz wi\u0119cej skutecznych sk\u0142adnik\u00f3w od\u017cywczych, co pozwala na wykorzystanie pe\u0142nego potencja\u0142u aloesu.<\/p>\n<p>&nbsp;<\/p>\n<h3><strong><span style=\"font-size: 16pt;\">Jakie s\u0105 zalety sfermentowanego \u017celu aloesowego?<\/span><\/strong><\/h3>\n<p><strong>Fermentowany \u017cel aloesowy:<\/strong><\/p>\n<ol>\n<li>Wnika g\u0142\u0119biej w sk\u00f3r\u0119<\/li>\n<li>Pozwala sk\u00f3rze szybciej wch\u0142ania\u0107 sk\u0142adniki od\u017cywcze<\/li>\n<li>Przyspiesza regeneracj\u0119 sk\u00f3ry<\/li>\n<li>G\u0142\u0119boko nawil\u017ca<\/li>\n<li>Dzia\u0142a jako naturalny \u015brodek przeciwstarzeniowy<\/li>\n<\/ol>\n<p>&nbsp;<\/p>\n<p>Dzi\u0119ki tym ekspertom w dziedzinie specjalnej opieki Ty i Twoi bliscy jeste\u015bcie doskonale przygotowani na wszystkie codzienne wyzwania. Aloe Vera Box do Piel\u0119gnacji Specjalnej z czterema wielofunkcyjnymi produktami jest Twoim idealnym towarzyszem na rzecz trwale pi\u0119knej i zdrowej sk\u00f3ry.<\/p>\n<p><strong>A co najlepsze:<\/strong> w praktycznej torbie do Piel\u0119gnacji Specjalnej masz je zawsze przy sobie i jeste\u015b doskonale przygotowany, gdy zajdzie taka potrzeba!<\/p>\n<p>&nbsp;<\/p>\n<h3><strong><span style=\"font-size: 16pt;\">Wypr\u00f3buj teraz i przekonaj si\u0119<\/span><\/strong><\/h3>\n<p>Dzi\u0119ki unikalnemu Power Duo, nasi czterej profesjonali\u015bci w piel\u0119gnacji sk\u00f3ry zapewniaj\u0105 intensywn\u0105 piel\u0119gnacj\u0119 nawil\u017caj\u0105c\u0105 i szybk\u0105 regeneracj\u0119, szczeg\u00f3lnie w przypadku wyj\u0105tkowo zestresowanych obszar\u00f3w sk\u00f3ry.<\/p>\n","protected":false},"excerpt":{"rendered":"<ul>\n<li>Lr Aloe Vera Spray Pierwszej Pomocy 150 ml, \u0142agodzi i ch\u0142odzi<\/li>\n<li>Lr Aloe Vera Nawil\u017caj\u0105cy \u017belowy Koncentrat, 100 ml sprzyja regeneracji<\/li>\n<li>Lr Aloe Vera Krem z Propolisem, 100 ml zapewnia sk\u00f3rze nawil\u017cenie i elastyczno\u015b\u0107.<\/li>\n<li>Lr Aloe Vera \u017bel Pierwszej Pomocy, 30 ml przyspiesza regeneracj\u0119 sk\u00f3ry<\/li>\n<\/ul>\n<p style=\"text-align: left;\"><span style=\"color: #ff0000;\"><a style=\"color: #ff0000;\" href=\"https:\/\/shop.lrworld.com\/openpao?PHP=0vFlt7jT938BEnBI3a6e9w%3D%3D\"><span style=\"font-size: 14pt;\"><strong>Zarejestruj si\u0119 i oszcz\u0119dzaj 35% przy ka\u017cdym zam\u00f3wieniu<\/strong><\/span><\/a><\/span><\/p>\n","protected":false},"featured_media":27253,"comment_status":"open","ping_status":"closed","template":"","meta":{"_kad_blocks_custom_css":"","_kad_blocks_head_custom_js":"","_kad_blocks_body_custom_js":"","_kad_blocks_footer_custom_js":"","_kadence_starter_templates_imported_post":false,"_kad_post_transparent":"default","_kad_post_title":"","_kad_post_layout":"default","_kad_post_sidebar_id":"","_kad_post_content_style":"default","_kad_post_vertical_padding":"default","_kad_post_feature":"","_kad_post_feature_position":"","_kad_post_header":false,"_kad_post_footer":false,"_kad_post_classname":""},"product_brand":[],"product_cat":[1059,1061,1067,1063],"product_tag":[1111,1112,1207,1121,1129],"class_list":{"0":"post-27701","1":"product","2":"type-product","3":"status-publish","4":"has-post-thumbnail","6":"product_cat-aloe-vera-pl","7":"product_cat-pielegnacja-ciala","8":"product_cat-pielegnacja-specjalna","9":"product_cat-pielegnacja-twarzy","10":"product_tag-ciecia","11":"product_tag-egzema","12":"product_tag-fermentowany-zel-aloesowy","13":"product_tag-rany-pl","14":"product_tag-suche-rece","16":"first","17":"instock","18":"taxable","19":"shipping-taxable","20":"purchasable","21":"product-type-simple","22":"entry","23":"content-bg","24":"loop-entry"},"yoast_head":"<!-- This site is optimized with the Yoast SEO Premium plugin v27.5 (Yoast SEO v27.5) - https:\/\/yoast.com\/product\/yoast-seo-premium-wordpress\/ -->\n<title>Aloe Vera Box do Piel\u0119gnacji Specjalnej dla podra\u017cnionej sk\u00f3ry<\/title>\n<meta name=\"description\" content=\"Aloe Vera Box do Piel\u0119gnacji Specjalnej. Czterej Specjali\u015bci pomagaj\u0105 przy egzemie, tr\u0105dziku i innych problemach sk\u00f3rnych. Teraz z sfermentowanym \u017celem\" \/>\n<meta name=\"robots\" content=\"index, follow, max-snippet:-1, max-image-preview:large, max-video-preview:-1\" \/>\n<link rel=\"canonical\" href=\"https:\/\/www.lraloeverashop.eu\/pl\/produkt\/aloe-vera-box-do-pielegnacji-specjalnej\/\" \/>\n<meta property=\"og:locale\" content=\"pl_PL\" \/>\n<meta property=\"og:type\" content=\"article\" \/>\n<meta property=\"og:title\" content=\"Aloe Vera Box do Piel\u0119gnacji Specjalnej\" \/>\n<meta property=\"og:description\" content=\"Aloe Vera Box do Piel\u0119gnacji Specjalnej. Czterej Specjali\u015bci pomagaj\u0105 przy egzemie, tr\u0105dziku i innych problemach sk\u00f3rnych. Teraz z sfermentowanym \u017celem\" \/>\n<meta property=\"og:url\" content=\"https:\/\/www.lraloeverashop.eu\/pl\/produkt\/aloe-vera-box-do-pielegnacji-specjalnej\/\" \/>\n<meta property=\"og:site_name\" content=\"Lr Aloe Vera Shop\" \/>\n<meta property=\"article:publisher\" content=\"https:\/\/www.facebook.com\/lraloeverashop.eu\" \/>\n<meta property=\"article:modified_time\" content=\"2026-04-26T20:08:16+00:00\" \/>\n<meta property=\"og:image\" content=\"https:\/\/www.lraloeverashop.eu\/wp-content\/uploads\/2025\/04\/Aloe-Vera-Special-Care-Bag.jpg\" \/>\n\t<meta property=\"og:image:width\" content=\"1200\" \/>\n\t<meta property=\"og:image:height\" content=\"1200\" \/>\n\t<meta property=\"og:image:type\" content=\"image\/jpeg\" \/>\n<meta name=\"twitter:card\" content=\"summary_large_image\" \/>\n<meta name=\"twitter:site\" content=\"@natur__kosmetik\" \/>\n<script type=\"application\/ld+json\" class=\"yoast-schema-graph\">{\"@context\":\"https:\\\/\\\/schema.org\",\"@graph\":[{\"@type\":[\"WebPage\",\"ItemPage\"],\"@id\":\"https:\\\/\\\/www.lraloeverashop.eu\\\/pl\\\/produkt\\\/aloe-vera-box-do-pielegnacji-specjalnej\\\/\",\"url\":\"https:\\\/\\\/www.lraloeverashop.eu\\\/pl\\\/produkt\\\/aloe-vera-box-do-pielegnacji-specjalnej\\\/\",\"name\":\"Aloe Vera Box do Piel\u0119gnacji Specjalnej dla podra\u017cnionej sk\u00f3ry\",\"isPartOf\":{\"@id\":\"https:\\\/\\\/www.lraloeverashop.eu\\\/pl\\\/#website\"},\"primaryImageOfPage\":{\"@id\":\"https:\\\/\\\/www.lraloeverashop.eu\\\/pl\\\/produkt\\\/aloe-vera-box-do-pielegnacji-specjalnej\\\/#primaryimage\"},\"image\":{\"@id\":\"https:\\\/\\\/www.lraloeverashop.eu\\\/pl\\\/produkt\\\/aloe-vera-box-do-pielegnacji-specjalnej\\\/#primaryimage\"},\"thumbnailUrl\":\"https:\\\/\\\/www.lraloeverashop.eu\\\/wp-content\\\/uploads\\\/2025\\\/04\\\/Aloe-Vera-Special-Care-Bag.jpg\",\"datePublished\":\"2021-02-06T20:01:27+00:00\",\"dateModified\":\"2026-04-26T20:08:16+00:00\",\"description\":\"Aloe Vera Box do Piel\u0119gnacji Specjalnej. Czterej Specjali\u015bci pomagaj\u0105 przy egzemie, tr\u0105dziku i innych problemach sk\u00f3rnych. Teraz z sfermentowanym \u017celem\",\"breadcrumb\":{\"@id\":\"https:\\\/\\\/www.lraloeverashop.eu\\\/pl\\\/produkt\\\/aloe-vera-box-do-pielegnacji-specjalnej\\\/#breadcrumb\"},\"inLanguage\":\"pl-PL\",\"potentialAction\":[{\"@type\":\"ReadAction\",\"target\":[\"https:\\\/\\\/www.lraloeverashop.eu\\\/pl\\\/produkt\\\/aloe-vera-box-do-pielegnacji-specjalnej\\\/\"]}]},{\"@type\":\"ImageObject\",\"inLanguage\":\"pl-PL\",\"@id\":\"https:\\\/\\\/www.lraloeverashop.eu\\\/pl\\\/produkt\\\/aloe-vera-box-do-pielegnacji-specjalnej\\\/#primaryimage\",\"url\":\"https:\\\/\\\/www.lraloeverashop.eu\\\/wp-content\\\/uploads\\\/2025\\\/04\\\/Aloe-Vera-Special-Care-Bag.jpg\",\"contentUrl\":\"https:\\\/\\\/www.lraloeverashop.eu\\\/wp-content\\\/uploads\\\/2025\\\/04\\\/Aloe-Vera-Special-Care-Bag.jpg\",\"width\":1200,\"height\":1200,\"caption\":\"Aloe Vera Box do Piel\u0119gnacji Specjalnej - Specjali\u015bci od aloesu na ka\u017cdy przypadek\"},{\"@type\":\"BreadcrumbList\",\"@id\":\"https:\\\/\\\/www.lraloeverashop.eu\\\/pl\\\/produkt\\\/aloe-vera-box-do-pielegnacji-specjalnej\\\/#breadcrumb\",\"itemListElement\":[{\"@type\":\"ListItem\",\"position\":1,\"name\":\"Home\",\"item\":\"https:\\\/\\\/www.lraloeverashop.eu\\\/pl\\\/\"},{\"@type\":\"ListItem\",\"position\":2,\"name\":\"Sklep\",\"item\":\"https:\\\/\\\/www.lraloeverashop.eu\\\/pl\\\/sklep\\\/\"},{\"@type\":\"ListItem\",\"position\":3,\"name\":\"Aloe Vera Box do Piel\u0119gnacji Specjalnej\"}]},{\"@type\":\"WebSite\",\"@id\":\"https:\\\/\\\/www.lraloeverashop.eu\\\/pl\\\/#website\",\"url\":\"https:\\\/\\\/www.lraloeverashop.eu\\\/pl\\\/\",\"name\":\"Lr Aloe Vera Shop\",\"description\":\"High Quality Lr Aloe Vera Gel, Aloe Vera Cream and Shampoo\",\"publisher\":{\"@id\":\"https:\\\/\\\/www.lraloeverashop.eu\\\/pl\\\/#organization\"},\"alternateName\":\"LR\",\"potentialAction\":[{\"@type\":\"SearchAction\",\"target\":{\"@type\":\"EntryPoint\",\"urlTemplate\":\"https:\\\/\\\/www.lraloeverashop.eu\\\/pl\\\/?s={search_term_string}\"},\"query-input\":{\"@type\":\"PropertyValueSpecification\",\"valueRequired\":true,\"valueName\":\"search_term_string\"}}],\"inLanguage\":\"pl-PL\"},{\"@type\":\"Organization\",\"@id\":\"https:\\\/\\\/www.lraloeverashop.eu\\\/pl\\\/#organization\",\"name\":\"Sklep Lr Aloe Vera\",\"alternateName\":\"LR\",\"url\":\"https:\\\/\\\/www.lraloeverashop.eu\\\/pl\\\/\",\"logo\":{\"@type\":\"ImageObject\",\"inLanguage\":\"pl-PL\",\"@id\":\"https:\\\/\\\/www.lraloeverashop.eu\\\/pl\\\/#\\\/schema\\\/logo\\\/image\\\/\",\"url\":\"https:\\\/\\\/www.lraloeverashop.eu\\\/wp-content\\\/uploads\\\/2022\\\/09\\\/cropped-Lr-Aloe-Vera-Shop.jpg\",\"contentUrl\":\"https:\\\/\\\/www.lraloeverashop.eu\\\/wp-content\\\/uploads\\\/2022\\\/09\\\/cropped-Lr-Aloe-Vera-Shop.jpg\",\"width\":228,\"height\":76,\"caption\":\"Sklep Lr Aloe Vera\"},\"image\":{\"@id\":\"https:\\\/\\\/www.lraloeverashop.eu\\\/pl\\\/#\\\/schema\\\/logo\\\/image\\\/\"},\"sameAs\":[\"https:\\\/\\\/www.facebook.com\\\/lraloeverashop.eu\",\"https:\\\/\\\/x.com\\\/natur__kosmetik\",\"https:\\\/\\\/www.youtube.com\\\/channel\\\/UC5oN7BJ8nfYb8RpVtjwDEBA\",\"https:\\\/\\\/www.instagram.com\\\/lrbeautyeu\\\/\"],\"description\":\"Sklep LR Aloe Vera to Twoje zaufane \u017ar\u00f3d\u0142o wysokiej jako\u015bci produkt\u00f3w LR Health & Beauty wyprodukowanych w Niemczech. Oferujemy wysokiej jako\u015bci produkty do piel\u0119gnacji sk\u00f3ry, od\u017cywiania i przeciwstarzeniowe z aloesem, stworzone z czystych sk\u0142adnik\u00f3w i poparte badaniami naukowymi. Odkryj naturaln\u0105 piel\u0119gnacj\u0119, kt\u00f3ra regeneruje, chroni i rewitalizuje Twoj\u0105 sk\u00f3r\u0119 \u2014 i korzystaj z ekskluzywnych comiesi\u0119cznych ofert na nasze bestsellerowe produkty LR Aloe Vera.\\nRozpocznij swoj\u0105 naturaln\u0105 piel\u0119gnacj\u0119 sk\u00f3ry ju\u017c dzi\u015b i poczuj r\u00f3\u017cnic\u0119.\",\"email\":\"info@lraloeverashop.eu\",\"telephone\":\"+49 17670609653\",\"legalName\":\"Lr Aloe Vera Shop\",\"foundingDate\":\"2018-04-21\",\"numberOfEmployees\":{\"@type\":\"QuantitativeValue\",\"minValue\":\"1\",\"maxValue\":\"10\"}}]}<\/script>\n<meta property=\"product:price:amount\" content=\"76.89\" \/>\n<meta property=\"product:price:currency\" content=\"EUR\" \/>\n<meta property=\"og:availability\" content=\"instock\" \/>\n<meta property=\"product:availability\" content=\"instock\" \/>\n<meta property=\"product:retailer_item_id\" content=\"20905-1PL\" \/>\n<meta property=\"product:condition\" content=\"new\" \/>\n<!-- \/ Yoast SEO Premium plugin. -->","yoast_head_json":{"title":"Aloe Vera Box do Piel\u0119gnacji Specjalnej dla podra\u017cnionej sk\u00f3ry","description":"Aloe Vera Box do Piel\u0119gnacji Specjalnej. Czterej Specjali\u015bci pomagaj\u0105 przy egzemie, tr\u0105dziku i innych problemach sk\u00f3rnych. Teraz z sfermentowanym \u017celem","robots":{"index":"index","follow":"follow","max-snippet":"max-snippet:-1","max-image-preview":"max-image-preview:large","max-video-preview":"max-video-preview:-1"},"canonical":"https:\/\/www.lraloeverashop.eu\/pl\/produkt\/aloe-vera-box-do-pielegnacji-specjalnej\/","og_locale":"pl_PL","og_type":"article","og_title":"Aloe Vera Box do Piel\u0119gnacji Specjalnej","og_description":"Aloe Vera Box do Piel\u0119gnacji Specjalnej. Czterej Specjali\u015bci pomagaj\u0105 przy egzemie, tr\u0105dziku i innych problemach sk\u00f3rnych. Teraz z sfermentowanym \u017celem","og_url":"https:\/\/www.lraloeverashop.eu\/pl\/produkt\/aloe-vera-box-do-pielegnacji-specjalnej\/","og_site_name":"Lr Aloe Vera Shop","article_publisher":"https:\/\/www.facebook.com\/lraloeverashop.eu","article_modified_time":"2026-04-26T20:08:16+00:00","og_image":[{"width":1200,"height":1200,"url":"https:\/\/www.lraloeverashop.eu\/wp-content\/uploads\/2025\/04\/Aloe-Vera-Special-Care-Bag.jpg","type":"image\/jpeg"}],"twitter_card":"summary_large_image","twitter_site":"@natur__kosmetik","schema":{"@context":"https:\/\/schema.org","@graph":[{"@type":["WebPage","ItemPage"],"@id":"https:\/\/www.lraloeverashop.eu\/pl\/produkt\/aloe-vera-box-do-pielegnacji-specjalnej\/","url":"https:\/\/www.lraloeverashop.eu\/pl\/produkt\/aloe-vera-box-do-pielegnacji-specjalnej\/","name":"Aloe Vera Box do Piel\u0119gnacji Specjalnej dla podra\u017cnionej sk\u00f3ry","isPartOf":{"@id":"https:\/\/www.lraloeverashop.eu\/pl\/#website"},"primaryImageOfPage":{"@id":"https:\/\/www.lraloeverashop.eu\/pl\/produkt\/aloe-vera-box-do-pielegnacji-specjalnej\/#primaryimage"},"image":{"@id":"https:\/\/www.lraloeverashop.eu\/pl\/produkt\/aloe-vera-box-do-pielegnacji-specjalnej\/#primaryimage"},"thumbnailUrl":"https:\/\/www.lraloeverashop.eu\/wp-content\/uploads\/2025\/04\/Aloe-Vera-Special-Care-Bag.jpg","datePublished":"2021-02-06T20:01:27+00:00","dateModified":"2026-04-26T20:08:16+00:00","description":"Aloe Vera Box do Piel\u0119gnacji Specjalnej. Czterej Specjali\u015bci pomagaj\u0105 przy egzemie, tr\u0105dziku i innych problemach sk\u00f3rnych. Teraz z sfermentowanym \u017celem","breadcrumb":{"@id":"https:\/\/www.lraloeverashop.eu\/pl\/produkt\/aloe-vera-box-do-pielegnacji-specjalnej\/#breadcrumb"},"inLanguage":"pl-PL","potentialAction":[{"@type":"ReadAction","target":["https:\/\/www.lraloeverashop.eu\/pl\/produkt\/aloe-vera-box-do-pielegnacji-specjalnej\/"]}]},{"@type":"ImageObject","inLanguage":"pl-PL","@id":"https:\/\/www.lraloeverashop.eu\/pl\/produkt\/aloe-vera-box-do-pielegnacji-specjalnej\/#primaryimage","url":"https:\/\/www.lraloeverashop.eu\/wp-content\/uploads\/2025\/04\/Aloe-Vera-Special-Care-Bag.jpg","contentUrl":"https:\/\/www.lraloeverashop.eu\/wp-content\/uploads\/2025\/04\/Aloe-Vera-Special-Care-Bag.jpg","width":1200,"height":1200,"caption":"Aloe Vera Box do Piel\u0119gnacji Specjalnej - Specjali\u015bci od aloesu na ka\u017cdy przypadek"},{"@type":"BreadcrumbList","@id":"https:\/\/www.lraloeverashop.eu\/pl\/produkt\/aloe-vera-box-do-pielegnacji-specjalnej\/#breadcrumb","itemListElement":[{"@type":"ListItem","position":1,"name":"Home","item":"https:\/\/www.lraloeverashop.eu\/pl\/"},{"@type":"ListItem","position":2,"name":"Sklep","item":"https:\/\/www.lraloeverashop.eu\/pl\/sklep\/"},{"@type":"ListItem","position":3,"name":"Aloe Vera Box do Piel\u0119gnacji Specjalnej"}]},{"@type":"WebSite","@id":"https:\/\/www.lraloeverashop.eu\/pl\/#website","url":"https:\/\/www.lraloeverashop.eu\/pl\/","name":"Lr Aloe Vera Shop","description":"High Quality Lr Aloe Vera Gel, Aloe Vera Cream and Shampoo","publisher":{"@id":"https:\/\/www.lraloeverashop.eu\/pl\/#organization"},"alternateName":"LR","potentialAction":[{"@type":"SearchAction","target":{"@type":"EntryPoint","urlTemplate":"https:\/\/www.lraloeverashop.eu\/pl\/?s={search_term_string}"},"query-input":{"@type":"PropertyValueSpecification","valueRequired":true,"valueName":"search_term_string"}}],"inLanguage":"pl-PL"},{"@type":"Organization","@id":"https:\/\/www.lraloeverashop.eu\/pl\/#organization","name":"Sklep Lr Aloe Vera","alternateName":"LR","url":"https:\/\/www.lraloeverashop.eu\/pl\/","logo":{"@type":"ImageObject","inLanguage":"pl-PL","@id":"https:\/\/www.lraloeverashop.eu\/pl\/#\/schema\/logo\/image\/","url":"https:\/\/www.lraloeverashop.eu\/wp-content\/uploads\/2022\/09\/cropped-Lr-Aloe-Vera-Shop.jpg","contentUrl":"https:\/\/www.lraloeverashop.eu\/wp-content\/uploads\/2022\/09\/cropped-Lr-Aloe-Vera-Shop.jpg","width":228,"height":76,"caption":"Sklep Lr Aloe Vera"},"image":{"@id":"https:\/\/www.lraloeverashop.eu\/pl\/#\/schema\/logo\/image\/"},"sameAs":["https:\/\/www.facebook.com\/lraloeverashop.eu","https:\/\/x.com\/natur__kosmetik","https:\/\/www.youtube.com\/channel\/UC5oN7BJ8nfYb8RpVtjwDEBA","https:\/\/www.instagram.com\/lrbeautyeu\/"],"description":"Sklep LR Aloe Vera to Twoje zaufane \u017ar\u00f3d\u0142o wysokiej jako\u015bci produkt\u00f3w LR Health & Beauty wyprodukowanych w Niemczech. Oferujemy wysokiej jako\u015bci produkty do piel\u0119gnacji sk\u00f3ry, od\u017cywiania i przeciwstarzeniowe z aloesem, stworzone z czystych sk\u0142adnik\u00f3w i poparte badaniami naukowymi. Odkryj naturaln\u0105 piel\u0119gnacj\u0119, kt\u00f3ra regeneruje, chroni i rewitalizuje Twoj\u0105 sk\u00f3r\u0119 \u2014 i korzystaj z ekskluzywnych comiesi\u0119cznych ofert na nasze bestsellerowe produkty LR Aloe Vera.\nRozpocznij swoj\u0105 naturaln\u0105 piel\u0119gnacj\u0119 sk\u00f3ry ju\u017c dzi\u015b i poczuj r\u00f3\u017cnic\u0119.","email":"info@lraloeverashop.eu","telephone":"+49 17670609653","legalName":"Lr Aloe Vera Shop","foundingDate":"2018-04-21","numberOfEmployees":{"@type":"QuantitativeValue","minValue":"1","maxValue":"10"}}]},"product_price_amount":"76.89","product_price_currency":"EUR","og_availability":"instock","product_availability":"instock","product_retailer_item_id":"20905-1PL","product_condition":"new"},"taxonomy_info":{"product_cat":[{"value":1059,"label":"Aloe Vera"},{"value":1061,"label":"Piel\u0119gnacja cia\u0142a"},{"value":1067,"label":"Piel\u0119gnacja specjalna"},{"value":1063,"label":"Piel\u0119gnacja twarzy"}],"product_tag":[{"value":1111,"label":"Ci\u0119cia"},{"value":1112,"label":"Egzema"},{"value":1207,"label":"Fermentowany \u017cel aloesowy"},{"value":1121,"label":"Rany"},{"value":1129,"label":"suche r\u0119ce"}]},"featured_image_src_large":["https:\/\/www.lraloeverashop.eu\/wp-content\/uploads\/2025\/04\/Aloe-Vera-Special-Care-Bag-1024x1024.jpg",1024,1024,true],"author_info":[],"comment_info":0,"_links":{"self":[{"href":"https:\/\/www.lraloeverashop.eu\/pl\/wp-json\/wp\/v2\/product\/27701","targetHints":{"allow":["GET"]}}],"collection":[{"href":"https:\/\/www.lraloeverashop.eu\/pl\/wp-json\/wp\/v2\/product"}],"about":[{"href":"https:\/\/www.lraloeverashop.eu\/pl\/wp-json\/wp\/v2\/types\/product"}],"replies":[{"embeddable":true,"href":"https:\/\/www.lraloeverashop.eu\/pl\/wp-json\/wp\/v2\/comments?post=27701"}],"wp:featuredmedia":[{"embeddable":true,"href":"https:\/\/www.lraloeverashop.eu\/pl\/wp-json\/wp\/v2\/media\/27253"}],"wp:attachment":[{"href":"https:\/\/www.lraloeverashop.eu\/pl\/wp-json\/wp\/v2\/media?parent=27701"}],"wp:term":[{"taxonomy":"product_brand","embeddable":true,"href":"https:\/\/www.lraloeverashop.eu\/pl\/wp-json\/wp\/v2\/product_brand?post=27701"},{"taxonomy":"product_cat","embeddable":true,"href":"https:\/\/www.lraloeverashop.eu\/pl\/wp-json\/wp\/v2\/product_cat?post=27701"},{"taxonomy":"product_tag","embeddable":true,"href":"https:\/\/www.lraloeverashop.eu\/pl\/wp-json\/wp\/v2\/product_tag?post=27701"}],"curies":[{"name":"wp","href":"https:\/\/api.w.org\/{rel}","templated":true}]}}