{"id":27685,"date":"2022-09-22T13:14:57","date_gmt":"2022-09-22T11:14:57","guid":{"rendered":"https:\/\/www.lraloeverashop.eu\/zastrzezenie-medyczne\/"},"modified":"2026-04-26T11:04:25","modified_gmt":"2026-04-26T09:04:25","slug":"zastrzezenie-medyczne","status":"publish","type":"page","link":"https:\/\/www.lraloeverashop.eu\/pl\/zastrzezenie-medyczne\/","title":{"rendered":"ZASTRZE\u017bENIE MEDYCZNE"},"content":{"rendered":"\n<p class=\"has-medium-font-size\"><strong><mark class=\"has-inline-color has-theme-palette-3-color\" style=\"background-color: rgba(0, 0, 0, 0);\">1<strong>)&nbsp;<\/strong> BRAK PORAD<\/mark><\/strong><\/p>\n\n\n\n<p>1.1 Nasza strona internetowa zawiera og\u00f3lne informacje medyczne.<br>1.2 Informacje medyczne nie s\u0105 poradami i nie powinny by\u0107 traktowane jako takie<\/p>\n\n\n\n<p class=\"has-medium-font-size\"><strong><mark class=\"has-inline-color has-theme-palette-3-color\" style=\"background-color: rgba(0, 0, 0, 0);\">2<strong>)&nbsp;<\/strong> BRAK GWARANCJI<\/mark><\/strong><\/p>\n\n\n\n<p>2.1 Informacje medyczne na naszej stronie internetowej s\u0105 udost\u0119pniane bez \u017cadnych o\u015bwiadcze\u0144 ani gwarancji, wyra\u017anych lub dorozumianych.<br>2.2 Bez ograniczania zakresu punktu 2.1, nie gwarantujemy ani nie o\u015bwiadczamy, \u017ce informacje medyczne na tej stronie internetowej:<\/p>\n\n\n\n<p>(a) b\u0119d\u0105 stale dost\u0119pne lub w og\u00f3le dost\u0119pne; lub<\/p>\n\n\n\n<p>(b) s\u0105 prawdziwe, dok\u0142adne, kompletne, aktualne i niewprowadzaj\u0105ce w b\u0142\u0105d.<\/p>\n\n\n\n<p class=\"has-medium-font-size\"><strong><mark class=\"has-inline-color has-theme-palette-3-color\" style=\"background-color: rgba(0, 0, 0, 0);\">3<strong>)&nbsp;<\/strong> POMOC MEDYCZNA<\/mark><\/strong><\/p>\n\n\n\n<p>3.1 Nie wolno polega\u0107 na informacjach na naszej stronie internetowej jako alternatywie dla porady medycznej od lekarza lub innego profesjonalnego pracownika s\u0142u\u017cby zdrowia.<br>3.2 Je\u015bli masz jakiekolwiek pytania dotycz\u0105ce jakiejkolwiek kwestii medycznej, powiniene\u015b skonsultowa\u0107 si\u0119 z lekarzem lub innym profesjonalnym pracownikiem s\u0142u\u017cby zdrowia. 3.3 Je\u015bli uwa\u017casz, \u017ce mo\u017cesz cierpie\u0107 na jak\u0105kolwiek chorob\u0119, powiniene\u015b natychmiast zwr\u00f3ci\u0107 si\u0119 o pomoc lekarsk\u0105.<br>3.4 Nigdy nie powiniene\u015b op\u00f3\u017ania\u0107 szukania porady lekarskiej, ignorowa\u0107 porady lekarskiej ani przerywa\u0107 leczenia z powodu informacji na naszej stronie internetowej.<\/p>\n\n\n\n<p class=\"has-medium-font-size\"><strong><mark class=\"has-inline-color has-theme-palette-3-color\" style=\"background-color: rgba(0, 0, 0, 0);\">4<strong>)&nbsp;<\/strong> FUNKCJE INTERAKTYWNE<\/mark><\/strong><\/p>\n\n\n\n<p>4.1 Nasza strona internetowa zawiera funkcje interaktywne, kt\u00f3re umo\u017cliwiaj\u0105 u\u017cytkownikom komunikowanie si\u0119 z nami.<br>4.2 Przyjmujesz do wiadomo\u015bci, \u017ce ze wzgl\u0119du na <strong><a href=\"https:\/\/www.lraloeverashop.eu\/pl\/regulamin\/\">ograniczony charakter komunikacji<\/a><\/strong> za po\u015brednictwem interaktywnych funkcji naszej strony internetowej, wszelka pomoc, kt\u00f3r\u0105 mo\u017cesz otrzyma\u0107 za pomoc\u0105 takich funkcji, prawdopodobnie b\u0119dzie niekompletna, a nawet mo\u017ce wprowadza\u0107 w b\u0142\u0105d.<br>4.3 Wszelka pomoc, kt\u00f3r\u0105 mo\u017cesz otrzyma\u0107 za pomoc\u0105 interaktywnych funkcji naszej strony internetowej, nie stanowi konkretnej porady i w zwi\u0105zku z tym nie nale\u017cy na niej polega\u0107 bez dalszego niezale\u017cnego potwierdzenia.<\/p>\n\n\n\n<p class=\"has-medium-font-size\"><strong><mark class=\"has-inline-color has-theme-palette-3-color\" style=\"background-color: rgba(0, 0, 0, 0);\">5<strong>)&nbsp;<\/strong> OGRANICZENIA WY\u0141\u0104CZE\u0143 ODPOWIEDZIALNO\u015aCI<\/mark><\/strong><\/p>\n\n\n\n<p>5.1 \u017badne z postanowie\u0144 niniejszego wy\u0142\u0105czenia odpowiedzialno\u015bci nie b\u0119dzie:<\/p>\n\n\n\n<p>(a) ogranicza\u0107 ani wyklucza\u0107 jakiejkolwiek odpowiedzialno\u015bci za \u015bmier\u0107 lub obra\u017cenia cia\u0142a wynikaj\u0105ce z zaniedbania;<\/p>\n\n\n\n<p>(b) ogranicza\u0107 ani wyklucza\u0107 jakiejkolwiek odpowiedzialno\u015bci za oszustwo lub oszuka\u0144cze wprowadzenie w b\u0142\u0105d;<\/p>\n\n\n\n<p>(c) ogranicza\u0107 jakiejkolwiek odpowiedzialno\u015bci w spos\u00f3b, kt\u00f3ry nie jest dozwolony na mocy obowi\u0105zuj\u0105cego prawa; lub<\/p>\n\n\n\n<p>(d) wyklucza\u0107 jakiejkolwiek odpowiedzialno\u015bci, kt\u00f3rej nie mo\u017cna wykluczy\u0107 na mocy obowi\u0105zuj\u0105cego prawa.<\/p>\n","protected":false},"excerpt":{"rendered":"<p>1)&nbsp; BRAK PORAD 1.1 Nasza strona internetowa zawiera og\u00f3lne informacje medyczne.1.2 Informacje medyczne nie s\u0105 poradami i nie powinny by\u0107 traktowane jako takie 2)&nbsp; BRAK GWARANCJI 2.1 Informacje medyczne na naszej stronie internetowej s\u0105 udost\u0119pniane bez \u017cadnych o\u015bwiadcze\u0144 ani gwarancji, wyra\u017anych lub dorozumianych.2.2 Bez ograniczania zakresu punktu 2.1, nie gwarantujemy ani nie o\u015bwiadczamy, \u017ce informacje&#8230;<\/p>\n","protected":false},"author":2,"featured_media":0,"parent":0,"menu_order":0,"comment_status":"closed","ping_status":"closed","template":"","meta":{"_kad_blocks_custom_css":"","_kad_blocks_head_custom_js":"","_kad_blocks_body_custom_js":"","_kad_blocks_footer_custom_js":"","_kadence_starter_templates_imported_post":false,"_kad_post_transparent":"","_kad_post_title":"","_kad_post_layout":"","_kad_post_sidebar_id":"","_kad_post_content_style":"","_kad_post_vertical_padding":"","_kad_post_feature":"","_kad_post_feature_position":"","_kad_post_header":false,"_kad_post_footer":false,"_kad_post_classname":"","footnotes":""},"class_list":["post-27685","page","type-page","status-publish","hentry"],"yoast_head":"<!-- This site is optimized with the Yoast SEO Premium plugin v27.5 (Yoast SEO v27.5) - https:\/\/yoast.com\/product\/yoast-seo-premium-wordpress\/ -->\n<title>Zastrze\u017cenie dotycz\u0105ce informacji medycznych dla sklepu Lr Aloe Vera<\/title>\n<meta name=\"description\" content=\"Zastrze\u017cenie dotycz\u0105ce informacji medycznych zawiera og\u00f3lne informacje. Je\u015bli masz jakiekolwiek pytania dotycz\u0105ce jakiejkolwiek kwestii medycznej, skonsultuj si\u0119 z lekarzem\" \/>\n<meta name=\"robots\" content=\"index, follow, max-snippet:-1, max-image-preview:large, max-video-preview:-1\" \/>\n<link rel=\"canonical\" href=\"https:\/\/www.lraloeverashop.eu\/pl\/zastrzezenie-medyczne\/\" \/>\n<meta property=\"og:locale\" content=\"pl_PL\" \/>\n<meta property=\"og:type\" content=\"article\" \/>\n<meta property=\"og:title\" content=\"ZASTRZE\u017bENIE MEDYCZNE\" \/>\n<meta property=\"og:description\" content=\"Zastrze\u017cenie dotycz\u0105ce informacji medycznych zawiera og\u00f3lne informacje. Je\u015bli masz jakiekolwiek pytania dotycz\u0105ce jakiejkolwiek kwestii medycznej, skonsultuj si\u0119 z lekarzem\" \/>\n<meta property=\"og:url\" content=\"https:\/\/www.lraloeverashop.eu\/pl\/zastrzezenie-medyczne\/\" \/>\n<meta property=\"og:site_name\" content=\"Lr Aloe Vera Shop\" \/>\n<meta property=\"article:publisher\" content=\"https:\/\/www.facebook.com\/lraloeverashop.eu\" \/>\n<meta property=\"article:modified_time\" content=\"2026-04-26T09:04:25+00:00\" \/>\n<meta property=\"og:image\" content=\"https:\/\/www.lraloeverashop.eu\/wp-content\/uploads\/2022\/10\/Zeitgard-Pro-Skin-Care.jpg\" \/>\n\t<meta property=\"og:image:width\" content=\"1607\" \/>\n\t<meta property=\"og:image:height\" content=\"707\" \/>\n\t<meta property=\"og:image:type\" content=\"image\/jpeg\" \/>\n<meta name=\"twitter:card\" content=\"summary_large_image\" \/>\n<meta name=\"twitter:site\" content=\"@natur__kosmetik\" \/>\n<script type=\"application\/ld+json\" class=\"yoast-schema-graph\">{\"@context\":\"https:\\\/\\\/schema.org\",\"@graph\":[{\"@type\":\"WebPage\",\"@id\":\"https:\\\/\\\/www.lraloeverashop.eu\\\/pl\\\/zastrzezenie-medyczne\\\/\",\"url\":\"https:\\\/\\\/www.lraloeverashop.eu\\\/pl\\\/zastrzezenie-medyczne\\\/\",\"name\":\"Zastrze\u017cenie dotycz\u0105ce informacji medycznych dla sklepu Lr Aloe Vera\",\"isPartOf\":{\"@id\":\"https:\\\/\\\/www.lraloeverashop.eu\\\/pl\\\/#website\"},\"datePublished\":\"2022-09-22T11:14:57+00:00\",\"dateModified\":\"2026-04-26T09:04:25+00:00\",\"description\":\"Zastrze\u017cenie dotycz\u0105ce informacji medycznych zawiera og\u00f3lne informacje. Je\u015bli masz jakiekolwiek pytania dotycz\u0105ce jakiejkolwiek kwestii medycznej, skonsultuj si\u0119 z lekarzem\",\"breadcrumb\":{\"@id\":\"https:\\\/\\\/www.lraloeverashop.eu\\\/pl\\\/zastrzezenie-medyczne\\\/#breadcrumb\"},\"inLanguage\":\"pl-PL\",\"potentialAction\":[{\"@type\":\"ReadAction\",\"target\":[\"https:\\\/\\\/www.lraloeverashop.eu\\\/pl\\\/zastrzezenie-medyczne\\\/\"]}]},{\"@type\":\"BreadcrumbList\",\"@id\":\"https:\\\/\\\/www.lraloeverashop.eu\\\/pl\\\/zastrzezenie-medyczne\\\/#breadcrumb\",\"itemListElement\":[{\"@type\":\"ListItem\",\"position\":1,\"name\":\"Home\",\"item\":\"https:\\\/\\\/www.lraloeverashop.eu\\\/pl\\\/\"},{\"@type\":\"ListItem\",\"position\":2,\"name\":\"ZASTRZE\u017bENIE MEDYCZNE\"}]},{\"@type\":\"WebSite\",\"@id\":\"https:\\\/\\\/www.lraloeverashop.eu\\\/pl\\\/#website\",\"url\":\"https:\\\/\\\/www.lraloeverashop.eu\\\/pl\\\/\",\"name\":\"Lr Aloe Vera Shop\",\"description\":\"High Quality Lr Aloe Vera Gel, Aloe Vera Cream and Shampoo\",\"publisher\":{\"@id\":\"https:\\\/\\\/www.lraloeverashop.eu\\\/pl\\\/#organization\"},\"alternateName\":\"LR\",\"potentialAction\":[{\"@type\":\"SearchAction\",\"target\":{\"@type\":\"EntryPoint\",\"urlTemplate\":\"https:\\\/\\\/www.lraloeverashop.eu\\\/pl\\\/?s={search_term_string}\"},\"query-input\":{\"@type\":\"PropertyValueSpecification\",\"valueRequired\":true,\"valueName\":\"search_term_string\"}}],\"inLanguage\":\"pl-PL\"},{\"@type\":\"Organization\",\"@id\":\"https:\\\/\\\/www.lraloeverashop.eu\\\/pl\\\/#organization\",\"name\":\"Sklep Lr Aloe Vera\",\"alternateName\":\"LR\",\"url\":\"https:\\\/\\\/www.lraloeverashop.eu\\\/pl\\\/\",\"logo\":{\"@type\":\"ImageObject\",\"inLanguage\":\"pl-PL\",\"@id\":\"https:\\\/\\\/www.lraloeverashop.eu\\\/pl\\\/#\\\/schema\\\/logo\\\/image\\\/\",\"url\":\"https:\\\/\\\/www.lraloeverashop.eu\\\/wp-content\\\/uploads\\\/2022\\\/09\\\/cropped-Lr-Aloe-Vera-Shop.jpg\",\"contentUrl\":\"https:\\\/\\\/www.lraloeverashop.eu\\\/wp-content\\\/uploads\\\/2022\\\/09\\\/cropped-Lr-Aloe-Vera-Shop.jpg\",\"width\":228,\"height\":76,\"caption\":\"Sklep Lr Aloe Vera\"},\"image\":{\"@id\":\"https:\\\/\\\/www.lraloeverashop.eu\\\/pl\\\/#\\\/schema\\\/logo\\\/image\\\/\"},\"sameAs\":[\"https:\\\/\\\/www.facebook.com\\\/lraloeverashop.eu\",\"https:\\\/\\\/x.com\\\/natur__kosmetik\",\"https:\\\/\\\/www.youtube.com\\\/channel\\\/UC5oN7BJ8nfYb8RpVtjwDEBA\",\"https:\\\/\\\/www.instagram.com\\\/lrbeautyeu\\\/\"],\"description\":\"Sklep LR Aloe Vera to Twoje zaufane \u017ar\u00f3d\u0142o wysokiej jako\u015bci produkt\u00f3w LR Health & Beauty wyprodukowanych w Niemczech. Oferujemy wysokiej jako\u015bci produkty do piel\u0119gnacji sk\u00f3ry, od\u017cywiania i przeciwstarzeniowe z aloesem, stworzone z czystych sk\u0142adnik\u00f3w i poparte badaniami naukowymi. Odkryj naturaln\u0105 piel\u0119gnacj\u0119, kt\u00f3ra regeneruje, chroni i rewitalizuje Twoj\u0105 sk\u00f3r\u0119 \u2014 i korzystaj z ekskluzywnych comiesi\u0119cznych ofert na nasze bestsellerowe produkty LR Aloe Vera.\\nRozpocznij swoj\u0105 naturaln\u0105 piel\u0119gnacj\u0119 sk\u00f3ry ju\u017c dzi\u015b i poczuj r\u00f3\u017cnic\u0119.\",\"email\":\"info@lraloeverashop.eu\",\"telephone\":\"+49 17670609653\",\"legalName\":\"Lr Aloe Vera Shop\",\"foundingDate\":\"2018-04-21\",\"numberOfEmployees\":{\"@type\":\"QuantitativeValue\",\"minValue\":\"1\",\"maxValue\":\"10\"}}]}<\/script>\n<!-- \/ Yoast SEO Premium plugin. -->","yoast_head_json":{"title":"Zastrze\u017cenie dotycz\u0105ce informacji medycznych dla sklepu Lr Aloe Vera","description":"Zastrze\u017cenie dotycz\u0105ce informacji medycznych zawiera og\u00f3lne informacje. Je\u015bli masz jakiekolwiek pytania dotycz\u0105ce jakiejkolwiek kwestii medycznej, skonsultuj si\u0119 z lekarzem","robots":{"index":"index","follow":"follow","max-snippet":"max-snippet:-1","max-image-preview":"max-image-preview:large","max-video-preview":"max-video-preview:-1"},"canonical":"https:\/\/www.lraloeverashop.eu\/pl\/zastrzezenie-medyczne\/","og_locale":"pl_PL","og_type":"article","og_title":"ZASTRZE\u017bENIE MEDYCZNE","og_description":"Zastrze\u017cenie dotycz\u0105ce informacji medycznych zawiera og\u00f3lne informacje. Je\u015bli masz jakiekolwiek pytania dotycz\u0105ce jakiejkolwiek kwestii medycznej, skonsultuj si\u0119 z lekarzem","og_url":"https:\/\/www.lraloeverashop.eu\/pl\/zastrzezenie-medyczne\/","og_site_name":"Lr Aloe Vera Shop","article_publisher":"https:\/\/www.facebook.com\/lraloeverashop.eu","article_modified_time":"2026-04-26T09:04:25+00:00","og_image":[{"width":1607,"height":707,"url":"https:\/\/www.lraloeverashop.eu\/wp-content\/uploads\/2022\/10\/Zeitgard-Pro-Skin-Care.jpg","type":"image\/jpeg"}],"twitter_card":"summary_large_image","twitter_site":"@natur__kosmetik","schema":{"@context":"https:\/\/schema.org","@graph":[{"@type":"WebPage","@id":"https:\/\/www.lraloeverashop.eu\/pl\/zastrzezenie-medyczne\/","url":"https:\/\/www.lraloeverashop.eu\/pl\/zastrzezenie-medyczne\/","name":"Zastrze\u017cenie dotycz\u0105ce informacji medycznych dla sklepu Lr Aloe Vera","isPartOf":{"@id":"https:\/\/www.lraloeverashop.eu\/pl\/#website"},"datePublished":"2022-09-22T11:14:57+00:00","dateModified":"2026-04-26T09:04:25+00:00","description":"Zastrze\u017cenie dotycz\u0105ce informacji medycznych zawiera og\u00f3lne informacje. Je\u015bli masz jakiekolwiek pytania dotycz\u0105ce jakiejkolwiek kwestii medycznej, skonsultuj si\u0119 z lekarzem","breadcrumb":{"@id":"https:\/\/www.lraloeverashop.eu\/pl\/zastrzezenie-medyczne\/#breadcrumb"},"inLanguage":"pl-PL","potentialAction":[{"@type":"ReadAction","target":["https:\/\/www.lraloeverashop.eu\/pl\/zastrzezenie-medyczne\/"]}]},{"@type":"BreadcrumbList","@id":"https:\/\/www.lraloeverashop.eu\/pl\/zastrzezenie-medyczne\/#breadcrumb","itemListElement":[{"@type":"ListItem","position":1,"name":"Home","item":"https:\/\/www.lraloeverashop.eu\/pl\/"},{"@type":"ListItem","position":2,"name":"ZASTRZE\u017bENIE MEDYCZNE"}]},{"@type":"WebSite","@id":"https:\/\/www.lraloeverashop.eu\/pl\/#website","url":"https:\/\/www.lraloeverashop.eu\/pl\/","name":"Lr Aloe Vera Shop","description":"High Quality Lr Aloe Vera Gel, Aloe Vera Cream and Shampoo","publisher":{"@id":"https:\/\/www.lraloeverashop.eu\/pl\/#organization"},"alternateName":"LR","potentialAction":[{"@type":"SearchAction","target":{"@type":"EntryPoint","urlTemplate":"https:\/\/www.lraloeverashop.eu\/pl\/?s={search_term_string}"},"query-input":{"@type":"PropertyValueSpecification","valueRequired":true,"valueName":"search_term_string"}}],"inLanguage":"pl-PL"},{"@type":"Organization","@id":"https:\/\/www.lraloeverashop.eu\/pl\/#organization","name":"Sklep Lr Aloe Vera","alternateName":"LR","url":"https:\/\/www.lraloeverashop.eu\/pl\/","logo":{"@type":"ImageObject","inLanguage":"pl-PL","@id":"https:\/\/www.lraloeverashop.eu\/pl\/#\/schema\/logo\/image\/","url":"https:\/\/www.lraloeverashop.eu\/wp-content\/uploads\/2022\/09\/cropped-Lr-Aloe-Vera-Shop.jpg","contentUrl":"https:\/\/www.lraloeverashop.eu\/wp-content\/uploads\/2022\/09\/cropped-Lr-Aloe-Vera-Shop.jpg","width":228,"height":76,"caption":"Sklep Lr Aloe Vera"},"image":{"@id":"https:\/\/www.lraloeverashop.eu\/pl\/#\/schema\/logo\/image\/"},"sameAs":["https:\/\/www.facebook.com\/lraloeverashop.eu","https:\/\/x.com\/natur__kosmetik","https:\/\/www.youtube.com\/channel\/UC5oN7BJ8nfYb8RpVtjwDEBA","https:\/\/www.instagram.com\/lrbeautyeu\/"],"description":"Sklep LR Aloe Vera to Twoje zaufane \u017ar\u00f3d\u0142o wysokiej jako\u015bci produkt\u00f3w LR Health & Beauty wyprodukowanych w Niemczech. Oferujemy wysokiej jako\u015bci produkty do piel\u0119gnacji sk\u00f3ry, od\u017cywiania i przeciwstarzeniowe z aloesem, stworzone z czystych sk\u0142adnik\u00f3w i poparte badaniami naukowymi. Odkryj naturaln\u0105 piel\u0119gnacj\u0119, kt\u00f3ra regeneruje, chroni i rewitalizuje Twoj\u0105 sk\u00f3r\u0119 \u2014 i korzystaj z ekskluzywnych comiesi\u0119cznych ofert na nasze bestsellerowe produkty LR Aloe Vera.\nRozpocznij swoj\u0105 naturaln\u0105 piel\u0119gnacj\u0119 sk\u00f3ry ju\u017c dzi\u015b i poczuj r\u00f3\u017cnic\u0119.","email":"info@lraloeverashop.eu","telephone":"+49 17670609653","legalName":"Lr Aloe Vera Shop","foundingDate":"2018-04-21","numberOfEmployees":{"@type":"QuantitativeValue","minValue":"1","maxValue":"10"}}]}},"taxonomy_info":[],"featured_image_src_large":false,"author_info":{"display_name":"Stanislav Rurik","author_link":"https:\/\/www.lraloeverashop.eu\/pl\/author\/admin_stanislavrurik\/"},"comment_info":0,"_links":{"self":[{"href":"https:\/\/www.lraloeverashop.eu\/pl\/wp-json\/wp\/v2\/pages\/27685","targetHints":{"allow":["GET"]}}],"collection":[{"href":"https:\/\/www.lraloeverashop.eu\/pl\/wp-json\/wp\/v2\/pages"}],"about":[{"href":"https:\/\/www.lraloeverashop.eu\/pl\/wp-json\/wp\/v2\/types\/page"}],"author":[{"embeddable":true,"href":"https:\/\/www.lraloeverashop.eu\/pl\/wp-json\/wp\/v2\/users\/2"}],"replies":[{"embeddable":true,"href":"https:\/\/www.lraloeverashop.eu\/pl\/wp-json\/wp\/v2\/comments?post=27685"}],"version-history":[{"count":1,"href":"https:\/\/www.lraloeverashop.eu\/pl\/wp-json\/wp\/v2\/pages\/27685\/revisions"}],"predecessor-version":[{"id":30703,"href":"https:\/\/www.lraloeverashop.eu\/pl\/wp-json\/wp\/v2\/pages\/27685\/revisions\/30703"}],"wp:attachment":[{"href":"https:\/\/www.lraloeverashop.eu\/pl\/wp-json\/wp\/v2\/media?parent=27685"}],"curies":[{"name":"wp","href":"https:\/\/api.w.org\/{rel}","templated":true}]}}