{"id":27642,"date":"2022-09-22T13:07:14","date_gmt":"2022-09-22T11:07:14","guid":{"rendered":"https:\/\/www.lraloeverashop.eu\/polityka-zwrotow\/"},"modified":"2026-04-26T08:05:38","modified_gmt":"2026-04-26T06:05:38","slug":"polityka-zwrotow","status":"publish","type":"page","link":"https:\/\/www.lraloeverashop.eu\/pl\/polityka-zwrotow\/","title":{"rendered":"Polityka zwrot\u00f3w"},"content":{"rendered":"\n<p class=\"has-medium-font-size\"><strong>WA\u017bNA UWAGA<\/strong><\/p>\n\n\n\n<p><strong><mark class=\"has-inline-color\" style=\"background-color: rgba(0, 0, 0, 0); color: #ff0000;\">Wa\u017cna uwaga: Zgodnie z \u00a7 312 g ust. 2 nr 3 BGB prawo do odwo\u0142ania nie ma zastosowania do um\u00f3w dostawy zapiecz\u0119towanych towar\u00f3w, kt\u00f3rych nie mo\u017cna zwr\u00f3ci\u0107 ze wzgl\u0119du na zdrowie lub higien\u0119, je\u015bli ich zapiecz\u0119towanie zosta\u0142o usuni\u0119te po dostarczeniu.<\/mark><\/strong><\/p>\n\n\n\n<p>Mo\u017cesz anulowa\u0107 lub zwr\u00f3ci\u0107 zam\u00f3wienie w terminie czternastu dni bez podania przyczyny. Okres odst\u0105pienia od umowy liczy si\u0119 od dnia, w kt\u00f3rym Ty lub wskazana przez Ciebie osoba trzecia, kt\u00f3ra nie jest przewo\u017anikiem, weszli\u015bcie w posiadanie ostatniego produktu.<\/p>\n\n\n\n<p>Je\u015bli chcesz anulowa\u0107 lub zwr\u00f3ci\u0107 zam\u00f3wienie, przeka\u017c nam pisemne powiadomienie wys\u0142ane na adres Lr Aloe Vera Shop,(Stanislav Rurik) Schillerstr. 8, D-70771 Leinfelden Echterdingen, Niemcy, Telefon: +49 176 70 60 96 53, E-mail: info@lraloeverashop.eu, przed up\u0142ywem okresu odst\u0105pienia od umowy.<br>O\u015bwiadczenie (np. list lub e-mail) o Twojej decyzji o odst\u0105pieniu od niniejszej umowy wystarczy.<\/p>\n\n\n\n<p>Zwrot pieni\u0119dzy zostanie dokonany przy u\u017cyciu tej samej metody p\u0142atno\u015bci, kt\u00f3rej u\u017cyto do dokonania p\u0142atno\u015bci, tak szybko, jak to mo\u017cliwe, a najp\u00f3\u017aniej w ci\u0105gu 14 dni od otrzymania Twojego powiadomienia o odst\u0105pieniu, pod warunkiem, \u017ce otrzymali\u015bmy przedmioty lub dow\u00f3d odes\u0142ania przez Ciebie przedmiot\u00f3w. Do zwrotu pieni\u0119dzy mo\u017cna u\u017cy\u0107 innej metody p\u0142atno\u015bci, pod warunkiem, \u017ce wyra\u017casz zgod\u0119 na tak\u0105 zmian\u0119; w \u017cadnym wypadku nie spowoduje to \u017cadnych dodatkowych op\u0142at. Zwrot pieni\u0119dzy, kt\u00f3ry otrzymasz, nie b\u0119dzie obejmowa\u0142 koszt\u00f3w dostawy. Zwr\u00f3cimy Ci tylko koszt produktu.<\/p>\n\n\n\n<p><strong>W przypadku wszystkich przesy\u0142ek, kt\u00f3rych nie mo\u017cna dostarczy\u0107 do Klienta, <a href=\"https:\/\/www.lraloeverashop.eu\/pl\/faq\/\" type=\"link\" id=\"https:\/\/www.lraloeverashop.eu\/pl\/faq\/\">DHL<\/a> organizuje zwrot na pierwotny adres nadawcy. Koszt wysy\u0142ki nie zostanie zwr\u00f3cony, a Klientowi zostanie naliczona op\u0142ata za zwrot w wysoko\u015bci 4 euro.<\/strong><\/p>\n\n\n\n<p>Nie dotyczy to sytuacji, gdy Klient skutecznie skorzysta z prawa do odst\u0105pienia, je\u015bli dostawa nie mo\u017ce zosta\u0107 zrealizowana z powodu okoliczno\u015bci niezale\u017cnych od Klienta lub je\u015bli tymczasowo uniemo\u017cliwiono mu otrzymanie oferowanej us\u0142ugi, chyba \u017ce Sprzedawca powiadomi\u0142 Klienta o us\u0142udze z rozs\u0105dnym wyprzedzeniem.<\/p>\n\n\n\n<p>Je\u015bli otrzymany przedmiot jest wadliwy, prosimy o niezw\u0142oczne powiadomienie <strong><a href=\"https:\/\/www.lraloeverashop.eu\/pl\/\" type=\"link\" id=\"https:\/\/www.lraloeverashop.eu\/pl\/\">Naturkosmetik &amp; Aloe Vera Beratung<\/a><\/strong> i odes\u0142anie przedmiotu zgodnie z sekcj\u0105 Zwroty poni\u017cej. Naturkosmetik &amp; Aloe Vera Beratung zapewni pe\u0142ny zwrot pieni\u0119dzy za wszelkie produkty uznane za wadliwe. Postanowienia zawarte w niniejszym dokumencie nie ograniczaj\u0105 \u017cadnych obowi\u0105zuj\u0105cych praw ustawowych.<\/p>\n\n\n<style>.wp-block-kadence-advancedheading.kt-adv-heading27642_47dbc4-ec, .wp-block-kadence-advancedheading.kt-adv-heading27642_47dbc4-ec[data-kb-block=\"kb-adv-heading27642_47dbc4-ec\"]{font-size:24px;font-style:normal;}.wp-block-kadence-advancedheading.kt-adv-heading27642_47dbc4-ec mark.kt-highlight, .wp-block-kadence-advancedheading.kt-adv-heading27642_47dbc4-ec[data-kb-block=\"kb-adv-heading27642_47dbc4-ec\"] mark.kt-highlight{font-style:normal;color:#f76a0c;-webkit-box-decoration-break:clone;box-decoration-break:clone;padding-top:0px;padding-right:0px;padding-bottom:0px;padding-left:0px;}.wp-block-kadence-advancedheading.kt-adv-heading27642_47dbc4-ec img.kb-inline-image, .wp-block-kadence-advancedheading.kt-adv-heading27642_47dbc4-ec[data-kb-block=\"kb-adv-heading27642_47dbc4-ec\"] img.kb-inline-image{width:150px;vertical-align:baseline;}<\/style>\n<p class=\"kt-adv-heading27642_47dbc4-ec wp-block-kadence-advancedheading\" data-kb-block=\"kb-adv-heading27642_47dbc4-ec\"><strong>ZWROTY<\/strong><\/p>\n\n\n\n<p>Sklep Lr Aloe Vera gwarantuje pe\u0142ny zwrot pieni\u0119dzy za zwr\u00f3cone przedmioty zgodnie z sekcj\u0105 Wycofanie zam\u00f3wienia, pod warunkiem, \u017ce wszystkie przedmioty zostan\u0105 zwr\u00f3cone w takim samym stanie, w jakim by\u0142y w momencie otrzymania. Oznacza to, \u017ce przedmioty nie powinny by\u0107 rozpiecz\u0119towane ani opakowania uszkodzone. Mo\u017cemy odm\u00f3wi\u0107 zwrotu pieni\u0119dzy do czasu otrzymania towaru.<\/p>\n\n\n\n<p><strong><mark class=\"has-inline-color\" style=\"background-color: rgba(0, 0, 0, 0); color: #ff0000;\">Akceptujemy zwroty tylko z kraj\u00f3w UE.<\/mark><\/strong><\/p>\n","protected":false},"excerpt":{"rendered":"<p>WA\u017bNA UWAGA Wa\u017cna uwaga: Zgodnie z \u00a7 312 g ust. 2 nr 3 BGB prawo do odwo\u0142ania nie ma zastosowania do um\u00f3w dostawy zapiecz\u0119towanych towar\u00f3w, kt\u00f3rych nie mo\u017cna zwr\u00f3ci\u0107 ze wzgl\u0119du na zdrowie lub higien\u0119, je\u015bli ich zapiecz\u0119towanie zosta\u0142o usuni\u0119te po dostarczeniu. Mo\u017cesz anulowa\u0107 lub zwr\u00f3ci\u0107 zam\u00f3wienie w terminie czternastu dni bez podania przyczyny. Okres&#8230;<\/p>\n","protected":false},"author":2,"featured_media":0,"parent":0,"menu_order":0,"comment_status":"closed","ping_status":"closed","template":"","meta":{"_kad_blocks_custom_css":"","_kad_blocks_head_custom_js":"","_kad_blocks_body_custom_js":"","_kad_blocks_footer_custom_js":"","_kadence_starter_templates_imported_post":false,"_kad_post_transparent":"","_kad_post_title":"","_kad_post_layout":"","_kad_post_sidebar_id":"","_kad_post_content_style":"","_kad_post_vertical_padding":"","_kad_post_feature":"","_kad_post_feature_position":"","_kad_post_header":false,"_kad_post_footer":false,"_kad_post_classname":"","footnotes":""},"class_list":["post-27642","page","type-page","status-publish","hentry"],"yoast_head":"<!-- This site is optimized with the Yoast SEO Premium plugin v27.5 (Yoast SEO v27.5) - https:\/\/yoast.com\/product\/yoast-seo-premium-wordpress\/ -->\n<title>Zasady zwrot\u00f3w - Sklep Lr Aloe Vera<\/title>\n<meta name=\"description\" content=\"Zasady zwrot\u00f3w daj\u0105 mo\u017cliwo\u015b\u0107 anulowania lub zwrotu zam\u00f3wienia w okresie czternastu dni bez podawania przyczyny.\" \/>\n<meta name=\"robots\" content=\"index, follow, max-snippet:-1, max-image-preview:large, max-video-preview:-1\" \/>\n<link rel=\"canonical\" href=\"https:\/\/www.lraloeverashop.eu\/pl\/polityka-zwrotow\/\" \/>\n<meta property=\"og:locale\" content=\"pl_PL\" \/>\n<meta property=\"og:type\" content=\"article\" \/>\n<meta property=\"og:title\" content=\"Polityka zwrot\u00f3w\" \/>\n<meta property=\"og:description\" content=\"Zasady zwrot\u00f3w daj\u0105 mo\u017cliwo\u015b\u0107 anulowania lub zwrotu zam\u00f3wienia w okresie czternastu dni bez podawania przyczyny.\" \/>\n<meta property=\"og:url\" content=\"https:\/\/www.lraloeverashop.eu\/pl\/polityka-zwrotow\/\" \/>\n<meta property=\"og:site_name\" content=\"Lr Aloe Vera Shop\" \/>\n<meta property=\"article:publisher\" content=\"https:\/\/www.facebook.com\/lraloeverashop.eu\" \/>\n<meta property=\"article:modified_time\" content=\"2026-04-26T06:05:38+00:00\" \/>\n<meta property=\"og:image\" content=\"https:\/\/www.lraloeverashop.eu\/wp-content\/uploads\/2022\/10\/Zeitgard-Pro-Skin-Care.jpg\" \/>\n\t<meta property=\"og:image:width\" content=\"1607\" \/>\n\t<meta property=\"og:image:height\" content=\"707\" \/>\n\t<meta property=\"og:image:type\" content=\"image\/jpeg\" \/>\n<meta name=\"twitter:card\" content=\"summary_large_image\" \/>\n<meta name=\"twitter:site\" content=\"@natur__kosmetik\" \/>\n<script type=\"application\/ld+json\" class=\"yoast-schema-graph\">{\"@context\":\"https:\\\/\\\/schema.org\",\"@graph\":[{\"@type\":\"WebPage\",\"@id\":\"https:\\\/\\\/www.lraloeverashop.eu\\\/pl\\\/polityka-zwrotow\\\/\",\"url\":\"https:\\\/\\\/www.lraloeverashop.eu\\\/pl\\\/polityka-zwrotow\\\/\",\"name\":\"Zasady zwrot\u00f3w - Sklep Lr Aloe Vera\",\"isPartOf\":{\"@id\":\"https:\\\/\\\/www.lraloeverashop.eu\\\/pl\\\/#website\"},\"datePublished\":\"2022-09-22T11:07:14+00:00\",\"dateModified\":\"2026-04-26T06:05:38+00:00\",\"description\":\"Zasady zwrot\u00f3w daj\u0105 mo\u017cliwo\u015b\u0107 anulowania lub zwrotu zam\u00f3wienia w okresie czternastu dni bez podawania przyczyny.\",\"breadcrumb\":{\"@id\":\"https:\\\/\\\/www.lraloeverashop.eu\\\/pl\\\/polityka-zwrotow\\\/#breadcrumb\"},\"inLanguage\":\"pl-PL\",\"potentialAction\":[{\"@type\":\"ReadAction\",\"target\":[\"https:\\\/\\\/www.lraloeverashop.eu\\\/pl\\\/polityka-zwrotow\\\/\"]}]},{\"@type\":\"BreadcrumbList\",\"@id\":\"https:\\\/\\\/www.lraloeverashop.eu\\\/pl\\\/polityka-zwrotow\\\/#breadcrumb\",\"itemListElement\":[{\"@type\":\"ListItem\",\"position\":1,\"name\":\"Home\",\"item\":\"https:\\\/\\\/www.lraloeverashop.eu\\\/pl\\\/\"},{\"@type\":\"ListItem\",\"position\":2,\"name\":\"Polityka zwrot\u00f3w\"}]},{\"@type\":\"WebSite\",\"@id\":\"https:\\\/\\\/www.lraloeverashop.eu\\\/pl\\\/#website\",\"url\":\"https:\\\/\\\/www.lraloeverashop.eu\\\/pl\\\/\",\"name\":\"Lr Aloe Vera Shop\",\"description\":\"High Quality Lr Aloe Vera Gel, Aloe Vera Cream and Shampoo\",\"publisher\":{\"@id\":\"https:\\\/\\\/www.lraloeverashop.eu\\\/pl\\\/#organization\"},\"alternateName\":\"LR\",\"potentialAction\":[{\"@type\":\"SearchAction\",\"target\":{\"@type\":\"EntryPoint\",\"urlTemplate\":\"https:\\\/\\\/www.lraloeverashop.eu\\\/pl\\\/?s={search_term_string}\"},\"query-input\":{\"@type\":\"PropertyValueSpecification\",\"valueRequired\":true,\"valueName\":\"search_term_string\"}}],\"inLanguage\":\"pl-PL\"},{\"@type\":\"Organization\",\"@id\":\"https:\\\/\\\/www.lraloeverashop.eu\\\/pl\\\/#organization\",\"name\":\"Sklep Lr Aloe Vera\",\"alternateName\":\"LR\",\"url\":\"https:\\\/\\\/www.lraloeverashop.eu\\\/pl\\\/\",\"logo\":{\"@type\":\"ImageObject\",\"inLanguage\":\"pl-PL\",\"@id\":\"https:\\\/\\\/www.lraloeverashop.eu\\\/pl\\\/#\\\/schema\\\/logo\\\/image\\\/\",\"url\":\"https:\\\/\\\/www.lraloeverashop.eu\\\/wp-content\\\/uploads\\\/2022\\\/09\\\/cropped-Lr-Aloe-Vera-Shop.jpg\",\"contentUrl\":\"https:\\\/\\\/www.lraloeverashop.eu\\\/wp-content\\\/uploads\\\/2022\\\/09\\\/cropped-Lr-Aloe-Vera-Shop.jpg\",\"width\":228,\"height\":76,\"caption\":\"Sklep Lr Aloe Vera\"},\"image\":{\"@id\":\"https:\\\/\\\/www.lraloeverashop.eu\\\/pl\\\/#\\\/schema\\\/logo\\\/image\\\/\"},\"sameAs\":[\"https:\\\/\\\/www.facebook.com\\\/lraloeverashop.eu\",\"https:\\\/\\\/x.com\\\/natur__kosmetik\",\"https:\\\/\\\/www.youtube.com\\\/channel\\\/UC5oN7BJ8nfYb8RpVtjwDEBA\",\"https:\\\/\\\/www.instagram.com\\\/lrbeautyeu\\\/\"],\"description\":\"Sklep LR Aloe Vera to Twoje zaufane \u017ar\u00f3d\u0142o wysokiej jako\u015bci produkt\u00f3w LR Health & Beauty wyprodukowanych w Niemczech. Oferujemy wysokiej jako\u015bci produkty do piel\u0119gnacji sk\u00f3ry, od\u017cywiania i przeciwstarzeniowe z aloesem, stworzone z czystych sk\u0142adnik\u00f3w i poparte badaniami naukowymi. Odkryj naturaln\u0105 piel\u0119gnacj\u0119, kt\u00f3ra regeneruje, chroni i rewitalizuje Twoj\u0105 sk\u00f3r\u0119 \u2014 i korzystaj z ekskluzywnych comiesi\u0119cznych ofert na nasze bestsellerowe produkty LR Aloe Vera.\\nRozpocznij swoj\u0105 naturaln\u0105 piel\u0119gnacj\u0119 sk\u00f3ry ju\u017c dzi\u015b i poczuj r\u00f3\u017cnic\u0119.\",\"email\":\"info@lraloeverashop.eu\",\"telephone\":\"+49 17670609653\",\"legalName\":\"Lr Aloe Vera Shop\",\"foundingDate\":\"2018-04-21\",\"numberOfEmployees\":{\"@type\":\"QuantitativeValue\",\"minValue\":\"1\",\"maxValue\":\"10\"}}]}<\/script>\n<!-- \/ Yoast SEO Premium plugin. -->","yoast_head_json":{"title":"Zasady zwrot\u00f3w - Sklep Lr Aloe Vera","description":"Zasady zwrot\u00f3w daj\u0105 mo\u017cliwo\u015b\u0107 anulowania lub zwrotu zam\u00f3wienia w okresie czternastu dni bez podawania przyczyny.","robots":{"index":"index","follow":"follow","max-snippet":"max-snippet:-1","max-image-preview":"max-image-preview:large","max-video-preview":"max-video-preview:-1"},"canonical":"https:\/\/www.lraloeverashop.eu\/pl\/polityka-zwrotow\/","og_locale":"pl_PL","og_type":"article","og_title":"Polityka zwrot\u00f3w","og_description":"Zasady zwrot\u00f3w daj\u0105 mo\u017cliwo\u015b\u0107 anulowania lub zwrotu zam\u00f3wienia w okresie czternastu dni bez podawania przyczyny.","og_url":"https:\/\/www.lraloeverashop.eu\/pl\/polityka-zwrotow\/","og_site_name":"Lr Aloe Vera Shop","article_publisher":"https:\/\/www.facebook.com\/lraloeverashop.eu","article_modified_time":"2026-04-26T06:05:38+00:00","og_image":[{"width":1607,"height":707,"url":"https:\/\/www.lraloeverashop.eu\/wp-content\/uploads\/2022\/10\/Zeitgard-Pro-Skin-Care.jpg","type":"image\/jpeg"}],"twitter_card":"summary_large_image","twitter_site":"@natur__kosmetik","schema":{"@context":"https:\/\/schema.org","@graph":[{"@type":"WebPage","@id":"https:\/\/www.lraloeverashop.eu\/pl\/polityka-zwrotow\/","url":"https:\/\/www.lraloeverashop.eu\/pl\/polityka-zwrotow\/","name":"Zasady zwrot\u00f3w - Sklep Lr Aloe Vera","isPartOf":{"@id":"https:\/\/www.lraloeverashop.eu\/pl\/#website"},"datePublished":"2022-09-22T11:07:14+00:00","dateModified":"2026-04-26T06:05:38+00:00","description":"Zasady zwrot\u00f3w daj\u0105 mo\u017cliwo\u015b\u0107 anulowania lub zwrotu zam\u00f3wienia w okresie czternastu dni bez podawania przyczyny.","breadcrumb":{"@id":"https:\/\/www.lraloeverashop.eu\/pl\/polityka-zwrotow\/#breadcrumb"},"inLanguage":"pl-PL","potentialAction":[{"@type":"ReadAction","target":["https:\/\/www.lraloeverashop.eu\/pl\/polityka-zwrotow\/"]}]},{"@type":"BreadcrumbList","@id":"https:\/\/www.lraloeverashop.eu\/pl\/polityka-zwrotow\/#breadcrumb","itemListElement":[{"@type":"ListItem","position":1,"name":"Home","item":"https:\/\/www.lraloeverashop.eu\/pl\/"},{"@type":"ListItem","position":2,"name":"Polityka zwrot\u00f3w"}]},{"@type":"WebSite","@id":"https:\/\/www.lraloeverashop.eu\/pl\/#website","url":"https:\/\/www.lraloeverashop.eu\/pl\/","name":"Lr Aloe Vera Shop","description":"High Quality Lr Aloe Vera Gel, Aloe Vera Cream and Shampoo","publisher":{"@id":"https:\/\/www.lraloeverashop.eu\/pl\/#organization"},"alternateName":"LR","potentialAction":[{"@type":"SearchAction","target":{"@type":"EntryPoint","urlTemplate":"https:\/\/www.lraloeverashop.eu\/pl\/?s={search_term_string}"},"query-input":{"@type":"PropertyValueSpecification","valueRequired":true,"valueName":"search_term_string"}}],"inLanguage":"pl-PL"},{"@type":"Organization","@id":"https:\/\/www.lraloeverashop.eu\/pl\/#organization","name":"Sklep Lr Aloe Vera","alternateName":"LR","url":"https:\/\/www.lraloeverashop.eu\/pl\/","logo":{"@type":"ImageObject","inLanguage":"pl-PL","@id":"https:\/\/www.lraloeverashop.eu\/pl\/#\/schema\/logo\/image\/","url":"https:\/\/www.lraloeverashop.eu\/wp-content\/uploads\/2022\/09\/cropped-Lr-Aloe-Vera-Shop.jpg","contentUrl":"https:\/\/www.lraloeverashop.eu\/wp-content\/uploads\/2022\/09\/cropped-Lr-Aloe-Vera-Shop.jpg","width":228,"height":76,"caption":"Sklep Lr Aloe Vera"},"image":{"@id":"https:\/\/www.lraloeverashop.eu\/pl\/#\/schema\/logo\/image\/"},"sameAs":["https:\/\/www.facebook.com\/lraloeverashop.eu","https:\/\/x.com\/natur__kosmetik","https:\/\/www.youtube.com\/channel\/UC5oN7BJ8nfYb8RpVtjwDEBA","https:\/\/www.instagram.com\/lrbeautyeu\/"],"description":"Sklep LR Aloe Vera to Twoje zaufane \u017ar\u00f3d\u0142o wysokiej jako\u015bci produkt\u00f3w LR Health & Beauty wyprodukowanych w Niemczech. Oferujemy wysokiej jako\u015bci produkty do piel\u0119gnacji sk\u00f3ry, od\u017cywiania i przeciwstarzeniowe z aloesem, stworzone z czystych sk\u0142adnik\u00f3w i poparte badaniami naukowymi. Odkryj naturaln\u0105 piel\u0119gnacj\u0119, kt\u00f3ra regeneruje, chroni i rewitalizuje Twoj\u0105 sk\u00f3r\u0119 \u2014 i korzystaj z ekskluzywnych comiesi\u0119cznych ofert na nasze bestsellerowe produkty LR Aloe Vera.\nRozpocznij swoj\u0105 naturaln\u0105 piel\u0119gnacj\u0119 sk\u00f3ry ju\u017c dzi\u015b i poczuj r\u00f3\u017cnic\u0119.","email":"info@lraloeverashop.eu","telephone":"+49 17670609653","legalName":"Lr Aloe Vera Shop","foundingDate":"2018-04-21","numberOfEmployees":{"@type":"QuantitativeValue","minValue":"1","maxValue":"10"}}]}},"taxonomy_info":[],"featured_image_src_large":false,"author_info":{"display_name":"Stanislav Rurik","author_link":"https:\/\/www.lraloeverashop.eu\/pl\/author\/admin_stanislavrurik\/"},"comment_info":0,"_links":{"self":[{"href":"https:\/\/www.lraloeverashop.eu\/pl\/wp-json\/wp\/v2\/pages\/27642","targetHints":{"allow":["GET"]}}],"collection":[{"href":"https:\/\/www.lraloeverashop.eu\/pl\/wp-json\/wp\/v2\/pages"}],"about":[{"href":"https:\/\/www.lraloeverashop.eu\/pl\/wp-json\/wp\/v2\/types\/page"}],"author":[{"embeddable":true,"href":"https:\/\/www.lraloeverashop.eu\/pl\/wp-json\/wp\/v2\/users\/2"}],"replies":[{"embeddable":true,"href":"https:\/\/www.lraloeverashop.eu\/pl\/wp-json\/wp\/v2\/comments?post=27642"}],"version-history":[{"count":1,"href":"https:\/\/www.lraloeverashop.eu\/pl\/wp-json\/wp\/v2\/pages\/27642\/revisions"}],"predecessor-version":[{"id":30665,"href":"https:\/\/www.lraloeverashop.eu\/pl\/wp-json\/wp\/v2\/pages\/27642\/revisions\/30665"}],"wp:attachment":[{"href":"https:\/\/www.lraloeverashop.eu\/pl\/wp-json\/wp\/v2\/media?parent=27642"}],"curies":[{"name":"wp","href":"https:\/\/api.w.org\/{rel}","templated":true}]}}