{"id":9952,"date":"2022-10-12T10:53:50","date_gmt":"2022-10-12T08:53:50","guid":{"rendered":"https:\/\/www.lraloeverashop.eu\/product\/colostro-compresse-set-2-pezzi\/"},"modified":"2026-02-03T20:32:26","modified_gmt":"2026-02-03T19:32:26","slug":"colostro-compresse-set-2-pezzi","status":"publish","type":"product","link":"https:\/\/www.lraloeverashop.eu\/it\/prodotto\/colostro-compresse-set-2-pezzi\/","title":{"rendered":"Colostro Compresse Set 2 Pezzi Offerta Limitata"},"content":{"rendered":"<h2><span style=\"font-size: 16pt;\"><strong>Colostro Compresse Set 2 Pezzi Offerta Limitata<\/strong><\/span><\/h2>\n<p><span style=\"font-size: 14pt;\"><strong>Colostro Compresse Set 2 Pezzi esclusivamente da vacche europee<\/strong><\/span><\/p>\n<p>Lr Colostro Compresse Set 2 Pezzi contiene il meglio del primo latte vaccino in forma altamente concentrata. Il prezioso colostro in polvere all&#8217;interno delle capsule \u00e8 ottenuto dal primo latte materno dopo la nascita di un vitello. Solo sgrassati e delicatamente liofilizzati, gli ingredienti di qualit\u00e0 rimangono in gran parte intatti.<\/p>\n<p>La composizione di alta qualit\u00e0 delle capsule rende <a href=\"https:\/\/www.lraloeverashop.eu\/it\/prodotto\/colostro-compresse\/\">Lr Colostrum Compresse<\/a> un prodotto di qualit\u00e0 prodotto in Germania, di cui puoi contare su qualit\u00e0. Per la produzione di Colostro Compresse Lr utilizza solo il colostro in eccesso, che viene ampiamente testato in anticipo.<\/p>\n<p>Ogni fase di produzione \u00e8 accompagnata da rigidi standard di qualit\u00e0 e dai pi\u00f9 alti standard di controllo. Oltre ai controlli interni, l&#8217;SGS INSTITUTE FRESENIUS indipendente controlla regolarmente tutte le fasi di elaborazione e il prodotto finale.<\/p>\n<p>Come segno di alta qualit\u00e0, i <a href=\"https:\/\/www.lraloeverashop.eu\/it\/categoria-prodotto\/prodotti-speciali\/colostro\/\">Prodotti di Colostro<\/a> recano il sigillo di qualit\u00e0 INSTITUTE FRESENIUS, uno dei sigilli di prova indipendenti pi\u00f9 resistenti sul mercato.<\/p>\n<p><a href=\"https:\/\/www.lraloeverashop.eu\/it\/colostro-bovino-benefici-immunitari\/\"><span style=\"color: #0000ff;\"><strong>Visita il nostro blog per saperne di pi\u00f9 sui benefici del colostro<\/strong><\/span><\/a><\/p>\n<h3><span style=\"font-size: 16pt;\"><strong>Come usare Colostro Compresse<\/strong><\/span><\/h3>\n<p>Prendi una capsula con un po &#8216;d&#8217;acqua ogni mattina e ogni sera. Non consumare con bevande calde.<\/p>\n<p>Assicurati di seguire una dieta varia ed equilibrata e uno <a href=\"https:\/\/www.lraloeverashop.eu\/it\/prodotto\/pro-12-probiotici-compresse\/\">stile di vita sano<\/a>. Conservare in luogo fresco e asciutto.<\/p>\n<p>&nbsp;<\/p>\n<h4><span style=\"font-size: 16pt;\">Lo sapevate?<\/span><\/h4>\n<p>Al fine di soddisfare gli elevati standard di qualit\u00e0 e di controllare costantemente tutti i passaggi verso il prodotto finale, LR utilizza solo il <a href=\"https:\/\/www.lraloeverashop.eu\/it\/prodotto\/colostro-compresse-set\/\">colostro di mucche<\/a> europee per i suoi prodotti a base di colostro. Ogni lotto di produzione pu\u00f2 essere ricondotto alla fattoria del produttore senza interruzioni.<\/p>\n<p>&nbsp;<\/p>\n","protected":false},"excerpt":{"rendered":"<ul>\n<li><span style=\"color: #ff0000;\"><strong>OFFERTA LIMITATA<\/strong><\/span><\/li>\n<li>Capsule di colostro per il consumo giornaliero<\/li>\n<li>Per il benessere generale<\/li>\n<li>Fornire 800 mg di preziosa polvere di colostro bovina sgrassata per dose giornaliera<\/li>\n<li>Prodotto con cura in Germania<\/li>\n<li>Colostro esclusivamente da vacche europee<\/li>\n<li>Quantit\u00e0: 2 x 60 Compresse<\/li>\n<\/ul>\n<p><span style=\"color: #ff0000;\"><a style=\"color: #ff0000;\" href=\"https:\/\/shop.lrworld.com\/openpao?PHP=0vFlt7jT938BEnBI3a6e9w%3D%3D\"><span style=\"font-size: 14pt;\"><strong>Registrati ora e risparmia il 35% su ogni ordine<\/strong><\/span><\/a><\/span><\/p>\n","protected":false},"featured_media":5150,"comment_status":"open","ping_status":"closed","template":"","meta":{"_kad_blocks_custom_css":"","_kad_blocks_head_custom_js":"","_kad_blocks_body_custom_js":"","_kad_blocks_footer_custom_js":"","_kadence_starter_templates_imported_post":false,"_kad_post_transparent":"default","_kad_post_title":"","_kad_post_layout":"default","_kad_post_sidebar_id":"","_kad_post_content_style":"default","_kad_post_vertical_padding":"default","_kad_post_feature":"","_kad_post_feature_position":"","_kad_post_header":false,"_kad_post_footer":false,"_kad_post_classname":""},"product_brand":[],"product_cat":[400,496,353,412,347],"product_tag":[663],"class_list":{"0":"post-9952","1":"product","2":"type-product","3":"status-publish","4":"has-post-thumbnail","6":"product_cat-base-it","7":"product_cat-colostro","8":"product_cat-offerte","9":"product_cat-prodotti-speciali","10":"product_cat-sistema-immunitario-ed-equilibrio","11":"product_tag-potenziatore-immunitario","13":"first","14":"outofstock","15":"sale","16":"taxable","17":"shipping-taxable","18":"purchasable","19":"product-type-simple","20":"entry","21":"content-bg","22":"loop-entry"},"yoast_head":"<!-- This site is optimized with the Yoast SEO Premium plugin v27.6 (Yoast SEO v27.6) - https:\/\/yoast.com\/product\/yoast-seo-premium-wordpress\/ -->\n<title>Colostro Compresse Set 2 Pezzi Per il benessere generale<\/title>\n<meta name=\"description\" content=\"Colostro Compresse Set 2 Pezzi \u00e8 un prodotto di qualit\u00e0 fabbricato in Germania esclusivamente da vacche europee. Offerta limmitata di due pezzi\" \/>\n<meta name=\"robots\" content=\"index, follow, max-snippet:-1, max-image-preview:large, max-video-preview:-1\" \/>\n<link rel=\"canonical\" href=\"https:\/\/www.lraloeverashop.eu\/it\/prodotto\/colostro-compresse-set-2-pezzi\/\" \/>\n<meta property=\"og:locale\" content=\"it_IT\" \/>\n<meta property=\"og:type\" content=\"article\" \/>\n<meta property=\"og:title\" content=\"Colostro Compresse Set 2 Pezzi Offerta Limitata\" \/>\n<meta property=\"og:description\" content=\"Colostro Compresse Set 2 Pezzi \u00e8 un prodotto di qualit\u00e0 fabbricato in Germania esclusivamente da vacche europee. Offerta limmitata di due pezzi\" \/>\n<meta property=\"og:url\" content=\"https:\/\/www.lraloeverashop.eu\/it\/prodotto\/colostro-compresse-set-2-pezzi\/\" \/>\n<meta property=\"og:site_name\" content=\"Lr Negozio di Aloe Vera\" \/>\n<meta property=\"article:publisher\" content=\"https:\/\/www.facebook.com\/lraloeverashop.eu\" \/>\n<meta property=\"article:modified_time\" content=\"2026-02-03T19:32:26+00:00\" \/>\n<meta property=\"og:image\" content=\"https:\/\/www.lraloeverashop.eu\/wp-content\/uploads\/2022\/10\/Colostrum-Capsules-2-pieces-set-Limited-Offer.jpg\" \/>\n\t<meta property=\"og:image:width\" content=\"1200\" \/>\n\t<meta property=\"og:image:height\" content=\"1200\" \/>\n\t<meta property=\"og:image:type\" content=\"image\/jpeg\" \/>\n<meta name=\"twitter:card\" content=\"summary_large_image\" \/>\n<meta name=\"twitter:site\" content=\"@natur__kosmetik\" \/>\n<script type=\"application\/ld+json\" class=\"yoast-schema-graph\">{\"@context\":\"https:\\\/\\\/schema.org\",\"@graph\":[{\"@type\":[\"WebPage\",\"ItemPage\"],\"@id\":\"https:\\\/\\\/www.lraloeverashop.eu\\\/it\\\/prodotto\\\/colostro-compresse-set-2-pezzi\\\/\",\"url\":\"https:\\\/\\\/www.lraloeverashop.eu\\\/it\\\/prodotto\\\/colostro-compresse-set-2-pezzi\\\/\",\"name\":\"Colostro Compresse Set 2 Pezzi Per il benessere generale\",\"isPartOf\":{\"@id\":\"https:\\\/\\\/www.lraloeverashop.eu\\\/it\\\/#website\"},\"primaryImageOfPage\":{\"@id\":\"https:\\\/\\\/www.lraloeverashop.eu\\\/it\\\/prodotto\\\/colostro-compresse-set-2-pezzi\\\/#primaryimage\"},\"image\":{\"@id\":\"https:\\\/\\\/www.lraloeverashop.eu\\\/it\\\/prodotto\\\/colostro-compresse-set-2-pezzi\\\/#primaryimage\"},\"thumbnailUrl\":\"https:\\\/\\\/www.lraloeverashop.eu\\\/wp-content\\\/uploads\\\/2022\\\/10\\\/Colostrum-Capsules-2-pieces-set-Limited-Offer.jpg\",\"datePublished\":\"2022-10-12T08:53:50+00:00\",\"dateModified\":\"2026-02-03T19:32:26+00:00\",\"description\":\"Colostro Compresse Set 2 Pezzi \u00e8 un prodotto di qualit\u00e0 fabbricato in Germania esclusivamente da vacche europee. Offerta limmitata di due pezzi\",\"breadcrumb\":{\"@id\":\"https:\\\/\\\/www.lraloeverashop.eu\\\/it\\\/prodotto\\\/colostro-compresse-set-2-pezzi\\\/#breadcrumb\"},\"inLanguage\":\"it-IT\",\"potentialAction\":[{\"@type\":\"ReadAction\",\"target\":[\"https:\\\/\\\/www.lraloeverashop.eu\\\/it\\\/prodotto\\\/colostro-compresse-set-2-pezzi\\\/\"]}]},{\"@type\":\"ImageObject\",\"inLanguage\":\"it-IT\",\"@id\":\"https:\\\/\\\/www.lraloeverashop.eu\\\/it\\\/prodotto\\\/colostro-compresse-set-2-pezzi\\\/#primaryimage\",\"url\":\"https:\\\/\\\/www.lraloeverashop.eu\\\/wp-content\\\/uploads\\\/2022\\\/10\\\/Colostrum-Capsules-2-pieces-set-Limited-Offer.jpg\",\"contentUrl\":\"https:\\\/\\\/www.lraloeverashop.eu\\\/wp-content\\\/uploads\\\/2022\\\/10\\\/Colostrum-Capsules-2-pieces-set-Limited-Offer.jpg\",\"width\":1200,\"height\":1200,\"caption\":\"Capsule di Colostro Set 2 pezzi Offerta Limitata\"},{\"@type\":\"BreadcrumbList\",\"@id\":\"https:\\\/\\\/www.lraloeverashop.eu\\\/it\\\/prodotto\\\/colostro-compresse-set-2-pezzi\\\/#breadcrumb\",\"itemListElement\":[{\"@type\":\"ListItem\",\"position\":1,\"name\":\"Home\",\"item\":\"https:\\\/\\\/www.lraloeverashop.eu\\\/it\\\/\"},{\"@type\":\"ListItem\",\"position\":2,\"name\":\"Negozio\",\"item\":\"https:\\\/\\\/www.lraloeverashop.eu\\\/it\\\/negozio\\\/\"},{\"@type\":\"ListItem\",\"position\":3,\"name\":\"Colostro Compresse Set 2 Pezzi Offerta Limitata\"}]},{\"@type\":\"WebSite\",\"@id\":\"https:\\\/\\\/www.lraloeverashop.eu\\\/it\\\/#website\",\"url\":\"https:\\\/\\\/www.lraloeverashop.eu\\\/it\\\/\",\"name\":\"Lr Negozio di Aloe Vera\",\"description\":\"High Quality Lr Aloe Vera Gel, Aloe Vera Cream and Shampoo\",\"publisher\":{\"@id\":\"https:\\\/\\\/www.lraloeverashop.eu\\\/it\\\/#organization\"},\"alternateName\":\"LR\",\"potentialAction\":[{\"@type\":\"SearchAction\",\"target\":{\"@type\":\"EntryPoint\",\"urlTemplate\":\"https:\\\/\\\/www.lraloeverashop.eu\\\/it\\\/?s={search_term_string}\"},\"query-input\":{\"@type\":\"PropertyValueSpecification\",\"valueRequired\":true,\"valueName\":\"search_term_string\"}}],\"inLanguage\":\"it-IT\"},{\"@type\":\"Organization\",\"@id\":\"https:\\\/\\\/www.lraloeverashop.eu\\\/it\\\/#organization\",\"name\":\"Negozio di Lr Aloe Vera\",\"alternateName\":\"LR\",\"url\":\"https:\\\/\\\/www.lraloeverashop.eu\\\/it\\\/\",\"logo\":{\"@type\":\"ImageObject\",\"inLanguage\":\"it-IT\",\"@id\":\"https:\\\/\\\/www.lraloeverashop.eu\\\/it\\\/#\\\/schema\\\/logo\\\/image\\\/\",\"url\":\"https:\\\/\\\/www.lraloeverashop.eu\\\/wp-content\\\/uploads\\\/2022\\\/09\\\/cropped-Lr-Aloe-Vera-Shop.jpg\",\"contentUrl\":\"https:\\\/\\\/www.lraloeverashop.eu\\\/wp-content\\\/uploads\\\/2022\\\/09\\\/cropped-Lr-Aloe-Vera-Shop.jpg\",\"width\":228,\"height\":76,\"caption\":\"Negozio di Lr Aloe Vera\"},\"image\":{\"@id\":\"https:\\\/\\\/www.lraloeverashop.eu\\\/it\\\/#\\\/schema\\\/logo\\\/image\\\/\"},\"sameAs\":[\"https:\\\/\\\/www.facebook.com\\\/lraloeverashop.eu\",\"https:\\\/\\\/x.com\\\/natur__kosmetik\",\"https:\\\/\\\/www.youtube.com\\\/channel\\\/UC5oN7BJ8nfYb8RpVtjwDEBA\",\"https:\\\/\\\/www.instagram.com\\\/lrbeautyeu\\\/\"],\"description\":\"Negozio di Lr Aloe Vera \u00e8 il tuo punto di riferimento per i prodotti LR Health & Beauty di alta qualit\u00e0, realizzati in Germania. Offriamo soluzioni per la cura della pelle, l'alimentazione e l'anti-et\u00e0 a base di Aloe Vera, formulate con ingredienti puri e supportate da ricerche scientifiche. Scopri una cura naturale che rigenera, protegge e rivitalizza la tua pelle e approfitta delle esclusive offerte mensili sui nostri prodotti LR Aloe Vera pi\u00f9 venduti.\\nInizia oggi il tuo percorso di cura della pelle naturale e senti la differenza.\",\"email\":\"info@lraloeverashop.eu\",\"telephone\":\"+49 17670609653\",\"legalName\":\"Lr Aloe Vera Shop\",\"foundingDate\":\"2018-04-21\",\"numberOfEmployees\":{\"@type\":\"QuantitativeValue\",\"minValue\":\"1\",\"maxValue\":\"10\"}}]}<\/script>\n<meta property=\"product:price:amount\" content=\"90.99\" \/>\n<meta property=\"product:price:currency\" content=\"EUR\" \/>\n<meta property=\"og:availability\" content=\"out of stock\" \/>\n<meta property=\"product:availability\" content=\"out of stock\" \/>\n<meta property=\"product:retailer_item_id\" content=\"80366-1IT\" \/>\n<meta property=\"product:condition\" content=\"new\" \/>\n<!-- \/ Yoast SEO Premium plugin. -->","yoast_head_json":{"title":"Colostro Compresse Set 2 Pezzi Per il benessere generale","description":"Colostro Compresse Set 2 Pezzi \u00e8 un prodotto di qualit\u00e0 fabbricato in Germania esclusivamente da vacche europee. Offerta limmitata di due pezzi","robots":{"index":"index","follow":"follow","max-snippet":"max-snippet:-1","max-image-preview":"max-image-preview:large","max-video-preview":"max-video-preview:-1"},"canonical":"https:\/\/www.lraloeverashop.eu\/it\/prodotto\/colostro-compresse-set-2-pezzi\/","og_locale":"it_IT","og_type":"article","og_title":"Colostro Compresse Set 2 Pezzi Offerta Limitata","og_description":"Colostro Compresse Set 2 Pezzi \u00e8 un prodotto di qualit\u00e0 fabbricato in Germania esclusivamente da vacche europee. Offerta limmitata di due pezzi","og_url":"https:\/\/www.lraloeverashop.eu\/it\/prodotto\/colostro-compresse-set-2-pezzi\/","og_site_name":"Lr Negozio di Aloe Vera","article_publisher":"https:\/\/www.facebook.com\/lraloeverashop.eu","article_modified_time":"2026-02-03T19:32:26+00:00","og_image":[{"width":1200,"height":1200,"url":"https:\/\/www.lraloeverashop.eu\/wp-content\/uploads\/2022\/10\/Colostrum-Capsules-2-pieces-set-Limited-Offer.jpg","type":"image\/jpeg"}],"twitter_card":"summary_large_image","twitter_site":"@natur__kosmetik","schema":{"@context":"https:\/\/schema.org","@graph":[{"@type":["WebPage","ItemPage"],"@id":"https:\/\/www.lraloeverashop.eu\/it\/prodotto\/colostro-compresse-set-2-pezzi\/","url":"https:\/\/www.lraloeverashop.eu\/it\/prodotto\/colostro-compresse-set-2-pezzi\/","name":"Colostro Compresse Set 2 Pezzi Per il benessere generale","isPartOf":{"@id":"https:\/\/www.lraloeverashop.eu\/it\/#website"},"primaryImageOfPage":{"@id":"https:\/\/www.lraloeverashop.eu\/it\/prodotto\/colostro-compresse-set-2-pezzi\/#primaryimage"},"image":{"@id":"https:\/\/www.lraloeverashop.eu\/it\/prodotto\/colostro-compresse-set-2-pezzi\/#primaryimage"},"thumbnailUrl":"https:\/\/www.lraloeverashop.eu\/wp-content\/uploads\/2022\/10\/Colostrum-Capsules-2-pieces-set-Limited-Offer.jpg","datePublished":"2022-10-12T08:53:50+00:00","dateModified":"2026-02-03T19:32:26+00:00","description":"Colostro Compresse Set 2 Pezzi \u00e8 un prodotto di qualit\u00e0 fabbricato in Germania esclusivamente da vacche europee. Offerta limmitata di due pezzi","breadcrumb":{"@id":"https:\/\/www.lraloeverashop.eu\/it\/prodotto\/colostro-compresse-set-2-pezzi\/#breadcrumb"},"inLanguage":"it-IT","potentialAction":[{"@type":"ReadAction","target":["https:\/\/www.lraloeverashop.eu\/it\/prodotto\/colostro-compresse-set-2-pezzi\/"]}]},{"@type":"ImageObject","inLanguage":"it-IT","@id":"https:\/\/www.lraloeverashop.eu\/it\/prodotto\/colostro-compresse-set-2-pezzi\/#primaryimage","url":"https:\/\/www.lraloeverashop.eu\/wp-content\/uploads\/2022\/10\/Colostrum-Capsules-2-pieces-set-Limited-Offer.jpg","contentUrl":"https:\/\/www.lraloeverashop.eu\/wp-content\/uploads\/2022\/10\/Colostrum-Capsules-2-pieces-set-Limited-Offer.jpg","width":1200,"height":1200,"caption":"Capsule di Colostro Set 2 pezzi Offerta Limitata"},{"@type":"BreadcrumbList","@id":"https:\/\/www.lraloeverashop.eu\/it\/prodotto\/colostro-compresse-set-2-pezzi\/#breadcrumb","itemListElement":[{"@type":"ListItem","position":1,"name":"Home","item":"https:\/\/www.lraloeverashop.eu\/it\/"},{"@type":"ListItem","position":2,"name":"Negozio","item":"https:\/\/www.lraloeverashop.eu\/it\/negozio\/"},{"@type":"ListItem","position":3,"name":"Colostro Compresse Set 2 Pezzi Offerta Limitata"}]},{"@type":"WebSite","@id":"https:\/\/www.lraloeverashop.eu\/it\/#website","url":"https:\/\/www.lraloeverashop.eu\/it\/","name":"Lr Negozio di Aloe Vera","description":"High Quality Lr Aloe Vera Gel, Aloe Vera Cream and Shampoo","publisher":{"@id":"https:\/\/www.lraloeverashop.eu\/it\/#organization"},"alternateName":"LR","potentialAction":[{"@type":"SearchAction","target":{"@type":"EntryPoint","urlTemplate":"https:\/\/www.lraloeverashop.eu\/it\/?s={search_term_string}"},"query-input":{"@type":"PropertyValueSpecification","valueRequired":true,"valueName":"search_term_string"}}],"inLanguage":"it-IT"},{"@type":"Organization","@id":"https:\/\/www.lraloeverashop.eu\/it\/#organization","name":"Negozio di Lr Aloe Vera","alternateName":"LR","url":"https:\/\/www.lraloeverashop.eu\/it\/","logo":{"@type":"ImageObject","inLanguage":"it-IT","@id":"https:\/\/www.lraloeverashop.eu\/it\/#\/schema\/logo\/image\/","url":"https:\/\/www.lraloeverashop.eu\/wp-content\/uploads\/2022\/09\/cropped-Lr-Aloe-Vera-Shop.jpg","contentUrl":"https:\/\/www.lraloeverashop.eu\/wp-content\/uploads\/2022\/09\/cropped-Lr-Aloe-Vera-Shop.jpg","width":228,"height":76,"caption":"Negozio di Lr Aloe Vera"},"image":{"@id":"https:\/\/www.lraloeverashop.eu\/it\/#\/schema\/logo\/image\/"},"sameAs":["https:\/\/www.facebook.com\/lraloeverashop.eu","https:\/\/x.com\/natur__kosmetik","https:\/\/www.youtube.com\/channel\/UC5oN7BJ8nfYb8RpVtjwDEBA","https:\/\/www.instagram.com\/lrbeautyeu\/"],"description":"Negozio di Lr Aloe Vera \u00e8 il tuo punto di riferimento per i prodotti LR Health & Beauty di alta qualit\u00e0, realizzati in Germania. Offriamo soluzioni per la cura della pelle, l'alimentazione e l'anti-et\u00e0 a base di Aloe Vera, formulate con ingredienti puri e supportate da ricerche scientifiche. Scopri una cura naturale che rigenera, protegge e rivitalizza la tua pelle e approfitta delle esclusive offerte mensili sui nostri prodotti LR Aloe Vera pi\u00f9 venduti.\nInizia oggi il tuo percorso di cura della pelle naturale e senti la differenza.","email":"info@lraloeverashop.eu","telephone":"+49 17670609653","legalName":"Lr Aloe Vera Shop","foundingDate":"2018-04-21","numberOfEmployees":{"@type":"QuantitativeValue","minValue":"1","maxValue":"10"}}]},"product_price_amount":"90.99","product_price_currency":"EUR","og_availability":"out of stock","product_availability":"out of stock","product_retailer_item_id":"80366-1IT","product_condition":"new"},"taxonomy_info":{"product_cat":[{"value":400,"label":"Base"},{"value":496,"label":"Colostro"},{"value":353,"label":"Offerte"},{"value":412,"label":"Prodotti Speciali"},{"value":347,"label":"Sistema Immunitario ed Equilibrio"}],"product_tag":[{"value":663,"label":"Potenziatore immunitario"}]},"featured_image_src_large":["https:\/\/www.lraloeverashop.eu\/wp-content\/uploads\/2022\/10\/Colostrum-Capsules-2-pieces-set-Limited-Offer-1024x1024.jpg",1024,1024,true],"author_info":[],"comment_info":0,"_links":{"self":[{"href":"https:\/\/www.lraloeverashop.eu\/it\/wp-json\/wp\/v2\/product\/9952","targetHints":{"allow":["GET"]}}],"collection":[{"href":"https:\/\/www.lraloeverashop.eu\/it\/wp-json\/wp\/v2\/product"}],"about":[{"href":"https:\/\/www.lraloeverashop.eu\/it\/wp-json\/wp\/v2\/types\/product"}],"replies":[{"embeddable":true,"href":"https:\/\/www.lraloeverashop.eu\/it\/wp-json\/wp\/v2\/comments?post=9952"}],"wp:featuredmedia":[{"embeddable":true,"href":"https:\/\/www.lraloeverashop.eu\/it\/wp-json\/wp\/v2\/media\/5150"}],"wp:attachment":[{"href":"https:\/\/www.lraloeverashop.eu\/it\/wp-json\/wp\/v2\/media?parent=9952"}],"wp:term":[{"taxonomy":"product_brand","embeddable":true,"href":"https:\/\/www.lraloeverashop.eu\/it\/wp-json\/wp\/v2\/product_brand?post=9952"},{"taxonomy":"product_cat","embeddable":true,"href":"https:\/\/www.lraloeverashop.eu\/it\/wp-json\/wp\/v2\/product_cat?post=9952"},{"taxonomy":"product_tag","embeddable":true,"href":"https:\/\/www.lraloeverashop.eu\/it\/wp-json\/wp\/v2\/product_tag?post=9952"}],"curies":[{"name":"wp","href":"https:\/\/api.w.org\/{rel}","templated":true}]}}