{"id":9912,"date":"2022-10-12T11:25:58","date_gmt":"2022-10-12T09:25:58","guid":{"rendered":"https:\/\/www.lraloeverashop.eu\/product\/cistus-incanus-compresse-set-2\/"},"modified":"2026-02-03T20:31:45","modified_gmt":"2026-02-03T19:31:45","slug":"cistus-incanus-compresse-set-2","status":"publish","type":"product","link":"https:\/\/www.lraloeverashop.eu\/it\/prodotto\/cistus-incanus-compresse-set-2\/","title":{"rendered":"Cistus Incanus Compresse Set 2 Pezzi Offerta limitata"},"content":{"rendered":"<h2><span style=\"font-size: 16pt;\"><strong>Cistus Incanus Compresse Set 2 Pezzi Offerta limitata<\/strong><\/span><\/h2>\n<p><span style=\"font-size: 14pt;\"><strong>Cistus Incanus Compresse Set 2 Pezzi con 100% di vitamina C e 20% di zinco per razione giornaliera<\/strong><\/span><\/p>\n<p>La difesa del corpo funziona costantemente, senza sosta. Con le Cistus Incanus compresse con Vitamina C e compresse arricchite di zinco puoi dare un contributo prezioso alla funzione del tuo sistema immunitario. Solo due capsule al giorno coprono le esigenze quotidiane di <a href=\"https:\/\/www.lraloeverashop.eu\/it\/prodotto\/vita-active-vitamina\/\">vitamina C<\/a>.<\/p>\n<p>Scientificamente confermato dall&#8217;Autorit\u00e0 europea per la sicurezza alimentare: la vitamina C e lo zinco contribuiscono al normale funzionamento del <a href=\"https:\/\/www.lraloeverashop.eu\/it\/prodotto\/colostro-compresse-set-2-pezzi\/\">sistema immunitario<\/a>.<\/p>\n<p>&nbsp;<\/p>\n<h2><strong><span style=\"font-size: 16pt;\">Come usare Cistus Incanus Compresse<\/span><\/strong><\/h2>\n<p>Prendi 2 x 1 compressa al giorno con un po \u2018di liquido.<\/p>\n<p>La dose giornaliera raccomandata di Cistus Incanus Compresse Set 2 Pezzi non deve essere superata. Gli integratori alimentari non sono un sostituto di una dieta varia ed equilibrata che \u00e8 importante insieme a uno stile di <a href=\"https:\/\/www.lraloeverashop.eu\/it\/prodotto\/capsule-omega-3\/\">vita sano<\/a>. Tenere il prodotto fuori dalla portata dei bambini piccoli. Conservare fresco e asciutto<\/p>\n<p>&nbsp;<\/p>\n<h3><span style=\"font-size: 16pt;\"><strong>Lo sapevate?<img loading=\"lazy\" decoding=\"async\" class=\"size-full wp-image-2830 alignright\" src=\"https:\/\/www.lraloeverashop.eu\/wp-content\/uploads\/2022\/10\/Cistus-Incanus-flower.jpg\" alt=\"Cistus Incanus flower\" width=\"293\" height=\"389\" srcset=\"https:\/\/www.lraloeverashop.eu\/wp-content\/uploads\/2022\/10\/Cistus-Incanus-flower.jpg 293w, https:\/\/www.lraloeverashop.eu\/wp-content\/uploads\/2022\/10\/Cistus-Incanus-flower-226x300.jpg 226w\" sizes=\"auto, (max-width: 293px) 100vw, 293px\" \/><\/strong><\/span><\/h3>\n<p><span style=\"color: #000000;\"><strong>Sulla pianta<\/strong><\/span><br \/>\nLa pianta Cistus incanus \u00e8 un membro del genere delle rose di roccia nelle piante di famiglia Cistus ed \u00e8 principalmente nel caldo Mediterraneo (come in Grecia e in Turchia) \u00e8 casa. In buone condizioni climatiche, la pianta cresce fino a un metro di altezza e da aprile a giugno produce fiori dal colore rosa-porpora fino alla fioritura, raggiungendo un diametro da 4 a 6 centimetri.<\/p>\n<p><span style=\"color: #000000;\"><strong>Coltivazione<\/strong><\/span><br \/>\nSfortunatamente, coltivare la pianta Cistus Incanus \u00e8 un\u2019impresa senza speranza, poich\u00e9 il cisto dei capelli grigi cresce selvaggiamente. La pianta di Cistus incanus si trova in tutto il Mediterraneo, dove cresce meglio su calcare o silicato (macchia) in mezzo a vari cespugli.<\/p>\n<p>&nbsp;<\/p>\n<h4><span style=\"font-size: 16pt; color: #000000;\"><strong>Domande frequenti<\/strong><\/span><\/h4>\n<p><span style=\"color: #000000;\"><strong>Cos\u2019\u00e8 Cistus Incanus?<\/strong><\/span><br \/>\nLa storia di questa pianta inizia gi\u00e0 nel 4 \u00b0 secolo aC. Cistus Incanus divenne presto popolare come\u00a0t\u00e8 saporito\u00a0in Medio Oriente, Africa settentrionale e nel Mediterraneo europeo.<\/p>\n<p><span style=\"color: #000000;\"><strong>Cosa usa Lr da questa pianta?<\/strong><\/span><br \/>\nVengono elaborate solo le foglie tagliate. I legni e gli steli sono sistematicamente esclusi. Controlli di qualit\u00e0 permanenti durante il processo di produzione garantiscono la massima purezza e qualit\u00e0.<\/p>\n<p><span style=\"color: #000000;\"><strong>Posso usare Cistus Incanus anche a lungo?<\/strong><\/span><br \/>\n\u00c8 possibile utilizzare in tutta sicurezza le compresse di Cistus Incanus per un lungo periodo di tempo.<\/p>\n<p><span style=\"color: #000000;\"><strong>Quale materia prima utilizza Lr nel suo prodotto?<\/strong><\/span><br \/>\nUsiamo Cistus Incanus ssp. tauricus. Questa pianta cresce spontaneamente in natura, non nelle piantagioni.<\/p>\n<p><span style=\"color: #000000;\"><strong>Come viene elaborata la materia prima?<\/strong><\/span><br \/>\nLe foglie della pianta vengono raccolte, essiccate, pulite e tagliate prima di essere trasformate da noti produttori di estratti in un infuso acquoso. Questo estratto viene essiccato e infine riempito in capsule. Il processo descritto \u00e8 una tecnologia estrattiva standard.<\/p>\n","protected":false},"excerpt":{"rendered":"<ul>\n<li><strong><span style=\"color: #ff0000;\">OFFERTA LIMITATA<\/span><\/strong><\/li>\n<li>Con zinco e vitamina C per un sistema immunitario sano\u00b9<\/li>\n<li>69% di Estratto di Cistus incanus<\/li>\n<li>100% di vitamina C e 20% di zinco per razione giornaliera<\/li>\n<li>Guscio di compressa vegetale puro<\/li>\n<li>prodotto fatto in Germania<\/li>\n<li>Quantit\u00e0: 2 x 60 Compresse<\/li>\n<\/ul>\n<p><span style=\"color: #ff0000;\"><a style=\"color: #ff0000;\" href=\"https:\/\/shop.lrworld.com\/openpao?PHP=0vFlt7jT938BEnBI3a6e9w%3D%3D\"><span style=\"font-size: 14pt;\"><strong>Registrati ora e risparmia il 35% su ogni ordine<\/strong><\/span><\/a><\/span><\/p>\n","protected":false},"featured_media":5138,"comment_status":"open","ping_status":"closed","template":"","meta":{"_kad_blocks_custom_css":"","_kad_blocks_head_custom_js":"","_kad_blocks_body_custom_js":"","_kad_blocks_footer_custom_js":"","_kadence_starter_templates_imported_post":false,"_kad_post_transparent":"default","_kad_post_title":"","_kad_post_layout":"default","_kad_post_sidebar_id":"","_kad_post_content_style":"default","_kad_post_vertical_padding":"default","_kad_post_feature":"","_kad_post_feature_position":"","_kad_post_header":false,"_kad_post_footer":false,"_kad_post_classname":""},"product_brand":[],"product_cat":[400,490,353,412,347],"product_tag":[663],"class_list":{"0":"post-9912","1":"product","2":"type-product","3":"status-publish","4":"has-post-thumbnail","6":"product_cat-base-it","7":"product_cat-cistus-incanus-it","8":"product_cat-offerte","9":"product_cat-prodotti-speciali","10":"product_cat-sistema-immunitario-ed-equilibrio","11":"product_tag-potenziatore-immunitario","13":"first","14":"outofstock","15":"sale","16":"taxable","17":"shipping-taxable","18":"purchasable","19":"product-type-simple","20":"entry","21":"content-bg","22":"loop-entry"},"yoast_head":"<!-- This site is optimized with the Yoast SEO Premium plugin v27.4 (Yoast SEO v27.4) - https:\/\/yoast.com\/product\/yoast-seo-premium-wordpress\/ -->\n<title>Cistus Incanus Compresse Set 2 Pezzi Offerta limitata<\/title>\n<meta name=\"description\" content=\"Cistus Incanus Compresse Set 2 Pezzi Offerta limitata con il 69% di estratto di Cistus Incanus, 100% di Vitamina C e il 20% di zinco per razione giornaliera\" \/>\n<meta name=\"robots\" content=\"index, follow, max-snippet:-1, max-image-preview:large, max-video-preview:-1\" \/>\n<link rel=\"canonical\" href=\"https:\/\/www.lraloeverashop.eu\/it\/prodotto\/cistus-incanus-compresse-set-2\/\" \/>\n<meta property=\"og:locale\" content=\"it_IT\" \/>\n<meta property=\"og:type\" content=\"article\" \/>\n<meta property=\"og:title\" content=\"Cistus Incanus Compresse Set 2 Pezzi Offerta limitata\" \/>\n<meta property=\"og:description\" content=\"Cistus Incanus Compresse Set 2 Pezzi Offerta limitata con il 69% di estratto di Cistus Incanus, 100% di Vitamina C e il 20% di zinco per razione giornaliera\" \/>\n<meta property=\"og:url\" content=\"https:\/\/www.lraloeverashop.eu\/it\/prodotto\/cistus-incanus-compresse-set-2\/\" \/>\n<meta property=\"og:site_name\" content=\"Lr Negozio di Aloe Vera\" \/>\n<meta property=\"article:publisher\" content=\"https:\/\/www.facebook.com\/lraloeverashop.eu\" \/>\n<meta property=\"article:modified_time\" content=\"2026-02-03T19:31:45+00:00\" \/>\n<meta property=\"og:image\" content=\"https:\/\/www.lraloeverashop.eu\/wp-content\/uploads\/2022\/10\/Cistus-Incanus-2-Pieces-Set-Limited-Offer.jpg\" \/>\n\t<meta property=\"og:image:width\" content=\"1200\" \/>\n\t<meta property=\"og:image:height\" content=\"1200\" \/>\n\t<meta property=\"og:image:type\" content=\"image\/jpeg\" \/>\n<meta name=\"twitter:card\" content=\"summary_large_image\" \/>\n<meta name=\"twitter:site\" content=\"@natur__kosmetik\" \/>\n<script type=\"application\/ld+json\" class=\"yoast-schema-graph\">{\"@context\":\"https:\\\/\\\/schema.org\",\"@graph\":[{\"@type\":[\"WebPage\",\"ItemPage\"],\"@id\":\"https:\\\/\\\/www.lraloeverashop.eu\\\/it\\\/prodotto\\\/cistus-incanus-compresse-set-2\\\/\",\"url\":\"https:\\\/\\\/www.lraloeverashop.eu\\\/it\\\/prodotto\\\/cistus-incanus-compresse-set-2\\\/\",\"name\":\"Cistus Incanus Compresse Set 2 Pezzi Offerta limitata\",\"isPartOf\":{\"@id\":\"https:\\\/\\\/www.lraloeverashop.eu\\\/it\\\/#website\"},\"primaryImageOfPage\":{\"@id\":\"https:\\\/\\\/www.lraloeverashop.eu\\\/it\\\/prodotto\\\/cistus-incanus-compresse-set-2\\\/#primaryimage\"},\"image\":{\"@id\":\"https:\\\/\\\/www.lraloeverashop.eu\\\/it\\\/prodotto\\\/cistus-incanus-compresse-set-2\\\/#primaryimage\"},\"thumbnailUrl\":\"https:\\\/\\\/www.lraloeverashop.eu\\\/wp-content\\\/uploads\\\/2022\\\/10\\\/Cistus-Incanus-2-Pieces-Set-Limited-Offer.jpg\",\"datePublished\":\"2022-10-12T09:25:58+00:00\",\"dateModified\":\"2026-02-03T19:31:45+00:00\",\"description\":\"Cistus Incanus Compresse Set 2 Pezzi Offerta limitata con il 69% di estratto di Cistus Incanus, 100% di Vitamina C e il 20% di zinco per razione giornaliera\",\"breadcrumb\":{\"@id\":\"https:\\\/\\\/www.lraloeverashop.eu\\\/it\\\/prodotto\\\/cistus-incanus-compresse-set-2\\\/#breadcrumb\"},\"inLanguage\":\"it-IT\",\"potentialAction\":[{\"@type\":\"ReadAction\",\"target\":[\"https:\\\/\\\/www.lraloeverashop.eu\\\/it\\\/prodotto\\\/cistus-incanus-compresse-set-2\\\/\"]}]},{\"@type\":\"ImageObject\",\"inLanguage\":\"it-IT\",\"@id\":\"https:\\\/\\\/www.lraloeverashop.eu\\\/it\\\/prodotto\\\/cistus-incanus-compresse-set-2\\\/#primaryimage\",\"url\":\"https:\\\/\\\/www.lraloeverashop.eu\\\/wp-content\\\/uploads\\\/2022\\\/10\\\/Cistus-Incanus-2-Pieces-Set-Limited-Offer.jpg\",\"contentUrl\":\"https:\\\/\\\/www.lraloeverashop.eu\\\/wp-content\\\/uploads\\\/2022\\\/10\\\/Cistus-Incanus-2-Pieces-Set-Limited-Offer.jpg\",\"width\":1200,\"height\":1200,\"caption\":\"Cistus Incanus Set 2 Pezzi Offerta Limitata\"},{\"@type\":\"BreadcrumbList\",\"@id\":\"https:\\\/\\\/www.lraloeverashop.eu\\\/it\\\/prodotto\\\/cistus-incanus-compresse-set-2\\\/#breadcrumb\",\"itemListElement\":[{\"@type\":\"ListItem\",\"position\":1,\"name\":\"Home\",\"item\":\"https:\\\/\\\/www.lraloeverashop.eu\\\/it\\\/\"},{\"@type\":\"ListItem\",\"position\":2,\"name\":\"Negozio\",\"item\":\"https:\\\/\\\/www.lraloeverashop.eu\\\/it\\\/negozio\\\/\"},{\"@type\":\"ListItem\",\"position\":3,\"name\":\"Cistus Incanus Compresse Set 2 Pezzi Offerta limitata\"}]},{\"@type\":\"WebSite\",\"@id\":\"https:\\\/\\\/www.lraloeverashop.eu\\\/it\\\/#website\",\"url\":\"https:\\\/\\\/www.lraloeverashop.eu\\\/it\\\/\",\"name\":\"Lr Negozio di Aloe Vera\",\"description\":\"High Quality Lr Aloe Vera Gel, Aloe Vera Cream and Shampoo\",\"publisher\":{\"@id\":\"https:\\\/\\\/www.lraloeverashop.eu\\\/it\\\/#organization\"},\"potentialAction\":[{\"@type\":\"SearchAction\",\"target\":{\"@type\":\"EntryPoint\",\"urlTemplate\":\"https:\\\/\\\/www.lraloeverashop.eu\\\/it\\\/?s={search_term_string}\"},\"query-input\":{\"@type\":\"PropertyValueSpecification\",\"valueRequired\":true,\"valueName\":\"search_term_string\"}}],\"inLanguage\":\"it-IT\"},{\"@type\":\"Organization\",\"@id\":\"https:\\\/\\\/www.lraloeverashop.eu\\\/it\\\/#organization\",\"name\":\"Negozio di Lr Aloe Vera\",\"alternateName\":\"LR\",\"url\":\"https:\\\/\\\/www.lraloeverashop.eu\\\/it\\\/\",\"logo\":{\"@type\":\"ImageObject\",\"inLanguage\":\"it-IT\",\"@id\":\"https:\\\/\\\/www.lraloeverashop.eu\\\/it\\\/#\\\/schema\\\/logo\\\/image\\\/\",\"url\":\"https:\\\/\\\/www.lraloeverashop.eu\\\/wp-content\\\/uploads\\\/2022\\\/09\\\/cropped-Lr-Aloe-Vera-Shop.jpg\",\"contentUrl\":\"https:\\\/\\\/www.lraloeverashop.eu\\\/wp-content\\\/uploads\\\/2022\\\/09\\\/cropped-Lr-Aloe-Vera-Shop.jpg\",\"width\":228,\"height\":76,\"caption\":\"Negozio di Lr Aloe Vera\"},\"image\":{\"@id\":\"https:\\\/\\\/www.lraloeverashop.eu\\\/it\\\/#\\\/schema\\\/logo\\\/image\\\/\"},\"sameAs\":[\"https:\\\/\\\/www.facebook.com\\\/lraloeverashop.eu\",\"https:\\\/\\\/x.com\\\/natur__kosmetik\",\"https:\\\/\\\/www.youtube.com\\\/channel\\\/UC5oN7BJ8nfYb8RpVtjwDEBA\",\"https:\\\/\\\/www.instagram.com\\\/lrbeautyeu\\\/\"],\"description\":\"Negozio di Lr Aloe Vera \u00e8 il tuo punto di riferimento per i prodotti LR Health & Beauty di alta qualit\u00e0, realizzati in Germania. Offriamo soluzioni per la cura della pelle, l'alimentazione e l'anti-et\u00e0 a base di Aloe Vera, formulate con ingredienti puri e supportate da ricerche scientifiche. Scopri una cura naturale che rigenera, protegge e rivitalizza la tua pelle e approfitta delle esclusive offerte mensili sui nostri prodotti LR Aloe Vera pi\u00f9 venduti.\\nInizia oggi il tuo percorso di cura della pelle naturale e senti la differenza.\",\"email\":\"info@lraloeverashop.eu\",\"telephone\":\"+49 17670609653\",\"legalName\":\"Lr Aloe Vera Shop\",\"foundingDate\":\"2018-04-21\",\"numberOfEmployees\":{\"@type\":\"QuantitativeValue\",\"minValue\":\"1\",\"maxValue\":\"10\"}}]}<\/script>\n<meta property=\"product:price:amount\" content=\"65.99\" \/>\n<meta property=\"product:price:currency\" content=\"EUR\" \/>\n<meta property=\"og:availability\" content=\"out of stock\" \/>\n<meta property=\"product:availability\" content=\"out of stock\" \/>\n<meta property=\"product:retailer_item_id\" content=\"80528-1IT\" \/>\n<meta property=\"product:condition\" content=\"new\" \/>\n<!-- \/ Yoast SEO Premium plugin. -->","yoast_head_json":{"title":"Cistus Incanus Compresse Set 2 Pezzi Offerta limitata","description":"Cistus Incanus Compresse Set 2 Pezzi Offerta limitata con il 69% di estratto di Cistus Incanus, 100% di Vitamina C e il 20% di zinco per razione giornaliera","robots":{"index":"index","follow":"follow","max-snippet":"max-snippet:-1","max-image-preview":"max-image-preview:large","max-video-preview":"max-video-preview:-1"},"canonical":"https:\/\/www.lraloeverashop.eu\/it\/prodotto\/cistus-incanus-compresse-set-2\/","og_locale":"it_IT","og_type":"article","og_title":"Cistus Incanus Compresse Set 2 Pezzi Offerta limitata","og_description":"Cistus Incanus Compresse Set 2 Pezzi Offerta limitata con il 69% di estratto di Cistus Incanus, 100% di Vitamina C e il 20% di zinco per razione giornaliera","og_url":"https:\/\/www.lraloeverashop.eu\/it\/prodotto\/cistus-incanus-compresse-set-2\/","og_site_name":"Lr Negozio di Aloe Vera","article_publisher":"https:\/\/www.facebook.com\/lraloeverashop.eu","article_modified_time":"2026-02-03T19:31:45+00:00","og_image":[{"width":1200,"height":1200,"url":"https:\/\/www.lraloeverashop.eu\/wp-content\/uploads\/2022\/10\/Cistus-Incanus-2-Pieces-Set-Limited-Offer.jpg","type":"image\/jpeg"}],"twitter_card":"summary_large_image","twitter_site":"@natur__kosmetik","schema":{"@context":"https:\/\/schema.org","@graph":[{"@type":["WebPage","ItemPage"],"@id":"https:\/\/www.lraloeverashop.eu\/it\/prodotto\/cistus-incanus-compresse-set-2\/","url":"https:\/\/www.lraloeverashop.eu\/it\/prodotto\/cistus-incanus-compresse-set-2\/","name":"Cistus Incanus Compresse Set 2 Pezzi Offerta limitata","isPartOf":{"@id":"https:\/\/www.lraloeverashop.eu\/it\/#website"},"primaryImageOfPage":{"@id":"https:\/\/www.lraloeverashop.eu\/it\/prodotto\/cistus-incanus-compresse-set-2\/#primaryimage"},"image":{"@id":"https:\/\/www.lraloeverashop.eu\/it\/prodotto\/cistus-incanus-compresse-set-2\/#primaryimage"},"thumbnailUrl":"https:\/\/www.lraloeverashop.eu\/wp-content\/uploads\/2022\/10\/Cistus-Incanus-2-Pieces-Set-Limited-Offer.jpg","datePublished":"2022-10-12T09:25:58+00:00","dateModified":"2026-02-03T19:31:45+00:00","description":"Cistus Incanus Compresse Set 2 Pezzi Offerta limitata con il 69% di estratto di Cistus Incanus, 100% di Vitamina C e il 20% di zinco per razione giornaliera","breadcrumb":{"@id":"https:\/\/www.lraloeverashop.eu\/it\/prodotto\/cistus-incanus-compresse-set-2\/#breadcrumb"},"inLanguage":"it-IT","potentialAction":[{"@type":"ReadAction","target":["https:\/\/www.lraloeverashop.eu\/it\/prodotto\/cistus-incanus-compresse-set-2\/"]}]},{"@type":"ImageObject","inLanguage":"it-IT","@id":"https:\/\/www.lraloeverashop.eu\/it\/prodotto\/cistus-incanus-compresse-set-2\/#primaryimage","url":"https:\/\/www.lraloeverashop.eu\/wp-content\/uploads\/2022\/10\/Cistus-Incanus-2-Pieces-Set-Limited-Offer.jpg","contentUrl":"https:\/\/www.lraloeverashop.eu\/wp-content\/uploads\/2022\/10\/Cistus-Incanus-2-Pieces-Set-Limited-Offer.jpg","width":1200,"height":1200,"caption":"Cistus Incanus Set 2 Pezzi Offerta Limitata"},{"@type":"BreadcrumbList","@id":"https:\/\/www.lraloeverashop.eu\/it\/prodotto\/cistus-incanus-compresse-set-2\/#breadcrumb","itemListElement":[{"@type":"ListItem","position":1,"name":"Home","item":"https:\/\/www.lraloeverashop.eu\/it\/"},{"@type":"ListItem","position":2,"name":"Negozio","item":"https:\/\/www.lraloeverashop.eu\/it\/negozio\/"},{"@type":"ListItem","position":3,"name":"Cistus Incanus Compresse Set 2 Pezzi Offerta limitata"}]},{"@type":"WebSite","@id":"https:\/\/www.lraloeverashop.eu\/it\/#website","url":"https:\/\/www.lraloeverashop.eu\/it\/","name":"Lr Negozio di Aloe Vera","description":"High Quality Lr Aloe Vera Gel, Aloe Vera Cream and Shampoo","publisher":{"@id":"https:\/\/www.lraloeverashop.eu\/it\/#organization"},"potentialAction":[{"@type":"SearchAction","target":{"@type":"EntryPoint","urlTemplate":"https:\/\/www.lraloeverashop.eu\/it\/?s={search_term_string}"},"query-input":{"@type":"PropertyValueSpecification","valueRequired":true,"valueName":"search_term_string"}}],"inLanguage":"it-IT"},{"@type":"Organization","@id":"https:\/\/www.lraloeverashop.eu\/it\/#organization","name":"Negozio di Lr Aloe Vera","alternateName":"LR","url":"https:\/\/www.lraloeverashop.eu\/it\/","logo":{"@type":"ImageObject","inLanguage":"it-IT","@id":"https:\/\/www.lraloeverashop.eu\/it\/#\/schema\/logo\/image\/","url":"https:\/\/www.lraloeverashop.eu\/wp-content\/uploads\/2022\/09\/cropped-Lr-Aloe-Vera-Shop.jpg","contentUrl":"https:\/\/www.lraloeverashop.eu\/wp-content\/uploads\/2022\/09\/cropped-Lr-Aloe-Vera-Shop.jpg","width":228,"height":76,"caption":"Negozio di Lr Aloe Vera"},"image":{"@id":"https:\/\/www.lraloeverashop.eu\/it\/#\/schema\/logo\/image\/"},"sameAs":["https:\/\/www.facebook.com\/lraloeverashop.eu","https:\/\/x.com\/natur__kosmetik","https:\/\/www.youtube.com\/channel\/UC5oN7BJ8nfYb8RpVtjwDEBA","https:\/\/www.instagram.com\/lrbeautyeu\/"],"description":"Negozio di Lr Aloe Vera \u00e8 il tuo punto di riferimento per i prodotti LR Health & Beauty di alta qualit\u00e0, realizzati in Germania. Offriamo soluzioni per la cura della pelle, l'alimentazione e l'anti-et\u00e0 a base di Aloe Vera, formulate con ingredienti puri e supportate da ricerche scientifiche. Scopri una cura naturale che rigenera, protegge e rivitalizza la tua pelle e approfitta delle esclusive offerte mensili sui nostri prodotti LR Aloe Vera pi\u00f9 venduti.\nInizia oggi il tuo percorso di cura della pelle naturale e senti la differenza.","email":"info@lraloeverashop.eu","telephone":"+49 17670609653","legalName":"Lr Aloe Vera Shop","foundingDate":"2018-04-21","numberOfEmployees":{"@type":"QuantitativeValue","minValue":"1","maxValue":"10"}}]},"product_price_amount":"65.99","product_price_currency":"EUR","og_availability":"out of stock","product_availability":"out of stock","product_retailer_item_id":"80528-1IT","product_condition":"new"},"taxonomy_info":{"product_cat":[{"value":400,"label":"Base"},{"value":490,"label":"Cistus Incanus"},{"value":353,"label":"Offerte"},{"value":412,"label":"Prodotti Speciali"},{"value":347,"label":"Sistema Immunitario ed Equilibrio"}],"product_tag":[{"value":663,"label":"Potenziatore immunitario"}]},"featured_image_src_large":["https:\/\/www.lraloeverashop.eu\/wp-content\/uploads\/2022\/10\/Cistus-Incanus-2-Pieces-Set-Limited-Offer-1024x1024.jpg",1024,1024,true],"author_info":[],"comment_info":0,"_links":{"self":[{"href":"https:\/\/www.lraloeverashop.eu\/it\/wp-json\/wp\/v2\/product\/9912","targetHints":{"allow":["GET"]}}],"collection":[{"href":"https:\/\/www.lraloeverashop.eu\/it\/wp-json\/wp\/v2\/product"}],"about":[{"href":"https:\/\/www.lraloeverashop.eu\/it\/wp-json\/wp\/v2\/types\/product"}],"replies":[{"embeddable":true,"href":"https:\/\/www.lraloeverashop.eu\/it\/wp-json\/wp\/v2\/comments?post=9912"}],"wp:featuredmedia":[{"embeddable":true,"href":"https:\/\/www.lraloeverashop.eu\/it\/wp-json\/wp\/v2\/media\/5138"}],"wp:attachment":[{"href":"https:\/\/www.lraloeverashop.eu\/it\/wp-json\/wp\/v2\/media?parent=9912"}],"wp:term":[{"taxonomy":"product_brand","embeddable":true,"href":"https:\/\/www.lraloeverashop.eu\/it\/wp-json\/wp\/v2\/product_brand?post=9912"},{"taxonomy":"product_cat","embeddable":true,"href":"https:\/\/www.lraloeverashop.eu\/it\/wp-json\/wp\/v2\/product_cat?post=9912"},{"taxonomy":"product_tag","embeddable":true,"href":"https:\/\/www.lraloeverashop.eu\/it\/wp-json\/wp\/v2\/product_tag?post=9912"}],"curies":[{"name":"wp","href":"https:\/\/api.w.org\/{rel}","templated":true}]}}