{"id":9817,"date":"2022-10-12T21:21:02","date_gmt":"2022-10-12T19:21:02","guid":{"rendered":"https:\/\/www.lraloeverashop.eu\/product\/reishi-compresse-offerta-limitata\/"},"modified":"2026-02-03T20:30:55","modified_gmt":"2026-02-03T19:30:55","slug":"reishi-compresse-offerta-limitata","status":"publish","type":"product","link":"https:\/\/www.lraloeverashop.eu\/it\/prodotto\/reishi-compresse-offerta-limitata\/","title":{"rendered":"Reishi Compresse Offerta Limitata"},"content":{"rendered":"<h2><span style=\"font-size: 16pt;\"><strong>Reishi Compresse Offerta Limitata<\/strong><\/span><\/h2>\n<p><span style=\"font-size: 14pt;\"><strong>Reishi Compresse con estratto e polvere di Reishi<\/strong><\/span><\/p>\n<p>Le Reishi Compresse contengono polvere di funghi reishi di alta qualit\u00e0 e estratto di funghi Reishi. Le Compresse <a href=\"https:\/\/www.lraloeverashop.eu\/it\/prodotto\/reishi-plus-compresse\/\">supportano il benessere<\/a> con la vitamina C e sono anche prive di lattosio. Compresse sono vegani.<\/p>\n<p>Nelle Reishi Compresse abbiamo usato solo Reishi rosso. I suoi <a href=\"https:\/\/www.lraloeverashop.eu\/it\/prodotto\/ganoderma-reishi\/\">effetti terapeutici<\/a> sono stati confermati da studi scientifici negli Stati Uniti e in Giappone, e sono stati quindi ampiamente utilizzati come trattamento complementare nel mondo occidentale. Ora in Giappone, il rosso Reishi viene coltivato in condizioni rigorose per mantenere un alto contenuto di sostanze attive e quindi l&#8217;efficienza del prodotto.<\/p>\n<p>Reishi contiene, oltre a polisaccaridi altamente immunologicamente attivi (betaglucani), altre sostanze immunitarie e metabolicamente attive e oligoelementi. Questi includono 17 aminoacidi, tutti essenziali, hanno un alto contenuto di ferro, selenio e vitamina B; supportano il sistema cardiovascolare e contribuiscono ad influenzare la <a href=\"https:\/\/www.lraloeverashop.eu\/it\/prodotto\/mind-master-bevanda-rossa\/\">pressione sanguigna<\/a> e il metabolismo dei grassi.<\/p>\n<p><img loading=\"lazy\" decoding=\"async\" class=\"aligncenter wp-image-2843 \" src=\"https:\/\/www.lraloeverashop.eu\/wp-content\/uploads\/2022\/10\/Red-Reishi-mushrom.jpg\" alt=\"Red-Reishi-mushrom\" width=\"1525\" height=\"477\" srcset=\"https:\/\/www.lraloeverashop.eu\/wp-content\/uploads\/2022\/10\/Red-Reishi-mushrom.jpg 960w, https:\/\/www.lraloeverashop.eu\/wp-content\/uploads\/2022\/10\/Red-Reishi-mushrom-600x188.jpg 600w, https:\/\/www.lraloeverashop.eu\/wp-content\/uploads\/2022\/10\/Red-Reishi-mushrom-300x94.jpg 300w, https:\/\/www.lraloeverashop.eu\/wp-content\/uploads\/2022\/10\/Red-Reishi-mushrom-768x240.jpg 768w\" sizes=\"auto, (max-width: 1525px) 100vw, 1525px\" \/><\/p>\n<p>Il nome cinese del Reishi \u00e8 Ling Zhi e significa &#8220;pianta dello spirito&#8221;. Altri nomi cinesi comuni sono &#8220;fungo di lunga vita&#8221; o &#8220;fungo di diecimila anni&#8221;.<\/p>\n<ol>\n<li>La <a href=\"https:\/\/www.lraloeverashop.eu\/it\/prodotto\/vita-active-frutti-rossi\/\">vitamina C<\/a> contribuisce al normale metabolismo energetico.<\/li>\n<li>La vitamina C protegge dallo stress ossidativo e aiuta a ridurre l&#8217;affaticamento e l&#8217;affaticamento.<\/li>\n<\/ol>\n<p>Le Reishi Compresse possono essere utilizzate da sole o insieme, preferibilmente in combinazione con Aloe Vera Drinking Gel . Pu\u00f2 essere utilizzato anche in combinazione con <a href=\"https:\/\/www.lraloeverashop.eu\/it\/categoria-prodotto\/nutrizionisti\/cuore-e-circolazione\/\">altri prodotti<\/a>.<\/p>\n<p>&nbsp;<\/p>\n<h2><strong><span style=\"font-size: 16pt;\">Come usare Reishi Compresse<\/span><\/strong><\/h2>\n<p>1 x compressa al giorno. La dose giornaliera raccomandata non deve essere superata. Gli <a href=\"https:\/\/www.lraloeverashop.eu\/it\/categoria-prodotto\/nutrizionisti\/\">integratori alimentari<\/a> non sostituiscono una dieta varia ed equilibrata, importante insieme ad uno stile di vita sano. Tenere il prodotto fuori dalla portata dei bambini piccoli. Conservare fresco e asciutto.<\/p>\n<p>&nbsp;<\/p>\n<h3><strong><span style=\"font-size: 16pt;\">Domande frequenti<\/span><\/strong><\/h3>\n<p><span style=\"color: #000000;\"><strong>Come cresce il fungo Reishi?<\/strong><\/span><br \/>\nIl reishi \u00e8 un saprofita, cio\u00e8 un fungo che vive sul legno morto, che cresce sui ceppi degli alberi, sulle radici o alla base di querce e faggi e se ne nutre.<\/p>\n<p>Dato che per molto tempo hai dovuto fare affidamento esclusivamente sui funghi selvatici, trovare un Ling Zhi \u00e8 stato un colpo di fortuna e di buon auspicio. Negli anni &#8217;70 \u00e8 stato sviluppato un processo per coltivare il Reishi in grandi allevamenti in tutto il mondo. Il fungo utilizzato nel Reishi non proviene da raccolte selvatiche.<\/p>\n","protected":false},"excerpt":{"rendered":"<ul>\n<li><span style=\"color: #ff0000;\"><strong>Offerta Limitata<\/strong><\/span><\/li>\n<li>Contribuisce a un normale metabolismo energetico\u00b9<\/li>\n<li>Riduce l&#8217;affaticamento\u00b2<\/li>\n<li>Per millenni, parte della tradizione dell&#8217;Estremo Oriente<\/li>\n<li>Con estratti e polvere di Reishi<\/li>\n<li>Con vitamina C<\/li>\n<li>Vegane e senza lattosio<\/li>\n<li>Quantit\u00e0: 2 x 30 Compresse<\/li>\n<\/ul>\n<p><span style=\"color: #ff0000;\"><a style=\"color: #ff0000;\" href=\"https:\/\/shop.lrworld.com\/openpao?PHP=0vFlt7jT938BEnBI3a6e9w%3D%3D\"><span style=\"font-size: 14pt;\"><strong>Registrati ora e risparmia il 35% su ogni ordine<\/strong><\/span><\/a><\/span><\/p>\n","protected":false},"featured_media":5168,"comment_status":"open","ping_status":"closed","template":"","meta":{"_kad_blocks_custom_css":"","_kad_blocks_head_custom_js":"","_kad_blocks_body_custom_js":"","_kad_blocks_footer_custom_js":"","_kadence_starter_templates_imported_post":false,"_kad_post_transparent":"default","_kad_post_title":"","_kad_post_layout":"default","_kad_post_sidebar_id":"","_kad_post_content_style":"default","_kad_post_vertical_padding":"default","_kad_post_feature":"","_kad_post_feature_position":"","_kad_post_header":false,"_kad_post_footer":false,"_kad_post_classname":""},"product_brand":[],"product_cat":[400,424,353,412,347,466],"product_tag":[663],"class_list":{"0":"post-9817","1":"product","2":"type-product","3":"status-publish","4":"has-post-thumbnail","6":"product_cat-base-it","7":"product_cat-cuore-e-circolazione","8":"product_cat-offerte","9":"product_cat-prodotti-speciali","10":"product_cat-sistema-immunitario-ed-equilibrio","11":"product_cat-nutrizionisti","12":"product_tag-potenziatore-immunitario","14":"first","15":"outofstock","16":"sale","17":"taxable","18":"shipping-taxable","19":"purchasable","20":"product-type-simple","21":"entry","22":"content-bg","23":"loop-entry"},"yoast_head":"<!-- This site is optimized with the Yoast SEO Premium plugin v27.4 (Yoast SEO v27.4) - https:\/\/yoast.com\/product\/yoast-seo-premium-wordpress\/ -->\n<title>Reishi Compresse con estratto e polvere di Reishi<\/title>\n<meta name=\"description\" content=\"Reishi Compresse Contengono 17 aminoacidi, tutti essenziali, hanno un alto contenuto di ferro, selenio e vitamina B. Supportano il sistema cardiovascolare.\" \/>\n<meta name=\"robots\" content=\"index, follow, max-snippet:-1, max-image-preview:large, max-video-preview:-1\" \/>\n<link rel=\"canonical\" href=\"https:\/\/www.lraloeverashop.eu\/it\/prodotto\/reishi-compresse-offerta-limitata\/\" \/>\n<meta property=\"og:locale\" content=\"it_IT\" \/>\n<meta property=\"og:type\" content=\"article\" \/>\n<meta property=\"og:title\" content=\"Reishi Compresse Offerta Limitata\" \/>\n<meta property=\"og:description\" content=\"Reishi Compresse Contengono 17 aminoacidi, tutti essenziali, hanno un alto contenuto di ferro, selenio e vitamina B. Supportano il sistema cardiovascolare.\" \/>\n<meta property=\"og:url\" content=\"https:\/\/www.lraloeverashop.eu\/it\/prodotto\/reishi-compresse-offerta-limitata\/\" \/>\n<meta property=\"og:site_name\" content=\"Lr Negozio di Aloe Vera\" \/>\n<meta property=\"article:publisher\" content=\"https:\/\/www.facebook.com\/lraloeverashop.eu\" \/>\n<meta property=\"article:modified_time\" content=\"2026-02-03T19:30:55+00:00\" \/>\n<meta property=\"og:image\" content=\"https:\/\/www.lraloeverashop.eu\/wp-content\/uploads\/2022\/10\/Reishi-Plus-Limited-Offer.jpg\" \/>\n\t<meta property=\"og:image:width\" content=\"1200\" \/>\n\t<meta property=\"og:image:height\" content=\"1200\" \/>\n\t<meta property=\"og:image:type\" content=\"image\/jpeg\" \/>\n<meta name=\"twitter:card\" content=\"summary_large_image\" \/>\n<meta name=\"twitter:site\" content=\"@natur__kosmetik\" \/>\n<script type=\"application\/ld+json\" class=\"yoast-schema-graph\">{\"@context\":\"https:\\\/\\\/schema.org\",\"@graph\":[{\"@type\":[\"WebPage\",\"ItemPage\"],\"@id\":\"https:\\\/\\\/www.lraloeverashop.eu\\\/it\\\/prodotto\\\/reishi-compresse-offerta-limitata\\\/\",\"url\":\"https:\\\/\\\/www.lraloeverashop.eu\\\/it\\\/prodotto\\\/reishi-compresse-offerta-limitata\\\/\",\"name\":\"Reishi Compresse con estratto e polvere di Reishi\",\"isPartOf\":{\"@id\":\"https:\\\/\\\/www.lraloeverashop.eu\\\/it\\\/#website\"},\"primaryImageOfPage\":{\"@id\":\"https:\\\/\\\/www.lraloeverashop.eu\\\/it\\\/prodotto\\\/reishi-compresse-offerta-limitata\\\/#primaryimage\"},\"image\":{\"@id\":\"https:\\\/\\\/www.lraloeverashop.eu\\\/it\\\/prodotto\\\/reishi-compresse-offerta-limitata\\\/#primaryimage\"},\"thumbnailUrl\":\"https:\\\/\\\/www.lraloeverashop.eu\\\/wp-content\\\/uploads\\\/2022\\\/10\\\/Reishi-Plus-Limited-Offer.jpg\",\"datePublished\":\"2022-10-12T19:21:02+00:00\",\"dateModified\":\"2026-02-03T19:30:55+00:00\",\"description\":\"Reishi Compresse Contengono 17 aminoacidi, tutti essenziali, hanno un alto contenuto di ferro, selenio e vitamina B. Supportano il sistema cardiovascolare.\",\"breadcrumb\":{\"@id\":\"https:\\\/\\\/www.lraloeverashop.eu\\\/it\\\/prodotto\\\/reishi-compresse-offerta-limitata\\\/#breadcrumb\"},\"inLanguage\":\"it-IT\",\"potentialAction\":[{\"@type\":\"ReadAction\",\"target\":[\"https:\\\/\\\/www.lraloeverashop.eu\\\/it\\\/prodotto\\\/reishi-compresse-offerta-limitata\\\/\"]}]},{\"@type\":\"ImageObject\",\"inLanguage\":\"it-IT\",\"@id\":\"https:\\\/\\\/www.lraloeverashop.eu\\\/it\\\/prodotto\\\/reishi-compresse-offerta-limitata\\\/#primaryimage\",\"url\":\"https:\\\/\\\/www.lraloeverashop.eu\\\/wp-content\\\/uploads\\\/2022\\\/10\\\/Reishi-Plus-Limited-Offer.jpg\",\"contentUrl\":\"https:\\\/\\\/www.lraloeverashop.eu\\\/wp-content\\\/uploads\\\/2022\\\/10\\\/Reishi-Plus-Limited-Offer.jpg\",\"width\":1200,\"height\":1200,\"caption\":\"Reishi Plus Offerta limitata\"},{\"@type\":\"BreadcrumbList\",\"@id\":\"https:\\\/\\\/www.lraloeverashop.eu\\\/it\\\/prodotto\\\/reishi-compresse-offerta-limitata\\\/#breadcrumb\",\"itemListElement\":[{\"@type\":\"ListItem\",\"position\":1,\"name\":\"Home\",\"item\":\"https:\\\/\\\/www.lraloeverashop.eu\\\/it\\\/\"},{\"@type\":\"ListItem\",\"position\":2,\"name\":\"Negozio\",\"item\":\"https:\\\/\\\/www.lraloeverashop.eu\\\/it\\\/negozio\\\/\"},{\"@type\":\"ListItem\",\"position\":3,\"name\":\"Reishi Compresse Offerta Limitata\"}]},{\"@type\":\"WebSite\",\"@id\":\"https:\\\/\\\/www.lraloeverashop.eu\\\/it\\\/#website\",\"url\":\"https:\\\/\\\/www.lraloeverashop.eu\\\/it\\\/\",\"name\":\"Lr Negozio di Aloe Vera\",\"description\":\"High Quality Lr Aloe Vera Gel, Aloe Vera Cream and Shampoo\",\"publisher\":{\"@id\":\"https:\\\/\\\/www.lraloeverashop.eu\\\/it\\\/#organization\"},\"potentialAction\":[{\"@type\":\"SearchAction\",\"target\":{\"@type\":\"EntryPoint\",\"urlTemplate\":\"https:\\\/\\\/www.lraloeverashop.eu\\\/it\\\/?s={search_term_string}\"},\"query-input\":{\"@type\":\"PropertyValueSpecification\",\"valueRequired\":true,\"valueName\":\"search_term_string\"}}],\"inLanguage\":\"it-IT\"},{\"@type\":\"Organization\",\"@id\":\"https:\\\/\\\/www.lraloeverashop.eu\\\/it\\\/#organization\",\"name\":\"Negozio di Lr Aloe Vera\",\"alternateName\":\"LR\",\"url\":\"https:\\\/\\\/www.lraloeverashop.eu\\\/it\\\/\",\"logo\":{\"@type\":\"ImageObject\",\"inLanguage\":\"it-IT\",\"@id\":\"https:\\\/\\\/www.lraloeverashop.eu\\\/it\\\/#\\\/schema\\\/logo\\\/image\\\/\",\"url\":\"https:\\\/\\\/www.lraloeverashop.eu\\\/wp-content\\\/uploads\\\/2022\\\/09\\\/cropped-Lr-Aloe-Vera-Shop.jpg\",\"contentUrl\":\"https:\\\/\\\/www.lraloeverashop.eu\\\/wp-content\\\/uploads\\\/2022\\\/09\\\/cropped-Lr-Aloe-Vera-Shop.jpg\",\"width\":228,\"height\":76,\"caption\":\"Negozio di Lr Aloe Vera\"},\"image\":{\"@id\":\"https:\\\/\\\/www.lraloeverashop.eu\\\/it\\\/#\\\/schema\\\/logo\\\/image\\\/\"},\"sameAs\":[\"https:\\\/\\\/www.facebook.com\\\/lraloeverashop.eu\",\"https:\\\/\\\/x.com\\\/natur__kosmetik\",\"https:\\\/\\\/www.youtube.com\\\/channel\\\/UC5oN7BJ8nfYb8RpVtjwDEBA\",\"https:\\\/\\\/www.instagram.com\\\/lrbeautyeu\\\/\"],\"description\":\"Negozio di Lr Aloe Vera \u00e8 il tuo punto di riferimento per i prodotti LR Health & Beauty di alta qualit\u00e0, realizzati in Germania. Offriamo soluzioni per la cura della pelle, l'alimentazione e l'anti-et\u00e0 a base di Aloe Vera, formulate con ingredienti puri e supportate da ricerche scientifiche. Scopri una cura naturale che rigenera, protegge e rivitalizza la tua pelle e approfitta delle esclusive offerte mensili sui nostri prodotti LR Aloe Vera pi\u00f9 venduti.\\nInizia oggi il tuo percorso di cura della pelle naturale e senti la differenza.\",\"email\":\"info@lraloeverashop.eu\",\"telephone\":\"+49 17670609653\",\"legalName\":\"Lr Aloe Vera Shop\",\"foundingDate\":\"2018-04-21\",\"numberOfEmployees\":{\"@type\":\"QuantitativeValue\",\"minValue\":\"1\",\"maxValue\":\"10\"}}]}<\/script>\n<meta property=\"product:price:amount\" content=\"74.99\" \/>\n<meta property=\"product:price:currency\" content=\"EUR\" \/>\n<meta property=\"og:availability\" content=\"out of stock\" \/>\n<meta property=\"product:availability\" content=\"out of stock\" \/>\n<meta property=\"product:retailer_item_id\" content=\"80155-1IT\" \/>\n<meta property=\"product:condition\" content=\"new\" \/>\n<!-- \/ Yoast SEO Premium plugin. -->","yoast_head_json":{"title":"Reishi Compresse con estratto e polvere di Reishi","description":"Reishi Compresse Contengono 17 aminoacidi, tutti essenziali, hanno un alto contenuto di ferro, selenio e vitamina B. Supportano il sistema cardiovascolare.","robots":{"index":"index","follow":"follow","max-snippet":"max-snippet:-1","max-image-preview":"max-image-preview:large","max-video-preview":"max-video-preview:-1"},"canonical":"https:\/\/www.lraloeverashop.eu\/it\/prodotto\/reishi-compresse-offerta-limitata\/","og_locale":"it_IT","og_type":"article","og_title":"Reishi Compresse Offerta Limitata","og_description":"Reishi Compresse Contengono 17 aminoacidi, tutti essenziali, hanno un alto contenuto di ferro, selenio e vitamina B. Supportano il sistema cardiovascolare.","og_url":"https:\/\/www.lraloeverashop.eu\/it\/prodotto\/reishi-compresse-offerta-limitata\/","og_site_name":"Lr Negozio di Aloe Vera","article_publisher":"https:\/\/www.facebook.com\/lraloeverashop.eu","article_modified_time":"2026-02-03T19:30:55+00:00","og_image":[{"width":1200,"height":1200,"url":"https:\/\/www.lraloeverashop.eu\/wp-content\/uploads\/2022\/10\/Reishi-Plus-Limited-Offer.jpg","type":"image\/jpeg"}],"twitter_card":"summary_large_image","twitter_site":"@natur__kosmetik","schema":{"@context":"https:\/\/schema.org","@graph":[{"@type":["WebPage","ItemPage"],"@id":"https:\/\/www.lraloeverashop.eu\/it\/prodotto\/reishi-compresse-offerta-limitata\/","url":"https:\/\/www.lraloeverashop.eu\/it\/prodotto\/reishi-compresse-offerta-limitata\/","name":"Reishi Compresse con estratto e polvere di Reishi","isPartOf":{"@id":"https:\/\/www.lraloeverashop.eu\/it\/#website"},"primaryImageOfPage":{"@id":"https:\/\/www.lraloeverashop.eu\/it\/prodotto\/reishi-compresse-offerta-limitata\/#primaryimage"},"image":{"@id":"https:\/\/www.lraloeverashop.eu\/it\/prodotto\/reishi-compresse-offerta-limitata\/#primaryimage"},"thumbnailUrl":"https:\/\/www.lraloeverashop.eu\/wp-content\/uploads\/2022\/10\/Reishi-Plus-Limited-Offer.jpg","datePublished":"2022-10-12T19:21:02+00:00","dateModified":"2026-02-03T19:30:55+00:00","description":"Reishi Compresse Contengono 17 aminoacidi, tutti essenziali, hanno un alto contenuto di ferro, selenio e vitamina B. Supportano il sistema cardiovascolare.","breadcrumb":{"@id":"https:\/\/www.lraloeverashop.eu\/it\/prodotto\/reishi-compresse-offerta-limitata\/#breadcrumb"},"inLanguage":"it-IT","potentialAction":[{"@type":"ReadAction","target":["https:\/\/www.lraloeverashop.eu\/it\/prodotto\/reishi-compresse-offerta-limitata\/"]}]},{"@type":"ImageObject","inLanguage":"it-IT","@id":"https:\/\/www.lraloeverashop.eu\/it\/prodotto\/reishi-compresse-offerta-limitata\/#primaryimage","url":"https:\/\/www.lraloeverashop.eu\/wp-content\/uploads\/2022\/10\/Reishi-Plus-Limited-Offer.jpg","contentUrl":"https:\/\/www.lraloeverashop.eu\/wp-content\/uploads\/2022\/10\/Reishi-Plus-Limited-Offer.jpg","width":1200,"height":1200,"caption":"Reishi Plus Offerta limitata"},{"@type":"BreadcrumbList","@id":"https:\/\/www.lraloeverashop.eu\/it\/prodotto\/reishi-compresse-offerta-limitata\/#breadcrumb","itemListElement":[{"@type":"ListItem","position":1,"name":"Home","item":"https:\/\/www.lraloeverashop.eu\/it\/"},{"@type":"ListItem","position":2,"name":"Negozio","item":"https:\/\/www.lraloeverashop.eu\/it\/negozio\/"},{"@type":"ListItem","position":3,"name":"Reishi Compresse Offerta Limitata"}]},{"@type":"WebSite","@id":"https:\/\/www.lraloeverashop.eu\/it\/#website","url":"https:\/\/www.lraloeverashop.eu\/it\/","name":"Lr Negozio di Aloe Vera","description":"High Quality Lr Aloe Vera Gel, Aloe Vera Cream and Shampoo","publisher":{"@id":"https:\/\/www.lraloeverashop.eu\/it\/#organization"},"potentialAction":[{"@type":"SearchAction","target":{"@type":"EntryPoint","urlTemplate":"https:\/\/www.lraloeverashop.eu\/it\/?s={search_term_string}"},"query-input":{"@type":"PropertyValueSpecification","valueRequired":true,"valueName":"search_term_string"}}],"inLanguage":"it-IT"},{"@type":"Organization","@id":"https:\/\/www.lraloeverashop.eu\/it\/#organization","name":"Negozio di Lr Aloe Vera","alternateName":"LR","url":"https:\/\/www.lraloeverashop.eu\/it\/","logo":{"@type":"ImageObject","inLanguage":"it-IT","@id":"https:\/\/www.lraloeverashop.eu\/it\/#\/schema\/logo\/image\/","url":"https:\/\/www.lraloeverashop.eu\/wp-content\/uploads\/2022\/09\/cropped-Lr-Aloe-Vera-Shop.jpg","contentUrl":"https:\/\/www.lraloeverashop.eu\/wp-content\/uploads\/2022\/09\/cropped-Lr-Aloe-Vera-Shop.jpg","width":228,"height":76,"caption":"Negozio di Lr Aloe Vera"},"image":{"@id":"https:\/\/www.lraloeverashop.eu\/it\/#\/schema\/logo\/image\/"},"sameAs":["https:\/\/www.facebook.com\/lraloeverashop.eu","https:\/\/x.com\/natur__kosmetik","https:\/\/www.youtube.com\/channel\/UC5oN7BJ8nfYb8RpVtjwDEBA","https:\/\/www.instagram.com\/lrbeautyeu\/"],"description":"Negozio di Lr Aloe Vera \u00e8 il tuo punto di riferimento per i prodotti LR Health & Beauty di alta qualit\u00e0, realizzati in Germania. Offriamo soluzioni per la cura della pelle, l'alimentazione e l'anti-et\u00e0 a base di Aloe Vera, formulate con ingredienti puri e supportate da ricerche scientifiche. Scopri una cura naturale che rigenera, protegge e rivitalizza la tua pelle e approfitta delle esclusive offerte mensili sui nostri prodotti LR Aloe Vera pi\u00f9 venduti.\nInizia oggi il tuo percorso di cura della pelle naturale e senti la differenza.","email":"info@lraloeverashop.eu","telephone":"+49 17670609653","legalName":"Lr Aloe Vera Shop","foundingDate":"2018-04-21","numberOfEmployees":{"@type":"QuantitativeValue","minValue":"1","maxValue":"10"}}]},"product_price_amount":"74.99","product_price_currency":"EUR","og_availability":"out of stock","product_availability":"out of stock","product_retailer_item_id":"80155-1IT","product_condition":"new"},"taxonomy_info":{"product_cat":[{"value":400,"label":"Base"},{"value":424,"label":"Cuore e Circolazione"},{"value":353,"label":"Offerte"},{"value":412,"label":"Prodotti Speciali"},{"value":347,"label":"Sistema Immunitario ed Equilibrio"},{"value":466,"label":"Specialisti"}],"product_tag":[{"value":663,"label":"Potenziatore immunitario"}]},"featured_image_src_large":["https:\/\/www.lraloeverashop.eu\/wp-content\/uploads\/2022\/10\/Reishi-Plus-Limited-Offer-1024x1024.jpg",1024,1024,true],"author_info":[],"comment_info":0,"_links":{"self":[{"href":"https:\/\/www.lraloeverashop.eu\/it\/wp-json\/wp\/v2\/product\/9817","targetHints":{"allow":["GET"]}}],"collection":[{"href":"https:\/\/www.lraloeverashop.eu\/it\/wp-json\/wp\/v2\/product"}],"about":[{"href":"https:\/\/www.lraloeverashop.eu\/it\/wp-json\/wp\/v2\/types\/product"}],"replies":[{"embeddable":true,"href":"https:\/\/www.lraloeverashop.eu\/it\/wp-json\/wp\/v2\/comments?post=9817"}],"wp:featuredmedia":[{"embeddable":true,"href":"https:\/\/www.lraloeverashop.eu\/it\/wp-json\/wp\/v2\/media\/5168"}],"wp:attachment":[{"href":"https:\/\/www.lraloeverashop.eu\/it\/wp-json\/wp\/v2\/media?parent=9817"}],"wp:term":[{"taxonomy":"product_brand","embeddable":true,"href":"https:\/\/www.lraloeverashop.eu\/it\/wp-json\/wp\/v2\/product_brand?post=9817"},{"taxonomy":"product_cat","embeddable":true,"href":"https:\/\/www.lraloeverashop.eu\/it\/wp-json\/wp\/v2\/product_cat?post=9817"},{"taxonomy":"product_tag","embeddable":true,"href":"https:\/\/www.lraloeverashop.eu\/it\/wp-json\/wp\/v2\/product_tag?post=9817"}],"curies":[{"name":"wp","href":"https:\/\/api.w.org\/{rel}","templated":true}]}}