{"id":9813,"date":"2022-10-12T12:32:37","date_gmt":"2022-10-12T10:32:37","guid":{"rendered":"https:\/\/www.lraloeverashop.eu\/product\/reishi-plus-compresse\/"},"modified":"2026-02-03T20:31:17","modified_gmt":"2026-02-03T19:31:17","slug":"reishi-plus-compresse","status":"publish","type":"product","link":"https:\/\/www.lraloeverashop.eu\/it\/prodotto\/reishi-plus-compresse\/","title":{"rendered":"Reishi Plus Compresse"},"content":{"rendered":"<h2><span style=\"font-size: 16pt;\"><strong>Reishi Plus Compresse<\/strong><\/span><\/h2>\n<p><span style=\"font-size: 14pt;\"><strong>Reishi Plus Compresse dalla tradizione dell&#8217;Estremo Oriente il fungo della lunga vita<\/strong><\/span><\/p>\n<p>Le Reishi Plus Compresse da <a href=\"https:\/\/shop.lrworld.com\/home\/IT\/it?PHP=0vFlt7jT938BEnBI3a6e9w%3D%3D\">Lr Health &amp; Beauty<\/a> contengono polvere di funghi reishi di alta qualit\u00e0 e estratto di funghi Reishi. Le Compresse supportano il benessere con la vitamina C e sono anche prive di lattosio. Compresse sono vegani.<\/p>\n<p>Nelle Reishi Plus Compresse abbiamo usato solo Reishi rosso. I suoi effetti terapeutici sono stati confermati da studi scientifici negli Stati Uniti e in Giappone, e sono stati quindi ampiamente utilizzati come trattamento complementare nel mondo occidentale. Ora in Giappone, il rosso Reishi viene coltivato in condizioni rigorose per mantenere un alto contenuto di sostanze attive e quindi l&#8217;efficienza del prodotto.<\/p>\n<p>Reishi contiene, oltre a polisaccaridi altamente immunologicamente attivi (betaglucani), altre <a href=\"https:\/\/www.lraloeverashop.eu\/it\/colostro-bovino-benefici-immunitari\/\">sostanze immunitarie<\/a> e metabolicamente attive e oligoelementi. Questi includono 17 aminoacidi, tutti essenziali, hanno un alto contenuto di ferro, selenio e vitamina B; supportano il sistema cardiovascolare e contribuiscono ad influenzare la pressione sanguigna e il metabolismo dei grassi.<\/p>\n<p><img loading=\"lazy\" decoding=\"async\" class=\"aligncenter wp-image-2843 \" src=\"https:\/\/www.lraloeverashop.eu\/wp-content\/uploads\/2022\/10\/Red-Reishi-mushrom.jpg\" alt=\"Red-Reishi-mushrom\" width=\"1525\" height=\"477\" srcset=\"https:\/\/www.lraloeverashop.eu\/wp-content\/uploads\/2022\/10\/Red-Reishi-mushrom.jpg 960w, https:\/\/www.lraloeverashop.eu\/wp-content\/uploads\/2022\/10\/Red-Reishi-mushrom-600x188.jpg 600w, https:\/\/www.lraloeverashop.eu\/wp-content\/uploads\/2022\/10\/Red-Reishi-mushrom-300x94.jpg 300w, https:\/\/www.lraloeverashop.eu\/wp-content\/uploads\/2022\/10\/Red-Reishi-mushrom-768x240.jpg 768w\" sizes=\"auto, (max-width: 1525px) 100vw, 1525px\" \/><\/p>\n<p>Il nome cinese del Reishi \u00e8 Ling Zhi e significa &#8220;pianta dello spirito&#8221;. Altri nomi cinesi comuni sono &#8220;fungo di lunga vita&#8221; o &#8220;<a href=\"https:\/\/www.lraloeverashop.eu\/it\/prodotto\/ganoderma-reishi\/\">fungo di diecimila anni<\/a>&#8220;.<\/p>\n<ol>\n<li>La vitamina C contribuisce al normale metabolismo energetico.<\/li>\n<li>La vitamina C protegge dallo stress ossidativo e aiuta a ridurre <a href=\"https:\/\/www.lraloeverashop.eu\/it\/prodotto\/mind-master-polvere-con-guarana\/\">l&#8217;affaticamento<\/a>.<\/li>\n<\/ol>\n<p>Le Reishi Plus Compresse possono essere utilizzate da sole o insieme, preferibilmente in combinazione con <a href=\"https:\/\/www.lraloeverashop.eu\/it\/prodotto\/aloe-vera-gel-da-bere-al-miele\/\">Aloe Vera Drinking Gel<\/a> . Pu\u00f2 essere utilizzato anche in combinazione con altri prodotti.<\/p>\n<p>&nbsp;<\/p>\n<h2><strong><span style=\"font-size: 16pt;\">Come usare Reishi Plus Compresse<\/span><\/strong><\/h2>\n<p>1 x compressa al giorno. La dose giornaliera raccomandata non deve essere superata. Gli integratori alimentari non sostituiscono una dieta varia ed equilibrata, importante insieme ad uno stile di vita sano. Tenere il prodotto fuori dalla portata dei bambini piccoli. Conservare fresco e asciutto.<\/p>\n<p>&nbsp;<\/p>\n<h3><strong><span style=\"font-size: 16pt;\">Domande frequenti<\/span><\/strong><\/h3>\n<p><span style=\"color: #000000;\"><strong>Come cresce il fungo Reishi?<\/strong><\/span><br \/>\nIl reishi \u00e8 un saprofita, cio\u00e8 un fungo che vive sul legno morto, che cresce sui ceppi degli alberi, sulle radici o alla base di querce e faggi e se ne nutre. Dato che per molto tempo hai dovuto fare affidamento esclusivamente sui funghi selvatici, trovare un Ling Zhi \u00e8 stato un colpo di fortuna e di buon auspicio.<\/p>\n<p>Negli anni &#8217;70 \u00e8 stato sviluppato un processo per coltivare il Reishi in grandi allevamenti in tutto il mondo. Il fungo utilizzato nel Reishi Plus non proviene da raccolte selvatiche.<\/p>\n","protected":false},"excerpt":{"rendered":"<ul>\n<li>Contribuisce a un normale metabolismo energetico\u00b9<\/li>\n<li>Riduce l&#8217;affaticamento\u00b2<\/li>\n<li>Per millenni, parte della tradizione dell&#8217;Estremo Oriente<\/li>\n<li>Con estratti e polvere di Reishi<\/li>\n<li>Con vitamina C<\/li>\n<li>senza lattosio<\/li>\n<li>Quantit\u00e0: 30 Compresse<\/li>\n<\/ul>\n<p><span style=\"color: #ff0000;\"><a style=\"color: #ff0000;\" href=\"https:\/\/shop.lrworld.com\/openpao?PHP=0vFlt7jT938BEnBI3a6e9w%3D%3D\"><span style=\"font-size: 14pt;\"><strong>Registrati ora e risparmia il 35% su ogni ordine<\/strong><\/span><\/a><\/span><\/p>\n","protected":false},"featured_media":5666,"comment_status":"open","ping_status":"closed","template":"","meta":{"_kad_blocks_custom_css":"","_kad_blocks_head_custom_js":"","_kad_blocks_body_custom_js":"","_kad_blocks_footer_custom_js":"","_kadence_starter_templates_imported_post":false,"_kad_post_transparent":"default","_kad_post_title":"","_kad_post_layout":"default","_kad_post_sidebar_id":"","_kad_post_content_style":"default","_kad_post_vertical_padding":"default","_kad_post_feature":"","_kad_post_feature_position":"","_kad_post_header":false,"_kad_post_footer":false,"_kad_post_classname":""},"product_brand":[],"product_cat":[400,424,412,347,466],"product_tag":[663],"class_list":{"0":"post-9813","1":"product","2":"type-product","3":"status-publish","4":"has-post-thumbnail","6":"product_cat-base-it","7":"product_cat-cuore-e-circolazione","8":"product_cat-prodotti-speciali","9":"product_cat-sistema-immunitario-ed-equilibrio","10":"product_cat-nutrizionisti","11":"product_tag-potenziatore-immunitario","13":"first","14":"instock","15":"taxable","16":"shipping-taxable","17":"purchasable","18":"product-type-simple","19":"entry","20":"content-bg","21":"loop-entry"},"yoast_head":"<!-- This site is optimized with the Yoast SEO Premium plugin v27.4 (Yoast SEO v27.4) - https:\/\/yoast.com\/product\/yoast-seo-premium-wordpress\/ -->\n<title>Reishi Plus Compresse con estratto da fungo di lunga vita<\/title>\n<meta name=\"description\" content=\"Reishi Plus Compresse supportano il benessere e Contribuiscono a un normale metabolismo energetico. Riducono affaticamento. Con vitamina C e senza lattosio\" \/>\n<meta name=\"robots\" content=\"index, follow, max-snippet:-1, max-image-preview:large, max-video-preview:-1\" \/>\n<link rel=\"canonical\" href=\"https:\/\/www.lraloeverashop.eu\/it\/prodotto\/reishi-plus-compresse\/\" \/>\n<meta property=\"og:locale\" content=\"it_IT\" \/>\n<meta property=\"og:type\" content=\"article\" \/>\n<meta property=\"og:title\" content=\"Reishi Plus Compresse\" \/>\n<meta property=\"og:description\" content=\"Reishi Plus Compresse supportano il benessere e Contribuiscono a un normale metabolismo energetico. Riducono affaticamento. Con vitamina C e senza lattosio\" \/>\n<meta property=\"og:url\" content=\"https:\/\/www.lraloeverashop.eu\/it\/prodotto\/reishi-plus-compresse\/\" \/>\n<meta property=\"og:site_name\" content=\"Lr Negozio di Aloe Vera\" \/>\n<meta property=\"article:publisher\" content=\"https:\/\/www.facebook.com\/lraloeverashop.eu\" \/>\n<meta property=\"article:modified_time\" content=\"2026-02-03T19:31:17+00:00\" \/>\n<meta property=\"og:image\" content=\"https:\/\/www.lraloeverashop.eu\/wp-content\/uploads\/2022\/10\/Lr-Reishi-Plus-Capsules.jpg\" \/>\n\t<meta property=\"og:image:width\" content=\"1200\" \/>\n\t<meta property=\"og:image:height\" content=\"1200\" \/>\n\t<meta property=\"og:image:type\" content=\"image\/jpeg\" \/>\n<meta name=\"twitter:card\" content=\"summary_large_image\" \/>\n<meta name=\"twitter:site\" content=\"@natur__kosmetik\" \/>\n<script type=\"application\/ld+json\" class=\"yoast-schema-graph\">{\"@context\":\"https:\\\/\\\/schema.org\",\"@graph\":[{\"@type\":[\"WebPage\",\"ItemPage\"],\"@id\":\"https:\\\/\\\/www.lraloeverashop.eu\\\/it\\\/prodotto\\\/reishi-plus-compresse\\\/\",\"url\":\"https:\\\/\\\/www.lraloeverashop.eu\\\/it\\\/prodotto\\\/reishi-plus-compresse\\\/\",\"name\":\"Reishi Plus Compresse con estratto da fungo di lunga vita\",\"isPartOf\":{\"@id\":\"https:\\\/\\\/www.lraloeverashop.eu\\\/it\\\/#website\"},\"primaryImageOfPage\":{\"@id\":\"https:\\\/\\\/www.lraloeverashop.eu\\\/it\\\/prodotto\\\/reishi-plus-compresse\\\/#primaryimage\"},\"image\":{\"@id\":\"https:\\\/\\\/www.lraloeverashop.eu\\\/it\\\/prodotto\\\/reishi-plus-compresse\\\/#primaryimage\"},\"thumbnailUrl\":\"https:\\\/\\\/www.lraloeverashop.eu\\\/wp-content\\\/uploads\\\/2022\\\/10\\\/Lr-Reishi-Plus-Capsules.jpg\",\"datePublished\":\"2022-10-12T10:32:37+00:00\",\"dateModified\":\"2026-02-03T19:31:17+00:00\",\"description\":\"Reishi Plus Compresse supportano il benessere e Contribuiscono a un normale metabolismo energetico. Riducono affaticamento. Con vitamina C e senza lattosio\",\"breadcrumb\":{\"@id\":\"https:\\\/\\\/www.lraloeverashop.eu\\\/it\\\/prodotto\\\/reishi-plus-compresse\\\/#breadcrumb\"},\"inLanguage\":\"it-IT\",\"potentialAction\":[{\"@type\":\"ReadAction\",\"target\":[\"https:\\\/\\\/www.lraloeverashop.eu\\\/it\\\/prodotto\\\/reishi-plus-compresse\\\/\"]}]},{\"@type\":\"ImageObject\",\"inLanguage\":\"it-IT\",\"@id\":\"https:\\\/\\\/www.lraloeverashop.eu\\\/it\\\/prodotto\\\/reishi-plus-compresse\\\/#primaryimage\",\"url\":\"https:\\\/\\\/www.lraloeverashop.eu\\\/wp-content\\\/uploads\\\/2022\\\/10\\\/Lr-Reishi-Plus-Capsules.jpg\",\"contentUrl\":\"https:\\\/\\\/www.lraloeverashop.eu\\\/wp-content\\\/uploads\\\/2022\\\/10\\\/Lr-Reishi-Plus-Capsules.jpg\",\"width\":1200,\"height\":1200,\"caption\":\"Lr Reishi Plus Compresse\"},{\"@type\":\"BreadcrumbList\",\"@id\":\"https:\\\/\\\/www.lraloeverashop.eu\\\/it\\\/prodotto\\\/reishi-plus-compresse\\\/#breadcrumb\",\"itemListElement\":[{\"@type\":\"ListItem\",\"position\":1,\"name\":\"Home\",\"item\":\"https:\\\/\\\/www.lraloeverashop.eu\\\/it\\\/\"},{\"@type\":\"ListItem\",\"position\":2,\"name\":\"Negozio\",\"item\":\"https:\\\/\\\/www.lraloeverashop.eu\\\/it\\\/negozio\\\/\"},{\"@type\":\"ListItem\",\"position\":3,\"name\":\"Reishi Plus Compresse\"}]},{\"@type\":\"WebSite\",\"@id\":\"https:\\\/\\\/www.lraloeverashop.eu\\\/it\\\/#website\",\"url\":\"https:\\\/\\\/www.lraloeverashop.eu\\\/it\\\/\",\"name\":\"Lr Negozio di Aloe Vera\",\"description\":\"High Quality Lr Aloe Vera Gel, Aloe Vera Cream and Shampoo\",\"publisher\":{\"@id\":\"https:\\\/\\\/www.lraloeverashop.eu\\\/it\\\/#organization\"},\"potentialAction\":[{\"@type\":\"SearchAction\",\"target\":{\"@type\":\"EntryPoint\",\"urlTemplate\":\"https:\\\/\\\/www.lraloeverashop.eu\\\/it\\\/?s={search_term_string}\"},\"query-input\":{\"@type\":\"PropertyValueSpecification\",\"valueRequired\":true,\"valueName\":\"search_term_string\"}}],\"inLanguage\":\"it-IT\"},{\"@type\":\"Organization\",\"@id\":\"https:\\\/\\\/www.lraloeverashop.eu\\\/it\\\/#organization\",\"name\":\"Negozio di Lr Aloe Vera\",\"alternateName\":\"LR\",\"url\":\"https:\\\/\\\/www.lraloeverashop.eu\\\/it\\\/\",\"logo\":{\"@type\":\"ImageObject\",\"inLanguage\":\"it-IT\",\"@id\":\"https:\\\/\\\/www.lraloeverashop.eu\\\/it\\\/#\\\/schema\\\/logo\\\/image\\\/\",\"url\":\"https:\\\/\\\/www.lraloeverashop.eu\\\/wp-content\\\/uploads\\\/2022\\\/09\\\/cropped-Lr-Aloe-Vera-Shop.jpg\",\"contentUrl\":\"https:\\\/\\\/www.lraloeverashop.eu\\\/wp-content\\\/uploads\\\/2022\\\/09\\\/cropped-Lr-Aloe-Vera-Shop.jpg\",\"width\":228,\"height\":76,\"caption\":\"Negozio di Lr Aloe Vera\"},\"image\":{\"@id\":\"https:\\\/\\\/www.lraloeverashop.eu\\\/it\\\/#\\\/schema\\\/logo\\\/image\\\/\"},\"sameAs\":[\"https:\\\/\\\/www.facebook.com\\\/lraloeverashop.eu\",\"https:\\\/\\\/x.com\\\/natur__kosmetik\",\"https:\\\/\\\/www.youtube.com\\\/channel\\\/UC5oN7BJ8nfYb8RpVtjwDEBA\",\"https:\\\/\\\/www.instagram.com\\\/lrbeautyeu\\\/\"],\"description\":\"Negozio di Lr Aloe Vera \u00e8 il tuo punto di riferimento per i prodotti LR Health & Beauty di alta qualit\u00e0, realizzati in Germania. Offriamo soluzioni per la cura della pelle, l'alimentazione e l'anti-et\u00e0 a base di Aloe Vera, formulate con ingredienti puri e supportate da ricerche scientifiche. Scopri una cura naturale che rigenera, protegge e rivitalizza la tua pelle e approfitta delle esclusive offerte mensili sui nostri prodotti LR Aloe Vera pi\u00f9 venduti.\\nInizia oggi il tuo percorso di cura della pelle naturale e senti la differenza.\",\"email\":\"info@lraloeverashop.eu\",\"telephone\":\"+49 17670609653\",\"legalName\":\"Lr Aloe Vera Shop\",\"foundingDate\":\"2018-04-21\",\"numberOfEmployees\":{\"@type\":\"QuantitativeValue\",\"minValue\":\"1\",\"maxValue\":\"10\"}}]}<\/script>\n<meta property=\"product:price:amount\" content=\"49.29\" \/>\n<meta property=\"product:price:currency\" content=\"EUR\" \/>\n<meta property=\"og:availability\" content=\"instock\" \/>\n<meta property=\"product:availability\" content=\"instock\" \/>\n<meta property=\"product:retailer_item_id\" content=\"80331-401IT\" \/>\n<meta property=\"product:condition\" content=\"new\" \/>\n<!-- \/ Yoast SEO Premium plugin. -->","yoast_head_json":{"title":"Reishi Plus Compresse con estratto da fungo di lunga vita","description":"Reishi Plus Compresse supportano il benessere e Contribuiscono a un normale metabolismo energetico. Riducono affaticamento. Con vitamina C e senza lattosio","robots":{"index":"index","follow":"follow","max-snippet":"max-snippet:-1","max-image-preview":"max-image-preview:large","max-video-preview":"max-video-preview:-1"},"canonical":"https:\/\/www.lraloeverashop.eu\/it\/prodotto\/reishi-plus-compresse\/","og_locale":"it_IT","og_type":"article","og_title":"Reishi Plus Compresse","og_description":"Reishi Plus Compresse supportano il benessere e Contribuiscono a un normale metabolismo energetico. Riducono affaticamento. Con vitamina C e senza lattosio","og_url":"https:\/\/www.lraloeverashop.eu\/it\/prodotto\/reishi-plus-compresse\/","og_site_name":"Lr Negozio di Aloe Vera","article_publisher":"https:\/\/www.facebook.com\/lraloeverashop.eu","article_modified_time":"2026-02-03T19:31:17+00:00","og_image":[{"width":1200,"height":1200,"url":"https:\/\/www.lraloeverashop.eu\/wp-content\/uploads\/2022\/10\/Lr-Reishi-Plus-Capsules.jpg","type":"image\/jpeg"}],"twitter_card":"summary_large_image","twitter_site":"@natur__kosmetik","schema":{"@context":"https:\/\/schema.org","@graph":[{"@type":["WebPage","ItemPage"],"@id":"https:\/\/www.lraloeverashop.eu\/it\/prodotto\/reishi-plus-compresse\/","url":"https:\/\/www.lraloeverashop.eu\/it\/prodotto\/reishi-plus-compresse\/","name":"Reishi Plus Compresse con estratto da fungo di lunga vita","isPartOf":{"@id":"https:\/\/www.lraloeverashop.eu\/it\/#website"},"primaryImageOfPage":{"@id":"https:\/\/www.lraloeverashop.eu\/it\/prodotto\/reishi-plus-compresse\/#primaryimage"},"image":{"@id":"https:\/\/www.lraloeverashop.eu\/it\/prodotto\/reishi-plus-compresse\/#primaryimage"},"thumbnailUrl":"https:\/\/www.lraloeverashop.eu\/wp-content\/uploads\/2022\/10\/Lr-Reishi-Plus-Capsules.jpg","datePublished":"2022-10-12T10:32:37+00:00","dateModified":"2026-02-03T19:31:17+00:00","description":"Reishi Plus Compresse supportano il benessere e Contribuiscono a un normale metabolismo energetico. Riducono affaticamento. Con vitamina C e senza lattosio","breadcrumb":{"@id":"https:\/\/www.lraloeverashop.eu\/it\/prodotto\/reishi-plus-compresse\/#breadcrumb"},"inLanguage":"it-IT","potentialAction":[{"@type":"ReadAction","target":["https:\/\/www.lraloeverashop.eu\/it\/prodotto\/reishi-plus-compresse\/"]}]},{"@type":"ImageObject","inLanguage":"it-IT","@id":"https:\/\/www.lraloeverashop.eu\/it\/prodotto\/reishi-plus-compresse\/#primaryimage","url":"https:\/\/www.lraloeverashop.eu\/wp-content\/uploads\/2022\/10\/Lr-Reishi-Plus-Capsules.jpg","contentUrl":"https:\/\/www.lraloeverashop.eu\/wp-content\/uploads\/2022\/10\/Lr-Reishi-Plus-Capsules.jpg","width":1200,"height":1200,"caption":"Lr Reishi Plus Compresse"},{"@type":"BreadcrumbList","@id":"https:\/\/www.lraloeverashop.eu\/it\/prodotto\/reishi-plus-compresse\/#breadcrumb","itemListElement":[{"@type":"ListItem","position":1,"name":"Home","item":"https:\/\/www.lraloeverashop.eu\/it\/"},{"@type":"ListItem","position":2,"name":"Negozio","item":"https:\/\/www.lraloeverashop.eu\/it\/negozio\/"},{"@type":"ListItem","position":3,"name":"Reishi Plus Compresse"}]},{"@type":"WebSite","@id":"https:\/\/www.lraloeverashop.eu\/it\/#website","url":"https:\/\/www.lraloeverashop.eu\/it\/","name":"Lr Negozio di Aloe Vera","description":"High Quality Lr Aloe Vera Gel, Aloe Vera Cream and Shampoo","publisher":{"@id":"https:\/\/www.lraloeverashop.eu\/it\/#organization"},"potentialAction":[{"@type":"SearchAction","target":{"@type":"EntryPoint","urlTemplate":"https:\/\/www.lraloeverashop.eu\/it\/?s={search_term_string}"},"query-input":{"@type":"PropertyValueSpecification","valueRequired":true,"valueName":"search_term_string"}}],"inLanguage":"it-IT"},{"@type":"Organization","@id":"https:\/\/www.lraloeverashop.eu\/it\/#organization","name":"Negozio di Lr Aloe Vera","alternateName":"LR","url":"https:\/\/www.lraloeverashop.eu\/it\/","logo":{"@type":"ImageObject","inLanguage":"it-IT","@id":"https:\/\/www.lraloeverashop.eu\/it\/#\/schema\/logo\/image\/","url":"https:\/\/www.lraloeverashop.eu\/wp-content\/uploads\/2022\/09\/cropped-Lr-Aloe-Vera-Shop.jpg","contentUrl":"https:\/\/www.lraloeverashop.eu\/wp-content\/uploads\/2022\/09\/cropped-Lr-Aloe-Vera-Shop.jpg","width":228,"height":76,"caption":"Negozio di Lr Aloe Vera"},"image":{"@id":"https:\/\/www.lraloeverashop.eu\/it\/#\/schema\/logo\/image\/"},"sameAs":["https:\/\/www.facebook.com\/lraloeverashop.eu","https:\/\/x.com\/natur__kosmetik","https:\/\/www.youtube.com\/channel\/UC5oN7BJ8nfYb8RpVtjwDEBA","https:\/\/www.instagram.com\/lrbeautyeu\/"],"description":"Negozio di Lr Aloe Vera \u00e8 il tuo punto di riferimento per i prodotti LR Health & Beauty di alta qualit\u00e0, realizzati in Germania. Offriamo soluzioni per la cura della pelle, l'alimentazione e l'anti-et\u00e0 a base di Aloe Vera, formulate con ingredienti puri e supportate da ricerche scientifiche. Scopri una cura naturale che rigenera, protegge e rivitalizza la tua pelle e approfitta delle esclusive offerte mensili sui nostri prodotti LR Aloe Vera pi\u00f9 venduti.\nInizia oggi il tuo percorso di cura della pelle naturale e senti la differenza.","email":"info@lraloeverashop.eu","telephone":"+49 17670609653","legalName":"Lr Aloe Vera Shop","foundingDate":"2018-04-21","numberOfEmployees":{"@type":"QuantitativeValue","minValue":"1","maxValue":"10"}}]},"product_price_amount":"49.29","product_price_currency":"EUR","og_availability":"instock","product_availability":"instock","product_retailer_item_id":"80331-401IT","product_condition":"new"},"taxonomy_info":{"product_cat":[{"value":400,"label":"Base"},{"value":424,"label":"Cuore e Circolazione"},{"value":412,"label":"Prodotti Speciali"},{"value":347,"label":"Sistema Immunitario ed Equilibrio"},{"value":466,"label":"Specialisti"}],"product_tag":[{"value":663,"label":"Potenziatore immunitario"}]},"featured_image_src_large":["https:\/\/www.lraloeverashop.eu\/wp-content\/uploads\/2022\/10\/Lr-Reishi-Plus-Capsules-1024x1024.jpg",1024,1024,true],"author_info":[],"comment_info":0,"_links":{"self":[{"href":"https:\/\/www.lraloeverashop.eu\/it\/wp-json\/wp\/v2\/product\/9813","targetHints":{"allow":["GET"]}}],"collection":[{"href":"https:\/\/www.lraloeverashop.eu\/it\/wp-json\/wp\/v2\/product"}],"about":[{"href":"https:\/\/www.lraloeverashop.eu\/it\/wp-json\/wp\/v2\/types\/product"}],"replies":[{"embeddable":true,"href":"https:\/\/www.lraloeverashop.eu\/it\/wp-json\/wp\/v2\/comments?post=9813"}],"wp:featuredmedia":[{"embeddable":true,"href":"https:\/\/www.lraloeverashop.eu\/it\/wp-json\/wp\/v2\/media\/5666"}],"wp:attachment":[{"href":"https:\/\/www.lraloeverashop.eu\/it\/wp-json\/wp\/v2\/media?parent=9813"}],"wp:term":[{"taxonomy":"product_brand","embeddable":true,"href":"https:\/\/www.lraloeverashop.eu\/it\/wp-json\/wp\/v2\/product_brand?post=9813"},{"taxonomy":"product_cat","embeddable":true,"href":"https:\/\/www.lraloeverashop.eu\/it\/wp-json\/wp\/v2\/product_cat?post=9813"},{"taxonomy":"product_tag","embeddable":true,"href":"https:\/\/www.lraloeverashop.eu\/it\/wp-json\/wp\/v2\/product_tag?post=9813"}],"curies":[{"name":"wp","href":"https:\/\/api.w.org\/{rel}","templated":true}]}}