{"id":9713,"date":"2022-10-13T05:56:01","date_gmt":"2022-10-13T03:56:01","guid":{"rendered":"https:\/\/www.lraloeverashop.eu\/product\/pro-balance-pillole\/"},"modified":"2026-02-03T20:30:22","modified_gmt":"2026-02-03T19:30:22","slug":"pro-balance-pillole","status":"publish","type":"product","link":"https:\/\/www.lraloeverashop.eu\/it\/prodotto\/pro-balance-pillole\/","title":{"rendered":"Pro Balance Pillole Offerta Limitata"},"content":{"rendered":"<h2><strong><span style=\"font-size: 16pt;\">Pro Balance Pillole Offerta Limitata<\/span><\/strong><\/h2>\n<p><span style=\"font-size: 14pt;\"><strong>Pro Balance Pillole Offerta Limitata per il tuo equilibrio interiore<\/strong><\/span><\/p>\n<p>Una dieta squilibrata senza variet\u00e0 pu\u00f2 portare all&#8217;equilibrio acido-base del tuo corpo.<\/p>\n<p>Pro Balance Pillole offrono un supporto pratico che pu\u00f2 essere facilmente integrato nella dieta quotidiana e ripristinare l&#8217;equilibrio acido-base del corpo.<\/p>\n<p>Pro Balance Pillole offrono <a href=\"https:\/\/www.lraloeverashop.eu\/it\/prodotto\/pro-balance-pasticche\/\">minerali salutari e oligoelementi<\/a> per il tuo equilibrio interiore e migliora il tuo benessere. \u00c8 privo di lattosio e contiene una preziosa miscela di citrati, carbonati e gluconati.<\/p>\n<p>(1)Il magnesio nelle Pro Balance Pillole aiuta a ridurre la stanchezza e l&#8217;affaticamento e mantenere l&#8217;equilibrio elettrolitico.<\/p>\n<p>&nbsp;<\/p>\n<h3><strong><span style=\"font-size: 16pt;\">Come usare le Pillole<\/span><\/strong><\/h3>\n<p><strong>Dosaggio giornaliero consigliato:<\/strong>\u00a03 x 4 Pillole<\/p>\n<p>Non superare la dose giornaliera raccomandata.<br \/>\nGli integratori alimentari non possono sostituire una dieta ricca ed equilibrata, in combinazione con uno<a href=\"https:\/\/www.lraloeverashop.eu\/it\/prodotto\/vita-active-vitamina\/\"> stile di vita sano<\/a>.<\/p>\n<p>Tenere il prodotto fuori dalla portata dei bambini. Chiudere il pacchetto dopo l\u2019uso. Conservare in un luogo fresco e asciutto. Il consumo eccessivo pu\u00f2 avere un effetto lassativo.<\/p>\n<p>&nbsp;<\/p>\n<h4><strong><span style=\"font-size: 16pt;\">Lo sapevate?<\/span><\/strong><\/h4>\n<p>I minerali non appaiono mai nella loro forma pura ma sempre in composti salini. Particolarmente importante per la biodisponibilit\u00e0 degli elementi <a href=\"https:\/\/www.lraloeverashop.eu\/it\/prodotto\/pro-balance-compresse\/\">minerali<\/a> \u00e8 il corretto rapporto di diversi composti. Per questo motivo, Lr utilizza nelle Pro Balance Pillole una miscela di sali citrico, carbonato e gluconato.<\/p>\n<p>&nbsp;<\/p>\n<h5><strong><span style=\"font-size: 16pt;\">Domande frequenti<\/span><\/strong><\/h5>\n<p><strong>Come aumenta il livello di acido nel nostro corpo?<\/strong><br \/>\nCi sono molti fattori che aumentano l\u2019acidit\u00e0 nel nostro corpo. La nostra dieta e le nostre abitudini alimentari sono essenziali.<\/p>\n<p>Il consumo spesso o eccessivo di determinati alimenti pu\u00f2 avere un effetto negativo sul nostro bilancio acido-base: carne, acqua minerale gassata, caff\u00e8, grassi, farina bianca, dolciumi ecc.<\/p>\n<p>L\u2019impatto negativo di questi alimenti aumenta quando non consumiamo abbastanza <a href=\"https:\/\/www.lraloeverashop.eu\/it\/categoria-prodotto\/base-it\/vitamine-e-minerali\/\">frutta e verdura<\/a>. Altri fattori come la mancanza di esercizio fisico e lo\u00a0<a href=\"https:\/\/www.lraloeverashop.eu\/it\/?attachment_id=9611\">stress<\/a>\u00a0possono influenzare il nostro metabolismo.<\/p>\n<p><strong>In che modo i minerali e gli oligoelementi bilanciano l\u2019acidit\u00e0 del nostro corpo?<\/strong><br \/>\nI minerali aiutano a regolare l\u2019equilibrio acido-base del corpo in ogni cellula, al fine di neutralizzare gli acidi.<\/p>\n<p>Durante l\u2019acidit\u00e0, ad es. quando la nostra alimentazione non \u00e8 equilibrata, il corpo perde i suoi minerali. Di conseguenza, il corpo umano non ha il livello appropriato di minerali, quindi non funziona correttamente.<\/p>\n","protected":false},"excerpt":{"rendered":"<ul>\n<li><span style=\"color: #ff0000;\"><strong>Offerta limitata<\/strong><\/span><\/li>\n<li>Combinazione di minerali di base e oligoelementi per il tuo equilibrio interiore\u00b9<\/li>\n<li>Un&#8217;ottima miscela di citrati, carbonati e gluconati<\/li>\n<li>Senza lattosio<\/li>\n<li>Prodotto fatto in Germania<\/li>\n<li>Quantit\u00e0: 2 x 252 g<\/li>\n<\/ul>\n<p><span style=\"color: #ff0000;\"><a style=\"color: #ff0000;\" href=\"https:\/\/shop.lrworld.com\/openpao?PHP=0vFlt7jT938BEnBI3a6e9w%3D%3D\"><span style=\"font-size: 14pt;\"><strong>Registrati ora e risparmia il 35% su ogni ordine<\/strong><\/span><\/a><\/span><\/p>\n","protected":false},"featured_media":5162,"comment_status":"open","ping_status":"closed","template":"","meta":{"_kad_blocks_custom_css":"","_kad_blocks_head_custom_js":"","_kad_blocks_body_custom_js":"","_kad_blocks_footer_custom_js":"","_kadence_starter_templates_imported_post":false,"_kad_post_transparent":"default","_kad_post_title":"","_kad_post_layout":"default","_kad_post_sidebar_id":"","_kad_post_content_style":"default","_kad_post_vertical_padding":"default","_kad_post_feature":"","_kad_post_feature_position":"","_kad_post_header":false,"_kad_post_footer":false,"_kad_post_classname":""},"product_brand":[],"product_cat":[400,353,418,454,412,347,466,299],"product_tag":[664,666],"class_list":{"0":"post-9713","1":"product","2":"type-product","3":"status-publish","4":"has-post-thumbnail","6":"product_cat-base-it","7":"product_cat-offerte","8":"product_cat-ossa-articolazioni-e-muscoli","9":"product_cat-pro-balance-it","10":"product_cat-prodotti-speciali","11":"product_cat-sistema-immunitario-ed-equilibrio","12":"product_cat-nutrizionisti","13":"product_cat-vitamine-e-minerali","14":"product_tag-dolore-alle-articolazioni","15":"product_tag-minerali-e-vitamine","17":"first","18":"outofstock","19":"sale","20":"taxable","21":"shipping-taxable","22":"purchasable","23":"product-type-simple","24":"entry","25":"content-bg","26":"loop-entry"},"yoast_head":"<!-- This site is optimized with the Yoast SEO Premium plugin v27.4 (Yoast SEO v27.4) - https:\/\/yoast.com\/product\/yoast-seo-premium-wordpress\/ -->\n<title>Pro Balance Pillole Con citrati, carbonati e gluconati<\/title>\n<meta name=\"description\" content=\"Pro Balance Pillole offrono un supporto pratico che pu\u00f2 essere facilmente integrato nella tua dieta quotidiana e ripristinare l&#039;equilibrio acido-base\" \/>\n<meta name=\"robots\" content=\"index, follow, max-snippet:-1, max-image-preview:large, max-video-preview:-1\" \/>\n<link rel=\"canonical\" href=\"https:\/\/www.lraloeverashop.eu\/it\/prodotto\/pro-balance-pillole\/\" \/>\n<meta property=\"og:locale\" content=\"it_IT\" \/>\n<meta property=\"og:type\" content=\"article\" \/>\n<meta property=\"og:title\" content=\"Pro Balance Pillole Offerta Limitata\" \/>\n<meta property=\"og:description\" content=\"Pro Balance Pillole offrono un supporto pratico che pu\u00f2 essere facilmente integrato nella tua dieta quotidiana e ripristinare l&#039;equilibrio acido-base\" \/>\n<meta property=\"og:url\" content=\"https:\/\/www.lraloeverashop.eu\/it\/prodotto\/pro-balance-pillole\/\" \/>\n<meta property=\"og:site_name\" content=\"Lr Negozio di Aloe Vera\" \/>\n<meta property=\"article:publisher\" content=\"https:\/\/www.facebook.com\/lraloeverashop.eu\" \/>\n<meta property=\"article:modified_time\" content=\"2026-02-03T19:30:22+00:00\" \/>\n<meta property=\"og:image\" content=\"https:\/\/www.lraloeverashop.eu\/wp-content\/uploads\/2022\/10\/Pro-Balance-Pills-Limited-offer.jpg\" \/>\n\t<meta property=\"og:image:width\" content=\"1200\" \/>\n\t<meta property=\"og:image:height\" content=\"1200\" \/>\n\t<meta property=\"og:image:type\" content=\"image\/jpeg\" \/>\n<meta name=\"twitter:card\" content=\"summary_large_image\" \/>\n<meta name=\"twitter:site\" content=\"@natur__kosmetik\" \/>\n<script type=\"application\/ld+json\" class=\"yoast-schema-graph\">{\"@context\":\"https:\\\/\\\/schema.org\",\"@graph\":[{\"@type\":[\"WebPage\",\"ItemPage\"],\"@id\":\"https:\\\/\\\/www.lraloeverashop.eu\\\/it\\\/prodotto\\\/pro-balance-pillole\\\/\",\"url\":\"https:\\\/\\\/www.lraloeverashop.eu\\\/it\\\/prodotto\\\/pro-balance-pillole\\\/\",\"name\":\"Pro Balance Pillole Con citrati, carbonati e gluconati\",\"isPartOf\":{\"@id\":\"https:\\\/\\\/www.lraloeverashop.eu\\\/it\\\/#website\"},\"primaryImageOfPage\":{\"@id\":\"https:\\\/\\\/www.lraloeverashop.eu\\\/it\\\/prodotto\\\/pro-balance-pillole\\\/#primaryimage\"},\"image\":{\"@id\":\"https:\\\/\\\/www.lraloeverashop.eu\\\/it\\\/prodotto\\\/pro-balance-pillole\\\/#primaryimage\"},\"thumbnailUrl\":\"https:\\\/\\\/www.lraloeverashop.eu\\\/wp-content\\\/uploads\\\/2022\\\/10\\\/Pro-Balance-Pills-Limited-offer.jpg\",\"datePublished\":\"2022-10-13T03:56:01+00:00\",\"dateModified\":\"2026-02-03T19:30:22+00:00\",\"description\":\"Pro Balance Pillole offrono un supporto pratico che pu\u00f2 essere facilmente integrato nella tua dieta quotidiana e ripristinare l'equilibrio acido-base\",\"breadcrumb\":{\"@id\":\"https:\\\/\\\/www.lraloeverashop.eu\\\/it\\\/prodotto\\\/pro-balance-pillole\\\/#breadcrumb\"},\"inLanguage\":\"it-IT\",\"potentialAction\":[{\"@type\":\"ReadAction\",\"target\":[\"https:\\\/\\\/www.lraloeverashop.eu\\\/it\\\/prodotto\\\/pro-balance-pillole\\\/\"]}]},{\"@type\":\"ImageObject\",\"inLanguage\":\"it-IT\",\"@id\":\"https:\\\/\\\/www.lraloeverashop.eu\\\/it\\\/prodotto\\\/pro-balance-pillole\\\/#primaryimage\",\"url\":\"https:\\\/\\\/www.lraloeverashop.eu\\\/wp-content\\\/uploads\\\/2022\\\/10\\\/Pro-Balance-Pills-Limited-offer.jpg\",\"contentUrl\":\"https:\\\/\\\/www.lraloeverashop.eu\\\/wp-content\\\/uploads\\\/2022\\\/10\\\/Pro-Balance-Pills-Limited-offer.jpg\",\"width\":1200,\"height\":1200,\"caption\":\"Pro Balance Pillole senza lattosio Offerta limitata 2 pezzi\"},{\"@type\":\"BreadcrumbList\",\"@id\":\"https:\\\/\\\/www.lraloeverashop.eu\\\/it\\\/prodotto\\\/pro-balance-pillole\\\/#breadcrumb\",\"itemListElement\":[{\"@type\":\"ListItem\",\"position\":1,\"name\":\"Home\",\"item\":\"https:\\\/\\\/www.lraloeverashop.eu\\\/it\\\/\"},{\"@type\":\"ListItem\",\"position\":2,\"name\":\"Negozio\",\"item\":\"https:\\\/\\\/www.lraloeverashop.eu\\\/it\\\/negozio\\\/\"},{\"@type\":\"ListItem\",\"position\":3,\"name\":\"Pro Balance Pillole Offerta Limitata\"}]},{\"@type\":\"WebSite\",\"@id\":\"https:\\\/\\\/www.lraloeverashop.eu\\\/it\\\/#website\",\"url\":\"https:\\\/\\\/www.lraloeverashop.eu\\\/it\\\/\",\"name\":\"Lr Negozio di Aloe Vera\",\"description\":\"High Quality Lr Aloe Vera Gel, Aloe Vera Cream and Shampoo\",\"publisher\":{\"@id\":\"https:\\\/\\\/www.lraloeverashop.eu\\\/it\\\/#organization\"},\"alternateName\":\"LR\",\"potentialAction\":[{\"@type\":\"SearchAction\",\"target\":{\"@type\":\"EntryPoint\",\"urlTemplate\":\"https:\\\/\\\/www.lraloeverashop.eu\\\/it\\\/?s={search_term_string}\"},\"query-input\":{\"@type\":\"PropertyValueSpecification\",\"valueRequired\":true,\"valueName\":\"search_term_string\"}}],\"inLanguage\":\"it-IT\"},{\"@type\":\"Organization\",\"@id\":\"https:\\\/\\\/www.lraloeverashop.eu\\\/it\\\/#organization\",\"name\":\"Negozio di Lr Aloe Vera\",\"alternateName\":\"LR\",\"url\":\"https:\\\/\\\/www.lraloeverashop.eu\\\/it\\\/\",\"logo\":{\"@type\":\"ImageObject\",\"inLanguage\":\"it-IT\",\"@id\":\"https:\\\/\\\/www.lraloeverashop.eu\\\/it\\\/#\\\/schema\\\/logo\\\/image\\\/\",\"url\":\"https:\\\/\\\/www.lraloeverashop.eu\\\/wp-content\\\/uploads\\\/2022\\\/09\\\/cropped-Lr-Aloe-Vera-Shop.jpg\",\"contentUrl\":\"https:\\\/\\\/www.lraloeverashop.eu\\\/wp-content\\\/uploads\\\/2022\\\/09\\\/cropped-Lr-Aloe-Vera-Shop.jpg\",\"width\":228,\"height\":76,\"caption\":\"Negozio di Lr Aloe Vera\"},\"image\":{\"@id\":\"https:\\\/\\\/www.lraloeverashop.eu\\\/it\\\/#\\\/schema\\\/logo\\\/image\\\/\"},\"sameAs\":[\"https:\\\/\\\/www.facebook.com\\\/lraloeverashop.eu\",\"https:\\\/\\\/x.com\\\/natur__kosmetik\",\"https:\\\/\\\/www.youtube.com\\\/channel\\\/UC5oN7BJ8nfYb8RpVtjwDEBA\",\"https:\\\/\\\/www.instagram.com\\\/lrbeautyeu\\\/\"],\"description\":\"Negozio di Lr Aloe Vera \u00e8 il tuo punto di riferimento per i prodotti LR Health & Beauty di alta qualit\u00e0, realizzati in Germania. Offriamo soluzioni per la cura della pelle, l'alimentazione e l'anti-et\u00e0 a base di Aloe Vera, formulate con ingredienti puri e supportate da ricerche scientifiche. Scopri una cura naturale che rigenera, protegge e rivitalizza la tua pelle e approfitta delle esclusive offerte mensili sui nostri prodotti LR Aloe Vera pi\u00f9 venduti.\\nInizia oggi il tuo percorso di cura della pelle naturale e senti la differenza.\",\"email\":\"info@lraloeverashop.eu\",\"telephone\":\"+49 17670609653\",\"legalName\":\"Lr Aloe Vera Shop\",\"foundingDate\":\"2018-04-21\",\"numberOfEmployees\":{\"@type\":\"QuantitativeValue\",\"minValue\":\"1\",\"maxValue\":\"10\"}}]}<\/script>\n<meta property=\"product:price:amount\" content=\"55.99\" \/>\n<meta property=\"product:price:currency\" content=\"EUR\" \/>\n<meta property=\"og:availability\" content=\"out of stock\" \/>\n<meta property=\"product:availability\" content=\"out of stock\" \/>\n<meta property=\"product:retailer_item_id\" content=\"80124-1IT\" \/>\n<meta property=\"product:condition\" content=\"new\" \/>\n<!-- \/ Yoast SEO Premium plugin. -->","yoast_head_json":{"title":"Pro Balance Pillole Con citrati, carbonati e gluconati","description":"Pro Balance Pillole offrono un supporto pratico che pu\u00f2 essere facilmente integrato nella tua dieta quotidiana e ripristinare l'equilibrio acido-base","robots":{"index":"index","follow":"follow","max-snippet":"max-snippet:-1","max-image-preview":"max-image-preview:large","max-video-preview":"max-video-preview:-1"},"canonical":"https:\/\/www.lraloeverashop.eu\/it\/prodotto\/pro-balance-pillole\/","og_locale":"it_IT","og_type":"article","og_title":"Pro Balance Pillole Offerta Limitata","og_description":"Pro Balance Pillole offrono un supporto pratico che pu\u00f2 essere facilmente integrato nella tua dieta quotidiana e ripristinare l'equilibrio acido-base","og_url":"https:\/\/www.lraloeverashop.eu\/it\/prodotto\/pro-balance-pillole\/","og_site_name":"Lr Negozio di Aloe Vera","article_publisher":"https:\/\/www.facebook.com\/lraloeverashop.eu","article_modified_time":"2026-02-03T19:30:22+00:00","og_image":[{"width":1200,"height":1200,"url":"https:\/\/www.lraloeverashop.eu\/wp-content\/uploads\/2022\/10\/Pro-Balance-Pills-Limited-offer.jpg","type":"image\/jpeg"}],"twitter_card":"summary_large_image","twitter_site":"@natur__kosmetik","schema":{"@context":"https:\/\/schema.org","@graph":[{"@type":["WebPage","ItemPage"],"@id":"https:\/\/www.lraloeverashop.eu\/it\/prodotto\/pro-balance-pillole\/","url":"https:\/\/www.lraloeverashop.eu\/it\/prodotto\/pro-balance-pillole\/","name":"Pro Balance Pillole Con citrati, carbonati e gluconati","isPartOf":{"@id":"https:\/\/www.lraloeverashop.eu\/it\/#website"},"primaryImageOfPage":{"@id":"https:\/\/www.lraloeverashop.eu\/it\/prodotto\/pro-balance-pillole\/#primaryimage"},"image":{"@id":"https:\/\/www.lraloeverashop.eu\/it\/prodotto\/pro-balance-pillole\/#primaryimage"},"thumbnailUrl":"https:\/\/www.lraloeverashop.eu\/wp-content\/uploads\/2022\/10\/Pro-Balance-Pills-Limited-offer.jpg","datePublished":"2022-10-13T03:56:01+00:00","dateModified":"2026-02-03T19:30:22+00:00","description":"Pro Balance Pillole offrono un supporto pratico che pu\u00f2 essere facilmente integrato nella tua dieta quotidiana e ripristinare l'equilibrio acido-base","breadcrumb":{"@id":"https:\/\/www.lraloeverashop.eu\/it\/prodotto\/pro-balance-pillole\/#breadcrumb"},"inLanguage":"it-IT","potentialAction":[{"@type":"ReadAction","target":["https:\/\/www.lraloeverashop.eu\/it\/prodotto\/pro-balance-pillole\/"]}]},{"@type":"ImageObject","inLanguage":"it-IT","@id":"https:\/\/www.lraloeverashop.eu\/it\/prodotto\/pro-balance-pillole\/#primaryimage","url":"https:\/\/www.lraloeverashop.eu\/wp-content\/uploads\/2022\/10\/Pro-Balance-Pills-Limited-offer.jpg","contentUrl":"https:\/\/www.lraloeverashop.eu\/wp-content\/uploads\/2022\/10\/Pro-Balance-Pills-Limited-offer.jpg","width":1200,"height":1200,"caption":"Pro Balance Pillole senza lattosio Offerta limitata 2 pezzi"},{"@type":"BreadcrumbList","@id":"https:\/\/www.lraloeverashop.eu\/it\/prodotto\/pro-balance-pillole\/#breadcrumb","itemListElement":[{"@type":"ListItem","position":1,"name":"Home","item":"https:\/\/www.lraloeverashop.eu\/it\/"},{"@type":"ListItem","position":2,"name":"Negozio","item":"https:\/\/www.lraloeverashop.eu\/it\/negozio\/"},{"@type":"ListItem","position":3,"name":"Pro Balance Pillole Offerta Limitata"}]},{"@type":"WebSite","@id":"https:\/\/www.lraloeverashop.eu\/it\/#website","url":"https:\/\/www.lraloeverashop.eu\/it\/","name":"Lr Negozio di Aloe Vera","description":"High Quality Lr Aloe Vera Gel, Aloe Vera Cream and Shampoo","publisher":{"@id":"https:\/\/www.lraloeverashop.eu\/it\/#organization"},"alternateName":"LR","potentialAction":[{"@type":"SearchAction","target":{"@type":"EntryPoint","urlTemplate":"https:\/\/www.lraloeverashop.eu\/it\/?s={search_term_string}"},"query-input":{"@type":"PropertyValueSpecification","valueRequired":true,"valueName":"search_term_string"}}],"inLanguage":"it-IT"},{"@type":"Organization","@id":"https:\/\/www.lraloeverashop.eu\/it\/#organization","name":"Negozio di Lr Aloe Vera","alternateName":"LR","url":"https:\/\/www.lraloeverashop.eu\/it\/","logo":{"@type":"ImageObject","inLanguage":"it-IT","@id":"https:\/\/www.lraloeverashop.eu\/it\/#\/schema\/logo\/image\/","url":"https:\/\/www.lraloeverashop.eu\/wp-content\/uploads\/2022\/09\/cropped-Lr-Aloe-Vera-Shop.jpg","contentUrl":"https:\/\/www.lraloeverashop.eu\/wp-content\/uploads\/2022\/09\/cropped-Lr-Aloe-Vera-Shop.jpg","width":228,"height":76,"caption":"Negozio di Lr Aloe Vera"},"image":{"@id":"https:\/\/www.lraloeverashop.eu\/it\/#\/schema\/logo\/image\/"},"sameAs":["https:\/\/www.facebook.com\/lraloeverashop.eu","https:\/\/x.com\/natur__kosmetik","https:\/\/www.youtube.com\/channel\/UC5oN7BJ8nfYb8RpVtjwDEBA","https:\/\/www.instagram.com\/lrbeautyeu\/"],"description":"Negozio di Lr Aloe Vera \u00e8 il tuo punto di riferimento per i prodotti LR Health & Beauty di alta qualit\u00e0, realizzati in Germania. Offriamo soluzioni per la cura della pelle, l'alimentazione e l'anti-et\u00e0 a base di Aloe Vera, formulate con ingredienti puri e supportate da ricerche scientifiche. Scopri una cura naturale che rigenera, protegge e rivitalizza la tua pelle e approfitta delle esclusive offerte mensili sui nostri prodotti LR Aloe Vera pi\u00f9 venduti.\nInizia oggi il tuo percorso di cura della pelle naturale e senti la differenza.","email":"info@lraloeverashop.eu","telephone":"+49 17670609653","legalName":"Lr Aloe Vera Shop","foundingDate":"2018-04-21","numberOfEmployees":{"@type":"QuantitativeValue","minValue":"1","maxValue":"10"}}]},"product_price_amount":"55.99","product_price_currency":"EUR","og_availability":"out of stock","product_availability":"out of stock","product_retailer_item_id":"80124-1IT","product_condition":"new"},"taxonomy_info":{"product_cat":[{"value":400,"label":"Base"},{"value":353,"label":"Offerte"},{"value":418,"label":"Ossa, Articolazioni e Muscoli"},{"value":454,"label":"Pro Balance"},{"value":412,"label":"Prodotti Speciali"},{"value":347,"label":"Sistema Immunitario ed Equilibrio"},{"value":466,"label":"Specialisti"},{"value":299,"label":"Vitamine e Minerali"}],"product_tag":[{"value":664,"label":"Dolore alle articolazioni"},{"value":666,"label":"Minerali e vitamine"}]},"featured_image_src_large":["https:\/\/www.lraloeverashop.eu\/wp-content\/uploads\/2022\/10\/Pro-Balance-Pills-Limited-offer-1024x1024.jpg",1024,1024,true],"author_info":[],"comment_info":0,"_links":{"self":[{"href":"https:\/\/www.lraloeverashop.eu\/it\/wp-json\/wp\/v2\/product\/9713","targetHints":{"allow":["GET"]}}],"collection":[{"href":"https:\/\/www.lraloeverashop.eu\/it\/wp-json\/wp\/v2\/product"}],"about":[{"href":"https:\/\/www.lraloeverashop.eu\/it\/wp-json\/wp\/v2\/types\/product"}],"replies":[{"embeddable":true,"href":"https:\/\/www.lraloeverashop.eu\/it\/wp-json\/wp\/v2\/comments?post=9713"}],"wp:featuredmedia":[{"embeddable":true,"href":"https:\/\/www.lraloeverashop.eu\/it\/wp-json\/wp\/v2\/media\/5162"}],"wp:attachment":[{"href":"https:\/\/www.lraloeverashop.eu\/it\/wp-json\/wp\/v2\/media?parent=9713"}],"wp:term":[{"taxonomy":"product_brand","embeddable":true,"href":"https:\/\/www.lraloeverashop.eu\/it\/wp-json\/wp\/v2\/product_brand?post=9713"},{"taxonomy":"product_cat","embeddable":true,"href":"https:\/\/www.lraloeverashop.eu\/it\/wp-json\/wp\/v2\/product_cat?post=9713"},{"taxonomy":"product_tag","embeddable":true,"href":"https:\/\/www.lraloeverashop.eu\/it\/wp-json\/wp\/v2\/product_tag?post=9713"}],"curies":[{"name":"wp","href":"https:\/\/api.w.org\/{rel}","templated":true}]}}