{"id":9677,"date":"2022-10-13T08:51:23","date_gmt":"2022-10-13T06:51:23","guid":{"rendered":"https:\/\/www.lraloeverashop.eu\/product\/vita-active-vitamina\/"},"modified":"2026-02-03T20:29:38","modified_gmt":"2026-02-03T19:29:38","slug":"vita-active-vitamina","status":"publish","type":"product","link":"https:\/\/www.lraloeverashop.eu\/it\/prodotto\/vita-active-vitamina\/","title":{"rendered":"Vita Active Vitamina Offerta Limitata"},"content":{"rendered":"<h2><span style=\"font-size: 16pt;\"><strong>Vita Active Vitamina Offerta Limitata<\/strong><\/span><\/h2>\n<p><span style=\"font-size: 14pt;\"><strong>Vita Active Vitamina Offerta Limitata &#8211; Concentrato compatto con 21 frutta e verdura.<\/strong><\/span><\/p>\n<p>Una dieta varia ed equilibrata svolge un ruolo importante in uno stile di vita sano. Il nostro corpo assorbe giornalmente una variet\u00e0 di nutrienti necessari attraverso il cibo.<\/p>\n<p>Vita Active Vitamina pu\u00f2 essere un alleato significativo, perch\u00e9 ti tiene sempre al completo. Lr Vita Active Frutti Rossi \u00e8 un concentrato di 21 frutta e verdure naturale dal gusto delizioso e fornisce al corpo dieci vitamine essenziali.<\/p>\n<p>Le vitamine sono dei veri miracoli: le vitamine D e B6 contribuiscono alla normale funzione del <a href=\"https:\/\/www.lraloeverashop.eu\/it\/prodotto\/colostro-compresse-set-2-pezzi\/\">sistema immunitario<\/a>, la vitamina <a href=\"https:\/\/www.lraloeverashop.eu\/it\/prodotto\/reishi-compresse-offerta-limitata\/\">B12<\/a> contribuisce alla divisione cellulare e la vitamina B1 contribuisce alla normale funzione del cuore.<\/p>\n<p>&nbsp;<\/p>\n<h3><span style=\"font-size: 16pt;\"><strong>Come usare<\/strong><\/span><\/h3>\n<p><strong>Dose giornaliera raccomandata:<\/strong><br \/>\n5 ml una volta al giorno durante o dopo un pasto. \u00c8 possibile aggiungere Vita Active Vitamina a un bicchiere di acqua minerale, yogurt o cereali. Si raccomanda un consumo a lungo termine.<\/p>\n<p>Non superare la dose giornaliera raccomandata. Gli integratori alimentari non possono sostituire una <a href=\"https:\/\/www.lraloeverashop.eu\/it\/prodotto\/capsule-omega-3\/\">dieta ricca ed equilibrata<\/a>, in combinazione con uno stile di vita sano. Tenere il prodotto fuori dalla portata dei bambini.<\/p>\n<p>Non conservare a temperatura superiore a 25 \u00b0 C. Conservare in frigorifero dopo l\u2019apertura. Agitare prima dell\u2019uso.<\/p>\n<p>&nbsp;<\/p>\n<h4><span style=\"font-size: 16pt;\"><strong>Sai che la vitamina D \u00e8 chiamata \u201cvitamina del sole\u201d?<\/strong><\/span><\/h4>\n<p>La vitamina D \u00e8 una vitamina speciale composta attraverso l\u2019esposizione della pelle alla radiazione solare. Una dieta equilibrata fornisce all\u2019organismo tutte le vitamine necessarie per il suo corretto funzionamento. Soprattutto durante l\u2019inverno, Vita Active Vitamina pu\u00f2 essere un utile complemento alla vostra dieta.<\/p>\n<p>Una dieta equilibrata \u00e8 di grande importanza, specialmente per le persone con <a href=\"https:\/\/www.lraloeverashop.eu\/it\/?attachment_id=9611\">maggiori responsabilit\u00e0<\/a> sul lavoro o in famiglia. Durante i periodi di maggiore stress, prenditi cura della tua dieta e completala con Vita Active.<\/p>\n","protected":false},"excerpt":{"rendered":"<ul>\n<li><strong><span style=\"color: #ff0000;\">Offerta Limitata<\/span><\/strong><\/li>\n<li>Concentrato compatto composto da 21 frutte e verdure<\/li>\n<li>Solo un cucchiaino da t\u00e8 (5 ml) al giorno copre il 100% delle esigenze del corpo con 10 vitamine *<\/li>\n<li>Senza conservanti e coloranti aggiunti<\/li>\n<li>Prodotto fatto in Germania<\/li>\n<li>Quantit\u00e0: 2 x 150 ml<\/li>\n<\/ul>\n<p><span style=\"color: #ff0000;\"><a style=\"color: #ff0000;\" href=\"https:\/\/shop.lrworld.com\/openpao?PHP=0vFlt7jT938BEnBI3a6e9w%3D%3D\"><span style=\"font-size: 14pt;\"><strong>Registrati ora e risparmia il 35% su ogni ordine<\/strong><\/span><\/a><\/span><\/p>\n","protected":false},"featured_media":14631,"comment_status":"open","ping_status":"closed","template":"","meta":{"_kad_blocks_custom_css":"","_kad_blocks_head_custom_js":"","_kad_blocks_body_custom_js":"","_kad_blocks_footer_custom_js":"","_kadence_starter_templates_imported_post":false,"_kad_post_transparent":"default","_kad_post_title":"","_kad_post_layout":"default","_kad_post_sidebar_id":"","_kad_post_content_style":"default","_kad_post_vertical_padding":"default","_kad_post_feature":"","_kad_post_feature_position":"","_kad_post_header":false,"_kad_post_footer":false,"_kad_post_classname":""},"product_brand":[],"product_cat":[400,353,299],"product_tag":[666],"class_list":{"0":"post-9677","1":"product","2":"type-product","3":"status-publish","4":"has-post-thumbnail","6":"product_cat-base-it","7":"product_cat-offerte","8":"product_cat-vitamine-e-minerali","9":"product_tag-minerali-e-vitamine","11":"first","12":"outofstock","13":"sale","14":"taxable","15":"shipping-taxable","16":"purchasable","17":"product-type-simple","18":"entry","19":"content-bg","20":"loop-entry"},"yoast_head":"<!-- This site is optimized with the Yoast SEO Premium plugin v27.4 (Yoast SEO v27.4) - https:\/\/yoast.com\/product\/yoast-seo-premium-wordpress\/ -->\n<title>Vita Active Vitamina Offerta Limitata con 21 frutta e verdura.<\/title>\n<meta name=\"description\" content=\"Un solo cucchiaino di Vita Active Vitamina al giorno copre il 100% del fabbisogno dell&#039;organismo in 10 vitamine. Si consiglia il consumo a lungo termine.\" \/>\n<meta name=\"robots\" content=\"index, follow, max-snippet:-1, max-image-preview:large, max-video-preview:-1\" \/>\n<link rel=\"canonical\" href=\"https:\/\/www.lraloeverashop.eu\/it\/prodotto\/vita-active-vitamina\/\" \/>\n<meta property=\"og:locale\" content=\"it_IT\" \/>\n<meta property=\"og:type\" content=\"article\" \/>\n<meta property=\"og:title\" content=\"Vita Active Vitamina Offerta Limitata\" \/>\n<meta property=\"og:description\" content=\"Un solo cucchiaino di Vita Active Vitamina al giorno copre il 100% del fabbisogno dell&#039;organismo in 10 vitamine. Si consiglia il consumo a lungo termine.\" \/>\n<meta property=\"og:url\" content=\"https:\/\/www.lraloeverashop.eu\/it\/prodotto\/vita-active-vitamina\/\" \/>\n<meta property=\"og:site_name\" content=\"Lr Negozio di Aloe Vera\" \/>\n<meta property=\"article:publisher\" content=\"https:\/\/www.facebook.com\/lraloeverashop.eu\" \/>\n<meta property=\"article:modified_time\" content=\"2026-02-03T19:29:38+00:00\" \/>\n<meta property=\"og:image\" content=\"https:\/\/www.lraloeverashop.eu\/wp-content\/uploads\/2024\/03\/Vita-Active-Vitamins-Red-Fruits-limited-Offer.jpeg\" \/>\n\t<meta property=\"og:image:width\" content=\"1200\" \/>\n\t<meta property=\"og:image:height\" content=\"1200\" \/>\n\t<meta property=\"og:image:type\" content=\"image\/jpeg\" \/>\n<meta name=\"twitter:card\" content=\"summary_large_image\" \/>\n<meta name=\"twitter:site\" content=\"@natur__kosmetik\" \/>\n<script type=\"application\/ld+json\" class=\"yoast-schema-graph\">{\"@context\":\"https:\\\/\\\/schema.org\",\"@graph\":[{\"@type\":[\"WebPage\",\"ItemPage\"],\"@id\":\"https:\\\/\\\/www.lraloeverashop.eu\\\/it\\\/prodotto\\\/vita-active-vitamina\\\/\",\"url\":\"https:\\\/\\\/www.lraloeverashop.eu\\\/it\\\/prodotto\\\/vita-active-vitamina\\\/\",\"name\":\"Vita Active Vitamina Offerta Limitata con 21 frutta e verdura.\",\"isPartOf\":{\"@id\":\"https:\\\/\\\/www.lraloeverashop.eu\\\/it\\\/#website\"},\"primaryImageOfPage\":{\"@id\":\"https:\\\/\\\/www.lraloeverashop.eu\\\/it\\\/prodotto\\\/vita-active-vitamina\\\/#primaryimage\"},\"image\":{\"@id\":\"https:\\\/\\\/www.lraloeverashop.eu\\\/it\\\/prodotto\\\/vita-active-vitamina\\\/#primaryimage\"},\"thumbnailUrl\":\"https:\\\/\\\/www.lraloeverashop.eu\\\/wp-content\\\/uploads\\\/2024\\\/03\\\/Vita-Active-Vitamins-Red-Fruits-limited-Offer.jpeg\",\"datePublished\":\"2022-10-13T06:51:23+00:00\",\"dateModified\":\"2026-02-03T19:29:38+00:00\",\"description\":\"Un solo cucchiaino di Vita Active Vitamina al giorno copre il 100% del fabbisogno dell'organismo in 10 vitamine. Si consiglia il consumo a lungo termine.\",\"breadcrumb\":{\"@id\":\"https:\\\/\\\/www.lraloeverashop.eu\\\/it\\\/prodotto\\\/vita-active-vitamina\\\/#breadcrumb\"},\"inLanguage\":\"it-IT\",\"potentialAction\":[{\"@type\":\"ReadAction\",\"target\":[\"https:\\\/\\\/www.lraloeverashop.eu\\\/it\\\/prodotto\\\/vita-active-vitamina\\\/\"]}]},{\"@type\":\"ImageObject\",\"inLanguage\":\"it-IT\",\"@id\":\"https:\\\/\\\/www.lraloeverashop.eu\\\/it\\\/prodotto\\\/vita-active-vitamina\\\/#primaryimage\",\"url\":\"https:\\\/\\\/www.lraloeverashop.eu\\\/wp-content\\\/uploads\\\/2024\\\/03\\\/Vita-Active-Vitamins-Red-Fruits-limited-Offer.jpeg\",\"contentUrl\":\"https:\\\/\\\/www.lraloeverashop.eu\\\/wp-content\\\/uploads\\\/2024\\\/03\\\/Vita-Active-Vitamins-Red-Fruits-limited-Offer.jpeg\",\"width\":1200,\"height\":1200,\"caption\":\"Vita Active vitamine Frutti rossi Offerta limitata\"},{\"@type\":\"BreadcrumbList\",\"@id\":\"https:\\\/\\\/www.lraloeverashop.eu\\\/it\\\/prodotto\\\/vita-active-vitamina\\\/#breadcrumb\",\"itemListElement\":[{\"@type\":\"ListItem\",\"position\":1,\"name\":\"Home\",\"item\":\"https:\\\/\\\/www.lraloeverashop.eu\\\/it\\\/\"},{\"@type\":\"ListItem\",\"position\":2,\"name\":\"Negozio\",\"item\":\"https:\\\/\\\/www.lraloeverashop.eu\\\/it\\\/negozio\\\/\"},{\"@type\":\"ListItem\",\"position\":3,\"name\":\"Vita Active Vitamina Offerta Limitata\"}]},{\"@type\":\"WebSite\",\"@id\":\"https:\\\/\\\/www.lraloeverashop.eu\\\/it\\\/#website\",\"url\":\"https:\\\/\\\/www.lraloeverashop.eu\\\/it\\\/\",\"name\":\"Lr Negozio di Aloe Vera\",\"description\":\"High Quality Lr Aloe Vera Gel, Aloe Vera Cream and Shampoo\",\"publisher\":{\"@id\":\"https:\\\/\\\/www.lraloeverashop.eu\\\/it\\\/#organization\"},\"potentialAction\":[{\"@type\":\"SearchAction\",\"target\":{\"@type\":\"EntryPoint\",\"urlTemplate\":\"https:\\\/\\\/www.lraloeverashop.eu\\\/it\\\/?s={search_term_string}\"},\"query-input\":{\"@type\":\"PropertyValueSpecification\",\"valueRequired\":true,\"valueName\":\"search_term_string\"}}],\"inLanguage\":\"it-IT\"},{\"@type\":\"Organization\",\"@id\":\"https:\\\/\\\/www.lraloeverashop.eu\\\/it\\\/#organization\",\"name\":\"Negozio di Lr Aloe Vera\",\"alternateName\":\"LR\",\"url\":\"https:\\\/\\\/www.lraloeverashop.eu\\\/it\\\/\",\"logo\":{\"@type\":\"ImageObject\",\"inLanguage\":\"it-IT\",\"@id\":\"https:\\\/\\\/www.lraloeverashop.eu\\\/it\\\/#\\\/schema\\\/logo\\\/image\\\/\",\"url\":\"https:\\\/\\\/www.lraloeverashop.eu\\\/wp-content\\\/uploads\\\/2022\\\/09\\\/cropped-Lr-Aloe-Vera-Shop.jpg\",\"contentUrl\":\"https:\\\/\\\/www.lraloeverashop.eu\\\/wp-content\\\/uploads\\\/2022\\\/09\\\/cropped-Lr-Aloe-Vera-Shop.jpg\",\"width\":228,\"height\":76,\"caption\":\"Negozio di Lr Aloe Vera\"},\"image\":{\"@id\":\"https:\\\/\\\/www.lraloeverashop.eu\\\/it\\\/#\\\/schema\\\/logo\\\/image\\\/\"},\"sameAs\":[\"https:\\\/\\\/www.facebook.com\\\/lraloeverashop.eu\",\"https:\\\/\\\/x.com\\\/natur__kosmetik\",\"https:\\\/\\\/www.youtube.com\\\/channel\\\/UC5oN7BJ8nfYb8RpVtjwDEBA\",\"https:\\\/\\\/www.instagram.com\\\/lrbeautyeu\\\/\"],\"description\":\"Negozio di Lr Aloe Vera \u00e8 il tuo punto di riferimento per i prodotti LR Health & Beauty di alta qualit\u00e0, realizzati in Germania. Offriamo soluzioni per la cura della pelle, l'alimentazione e l'anti-et\u00e0 a base di Aloe Vera, formulate con ingredienti puri e supportate da ricerche scientifiche. Scopri una cura naturale che rigenera, protegge e rivitalizza la tua pelle e approfitta delle esclusive offerte mensili sui nostri prodotti LR Aloe Vera pi\u00f9 venduti.\\nInizia oggi il tuo percorso di cura della pelle naturale e senti la differenza.\",\"email\":\"info@lraloeverashop.eu\",\"telephone\":\"+49 17670609653\",\"legalName\":\"Lr Aloe Vera Shop\",\"foundingDate\":\"2018-04-21\",\"numberOfEmployees\":{\"@type\":\"QuantitativeValue\",\"minValue\":\"1\",\"maxValue\":\"10\"}}]}<\/script>\n<meta property=\"product:price:amount\" content=\"38.99\" \/>\n<meta property=\"product:price:currency\" content=\"EUR\" \/>\n<meta property=\"og:availability\" content=\"out of stock\" \/>\n<meta property=\"product:availability\" content=\"out of stock\" \/>\n<meta property=\"product:retailer_item_id\" content=\"80527IT\" \/>\n<meta property=\"product:condition\" content=\"new\" \/>\n<!-- \/ Yoast SEO Premium plugin. -->","yoast_head_json":{"title":"Vita Active Vitamina Offerta Limitata con 21 frutta e verdura.","description":"Un solo cucchiaino di Vita Active Vitamina al giorno copre il 100% del fabbisogno dell'organismo in 10 vitamine. Si consiglia il consumo a lungo termine.","robots":{"index":"index","follow":"follow","max-snippet":"max-snippet:-1","max-image-preview":"max-image-preview:large","max-video-preview":"max-video-preview:-1"},"canonical":"https:\/\/www.lraloeverashop.eu\/it\/prodotto\/vita-active-vitamina\/","og_locale":"it_IT","og_type":"article","og_title":"Vita Active Vitamina Offerta Limitata","og_description":"Un solo cucchiaino di Vita Active Vitamina al giorno copre il 100% del fabbisogno dell'organismo in 10 vitamine. Si consiglia il consumo a lungo termine.","og_url":"https:\/\/www.lraloeverashop.eu\/it\/prodotto\/vita-active-vitamina\/","og_site_name":"Lr Negozio di Aloe Vera","article_publisher":"https:\/\/www.facebook.com\/lraloeverashop.eu","article_modified_time":"2026-02-03T19:29:38+00:00","og_image":[{"width":1200,"height":1200,"url":"https:\/\/www.lraloeverashop.eu\/wp-content\/uploads\/2024\/03\/Vita-Active-Vitamins-Red-Fruits-limited-Offer.jpeg","type":"image\/jpeg"}],"twitter_card":"summary_large_image","twitter_site":"@natur__kosmetik","schema":{"@context":"https:\/\/schema.org","@graph":[{"@type":["WebPage","ItemPage"],"@id":"https:\/\/www.lraloeverashop.eu\/it\/prodotto\/vita-active-vitamina\/","url":"https:\/\/www.lraloeverashop.eu\/it\/prodotto\/vita-active-vitamina\/","name":"Vita Active Vitamina Offerta Limitata con 21 frutta e verdura.","isPartOf":{"@id":"https:\/\/www.lraloeverashop.eu\/it\/#website"},"primaryImageOfPage":{"@id":"https:\/\/www.lraloeverashop.eu\/it\/prodotto\/vita-active-vitamina\/#primaryimage"},"image":{"@id":"https:\/\/www.lraloeverashop.eu\/it\/prodotto\/vita-active-vitamina\/#primaryimage"},"thumbnailUrl":"https:\/\/www.lraloeverashop.eu\/wp-content\/uploads\/2024\/03\/Vita-Active-Vitamins-Red-Fruits-limited-Offer.jpeg","datePublished":"2022-10-13T06:51:23+00:00","dateModified":"2026-02-03T19:29:38+00:00","description":"Un solo cucchiaino di Vita Active Vitamina al giorno copre il 100% del fabbisogno dell'organismo in 10 vitamine. Si consiglia il consumo a lungo termine.","breadcrumb":{"@id":"https:\/\/www.lraloeverashop.eu\/it\/prodotto\/vita-active-vitamina\/#breadcrumb"},"inLanguage":"it-IT","potentialAction":[{"@type":"ReadAction","target":["https:\/\/www.lraloeverashop.eu\/it\/prodotto\/vita-active-vitamina\/"]}]},{"@type":"ImageObject","inLanguage":"it-IT","@id":"https:\/\/www.lraloeverashop.eu\/it\/prodotto\/vita-active-vitamina\/#primaryimage","url":"https:\/\/www.lraloeverashop.eu\/wp-content\/uploads\/2024\/03\/Vita-Active-Vitamins-Red-Fruits-limited-Offer.jpeg","contentUrl":"https:\/\/www.lraloeverashop.eu\/wp-content\/uploads\/2024\/03\/Vita-Active-Vitamins-Red-Fruits-limited-Offer.jpeg","width":1200,"height":1200,"caption":"Vita Active vitamine Frutti rossi Offerta limitata"},{"@type":"BreadcrumbList","@id":"https:\/\/www.lraloeverashop.eu\/it\/prodotto\/vita-active-vitamina\/#breadcrumb","itemListElement":[{"@type":"ListItem","position":1,"name":"Home","item":"https:\/\/www.lraloeverashop.eu\/it\/"},{"@type":"ListItem","position":2,"name":"Negozio","item":"https:\/\/www.lraloeverashop.eu\/it\/negozio\/"},{"@type":"ListItem","position":3,"name":"Vita Active Vitamina Offerta Limitata"}]},{"@type":"WebSite","@id":"https:\/\/www.lraloeverashop.eu\/it\/#website","url":"https:\/\/www.lraloeverashop.eu\/it\/","name":"Lr Negozio di Aloe Vera","description":"High Quality Lr Aloe Vera Gel, Aloe Vera Cream and Shampoo","publisher":{"@id":"https:\/\/www.lraloeverashop.eu\/it\/#organization"},"potentialAction":[{"@type":"SearchAction","target":{"@type":"EntryPoint","urlTemplate":"https:\/\/www.lraloeverashop.eu\/it\/?s={search_term_string}"},"query-input":{"@type":"PropertyValueSpecification","valueRequired":true,"valueName":"search_term_string"}}],"inLanguage":"it-IT"},{"@type":"Organization","@id":"https:\/\/www.lraloeverashop.eu\/it\/#organization","name":"Negozio di Lr Aloe Vera","alternateName":"LR","url":"https:\/\/www.lraloeverashop.eu\/it\/","logo":{"@type":"ImageObject","inLanguage":"it-IT","@id":"https:\/\/www.lraloeverashop.eu\/it\/#\/schema\/logo\/image\/","url":"https:\/\/www.lraloeverashop.eu\/wp-content\/uploads\/2022\/09\/cropped-Lr-Aloe-Vera-Shop.jpg","contentUrl":"https:\/\/www.lraloeverashop.eu\/wp-content\/uploads\/2022\/09\/cropped-Lr-Aloe-Vera-Shop.jpg","width":228,"height":76,"caption":"Negozio di Lr Aloe Vera"},"image":{"@id":"https:\/\/www.lraloeverashop.eu\/it\/#\/schema\/logo\/image\/"},"sameAs":["https:\/\/www.facebook.com\/lraloeverashop.eu","https:\/\/x.com\/natur__kosmetik","https:\/\/www.youtube.com\/channel\/UC5oN7BJ8nfYb8RpVtjwDEBA","https:\/\/www.instagram.com\/lrbeautyeu\/"],"description":"Negozio di Lr Aloe Vera \u00e8 il tuo punto di riferimento per i prodotti LR Health & Beauty di alta qualit\u00e0, realizzati in Germania. Offriamo soluzioni per la cura della pelle, l'alimentazione e l'anti-et\u00e0 a base di Aloe Vera, formulate con ingredienti puri e supportate da ricerche scientifiche. Scopri una cura naturale che rigenera, protegge e rivitalizza la tua pelle e approfitta delle esclusive offerte mensili sui nostri prodotti LR Aloe Vera pi\u00f9 venduti.\nInizia oggi il tuo percorso di cura della pelle naturale e senti la differenza.","email":"info@lraloeverashop.eu","telephone":"+49 17670609653","legalName":"Lr Aloe Vera Shop","foundingDate":"2018-04-21","numberOfEmployees":{"@type":"QuantitativeValue","minValue":"1","maxValue":"10"}}]},"product_price_amount":"38.99","product_price_currency":"EUR","og_availability":"out of stock","product_availability":"out of stock","product_retailer_item_id":"80527IT","product_condition":"new"},"taxonomy_info":{"product_cat":[{"value":400,"label":"Base"},{"value":353,"label":"Offerte"},{"value":299,"label":"Vitamine e Minerali"}],"product_tag":[{"value":666,"label":"Minerali e vitamine"}]},"featured_image_src_large":["https:\/\/www.lraloeverashop.eu\/wp-content\/uploads\/2024\/03\/Vita-Active-Vitamins-Red-Fruits-limited-Offer-1024x1024.jpeg",1024,1024,true],"author_info":[],"comment_info":0,"_links":{"self":[{"href":"https:\/\/www.lraloeverashop.eu\/it\/wp-json\/wp\/v2\/product\/9677","targetHints":{"allow":["GET"]}}],"collection":[{"href":"https:\/\/www.lraloeverashop.eu\/it\/wp-json\/wp\/v2\/product"}],"about":[{"href":"https:\/\/www.lraloeverashop.eu\/it\/wp-json\/wp\/v2\/types\/product"}],"replies":[{"embeddable":true,"href":"https:\/\/www.lraloeverashop.eu\/it\/wp-json\/wp\/v2\/comments?post=9677"}],"wp:featuredmedia":[{"embeddable":true,"href":"https:\/\/www.lraloeverashop.eu\/it\/wp-json\/wp\/v2\/media\/14631"}],"wp:attachment":[{"href":"https:\/\/www.lraloeverashop.eu\/it\/wp-json\/wp\/v2\/media?parent=9677"}],"wp:term":[{"taxonomy":"product_brand","embeddable":true,"href":"https:\/\/www.lraloeverashop.eu\/it\/wp-json\/wp\/v2\/product_brand?post=9677"},{"taxonomy":"product_cat","embeddable":true,"href":"https:\/\/www.lraloeverashop.eu\/it\/wp-json\/wp\/v2\/product_cat?post=9677"},{"taxonomy":"product_tag","embeddable":true,"href":"https:\/\/www.lraloeverashop.eu\/it\/wp-json\/wp\/v2\/product_tag?post=9677"}],"curies":[{"name":"wp","href":"https:\/\/api.w.org\/{rel}","templated":true}]}}