{"id":9641,"date":"2022-10-13T09:13:21","date_gmt":"2022-10-13T07:13:21","guid":{"rendered":"https:\/\/www.lraloeverashop.eu\/product\/omega-3-capsule\/"},"modified":"2026-02-03T20:29:13","modified_gmt":"2026-02-03T19:29:13","slug":"omega-3-capsule","status":"publish","type":"product","link":"https:\/\/www.lraloeverashop.eu\/it\/prodotto\/omega-3-capsule\/","title":{"rendered":"Omega 3 Capsule Set 4 Pezzi"},"content":{"rendered":"<h2><span style=\"font-size: 16pt;\"><strong>Omega 3 Capsule Set 4 Pezzi<\/strong><\/span><\/h2>\n<p><span style=\"font-size: 14pt;\"><strong>Omega 3 Capsule ad alto contenuto di acidi grassi omega 3<\/strong><\/span><\/p>\n<p>Omega 3 Capsule ad alto contenuto di acidi grassi omega 3 hanno un effetto molto positivo sui vari processi corporei. Quindi dovresti fare attenzione a raggiungere sempre la quantit\u00e0 giornaliera raccomandata.<\/p>\n<p>Le <a href=\"https:\/\/www.lraloeverashop.eu\/it\/prodotto\/super-omega-compresse\/\">Omega 3 Compresse<\/a> sono ad alto contenuto di acidi grassi omega 3 e gli alti livelli di EPA e DHA contribuiscono alla normale funzione cardiaca.<\/p>\n<p>L&#8217;EPA \u00e8 responsabile di molti processi nel corpo, in particolare, contribuisce al supporto della normale <a href=\"https:\/\/www.lraloeverashop.eu\/it\/prodotto\/reishi-plus-compresse\/\">funzione cardiaca<\/a>. A tal fine \u00e8 sufficiente l&#8217;assunzione di almeno 250 mg di DHA al giorno. Questa necessit\u00e0 \u00e8 generosamente coperta dalla razione giornaliera di Omega 3. Inoltre, il DHA aiuta anche a mantenere la nostra normale funzione cerebrale.<\/p>\n<p>I preziosi acidi grassi Omega 3 contenuti nelle Omega 3 Capsule sono prodotti con olio di pesce di alta qualit\u00e0 proveniente da sardine, sgombri e tonno. <a href=\"https:\/\/shop.lrworld.com\/home\/IT\/it?PHP=0vFlt7jT938BEnBI3a6e9w%3D%3D\">Lr Health &amp; Beauty<\/a> utilizza solo pesce vivo del Pacifico sudamericano per la produzione delle Compresse.<\/p>\n<p>La cattura e la lavorazione sono certificate come particolarmente sostenibili, quindi proteggono l&#8217;ambiente e gli stock ittici e quindi tutti portano il marchio di qualit\u00e0 &#8220;Friend of the Sea&#8221;.<\/p>\n<p>&nbsp;<\/p>\n<h2><\/h2>\n<h2><strong><span style=\"font-size: 16pt;\">Come usare Omega 3 Capsule<img loading=\"lazy\" decoding=\"async\" class=\"alignright wp-image-2879 \" src=\"https:\/\/www.lraloeverashop.eu\/wp-content\/uploads\/2022\/10\/Omega-3-benefits-Are-Notable.jpg\" alt=\"Omega 3 benefits Are Notable\" width=\"343\" height=\"467\" srcset=\"https:\/\/www.lraloeverashop.eu\/wp-content\/uploads\/2022\/10\/Omega-3-benefits-Are-Notable.jpg 662w, https:\/\/www.lraloeverashop.eu\/wp-content\/uploads\/2022\/10\/Omega-3-benefits-Are-Notable-600x817.jpg 600w, https:\/\/www.lraloeverashop.eu\/wp-content\/uploads\/2022\/10\/Omega-3-benefits-Are-Notable-220x300.jpg 220w\" sizes=\"auto, (max-width: 343px) 100vw, 343px\" \/><\/span><\/strong><\/h2>\n<p>Prendere 3 Omega 3 Capsule al giorno con un po \u2018di liquido.<br \/>\nLa dose giornaliera raccomandata non deve essere superata. Gli integratori alimentari non sono un sostituto di una dieta varia ed equilibrata che \u00e8 importante insieme a uno <a href=\"https:\/\/www.lraloeverashop.eu\/it\/prodotto\/tisana-per-dimagrire\/\">stile di vita sano<\/a>.<\/p>\n<p>Tenere il prodotto fuori dalla portata dei bambini piccoli. Conservare a secco e non oltre i 20 \u00b0 C. Contiene glutine.<\/p>\n<p>&nbsp;<\/p>\n<h3><strong><span style=\"font-size: 16pt;\">Lo sapevate?<\/span><\/strong><\/h3>\n<p>Gli <a href=\"https:\/\/www.lraloeverashop.eu\/it\/prodotto\/capsule-omega-3\/\">acidi grassi omega 3<\/a> sono essenziali per gli esseri umani.<br \/>\nNon possono essere prodotti dal metabolismo umano ma devono essere alimentati attraverso il cibo. Secondo l\u2019Autorit\u00e0 europea per la sicurezza alimentare (EFSA), l\u2019assunzione giornaliera di almeno 250 mg di DHA \u00e8 raccomandata. La Societ\u00e0 tedesca per la nutrizione (DGE) conferma questa raccomandazione.<\/p>\n<p>&nbsp;<\/p>\n<h4><strong><span style=\"font-size: 16pt;\">Domande frequenti<\/span><\/strong><\/h4>\n<p><strong>Come sono fatte le Omega 3 Capsule?<\/strong><br \/>\nLe Omega 3 Compresse contengono un concentrato a base di vero olio di pesce. In questo modo, gli acidi grassi omega 3 sono arricchiti e resi disponibili per la nutrizione umana. Per le Omega 3 Capsule,<br \/>\nLR utilizza solo pesci grassi di acqua salata come sardine, sgombri e tonno, integrati con prezioso olio di enotera.<\/p>\n<p><strong>Cos\u2019\u00e8 il beta-glucano?<\/strong><br \/>\nIl beta-glucano \u00e8 un polisaccaride naturale (polisaccaride) delle fibre di orzo.<\/p>\n<p><strong>Cosa si pu\u00f2 fare per supportare il sistema cardiovascolare?<\/strong><br \/>\nOltre ai nutrienti come gli acidi grassi omega 3, l\u2019esercizio fisico regolare e una dieta equilibrata sono la chiave per mantenere il cuore e i vasi sanguigni.<\/p>\n<p><strong>\u00b9EPA e DHA contribuiscono alla normale funzione cardiaca. Ci\u00f2 richiede l&#8217;assunzione di almeno 250 mg di EPA e DHA al giorno.<\/strong><\/p>\n","protected":false},"excerpt":{"rendered":"<ul>\n<li>Compresse per la salute del cuore\u00b9<\/li>\n<li>Alto contenuto di EPA (acido eicosapentaenoico) e DHA (acido docosaesaenoico)<\/li>\n<li>Solo di sgombro vivente, sardine e tonno<\/li>\n<li>Solo da pesca sostenibile con il sigillo \u201cFriend of the Sea\u201d<\/li>\n<li>Prodotto fatto in Germania<\/li>\n<li>Quantit\u00e0: 4 x 60 Compresse<\/li>\n<\/ul>\n<p><span style=\"color: #ff0000;\"><a style=\"color: #ff0000;\" href=\"https:\/\/shop.lrworld.com\/openpao?PHP=0vFlt7jT938BEnBI3a6e9w%3D%3D\"><span style=\"font-size: 14pt;\"><strong>Registrati ora e risparmia il 35% su ogni ordine<\/strong><\/span><\/a><\/span><\/p>\n","protected":false},"featured_media":5240,"comment_status":"open","ping_status":"closed","template":"","meta":{"_kad_blocks_custom_css":"","_kad_blocks_head_custom_js":"","_kad_blocks_body_custom_js":"","_kad_blocks_footer_custom_js":"","_kadence_starter_templates_imported_post":false,"_kad_post_transparent":"default","_kad_post_title":"","_kad_post_layout":"default","_kad_post_sidebar_id":"","_kad_post_content_style":"default","_kad_post_vertical_padding":"default","_kad_post_feature":"","_kad_post_feature_position":"","_kad_post_header":false,"_kad_post_footer":false,"_kad_post_classname":""},"product_brand":[],"product_cat":[400,424,442,461,466,299],"product_tag":[666],"class_list":{"0":"post-9641","1":"product","2":"type-product","3":"status-publish","4":"has-post-thumbnail","6":"product_cat-base-it","7":"product_cat-cuore-e-circolazione","8":"product_cat-prestazioni-ed-energia","9":"product_cat-risparmia-in-set","10":"product_cat-nutrizionisti","11":"product_cat-vitamine-e-minerali","12":"product_tag-minerali-e-vitamine","14":"first","15":"instock","16":"taxable","17":"shipping-taxable","18":"purchasable","19":"product-type-simple","20":"entry","21":"content-bg","22":"loop-entry"},"yoast_head":"<!-- This site is optimized with the Yoast SEO Premium plugin v27.4 (Yoast SEO v27.4) - https:\/\/yoast.com\/product\/yoast-seo-premium-wordpress\/ -->\n<title>Omega 3 Capsule ad alto contenuto di acidi grassi omega 3<\/title>\n<meta name=\"description\" content=\"Le preziose Omega 3 Capsule con alto coontenuto di acidi grassi omega 3 sono fatti da olio sardine, sgombri e tonno e contribuiscono alla salute del cuore\" \/>\n<meta name=\"robots\" content=\"index, follow, max-snippet:-1, max-image-preview:large, max-video-preview:-1\" \/>\n<link rel=\"canonical\" href=\"https:\/\/www.lraloeverashop.eu\/it\/prodotto\/omega-3-capsule\/\" \/>\n<meta property=\"og:locale\" content=\"it_IT\" \/>\n<meta property=\"og:type\" content=\"article\" \/>\n<meta property=\"og:title\" content=\"Omega 3 Capsule Set 4 Pezzi\" \/>\n<meta property=\"og:description\" content=\"Le preziose Omega 3 Capsule con alto coontenuto di acidi grassi omega 3 sono fatti da olio sardine, sgombri e tonno e contribuiscono alla salute del cuore\" \/>\n<meta property=\"og:url\" content=\"https:\/\/www.lraloeverashop.eu\/it\/prodotto\/omega-3-capsule\/\" \/>\n<meta property=\"og:site_name\" content=\"Lr Negozio di Aloe Vera\" \/>\n<meta property=\"article:publisher\" content=\"https:\/\/www.facebook.com\/lraloeverashop.eu\" \/>\n<meta property=\"article:modified_time\" content=\"2026-02-03T19:29:13+00:00\" \/>\n<meta property=\"og:image\" content=\"https:\/\/www.lraloeverashop.eu\/wp-content\/uploads\/2022\/10\/Super-Omega-3-Activ-4.jpg\" \/>\n\t<meta property=\"og:image:width\" content=\"1200\" \/>\n\t<meta property=\"og:image:height\" content=\"1200\" \/>\n\t<meta property=\"og:image:type\" content=\"image\/jpeg\" \/>\n<meta name=\"twitter:card\" content=\"summary_large_image\" \/>\n<meta name=\"twitter:site\" content=\"@natur__kosmetik\" \/>\n<script type=\"application\/ld+json\" class=\"yoast-schema-graph\">{\"@context\":\"https:\\\/\\\/schema.org\",\"@graph\":[{\"@type\":[\"WebPage\",\"ItemPage\"],\"@id\":\"https:\\\/\\\/www.lraloeverashop.eu\\\/it\\\/prodotto\\\/omega-3-capsule\\\/\",\"url\":\"https:\\\/\\\/www.lraloeverashop.eu\\\/it\\\/prodotto\\\/omega-3-capsule\\\/\",\"name\":\"Omega 3 Capsule ad alto contenuto di acidi grassi omega 3\",\"isPartOf\":{\"@id\":\"https:\\\/\\\/www.lraloeverashop.eu\\\/it\\\/#website\"},\"primaryImageOfPage\":{\"@id\":\"https:\\\/\\\/www.lraloeverashop.eu\\\/it\\\/prodotto\\\/omega-3-capsule\\\/#primaryimage\"},\"image\":{\"@id\":\"https:\\\/\\\/www.lraloeverashop.eu\\\/it\\\/prodotto\\\/omega-3-capsule\\\/#primaryimage\"},\"thumbnailUrl\":\"https:\\\/\\\/www.lraloeverashop.eu\\\/wp-content\\\/uploads\\\/2022\\\/10\\\/Super-Omega-3-Activ-4.jpg\",\"datePublished\":\"2022-10-13T07:13:21+00:00\",\"dateModified\":\"2026-02-03T19:29:13+00:00\",\"description\":\"Le preziose Omega 3 Capsule con alto coontenuto di acidi grassi omega 3 sono fatti da olio sardine, sgombri e tonno e contribuiscono alla salute del cuore\",\"breadcrumb\":{\"@id\":\"https:\\\/\\\/www.lraloeverashop.eu\\\/it\\\/prodotto\\\/omega-3-capsule\\\/#breadcrumb\"},\"inLanguage\":\"it-IT\",\"potentialAction\":[{\"@type\":\"ReadAction\",\"target\":[\"https:\\\/\\\/www.lraloeverashop.eu\\\/it\\\/prodotto\\\/omega-3-capsule\\\/\"]}]},{\"@type\":\"ImageObject\",\"inLanguage\":\"it-IT\",\"@id\":\"https:\\\/\\\/www.lraloeverashop.eu\\\/it\\\/prodotto\\\/omega-3-capsule\\\/#primaryimage\",\"url\":\"https:\\\/\\\/www.lraloeverashop.eu\\\/wp-content\\\/uploads\\\/2022\\\/10\\\/Super-Omega-3-Activ-4.jpg\",\"contentUrl\":\"https:\\\/\\\/www.lraloeverashop.eu\\\/wp-content\\\/uploads\\\/2022\\\/10\\\/Super-Omega-3-Activ-4.jpg\",\"width\":1200,\"height\":1200,\"caption\":\"Super Omega Compresse per la salute del cuore\"},{\"@type\":\"BreadcrumbList\",\"@id\":\"https:\\\/\\\/www.lraloeverashop.eu\\\/it\\\/prodotto\\\/omega-3-capsule\\\/#breadcrumb\",\"itemListElement\":[{\"@type\":\"ListItem\",\"position\":1,\"name\":\"Home\",\"item\":\"https:\\\/\\\/www.lraloeverashop.eu\\\/it\\\/\"},{\"@type\":\"ListItem\",\"position\":2,\"name\":\"Negozio\",\"item\":\"https:\\\/\\\/www.lraloeverashop.eu\\\/it\\\/negozio\\\/\"},{\"@type\":\"ListItem\",\"position\":3,\"name\":\"Omega 3 Capsule Set 4 Pezzi\"}]},{\"@type\":\"WebSite\",\"@id\":\"https:\\\/\\\/www.lraloeverashop.eu\\\/it\\\/#website\",\"url\":\"https:\\\/\\\/www.lraloeverashop.eu\\\/it\\\/\",\"name\":\"Lr Negozio di Aloe Vera\",\"description\":\"High Quality Lr Aloe Vera Gel, Aloe Vera Cream and Shampoo\",\"publisher\":{\"@id\":\"https:\\\/\\\/www.lraloeverashop.eu\\\/it\\\/#organization\"},\"potentialAction\":[{\"@type\":\"SearchAction\",\"target\":{\"@type\":\"EntryPoint\",\"urlTemplate\":\"https:\\\/\\\/www.lraloeverashop.eu\\\/it\\\/?s={search_term_string}\"},\"query-input\":{\"@type\":\"PropertyValueSpecification\",\"valueRequired\":true,\"valueName\":\"search_term_string\"}}],\"inLanguage\":\"it-IT\"},{\"@type\":\"Organization\",\"@id\":\"https:\\\/\\\/www.lraloeverashop.eu\\\/it\\\/#organization\",\"name\":\"Negozio di Lr Aloe Vera\",\"alternateName\":\"LR\",\"url\":\"https:\\\/\\\/www.lraloeverashop.eu\\\/it\\\/\",\"logo\":{\"@type\":\"ImageObject\",\"inLanguage\":\"it-IT\",\"@id\":\"https:\\\/\\\/www.lraloeverashop.eu\\\/it\\\/#\\\/schema\\\/logo\\\/image\\\/\",\"url\":\"https:\\\/\\\/www.lraloeverashop.eu\\\/wp-content\\\/uploads\\\/2022\\\/09\\\/cropped-Lr-Aloe-Vera-Shop.jpg\",\"contentUrl\":\"https:\\\/\\\/www.lraloeverashop.eu\\\/wp-content\\\/uploads\\\/2022\\\/09\\\/cropped-Lr-Aloe-Vera-Shop.jpg\",\"width\":228,\"height\":76,\"caption\":\"Negozio di Lr Aloe Vera\"},\"image\":{\"@id\":\"https:\\\/\\\/www.lraloeverashop.eu\\\/it\\\/#\\\/schema\\\/logo\\\/image\\\/\"},\"sameAs\":[\"https:\\\/\\\/www.facebook.com\\\/lraloeverashop.eu\",\"https:\\\/\\\/x.com\\\/natur__kosmetik\",\"https:\\\/\\\/www.youtube.com\\\/channel\\\/UC5oN7BJ8nfYb8RpVtjwDEBA\",\"https:\\\/\\\/www.instagram.com\\\/lrbeautyeu\\\/\"],\"description\":\"Negozio di Lr Aloe Vera \u00e8 il tuo punto di riferimento per i prodotti LR Health & Beauty di alta qualit\u00e0, realizzati in Germania. Offriamo soluzioni per la cura della pelle, l'alimentazione e l'anti-et\u00e0 a base di Aloe Vera, formulate con ingredienti puri e supportate da ricerche scientifiche. Scopri una cura naturale che rigenera, protegge e rivitalizza la tua pelle e approfitta delle esclusive offerte mensili sui nostri prodotti LR Aloe Vera pi\u00f9 venduti.\\nInizia oggi il tuo percorso di cura della pelle naturale e senti la differenza.\",\"email\":\"info@lraloeverashop.eu\",\"telephone\":\"+49 17670609653\",\"legalName\":\"Lr Aloe Vera Shop\",\"foundingDate\":\"2018-04-21\",\"numberOfEmployees\":{\"@type\":\"QuantitativeValue\",\"minValue\":\"1\",\"maxValue\":\"10\"}}]}<\/script>\n<meta property=\"product:price:amount\" content=\"166.99\" \/>\n<meta property=\"product:price:currency\" content=\"EUR\" \/>\n<meta property=\"og:availability\" content=\"instock\" \/>\n<meta property=\"product:availability\" content=\"instock\" \/>\n<meta property=\"product:retailer_item_id\" content=\"80144-401IT\" \/>\n<meta property=\"product:condition\" content=\"new\" \/>\n<!-- \/ Yoast SEO Premium plugin. -->","yoast_head_json":{"title":"Omega 3 Capsule ad alto contenuto di acidi grassi omega 3","description":"Le preziose Omega 3 Capsule con alto coontenuto di acidi grassi omega 3 sono fatti da olio sardine, sgombri e tonno e contribuiscono alla salute del cuore","robots":{"index":"index","follow":"follow","max-snippet":"max-snippet:-1","max-image-preview":"max-image-preview:large","max-video-preview":"max-video-preview:-1"},"canonical":"https:\/\/www.lraloeverashop.eu\/it\/prodotto\/omega-3-capsule\/","og_locale":"it_IT","og_type":"article","og_title":"Omega 3 Capsule Set 4 Pezzi","og_description":"Le preziose Omega 3 Capsule con alto coontenuto di acidi grassi omega 3 sono fatti da olio sardine, sgombri e tonno e contribuiscono alla salute del cuore","og_url":"https:\/\/www.lraloeverashop.eu\/it\/prodotto\/omega-3-capsule\/","og_site_name":"Lr Negozio di Aloe Vera","article_publisher":"https:\/\/www.facebook.com\/lraloeverashop.eu","article_modified_time":"2026-02-03T19:29:13+00:00","og_image":[{"width":1200,"height":1200,"url":"https:\/\/www.lraloeverashop.eu\/wp-content\/uploads\/2022\/10\/Super-Omega-3-Activ-4.jpg","type":"image\/jpeg"}],"twitter_card":"summary_large_image","twitter_site":"@natur__kosmetik","schema":{"@context":"https:\/\/schema.org","@graph":[{"@type":["WebPage","ItemPage"],"@id":"https:\/\/www.lraloeverashop.eu\/it\/prodotto\/omega-3-capsule\/","url":"https:\/\/www.lraloeverashop.eu\/it\/prodotto\/omega-3-capsule\/","name":"Omega 3 Capsule ad alto contenuto di acidi grassi omega 3","isPartOf":{"@id":"https:\/\/www.lraloeverashop.eu\/it\/#website"},"primaryImageOfPage":{"@id":"https:\/\/www.lraloeverashop.eu\/it\/prodotto\/omega-3-capsule\/#primaryimage"},"image":{"@id":"https:\/\/www.lraloeverashop.eu\/it\/prodotto\/omega-3-capsule\/#primaryimage"},"thumbnailUrl":"https:\/\/www.lraloeverashop.eu\/wp-content\/uploads\/2022\/10\/Super-Omega-3-Activ-4.jpg","datePublished":"2022-10-13T07:13:21+00:00","dateModified":"2026-02-03T19:29:13+00:00","description":"Le preziose Omega 3 Capsule con alto coontenuto di acidi grassi omega 3 sono fatti da olio sardine, sgombri e tonno e contribuiscono alla salute del cuore","breadcrumb":{"@id":"https:\/\/www.lraloeverashop.eu\/it\/prodotto\/omega-3-capsule\/#breadcrumb"},"inLanguage":"it-IT","potentialAction":[{"@type":"ReadAction","target":["https:\/\/www.lraloeverashop.eu\/it\/prodotto\/omega-3-capsule\/"]}]},{"@type":"ImageObject","inLanguage":"it-IT","@id":"https:\/\/www.lraloeverashop.eu\/it\/prodotto\/omega-3-capsule\/#primaryimage","url":"https:\/\/www.lraloeverashop.eu\/wp-content\/uploads\/2022\/10\/Super-Omega-3-Activ-4.jpg","contentUrl":"https:\/\/www.lraloeverashop.eu\/wp-content\/uploads\/2022\/10\/Super-Omega-3-Activ-4.jpg","width":1200,"height":1200,"caption":"Super Omega Compresse per la salute del cuore"},{"@type":"BreadcrumbList","@id":"https:\/\/www.lraloeverashop.eu\/it\/prodotto\/omega-3-capsule\/#breadcrumb","itemListElement":[{"@type":"ListItem","position":1,"name":"Home","item":"https:\/\/www.lraloeverashop.eu\/it\/"},{"@type":"ListItem","position":2,"name":"Negozio","item":"https:\/\/www.lraloeverashop.eu\/it\/negozio\/"},{"@type":"ListItem","position":3,"name":"Omega 3 Capsule Set 4 Pezzi"}]},{"@type":"WebSite","@id":"https:\/\/www.lraloeverashop.eu\/it\/#website","url":"https:\/\/www.lraloeverashop.eu\/it\/","name":"Lr Negozio di Aloe Vera","description":"High Quality Lr Aloe Vera Gel, Aloe Vera Cream and Shampoo","publisher":{"@id":"https:\/\/www.lraloeverashop.eu\/it\/#organization"},"potentialAction":[{"@type":"SearchAction","target":{"@type":"EntryPoint","urlTemplate":"https:\/\/www.lraloeverashop.eu\/it\/?s={search_term_string}"},"query-input":{"@type":"PropertyValueSpecification","valueRequired":true,"valueName":"search_term_string"}}],"inLanguage":"it-IT"},{"@type":"Organization","@id":"https:\/\/www.lraloeverashop.eu\/it\/#organization","name":"Negozio di Lr Aloe Vera","alternateName":"LR","url":"https:\/\/www.lraloeverashop.eu\/it\/","logo":{"@type":"ImageObject","inLanguage":"it-IT","@id":"https:\/\/www.lraloeverashop.eu\/it\/#\/schema\/logo\/image\/","url":"https:\/\/www.lraloeverashop.eu\/wp-content\/uploads\/2022\/09\/cropped-Lr-Aloe-Vera-Shop.jpg","contentUrl":"https:\/\/www.lraloeverashop.eu\/wp-content\/uploads\/2022\/09\/cropped-Lr-Aloe-Vera-Shop.jpg","width":228,"height":76,"caption":"Negozio di Lr Aloe Vera"},"image":{"@id":"https:\/\/www.lraloeverashop.eu\/it\/#\/schema\/logo\/image\/"},"sameAs":["https:\/\/www.facebook.com\/lraloeverashop.eu","https:\/\/x.com\/natur__kosmetik","https:\/\/www.youtube.com\/channel\/UC5oN7BJ8nfYb8RpVtjwDEBA","https:\/\/www.instagram.com\/lrbeautyeu\/"],"description":"Negozio di Lr Aloe Vera \u00e8 il tuo punto di riferimento per i prodotti LR Health & Beauty di alta qualit\u00e0, realizzati in Germania. Offriamo soluzioni per la cura della pelle, l'alimentazione e l'anti-et\u00e0 a base di Aloe Vera, formulate con ingredienti puri e supportate da ricerche scientifiche. Scopri una cura naturale che rigenera, protegge e rivitalizza la tua pelle e approfitta delle esclusive offerte mensili sui nostri prodotti LR Aloe Vera pi\u00f9 venduti.\nInizia oggi il tuo percorso di cura della pelle naturale e senti la differenza.","email":"info@lraloeverashop.eu","telephone":"+49 17670609653","legalName":"Lr Aloe Vera Shop","foundingDate":"2018-04-21","numberOfEmployees":{"@type":"QuantitativeValue","minValue":"1","maxValue":"10"}}]},"product_price_amount":"166.99","product_price_currency":"EUR","og_availability":"instock","product_availability":"instock","product_retailer_item_id":"80144-401IT","product_condition":"new"},"taxonomy_info":{"product_cat":[{"value":400,"label":"Base"},{"value":424,"label":"Cuore e Circolazione"},{"value":442,"label":"Prestazioni ed Energia"},{"value":461,"label":"Risparmia in set"},{"value":466,"label":"Specialisti"},{"value":299,"label":"Vitamine e Minerali"}],"product_tag":[{"value":666,"label":"Minerali e vitamine"}]},"featured_image_src_large":["https:\/\/www.lraloeverashop.eu\/wp-content\/uploads\/2022\/10\/Super-Omega-3-Activ-4-1024x1024.jpg",1024,1024,true],"author_info":[],"comment_info":0,"_links":{"self":[{"href":"https:\/\/www.lraloeverashop.eu\/it\/wp-json\/wp\/v2\/product\/9641","targetHints":{"allow":["GET"]}}],"collection":[{"href":"https:\/\/www.lraloeverashop.eu\/it\/wp-json\/wp\/v2\/product"}],"about":[{"href":"https:\/\/www.lraloeverashop.eu\/it\/wp-json\/wp\/v2\/types\/product"}],"replies":[{"embeddable":true,"href":"https:\/\/www.lraloeverashop.eu\/it\/wp-json\/wp\/v2\/comments?post=9641"}],"wp:featuredmedia":[{"embeddable":true,"href":"https:\/\/www.lraloeverashop.eu\/it\/wp-json\/wp\/v2\/media\/5240"}],"wp:attachment":[{"href":"https:\/\/www.lraloeverashop.eu\/it\/wp-json\/wp\/v2\/media?parent=9641"}],"wp:term":[{"taxonomy":"product_brand","embeddable":true,"href":"https:\/\/www.lraloeverashop.eu\/it\/wp-json\/wp\/v2\/product_brand?post=9641"},{"taxonomy":"product_cat","embeddable":true,"href":"https:\/\/www.lraloeverashop.eu\/it\/wp-json\/wp\/v2\/product_cat?post=9641"},{"taxonomy":"product_tag","embeddable":true,"href":"https:\/\/www.lraloeverashop.eu\/it\/wp-json\/wp\/v2\/product_tag?post=9641"}],"curies":[{"name":"wp","href":"https:\/\/api.w.org\/{rel}","templated":true}]}}