{"id":9628,"date":"2022-10-13T09:03:50","date_gmt":"2022-10-13T07:03:50","guid":{"rendered":"https:\/\/www.lraloeverashop.eu\/product\/super-omega-compresse\/"},"modified":"2026-02-03T20:29:26","modified_gmt":"2026-02-03T19:29:26","slug":"super-omega-compresse","status":"publish","type":"product","link":"https:\/\/www.lraloeverashop.eu\/it\/prodotto\/super-omega-compresse\/","title":{"rendered":"Super Omega Compresse"},"content":{"rendered":"<h2><span style=\"font-size: 16pt;\"><strong>Super Omega Compresse<\/strong><\/span><\/h2>\n<p><span style=\"font-size: 14pt;\"><strong>Super Omega Compresse &#8211; il contributo quotidiano alla normale funzione cardiaca<\/strong><\/span><\/p>\n<p>Gli acidi grassi delle Super Omega Compresse hanno un effetto molto positivo sui vari processi corporei. Quindi dovresti fare attenzione a raggiungere sempre la quantit\u00e0 giornaliera raccomandata di acidi grassi omega-3.<\/p>\n<p>Le compresse sono ad alto contenuto di acidi grassi omega 3 e gli alti livelli di EPA e DHA contribuiscono alla normale <a href=\"https:\/\/www.lraloeverashop.eu\/it\/prodotto\/reishi-plus-compresse\/\">funzione cardiaca<\/a>.<\/p>\n<p>L&#8217;EPA \u00e8 responsabile di molti processi nel corpo, in particolare, contribuisce al supporto della normale funzione cardiaca. A tal fine \u00e8 sufficiente l&#8217;assunzione di almeno 250 mg di DHA al giorno. Questa necessit\u00e0 \u00e8 generosamente coperta dalla razione giornaliera di Super Omega. Inoltre, il DHA aiuta anche a mantenere la nostra <a href=\"https:\/\/www.lraloeverashop.eu\/it\/prodotto\/omega-3-capsule\/\">normale funzione cerebrale<\/a>.<\/p>\n<p>I preziosi acidi grassi Omega 3 contenuti nelle Super Omega Compresse sono prodotti con olio di pesce di alta qualit\u00e0 proveniente da sardine, sgombri e tonno. Lr utilizza solo pesce vivo del Pacifico sudamericano per la produzione delle Compresse.<\/p>\n<p>La cattura e la lavorazione sono certificate come particolarmente sostenibili, quindi proteggono l&#8217;ambiente e gli stock ittici e quindi tutti portano il marchio di qualit\u00e0 &#8220;Friend of the Sea&#8221;.<\/p>\n<p>&nbsp;<\/p>\n<h2><strong><span style=\"font-size: 16pt;\">Come usare Super Omega Compresse<\/span><\/strong><\/h2>\n<p>Prendere 3 capsule al giorno con un po \u2018di liquido.<br \/>\nLa dose giornaliera raccomandata non deve essere superata. Gli integratori alimentari non sono un sostituto di una dieta varia ed equilibrata che \u00e8 importante insieme a uno stile di vita sano.<\/p>\n<p>Tenere il prodotto fuori dalla portata dei bambini piccoli. Conservare a secco e non oltre i 20 \u00b0 C. Contiene glutine.<\/p>\n<p>&nbsp;<\/p>\n<h3><strong><span style=\"font-size: 16pt;\">Lo sapevate?<\/span><\/strong><\/h3>\n<p>Gli acidi grassi omega-3 in Super Omega Compresse sono essenziali per gli esseri umani.<br \/>\nNon possono essere prodotti dal metabolismo umano ma devono essere alimentati attraverso il cibo. Secondo l\u2019Autorit\u00e0 europea per la sicurezza alimentare (EFSA), l\u2019assunzione giornaliera di almeno 250 mg di DHA \u00e8 raccomandata. La Societ\u00e0 tedesca per la nutrizione (DGE) conferma questa raccomandazione.<\/p>\n<p>&nbsp;<\/p>\n<h4><strong><span style=\"font-size: 16pt;\">Domande frequenti<\/span><\/strong><\/h4>\n<p><strong>Come sono fatte le Super Omega compresse?<\/strong><br \/>\nLe capsule Super Omega contengono un concentrato a base di vero olio di pesce. In questo modo, gli acidi grassi omega-3 sono arricchiti e resi disponibili per la nutrizione umana. Per le capsule Super Omega,<br \/>\n<a href=\"https:\/\/shop.lrworld.com\/home\/IT\/it?PHP=0vFlt7jT938BEnBI3a6e9w%3D%3D\">Lr Health &amp; Beauty<\/a> utilizza solo pesci grassi di acqua salata come sardine, sgombri e tonno, integrati con prezioso olio di enotera.<\/p>\n<p><strong>Cos\u2019\u00e8 il beta-glucano?<\/strong><br \/>\nIl beta-glucano \u00e8 un polisaccaride naturale (polisaccaride) delle fibre di orzo.<\/p>\n<p><strong>Cosa si pu\u00f2 fare per supportare il sistema cardiovascolare?<\/strong><br \/>\nOltre ai nutrienti come gli Super Omega Compresse con acidi grassi omega-3, l\u2019esercizio fisico regolare e una dieta equilibrata sono la chiave per mantenere il cuore e i vasi sanguigni.<\/p>\n<p><strong>\u00b9EPA e DHA contribuiscono alla normale funzione cardiaca. Ci\u00f2 richiede l&#8217;assunzione di almeno 250 mg di EPA e DHA al giorno.<\/strong><\/p>\n","protected":false},"excerpt":{"rendered":"<ul>\n<li>Compresse per la salute del cuore\u00b9<\/li>\n<li>Alto contenuto di EPA (acido eicosapentaenoico) e DHA (acido docosaesaenoico)<\/li>\n<li>Solo di sgombro vivente, sardine e tonno<\/li>\n<li>Solo da pesca sostenibile con il sigillo \u201cFriend of the Sea\u201d<\/li>\n<li>Prodotto fatto in Germania<\/li>\n<li>Quantit\u00e0: 60 Compresse<\/li>\n<\/ul>\n<p><span style=\"color: #ff0000;\"><a style=\"color: #ff0000;\" href=\"https:\/\/shop.lrworld.com\/openpao?PHP=0vFlt7jT938BEnBI3a6e9w%3D%3D\"><span style=\"font-size: 14pt;\"><strong>Registrati ora e risparmia il 35% su ogni ordine<\/strong><\/span><\/a><\/span><\/p>\n","protected":false},"featured_media":5636,"comment_status":"open","ping_status":"closed","template":"","meta":{"_kad_blocks_custom_css":"","_kad_blocks_head_custom_js":"","_kad_blocks_body_custom_js":"","_kad_blocks_footer_custom_js":"","_kadence_starter_templates_imported_post":false,"_kad_post_transparent":"default","_kad_post_title":"","_kad_post_layout":"default","_kad_post_sidebar_id":"","_kad_post_content_style":"default","_kad_post_vertical_padding":"default","_kad_post_feature":"","_kad_post_feature_position":"","_kad_post_header":false,"_kad_post_footer":false,"_kad_post_classname":""},"product_brand":[],"product_cat":[400,424,442,466,299],"product_tag":[666],"class_list":{"0":"post-9628","1":"product","2":"type-product","3":"status-publish","4":"has-post-thumbnail","6":"product_cat-base-it","7":"product_cat-cuore-e-circolazione","8":"product_cat-prestazioni-ed-energia","9":"product_cat-nutrizionisti","10":"product_cat-vitamine-e-minerali","11":"product_tag-minerali-e-vitamine","13":"first","14":"instock","15":"taxable","16":"shipping-taxable","17":"purchasable","18":"product-type-simple","19":"entry","20":"content-bg","21":"loop-entry"},"yoast_head":"<!-- This site is optimized with the Yoast SEO Premium plugin v27.5 (Yoast SEO v27.5) - https:\/\/yoast.com\/product\/yoast-seo-premium-wordpress\/ -->\n<title>Super Omega Compresse supporto la normale funzione cardiaca<\/title>\n<meta name=\"description\" content=\"Super Omega Compresse per la salute del cuore con alto contenuto di EPA e DHA. Solo da sgombro vivente, sardine e tonno. Acidi grassi omega 3 essenziali.\" \/>\n<meta name=\"robots\" content=\"index, follow, max-snippet:-1, max-image-preview:large, max-video-preview:-1\" \/>\n<link rel=\"canonical\" href=\"https:\/\/www.lraloeverashop.eu\/it\/prodotto\/super-omega-compresse\/\" \/>\n<meta property=\"og:locale\" content=\"it_IT\" \/>\n<meta property=\"og:type\" content=\"article\" \/>\n<meta property=\"og:title\" content=\"Super Omega Compresse\" \/>\n<meta property=\"og:description\" content=\"Super Omega Compresse per la salute del cuore con alto contenuto di EPA e DHA. Solo da sgombro vivente, sardine e tonno. Acidi grassi omega 3 essenziali.\" \/>\n<meta property=\"og:url\" content=\"https:\/\/www.lraloeverashop.eu\/it\/prodotto\/super-omega-compresse\/\" \/>\n<meta property=\"og:site_name\" content=\"Lr Negozio di Aloe Vera\" \/>\n<meta property=\"article:publisher\" content=\"https:\/\/www.facebook.com\/lraloeverashop.eu\" \/>\n<meta property=\"article:modified_time\" content=\"2026-02-03T19:29:26+00:00\" \/>\n<meta property=\"og:image\" content=\"https:\/\/www.lraloeverashop.eu\/wp-content\/uploads\/2022\/10\/Lr-Omega-3-Fatty-acids-contributes-to-normal-cardiac-function.jpg\" \/>\n\t<meta property=\"og:image:width\" content=\"1200\" \/>\n\t<meta property=\"og:image:height\" content=\"1200\" \/>\n\t<meta property=\"og:image:type\" content=\"image\/jpeg\" \/>\n<meta name=\"twitter:card\" content=\"summary_large_image\" \/>\n<meta name=\"twitter:site\" content=\"@natur__kosmetik\" \/>\n<script type=\"application\/ld+json\" class=\"yoast-schema-graph\">{\"@context\":\"https:\\\/\\\/schema.org\",\"@graph\":[{\"@type\":[\"WebPage\",\"ItemPage\"],\"@id\":\"https:\\\/\\\/www.lraloeverashop.eu\\\/it\\\/prodotto\\\/super-omega-compresse\\\/\",\"url\":\"https:\\\/\\\/www.lraloeverashop.eu\\\/it\\\/prodotto\\\/super-omega-compresse\\\/\",\"name\":\"Super Omega Compresse supporto la normale funzione cardiaca\",\"isPartOf\":{\"@id\":\"https:\\\/\\\/www.lraloeverashop.eu\\\/it\\\/#website\"},\"primaryImageOfPage\":{\"@id\":\"https:\\\/\\\/www.lraloeverashop.eu\\\/it\\\/prodotto\\\/super-omega-compresse\\\/#primaryimage\"},\"image\":{\"@id\":\"https:\\\/\\\/www.lraloeverashop.eu\\\/it\\\/prodotto\\\/super-omega-compresse\\\/#primaryimage\"},\"thumbnailUrl\":\"https:\\\/\\\/www.lraloeverashop.eu\\\/wp-content\\\/uploads\\\/2022\\\/10\\\/Lr-Omega-3-Fatty-acids-contributes-to-normal-cardiac-function.jpg\",\"datePublished\":\"2022-10-13T07:03:50+00:00\",\"dateModified\":\"2026-02-03T19:29:26+00:00\",\"description\":\"Super Omega Compresse per la salute del cuore con alto contenuto di EPA e DHA. Solo da sgombro vivente, sardine e tonno. Acidi grassi omega 3 essenziali.\",\"breadcrumb\":{\"@id\":\"https:\\\/\\\/www.lraloeverashop.eu\\\/it\\\/prodotto\\\/super-omega-compresse\\\/#breadcrumb\"},\"inLanguage\":\"it-IT\",\"potentialAction\":[{\"@type\":\"ReadAction\",\"target\":[\"https:\\\/\\\/www.lraloeverashop.eu\\\/it\\\/prodotto\\\/super-omega-compresse\\\/\"]}]},{\"@type\":\"ImageObject\",\"inLanguage\":\"it-IT\",\"@id\":\"https:\\\/\\\/www.lraloeverashop.eu\\\/it\\\/prodotto\\\/super-omega-compresse\\\/#primaryimage\",\"url\":\"https:\\\/\\\/www.lraloeverashop.eu\\\/wp-content\\\/uploads\\\/2022\\\/10\\\/Lr-Omega-3-Fatty-acids-contributes-to-normal-cardiac-function.jpg\",\"contentUrl\":\"https:\\\/\\\/www.lraloeverashop.eu\\\/wp-content\\\/uploads\\\/2022\\\/10\\\/Lr-Omega-3-Fatty-acids-contributes-to-normal-cardiac-function.jpg\",\"width\":1200,\"height\":1200,\"caption\":\"Super Omega Compresse sono prodotti con olio di pesce di alta qualit\u00e0\"},{\"@type\":\"BreadcrumbList\",\"@id\":\"https:\\\/\\\/www.lraloeverashop.eu\\\/it\\\/prodotto\\\/super-omega-compresse\\\/#breadcrumb\",\"itemListElement\":[{\"@type\":\"ListItem\",\"position\":1,\"name\":\"Home\",\"item\":\"https:\\\/\\\/www.lraloeverashop.eu\\\/it\\\/\"},{\"@type\":\"ListItem\",\"position\":2,\"name\":\"Negozio\",\"item\":\"https:\\\/\\\/www.lraloeverashop.eu\\\/it\\\/negozio\\\/\"},{\"@type\":\"ListItem\",\"position\":3,\"name\":\"Super Omega Compresse\"}]},{\"@type\":\"WebSite\",\"@id\":\"https:\\\/\\\/www.lraloeverashop.eu\\\/it\\\/#website\",\"url\":\"https:\\\/\\\/www.lraloeverashop.eu\\\/it\\\/\",\"name\":\"Lr Negozio di Aloe Vera\",\"description\":\"High Quality Lr Aloe Vera Gel, Aloe Vera Cream and Shampoo\",\"publisher\":{\"@id\":\"https:\\\/\\\/www.lraloeverashop.eu\\\/it\\\/#organization\"},\"alternateName\":\"LR\",\"potentialAction\":[{\"@type\":\"SearchAction\",\"target\":{\"@type\":\"EntryPoint\",\"urlTemplate\":\"https:\\\/\\\/www.lraloeverashop.eu\\\/it\\\/?s={search_term_string}\"},\"query-input\":{\"@type\":\"PropertyValueSpecification\",\"valueRequired\":true,\"valueName\":\"search_term_string\"}}],\"inLanguage\":\"it-IT\"},{\"@type\":\"Organization\",\"@id\":\"https:\\\/\\\/www.lraloeverashop.eu\\\/it\\\/#organization\",\"name\":\"Negozio di Lr Aloe Vera\",\"alternateName\":\"LR\",\"url\":\"https:\\\/\\\/www.lraloeverashop.eu\\\/it\\\/\",\"logo\":{\"@type\":\"ImageObject\",\"inLanguage\":\"it-IT\",\"@id\":\"https:\\\/\\\/www.lraloeverashop.eu\\\/it\\\/#\\\/schema\\\/logo\\\/image\\\/\",\"url\":\"https:\\\/\\\/www.lraloeverashop.eu\\\/wp-content\\\/uploads\\\/2022\\\/09\\\/cropped-Lr-Aloe-Vera-Shop.jpg\",\"contentUrl\":\"https:\\\/\\\/www.lraloeverashop.eu\\\/wp-content\\\/uploads\\\/2022\\\/09\\\/cropped-Lr-Aloe-Vera-Shop.jpg\",\"width\":228,\"height\":76,\"caption\":\"Negozio di Lr Aloe Vera\"},\"image\":{\"@id\":\"https:\\\/\\\/www.lraloeverashop.eu\\\/it\\\/#\\\/schema\\\/logo\\\/image\\\/\"},\"sameAs\":[\"https:\\\/\\\/www.facebook.com\\\/lraloeverashop.eu\",\"https:\\\/\\\/x.com\\\/natur__kosmetik\",\"https:\\\/\\\/www.youtube.com\\\/channel\\\/UC5oN7BJ8nfYb8RpVtjwDEBA\",\"https:\\\/\\\/www.instagram.com\\\/lrbeautyeu\\\/\"],\"description\":\"Negozio di Lr Aloe Vera \u00e8 il tuo punto di riferimento per i prodotti LR Health & Beauty di alta qualit\u00e0, realizzati in Germania. Offriamo soluzioni per la cura della pelle, l'alimentazione e l'anti-et\u00e0 a base di Aloe Vera, formulate con ingredienti puri e supportate da ricerche scientifiche. Scopri una cura naturale che rigenera, protegge e rivitalizza la tua pelle e approfitta delle esclusive offerte mensili sui nostri prodotti LR Aloe Vera pi\u00f9 venduti.\\nInizia oggi il tuo percorso di cura della pelle naturale e senti la differenza.\",\"email\":\"info@lraloeverashop.eu\",\"telephone\":\"+49 17670609653\",\"legalName\":\"Lr Aloe Vera Shop\",\"foundingDate\":\"2018-04-21\",\"numberOfEmployees\":{\"@type\":\"QuantitativeValue\",\"minValue\":\"1\",\"maxValue\":\"10\"}}]}<\/script>\n<meta property=\"product:price:amount\" content=\"42.99\" \/>\n<meta property=\"product:price:currency\" content=\"EUR\" \/>\n<meta property=\"og:availability\" content=\"instock\" \/>\n<meta property=\"product:availability\" content=\"instock\" \/>\n<meta property=\"product:retailer_item_id\" content=\"80338-401IT\" \/>\n<meta property=\"product:condition\" content=\"new\" \/>\n<!-- \/ Yoast SEO Premium plugin. -->","yoast_head_json":{"title":"Super Omega Compresse supporto la normale funzione cardiaca","description":"Super Omega Compresse per la salute del cuore con alto contenuto di EPA e DHA. Solo da sgombro vivente, sardine e tonno. Acidi grassi omega 3 essenziali.","robots":{"index":"index","follow":"follow","max-snippet":"max-snippet:-1","max-image-preview":"max-image-preview:large","max-video-preview":"max-video-preview:-1"},"canonical":"https:\/\/www.lraloeverashop.eu\/it\/prodotto\/super-omega-compresse\/","og_locale":"it_IT","og_type":"article","og_title":"Super Omega Compresse","og_description":"Super Omega Compresse per la salute del cuore con alto contenuto di EPA e DHA. Solo da sgombro vivente, sardine e tonno. Acidi grassi omega 3 essenziali.","og_url":"https:\/\/www.lraloeverashop.eu\/it\/prodotto\/super-omega-compresse\/","og_site_name":"Lr Negozio di Aloe Vera","article_publisher":"https:\/\/www.facebook.com\/lraloeverashop.eu","article_modified_time":"2026-02-03T19:29:26+00:00","og_image":[{"width":1200,"height":1200,"url":"https:\/\/www.lraloeverashop.eu\/wp-content\/uploads\/2022\/10\/Lr-Omega-3-Fatty-acids-contributes-to-normal-cardiac-function.jpg","type":"image\/jpeg"}],"twitter_card":"summary_large_image","twitter_site":"@natur__kosmetik","schema":{"@context":"https:\/\/schema.org","@graph":[{"@type":["WebPage","ItemPage"],"@id":"https:\/\/www.lraloeverashop.eu\/it\/prodotto\/super-omega-compresse\/","url":"https:\/\/www.lraloeverashop.eu\/it\/prodotto\/super-omega-compresse\/","name":"Super Omega Compresse supporto la normale funzione cardiaca","isPartOf":{"@id":"https:\/\/www.lraloeverashop.eu\/it\/#website"},"primaryImageOfPage":{"@id":"https:\/\/www.lraloeverashop.eu\/it\/prodotto\/super-omega-compresse\/#primaryimage"},"image":{"@id":"https:\/\/www.lraloeverashop.eu\/it\/prodotto\/super-omega-compresse\/#primaryimage"},"thumbnailUrl":"https:\/\/www.lraloeverashop.eu\/wp-content\/uploads\/2022\/10\/Lr-Omega-3-Fatty-acids-contributes-to-normal-cardiac-function.jpg","datePublished":"2022-10-13T07:03:50+00:00","dateModified":"2026-02-03T19:29:26+00:00","description":"Super Omega Compresse per la salute del cuore con alto contenuto di EPA e DHA. Solo da sgombro vivente, sardine e tonno. Acidi grassi omega 3 essenziali.","breadcrumb":{"@id":"https:\/\/www.lraloeverashop.eu\/it\/prodotto\/super-omega-compresse\/#breadcrumb"},"inLanguage":"it-IT","potentialAction":[{"@type":"ReadAction","target":["https:\/\/www.lraloeverashop.eu\/it\/prodotto\/super-omega-compresse\/"]}]},{"@type":"ImageObject","inLanguage":"it-IT","@id":"https:\/\/www.lraloeverashop.eu\/it\/prodotto\/super-omega-compresse\/#primaryimage","url":"https:\/\/www.lraloeverashop.eu\/wp-content\/uploads\/2022\/10\/Lr-Omega-3-Fatty-acids-contributes-to-normal-cardiac-function.jpg","contentUrl":"https:\/\/www.lraloeverashop.eu\/wp-content\/uploads\/2022\/10\/Lr-Omega-3-Fatty-acids-contributes-to-normal-cardiac-function.jpg","width":1200,"height":1200,"caption":"Super Omega Compresse sono prodotti con olio di pesce di alta qualit\u00e0"},{"@type":"BreadcrumbList","@id":"https:\/\/www.lraloeverashop.eu\/it\/prodotto\/super-omega-compresse\/#breadcrumb","itemListElement":[{"@type":"ListItem","position":1,"name":"Home","item":"https:\/\/www.lraloeverashop.eu\/it\/"},{"@type":"ListItem","position":2,"name":"Negozio","item":"https:\/\/www.lraloeverashop.eu\/it\/negozio\/"},{"@type":"ListItem","position":3,"name":"Super Omega Compresse"}]},{"@type":"WebSite","@id":"https:\/\/www.lraloeverashop.eu\/it\/#website","url":"https:\/\/www.lraloeverashop.eu\/it\/","name":"Lr Negozio di Aloe Vera","description":"High Quality Lr Aloe Vera Gel, Aloe Vera Cream and Shampoo","publisher":{"@id":"https:\/\/www.lraloeverashop.eu\/it\/#organization"},"alternateName":"LR","potentialAction":[{"@type":"SearchAction","target":{"@type":"EntryPoint","urlTemplate":"https:\/\/www.lraloeverashop.eu\/it\/?s={search_term_string}"},"query-input":{"@type":"PropertyValueSpecification","valueRequired":true,"valueName":"search_term_string"}}],"inLanguage":"it-IT"},{"@type":"Organization","@id":"https:\/\/www.lraloeverashop.eu\/it\/#organization","name":"Negozio di Lr Aloe Vera","alternateName":"LR","url":"https:\/\/www.lraloeverashop.eu\/it\/","logo":{"@type":"ImageObject","inLanguage":"it-IT","@id":"https:\/\/www.lraloeverashop.eu\/it\/#\/schema\/logo\/image\/","url":"https:\/\/www.lraloeverashop.eu\/wp-content\/uploads\/2022\/09\/cropped-Lr-Aloe-Vera-Shop.jpg","contentUrl":"https:\/\/www.lraloeverashop.eu\/wp-content\/uploads\/2022\/09\/cropped-Lr-Aloe-Vera-Shop.jpg","width":228,"height":76,"caption":"Negozio di Lr Aloe Vera"},"image":{"@id":"https:\/\/www.lraloeverashop.eu\/it\/#\/schema\/logo\/image\/"},"sameAs":["https:\/\/www.facebook.com\/lraloeverashop.eu","https:\/\/x.com\/natur__kosmetik","https:\/\/www.youtube.com\/channel\/UC5oN7BJ8nfYb8RpVtjwDEBA","https:\/\/www.instagram.com\/lrbeautyeu\/"],"description":"Negozio di Lr Aloe Vera \u00e8 il tuo punto di riferimento per i prodotti LR Health & Beauty di alta qualit\u00e0, realizzati in Germania. Offriamo soluzioni per la cura della pelle, l'alimentazione e l'anti-et\u00e0 a base di Aloe Vera, formulate con ingredienti puri e supportate da ricerche scientifiche. Scopri una cura naturale che rigenera, protegge e rivitalizza la tua pelle e approfitta delle esclusive offerte mensili sui nostri prodotti LR Aloe Vera pi\u00f9 venduti.\nInizia oggi il tuo percorso di cura della pelle naturale e senti la differenza.","email":"info@lraloeverashop.eu","telephone":"+49 17670609653","legalName":"Lr Aloe Vera Shop","foundingDate":"2018-04-21","numberOfEmployees":{"@type":"QuantitativeValue","minValue":"1","maxValue":"10"}}]},"product_price_amount":"42.99","product_price_currency":"EUR","og_availability":"instock","product_availability":"instock","product_retailer_item_id":"80338-401IT","product_condition":"new"},"taxonomy_info":{"product_cat":[{"value":400,"label":"Base"},{"value":424,"label":"Cuore e Circolazione"},{"value":442,"label":"Prestazioni ed Energia"},{"value":466,"label":"Specialisti"},{"value":299,"label":"Vitamine e Minerali"}],"product_tag":[{"value":666,"label":"Minerali e vitamine"}]},"featured_image_src_large":["https:\/\/www.lraloeverashop.eu\/wp-content\/uploads\/2022\/10\/Lr-Omega-3-Fatty-acids-contributes-to-normal-cardiac-function-1024x1024.jpg",1024,1024,true],"author_info":[],"comment_info":0,"_links":{"self":[{"href":"https:\/\/www.lraloeverashop.eu\/it\/wp-json\/wp\/v2\/product\/9628","targetHints":{"allow":["GET"]}}],"collection":[{"href":"https:\/\/www.lraloeverashop.eu\/it\/wp-json\/wp\/v2\/product"}],"about":[{"href":"https:\/\/www.lraloeverashop.eu\/it\/wp-json\/wp\/v2\/types\/product"}],"replies":[{"embeddable":true,"href":"https:\/\/www.lraloeverashop.eu\/it\/wp-json\/wp\/v2\/comments?post=9628"}],"wp:featuredmedia":[{"embeddable":true,"href":"https:\/\/www.lraloeverashop.eu\/it\/wp-json\/wp\/v2\/media\/5636"}],"wp:attachment":[{"href":"https:\/\/www.lraloeverashop.eu\/it\/wp-json\/wp\/v2\/media?parent=9628"}],"wp:term":[{"taxonomy":"product_brand","embeddable":true,"href":"https:\/\/www.lraloeverashop.eu\/it\/wp-json\/wp\/v2\/product_brand?post=9628"},{"taxonomy":"product_cat","embeddable":true,"href":"https:\/\/www.lraloeverashop.eu\/it\/wp-json\/wp\/v2\/product_cat?post=9628"},{"taxonomy":"product_tag","embeddable":true,"href":"https:\/\/www.lraloeverashop.eu\/it\/wp-json\/wp\/v2\/product_tag?post=9628"}],"curies":[{"name":"wp","href":"https:\/\/api.w.org\/{rel}","templated":true}]}}