{"id":9576,"date":"2022-10-13T10:15:48","date_gmt":"2022-10-13T08:15:48","guid":{"rendered":"https:\/\/www.lraloeverashop.eu\/product\/mind-master-polvere-con-guarana\/"},"modified":"2026-02-03T20:28:14","modified_gmt":"2026-02-03T19:28:14","slug":"mind-master-polvere-con-guarana","status":"publish","type":"product","link":"https:\/\/www.lraloeverashop.eu\/it\/prodotto\/mind-master-polvere-con-guarana\/","title":{"rendered":"Mind Master Polvere con Guaran\u00e0"},"content":{"rendered":"<h2><strong><span style=\"font-size: 16pt;\">Mind Master Polvere con Guaran\u00e0<\/span><\/strong><\/h2>\n<p><strong><span style=\"font-size: 14pt;\">Mind Master Polvere con Guaran\u00e0 &#8211; kick di energia veloce per prestazioni mentali e fisiche.<\/span><\/strong><\/p>\n<p>Mind Master Polvere con Guaran\u00e0 in un comodo formato da asporto. Basta strappare il bastoncino, prendere direttamente senza acqua e iniziare con la forza! La formula 2 in 1 ti offre non solo potenza, ma anche protezione contro lo <a href=\"https:\/\/www.lraloeverashop.eu\/it\/prodotto\/mind-master-performance-drink-verde\/\">stress ossidativo<\/a>, grazie ad efficaci antiossidanti.<\/p>\n<p>Mind Master Polvere da <a href=\"https:\/\/shop.lrworld.com\/home\/IT\/it?PHP=0vFlt7jT938BEnBI3a6e9w%3D%3D\">Lr Health &amp; Beauty<\/a> fornisce una sferzata di energia istantanea, efficace e salutare per mente e corpo<span style=\"font-size: 10pt;\"><sup>1,2,3,4<\/sup><\/span><br \/>\nIn un comodo formato da asporto, lo stick si adatta a qualsiasi tasca e pu\u00f2 essere consumato direttamente, senza acqua.<\/p>\n<p style=\"text-align: left;\"><strong><span style=\"font-size: 14pt;\">Energia estrema per la mente<span style=\"font-size: 10pt;\"><sup>4,5<\/sup><\/span>:<\/span><\/strong><\/p>\n<p>Svegliato nel minor tempo possibile<span style=\"font-size: 14pt;\"><span style=\"font-size: 10pt;\"><sup>1,2,3<\/sup><\/span><\/span><br \/>\n<a href=\"https:\/\/www.lraloeverashop.eu\/it\/prodotto\/mind-master-extreme-con-guarana-set\/\">Aumento della concentrazione<\/a> e delle prestazioni<span style=\"font-size: 14pt;\"><span style=\"font-size: 10pt;\"><sup>1,2,4<\/sup><\/span><\/span><\/p>\n<p>&nbsp;<\/p>\n<p style=\"text-align: left;\"><strong><span style=\"font-size: 14pt;\">Energia estrema per il corpo<span style=\"font-size: 10pt;\"><sup>1,2,3,5,6<\/sup><\/span><\/span><\/strong><\/p>\n<p>In forma e vitale nel pi\u00f9 breve tempo possibile<span style=\"font-size: 10pt;\"><sup>1,2<\/sup><\/span><br \/>\nAumenta la resistenza e le prestazioni<span style=\"font-size: 10pt;\"><sup>2,3<\/sup><\/span><\/p>\n<p>&nbsp;<\/p>\n<p>Mind Master Polvere con Guaran\u00e0 \u00e8 costituito da un prezioso mix di super booster naturali, come caffeina, taurina, inositolo, aminoacidi, vitamine, minerali e coenzima Q10. Con edulcoranti. Senza glutine, senza lattosio, al gusto di melograno. Uno stick contiene pi\u00f9 caffeina di una tazza di caff\u00e8 espresso o di una bevanda energetica convenzionale. Copre il 100% del fabbisogno giornaliero di 6 importanti vitamine tra cui D, E, B12.<\/p>\n<p><strong><span style=\"color: #0000ff;\">Basta strapparlo, consumare il contenuto senza acqua e iniziare con la potenza!<\/span><\/strong><\/p>\n<h3><strong><span style=\"font-size: 16pt;\">Senza zucchero e al gusto di melograno fruttato.<\/span><\/strong><\/h3>\n<p>La caffeina del guaran\u00e0 e dell&#8217;estratto di t\u00e8 verde, cos\u00ec come gli aminoacidi (BCAA), stimolano il metabolismo e danno al tuo corpo energia a breve termine, cos\u00ec puoi lavorare direttamente. Le vitamine del gruppo B riducono l&#8217;affaticamento e supportano le funzioni mentali e cognitive.<\/p>\n<p>La tua reattivit\u00e0 aumenta e puoi agire pi\u00f9 velocemente e sei pi\u00f9 vigile. Gli antiossidanti come la vitamina E e la vitamina C proteggono dallo stress ossidativo.<\/p>\n<p>1) La vitamina B12 aiuta a ridurre l&#8217;affaticamento e la stanchezza.<br \/>\n2) La caffeina presente nel guaran\u00e0 aiuta ad aumentare la vigilanza e la concentrazione. La caffeina contenuta nel guaran\u00e0 aiuta ad aumentare le prestazioni di resistenza.<br \/>\n3) La vitamina C contribuisce al <a href=\"https:\/\/www.lraloeverashop.eu\/it\/mind-master-extreme-polvere-performante-per-piu-energia\/\">normale metabolismo energetico<\/a>.<br \/>\n4) La tiamina, la vitamina B6 e la vitamina B12 contribuiscono alla normale funzione mentale.<br \/>\n5) La vitamina E, la vitamina C e il selenio di Mind Master Extreme aiutano a proteggere le cellule dallo stress ossidativo.<br \/>\n6) La vitamina D contribuisce al mantenimento della <a href=\"https:\/\/www.lraloeverashop.eu\/it\/prodotto\/fiber-boost-bevanda-in-polvere-set\/\">normale funzione muscolare<\/a>.<\/p>\n","protected":false},"excerpt":{"rendered":"<ul>\n<li>Potenziatore delle prestazioni mentali e fisiche<span style=\"font-size: 10pt;\"><sup>2,3,4<\/sup><\/span><\/li>\n<li>Protezione dallo stress ossidativo<\/li>\n<li>Polvere ad alte prestazioni in un pratico formato da portare via<\/li>\n<li>Senza zucchero<\/li>\n<li>Sta in ogni tasca, per il consumo diretto senz&#8217;acqua<\/li>\n<li>La confezione contiene 14 stick (2,5 g ciascuno)<\/li>\n<\/ul>\n<p><span style=\"color: #ff0000;\"><a style=\"color: #ff0000;\" href=\"https:\/\/shop.lrworld.com\/openpao?PHP=0vFlt7jT938BEnBI3a6e9w%3D%3D\"><span style=\"font-size: 14pt;\"><strong>Registrati ora e risparmia il 35% su ogni ordine<\/strong><\/span><\/a><\/span><\/p>\n","protected":false},"featured_media":5690,"comment_status":"open","ping_status":"closed","template":"","meta":{"_kad_blocks_custom_css":"","_kad_blocks_head_custom_js":"","_kad_blocks_body_custom_js":"","_kad_blocks_footer_custom_js":"","_kadence_starter_templates_imported_post":false,"_kad_post_transparent":"default","_kad_post_title":"","_kad_post_layout":"default","_kad_post_sidebar_id":"","_kad_post_content_style":"default","_kad_post_vertical_padding":"default","_kad_post_feature":"","_kad_post_feature_position":"","_kad_post_header":false,"_kad_post_footer":false,"_kad_post_classname":""},"product_brand":[],"product_cat":[502,442,412,466],"product_tag":[658],"class_list":{"0":"post-9576","1":"product","2":"type-product","3":"status-publish","4":"has-post-thumbnail","6":"product_cat-mind-master-it","7":"product_cat-prestazioni-ed-energia","8":"product_cat-prodotti-speciali","9":"product_cat-nutrizionisti","10":"product_tag-energia","12":"first","13":"instock","14":"taxable","15":"shipping-taxable","16":"purchasable","17":"product-type-simple","18":"entry","19":"content-bg","20":"loop-entry"},"yoast_head":"<!-- This site is optimized with the Yoast SEO Premium plugin v27.4 (Yoast SEO v27.4) - https:\/\/yoast.com\/product\/yoast-seo-premium-wordpress\/ -->\n<title>Mind Master Polvere con Guaran\u00e0 per prestazioni fisiche<\/title>\n<meta name=\"description\" content=\"Mind Master Polvere con Guaran\u00e0 ti offre non solo potenza, ma anche protezione contro lo stress ossidativo, grazie ad efficaci antiossidanti. Con vitamina B\" \/>\n<meta name=\"robots\" content=\"index, follow, max-snippet:-1, max-image-preview:large, max-video-preview:-1\" \/>\n<link rel=\"canonical\" href=\"https:\/\/www.lraloeverashop.eu\/it\/prodotto\/mind-master-polvere-con-guarana\/\" \/>\n<meta property=\"og:locale\" content=\"it_IT\" \/>\n<meta property=\"og:type\" content=\"article\" \/>\n<meta property=\"og:title\" content=\"Mind Master Polvere con Guaran\u00e0\" \/>\n<meta property=\"og:description\" content=\"Mind Master Polvere con Guaran\u00e0 ti offre non solo potenza, ma anche protezione contro lo stress ossidativo, grazie ad efficaci antiossidanti. Con vitamina B\" \/>\n<meta property=\"og:url\" content=\"https:\/\/www.lraloeverashop.eu\/it\/prodotto\/mind-master-polvere-con-guarana\/\" \/>\n<meta property=\"og:site_name\" content=\"Lr Negozio di Aloe Vera\" \/>\n<meta property=\"article:publisher\" content=\"https:\/\/www.facebook.com\/lraloeverashop.eu\" \/>\n<meta property=\"article:modified_time\" content=\"2026-02-03T19:28:14+00:00\" \/>\n<meta property=\"og:image\" content=\"https:\/\/www.lraloeverashop.eu\/wp-content\/uploads\/2022\/10\/mind-master-extreme-performance-powder-with-guarana.jpg\" \/>\n\t<meta property=\"og:image:width\" content=\"1200\" \/>\n\t<meta property=\"og:image:height\" content=\"1200\" \/>\n\t<meta property=\"og:image:type\" content=\"image\/jpeg\" \/>\n<meta name=\"twitter:card\" content=\"summary_large_image\" \/>\n<meta name=\"twitter:site\" content=\"@natur__kosmetik\" \/>\n<script type=\"application\/ld+json\" class=\"yoast-schema-graph\">{\"@context\":\"https:\\\/\\\/schema.org\",\"@graph\":[{\"@type\":[\"WebPage\",\"ItemPage\"],\"@id\":\"https:\\\/\\\/www.lraloeverashop.eu\\\/it\\\/prodotto\\\/mind-master-polvere-con-guarana\\\/\",\"url\":\"https:\\\/\\\/www.lraloeverashop.eu\\\/it\\\/prodotto\\\/mind-master-polvere-con-guarana\\\/\",\"name\":\"Mind Master Polvere con Guaran\u00e0 per prestazioni fisiche\",\"isPartOf\":{\"@id\":\"https:\\\/\\\/www.lraloeverashop.eu\\\/it\\\/#website\"},\"primaryImageOfPage\":{\"@id\":\"https:\\\/\\\/www.lraloeverashop.eu\\\/it\\\/prodotto\\\/mind-master-polvere-con-guarana\\\/#primaryimage\"},\"image\":{\"@id\":\"https:\\\/\\\/www.lraloeverashop.eu\\\/it\\\/prodotto\\\/mind-master-polvere-con-guarana\\\/#primaryimage\"},\"thumbnailUrl\":\"https:\\\/\\\/www.lraloeverashop.eu\\\/wp-content\\\/uploads\\\/2022\\\/10\\\/mind-master-extreme-performance-powder-with-guarana.jpg\",\"datePublished\":\"2022-10-13T08:15:48+00:00\",\"dateModified\":\"2026-02-03T19:28:14+00:00\",\"description\":\"Mind Master Polvere con Guaran\u00e0 ti offre non solo potenza, ma anche protezione contro lo stress ossidativo, grazie ad efficaci antiossidanti. Con vitamina B\",\"breadcrumb\":{\"@id\":\"https:\\\/\\\/www.lraloeverashop.eu\\\/it\\\/prodotto\\\/mind-master-polvere-con-guarana\\\/#breadcrumb\"},\"inLanguage\":\"it-IT\",\"potentialAction\":[{\"@type\":\"ReadAction\",\"target\":[\"https:\\\/\\\/www.lraloeverashop.eu\\\/it\\\/prodotto\\\/mind-master-polvere-con-guarana\\\/\"]}]},{\"@type\":\"ImageObject\",\"inLanguage\":\"it-IT\",\"@id\":\"https:\\\/\\\/www.lraloeverashop.eu\\\/it\\\/prodotto\\\/mind-master-polvere-con-guarana\\\/#primaryimage\",\"url\":\"https:\\\/\\\/www.lraloeverashop.eu\\\/wp-content\\\/uploads\\\/2022\\\/10\\\/mind-master-extreme-performance-powder-with-guarana.jpg\",\"contentUrl\":\"https:\\\/\\\/www.lraloeverashop.eu\\\/wp-content\\\/uploads\\\/2022\\\/10\\\/mind-master-extreme-performance-powder-with-guarana.jpg\",\"width\":1200,\"height\":1200,\"caption\":\"mind master extreme polvere ad alte prestazioni con guaran\u00e0\"},{\"@type\":\"BreadcrumbList\",\"@id\":\"https:\\\/\\\/www.lraloeverashop.eu\\\/it\\\/prodotto\\\/mind-master-polvere-con-guarana\\\/#breadcrumb\",\"itemListElement\":[{\"@type\":\"ListItem\",\"position\":1,\"name\":\"Home\",\"item\":\"https:\\\/\\\/www.lraloeverashop.eu\\\/it\\\/\"},{\"@type\":\"ListItem\",\"position\":2,\"name\":\"Negozio\",\"item\":\"https:\\\/\\\/www.lraloeverashop.eu\\\/it\\\/negozio\\\/\"},{\"@type\":\"ListItem\",\"position\":3,\"name\":\"Mind Master Polvere con Guaran\u00e0\"}]},{\"@type\":\"WebSite\",\"@id\":\"https:\\\/\\\/www.lraloeverashop.eu\\\/it\\\/#website\",\"url\":\"https:\\\/\\\/www.lraloeverashop.eu\\\/it\\\/\",\"name\":\"Lr Negozio di Aloe Vera\",\"description\":\"High Quality Lr Aloe Vera Gel, Aloe Vera Cream and Shampoo\",\"publisher\":{\"@id\":\"https:\\\/\\\/www.lraloeverashop.eu\\\/it\\\/#organization\"},\"potentialAction\":[{\"@type\":\"SearchAction\",\"target\":{\"@type\":\"EntryPoint\",\"urlTemplate\":\"https:\\\/\\\/www.lraloeverashop.eu\\\/it\\\/?s={search_term_string}\"},\"query-input\":{\"@type\":\"PropertyValueSpecification\",\"valueRequired\":true,\"valueName\":\"search_term_string\"}}],\"inLanguage\":\"it-IT\"},{\"@type\":\"Organization\",\"@id\":\"https:\\\/\\\/www.lraloeverashop.eu\\\/it\\\/#organization\",\"name\":\"Negozio di Lr Aloe Vera\",\"alternateName\":\"LR\",\"url\":\"https:\\\/\\\/www.lraloeverashop.eu\\\/it\\\/\",\"logo\":{\"@type\":\"ImageObject\",\"inLanguage\":\"it-IT\",\"@id\":\"https:\\\/\\\/www.lraloeverashop.eu\\\/it\\\/#\\\/schema\\\/logo\\\/image\\\/\",\"url\":\"https:\\\/\\\/www.lraloeverashop.eu\\\/wp-content\\\/uploads\\\/2022\\\/09\\\/cropped-Lr-Aloe-Vera-Shop.jpg\",\"contentUrl\":\"https:\\\/\\\/www.lraloeverashop.eu\\\/wp-content\\\/uploads\\\/2022\\\/09\\\/cropped-Lr-Aloe-Vera-Shop.jpg\",\"width\":228,\"height\":76,\"caption\":\"Negozio di Lr Aloe Vera\"},\"image\":{\"@id\":\"https:\\\/\\\/www.lraloeverashop.eu\\\/it\\\/#\\\/schema\\\/logo\\\/image\\\/\"},\"sameAs\":[\"https:\\\/\\\/www.facebook.com\\\/lraloeverashop.eu\",\"https:\\\/\\\/x.com\\\/natur__kosmetik\",\"https:\\\/\\\/www.youtube.com\\\/channel\\\/UC5oN7BJ8nfYb8RpVtjwDEBA\",\"https:\\\/\\\/www.instagram.com\\\/lrbeautyeu\\\/\"],\"description\":\"Negozio di Lr Aloe Vera \u00e8 il tuo punto di riferimento per i prodotti LR Health & Beauty di alta qualit\u00e0, realizzati in Germania. Offriamo soluzioni per la cura della pelle, l'alimentazione e l'anti-et\u00e0 a base di Aloe Vera, formulate con ingredienti puri e supportate da ricerche scientifiche. Scopri una cura naturale che rigenera, protegge e rivitalizza la tua pelle e approfitta delle esclusive offerte mensili sui nostri prodotti LR Aloe Vera pi\u00f9 venduti.\\nInizia oggi il tuo percorso di cura della pelle naturale e senti la differenza.\",\"email\":\"info@lraloeverashop.eu\",\"telephone\":\"+49 17670609653\",\"legalName\":\"Lr Aloe Vera Shop\",\"foundingDate\":\"2018-04-21\",\"numberOfEmployees\":{\"@type\":\"QuantitativeValue\",\"minValue\":\"1\",\"maxValue\":\"10\"}}]}<\/script>\n<meta property=\"product:price:amount\" content=\"36.99\" \/>\n<meta property=\"product:price:currency\" content=\"EUR\" \/>\n<meta property=\"og:availability\" content=\"instock\" \/>\n<meta property=\"product:availability\" content=\"instock\" \/>\n<meta property=\"product:retailer_item_id\" content=\"80980-101IT\" \/>\n<meta property=\"product:condition\" content=\"new\" \/>\n<!-- \/ Yoast SEO Premium plugin. -->","yoast_head_json":{"title":"Mind Master Polvere con Guaran\u00e0 per prestazioni fisiche","description":"Mind Master Polvere con Guaran\u00e0 ti offre non solo potenza, ma anche protezione contro lo stress ossidativo, grazie ad efficaci antiossidanti. Con vitamina B","robots":{"index":"index","follow":"follow","max-snippet":"max-snippet:-1","max-image-preview":"max-image-preview:large","max-video-preview":"max-video-preview:-1"},"canonical":"https:\/\/www.lraloeverashop.eu\/it\/prodotto\/mind-master-polvere-con-guarana\/","og_locale":"it_IT","og_type":"article","og_title":"Mind Master Polvere con Guaran\u00e0","og_description":"Mind Master Polvere con Guaran\u00e0 ti offre non solo potenza, ma anche protezione contro lo stress ossidativo, grazie ad efficaci antiossidanti. Con vitamina B","og_url":"https:\/\/www.lraloeverashop.eu\/it\/prodotto\/mind-master-polvere-con-guarana\/","og_site_name":"Lr Negozio di Aloe Vera","article_publisher":"https:\/\/www.facebook.com\/lraloeverashop.eu","article_modified_time":"2026-02-03T19:28:14+00:00","og_image":[{"width":1200,"height":1200,"url":"https:\/\/www.lraloeverashop.eu\/wp-content\/uploads\/2022\/10\/mind-master-extreme-performance-powder-with-guarana.jpg","type":"image\/jpeg"}],"twitter_card":"summary_large_image","twitter_site":"@natur__kosmetik","schema":{"@context":"https:\/\/schema.org","@graph":[{"@type":["WebPage","ItemPage"],"@id":"https:\/\/www.lraloeverashop.eu\/it\/prodotto\/mind-master-polvere-con-guarana\/","url":"https:\/\/www.lraloeverashop.eu\/it\/prodotto\/mind-master-polvere-con-guarana\/","name":"Mind Master Polvere con Guaran\u00e0 per prestazioni fisiche","isPartOf":{"@id":"https:\/\/www.lraloeverashop.eu\/it\/#website"},"primaryImageOfPage":{"@id":"https:\/\/www.lraloeverashop.eu\/it\/prodotto\/mind-master-polvere-con-guarana\/#primaryimage"},"image":{"@id":"https:\/\/www.lraloeverashop.eu\/it\/prodotto\/mind-master-polvere-con-guarana\/#primaryimage"},"thumbnailUrl":"https:\/\/www.lraloeverashop.eu\/wp-content\/uploads\/2022\/10\/mind-master-extreme-performance-powder-with-guarana.jpg","datePublished":"2022-10-13T08:15:48+00:00","dateModified":"2026-02-03T19:28:14+00:00","description":"Mind Master Polvere con Guaran\u00e0 ti offre non solo potenza, ma anche protezione contro lo stress ossidativo, grazie ad efficaci antiossidanti. Con vitamina B","breadcrumb":{"@id":"https:\/\/www.lraloeverashop.eu\/it\/prodotto\/mind-master-polvere-con-guarana\/#breadcrumb"},"inLanguage":"it-IT","potentialAction":[{"@type":"ReadAction","target":["https:\/\/www.lraloeverashop.eu\/it\/prodotto\/mind-master-polvere-con-guarana\/"]}]},{"@type":"ImageObject","inLanguage":"it-IT","@id":"https:\/\/www.lraloeverashop.eu\/it\/prodotto\/mind-master-polvere-con-guarana\/#primaryimage","url":"https:\/\/www.lraloeverashop.eu\/wp-content\/uploads\/2022\/10\/mind-master-extreme-performance-powder-with-guarana.jpg","contentUrl":"https:\/\/www.lraloeverashop.eu\/wp-content\/uploads\/2022\/10\/mind-master-extreme-performance-powder-with-guarana.jpg","width":1200,"height":1200,"caption":"mind master extreme polvere ad alte prestazioni con guaran\u00e0"},{"@type":"BreadcrumbList","@id":"https:\/\/www.lraloeverashop.eu\/it\/prodotto\/mind-master-polvere-con-guarana\/#breadcrumb","itemListElement":[{"@type":"ListItem","position":1,"name":"Home","item":"https:\/\/www.lraloeverashop.eu\/it\/"},{"@type":"ListItem","position":2,"name":"Negozio","item":"https:\/\/www.lraloeverashop.eu\/it\/negozio\/"},{"@type":"ListItem","position":3,"name":"Mind Master Polvere con Guaran\u00e0"}]},{"@type":"WebSite","@id":"https:\/\/www.lraloeverashop.eu\/it\/#website","url":"https:\/\/www.lraloeverashop.eu\/it\/","name":"Lr Negozio di Aloe Vera","description":"High Quality Lr Aloe Vera Gel, Aloe Vera Cream and Shampoo","publisher":{"@id":"https:\/\/www.lraloeverashop.eu\/it\/#organization"},"potentialAction":[{"@type":"SearchAction","target":{"@type":"EntryPoint","urlTemplate":"https:\/\/www.lraloeverashop.eu\/it\/?s={search_term_string}"},"query-input":{"@type":"PropertyValueSpecification","valueRequired":true,"valueName":"search_term_string"}}],"inLanguage":"it-IT"},{"@type":"Organization","@id":"https:\/\/www.lraloeverashop.eu\/it\/#organization","name":"Negozio di Lr Aloe Vera","alternateName":"LR","url":"https:\/\/www.lraloeverashop.eu\/it\/","logo":{"@type":"ImageObject","inLanguage":"it-IT","@id":"https:\/\/www.lraloeverashop.eu\/it\/#\/schema\/logo\/image\/","url":"https:\/\/www.lraloeverashop.eu\/wp-content\/uploads\/2022\/09\/cropped-Lr-Aloe-Vera-Shop.jpg","contentUrl":"https:\/\/www.lraloeverashop.eu\/wp-content\/uploads\/2022\/09\/cropped-Lr-Aloe-Vera-Shop.jpg","width":228,"height":76,"caption":"Negozio di Lr Aloe Vera"},"image":{"@id":"https:\/\/www.lraloeverashop.eu\/it\/#\/schema\/logo\/image\/"},"sameAs":["https:\/\/www.facebook.com\/lraloeverashop.eu","https:\/\/x.com\/natur__kosmetik","https:\/\/www.youtube.com\/channel\/UC5oN7BJ8nfYb8RpVtjwDEBA","https:\/\/www.instagram.com\/lrbeautyeu\/"],"description":"Negozio di Lr Aloe Vera \u00e8 il tuo punto di riferimento per i prodotti LR Health & Beauty di alta qualit\u00e0, realizzati in Germania. Offriamo soluzioni per la cura della pelle, l'alimentazione e l'anti-et\u00e0 a base di Aloe Vera, formulate con ingredienti puri e supportate da ricerche scientifiche. Scopri una cura naturale che rigenera, protegge e rivitalizza la tua pelle e approfitta delle esclusive offerte mensili sui nostri prodotti LR Aloe Vera pi\u00f9 venduti.\nInizia oggi il tuo percorso di cura della pelle naturale e senti la differenza.","email":"info@lraloeverashop.eu","telephone":"+49 17670609653","legalName":"Lr Aloe Vera Shop","foundingDate":"2018-04-21","numberOfEmployees":{"@type":"QuantitativeValue","minValue":"1","maxValue":"10"}}]},"product_price_amount":"36.99","product_price_currency":"EUR","og_availability":"instock","product_availability":"instock","product_retailer_item_id":"80980-101IT","product_condition":"new"},"taxonomy_info":{"product_cat":[{"value":502,"label":"Mind Master"},{"value":442,"label":"Prestazioni ed Energia"},{"value":412,"label":"Prodotti Speciali"},{"value":466,"label":"Specialisti"}],"product_tag":[{"value":658,"label":"Energia"}]},"featured_image_src_large":["https:\/\/www.lraloeverashop.eu\/wp-content\/uploads\/2022\/10\/mind-master-extreme-performance-powder-with-guarana-1024x1024.jpg",1024,1024,true],"author_info":[],"comment_info":0,"_links":{"self":[{"href":"https:\/\/www.lraloeverashop.eu\/it\/wp-json\/wp\/v2\/product\/9576","targetHints":{"allow":["GET"]}}],"collection":[{"href":"https:\/\/www.lraloeverashop.eu\/it\/wp-json\/wp\/v2\/product"}],"about":[{"href":"https:\/\/www.lraloeverashop.eu\/it\/wp-json\/wp\/v2\/types\/product"}],"replies":[{"embeddable":true,"href":"https:\/\/www.lraloeverashop.eu\/it\/wp-json\/wp\/v2\/comments?post=9576"}],"wp:featuredmedia":[{"embeddable":true,"href":"https:\/\/www.lraloeverashop.eu\/it\/wp-json\/wp\/v2\/media\/5690"}],"wp:attachment":[{"href":"https:\/\/www.lraloeverashop.eu\/it\/wp-json\/wp\/v2\/media?parent=9576"}],"wp:term":[{"taxonomy":"product_brand","embeddable":true,"href":"https:\/\/www.lraloeverashop.eu\/it\/wp-json\/wp\/v2\/product_brand?post=9576"},{"taxonomy":"product_cat","embeddable":true,"href":"https:\/\/www.lraloeverashop.eu\/it\/wp-json\/wp\/v2\/product_cat?post=9576"},{"taxonomy":"product_tag","embeddable":true,"href":"https:\/\/www.lraloeverashop.eu\/it\/wp-json\/wp\/v2\/product_tag?post=9576"}],"curies":[{"name":"wp","href":"https:\/\/api.w.org\/{rel}","templated":true}]}}