{"id":9526,"date":"2022-10-13T18:52:54","date_gmt":"2022-10-13T16:52:54","guid":{"rendered":"https:\/\/www.lraloeverashop.eu\/product\/mind-master-performance-drink-rosso\/"},"modified":"2026-02-03T20:27:16","modified_gmt":"2026-02-03T19:27:16","slug":"mind-master-performance-drink-rosso","status":"publish","type":"product","link":"https:\/\/www.lraloeverashop.eu\/it\/prodotto\/mind-master-performance-drink-rosso\/","title":{"rendered":"Mind Master Performance Drink Rosso"},"content":{"rendered":"<h2><span style=\"font-size: 16pt;\"><strong>Mind Master Performance Drink Rosso<\/strong><\/span><\/h2>\n<p><span style=\"font-size: 14pt;\"><strong>Mind Master Performance Drink Rosso contribuisce a un normale metabolismo energetico<\/strong><\/span><\/p>\n<p>&nbsp;<\/p>\n<p>Lavoro, famiglia, sport e tempo libero: tenere tutto sotto controllo a volte pu\u00f2 essere estenuante. Ci\u00f2 rende ancora pi\u00f9 importante fornire in modo <a href=\"https:\/\/www.lraloeverashop.eu\/it\/prodotto\/mind-master-bevanda-rossa\/\">ottimale l&#8217;equilibrio dei nutrienti<\/a> con utili vitamine e oligoelementi.<\/p>\n<p><strong>Mind Master fornisce importanti micronutrienti. Contribuiscono a:<\/strong><\/p>\n<ul>\n<li>Ad un normale cambiamento di energia,<\/li>\n<li>La normale funzione del sistema nervoso,<\/li>\n<li>Ad una normale funzione mentale,<\/li>\n<li>Per <a href=\"https:\/\/www.lraloeverashop.eu\/it\/prodotto\/mind-master-polvere-con-guarana\/\">ridurre la fatica<\/a>,<\/li>\n<li>Ad una normale funzione cognitiva,<\/li>\n<li>Per proteggere le cellule dallo stress ossidativo.<\/li>\n<\/ul>\n<p>&nbsp;<\/p>\n<p>Mind Master Performance Drink Rosso ti accompagna durante la giornata: al lavoro, a scuola, allo sport, ecc. Il tuo contributo quotidiano all&#8217;apporto nutritivo ideale con uno <a href=\"https:\/\/www.lraloeverashop.eu\/it\/aloe-vera-gel-per-viso-capelli-e-corpo\/\">stile di vita attivo<\/a>!<\/p>\n<p><strong>Testato scientificamente dall&#8217;EFSA*<\/strong><\/p>\n<ul>\n<li>La tiamina e la vitamina B12 contribuiscono al normale metabolismo energetico.<\/li>\n<li>La vitamina B12 contribuisce alla normale funzione del sistema nervoso.<\/li>\n<li>La vitamina B12 contribuisce alla normale funzione mentale.<\/li>\n<li>La vitamina B12 e il ferro contribuiscono alla riduzione dell&#8217;affaticamento.<\/li>\n<li>Il ferro contribuisce a una normale funzione cognitiva.<\/li>\n<li>La vitamina E aiuta a proteggere le cellule dallo stress ossidativo.<\/li>\n<\/ul>\n<p>&nbsp;<\/p>\n<h3><strong><span style=\"font-size: 16pt;\">Come usare<\/span><\/strong><\/h3>\n<p><strong>Dose Giornaliera Raccomandata di Mind Master Performance Drink Rosso:<\/strong><br \/>\nPrendi 80 ml di Mind Master una volta al giorno, preferibilmente dopo un pasto. A seconda delle preferenze, pu\u00f2 essere consumato puro o sciolto in acqua o succo. Agitare prima dell&#8217;uso. Dopo l&#8217;apertura, conservarlo in frigorifero.<\/p>\n<p>Non superare la dose giornaliera raccomandata.<br \/>\nGli integratori alimentari non sostituiscono una dieta variata ed equilibrata, in combinazione con uno stile di vita sano. Tenere fuori dalla portata dei bambini.<\/p>\n<p>&nbsp;<\/p>\n<h4><span style=\"font-size: 16pt;\"><strong>Domande frequenti<\/strong><\/span><\/h4>\n<p><strong>Da dove viene il gusto speciale di Mind Master Drink?<\/strong><br \/>\nIl gusto \u00e8 completamente naturale &#8211; deriva dall&#8217;alta concentrazione di estratti vegetali e quindi ha una nota leggermente amara. Il sapore principale \u00e8 il succo d&#8217;uva rossa come base. Il gusto \u00e8 completato dalla Stevia, una sostanza vegetale pura con un elevato potere dolcificante.<\/p>\n<p><strong>Mind Master Performance Drink Rosso adatto ai bambini?<\/strong><br \/>\nI bambini in et\u00e0 scolare e gli adolescenti possono consumare Mind Master.<\/p>\n<p><strong>Mind Master \u00e8 adatto alle persone con diabete?<\/strong><br \/>\nMind Master contiene solo una piccola quantit\u00e0 di zuccheri semplici sotto forma di destrosio. La dose giornaliera di 80 ml contiene 0,87 equivalenti di amido. In caso di incertezza sull&#8217;idoneit\u00e0 del prodotto, si consiglia di informare il <a href=\"https:\/\/www.lraloeverashop.eu\/it\/prodotto\/woman-phyto-per-la-menopausa\/\">medico curante<\/a>.<\/p>\n","protected":false},"excerpt":{"rendered":"<ul>\n<li>Integratore alimentare con importanti vitamine e oligoelementi<\/li>\n<li>Fornisce micronutrienti di alta qualit\u00e0 per coloro che modellano attivamente la propria vita<\/li>\n<li>Con vitamina E per proteggere le cellule dallo stress ossidativo<\/li>\n<li>Con un gusto fruttato di uva<\/li>\n<li>Compagno quotidiano e a. Al lavoro, oa scuola<\/li>\n<li>Quantit\u00e0: 5 x 500 ml<\/li>\n<\/ul>\n<p><span style=\"color: #ff0000;\"><a style=\"color: #ff0000;\" href=\"https:\/\/shop.lrworld.com\/openpao?PHP=0vFlt7jT938BEnBI3a6e9w%3D%3D\"><span style=\"font-size: 14pt;\"><strong>Registrati ora e risparmia il 35% su ogni ordine<\/strong><\/span><\/a><\/span><\/p>\n","protected":false},"featured_media":5762,"comment_status":"open","ping_status":"closed","template":"","meta":{"_kad_blocks_custom_css":"","_kad_blocks_head_custom_js":"","_kad_blocks_body_custom_js":"","_kad_blocks_footer_custom_js":"","_kadence_starter_templates_imported_post":false,"_kad_post_transparent":"default","_kad_post_title":"","_kad_post_layout":"default","_kad_post_sidebar_id":"","_kad_post_content_style":"default","_kad_post_vertical_padding":"default","_kad_post_feature":"","_kad_post_feature_position":"","_kad_post_header":false,"_kad_post_footer":false,"_kad_post_classname":""},"product_brand":[],"product_cat":[502,442,412,461,466],"product_tag":[658],"class_list":{"0":"post-9526","1":"product","2":"type-product","3":"status-publish","4":"has-post-thumbnail","6":"product_cat-mind-master-it","7":"product_cat-prestazioni-ed-energia","8":"product_cat-prodotti-speciali","9":"product_cat-risparmia-in-set","10":"product_cat-nutrizionisti","11":"product_tag-energia","13":"first","14":"instock","15":"taxable","16":"shipping-taxable","17":"purchasable","18":"product-type-simple","19":"entry","20":"content-bg","21":"loop-entry"},"yoast_head":"<!-- This site is optimized with the Yoast SEO Premium plugin v27.4 (Yoast SEO v27.4) - https:\/\/yoast.com\/product\/yoast-seo-premium-wordpress\/ -->\n<title>Mind Master Performance Drink Rosso con micronutrienti di qualit\u00e0<\/title>\n<meta name=\"description\" content=\"Mind Master Performance Drink Rosso fornisce micronutrienti di alta qualit\u00e0 per coloro che modellano attivamente la propria vita. Con vitamina.\" \/>\n<meta name=\"robots\" content=\"index, follow, max-snippet:-1, max-image-preview:large, max-video-preview:-1\" \/>\n<link rel=\"canonical\" href=\"https:\/\/www.lraloeverashop.eu\/it\/prodotto\/mind-master-performance-drink-rosso\/\" \/>\n<meta property=\"og:locale\" content=\"it_IT\" \/>\n<meta property=\"og:type\" content=\"article\" \/>\n<meta property=\"og:title\" content=\"Mind Master Performance Drink Rosso\" \/>\n<meta property=\"og:description\" content=\"Mind Master Performance Drink Rosso fornisce micronutrienti di alta qualit\u00e0 per coloro che modellano attivamente la propria vita. Con vitamina.\" \/>\n<meta property=\"og:url\" content=\"https:\/\/www.lraloeverashop.eu\/it\/prodotto\/mind-master-performance-drink-rosso\/\" \/>\n<meta property=\"og:site_name\" content=\"Lr Negozio di Aloe Vera\" \/>\n<meta property=\"article:publisher\" content=\"https:\/\/www.facebook.com\/lraloeverashop.eu\" \/>\n<meta property=\"article:modified_time\" content=\"2026-02-03T19:27:16+00:00\" \/>\n<meta property=\"og:image\" content=\"https:\/\/www.lraloeverashop.eu\/wp-content\/uploads\/2022\/10\/Mind-Master-Performance-Set-5-Red.jpg\" \/>\n\t<meta property=\"og:image:width\" content=\"1200\" \/>\n\t<meta property=\"og:image:height\" content=\"1200\" \/>\n\t<meta property=\"og:image:type\" content=\"image\/jpeg\" \/>\n<meta name=\"twitter:card\" content=\"summary_large_image\" \/>\n<meta name=\"twitter:site\" content=\"@natur__kosmetik\" \/>\n<script type=\"application\/ld+json\" class=\"yoast-schema-graph\">{\"@context\":\"https:\\\/\\\/schema.org\",\"@graph\":[{\"@type\":[\"WebPage\",\"ItemPage\"],\"@id\":\"https:\\\/\\\/www.lraloeverashop.eu\\\/it\\\/prodotto\\\/mind-master-performance-drink-rosso\\\/\",\"url\":\"https:\\\/\\\/www.lraloeverashop.eu\\\/it\\\/prodotto\\\/mind-master-performance-drink-rosso\\\/\",\"name\":\"Mind Master Performance Drink Rosso con micronutrienti di qualit\u00e0\",\"isPartOf\":{\"@id\":\"https:\\\/\\\/www.lraloeverashop.eu\\\/it\\\/#website\"},\"primaryImageOfPage\":{\"@id\":\"https:\\\/\\\/www.lraloeverashop.eu\\\/it\\\/prodotto\\\/mind-master-performance-drink-rosso\\\/#primaryimage\"},\"image\":{\"@id\":\"https:\\\/\\\/www.lraloeverashop.eu\\\/it\\\/prodotto\\\/mind-master-performance-drink-rosso\\\/#primaryimage\"},\"thumbnailUrl\":\"https:\\\/\\\/www.lraloeverashop.eu\\\/wp-content\\\/uploads\\\/2022\\\/10\\\/Mind-Master-Performance-Set-5-Red.jpg\",\"datePublished\":\"2022-10-13T16:52:54+00:00\",\"dateModified\":\"2026-02-03T19:27:16+00:00\",\"description\":\"Mind Master Performance Drink Rosso fornisce micronutrienti di alta qualit\u00e0 per coloro che modellano attivamente la propria vita. Con vitamina.\",\"breadcrumb\":{\"@id\":\"https:\\\/\\\/www.lraloeverashop.eu\\\/it\\\/prodotto\\\/mind-master-performance-drink-rosso\\\/#breadcrumb\"},\"inLanguage\":\"it-IT\",\"potentialAction\":[{\"@type\":\"ReadAction\",\"target\":[\"https:\\\/\\\/www.lraloeverashop.eu\\\/it\\\/prodotto\\\/mind-master-performance-drink-rosso\\\/\"]}]},{\"@type\":\"ImageObject\",\"inLanguage\":\"it-IT\",\"@id\":\"https:\\\/\\\/www.lraloeverashop.eu\\\/it\\\/prodotto\\\/mind-master-performance-drink-rosso\\\/#primaryimage\",\"url\":\"https:\\\/\\\/www.lraloeverashop.eu\\\/wp-content\\\/uploads\\\/2022\\\/10\\\/Mind-Master-Performance-Set-5-Red.jpg\",\"contentUrl\":\"https:\\\/\\\/www.lraloeverashop.eu\\\/wp-content\\\/uploads\\\/2022\\\/10\\\/Mind-Master-Performance-Set-5-Red.jpg\",\"width\":1200,\"height\":1200,\"caption\":\"Mind Master Performance Set 5 pezzi rosso\"},{\"@type\":\"BreadcrumbList\",\"@id\":\"https:\\\/\\\/www.lraloeverashop.eu\\\/it\\\/prodotto\\\/mind-master-performance-drink-rosso\\\/#breadcrumb\",\"itemListElement\":[{\"@type\":\"ListItem\",\"position\":1,\"name\":\"Home\",\"item\":\"https:\\\/\\\/www.lraloeverashop.eu\\\/it\\\/\"},{\"@type\":\"ListItem\",\"position\":2,\"name\":\"Negozio\",\"item\":\"https:\\\/\\\/www.lraloeverashop.eu\\\/it\\\/negozio\\\/\"},{\"@type\":\"ListItem\",\"position\":3,\"name\":\"Mind Master Performance Drink Rosso\"}]},{\"@type\":\"WebSite\",\"@id\":\"https:\\\/\\\/www.lraloeverashop.eu\\\/it\\\/#website\",\"url\":\"https:\\\/\\\/www.lraloeverashop.eu\\\/it\\\/\",\"name\":\"Lr Negozio di Aloe Vera\",\"description\":\"High Quality Lr Aloe Vera Gel, Aloe Vera Cream and Shampoo\",\"publisher\":{\"@id\":\"https:\\\/\\\/www.lraloeverashop.eu\\\/it\\\/#organization\"},\"potentialAction\":[{\"@type\":\"SearchAction\",\"target\":{\"@type\":\"EntryPoint\",\"urlTemplate\":\"https:\\\/\\\/www.lraloeverashop.eu\\\/it\\\/?s={search_term_string}\"},\"query-input\":{\"@type\":\"PropertyValueSpecification\",\"valueRequired\":true,\"valueName\":\"search_term_string\"}}],\"inLanguage\":\"it-IT\"},{\"@type\":\"Organization\",\"@id\":\"https:\\\/\\\/www.lraloeverashop.eu\\\/it\\\/#organization\",\"name\":\"Negozio di Lr Aloe Vera\",\"alternateName\":\"LR\",\"url\":\"https:\\\/\\\/www.lraloeverashop.eu\\\/it\\\/\",\"logo\":{\"@type\":\"ImageObject\",\"inLanguage\":\"it-IT\",\"@id\":\"https:\\\/\\\/www.lraloeverashop.eu\\\/it\\\/#\\\/schema\\\/logo\\\/image\\\/\",\"url\":\"https:\\\/\\\/www.lraloeverashop.eu\\\/wp-content\\\/uploads\\\/2022\\\/09\\\/cropped-Lr-Aloe-Vera-Shop.jpg\",\"contentUrl\":\"https:\\\/\\\/www.lraloeverashop.eu\\\/wp-content\\\/uploads\\\/2022\\\/09\\\/cropped-Lr-Aloe-Vera-Shop.jpg\",\"width\":228,\"height\":76,\"caption\":\"Negozio di Lr Aloe Vera\"},\"image\":{\"@id\":\"https:\\\/\\\/www.lraloeverashop.eu\\\/it\\\/#\\\/schema\\\/logo\\\/image\\\/\"},\"sameAs\":[\"https:\\\/\\\/www.facebook.com\\\/lraloeverashop.eu\",\"https:\\\/\\\/x.com\\\/natur__kosmetik\",\"https:\\\/\\\/www.youtube.com\\\/channel\\\/UC5oN7BJ8nfYb8RpVtjwDEBA\",\"https:\\\/\\\/www.instagram.com\\\/lrbeautyeu\\\/\"],\"description\":\"Negozio di Lr Aloe Vera \u00e8 il tuo punto di riferimento per i prodotti LR Health & Beauty di alta qualit\u00e0, realizzati in Germania. Offriamo soluzioni per la cura della pelle, l'alimentazione e l'anti-et\u00e0 a base di Aloe Vera, formulate con ingredienti puri e supportate da ricerche scientifiche. Scopri una cura naturale che rigenera, protegge e rivitalizza la tua pelle e approfitta delle esclusive offerte mensili sui nostri prodotti LR Aloe Vera pi\u00f9 venduti.\\nInizia oggi il tuo percorso di cura della pelle naturale e senti la differenza.\",\"email\":\"info@lraloeverashop.eu\",\"telephone\":\"+49 17670609653\",\"legalName\":\"Lr Aloe Vera Shop\",\"foundingDate\":\"2018-04-21\",\"numberOfEmployees\":{\"@type\":\"QuantitativeValue\",\"minValue\":\"1\",\"maxValue\":\"10\"}}]}<\/script>\n<meta property=\"product:price:amount\" content=\"96.49\" \/>\n<meta property=\"product:price:currency\" content=\"EUR\" \/>\n<meta property=\"og:availability\" content=\"instock\" \/>\n<meta property=\"product:availability\" content=\"instock\" \/>\n<meta property=\"product:retailer_item_id\" content=\"80905-RIT\" \/>\n<meta property=\"product:condition\" content=\"new\" \/>\n<!-- \/ Yoast SEO Premium plugin. -->","yoast_head_json":{"title":"Mind Master Performance Drink Rosso con micronutrienti di qualit\u00e0","description":"Mind Master Performance Drink Rosso fornisce micronutrienti di alta qualit\u00e0 per coloro che modellano attivamente la propria vita. Con vitamina.","robots":{"index":"index","follow":"follow","max-snippet":"max-snippet:-1","max-image-preview":"max-image-preview:large","max-video-preview":"max-video-preview:-1"},"canonical":"https:\/\/www.lraloeverashop.eu\/it\/prodotto\/mind-master-performance-drink-rosso\/","og_locale":"it_IT","og_type":"article","og_title":"Mind Master Performance Drink Rosso","og_description":"Mind Master Performance Drink Rosso fornisce micronutrienti di alta qualit\u00e0 per coloro che modellano attivamente la propria vita. Con vitamina.","og_url":"https:\/\/www.lraloeverashop.eu\/it\/prodotto\/mind-master-performance-drink-rosso\/","og_site_name":"Lr Negozio di Aloe Vera","article_publisher":"https:\/\/www.facebook.com\/lraloeverashop.eu","article_modified_time":"2026-02-03T19:27:16+00:00","og_image":[{"width":1200,"height":1200,"url":"https:\/\/www.lraloeverashop.eu\/wp-content\/uploads\/2022\/10\/Mind-Master-Performance-Set-5-Red.jpg","type":"image\/jpeg"}],"twitter_card":"summary_large_image","twitter_site":"@natur__kosmetik","schema":{"@context":"https:\/\/schema.org","@graph":[{"@type":["WebPage","ItemPage"],"@id":"https:\/\/www.lraloeverashop.eu\/it\/prodotto\/mind-master-performance-drink-rosso\/","url":"https:\/\/www.lraloeverashop.eu\/it\/prodotto\/mind-master-performance-drink-rosso\/","name":"Mind Master Performance Drink Rosso con micronutrienti di qualit\u00e0","isPartOf":{"@id":"https:\/\/www.lraloeverashop.eu\/it\/#website"},"primaryImageOfPage":{"@id":"https:\/\/www.lraloeverashop.eu\/it\/prodotto\/mind-master-performance-drink-rosso\/#primaryimage"},"image":{"@id":"https:\/\/www.lraloeverashop.eu\/it\/prodotto\/mind-master-performance-drink-rosso\/#primaryimage"},"thumbnailUrl":"https:\/\/www.lraloeverashop.eu\/wp-content\/uploads\/2022\/10\/Mind-Master-Performance-Set-5-Red.jpg","datePublished":"2022-10-13T16:52:54+00:00","dateModified":"2026-02-03T19:27:16+00:00","description":"Mind Master Performance Drink Rosso fornisce micronutrienti di alta qualit\u00e0 per coloro che modellano attivamente la propria vita. Con vitamina.","breadcrumb":{"@id":"https:\/\/www.lraloeverashop.eu\/it\/prodotto\/mind-master-performance-drink-rosso\/#breadcrumb"},"inLanguage":"it-IT","potentialAction":[{"@type":"ReadAction","target":["https:\/\/www.lraloeverashop.eu\/it\/prodotto\/mind-master-performance-drink-rosso\/"]}]},{"@type":"ImageObject","inLanguage":"it-IT","@id":"https:\/\/www.lraloeverashop.eu\/it\/prodotto\/mind-master-performance-drink-rosso\/#primaryimage","url":"https:\/\/www.lraloeverashop.eu\/wp-content\/uploads\/2022\/10\/Mind-Master-Performance-Set-5-Red.jpg","contentUrl":"https:\/\/www.lraloeverashop.eu\/wp-content\/uploads\/2022\/10\/Mind-Master-Performance-Set-5-Red.jpg","width":1200,"height":1200,"caption":"Mind Master Performance Set 5 pezzi rosso"},{"@type":"BreadcrumbList","@id":"https:\/\/www.lraloeverashop.eu\/it\/prodotto\/mind-master-performance-drink-rosso\/#breadcrumb","itemListElement":[{"@type":"ListItem","position":1,"name":"Home","item":"https:\/\/www.lraloeverashop.eu\/it\/"},{"@type":"ListItem","position":2,"name":"Negozio","item":"https:\/\/www.lraloeverashop.eu\/it\/negozio\/"},{"@type":"ListItem","position":3,"name":"Mind Master Performance Drink Rosso"}]},{"@type":"WebSite","@id":"https:\/\/www.lraloeverashop.eu\/it\/#website","url":"https:\/\/www.lraloeverashop.eu\/it\/","name":"Lr Negozio di Aloe Vera","description":"High Quality Lr Aloe Vera Gel, Aloe Vera Cream and Shampoo","publisher":{"@id":"https:\/\/www.lraloeverashop.eu\/it\/#organization"},"potentialAction":[{"@type":"SearchAction","target":{"@type":"EntryPoint","urlTemplate":"https:\/\/www.lraloeverashop.eu\/it\/?s={search_term_string}"},"query-input":{"@type":"PropertyValueSpecification","valueRequired":true,"valueName":"search_term_string"}}],"inLanguage":"it-IT"},{"@type":"Organization","@id":"https:\/\/www.lraloeverashop.eu\/it\/#organization","name":"Negozio di Lr Aloe Vera","alternateName":"LR","url":"https:\/\/www.lraloeverashop.eu\/it\/","logo":{"@type":"ImageObject","inLanguage":"it-IT","@id":"https:\/\/www.lraloeverashop.eu\/it\/#\/schema\/logo\/image\/","url":"https:\/\/www.lraloeverashop.eu\/wp-content\/uploads\/2022\/09\/cropped-Lr-Aloe-Vera-Shop.jpg","contentUrl":"https:\/\/www.lraloeverashop.eu\/wp-content\/uploads\/2022\/09\/cropped-Lr-Aloe-Vera-Shop.jpg","width":228,"height":76,"caption":"Negozio di Lr Aloe Vera"},"image":{"@id":"https:\/\/www.lraloeverashop.eu\/it\/#\/schema\/logo\/image\/"},"sameAs":["https:\/\/www.facebook.com\/lraloeverashop.eu","https:\/\/x.com\/natur__kosmetik","https:\/\/www.youtube.com\/channel\/UC5oN7BJ8nfYb8RpVtjwDEBA","https:\/\/www.instagram.com\/lrbeautyeu\/"],"description":"Negozio di Lr Aloe Vera \u00e8 il tuo punto di riferimento per i prodotti LR Health & Beauty di alta qualit\u00e0, realizzati in Germania. Offriamo soluzioni per la cura della pelle, l'alimentazione e l'anti-et\u00e0 a base di Aloe Vera, formulate con ingredienti puri e supportate da ricerche scientifiche. Scopri una cura naturale che rigenera, protegge e rivitalizza la tua pelle e approfitta delle esclusive offerte mensili sui nostri prodotti LR Aloe Vera pi\u00f9 venduti.\nInizia oggi il tuo percorso di cura della pelle naturale e senti la differenza.","email":"info@lraloeverashop.eu","telephone":"+49 17670609653","legalName":"Lr Aloe Vera Shop","foundingDate":"2018-04-21","numberOfEmployees":{"@type":"QuantitativeValue","minValue":"1","maxValue":"10"}}]},"product_price_amount":"96.49","product_price_currency":"EUR","og_availability":"instock","product_availability":"instock","product_retailer_item_id":"80905-RIT","product_condition":"new"},"taxonomy_info":{"product_cat":[{"value":502,"label":"Mind Master"},{"value":442,"label":"Prestazioni ed Energia"},{"value":412,"label":"Prodotti Speciali"},{"value":461,"label":"Risparmia in set"},{"value":466,"label":"Specialisti"}],"product_tag":[{"value":658,"label":"Energia"}]},"featured_image_src_large":["https:\/\/www.lraloeverashop.eu\/wp-content\/uploads\/2022\/10\/Mind-Master-Performance-Set-5-Red-1024x1024.jpg",1024,1024,true],"author_info":[],"comment_info":0,"_links":{"self":[{"href":"https:\/\/www.lraloeverashop.eu\/it\/wp-json\/wp\/v2\/product\/9526","targetHints":{"allow":["GET"]}}],"collection":[{"href":"https:\/\/www.lraloeverashop.eu\/it\/wp-json\/wp\/v2\/product"}],"about":[{"href":"https:\/\/www.lraloeverashop.eu\/it\/wp-json\/wp\/v2\/types\/product"}],"replies":[{"embeddable":true,"href":"https:\/\/www.lraloeverashop.eu\/it\/wp-json\/wp\/v2\/comments?post=9526"}],"wp:featuredmedia":[{"embeddable":true,"href":"https:\/\/www.lraloeverashop.eu\/it\/wp-json\/wp\/v2\/media\/5762"}],"wp:attachment":[{"href":"https:\/\/www.lraloeverashop.eu\/it\/wp-json\/wp\/v2\/media?parent=9526"}],"wp:term":[{"taxonomy":"product_brand","embeddable":true,"href":"https:\/\/www.lraloeverashop.eu\/it\/wp-json\/wp\/v2\/product_brand?post=9526"},{"taxonomy":"product_cat","embeddable":true,"href":"https:\/\/www.lraloeverashop.eu\/it\/wp-json\/wp\/v2\/product_cat?post=9526"},{"taxonomy":"product_tag","embeddable":true,"href":"https:\/\/www.lraloeverashop.eu\/it\/wp-json\/wp\/v2\/product_tag?post=9526"}],"curies":[{"name":"wp","href":"https:\/\/api.w.org\/{rel}","templated":true}]}}