{"id":9514,"date":"2022-10-14T08:54:04","date_gmt":"2022-10-14T06:54:04","guid":{"rendered":"https:\/\/www.lraloeverashop.eu\/product\/set-di-night-master\/"},"modified":"2026-04-10T16:40:48","modified_gmt":"2026-04-10T14:40:48","slug":"set-di-night-master","status":"publish","type":"product","link":"https:\/\/www.lraloeverashop.eu\/it\/prodotto\/set-di-night-master\/","title":{"rendered":"Set di Night Master"},"content":{"rendered":"<h2><span style=\"font-size: 16pt;\"><strong>Set di Night Master<\/strong><\/span><\/h2>\n<p><span style=\"font-size: 14pt;\"><strong>Set di Night Master pu\u00f2 aiutarti a dormire meglio<\/strong><\/span><\/p>\n<p>Set di Night Master fornisce un sonno riposante e rigenerante a lungo termine e contribuisce quindi al miglioramento della qualit\u00e0 della vita.<\/p>\n<p>Night Master rilassa il corpo e l&#8217;anima a lungo termine se assunto regolarmente e ti fa addormentare pi\u00f9 velocemente. Il rilassamento e la pace per il corpo e l&#8217;anima sono fondamentali per addormentarsi velocemente. Senza di loro, i pensieri non si fermano e i muscoli non possono rilassarsi.<\/p>\n<p>Migliora la qualit\u00e0 del sonno e supporta la produzione naturale dell&#8217;ormone del sonno melatonina. Molti fattori contribuiscono a un buon sonno. Il livello di melatonina \u00e8 fondamentale. La melatonina regola le fasi del sonno e della veglia. In una concentrazione appropriata ti stanca e ti fa addormentare velocemente e <a href=\"https:\/\/www.lraloeverashop.eu\/it\/prodotto\/night-master-miglioratore-del-sonno\/\">dormire tutta la notte<\/a>.<\/p>\n<p>Lr Set di Night Master per Migliorare del Sonno migliora il recupero naturale del corpo e dell&#8217;anima durante il sonno in modo da svegliarti in forma e riposato e ricaricare le batterie per la giornata. La rigenerazione durante il sonno \u00e8 essenziale: elaboriamo informazioni, impressioni e stimoli mentre dormiamo. Vengono rilasciati ormoni della crescita che stimolano la crescita muscolare e i meccanismi di riparazione. Anche il sistema immunitario pu\u00f2 riprendersi.<\/p>\n<h3><\/h3>\n<h3><span style=\"font-size: 16pt;\"><strong>Set di Night Master &#8211; Recupero naturale durante la Notte<\/strong><\/span><\/h3>\n<p>Un sonno riposante e rigenerante \u00e8 essenziale per le persone, per il corpo e per la mente. La giusta combinazione di sostanze nutritive pu\u00f2 inoltre favorire il sonno. Inoltre, anche piccoli aggiustamenti nella vita di tutti i giorni possono fare molte cose buone per un sonno ristoratore.<\/p>\n<h4><span style=\"font-size: 16pt;\"><strong>Suggerimenti dell&#8217;esperto:<\/strong><\/span><\/h4>\n<p><strong>Nutrizione<\/strong><br \/>\nAnche gli organi interni hanno il loro ritmo. <a href=\"https:\/\/www.lraloeverashop.eu\/it\/prodotto\/pro-12-probiotici-compresse\/\">Pancreas e intestino<\/a>, ad es. B. passare alla fiamma bassa durante la notte. Pertanto, i tempi e la quantit\u00e0 di cibo hanno un impatto sulla qualit\u00e0 del sonno e sul valore di recupero. Ricorda che dopo l&#8217;ultimo pasto, il corpo ha molte ore per digerire.<\/p>\n<p>Almeno durante la settimana, pianifica la tua cena in modo da essere ancora ben saturo ma non andare a letto completamente. Ci sono anche alimenti che possono aiutarci a dormire. Uno di Quelli e Set di Night Master.<\/p>\n<p><strong>Modo di vivere<\/strong><br \/>\nPi\u00f9 attivo trascorri la giornata, meglio riuscirai a dormire la notte. Non sederti per pi\u00f9 di 20 minuti alla volta. Alzati pi\u00f9 spesso. Conta anche il viaggio verso la macchina del caff\u00e8 o il bagno. Se non esci regolarmente o fai sport, dovresti pianificare piccole unit\u00e0 di movimento di 1-2 minuti durante il giorno. Quindi lo <a href=\"https:\/\/www.lraloeverashop.eu\/it\/prodotto\/mind-master-bevanda-verde\/\">stress<\/a> non pu\u00f2 depositarsi cos\u00ec facilmente nel corpo.<\/p>\n<p><strong>Movimento<\/strong><br \/>\nMolte influenze dall&#8217;interno e dall&#8217;esterno influenzano il nostro sonno. Con Set di Night Master Vale la pena ottimizzarli. Perch\u00e9 la nostra qualit\u00e0 del sonno dipende dal nostro benessere immediato e, a lungo termine, dalla nostra salute. Le piccole cose possono avere un grande impatto qui.<\/p>\n<h2><\/h2>\n<h2><span style=\"font-size: 16pt;\"><strong>Set di Night Master\u00a0 Ingredienti ed effetti<\/strong><\/span><\/h2>\n<p>Set di Night Master per dormire contiene importanti ingredienti naturali come l&#8217;aloe vera, lo zafferano e l&#8217;estratto di luppolo. Inoltre, contiene L-triptofano, magnesio, zinco e quattro vitamine del gruppo B.<\/p>\n<p><strong>L&#8217;aloe vera<\/strong> supporta i processi di accumulo e rigenerazione durante la notte e ti aiuta a svegliarti riposato. Migliora anche l&#8217;utilizzo di altri <a href=\"https:\/\/www.lraloeverashop.eu\/it\/aloe-vera-gel-per-viso-capelli-e-corpo\/\">principi attivi<\/a> nel corpo e quindi aumenta la biodisponibilit\u00e0.<\/p>\n<p><strong>Lo zafferano<\/strong> nell Set di Night Masterti aiuta ad addormentarti pi\u00f9 velocemente, migliora la qualit\u00e0 del sonno e il recupero durante la notte.8,9 Inoltre, riduce l&#8217;ansia.9 Lo zafferano contiene antiossidanti tra gli altri ingredienti. Responsabili di ci\u00f2 sono le sostanze vegetali secondarie nello zafferano come i carotenoidi. Si chiamano crocina e crocetina e sono responsabili del colore giallo dello zafferano.<\/p>\n<p><strong>L-triptofano<\/strong> appartiene agli <a href=\"https:\/\/www.lraloeverashop.eu\/it\/prodotto\/aloe-vera-gel-da-bere-al-miele\/\">amminoacidi essenziali<\/a> e non pu\u00f2 essere prodotto dal corpo umano ma deve essere assorbito attraverso il cibo. L-triptofano \u00e8 il precursore della serotonina (noto anche come ormone della felicit\u00e0), che a sua volta viene convertito nell&#8217;ormone del sonno melatonina.<\/p>\n<p><strong>Il minerale magnesio<\/strong> \u00e8 coinvolto in quasi tutte le funzioni del corpo e quindi influenza ad es. muscoli e cellule nervose. Inoltre, \u00e8 anche responsabile della conversione dell&#8217;aminoacido essenziale L-triptofano in serotonina e della produzione di melatonina. La melatonina \u00e8 l&#8217;ormone del sonno che controlla il ritmo sonno-veglia del corpo.<\/p>\n<p><strong>Lo zinco<\/strong> in Set di Night Master \u00e8 un oligoelemento vitale e il secondo pi\u00f9 comune nel corpo umano. \u00c8 responsabile di diversi processi metabolici: lo zinco ad esempio svolge un ruolo importante durante la rigenerazione come i processi di crescita del corpo e il <a href=\"https:\/\/www.lraloeverashop.eu\/it\/prodotto\/colostro-direct-liquido\/\">rafforzamento del sistema immunitario<\/a>. Lo zinco \u00e8 anche coinvolto nella formazione della serotonina e nella sua conversione in melatonina.<\/p>\n<p><strong>Le vitamine B<\/strong> sono anche chiamate vitamine nervose o energetiche. Svolgono un ruolo importante nella formazione della serotonina e della melatonina e contribuiscono cos\u00ec al naturale ritmo sonno-veglia del corpo.<br \/>\nLa niacina (vitamina B3) regola il metabolismo energetico nelle cellule (mitocondri) e contribuisce alla rigenerazione.<br \/>\nLa vitamina B6 \u00e8 importante per il metabolismo degli aminoacidi ed \u00e8 coinvolta nella produzione di neurotrasmettitori come la serotonina e il <a href=\"https:\/\/www.lraloeverashop.eu\/it\/prodotto\/cistus-incanus-compresse\/\">sistema immunitario<\/a>.<\/p>\n<p><strong>La tiamina <\/strong>nell Set di Night Master (vitamina B1) supporta la rigenerazione del corpo e dell&#8217;anima.<br \/>\nLa vitamina B12 supporta la divisione cellulare e quindi favorisce la rigenerazione naturale. <a href=\"https:\/\/www.lraloeverashop.eu\/it\/prodotto\/mind-master-polvere-con-guarana\/\">Riduce la stanchezza<\/a> e l&#8217;affaticamento a lungo termine.<\/p>\n<p>&nbsp;<\/p>\n<h3><span style=\"font-size: 16pt;\"><strong>Lo sapevate?<\/strong><\/span><\/h3>\n<p>Set di Night Master per dormire \u00e8 100% vegano, privo di glutine, lattosio e zucchero. Contiene importanti ingredienti naturali come l&#8217;aloe vera, lo zafferano e l&#8217;estratto di luppolo. Inoltre, contiene L-triptofano, magnesio, zinco e quattro vitamine del gruppo B. Set di Night Master pu\u00f2 essere assunto quotidianamente per un periodo pi\u00f9 lungo <a href=\"https:\/\/www.lraloeverashop.eu\/it\/lr-prodotti-di-alta-qualita-che-puoi-vendere\/\">senza alcun rischio di dipendenza<\/a>.<\/p>\n<p>&nbsp;<\/p>\n<h4><span style=\"font-size: 16pt;\"><strong>Come usare<\/strong><\/span><\/h4>\n<p>Mescolare il contenuto di un bastoncino in 100 ml di acqua e berlo 30 minuti prima di andare a letto. Night Master pu\u00f2 essere assunto anche dopo aver lavato i denti poich\u00e9 \u00e8 senza zucchero.<\/p>\n","protected":false},"excerpt":{"rendered":"<ul>\n<li>Addormentarsi pi\u00f9 facilmente grazie al suo effetto rilassante<\/li>\n<li>Dormi profondamente grazie a una migliore qualit\u00e0 del sonno<\/li>\n<li>Con Aloe vera, zafferano ed estratto di luppolo.<\/li>\n<li>Contiene L-triptofano, magnesio, zinco e vitamine del gruppo B.<\/li>\n<li>Senza glutine, lattosio e zucchero<\/li>\n<li>100% vegano<\/li>\n<li>Quantit\u00e0: 3 x 111g \u2013 90 Stick da 3,7 g ciascuno<\/li>\n<\/ul>\n<p><span style=\"color: #ff0000;\"><a style=\"color: #ff0000;\" href=\"https:\/\/shop.lrworld.com\/openpao?PHP=0vFlt7jT938BEnBI3a6e9w%3D%3D\"><span style=\"font-size: 14pt;\"><strong>Registrati ora e risparmia il 35% su ogni ordine<\/strong><\/span><\/a><\/span><\/p>\n","protected":false},"featured_media":5786,"comment_status":"open","ping_status":"closed","template":"","meta":{"_kad_blocks_custom_css":"","_kad_blocks_head_custom_js":"","_kad_blocks_body_custom_js":"","_kad_blocks_footer_custom_js":"","_kadence_starter_templates_imported_post":false,"_kad_post_transparent":"default","_kad_post_title":"","_kad_post_layout":"default","_kad_post_sidebar_id":"","_kad_post_content_style":"default","_kad_post_vertical_padding":"default","_kad_post_feature":"","_kad_post_feature_position":"","_kad_post_header":false,"_kad_post_footer":false,"_kad_post_classname":""},"product_brand":[],"product_cat":[448,461,466],"product_tag":[],"class_list":{"0":"post-9514","1":"product","2":"type-product","3":"status-publish","4":"has-post-thumbnail","6":"product_cat-rilassamento","7":"product_cat-risparmia-in-set","8":"product_cat-nutrizionisti","10":"first","11":"instock","12":"taxable","13":"shipping-taxable","14":"purchasable","15":"product-type-simple","16":"entry","17":"content-bg","18":"loop-entry"},"yoast_head":"<!-- This site is optimized with the Yoast SEO Premium plugin v27.5 (Yoast SEO v27.5) - https:\/\/yoast.com\/product\/yoast-seo-premium-wordpress\/ -->\n<title>Set di Night Master pu\u00f2 aiutarti Addormentarti pi\u00f9 facilmente<\/title>\n<meta name=\"description\" content=\"Set di Night Master rilassa il corpo e l&#039;anima a lungo termine se assunto regolarmente e ti fa addormentare pi\u00f9 velocemente. Con Aloe vera e zafferano\" \/>\n<meta name=\"robots\" content=\"index, follow, max-snippet:-1, max-image-preview:large, max-video-preview:-1\" \/>\n<link rel=\"canonical\" href=\"https:\/\/www.lraloeverashop.eu\/it\/prodotto\/set-di-night-master\/\" \/>\n<meta property=\"og:locale\" content=\"it_IT\" \/>\n<meta property=\"og:type\" content=\"article\" \/>\n<meta property=\"og:title\" content=\"Set di Night Master\" \/>\n<meta property=\"og:description\" content=\"Set di Night Master rilassa il corpo e l&#039;anima a lungo termine se assunto regolarmente e ti fa addormentare pi\u00f9 velocemente. Con Aloe vera e zafferano\" \/>\n<meta property=\"og:url\" content=\"https:\/\/www.lraloeverashop.eu\/it\/prodotto\/set-di-night-master\/\" \/>\n<meta property=\"og:site_name\" content=\"Lr Negozio di Aloe Vera\" \/>\n<meta property=\"article:publisher\" content=\"https:\/\/www.facebook.com\/lraloeverashop.eu\" \/>\n<meta property=\"article:modified_time\" content=\"2026-04-10T14:40:48+00:00\" \/>\n<meta property=\"og:image\" content=\"https:\/\/www.lraloeverashop.eu\/wp-content\/uploads\/2022\/10\/Night-Master-Set.jpg\" \/>\n\t<meta property=\"og:image:width\" content=\"1200\" \/>\n\t<meta property=\"og:image:height\" content=\"1200\" \/>\n\t<meta property=\"og:image:type\" content=\"image\/jpeg\" \/>\n<meta name=\"twitter:card\" content=\"summary_large_image\" \/>\n<meta name=\"twitter:site\" content=\"@natur__kosmetik\" \/>\n<script type=\"application\/ld+json\" class=\"yoast-schema-graph\">{\"@context\":\"https:\\\/\\\/schema.org\",\"@graph\":[{\"@type\":[\"WebPage\",\"ItemPage\"],\"@id\":\"https:\\\/\\\/www.lraloeverashop.eu\\\/it\\\/prodotto\\\/set-di-night-master\\\/\",\"url\":\"https:\\\/\\\/www.lraloeverashop.eu\\\/it\\\/prodotto\\\/set-di-night-master\\\/\",\"name\":\"Set di Night Master pu\u00f2 aiutarti Addormentarti pi\u00f9 facilmente\",\"isPartOf\":{\"@id\":\"https:\\\/\\\/www.lraloeverashop.eu\\\/it\\\/#website\"},\"primaryImageOfPage\":{\"@id\":\"https:\\\/\\\/www.lraloeverashop.eu\\\/it\\\/prodotto\\\/set-di-night-master\\\/#primaryimage\"},\"image\":{\"@id\":\"https:\\\/\\\/www.lraloeverashop.eu\\\/it\\\/prodotto\\\/set-di-night-master\\\/#primaryimage\"},\"thumbnailUrl\":\"https:\\\/\\\/www.lraloeverashop.eu\\\/wp-content\\\/uploads\\\/2022\\\/10\\\/Night-Master-Set.jpg\",\"datePublished\":\"2022-10-14T06:54:04+00:00\",\"dateModified\":\"2026-04-10T14:40:48+00:00\",\"description\":\"Set di Night Master rilassa il corpo e l'anima a lungo termine se assunto regolarmente e ti fa addormentare pi\u00f9 velocemente. Con Aloe vera e zafferano\",\"breadcrumb\":{\"@id\":\"https:\\\/\\\/www.lraloeverashop.eu\\\/it\\\/prodotto\\\/set-di-night-master\\\/#breadcrumb\"},\"inLanguage\":\"it-IT\",\"potentialAction\":[{\"@type\":\"ReadAction\",\"target\":[\"https:\\\/\\\/www.lraloeverashop.eu\\\/it\\\/prodotto\\\/set-di-night-master\\\/\"]}]},{\"@type\":\"ImageObject\",\"inLanguage\":\"it-IT\",\"@id\":\"https:\\\/\\\/www.lraloeverashop.eu\\\/it\\\/prodotto\\\/set-di-night-master\\\/#primaryimage\",\"url\":\"https:\\\/\\\/www.lraloeverashop.eu\\\/wp-content\\\/uploads\\\/2022\\\/10\\\/Night-Master-Set.jpg\",\"contentUrl\":\"https:\\\/\\\/www.lraloeverashop.eu\\\/wp-content\\\/uploads\\\/2022\\\/10\\\/Night-Master-Set.jpg\",\"width\":1200,\"height\":1200,\"caption\":\"Night Master Set 3 pezzi\"},{\"@type\":\"BreadcrumbList\",\"@id\":\"https:\\\/\\\/www.lraloeverashop.eu\\\/it\\\/prodotto\\\/set-di-night-master\\\/#breadcrumb\",\"itemListElement\":[{\"@type\":\"ListItem\",\"position\":1,\"name\":\"Home\",\"item\":\"https:\\\/\\\/www.lraloeverashop.eu\\\/it\\\/\"},{\"@type\":\"ListItem\",\"position\":2,\"name\":\"Negozio\",\"item\":\"https:\\\/\\\/www.lraloeverashop.eu\\\/it\\\/negozio\\\/\"},{\"@type\":\"ListItem\",\"position\":3,\"name\":\"Set di Night Master\"}]},{\"@type\":\"WebSite\",\"@id\":\"https:\\\/\\\/www.lraloeverashop.eu\\\/it\\\/#website\",\"url\":\"https:\\\/\\\/www.lraloeverashop.eu\\\/it\\\/\",\"name\":\"Lr Negozio di Aloe Vera\",\"description\":\"High Quality Lr Aloe Vera Gel, Aloe Vera Cream and Shampoo\",\"publisher\":{\"@id\":\"https:\\\/\\\/www.lraloeverashop.eu\\\/it\\\/#organization\"},\"alternateName\":\"LR\",\"potentialAction\":[{\"@type\":\"SearchAction\",\"target\":{\"@type\":\"EntryPoint\",\"urlTemplate\":\"https:\\\/\\\/www.lraloeverashop.eu\\\/it\\\/?s={search_term_string}\"},\"query-input\":{\"@type\":\"PropertyValueSpecification\",\"valueRequired\":true,\"valueName\":\"search_term_string\"}}],\"inLanguage\":\"it-IT\"},{\"@type\":\"Organization\",\"@id\":\"https:\\\/\\\/www.lraloeverashop.eu\\\/it\\\/#organization\",\"name\":\"Negozio di Lr Aloe Vera\",\"alternateName\":\"LR\",\"url\":\"https:\\\/\\\/www.lraloeverashop.eu\\\/it\\\/\",\"logo\":{\"@type\":\"ImageObject\",\"inLanguage\":\"it-IT\",\"@id\":\"https:\\\/\\\/www.lraloeverashop.eu\\\/it\\\/#\\\/schema\\\/logo\\\/image\\\/\",\"url\":\"https:\\\/\\\/www.lraloeverashop.eu\\\/wp-content\\\/uploads\\\/2022\\\/09\\\/cropped-Lr-Aloe-Vera-Shop.jpg\",\"contentUrl\":\"https:\\\/\\\/www.lraloeverashop.eu\\\/wp-content\\\/uploads\\\/2022\\\/09\\\/cropped-Lr-Aloe-Vera-Shop.jpg\",\"width\":228,\"height\":76,\"caption\":\"Negozio di Lr Aloe Vera\"},\"image\":{\"@id\":\"https:\\\/\\\/www.lraloeverashop.eu\\\/it\\\/#\\\/schema\\\/logo\\\/image\\\/\"},\"sameAs\":[\"https:\\\/\\\/www.facebook.com\\\/lraloeverashop.eu\",\"https:\\\/\\\/x.com\\\/natur__kosmetik\",\"https:\\\/\\\/www.youtube.com\\\/channel\\\/UC5oN7BJ8nfYb8RpVtjwDEBA\",\"https:\\\/\\\/www.instagram.com\\\/lrbeautyeu\\\/\"],\"description\":\"Negozio di Lr Aloe Vera \u00e8 il tuo punto di riferimento per i prodotti LR Health & Beauty di alta qualit\u00e0, realizzati in Germania. Offriamo soluzioni per la cura della pelle, l'alimentazione e l'anti-et\u00e0 a base di Aloe Vera, formulate con ingredienti puri e supportate da ricerche scientifiche. Scopri una cura naturale che rigenera, protegge e rivitalizza la tua pelle e approfitta delle esclusive offerte mensili sui nostri prodotti LR Aloe Vera pi\u00f9 venduti.\\nInizia oggi il tuo percorso di cura della pelle naturale e senti la differenza.\",\"email\":\"info@lraloeverashop.eu\",\"telephone\":\"+49 17670609653\",\"legalName\":\"Lr Aloe Vera Shop\",\"foundingDate\":\"2018-04-21\",\"numberOfEmployees\":{\"@type\":\"QuantitativeValue\",\"minValue\":\"1\",\"maxValue\":\"10\"}}]}<\/script>\n<meta property=\"product:price:amount\" content=\"245.99\" \/>\n<meta property=\"product:price:currency\" content=\"EUR\" \/>\n<meta property=\"og:availability\" content=\"instock\" \/>\n<meta property=\"product:availability\" content=\"instock\" \/>\n<meta property=\"product:retailer_item_id\" content=\"81113-1IT\" \/>\n<meta property=\"product:condition\" content=\"new\" \/>\n<!-- \/ Yoast SEO Premium plugin. -->","yoast_head_json":{"title":"Set di Night Master pu\u00f2 aiutarti Addormentarti pi\u00f9 facilmente","description":"Set di Night Master rilassa il corpo e l'anima a lungo termine se assunto regolarmente e ti fa addormentare pi\u00f9 velocemente. Con Aloe vera e zafferano","robots":{"index":"index","follow":"follow","max-snippet":"max-snippet:-1","max-image-preview":"max-image-preview:large","max-video-preview":"max-video-preview:-1"},"canonical":"https:\/\/www.lraloeverashop.eu\/it\/prodotto\/set-di-night-master\/","og_locale":"it_IT","og_type":"article","og_title":"Set di Night Master","og_description":"Set di Night Master rilassa il corpo e l'anima a lungo termine se assunto regolarmente e ti fa addormentare pi\u00f9 velocemente. Con Aloe vera e zafferano","og_url":"https:\/\/www.lraloeverashop.eu\/it\/prodotto\/set-di-night-master\/","og_site_name":"Lr Negozio di Aloe Vera","article_publisher":"https:\/\/www.facebook.com\/lraloeverashop.eu","article_modified_time":"2026-04-10T14:40:48+00:00","og_image":[{"width":1200,"height":1200,"url":"https:\/\/www.lraloeverashop.eu\/wp-content\/uploads\/2022\/10\/Night-Master-Set.jpg","type":"image\/jpeg"}],"twitter_card":"summary_large_image","twitter_site":"@natur__kosmetik","schema":{"@context":"https:\/\/schema.org","@graph":[{"@type":["WebPage","ItemPage"],"@id":"https:\/\/www.lraloeverashop.eu\/it\/prodotto\/set-di-night-master\/","url":"https:\/\/www.lraloeverashop.eu\/it\/prodotto\/set-di-night-master\/","name":"Set di Night Master pu\u00f2 aiutarti Addormentarti pi\u00f9 facilmente","isPartOf":{"@id":"https:\/\/www.lraloeverashop.eu\/it\/#website"},"primaryImageOfPage":{"@id":"https:\/\/www.lraloeverashop.eu\/it\/prodotto\/set-di-night-master\/#primaryimage"},"image":{"@id":"https:\/\/www.lraloeverashop.eu\/it\/prodotto\/set-di-night-master\/#primaryimage"},"thumbnailUrl":"https:\/\/www.lraloeverashop.eu\/wp-content\/uploads\/2022\/10\/Night-Master-Set.jpg","datePublished":"2022-10-14T06:54:04+00:00","dateModified":"2026-04-10T14:40:48+00:00","description":"Set di Night Master rilassa il corpo e l'anima a lungo termine se assunto regolarmente e ti fa addormentare pi\u00f9 velocemente. Con Aloe vera e zafferano","breadcrumb":{"@id":"https:\/\/www.lraloeverashop.eu\/it\/prodotto\/set-di-night-master\/#breadcrumb"},"inLanguage":"it-IT","potentialAction":[{"@type":"ReadAction","target":["https:\/\/www.lraloeverashop.eu\/it\/prodotto\/set-di-night-master\/"]}]},{"@type":"ImageObject","inLanguage":"it-IT","@id":"https:\/\/www.lraloeverashop.eu\/it\/prodotto\/set-di-night-master\/#primaryimage","url":"https:\/\/www.lraloeverashop.eu\/wp-content\/uploads\/2022\/10\/Night-Master-Set.jpg","contentUrl":"https:\/\/www.lraloeverashop.eu\/wp-content\/uploads\/2022\/10\/Night-Master-Set.jpg","width":1200,"height":1200,"caption":"Night Master Set 3 pezzi"},{"@type":"BreadcrumbList","@id":"https:\/\/www.lraloeverashop.eu\/it\/prodotto\/set-di-night-master\/#breadcrumb","itemListElement":[{"@type":"ListItem","position":1,"name":"Home","item":"https:\/\/www.lraloeverashop.eu\/it\/"},{"@type":"ListItem","position":2,"name":"Negozio","item":"https:\/\/www.lraloeverashop.eu\/it\/negozio\/"},{"@type":"ListItem","position":3,"name":"Set di Night Master"}]},{"@type":"WebSite","@id":"https:\/\/www.lraloeverashop.eu\/it\/#website","url":"https:\/\/www.lraloeverashop.eu\/it\/","name":"Lr Negozio di Aloe Vera","description":"High Quality Lr Aloe Vera Gel, Aloe Vera Cream and Shampoo","publisher":{"@id":"https:\/\/www.lraloeverashop.eu\/it\/#organization"},"alternateName":"LR","potentialAction":[{"@type":"SearchAction","target":{"@type":"EntryPoint","urlTemplate":"https:\/\/www.lraloeverashop.eu\/it\/?s={search_term_string}"},"query-input":{"@type":"PropertyValueSpecification","valueRequired":true,"valueName":"search_term_string"}}],"inLanguage":"it-IT"},{"@type":"Organization","@id":"https:\/\/www.lraloeverashop.eu\/it\/#organization","name":"Negozio di Lr Aloe Vera","alternateName":"LR","url":"https:\/\/www.lraloeverashop.eu\/it\/","logo":{"@type":"ImageObject","inLanguage":"it-IT","@id":"https:\/\/www.lraloeverashop.eu\/it\/#\/schema\/logo\/image\/","url":"https:\/\/www.lraloeverashop.eu\/wp-content\/uploads\/2022\/09\/cropped-Lr-Aloe-Vera-Shop.jpg","contentUrl":"https:\/\/www.lraloeverashop.eu\/wp-content\/uploads\/2022\/09\/cropped-Lr-Aloe-Vera-Shop.jpg","width":228,"height":76,"caption":"Negozio di Lr Aloe Vera"},"image":{"@id":"https:\/\/www.lraloeverashop.eu\/it\/#\/schema\/logo\/image\/"},"sameAs":["https:\/\/www.facebook.com\/lraloeverashop.eu","https:\/\/x.com\/natur__kosmetik","https:\/\/www.youtube.com\/channel\/UC5oN7BJ8nfYb8RpVtjwDEBA","https:\/\/www.instagram.com\/lrbeautyeu\/"],"description":"Negozio di Lr Aloe Vera \u00e8 il tuo punto di riferimento per i prodotti LR Health & Beauty di alta qualit\u00e0, realizzati in Germania. Offriamo soluzioni per la cura della pelle, l'alimentazione e l'anti-et\u00e0 a base di Aloe Vera, formulate con ingredienti puri e supportate da ricerche scientifiche. Scopri una cura naturale che rigenera, protegge e rivitalizza la tua pelle e approfitta delle esclusive offerte mensili sui nostri prodotti LR Aloe Vera pi\u00f9 venduti.\nInizia oggi il tuo percorso di cura della pelle naturale e senti la differenza.","email":"info@lraloeverashop.eu","telephone":"+49 17670609653","legalName":"Lr Aloe Vera Shop","foundingDate":"2018-04-21","numberOfEmployees":{"@type":"QuantitativeValue","minValue":"1","maxValue":"10"}}]},"product_price_amount":"245.99","product_price_currency":"EUR","og_availability":"instock","product_availability":"instock","product_retailer_item_id":"81113-1IT","product_condition":"new"},"taxonomy_info":{"product_cat":[{"value":448,"label":"Rilassamento"},{"value":461,"label":"Risparmia in set"},{"value":466,"label":"Specialisti"}]},"featured_image_src_large":["https:\/\/www.lraloeverashop.eu\/wp-content\/uploads\/2022\/10\/Night-Master-Set-1024x1024.jpg",1024,1024,true],"author_info":[],"comment_info":0,"_links":{"self":[{"href":"https:\/\/www.lraloeverashop.eu\/it\/wp-json\/wp\/v2\/product\/9514","targetHints":{"allow":["GET"]}}],"collection":[{"href":"https:\/\/www.lraloeverashop.eu\/it\/wp-json\/wp\/v2\/product"}],"about":[{"href":"https:\/\/www.lraloeverashop.eu\/it\/wp-json\/wp\/v2\/types\/product"}],"replies":[{"embeddable":true,"href":"https:\/\/www.lraloeverashop.eu\/it\/wp-json\/wp\/v2\/comments?post=9514"}],"wp:featuredmedia":[{"embeddable":true,"href":"https:\/\/www.lraloeverashop.eu\/it\/wp-json\/wp\/v2\/media\/5786"}],"wp:attachment":[{"href":"https:\/\/www.lraloeverashop.eu\/it\/wp-json\/wp\/v2\/media?parent=9514"}],"wp:term":[{"taxonomy":"product_brand","embeddable":true,"href":"https:\/\/www.lraloeverashop.eu\/it\/wp-json\/wp\/v2\/product_brand?post=9514"},{"taxonomy":"product_cat","embeddable":true,"href":"https:\/\/www.lraloeverashop.eu\/it\/wp-json\/wp\/v2\/product_cat?post=9514"},{"taxonomy":"product_tag","embeddable":true,"href":"https:\/\/www.lraloeverashop.eu\/it\/wp-json\/wp\/v2\/product_tag?post=9514"}],"curies":[{"name":"wp","href":"https:\/\/api.w.org\/{rel}","templated":true}]}}