{"id":9477,"date":"2022-10-14T09:35:26","date_gmt":"2022-10-14T07:35:26","guid":{"rendered":"https:\/\/www.lraloeverashop.eu\/product\/lr-cannaloe-compresse\/"},"modified":"2026-02-03T20:26:42","modified_gmt":"2026-02-03T19:26:42","slug":"lr-cannaloe-compresse","status":"publish","type":"product","link":"https:\/\/www.lraloeverashop.eu\/it\/prodotto\/lr-cannaloe-compresse\/","title":{"rendered":"Lr CannAloe Compresse"},"content":{"rendered":"<h2><strong><span style=\"font-size: 16pt; color: #000000;\">Lr CannAloe Compresse<\/span><\/strong><\/h2>\n<p><span style=\"font-size: 14pt;\"><strong>Lr CannAloe Compresse &#8211; La Simbiosi Innovativa di Cannabis e Aloe Vera<\/strong><\/span><\/p>\n<p>Lr CannAloe Compresse combinano l&#8217;intero spettro dei cannabinoidi, come il CBD o CBD-A, della pianta di cannabis con aloe vera di alta qualit\u00e0. Lr CannAloe CBD \u00e8 un&#8217;innovativa simbiosi di principi attivi naturali con una tradizione secolare: cannabinoidi della pianta di cannabis, <a href=\"https:\/\/www.lraloeverashop.eu\/it\/aloe-vera-gel-per-viso-capelli-e-corpo\/\">aloe vera<\/a>, curcuma e incenso.<\/p>\n<p>Inoltre \u00e8 arricchita con vitamine C, D3 e K2 e con i minerali calcio, zinco e manganese. Il pratico formato in capsule assicura un metabolismo efficace. Poich\u00e9 non vi \u00e8 alcun effetto di assuefazione, Lr CannAloe Compresse sono raccomandate per un uso a lungo termine.<\/p>\n<p>&nbsp;<\/p>\n<h3><span style=\"font-size: 16pt; color: #000000;\"><strong>Che cos\u2019\u00e8 Lr Lifetakt CannAloe Compresse?<\/strong><\/span><\/h3>\n<p>cannabinoidi, come il CBD e il CBD-A, della pianta di cannabis con l\u2019aloe vera e altri ingredienti tradizionali e scientificamente provati come la curcuma, l&#8217;incenso, le vitamine e i minerali.<\/p>\n<p><img loading=\"lazy\" decoding=\"async\" class=\"alignright wp-image-2910\" src=\"https:\/\/www.lraloeverashop.eu\/wp-content\/uploads\/2022\/10\/Cannabis-Plant.jpg\" alt=\"Lr CannAloe Compresse \u00e8 ottenuta da canapa industriale certificata\" width=\"449\" height=\"329\" srcset=\"https:\/\/www.lraloeverashop.eu\/wp-content\/uploads\/2022\/10\/Cannabis-Plant.jpg 1024w, https:\/\/www.lraloeverashop.eu\/wp-content\/uploads\/2022\/10\/Cannabis-Plant-600x439.jpg 600w, https:\/\/www.lraloeverashop.eu\/wp-content\/uploads\/2022\/10\/Cannabis-Plant-300x219.jpg 300w, https:\/\/www.lraloeverashop.eu\/wp-content\/uploads\/2022\/10\/Cannabis-Plant-768x562.jpg 768w\" sizes=\"auto, (max-width: 449px) 100vw, 449px\" \/><\/p>\n<p>&nbsp;<\/p>\n<h4><span style=\"font-size: 16pt; color: #000000;\"><strong>Qual \u00e8 il significato di cannabinoidi, CBD e CBD-A?<\/strong><\/span><\/h4>\n<p>CBD e CBD-A appartengono al gruppo dei cannabinoidi, che hanno una variet\u00e0 di effetti nel corpo umano. La canapa usata in Lr Cannaloe Compresse non \u00e8 inebriante, non provoca dipendenza e non \u00e8 soggetta alla legge sugli stupefacenti (BTMG).<\/p>\n<p>&nbsp;<\/p>\n<h3><span style=\"font-size: 16pt; color: #000000;\"><strong>Il termine THC appare spesso in relazione ai cannabinoidi. Che cosa significa?<\/strong><\/span><\/h3>\n<p>Il THC (tetraidrocannabinolo) \u00e8 una sostanza psicoattiva che si trova in quantit\u00e0 pi\u00f9 elevate nelle piante femminili di cannabis ed \u00e8 anche uno dei cannabinoidi. La parte principale dell&#8217;effetto inebriante \u00e8 attribuita ad esso.<\/p>\n<p>&nbsp;<\/p>\n<h3><span style=\"font-size: 16pt; color: #000000;\"><strong>\u00c8 un prodotto legale?<\/strong><\/span><\/h3>\n<p>Fondamentale per un prodotto legale \u00e8 che il contenuto di THC sia inferiore al limite legale dello 0,2%. Non farei affidamento sulle informazioni del produttore qui, ma utilizzer\u00f2 solo prodotti fabbricati in Germania. Questi sono soggetti alle pi\u00f9 severe normative e controlli legali. Ci\u00f2 significa sicurezza. E a proposito, la patente non \u00e8 in pericolo.<\/p>\n<p>La canapa usata nelle Lr CannAloe Compresse \u00e8 ottenuta da canapa industriale certificata dall&#8217;UE, la Cannabis Sativa, e l&#8217;ingrediente inebriante THC \u00e8 stato in gran parte coltivato.<\/p>\n<p><strong>Perch\u00e9 non \u00e8 possibile scrivere sulla confezione &#8220;privo di THC&#8221; o &#8220;privo di allucinogeni&#8221;?<\/strong><br \/>\nIl prodotto \u00e8 un prodotto naturale soggetto a requisiti normativi. Non \u00e8 pertanto consentita un\u2019indicazione corrispondente. Poich\u00e9 si tratta di un prodotto a spettro completo, tutti i cannabinoidi naturali provengono dalla pianta di cannabis.<\/p>\n<p>&nbsp;<\/p>\n<h4><span style=\"font-size: 16pt; color: #000000;\"><strong>Qual \u00e8 il processo di produzione di CannAloe?<\/strong><\/span><\/h4>\n<p>La pianta di cannabis viene coltivata all&#8217;aperto e viene prima schiacciata dopo la raccolta. Per poter macinare finemente i fiori e le foglie della pianta di cannabis e ottenere un prodotto di cannabis omogeneo, il prodotto viene essiccato.<\/p>\n<p>Questo processo di essiccazione viene eseguito delicatamente secondo linee guida rigorose in modo che i cannabinoidi non si convertano in sottoprodotti indesiderati (ad es. THC).<\/p>\n<p>Anche la macinazione estremamente fine \u00e8 molto importante, poich\u00e9 ogni pianta \u00e8 diversa e contiene anche diverse quantit\u00e0 di principi attivi. In questo modo si ottiene un profilo equilibrato di ingrediente e principio attivo.<\/p>\n<p>&nbsp;<\/p>\n<h2><span style=\"font-size: 16pt; color: #000000;\"><strong>Perch\u00e9 sono Lr CannAloe Compresse cos\u00ec speciale?<\/strong><\/span><\/h2>\n<p>LR CannAloe consiste in una combinazione di principi attivi con gli ingredienti canapa in polvere, curcuma, incenso, aloe vera cos\u00ec come minerali e vitamine.<\/p>\n<p>Grazie al suo dosaggio sotto forma di capsula, gli ingredienti possono essere elaborati in modo pi\u00f9 efficace e mirato dall&#8217;organismo. Motivo per cui sono sufficienti basse concentrazioni degli ingredienti. L&#8217;alta proporzione del vettore, costituito da olio di soia, viene utilizzato per mantenere l&#8217;omogeneit\u00e0 della capsula.<\/p>\n<ul>\n<li>La <a href=\"https:\/\/www.lraloeverashop.eu\/it\/prodotto\/vita-active-frutti-rossi\/\">vitamina C<\/a> contenuta nelle Lr Lifetakt CannAloe Compresse contribuisce al normale metabolismo energetico. Anche alla normale funzione psicologica, alla normale funzione del sistema immunitario e alla protezione delle cellule dallo stress ossidativo.<\/li>\n<li>La vitamina D contenuta in CannAloe contribuisce al normale funzionamento del <a href=\"https:\/\/www.lraloeverashop.eu\/it\/prodotto\/colostro-direct-liquido\/\">sistema immunitario<\/a>. Al normale mantenimento delle ossa e della normale funzione muscolare.<\/li>\n<li>La vitamina K contenuta in Lr CannAloe Compresse contribuisce al normale mantenimento delle ossa.<\/li>\n<li>Il manganese contenuto nelle pillole CBD contribuisce al normale metabolismo energetico. Alla protezione delle cellule dallo stress ossidativo e al normale mantenimento delle ossa.<\/li>\n<li>Lo zinco contenuto nelle Lr CBD capsule alla normale funzione del sistema immunitario. Alla protezione delle cellule dallo stress ossidativo, alla normale funzione cognitiva e al normale <a href=\"https:\/\/www.lraloeverashop.eu\/it\/prodotto\/aloe-vera-gel-da-bere-freedom\/\">mantenimento delle ossa<\/a>.<\/li>\n<\/ul>\n<p>&nbsp;<\/p>\n<h3><span style=\"color: #000000;\"><strong><span style=\"font-size: 16pt;\">Come usare CannAloe Compresse<\/span><\/strong><\/span><\/h3>\n<p>Persone fino a 45 kg di peso corporeo: 1 capsula al giorno, da 45 kg di peso corporeo: 2 capsule al giorno, deglutire intere con un po \u2018di liquido. Pratica confezione mensile (60 capsule).<\/p>\n<p><strong>Nota:<\/strong>\u00a0la dose giornaliera raccomandata specificata non deve essere superata. Gli integratori alimentari non sostituiscono una dieta varia ed equilibrata, che \u00e8 importante in combinazione con uno stile di vita sano.<\/p>\n<p>Tenere il prodotto fuori dalla portata dei bambini piccoli. Conservare all\u2019asciutto ea temperatura ambiente.<\/p>\n<p><span style=\"color: #ff0000;\"><strong>Non adatto a donne in gravidanza, donne che allattano, bambini e adolescenti.<\/strong><\/span><\/p>\n<p>&nbsp;<\/p>\n<h4><span style=\"font-size: 16pt; color: #000000;\"><strong>Olio di CBD o Capsule di CBD?<\/strong><\/span><\/h4>\n<p>Fare la scelta giusta qui non \u00e8 sempre facile per il consumatore. A prima vista, l&#8217;olio sembra una buona scelta. Tuttavia, presenta alcuni svantaggi cruciali. Gli oli sono scarsamente assorbiti attraverso la digestione, quindi i produttori consigliano di lasciare le gocce in bocca per qualche tempo. In modo che il CBD possa essere assorbito attraverso le mucose.<\/p>\n<p>Il sapore, che la maggior parte delle persone trova estremamente sgradevole. Significa che l&#8217;olio di CBD spesso non rimane in bocca\/sotto la lingua abbastanza a lungo e quindi si perde parte del suo potenziale. Inoltre, poich\u00e9 il contenuto di CBD degli oli a spettro completo pu\u00f2 variare, il dosaggio \u00e8 difficile.<\/p>\n<p>Gli scienziati israeliani hanno sviluppato un processo per una preparazione solubile in acqua a spettro completo.<br \/>\nIl risultato: Lr Cannaloe Compresse una polvere di CBD a spettro completo in forma di <a href=\"https:\/\/www.lraloeverashop.eu\/it\/prodotto\/cbd-compresse\/\">capsule<\/a>. I vantaggi sono enormi: biodisponibilit\u00e0 e assorbimento ottimali, dosaggio preciso e la capsula \u00e8 insapore.<\/p>\n<p><span style=\"color: #000000;\"><strong>Curcuma e incenso: la simbiosi perfetta<\/strong><\/span><br \/>\nL&#8217;esperienza ha dimostrato che il CBD in combinazione con curcuma e incenso raggiunge un effetto antinfiammatorio e analgesico significativamente pi\u00f9 elevato.<\/p>\n<p>&nbsp;<\/p>\n","protected":false},"excerpt":{"rendered":"<ul>\n<li>Combinazione di ingredienti naturali con una tradizione secolare<\/li>\n<li>L&#8217;intero spettro di cannabinoidi della pianta di cannabis, aloe vera, curcuma e incenso<\/li>\n<li>Arricchito con minerali e vitamine<\/li>\n<li>Consigliato per un uso a lungo termine<\/li>\n<li>Senza abituarsi, non crea dipendenza<\/li>\n<li>Senza glutine e lattosio<\/li>\n<li>Quantit\u00e0: 60 capsule<\/li>\n<\/ul>\n<p><span style=\"color: #ff0000;\"><a style=\"color: #ff0000;\" href=\"https:\/\/shop.lrworld.com\/openpao?PHP=0vFlt7jT938BEnBI3a6e9w%3D%3D\"><span style=\"font-size: 14pt;\"><strong>Registrati ora e risparmia il 35% su ogni ordine<\/strong><\/span><\/a><\/span><\/p>\n","protected":false},"featured_media":5510,"comment_status":"open","ping_status":"closed","template":"","meta":{"_kad_blocks_custom_css":"","_kad_blocks_head_custom_js":"","_kad_blocks_body_custom_js":"","_kad_blocks_footer_custom_js":"","_kadence_starter_templates_imported_post":false,"_kad_post_transparent":"default","_kad_post_title":"","_kad_post_layout":"default","_kad_post_sidebar_id":"","_kad_post_content_style":"default","_kad_post_vertical_padding":"default","_kad_post_feature":"","_kad_post_feature_position":"","_kad_post_header":false,"_kad_post_footer":false,"_kad_post_classname":""},"product_brand":[],"product_cat":[486,418,412,448,466],"product_tag":[664],"class_list":{"0":"post-9477","1":"product","2":"type-product","3":"status-publish","4":"has-post-thumbnail","6":"product_cat-cannaloe-it","7":"product_cat-ossa-articolazioni-e-muscoli","8":"product_cat-prodotti-speciali","9":"product_cat-rilassamento","10":"product_cat-nutrizionisti","11":"product_tag-dolore-alle-articolazioni","13":"first","14":"instock","15":"taxable","16":"shipping-taxable","17":"purchasable","18":"product-type-simple","19":"entry","20":"content-bg","21":"loop-entry"},"yoast_head":"<!-- This site is optimized with the Yoast SEO Premium plugin v27.4 (Yoast SEO v27.4) - https:\/\/yoast.com\/product\/yoast-seo-premium-wordpress\/ -->\n<title>Lr CannAloe Compresse - Simbiosi Innovativa di CBD e Aloe Vera<\/title>\n<meta name=\"description\" content=\"Lr Cannaloe Compresse senza glutine e lattosio arricchiti con vitamine C, D3 e K2 oltre ai minerali calcio, zinco e manganese. Con CBD, Curcuma e Aloe Vera\" \/>\n<meta name=\"robots\" content=\"index, follow, max-snippet:-1, max-image-preview:large, max-video-preview:-1\" \/>\n<link rel=\"canonical\" href=\"https:\/\/www.lraloeverashop.eu\/it\/prodotto\/lr-cannaloe-compresse\/\" \/>\n<meta property=\"og:locale\" content=\"it_IT\" \/>\n<meta property=\"og:type\" content=\"article\" \/>\n<meta property=\"og:title\" content=\"Lr CannAloe Compresse\" \/>\n<meta property=\"og:description\" content=\"Lr Cannaloe Compresse senza glutine e lattosio arricchiti con vitamine C, D3 e K2 oltre ai minerali calcio, zinco e manganese. Con CBD, Curcuma e Aloe Vera\" \/>\n<meta property=\"og:url\" content=\"https:\/\/www.lraloeverashop.eu\/it\/prodotto\/lr-cannaloe-compresse\/\" \/>\n<meta property=\"og:site_name\" content=\"Lr Negozio di Aloe Vera\" \/>\n<meta property=\"article:publisher\" content=\"https:\/\/www.facebook.com\/lraloeverashop.eu\" \/>\n<meta property=\"article:modified_time\" content=\"2026-02-03T19:26:42+00:00\" \/>\n<meta property=\"og:image\" content=\"https:\/\/www.lraloeverashop.eu\/wp-content\/uploads\/2022\/10\/Lr-CannAloe-single.jpg\" \/>\n\t<meta property=\"og:image:width\" content=\"1200\" \/>\n\t<meta property=\"og:image:height\" content=\"1200\" \/>\n\t<meta property=\"og:image:type\" content=\"image\/jpeg\" \/>\n<meta name=\"twitter:card\" content=\"summary_large_image\" \/>\n<meta name=\"twitter:site\" content=\"@natur__kosmetik\" \/>\n<script type=\"application\/ld+json\" class=\"yoast-schema-graph\">{\"@context\":\"https:\\\/\\\/schema.org\",\"@graph\":[{\"@type\":[\"WebPage\",\"ItemPage\"],\"@id\":\"https:\\\/\\\/www.lraloeverashop.eu\\\/it\\\/prodotto\\\/lr-cannaloe-compresse\\\/\",\"url\":\"https:\\\/\\\/www.lraloeverashop.eu\\\/it\\\/prodotto\\\/lr-cannaloe-compresse\\\/\",\"name\":\"Lr CannAloe Compresse - Simbiosi Innovativa di CBD e Aloe Vera\",\"isPartOf\":{\"@id\":\"https:\\\/\\\/www.lraloeverashop.eu\\\/it\\\/#website\"},\"primaryImageOfPage\":{\"@id\":\"https:\\\/\\\/www.lraloeverashop.eu\\\/it\\\/prodotto\\\/lr-cannaloe-compresse\\\/#primaryimage\"},\"image\":{\"@id\":\"https:\\\/\\\/www.lraloeverashop.eu\\\/it\\\/prodotto\\\/lr-cannaloe-compresse\\\/#primaryimage\"},\"thumbnailUrl\":\"https:\\\/\\\/www.lraloeverashop.eu\\\/wp-content\\\/uploads\\\/2022\\\/10\\\/Lr-CannAloe-single.jpg\",\"datePublished\":\"2022-10-14T07:35:26+00:00\",\"dateModified\":\"2026-02-03T19:26:42+00:00\",\"description\":\"Lr Cannaloe Compresse senza glutine e lattosio arricchiti con vitamine C, D3 e K2 oltre ai minerali calcio, zinco e manganese. Con CBD, Curcuma e Aloe Vera\",\"breadcrumb\":{\"@id\":\"https:\\\/\\\/www.lraloeverashop.eu\\\/it\\\/prodotto\\\/lr-cannaloe-compresse\\\/#breadcrumb\"},\"inLanguage\":\"it-IT\",\"potentialAction\":[{\"@type\":\"ReadAction\",\"target\":[\"https:\\\/\\\/www.lraloeverashop.eu\\\/it\\\/prodotto\\\/lr-cannaloe-compresse\\\/\"]}]},{\"@type\":\"ImageObject\",\"inLanguage\":\"it-IT\",\"@id\":\"https:\\\/\\\/www.lraloeverashop.eu\\\/it\\\/prodotto\\\/lr-cannaloe-compresse\\\/#primaryimage\",\"url\":\"https:\\\/\\\/www.lraloeverashop.eu\\\/wp-content\\\/uploads\\\/2022\\\/10\\\/Lr-CannAloe-single.jpg\",\"contentUrl\":\"https:\\\/\\\/www.lraloeverashop.eu\\\/wp-content\\\/uploads\\\/2022\\\/10\\\/Lr-CannAloe-single.jpg\",\"width\":1200,\"height\":1200,\"caption\":\"Lr CannAloe CBD con aloe vera di alta qualit\u00e0\"},{\"@type\":\"BreadcrumbList\",\"@id\":\"https:\\\/\\\/www.lraloeverashop.eu\\\/it\\\/prodotto\\\/lr-cannaloe-compresse\\\/#breadcrumb\",\"itemListElement\":[{\"@type\":\"ListItem\",\"position\":1,\"name\":\"Home\",\"item\":\"https:\\\/\\\/www.lraloeverashop.eu\\\/it\\\/\"},{\"@type\":\"ListItem\",\"position\":2,\"name\":\"Negozio\",\"item\":\"https:\\\/\\\/www.lraloeverashop.eu\\\/it\\\/negozio\\\/\"},{\"@type\":\"ListItem\",\"position\":3,\"name\":\"Lr CannAloe Compresse\"}]},{\"@type\":\"WebSite\",\"@id\":\"https:\\\/\\\/www.lraloeverashop.eu\\\/it\\\/#website\",\"url\":\"https:\\\/\\\/www.lraloeverashop.eu\\\/it\\\/\",\"name\":\"Lr Negozio di Aloe Vera\",\"description\":\"High Quality Lr Aloe Vera Gel, Aloe Vera Cream and Shampoo\",\"publisher\":{\"@id\":\"https:\\\/\\\/www.lraloeverashop.eu\\\/it\\\/#organization\"},\"potentialAction\":[{\"@type\":\"SearchAction\",\"target\":{\"@type\":\"EntryPoint\",\"urlTemplate\":\"https:\\\/\\\/www.lraloeverashop.eu\\\/it\\\/?s={search_term_string}\"},\"query-input\":{\"@type\":\"PropertyValueSpecification\",\"valueRequired\":true,\"valueName\":\"search_term_string\"}}],\"inLanguage\":\"it-IT\"},{\"@type\":\"Organization\",\"@id\":\"https:\\\/\\\/www.lraloeverashop.eu\\\/it\\\/#organization\",\"name\":\"Negozio di Lr Aloe Vera\",\"alternateName\":\"LR\",\"url\":\"https:\\\/\\\/www.lraloeverashop.eu\\\/it\\\/\",\"logo\":{\"@type\":\"ImageObject\",\"inLanguage\":\"it-IT\",\"@id\":\"https:\\\/\\\/www.lraloeverashop.eu\\\/it\\\/#\\\/schema\\\/logo\\\/image\\\/\",\"url\":\"https:\\\/\\\/www.lraloeverashop.eu\\\/wp-content\\\/uploads\\\/2022\\\/09\\\/cropped-Lr-Aloe-Vera-Shop.jpg\",\"contentUrl\":\"https:\\\/\\\/www.lraloeverashop.eu\\\/wp-content\\\/uploads\\\/2022\\\/09\\\/cropped-Lr-Aloe-Vera-Shop.jpg\",\"width\":228,\"height\":76,\"caption\":\"Negozio di Lr Aloe Vera\"},\"image\":{\"@id\":\"https:\\\/\\\/www.lraloeverashop.eu\\\/it\\\/#\\\/schema\\\/logo\\\/image\\\/\"},\"sameAs\":[\"https:\\\/\\\/www.facebook.com\\\/lraloeverashop.eu\",\"https:\\\/\\\/x.com\\\/natur__kosmetik\",\"https:\\\/\\\/www.youtube.com\\\/channel\\\/UC5oN7BJ8nfYb8RpVtjwDEBA\",\"https:\\\/\\\/www.instagram.com\\\/lrbeautyeu\\\/\"],\"description\":\"Negozio di Lr Aloe Vera \u00e8 il tuo punto di riferimento per i prodotti LR Health & Beauty di alta qualit\u00e0, realizzati in Germania. Offriamo soluzioni per la cura della pelle, l'alimentazione e l'anti-et\u00e0 a base di Aloe Vera, formulate con ingredienti puri e supportate da ricerche scientifiche. Scopri una cura naturale che rigenera, protegge e rivitalizza la tua pelle e approfitta delle esclusive offerte mensili sui nostri prodotti LR Aloe Vera pi\u00f9 venduti.\\nInizia oggi il tuo percorso di cura della pelle naturale e senti la differenza.\",\"email\":\"info@lraloeverashop.eu\",\"telephone\":\"+49 17670609653\",\"legalName\":\"Lr Aloe Vera Shop\",\"foundingDate\":\"2018-04-21\",\"numberOfEmployees\":{\"@type\":\"QuantitativeValue\",\"minValue\":\"1\",\"maxValue\":\"10\"}}]}<\/script>\n<meta property=\"product:price:amount\" content=\"122.49\" \/>\n<meta property=\"product:price:currency\" content=\"EUR\" \/>\n<meta property=\"og:availability\" content=\"instock\" \/>\n<meta property=\"product:availability\" content=\"instock\" \/>\n<meta property=\"product:retailer_item_id\" content=\"81090-1IT\" \/>\n<meta property=\"product:condition\" content=\"new\" \/>\n<!-- \/ Yoast SEO Premium plugin. -->","yoast_head_json":{"title":"Lr CannAloe Compresse - Simbiosi Innovativa di CBD e Aloe Vera","description":"Lr Cannaloe Compresse senza glutine e lattosio arricchiti con vitamine C, D3 e K2 oltre ai minerali calcio, zinco e manganese. Con CBD, Curcuma e Aloe Vera","robots":{"index":"index","follow":"follow","max-snippet":"max-snippet:-1","max-image-preview":"max-image-preview:large","max-video-preview":"max-video-preview:-1"},"canonical":"https:\/\/www.lraloeverashop.eu\/it\/prodotto\/lr-cannaloe-compresse\/","og_locale":"it_IT","og_type":"article","og_title":"Lr CannAloe Compresse","og_description":"Lr Cannaloe Compresse senza glutine e lattosio arricchiti con vitamine C, D3 e K2 oltre ai minerali calcio, zinco e manganese. Con CBD, Curcuma e Aloe Vera","og_url":"https:\/\/www.lraloeverashop.eu\/it\/prodotto\/lr-cannaloe-compresse\/","og_site_name":"Lr Negozio di Aloe Vera","article_publisher":"https:\/\/www.facebook.com\/lraloeverashop.eu","article_modified_time":"2026-02-03T19:26:42+00:00","og_image":[{"width":1200,"height":1200,"url":"https:\/\/www.lraloeverashop.eu\/wp-content\/uploads\/2022\/10\/Lr-CannAloe-single.jpg","type":"image\/jpeg"}],"twitter_card":"summary_large_image","twitter_site":"@natur__kosmetik","schema":{"@context":"https:\/\/schema.org","@graph":[{"@type":["WebPage","ItemPage"],"@id":"https:\/\/www.lraloeverashop.eu\/it\/prodotto\/lr-cannaloe-compresse\/","url":"https:\/\/www.lraloeverashop.eu\/it\/prodotto\/lr-cannaloe-compresse\/","name":"Lr CannAloe Compresse - Simbiosi Innovativa di CBD e Aloe Vera","isPartOf":{"@id":"https:\/\/www.lraloeverashop.eu\/it\/#website"},"primaryImageOfPage":{"@id":"https:\/\/www.lraloeverashop.eu\/it\/prodotto\/lr-cannaloe-compresse\/#primaryimage"},"image":{"@id":"https:\/\/www.lraloeverashop.eu\/it\/prodotto\/lr-cannaloe-compresse\/#primaryimage"},"thumbnailUrl":"https:\/\/www.lraloeverashop.eu\/wp-content\/uploads\/2022\/10\/Lr-CannAloe-single.jpg","datePublished":"2022-10-14T07:35:26+00:00","dateModified":"2026-02-03T19:26:42+00:00","description":"Lr Cannaloe Compresse senza glutine e lattosio arricchiti con vitamine C, D3 e K2 oltre ai minerali calcio, zinco e manganese. Con CBD, Curcuma e Aloe Vera","breadcrumb":{"@id":"https:\/\/www.lraloeverashop.eu\/it\/prodotto\/lr-cannaloe-compresse\/#breadcrumb"},"inLanguage":"it-IT","potentialAction":[{"@type":"ReadAction","target":["https:\/\/www.lraloeverashop.eu\/it\/prodotto\/lr-cannaloe-compresse\/"]}]},{"@type":"ImageObject","inLanguage":"it-IT","@id":"https:\/\/www.lraloeverashop.eu\/it\/prodotto\/lr-cannaloe-compresse\/#primaryimage","url":"https:\/\/www.lraloeverashop.eu\/wp-content\/uploads\/2022\/10\/Lr-CannAloe-single.jpg","contentUrl":"https:\/\/www.lraloeverashop.eu\/wp-content\/uploads\/2022\/10\/Lr-CannAloe-single.jpg","width":1200,"height":1200,"caption":"Lr CannAloe CBD con aloe vera di alta qualit\u00e0"},{"@type":"BreadcrumbList","@id":"https:\/\/www.lraloeverashop.eu\/it\/prodotto\/lr-cannaloe-compresse\/#breadcrumb","itemListElement":[{"@type":"ListItem","position":1,"name":"Home","item":"https:\/\/www.lraloeverashop.eu\/it\/"},{"@type":"ListItem","position":2,"name":"Negozio","item":"https:\/\/www.lraloeverashop.eu\/it\/negozio\/"},{"@type":"ListItem","position":3,"name":"Lr CannAloe Compresse"}]},{"@type":"WebSite","@id":"https:\/\/www.lraloeverashop.eu\/it\/#website","url":"https:\/\/www.lraloeverashop.eu\/it\/","name":"Lr Negozio di Aloe Vera","description":"High Quality Lr Aloe Vera Gel, Aloe Vera Cream and Shampoo","publisher":{"@id":"https:\/\/www.lraloeverashop.eu\/it\/#organization"},"potentialAction":[{"@type":"SearchAction","target":{"@type":"EntryPoint","urlTemplate":"https:\/\/www.lraloeverashop.eu\/it\/?s={search_term_string}"},"query-input":{"@type":"PropertyValueSpecification","valueRequired":true,"valueName":"search_term_string"}}],"inLanguage":"it-IT"},{"@type":"Organization","@id":"https:\/\/www.lraloeverashop.eu\/it\/#organization","name":"Negozio di Lr Aloe Vera","alternateName":"LR","url":"https:\/\/www.lraloeverashop.eu\/it\/","logo":{"@type":"ImageObject","inLanguage":"it-IT","@id":"https:\/\/www.lraloeverashop.eu\/it\/#\/schema\/logo\/image\/","url":"https:\/\/www.lraloeverashop.eu\/wp-content\/uploads\/2022\/09\/cropped-Lr-Aloe-Vera-Shop.jpg","contentUrl":"https:\/\/www.lraloeverashop.eu\/wp-content\/uploads\/2022\/09\/cropped-Lr-Aloe-Vera-Shop.jpg","width":228,"height":76,"caption":"Negozio di Lr Aloe Vera"},"image":{"@id":"https:\/\/www.lraloeverashop.eu\/it\/#\/schema\/logo\/image\/"},"sameAs":["https:\/\/www.facebook.com\/lraloeverashop.eu","https:\/\/x.com\/natur__kosmetik","https:\/\/www.youtube.com\/channel\/UC5oN7BJ8nfYb8RpVtjwDEBA","https:\/\/www.instagram.com\/lrbeautyeu\/"],"description":"Negozio di Lr Aloe Vera \u00e8 il tuo punto di riferimento per i prodotti LR Health & Beauty di alta qualit\u00e0, realizzati in Germania. Offriamo soluzioni per la cura della pelle, l'alimentazione e l'anti-et\u00e0 a base di Aloe Vera, formulate con ingredienti puri e supportate da ricerche scientifiche. Scopri una cura naturale che rigenera, protegge e rivitalizza la tua pelle e approfitta delle esclusive offerte mensili sui nostri prodotti LR Aloe Vera pi\u00f9 venduti.\nInizia oggi il tuo percorso di cura della pelle naturale e senti la differenza.","email":"info@lraloeverashop.eu","telephone":"+49 17670609653","legalName":"Lr Aloe Vera Shop","foundingDate":"2018-04-21","numberOfEmployees":{"@type":"QuantitativeValue","minValue":"1","maxValue":"10"}}]},"product_price_amount":"122.49","product_price_currency":"EUR","og_availability":"instock","product_availability":"instock","product_retailer_item_id":"81090-1IT","product_condition":"new"},"taxonomy_info":{"product_cat":[{"value":486,"label":"CannAloe"},{"value":418,"label":"Ossa, Articolazioni e Muscoli"},{"value":412,"label":"Prodotti Speciali"},{"value":448,"label":"Rilassamento"},{"value":466,"label":"Specialisti"}],"product_tag":[{"value":664,"label":"Dolore alle articolazioni"}]},"featured_image_src_large":["https:\/\/www.lraloeverashop.eu\/wp-content\/uploads\/2022\/10\/Lr-CannAloe-single-1024x1024.jpg",1024,1024,true],"author_info":[],"comment_info":0,"_links":{"self":[{"href":"https:\/\/www.lraloeverashop.eu\/it\/wp-json\/wp\/v2\/product\/9477","targetHints":{"allow":["GET"]}}],"collection":[{"href":"https:\/\/www.lraloeverashop.eu\/it\/wp-json\/wp\/v2\/product"}],"about":[{"href":"https:\/\/www.lraloeverashop.eu\/it\/wp-json\/wp\/v2\/types\/product"}],"replies":[{"embeddable":true,"href":"https:\/\/www.lraloeverashop.eu\/it\/wp-json\/wp\/v2\/comments?post=9477"}],"wp:featuredmedia":[{"embeddable":true,"href":"https:\/\/www.lraloeverashop.eu\/it\/wp-json\/wp\/v2\/media\/5510"}],"wp:attachment":[{"href":"https:\/\/www.lraloeverashop.eu\/it\/wp-json\/wp\/v2\/media?parent=9477"}],"wp:term":[{"taxonomy":"product_brand","embeddable":true,"href":"https:\/\/www.lraloeverashop.eu\/it\/wp-json\/wp\/v2\/product_brand?post=9477"},{"taxonomy":"product_cat","embeddable":true,"href":"https:\/\/www.lraloeverashop.eu\/it\/wp-json\/wp\/v2\/product_cat?post=9477"},{"taxonomy":"product_tag","embeddable":true,"href":"https:\/\/www.lraloeverashop.eu\/it\/wp-json\/wp\/v2\/product_tag?post=9477"}],"curies":[{"name":"wp","href":"https:\/\/api.w.org\/{rel}","templated":true}]}}