{"id":9465,"date":"2022-10-14T10:51:54","date_gmt":"2022-10-14T08:51:54","guid":{"rendered":"https:\/\/www.lraloeverashop.eu\/product\/fiber-boost-bevanda-in-polvere-set\/"},"modified":"2026-02-03T20:25:35","modified_gmt":"2026-02-03T19:25:35","slug":"fiber-boost-bevanda-in-polvere-set","status":"publish","type":"product","link":"https:\/\/www.lraloeverashop.eu\/it\/prodotto\/fiber-boost-bevanda-in-polvere-set\/","title":{"rendered":"Fiber Boost Bevanda in polvere Set"},"content":{"rendered":"<h2><span style=\"font-size: 16pt;\"><strong>Fiber Boost Bevanda in polvere Set 3 Pezzi<\/strong><\/span><\/h2>\n<p><span style=\"font-size: 14pt;\"><strong>Fiber Boost Bevanda in Polvere Set &#8211; Fibra di alta qualit\u00e0 contro la grande fame<\/strong><\/span><\/p>\n<p>Nella vita frenetica di tutti i giorni, troppo poca fibra viene spesso consumata in una dieta squilibrata *. Fiber Boost Bevanda in Polvere Set supporta il corpo con il suo alto contenuto di fibre da 3 diverse fonti di fibre e ha un sapore delizioso.<\/p>\n<p>Tutti lo sanno: la colazione o il pranzo sono solo poche ore fa e di nuovo lo stomaco sta segnalando &#8211; ma mancano ancora poche ore al prossimo pasto. Prendiamo rapidamente snack pieni di calorie. Inizia con Fiber Boost Set, il <a href=\"https:\/\/www.lraloeverashop.eu\/it\/prodotto\/fiber-boost-bevanda-in-polvere\/\">supplemento dietetico<\/a> ipocalorico e ricco di fibre.<\/p>\n<p>Fiber Boost Set non te aiuta solo con la prima sensazione di fame. Inoltre ci fornisce fibre e fornisce all&#8217;organismo l&#8217;importante oligoelemento di cromo per il metabolismo dei nutrienti regolato\u00b9 e uno zucchero ematico pi\u00f9 stabile\u00b2.<\/p>\n<p>La sostanza vegetale <a href=\"https:\/\/www.lraloeverashop.eu\/it\/prodotto\/figu-active-frappe-cioccolato-cremoso\/\">naturale Stevia<\/a> offre un sapore dolce &#8211; senza zuccheri aggiuntivi e calorie in eccesso.<\/p>\n<ol>\n<li>Il cromo contribuisce al normale metabolismo dei macronutrienti.<\/li>\n<li>Il cromo contribuisce al mantenimento dei normali livelli di zucchero nel sangue.<\/li>\n<\/ol>\n<p><strong>* Il 69% degli uomini e il 75% delle donne non raggiungono il peso target della fibra del DGE di 30 grammi al giorno. 2008. Max Rubner-Institut, Istituto federale di ricerca per la nutrizione e l&#8217;alimentazione.<\/strong><\/p>\n<p>&nbsp;<\/p>\n<h3><strong><span style=\"font-size: 16pt;\">Come usare Bevanda in Polvere<\/span><\/strong><\/h3>\n<p>Prendi una volta al giorno una porzione preparata di Fiber Boost. Si consiglia di prendere tra i pasti. Preparazione: Mescolare due misurini (un misurino = circa 3,5 g) in 200 ml di latte magro, senza lattosio (1,5% di grasso) o acqua per il consumo immediato. Utilizzare almeno un bicchiere da 300 ml. Per questo raccomandiamo la preparazione nell\u2019agitatore LR.<\/p>\n<p>Nota: assicurati di bere abbastanza. La dose giornaliera raccomandata non deve essere superata. Gli <a href=\"https:\/\/www.lraloeverashop.eu\/it\/categoria-prodotto\/prodotti-speciali\/\">integratori alimentari<\/a> non sono un sostituto di una dieta varia ed equilibrata che \u00e8 importante insieme a uno stile di vita sano. Tenere il prodotto fuori dalla portata dei bambini piccoli. Si prega di tenere ben chiuso, asciutto e conservare a temperatura ambiente. Chiudi di nuovo dopo l\u2019apertura.<\/p>\n<p>&nbsp;<\/p>\n<h4><strong><span style=\"font-size: 16pt;\">Lo Sapevate?<\/span><\/strong><\/h4>\n<p><strong>Nota importante<\/strong>: se si devia dalla preparazione in base alle istruzioni del pacchetto, il valore nutrizionale della porzione preparata cambia. Il modo pi\u00f9 efficace per utilizzare Fiber Boost Bevanda in polvere Set \u00e8 attenersi alle istruzioni LR sulla confezione del prodotto durante la preparazione.<\/p>\n<p>&nbsp;<\/p>\n","protected":false},"excerpt":{"rendered":"<ul>\n<li>Fibre contro la grande fame<\/li>\n<li>Per il benessere generale nella vita di tutti i giorni<\/li>\n<li>A basso contenuto di calorie con la naturale dolcezza di Stevia<\/li>\n<li>Ricco di fibre da 3 diverse fonti<\/li>\n<li>Con l&#8217;importante oligoelemento di cromo per regolare i livelli di zucchero nel sangue<\/li>\n<li>Contiene: 3 x 210g<\/li>\n<\/ul>\n<p><span style=\"color: #ff0000;\"><a style=\"color: #ff0000;\" href=\"https:\/\/shop.lrworld.com\/openpao?PHP=0vFlt7jT938BEnBI3a6e9w%3D%3D\"><span style=\"font-size: 14pt;\"><strong>Registrati ora e risparmia il 35% su ogni ordine<\/strong><\/span><\/a><\/span><\/p>\n","protected":false},"featured_media":5444,"comment_status":"open","ping_status":"closed","template":"","meta":{"_kad_blocks_custom_css":"","_kad_blocks_head_custom_js":"","_kad_blocks_body_custom_js":"","_kad_blocks_footer_custom_js":"","_kadence_starter_templates_imported_post":false,"_kad_post_transparent":"default","_kad_post_title":"","_kad_post_layout":"default","_kad_post_sidebar_id":"","_kad_post_content_style":"default","_kad_post_vertical_padding":"default","_kad_post_feature":"","_kad_post_feature_position":"","_kad_post_header":false,"_kad_post_footer":false,"_kad_post_classname":""},"product_brand":[],"product_cat":[341,436,335,461,466],"product_tag":[603],"class_list":{"0":"post-9465","1":"product","2":"type-product","3":"status-publish","4":"has-post-thumbnail","6":"product_cat-compagno-di-dieta","7":"product_cat-intestino-e-digestione","8":"product_cat-supplementi-dietetici","9":"product_cat-risparmia-in-set","10":"product_cat-nutrizionisti","11":"product_tag-dieta","13":"first","14":"instock","15":"taxable","16":"shipping-taxable","17":"purchasable","18":"product-type-simple","19":"entry","20":"content-bg","21":"loop-entry"},"yoast_head":"<!-- This site is optimized with the Yoast SEO Premium plugin v27.5 (Yoast SEO v27.5) - https:\/\/yoast.com\/product\/yoast-seo-premium-wordpress\/ -->\n<title>Fiber Boost Bevanda in Polvere Set contro la grande fame<\/title>\n<meta name=\"description\" content=\"Fiber Boost Bevanda in Polvere Set non te aiuta solo con la prima sensazione di fame. Ci fornisce fibre e importante oligoelemento di cromo per metabolismo\" \/>\n<meta name=\"robots\" content=\"index, follow, max-snippet:-1, max-image-preview:large, max-video-preview:-1\" \/>\n<link rel=\"canonical\" href=\"https:\/\/www.lraloeverashop.eu\/it\/prodotto\/fiber-boost-bevanda-in-polvere-set\/\" \/>\n<meta property=\"og:locale\" content=\"it_IT\" \/>\n<meta property=\"og:type\" content=\"article\" \/>\n<meta property=\"og:title\" content=\"Fiber Boost Bevanda in polvere Set\" \/>\n<meta property=\"og:description\" content=\"Fiber Boost Bevanda in Polvere Set non te aiuta solo con la prima sensazione di fame. Ci fornisce fibre e importante oligoelemento di cromo per metabolismo\" \/>\n<meta property=\"og:url\" content=\"https:\/\/www.lraloeverashop.eu\/it\/prodotto\/fiber-boost-bevanda-in-polvere-set\/\" \/>\n<meta property=\"og:site_name\" content=\"Lr Negozio di Aloe Vera\" \/>\n<meta property=\"article:publisher\" content=\"https:\/\/www.facebook.com\/lraloeverashop.eu\" \/>\n<meta property=\"article:modified_time\" content=\"2026-02-03T19:25:35+00:00\" \/>\n<meta property=\"og:image\" content=\"https:\/\/www.lraloeverashop.eu\/wp-content\/uploads\/2022\/10\/Fiber-Boost-Drink-Powder-set.jpg\" \/>\n\t<meta property=\"og:image:width\" content=\"1200\" \/>\n\t<meta property=\"og:image:height\" content=\"1200\" \/>\n\t<meta property=\"og:image:type\" content=\"image\/jpeg\" \/>\n<meta name=\"twitter:card\" content=\"summary_large_image\" \/>\n<meta name=\"twitter:site\" content=\"@natur__kosmetik\" \/>\n<script type=\"application\/ld+json\" class=\"yoast-schema-graph\">{\"@context\":\"https:\\\/\\\/schema.org\",\"@graph\":[{\"@type\":[\"WebPage\",\"ItemPage\"],\"@id\":\"https:\\\/\\\/www.lraloeverashop.eu\\\/it\\\/prodotto\\\/fiber-boost-bevanda-in-polvere-set\\\/\",\"url\":\"https:\\\/\\\/www.lraloeverashop.eu\\\/it\\\/prodotto\\\/fiber-boost-bevanda-in-polvere-set\\\/\",\"name\":\"Fiber Boost Bevanda in Polvere Set contro la grande fame\",\"isPartOf\":{\"@id\":\"https:\\\/\\\/www.lraloeverashop.eu\\\/it\\\/#website\"},\"primaryImageOfPage\":{\"@id\":\"https:\\\/\\\/www.lraloeverashop.eu\\\/it\\\/prodotto\\\/fiber-boost-bevanda-in-polvere-set\\\/#primaryimage\"},\"image\":{\"@id\":\"https:\\\/\\\/www.lraloeverashop.eu\\\/it\\\/prodotto\\\/fiber-boost-bevanda-in-polvere-set\\\/#primaryimage\"},\"thumbnailUrl\":\"https:\\\/\\\/www.lraloeverashop.eu\\\/wp-content\\\/uploads\\\/2022\\\/10\\\/Fiber-Boost-Drink-Powder-set.jpg\",\"datePublished\":\"2022-10-14T08:51:54+00:00\",\"dateModified\":\"2026-02-03T19:25:35+00:00\",\"description\":\"Fiber Boost Bevanda in Polvere Set non te aiuta solo con la prima sensazione di fame. Ci fornisce fibre e importante oligoelemento di cromo per metabolismo\",\"breadcrumb\":{\"@id\":\"https:\\\/\\\/www.lraloeverashop.eu\\\/it\\\/prodotto\\\/fiber-boost-bevanda-in-polvere-set\\\/#breadcrumb\"},\"inLanguage\":\"it-IT\",\"potentialAction\":[{\"@type\":\"ReadAction\",\"target\":[\"https:\\\/\\\/www.lraloeverashop.eu\\\/it\\\/prodotto\\\/fiber-boost-bevanda-in-polvere-set\\\/\"]}]},{\"@type\":\"ImageObject\",\"inLanguage\":\"it-IT\",\"@id\":\"https:\\\/\\\/www.lraloeverashop.eu\\\/it\\\/prodotto\\\/fiber-boost-bevanda-in-polvere-set\\\/#primaryimage\",\"url\":\"https:\\\/\\\/www.lraloeverashop.eu\\\/wp-content\\\/uploads\\\/2022\\\/10\\\/Fiber-Boost-Drink-Powder-set.jpg\",\"contentUrl\":\"https:\\\/\\\/www.lraloeverashop.eu\\\/wp-content\\\/uploads\\\/2022\\\/10\\\/Fiber-Boost-Drink-Powder-set.jpg\",\"width\":1200,\"height\":1200,\"caption\":\"Fiber Boost Bevanda in polvere per una grande fame\"},{\"@type\":\"BreadcrumbList\",\"@id\":\"https:\\\/\\\/www.lraloeverashop.eu\\\/it\\\/prodotto\\\/fiber-boost-bevanda-in-polvere-set\\\/#breadcrumb\",\"itemListElement\":[{\"@type\":\"ListItem\",\"position\":1,\"name\":\"Home\",\"item\":\"https:\\\/\\\/www.lraloeverashop.eu\\\/it\\\/\"},{\"@type\":\"ListItem\",\"position\":2,\"name\":\"Negozio\",\"item\":\"https:\\\/\\\/www.lraloeverashop.eu\\\/it\\\/negozio\\\/\"},{\"@type\":\"ListItem\",\"position\":3,\"name\":\"Fiber Boost Bevanda in polvere Set\"}]},{\"@type\":\"WebSite\",\"@id\":\"https:\\\/\\\/www.lraloeverashop.eu\\\/it\\\/#website\",\"url\":\"https:\\\/\\\/www.lraloeverashop.eu\\\/it\\\/\",\"name\":\"Lr Negozio di Aloe Vera\",\"description\":\"High Quality Lr Aloe Vera Gel, Aloe Vera Cream and Shampoo\",\"publisher\":{\"@id\":\"https:\\\/\\\/www.lraloeverashop.eu\\\/it\\\/#organization\"},\"alternateName\":\"LR\",\"potentialAction\":[{\"@type\":\"SearchAction\",\"target\":{\"@type\":\"EntryPoint\",\"urlTemplate\":\"https:\\\/\\\/www.lraloeverashop.eu\\\/it\\\/?s={search_term_string}\"},\"query-input\":{\"@type\":\"PropertyValueSpecification\",\"valueRequired\":true,\"valueName\":\"search_term_string\"}}],\"inLanguage\":\"it-IT\"},{\"@type\":\"Organization\",\"@id\":\"https:\\\/\\\/www.lraloeverashop.eu\\\/it\\\/#organization\",\"name\":\"Negozio di Lr Aloe Vera\",\"alternateName\":\"LR\",\"url\":\"https:\\\/\\\/www.lraloeverashop.eu\\\/it\\\/\",\"logo\":{\"@type\":\"ImageObject\",\"inLanguage\":\"it-IT\",\"@id\":\"https:\\\/\\\/www.lraloeverashop.eu\\\/it\\\/#\\\/schema\\\/logo\\\/image\\\/\",\"url\":\"https:\\\/\\\/www.lraloeverashop.eu\\\/wp-content\\\/uploads\\\/2022\\\/09\\\/cropped-Lr-Aloe-Vera-Shop.jpg\",\"contentUrl\":\"https:\\\/\\\/www.lraloeverashop.eu\\\/wp-content\\\/uploads\\\/2022\\\/09\\\/cropped-Lr-Aloe-Vera-Shop.jpg\",\"width\":228,\"height\":76,\"caption\":\"Negozio di Lr Aloe Vera\"},\"image\":{\"@id\":\"https:\\\/\\\/www.lraloeverashop.eu\\\/it\\\/#\\\/schema\\\/logo\\\/image\\\/\"},\"sameAs\":[\"https:\\\/\\\/www.facebook.com\\\/lraloeverashop.eu\",\"https:\\\/\\\/x.com\\\/natur__kosmetik\",\"https:\\\/\\\/www.youtube.com\\\/channel\\\/UC5oN7BJ8nfYb8RpVtjwDEBA\",\"https:\\\/\\\/www.instagram.com\\\/lrbeautyeu\\\/\"],\"description\":\"Negozio di Lr Aloe Vera \u00e8 il tuo punto di riferimento per i prodotti LR Health & Beauty di alta qualit\u00e0, realizzati in Germania. Offriamo soluzioni per la cura della pelle, l'alimentazione e l'anti-et\u00e0 a base di Aloe Vera, formulate con ingredienti puri e supportate da ricerche scientifiche. Scopri una cura naturale che rigenera, protegge e rivitalizza la tua pelle e approfitta delle esclusive offerte mensili sui nostri prodotti LR Aloe Vera pi\u00f9 venduti.\\nInizia oggi il tuo percorso di cura della pelle naturale e senti la differenza.\",\"email\":\"info@lraloeverashop.eu\",\"telephone\":\"+49 17670609653\",\"legalName\":\"Lr Aloe Vera Shop\",\"foundingDate\":\"2018-04-21\",\"numberOfEmployees\":{\"@type\":\"QuantitativeValue\",\"minValue\":\"1\",\"maxValue\":\"10\"}}]}<\/script>\n<meta property=\"product:price:amount\" content=\"90.99\" \/>\n<meta property=\"product:price:currency\" content=\"EUR\" \/>\n<meta property=\"og:availability\" content=\"instock\" \/>\n<meta property=\"product:availability\" content=\"instock\" \/>\n<meta property=\"product:retailer_item_id\" content=\"80633-499IT\" \/>\n<meta property=\"product:condition\" content=\"new\" \/>\n<!-- \/ Yoast SEO Premium plugin. -->","yoast_head_json":{"title":"Fiber Boost Bevanda in Polvere Set contro la grande fame","description":"Fiber Boost Bevanda in Polvere Set non te aiuta solo con la prima sensazione di fame. Ci fornisce fibre e importante oligoelemento di cromo per metabolismo","robots":{"index":"index","follow":"follow","max-snippet":"max-snippet:-1","max-image-preview":"max-image-preview:large","max-video-preview":"max-video-preview:-1"},"canonical":"https:\/\/www.lraloeverashop.eu\/it\/prodotto\/fiber-boost-bevanda-in-polvere-set\/","og_locale":"it_IT","og_type":"article","og_title":"Fiber Boost Bevanda in polvere Set","og_description":"Fiber Boost Bevanda in Polvere Set non te aiuta solo con la prima sensazione di fame. Ci fornisce fibre e importante oligoelemento di cromo per metabolismo","og_url":"https:\/\/www.lraloeverashop.eu\/it\/prodotto\/fiber-boost-bevanda-in-polvere-set\/","og_site_name":"Lr Negozio di Aloe Vera","article_publisher":"https:\/\/www.facebook.com\/lraloeverashop.eu","article_modified_time":"2026-02-03T19:25:35+00:00","og_image":[{"width":1200,"height":1200,"url":"https:\/\/www.lraloeverashop.eu\/wp-content\/uploads\/2022\/10\/Fiber-Boost-Drink-Powder-set.jpg","type":"image\/jpeg"}],"twitter_card":"summary_large_image","twitter_site":"@natur__kosmetik","schema":{"@context":"https:\/\/schema.org","@graph":[{"@type":["WebPage","ItemPage"],"@id":"https:\/\/www.lraloeverashop.eu\/it\/prodotto\/fiber-boost-bevanda-in-polvere-set\/","url":"https:\/\/www.lraloeverashop.eu\/it\/prodotto\/fiber-boost-bevanda-in-polvere-set\/","name":"Fiber Boost Bevanda in Polvere Set contro la grande fame","isPartOf":{"@id":"https:\/\/www.lraloeverashop.eu\/it\/#website"},"primaryImageOfPage":{"@id":"https:\/\/www.lraloeverashop.eu\/it\/prodotto\/fiber-boost-bevanda-in-polvere-set\/#primaryimage"},"image":{"@id":"https:\/\/www.lraloeverashop.eu\/it\/prodotto\/fiber-boost-bevanda-in-polvere-set\/#primaryimage"},"thumbnailUrl":"https:\/\/www.lraloeverashop.eu\/wp-content\/uploads\/2022\/10\/Fiber-Boost-Drink-Powder-set.jpg","datePublished":"2022-10-14T08:51:54+00:00","dateModified":"2026-02-03T19:25:35+00:00","description":"Fiber Boost Bevanda in Polvere Set non te aiuta solo con la prima sensazione di fame. Ci fornisce fibre e importante oligoelemento di cromo per metabolismo","breadcrumb":{"@id":"https:\/\/www.lraloeverashop.eu\/it\/prodotto\/fiber-boost-bevanda-in-polvere-set\/#breadcrumb"},"inLanguage":"it-IT","potentialAction":[{"@type":"ReadAction","target":["https:\/\/www.lraloeverashop.eu\/it\/prodotto\/fiber-boost-bevanda-in-polvere-set\/"]}]},{"@type":"ImageObject","inLanguage":"it-IT","@id":"https:\/\/www.lraloeverashop.eu\/it\/prodotto\/fiber-boost-bevanda-in-polvere-set\/#primaryimage","url":"https:\/\/www.lraloeverashop.eu\/wp-content\/uploads\/2022\/10\/Fiber-Boost-Drink-Powder-set.jpg","contentUrl":"https:\/\/www.lraloeverashop.eu\/wp-content\/uploads\/2022\/10\/Fiber-Boost-Drink-Powder-set.jpg","width":1200,"height":1200,"caption":"Fiber Boost Bevanda in polvere per una grande fame"},{"@type":"BreadcrumbList","@id":"https:\/\/www.lraloeverashop.eu\/it\/prodotto\/fiber-boost-bevanda-in-polvere-set\/#breadcrumb","itemListElement":[{"@type":"ListItem","position":1,"name":"Home","item":"https:\/\/www.lraloeverashop.eu\/it\/"},{"@type":"ListItem","position":2,"name":"Negozio","item":"https:\/\/www.lraloeverashop.eu\/it\/negozio\/"},{"@type":"ListItem","position":3,"name":"Fiber Boost Bevanda in polvere Set"}]},{"@type":"WebSite","@id":"https:\/\/www.lraloeverashop.eu\/it\/#website","url":"https:\/\/www.lraloeverashop.eu\/it\/","name":"Lr Negozio di Aloe Vera","description":"High Quality Lr Aloe Vera Gel, Aloe Vera Cream and Shampoo","publisher":{"@id":"https:\/\/www.lraloeverashop.eu\/it\/#organization"},"alternateName":"LR","potentialAction":[{"@type":"SearchAction","target":{"@type":"EntryPoint","urlTemplate":"https:\/\/www.lraloeverashop.eu\/it\/?s={search_term_string}"},"query-input":{"@type":"PropertyValueSpecification","valueRequired":true,"valueName":"search_term_string"}}],"inLanguage":"it-IT"},{"@type":"Organization","@id":"https:\/\/www.lraloeverashop.eu\/it\/#organization","name":"Negozio di Lr Aloe Vera","alternateName":"LR","url":"https:\/\/www.lraloeverashop.eu\/it\/","logo":{"@type":"ImageObject","inLanguage":"it-IT","@id":"https:\/\/www.lraloeverashop.eu\/it\/#\/schema\/logo\/image\/","url":"https:\/\/www.lraloeverashop.eu\/wp-content\/uploads\/2022\/09\/cropped-Lr-Aloe-Vera-Shop.jpg","contentUrl":"https:\/\/www.lraloeverashop.eu\/wp-content\/uploads\/2022\/09\/cropped-Lr-Aloe-Vera-Shop.jpg","width":228,"height":76,"caption":"Negozio di Lr Aloe Vera"},"image":{"@id":"https:\/\/www.lraloeverashop.eu\/it\/#\/schema\/logo\/image\/"},"sameAs":["https:\/\/www.facebook.com\/lraloeverashop.eu","https:\/\/x.com\/natur__kosmetik","https:\/\/www.youtube.com\/channel\/UC5oN7BJ8nfYb8RpVtjwDEBA","https:\/\/www.instagram.com\/lrbeautyeu\/"],"description":"Negozio di Lr Aloe Vera \u00e8 il tuo punto di riferimento per i prodotti LR Health & Beauty di alta qualit\u00e0, realizzati in Germania. Offriamo soluzioni per la cura della pelle, l'alimentazione e l'anti-et\u00e0 a base di Aloe Vera, formulate con ingredienti puri e supportate da ricerche scientifiche. Scopri una cura naturale che rigenera, protegge e rivitalizza la tua pelle e approfitta delle esclusive offerte mensili sui nostri prodotti LR Aloe Vera pi\u00f9 venduti.\nInizia oggi il tuo percorso di cura della pelle naturale e senti la differenza.","email":"info@lraloeverashop.eu","telephone":"+49 17670609653","legalName":"Lr Aloe Vera Shop","foundingDate":"2018-04-21","numberOfEmployees":{"@type":"QuantitativeValue","minValue":"1","maxValue":"10"}}]},"product_price_amount":"90.99","product_price_currency":"EUR","og_availability":"instock","product_availability":"instock","product_retailer_item_id":"80633-499IT","product_condition":"new"},"taxonomy_info":{"product_cat":[{"value":341,"label":"Compagno di dieta"},{"value":436,"label":"Intestino e Digestione"},{"value":335,"label":"Pasto sostitutivo"},{"value":461,"label":"Risparmia in set"},{"value":466,"label":"Specialisti"}],"product_tag":[{"value":603,"label":"Dieta"}]},"featured_image_src_large":["https:\/\/www.lraloeverashop.eu\/wp-content\/uploads\/2022\/10\/Fiber-Boost-Drink-Powder-set-1024x1024.jpg",1024,1024,true],"author_info":[],"comment_info":0,"_links":{"self":[{"href":"https:\/\/www.lraloeverashop.eu\/it\/wp-json\/wp\/v2\/product\/9465","targetHints":{"allow":["GET"]}}],"collection":[{"href":"https:\/\/www.lraloeverashop.eu\/it\/wp-json\/wp\/v2\/product"}],"about":[{"href":"https:\/\/www.lraloeverashop.eu\/it\/wp-json\/wp\/v2\/types\/product"}],"replies":[{"embeddable":true,"href":"https:\/\/www.lraloeverashop.eu\/it\/wp-json\/wp\/v2\/comments?post=9465"}],"wp:featuredmedia":[{"embeddable":true,"href":"https:\/\/www.lraloeverashop.eu\/it\/wp-json\/wp\/v2\/media\/5444"}],"wp:attachment":[{"href":"https:\/\/www.lraloeverashop.eu\/it\/wp-json\/wp\/v2\/media?parent=9465"}],"wp:term":[{"taxonomy":"product_brand","embeddable":true,"href":"https:\/\/www.lraloeverashop.eu\/it\/wp-json\/wp\/v2\/product_brand?post=9465"},{"taxonomy":"product_cat","embeddable":true,"href":"https:\/\/www.lraloeverashop.eu\/it\/wp-json\/wp\/v2\/product_cat?post=9465"},{"taxonomy":"product_tag","embeddable":true,"href":"https:\/\/www.lraloeverashop.eu\/it\/wp-json\/wp\/v2\/product_tag?post=9465"}],"curies":[{"name":"wp","href":"https:\/\/api.w.org\/{rel}","templated":true}]}}