{"id":9417,"date":"2022-10-14T11:27:51","date_gmt":"2022-10-14T09:27:51","guid":{"rendered":"https:\/\/www.lraloeverashop.eu\/product\/woman-phyto-compresse-set\/"},"modified":"2026-02-03T20:25:00","modified_gmt":"2026-02-03T19:25:00","slug":"woman-phyto-compresse-set","status":"publish","type":"product","link":"https:\/\/www.lraloeverashop.eu\/it\/prodotto\/woman-phyto-compresse-set\/","title":{"rendered":"Woman Phyto Activ Compresse Set Per La Menopausa"},"content":{"rendered":"<h2><span style=\"font-size: 16pt;\"><strong>Woman Phyto Activ Compresse Set<\/strong><\/span><\/h2>\n<p><span style=\"font-size: 14pt;\"><strong>Woman Phyto Activ Compresse Set Per La Menopausa\u00a0<\/strong><\/span><\/p>\n<p>Woman Phyto Activ Compresse Set &#8211; Aiuto naturale durante il periodo Climaterico. Contiene magnesio, calcio, <a href=\"https:\/\/it.wikipedia.org\/wiki\/Vitamina_D\">vitamina D3<\/a>, che aiuta a conservare il calcio nella massa ossea. Con estratto di trifoglio rosso. Solo dalle Alpi! Senza lattosio e senza glutine.<\/p>\n<p>Woman Phyto Compresse sopprime i sintomi della menopausa:<\/p>\n<ul>\n<li>Vampate di calore, sudorazione, irritabilit\u00e0, nervosismo, <a href=\"https:\/\/www.lraloeverashop.eu\/it\/mind-master-extreme-polvere-performante-per-piu-energia\/\">stanchezza<\/a><\/li>\n<li>disturbi del sonno, mal di testa, tensioni al seno &#8230;<\/li>\n<li>Prevenzione dell&#8217;osteoporosi!<\/li>\n<li>Prevenzione cardiovascolare!<\/li>\n<li>Riduce la pressione sanguigna!<\/li>\n<li>Riduce il colesterolo!<\/li>\n<\/ul>\n<p>&nbsp;<\/p>\n<p>Dosaggio raccomandato: assumere 3 compresse per la menopausa al giorno prima o dopo un pasto. mattina, mezzogiorno e la sera<\/p>\n<p>3 compresse pel la menopausa contengono 250 mg di estratto di trifoglio rosso, equivalenti a 50 mg di isoflavoni di trifoglio rosso, sostanze simili ai fitoestrogeni, ma su base naturale.<\/p>\n<p>\u00c8 ideale utilizzare Woman Phyto Activ Compresse Set Per La Menopausa insieme al <a href=\"https:\/\/www.lraloeverashop.eu\/it\/prodotto\/bevanda-aloe-vera-freedom\/\">Gel Da Bere Aloe Vera Freedom<\/a>, che pu\u00f2 che pu\u00f2 ottimizzare il sistema ormonale femminile e, grazie alla sinergia, si moltiplica l&#8217;effetto preventivo e terapeutico.<br \/>\nGli isoflavoni (fitoestrogeni) sono molecole simili agli estrogeni e fungono da antiossidanti nelle piante libere. Soddisfano una protezione cellulare costruttiva. Proteggono i vasi sanguigni dall&#8217;aterosclerosi.<\/p>\n<p><strong>Attenzione:<\/strong> anche i contraccettivi ormonali usati in modo improprio o il trattamento con preparati ormonali sintetici possono ovviamente contribuire a interrompere il rapporto ormonale sessuale ottimale!<\/p>\n<p>&nbsp;<\/p>\n<h2><strong><span style=\"font-size: 16pt;\">Chi dovrebbe prendere Woman Phyto Activ Compresse Set?<\/span><\/strong><\/h2>\n<p>Phyto <a href=\"https:\/\/www.lraloeverashop.eu\/it\/prodotto\/woman-phyto-compresse-per-la-menopausa\/\">integratori per menopausa<\/a> devono essere utilizzati principalmente da donne in et\u00e0 pre-menopausa che desiderano godersi attivamente i prossimi anni di et\u00e0 adulta matura e prevenire complicazioni di salute. Inoltre, le donne fertili che sviluppano problemi di salute dominati dagli estrogeni.<\/p>\n<p><strong>Le madri in gravidanza e in allattamento devono consultare il proprio medico per un possibile utilizzo.<\/strong> Donne che hanno superato o stanno vivendo alcune gravi<\/p>\n<p>malattie legate alla transizione, dovrebbero assumere questo prodotto regolarmente, possibilmente con trattamenti farmacologici e altri rimedi naturali, come: Gel da bere di Aloe Vera, <a href=\"https:\/\/www.lraloeverashop.eu\/it\/prodotto\/reishi-plus-compresse\/\">Reishi<\/a>, Vita Aktiv Vitamine ecc.<\/p>\n<p>Non raccomandiamo l&#8217;uso del integratori per menopausa nelle ragazze adolescenti i cui isoflavoni in quantit\u00e0 pi\u00f9 elevate possono indebolire il sistema immunitario. In particolare, le madri trasferendo i neonati sull&#8217;alimentazione infantile artificiale dovrebbero assicurarsi che non siano fatti di soia.<\/p>\n<p>Naturalmente, \u00e8 l&#8217;ideale prendere Woman Phyto Activ Compresse insieme al gel di aloe vera, perch\u00e9 l&#8217;aloe stessa pu\u00f2 sintonizzare il sistema ormonale femminile. A causa della sinergia, l&#8217;effetto preventivo e terapeutico si moltiplica.<\/p>\n<p>&nbsp;<\/p>\n<h3><span style=\"font-size: 16pt;\"><strong>Come usare<\/strong><\/span><\/h3>\n<p>Assumere 1 capsula 3 volte al giorno con un aqua.<\/p>\n<p>La dose giornaliera raccomandata non deve essere superata. Gli integratori alimentari non vanno intesi come sostituti di una dieta equilibrata e varia. Conservare il prodotto fuori dalla portata dei bambini piccoli. Conservare in luogo fresco e asciutto.<br \/>\nQuesto prodotto \u00e8 destinato solo alle donne!<\/p>\n<p>&nbsp;<\/p>\n<h4><span style=\"font-size: 16pt;\"><strong>Domande frequenti<\/strong><\/span><\/h4>\n<p><strong>Cosa pu\u00f2 fare per le sue ossa?<\/strong><br \/>\nL\u2019esercizio fisico regolare e l\u2019esercizio fisico rafforzano il muscolo scheletrico e sono estremamente importanti per lo sviluppo e il mantenimento di una struttura ossea stabile. Correre, andare in bicicletta, nuotare o persino allenarsi con la forza mirati prende le ossa, cos\u00ec che si genera pi\u00f9 sostanza ossea.<\/p>\n<p>Soprattutto in inverno, dovremmo anche assicurarci di prendere almeno un po \u2018di sole ogni giorno. Perch\u00e9 il sole aiuta il corpo a formare la <a href=\"https:\/\/www.lraloeverashop.eu\/it\/prodotto\/active-freedom-compresse\/\">vitamina D<\/a>, che i.a. gioca un ruolo in molti processi ormonali.<\/p>\n<p><strong>In che modo l\u2019alimentazione pu\u00f2 aiutare a promuovere il benessere femminile?<\/strong><br \/>\nUna dieta vegetale sana e varia \u00e8 di grande importanza: oltre alle importanti vitamine, minerali e oligoelementi, frutta, verdura, legumi e cereali integrali contengono anche sostanze fitochimiche che prevengono l\u2019invecchiamento precoce.<\/p>\n","protected":false},"excerpt":{"rendered":"<ul>\n<li>Per il benessere del corpo femminile<\/li>\n<li>Con calcio e vitamina D per mantenere la salute delle ossa<\/li>\n<li>Contiene estratto di trifoglio rosso<\/li>\n<li>Senza lattosio e senza glutine<\/li>\n<li>Prodotto fatto in Germania<\/li>\n<li>Quantit\u00e0: 3 x 90 Compresse<\/li>\n<\/ul>\n<p><span style=\"color: #ff0000;\"><a style=\"color: #ff0000;\" href=\"https:\/\/shop.lrworld.com\/openpao?PHP=0vFlt7jT938BEnBI3a6e9w%3D%3D\"><span style=\"font-size: 14pt;\"><strong>Registrati ora e risparmia il 35% su ogni ordine<\/strong><\/span><\/a><\/span><\/p>\n","protected":false},"featured_media":5276,"comment_status":"open","ping_status":"closed","template":"","meta":{"_kad_blocks_custom_css":"","_kad_blocks_head_custom_js":"","_kad_blocks_body_custom_js":"","_kad_blocks_footer_custom_js":"","_kadence_starter_templates_imported_post":false,"_kad_post_transparent":"default","_kad_post_title":"","_kad_post_layout":"default","_kad_post_sidebar_id":"","_kad_post_content_style":"default","_kad_post_vertical_padding":"default","_kad_post_feature":"","_kad_post_feature_position":"","_kad_post_header":false,"_kad_post_footer":false,"_kad_post_classname":""},"product_brand":[],"product_cat":[430,461,466],"product_tag":[],"class_list":{"0":"post-9417","1":"product","2":"type-product","3":"status-publish","4":"has-post-thumbnail","6":"product_cat-equilibrio-ormonale","7":"product_cat-risparmia-in-set","8":"product_cat-nutrizionisti","10":"first","11":"instock","12":"taxable","13":"shipping-taxable","14":"purchasable","15":"product-type-simple","16":"entry","17":"content-bg","18":"loop-entry"},"yoast_head":"<!-- This site is optimized with the Yoast SEO Premium plugin v27.5 (Yoast SEO v27.5) - https:\/\/yoast.com\/product\/yoast-seo-premium-wordpress\/ -->\n<title>Woman Phyto Activ Compresse Set sopprime i sintomi menopausa<\/title>\n<meta name=\"description\" content=\"Woman Phyto Activ Compresse Set per la menopausa devono essere utilizzati principalmente da donne in et\u00e0 pre-menopausa. Con Vitamina D salute delle ossa\" \/>\n<meta name=\"robots\" content=\"index, follow, max-snippet:-1, max-image-preview:large, max-video-preview:-1\" \/>\n<link rel=\"canonical\" href=\"https:\/\/www.lraloeverashop.eu\/it\/prodotto\/woman-phyto-compresse-set\/\" \/>\n<meta property=\"og:locale\" content=\"it_IT\" \/>\n<meta property=\"og:type\" content=\"article\" \/>\n<meta property=\"og:title\" content=\"Woman Phyto Activ Compresse Set Per La Menopausa\" \/>\n<meta property=\"og:description\" content=\"Woman Phyto Activ Compresse Set per la menopausa devono essere utilizzati principalmente da donne in et\u00e0 pre-menopausa. Con Vitamina D salute delle ossa\" \/>\n<meta property=\"og:url\" content=\"https:\/\/www.lraloeverashop.eu\/it\/prodotto\/woman-phyto-compresse-set\/\" \/>\n<meta property=\"og:site_name\" content=\"Lr Negozio di Aloe Vera\" \/>\n<meta property=\"article:publisher\" content=\"https:\/\/www.facebook.com\/lraloeverashop.eu\" \/>\n<meta property=\"article:modified_time\" content=\"2026-02-03T19:25:00+00:00\" \/>\n<meta property=\"og:image\" content=\"https:\/\/www.lraloeverashop.eu\/wp-content\/uploads\/2022\/10\/Woman-phyto-capsules-3-set.jpg\" \/>\n\t<meta property=\"og:image:width\" content=\"1200\" \/>\n\t<meta property=\"og:image:height\" content=\"1200\" \/>\n\t<meta property=\"og:image:type\" content=\"image\/jpeg\" \/>\n<meta name=\"twitter:card\" content=\"summary_large_image\" \/>\n<meta name=\"twitter:site\" content=\"@natur__kosmetik\" \/>\n<script type=\"application\/ld+json\" class=\"yoast-schema-graph\">{\"@context\":\"https:\\\/\\\/schema.org\",\"@graph\":[{\"@type\":[\"WebPage\",\"ItemPage\"],\"@id\":\"https:\\\/\\\/www.lraloeverashop.eu\\\/it\\\/prodotto\\\/woman-phyto-compresse-set\\\/\",\"url\":\"https:\\\/\\\/www.lraloeverashop.eu\\\/it\\\/prodotto\\\/woman-phyto-compresse-set\\\/\",\"name\":\"Woman Phyto Activ Compresse Set sopprime i sintomi menopausa\",\"isPartOf\":{\"@id\":\"https:\\\/\\\/www.lraloeverashop.eu\\\/it\\\/#website\"},\"primaryImageOfPage\":{\"@id\":\"https:\\\/\\\/www.lraloeverashop.eu\\\/it\\\/prodotto\\\/woman-phyto-compresse-set\\\/#primaryimage\"},\"image\":{\"@id\":\"https:\\\/\\\/www.lraloeverashop.eu\\\/it\\\/prodotto\\\/woman-phyto-compresse-set\\\/#primaryimage\"},\"thumbnailUrl\":\"https:\\\/\\\/www.lraloeverashop.eu\\\/wp-content\\\/uploads\\\/2022\\\/10\\\/Woman-phyto-capsules-3-set.jpg\",\"datePublished\":\"2022-10-14T09:27:51+00:00\",\"dateModified\":\"2026-02-03T19:25:00+00:00\",\"description\":\"Woman Phyto Activ Compresse Set per la menopausa devono essere utilizzati principalmente da donne in et\u00e0 pre-menopausa. Con Vitamina D salute delle ossa\",\"breadcrumb\":{\"@id\":\"https:\\\/\\\/www.lraloeverashop.eu\\\/it\\\/prodotto\\\/woman-phyto-compresse-set\\\/#breadcrumb\"},\"inLanguage\":\"it-IT\",\"potentialAction\":[{\"@type\":\"ReadAction\",\"target\":[\"https:\\\/\\\/www.lraloeverashop.eu\\\/it\\\/prodotto\\\/woman-phyto-compresse-set\\\/\"]}]},{\"@type\":\"ImageObject\",\"inLanguage\":\"it-IT\",\"@id\":\"https:\\\/\\\/www.lraloeverashop.eu\\\/it\\\/prodotto\\\/woman-phyto-compresse-set\\\/#primaryimage\",\"url\":\"https:\\\/\\\/www.lraloeverashop.eu\\\/wp-content\\\/uploads\\\/2022\\\/10\\\/Woman-phyto-capsules-3-set.jpg\",\"contentUrl\":\"https:\\\/\\\/www.lraloeverashop.eu\\\/wp-content\\\/uploads\\\/2022\\\/10\\\/Woman-phyto-capsules-3-set.jpg\",\"width\":1200,\"height\":1200,\"caption\":\"Woman Phyto Activ Compresse Set aiuta durante il periodo Climaterico\"},{\"@type\":\"BreadcrumbList\",\"@id\":\"https:\\\/\\\/www.lraloeverashop.eu\\\/it\\\/prodotto\\\/woman-phyto-compresse-set\\\/#breadcrumb\",\"itemListElement\":[{\"@type\":\"ListItem\",\"position\":1,\"name\":\"Home\",\"item\":\"https:\\\/\\\/www.lraloeverashop.eu\\\/it\\\/\"},{\"@type\":\"ListItem\",\"position\":2,\"name\":\"Negozio\",\"item\":\"https:\\\/\\\/www.lraloeverashop.eu\\\/it\\\/negozio\\\/\"},{\"@type\":\"ListItem\",\"position\":3,\"name\":\"Woman Phyto Activ Compresse Set Per La Menopausa\"}]},{\"@type\":\"WebSite\",\"@id\":\"https:\\\/\\\/www.lraloeverashop.eu\\\/it\\\/#website\",\"url\":\"https:\\\/\\\/www.lraloeverashop.eu\\\/it\\\/\",\"name\":\"Lr Negozio di Aloe Vera\",\"description\":\"High Quality Lr Aloe Vera Gel, Aloe Vera Cream and Shampoo\",\"publisher\":{\"@id\":\"https:\\\/\\\/www.lraloeverashop.eu\\\/it\\\/#organization\"},\"alternateName\":\"LR\",\"potentialAction\":[{\"@type\":\"SearchAction\",\"target\":{\"@type\":\"EntryPoint\",\"urlTemplate\":\"https:\\\/\\\/www.lraloeverashop.eu\\\/it\\\/?s={search_term_string}\"},\"query-input\":{\"@type\":\"PropertyValueSpecification\",\"valueRequired\":true,\"valueName\":\"search_term_string\"}}],\"inLanguage\":\"it-IT\"},{\"@type\":\"Organization\",\"@id\":\"https:\\\/\\\/www.lraloeverashop.eu\\\/it\\\/#organization\",\"name\":\"Negozio di Lr Aloe Vera\",\"alternateName\":\"LR\",\"url\":\"https:\\\/\\\/www.lraloeverashop.eu\\\/it\\\/\",\"logo\":{\"@type\":\"ImageObject\",\"inLanguage\":\"it-IT\",\"@id\":\"https:\\\/\\\/www.lraloeverashop.eu\\\/it\\\/#\\\/schema\\\/logo\\\/image\\\/\",\"url\":\"https:\\\/\\\/www.lraloeverashop.eu\\\/wp-content\\\/uploads\\\/2022\\\/09\\\/cropped-Lr-Aloe-Vera-Shop.jpg\",\"contentUrl\":\"https:\\\/\\\/www.lraloeverashop.eu\\\/wp-content\\\/uploads\\\/2022\\\/09\\\/cropped-Lr-Aloe-Vera-Shop.jpg\",\"width\":228,\"height\":76,\"caption\":\"Negozio di Lr Aloe Vera\"},\"image\":{\"@id\":\"https:\\\/\\\/www.lraloeverashop.eu\\\/it\\\/#\\\/schema\\\/logo\\\/image\\\/\"},\"sameAs\":[\"https:\\\/\\\/www.facebook.com\\\/lraloeverashop.eu\",\"https:\\\/\\\/x.com\\\/natur__kosmetik\",\"https:\\\/\\\/www.youtube.com\\\/channel\\\/UC5oN7BJ8nfYb8RpVtjwDEBA\",\"https:\\\/\\\/www.instagram.com\\\/lrbeautyeu\\\/\"],\"description\":\"Negozio di Lr Aloe Vera \u00e8 il tuo punto di riferimento per i prodotti LR Health & Beauty di alta qualit\u00e0, realizzati in Germania. Offriamo soluzioni per la cura della pelle, l'alimentazione e l'anti-et\u00e0 a base di Aloe Vera, formulate con ingredienti puri e supportate da ricerche scientifiche. Scopri una cura naturale che rigenera, protegge e rivitalizza la tua pelle e approfitta delle esclusive offerte mensili sui nostri prodotti LR Aloe Vera pi\u00f9 venduti.\\nInizia oggi il tuo percorso di cura della pelle naturale e senti la differenza.\",\"email\":\"info@lraloeverashop.eu\",\"telephone\":\"+49 17670609653\",\"legalName\":\"Lr Aloe Vera Shop\",\"foundingDate\":\"2018-04-21\",\"numberOfEmployees\":{\"@type\":\"QuantitativeValue\",\"minValue\":\"1\",\"maxValue\":\"10\"}}]}<\/script>\n<meta property=\"product:price:amount\" content=\"106.99\" \/>\n<meta property=\"product:price:currency\" content=\"EUR\" \/>\n<meta property=\"og:availability\" content=\"instock\" \/>\n<meta property=\"product:availability\" content=\"instock\" \/>\n<meta property=\"product:retailer_item_id\" content=\"80352-499IT\" \/>\n<meta property=\"product:condition\" content=\"new\" \/>\n<!-- \/ Yoast SEO Premium plugin. -->","yoast_head_json":{"title":"Woman Phyto Activ Compresse Set sopprime i sintomi menopausa","description":"Woman Phyto Activ Compresse Set per la menopausa devono essere utilizzati principalmente da donne in et\u00e0 pre-menopausa. Con Vitamina D salute delle ossa","robots":{"index":"index","follow":"follow","max-snippet":"max-snippet:-1","max-image-preview":"max-image-preview:large","max-video-preview":"max-video-preview:-1"},"canonical":"https:\/\/www.lraloeverashop.eu\/it\/prodotto\/woman-phyto-compresse-set\/","og_locale":"it_IT","og_type":"article","og_title":"Woman Phyto Activ Compresse Set Per La Menopausa","og_description":"Woman Phyto Activ Compresse Set per la menopausa devono essere utilizzati principalmente da donne in et\u00e0 pre-menopausa. Con Vitamina D salute delle ossa","og_url":"https:\/\/www.lraloeverashop.eu\/it\/prodotto\/woman-phyto-compresse-set\/","og_site_name":"Lr Negozio di Aloe Vera","article_publisher":"https:\/\/www.facebook.com\/lraloeverashop.eu","article_modified_time":"2026-02-03T19:25:00+00:00","og_image":[{"width":1200,"height":1200,"url":"https:\/\/www.lraloeverashop.eu\/wp-content\/uploads\/2022\/10\/Woman-phyto-capsules-3-set.jpg","type":"image\/jpeg"}],"twitter_card":"summary_large_image","twitter_site":"@natur__kosmetik","schema":{"@context":"https:\/\/schema.org","@graph":[{"@type":["WebPage","ItemPage"],"@id":"https:\/\/www.lraloeverashop.eu\/it\/prodotto\/woman-phyto-compresse-set\/","url":"https:\/\/www.lraloeverashop.eu\/it\/prodotto\/woman-phyto-compresse-set\/","name":"Woman Phyto Activ Compresse Set sopprime i sintomi menopausa","isPartOf":{"@id":"https:\/\/www.lraloeverashop.eu\/it\/#website"},"primaryImageOfPage":{"@id":"https:\/\/www.lraloeverashop.eu\/it\/prodotto\/woman-phyto-compresse-set\/#primaryimage"},"image":{"@id":"https:\/\/www.lraloeverashop.eu\/it\/prodotto\/woman-phyto-compresse-set\/#primaryimage"},"thumbnailUrl":"https:\/\/www.lraloeverashop.eu\/wp-content\/uploads\/2022\/10\/Woman-phyto-capsules-3-set.jpg","datePublished":"2022-10-14T09:27:51+00:00","dateModified":"2026-02-03T19:25:00+00:00","description":"Woman Phyto Activ Compresse Set per la menopausa devono essere utilizzati principalmente da donne in et\u00e0 pre-menopausa. Con Vitamina D salute delle ossa","breadcrumb":{"@id":"https:\/\/www.lraloeverashop.eu\/it\/prodotto\/woman-phyto-compresse-set\/#breadcrumb"},"inLanguage":"it-IT","potentialAction":[{"@type":"ReadAction","target":["https:\/\/www.lraloeverashop.eu\/it\/prodotto\/woman-phyto-compresse-set\/"]}]},{"@type":"ImageObject","inLanguage":"it-IT","@id":"https:\/\/www.lraloeverashop.eu\/it\/prodotto\/woman-phyto-compresse-set\/#primaryimage","url":"https:\/\/www.lraloeverashop.eu\/wp-content\/uploads\/2022\/10\/Woman-phyto-capsules-3-set.jpg","contentUrl":"https:\/\/www.lraloeverashop.eu\/wp-content\/uploads\/2022\/10\/Woman-phyto-capsules-3-set.jpg","width":1200,"height":1200,"caption":"Woman Phyto Activ Compresse Set aiuta durante il periodo Climaterico"},{"@type":"BreadcrumbList","@id":"https:\/\/www.lraloeverashop.eu\/it\/prodotto\/woman-phyto-compresse-set\/#breadcrumb","itemListElement":[{"@type":"ListItem","position":1,"name":"Home","item":"https:\/\/www.lraloeverashop.eu\/it\/"},{"@type":"ListItem","position":2,"name":"Negozio","item":"https:\/\/www.lraloeverashop.eu\/it\/negozio\/"},{"@type":"ListItem","position":3,"name":"Woman Phyto Activ Compresse Set Per La Menopausa"}]},{"@type":"WebSite","@id":"https:\/\/www.lraloeverashop.eu\/it\/#website","url":"https:\/\/www.lraloeverashop.eu\/it\/","name":"Lr Negozio di Aloe Vera","description":"High Quality Lr Aloe Vera Gel, Aloe Vera Cream and Shampoo","publisher":{"@id":"https:\/\/www.lraloeverashop.eu\/it\/#organization"},"alternateName":"LR","potentialAction":[{"@type":"SearchAction","target":{"@type":"EntryPoint","urlTemplate":"https:\/\/www.lraloeverashop.eu\/it\/?s={search_term_string}"},"query-input":{"@type":"PropertyValueSpecification","valueRequired":true,"valueName":"search_term_string"}}],"inLanguage":"it-IT"},{"@type":"Organization","@id":"https:\/\/www.lraloeverashop.eu\/it\/#organization","name":"Negozio di Lr Aloe Vera","alternateName":"LR","url":"https:\/\/www.lraloeverashop.eu\/it\/","logo":{"@type":"ImageObject","inLanguage":"it-IT","@id":"https:\/\/www.lraloeverashop.eu\/it\/#\/schema\/logo\/image\/","url":"https:\/\/www.lraloeverashop.eu\/wp-content\/uploads\/2022\/09\/cropped-Lr-Aloe-Vera-Shop.jpg","contentUrl":"https:\/\/www.lraloeverashop.eu\/wp-content\/uploads\/2022\/09\/cropped-Lr-Aloe-Vera-Shop.jpg","width":228,"height":76,"caption":"Negozio di Lr Aloe Vera"},"image":{"@id":"https:\/\/www.lraloeverashop.eu\/it\/#\/schema\/logo\/image\/"},"sameAs":["https:\/\/www.facebook.com\/lraloeverashop.eu","https:\/\/x.com\/natur__kosmetik","https:\/\/www.youtube.com\/channel\/UC5oN7BJ8nfYb8RpVtjwDEBA","https:\/\/www.instagram.com\/lrbeautyeu\/"],"description":"Negozio di Lr Aloe Vera \u00e8 il tuo punto di riferimento per i prodotti LR Health & Beauty di alta qualit\u00e0, realizzati in Germania. Offriamo soluzioni per la cura della pelle, l'alimentazione e l'anti-et\u00e0 a base di Aloe Vera, formulate con ingredienti puri e supportate da ricerche scientifiche. Scopri una cura naturale che rigenera, protegge e rivitalizza la tua pelle e approfitta delle esclusive offerte mensili sui nostri prodotti LR Aloe Vera pi\u00f9 venduti.\nInizia oggi il tuo percorso di cura della pelle naturale e senti la differenza.","email":"info@lraloeverashop.eu","telephone":"+49 17670609653","legalName":"Lr Aloe Vera Shop","foundingDate":"2018-04-21","numberOfEmployees":{"@type":"QuantitativeValue","minValue":"1","maxValue":"10"}}]},"product_price_amount":"106.99","product_price_currency":"EUR","og_availability":"instock","product_availability":"instock","product_retailer_item_id":"80352-499IT","product_condition":"new"},"taxonomy_info":{"product_cat":[{"value":430,"label":"Equilibrio Ormonale"},{"value":461,"label":"Risparmia in set"},{"value":466,"label":"Specialisti"}]},"featured_image_src_large":["https:\/\/www.lraloeverashop.eu\/wp-content\/uploads\/2022\/10\/Woman-phyto-capsules-3-set-1024x1024.jpg",1024,1024,true],"author_info":[],"comment_info":0,"_links":{"self":[{"href":"https:\/\/www.lraloeverashop.eu\/it\/wp-json\/wp\/v2\/product\/9417","targetHints":{"allow":["GET"]}}],"collection":[{"href":"https:\/\/www.lraloeverashop.eu\/it\/wp-json\/wp\/v2\/product"}],"about":[{"href":"https:\/\/www.lraloeverashop.eu\/it\/wp-json\/wp\/v2\/types\/product"}],"replies":[{"embeddable":true,"href":"https:\/\/www.lraloeverashop.eu\/it\/wp-json\/wp\/v2\/comments?post=9417"}],"wp:featuredmedia":[{"embeddable":true,"href":"https:\/\/www.lraloeverashop.eu\/it\/wp-json\/wp\/v2\/media\/5276"}],"wp:attachment":[{"href":"https:\/\/www.lraloeverashop.eu\/it\/wp-json\/wp\/v2\/media?parent=9417"}],"wp:term":[{"taxonomy":"product_brand","embeddable":true,"href":"https:\/\/www.lraloeverashop.eu\/it\/wp-json\/wp\/v2\/product_brand?post=9417"},{"taxonomy":"product_cat","embeddable":true,"href":"https:\/\/www.lraloeverashop.eu\/it\/wp-json\/wp\/v2\/product_cat?post=9417"},{"taxonomy":"product_tag","embeddable":true,"href":"https:\/\/www.lraloeverashop.eu\/it\/wp-json\/wp\/v2\/product_tag?post=9417"}],"curies":[{"name":"wp","href":"https:\/\/api.w.org\/{rel}","templated":true}]}}