{"id":9381,"date":"2022-10-15T08:29:04","date_gmt":"2022-10-15T06:29:04","guid":{"rendered":"https:\/\/www.lraloeverashop.eu\/product\/active-freedom-compresse-set-2\/"},"modified":"2026-02-03T20:24:14","modified_gmt":"2026-02-03T19:24:14","slug":"active-freedom-compresse-set-2","status":"publish","type":"product","link":"https:\/\/www.lraloeverashop.eu\/it\/prodotto\/active-freedom-compresse-set-2\/","title":{"rendered":"Active Freedom Compresse Set di 2"},"content":{"rendered":"<h2><span style=\"font-size: 16pt;\"><strong>Active Freedom Compresse Set di 2<\/strong><\/span><\/h2>\n<p><strong><span style=\"font-size: 14pt;\">Active Freedom Compresse Set di 2 &#8211; Il miglior supporto per il sistema muscolo-scheletrico<\/span><\/strong><\/p>\n<p>Cartilagine, ossa e muscoli sani sono essenziali per le articolazioni e quindi per un sistema muscolo-scheletrico intatto. Un apporto adeguato di micronutrienti \u00e8 quindi elementare. Inoltre, l&#8217;aumento dell&#8217;et\u00e0 pu\u00f2 portare a una r<a href=\"https:\/\/www.lraloeverashop.eu\/it\/salute-della-cartillagine-ed-aloe-vera-gel-da-bere-freedom\/\">ottura della cartilagine<\/a> e del tessuto muscolare.<\/p>\n<p>I micronutrienti contenuti in Active Freedom Compresse Set di 2 forniscono un supporto mirato ed efficace per una routine quotidiana attiva:<\/p>\n<p>Le capsule Active Freedom forniscono antiossidanti come <a href=\"https:\/\/www.lraloeverashop.eu\/prodotto\/active-freedom-capsules-set\/\">meccanismo protettivo<\/a> contro i radicali liberi, che possono insorgere, ad esempio, durante lo stress elevato. (1)<\/p>\n<p>Le Active Freedom Compresse Set di 2 mantengono una normale struttura ossea e la formazione del tessuto connettivo. Nel processo, la vitamina D aiuta l&#8217;assorbimento di calcio e fosforo, anch&#8217;essi importanti per la salute delle ossa, ed \u00e8 coinvolta nel mantenimento dei livelli di calcio nel sangue. (2,3,4,5)<\/p>\n<p>Active Freedom Compresse <a href=\"https:\/\/www.lraloeverashop.eu\/it\/prodotto\/active-freedom-compresse\/\">supportano la forza muscolare<\/a> e contengono glucosamina solfato e condroitin solfato, i mattoni fondamentali della cartilagine e del tessuto articolare. (6)<\/p>\n<p>Le nostre articolazioni del ginocchio e dell&#8217;anca, in particolare, sono sottoposte a molto stress, poich\u00e9 devono sopportare il nostro peso corporeo, assorbire urti o impatti e reagire comunque in modo flessibile. Il liquido sinoviale, una pellicola protettiva elastica liscia, ricopre le nostre superfici articolari e agisce, tra l&#8217;altro, come un cuscino tra le articolazioni.<\/p>\n<p>&nbsp;<\/p>\n<p>(1) Il manganese e la vitamina E aiutano a proteggere le cellule dallo <a href=\"https:\/\/www.lraloeverashop.eu\/it\/prodotto\/mind-master-bevanda-rossa\/\">stress ossidativo<\/a>.<br \/>\n(2) Il manganese e la vitamina D contribuiscono al mantenimento di ossa normali.<br \/>\n(3) Il manganese contribuisce alla normale formazione del tessuto connettivo.<br \/>\n(4) La vitamina D contribuisce al normale assorbimento\/utilizzo di calcio e fosforo.<br \/>\n(5) La vitamina D contribuisce ai normali livelli di calcio nel sangue.<br \/>\n(6) La vitamina D contribuisce al mantenimento della <a href=\"https:\/\/www.lraloeverashop.eu\/it\/prodotto\/protein-power-bevanda-in-polvere-alla-vaniglia\/\">normale funzione muscolare<\/a>.<\/p>\n<p>&nbsp;<\/p>\n<h3><span style=\"font-size: 16pt;\"><strong>Come usare le compresse<\/strong><\/span><\/h3>\n<p>1 capsula due volte al giorno con un po \u2018di liquido prima o dopo un pasto.<\/p>\n<p>Non superare la dose giornaliera raccomandata. Gli integratori alimentari non possono sostituire una dieta ricca ed equilibrata, in combinazione con uno stile di vita sano. Non destinato a persone allergiche alla condroitina e al glucosamina solfato. Tenere il prodotto fuori dalla portata dei bambini.<\/p>\n<p><span style=\"color: #ff0000;\"><strong>Non destinato a persone allergiche ai crostacei.<\/strong><\/span><\/p>\n","protected":false},"excerpt":{"rendered":"<ul>\n<li><span style=\"color: #ff0000;\"><strong>Offerta limitata<\/strong><\/span><\/li>\n<li>Fornisce antiossidanti come meccanismo protettivo contro i radicali liberi (1)<\/li>\n<li>Mantiene la normale struttura ossea e la formazione del tessuto connettivo (2,3)<\/li>\n<li>Supporta la forza muscolare<\/li>\n<li>Contiene solfato di glucosamina e solfato di condroitina, i mattoni fondamentali della cartilagine e del tessuto articolare<\/li>\n<li>Quantit\u00e0: 2 x 60 capsule<\/li>\n<\/ul>\n<p><span style=\"color: #ff0000;\"><a style=\"color: #ff0000;\" href=\"https:\/\/shop.lrworld.com\/openpao?PHP=0vFlt7jT938BEnBI3a6e9w%3D%3D\"><span style=\"font-size: 14pt;\"><strong>Registrati ora e risparmia il 35% su ogni ordine<\/strong><\/span><\/a><\/span><\/p>\n","protected":false},"featured_media":5492,"comment_status":"open","ping_status":"closed","template":"","meta":{"_kad_blocks_custom_css":"","_kad_blocks_head_custom_js":"","_kad_blocks_body_custom_js":"","_kad_blocks_footer_custom_js":"","_kadence_starter_templates_imported_post":false,"_kad_post_transparent":"default","_kad_post_title":"","_kad_post_layout":"default","_kad_post_sidebar_id":"","_kad_post_content_style":"default","_kad_post_vertical_padding":"default","_kad_post_feature":"","_kad_post_feature_position":"","_kad_post_header":false,"_kad_post_footer":false,"_kad_post_classname":""},"product_brand":[],"product_cat":[353,418,466],"product_tag":[664],"class_list":{"0":"post-9381","1":"product","2":"type-product","3":"status-publish","4":"has-post-thumbnail","6":"product_cat-offerte","7":"product_cat-ossa-articolazioni-e-muscoli","8":"product_cat-nutrizionisti","9":"product_tag-dolore-alle-articolazioni","11":"first","12":"outofstock","13":"sale","14":"taxable","15":"shipping-taxable","16":"purchasable","17":"product-type-simple","18":"entry","19":"content-bg","20":"loop-entry"},"yoast_head":"<!-- This site is optimized with the Yoast SEO Premium plugin v27.5 (Yoast SEO v27.5) - https:\/\/yoast.com\/product\/yoast-seo-premium-wordpress\/ -->\n<title>Active Freedom Compresse Set di 2 Per cartilagine, ossa e muscoli<\/title>\n<meta name=\"description\" content=\"Active Freedom Compresse Set di 2 per il sistema muscolo-scheletrico. Mantiene la normale struttura ossea e la formazione del tessuto connettivo\" \/>\n<meta name=\"robots\" content=\"index, follow, max-snippet:-1, max-image-preview:large, max-video-preview:-1\" \/>\n<link rel=\"canonical\" href=\"https:\/\/www.lraloeverashop.eu\/it\/prodotto\/active-freedom-compresse-set-2\/\" \/>\n<meta property=\"og:locale\" content=\"it_IT\" \/>\n<meta property=\"og:type\" content=\"article\" \/>\n<meta property=\"og:title\" content=\"Active Freedom Compresse Set di 2\" \/>\n<meta property=\"og:description\" content=\"Active Freedom Compresse Set di 2 per il sistema muscolo-scheletrico. Mantiene la normale struttura ossea e la formazione del tessuto connettivo\" \/>\n<meta property=\"og:url\" content=\"https:\/\/www.lraloeverashop.eu\/it\/prodotto\/active-freedom-compresse-set-2\/\" \/>\n<meta property=\"og:site_name\" content=\"Lr Negozio di Aloe Vera\" \/>\n<meta property=\"article:publisher\" content=\"https:\/\/www.facebook.com\/lraloeverashop.eu\" \/>\n<meta property=\"article:modified_time\" content=\"2026-02-03T19:24:14+00:00\" \/>\n<meta property=\"og:image\" content=\"https:\/\/www.lraloeverashop.eu\/wp-content\/uploads\/2022\/10\/Freedom-Capsules-double-Set.jpg\" \/>\n\t<meta property=\"og:image:width\" content=\"1200\" \/>\n\t<meta property=\"og:image:height\" content=\"1200\" \/>\n\t<meta property=\"og:image:type\" content=\"image\/jpeg\" \/>\n<meta name=\"twitter:card\" content=\"summary_large_image\" \/>\n<meta name=\"twitter:site\" content=\"@natur__kosmetik\" \/>\n<script type=\"application\/ld+json\" class=\"yoast-schema-graph\">{\"@context\":\"https:\\\/\\\/schema.org\",\"@graph\":[{\"@type\":[\"WebPage\",\"ItemPage\"],\"@id\":\"https:\\\/\\\/www.lraloeverashop.eu\\\/it\\\/prodotto\\\/active-freedom-compresse-set-2\\\/\",\"url\":\"https:\\\/\\\/www.lraloeverashop.eu\\\/it\\\/prodotto\\\/active-freedom-compresse-set-2\\\/\",\"name\":\"Active Freedom Compresse Set di 2 Per cartilagine, ossa e muscoli\",\"isPartOf\":{\"@id\":\"https:\\\/\\\/www.lraloeverashop.eu\\\/it\\\/#website\"},\"primaryImageOfPage\":{\"@id\":\"https:\\\/\\\/www.lraloeverashop.eu\\\/it\\\/prodotto\\\/active-freedom-compresse-set-2\\\/#primaryimage\"},\"image\":{\"@id\":\"https:\\\/\\\/www.lraloeverashop.eu\\\/it\\\/prodotto\\\/active-freedom-compresse-set-2\\\/#primaryimage\"},\"thumbnailUrl\":\"https:\\\/\\\/www.lraloeverashop.eu\\\/wp-content\\\/uploads\\\/2022\\\/10\\\/Freedom-Capsules-double-Set.jpg\",\"datePublished\":\"2022-10-15T06:29:04+00:00\",\"dateModified\":\"2026-02-03T19:24:14+00:00\",\"description\":\"Active Freedom Compresse Set di 2 per il sistema muscolo-scheletrico. Mantiene la normale struttura ossea e la formazione del tessuto connettivo\",\"breadcrumb\":{\"@id\":\"https:\\\/\\\/www.lraloeverashop.eu\\\/it\\\/prodotto\\\/active-freedom-compresse-set-2\\\/#breadcrumb\"},\"inLanguage\":\"it-IT\",\"potentialAction\":[{\"@type\":\"ReadAction\",\"target\":[\"https:\\\/\\\/www.lraloeverashop.eu\\\/it\\\/prodotto\\\/active-freedom-compresse-set-2\\\/\"]}]},{\"@type\":\"ImageObject\",\"inLanguage\":\"it-IT\",\"@id\":\"https:\\\/\\\/www.lraloeverashop.eu\\\/it\\\/prodotto\\\/active-freedom-compresse-set-2\\\/#primaryimage\",\"url\":\"https:\\\/\\\/www.lraloeverashop.eu\\\/wp-content\\\/uploads\\\/2022\\\/10\\\/Freedom-Capsules-double-Set.jpg\",\"contentUrl\":\"https:\\\/\\\/www.lraloeverashop.eu\\\/wp-content\\\/uploads\\\/2022\\\/10\\\/Freedom-Capsules-double-Set.jpg\",\"width\":1200,\"height\":1200,\"caption\":\"Freedom Compresse doppio Set\"},{\"@type\":\"BreadcrumbList\",\"@id\":\"https:\\\/\\\/www.lraloeverashop.eu\\\/it\\\/prodotto\\\/active-freedom-compresse-set-2\\\/#breadcrumb\",\"itemListElement\":[{\"@type\":\"ListItem\",\"position\":1,\"name\":\"Home\",\"item\":\"https:\\\/\\\/www.lraloeverashop.eu\\\/it\\\/\"},{\"@type\":\"ListItem\",\"position\":2,\"name\":\"Negozio\",\"item\":\"https:\\\/\\\/www.lraloeverashop.eu\\\/it\\\/negozio\\\/\"},{\"@type\":\"ListItem\",\"position\":3,\"name\":\"Active Freedom Compresse Set di 2\"}]},{\"@type\":\"WebSite\",\"@id\":\"https:\\\/\\\/www.lraloeverashop.eu\\\/it\\\/#website\",\"url\":\"https:\\\/\\\/www.lraloeverashop.eu\\\/it\\\/\",\"name\":\"Lr Negozio di Aloe Vera\",\"description\":\"High Quality Lr Aloe Vera Gel, Aloe Vera Cream and Shampoo\",\"publisher\":{\"@id\":\"https:\\\/\\\/www.lraloeverashop.eu\\\/it\\\/#organization\"},\"alternateName\":\"LR\",\"potentialAction\":[{\"@type\":\"SearchAction\",\"target\":{\"@type\":\"EntryPoint\",\"urlTemplate\":\"https:\\\/\\\/www.lraloeverashop.eu\\\/it\\\/?s={search_term_string}\"},\"query-input\":{\"@type\":\"PropertyValueSpecification\",\"valueRequired\":true,\"valueName\":\"search_term_string\"}}],\"inLanguage\":\"it-IT\"},{\"@type\":\"Organization\",\"@id\":\"https:\\\/\\\/www.lraloeverashop.eu\\\/it\\\/#organization\",\"name\":\"Negozio di Lr Aloe Vera\",\"alternateName\":\"LR\",\"url\":\"https:\\\/\\\/www.lraloeverashop.eu\\\/it\\\/\",\"logo\":{\"@type\":\"ImageObject\",\"inLanguage\":\"it-IT\",\"@id\":\"https:\\\/\\\/www.lraloeverashop.eu\\\/it\\\/#\\\/schema\\\/logo\\\/image\\\/\",\"url\":\"https:\\\/\\\/www.lraloeverashop.eu\\\/wp-content\\\/uploads\\\/2022\\\/09\\\/cropped-Lr-Aloe-Vera-Shop.jpg\",\"contentUrl\":\"https:\\\/\\\/www.lraloeverashop.eu\\\/wp-content\\\/uploads\\\/2022\\\/09\\\/cropped-Lr-Aloe-Vera-Shop.jpg\",\"width\":228,\"height\":76,\"caption\":\"Negozio di Lr Aloe Vera\"},\"image\":{\"@id\":\"https:\\\/\\\/www.lraloeverashop.eu\\\/it\\\/#\\\/schema\\\/logo\\\/image\\\/\"},\"sameAs\":[\"https:\\\/\\\/www.facebook.com\\\/lraloeverashop.eu\",\"https:\\\/\\\/x.com\\\/natur__kosmetik\",\"https:\\\/\\\/www.youtube.com\\\/channel\\\/UC5oN7BJ8nfYb8RpVtjwDEBA\",\"https:\\\/\\\/www.instagram.com\\\/lrbeautyeu\\\/\"],\"description\":\"Negozio di Lr Aloe Vera \u00e8 il tuo punto di riferimento per i prodotti LR Health & Beauty di alta qualit\u00e0, realizzati in Germania. Offriamo soluzioni per la cura della pelle, l'alimentazione e l'anti-et\u00e0 a base di Aloe Vera, formulate con ingredienti puri e supportate da ricerche scientifiche. Scopri una cura naturale che rigenera, protegge e rivitalizza la tua pelle e approfitta delle esclusive offerte mensili sui nostri prodotti LR Aloe Vera pi\u00f9 venduti.\\nInizia oggi il tuo percorso di cura della pelle naturale e senti la differenza.\",\"email\":\"info@lraloeverashop.eu\",\"telephone\":\"+49 17670609653\",\"legalName\":\"Lr Aloe Vera Shop\",\"foundingDate\":\"2018-04-21\",\"numberOfEmployees\":{\"@type\":\"QuantitativeValue\",\"minValue\":\"1\",\"maxValue\":\"10\"}}]}<\/script>\n<meta property=\"product:price:amount\" content=\"52.99\" \/>\n<meta property=\"product:price:currency\" content=\"EUR\" \/>\n<meta property=\"og:availability\" content=\"out of stock\" \/>\n<meta property=\"product:availability\" content=\"out of stock\" \/>\n<meta property=\"product:retailer_item_id\" content=\"80191-1IT\" \/>\n<meta property=\"product:condition\" content=\"new\" \/>\n<!-- \/ Yoast SEO Premium plugin. -->","yoast_head_json":{"title":"Active Freedom Compresse Set di 2 Per cartilagine, ossa e muscoli","description":"Active Freedom Compresse Set di 2 per il sistema muscolo-scheletrico. Mantiene la normale struttura ossea e la formazione del tessuto connettivo","robots":{"index":"index","follow":"follow","max-snippet":"max-snippet:-1","max-image-preview":"max-image-preview:large","max-video-preview":"max-video-preview:-1"},"canonical":"https:\/\/www.lraloeverashop.eu\/it\/prodotto\/active-freedom-compresse-set-2\/","og_locale":"it_IT","og_type":"article","og_title":"Active Freedom Compresse Set di 2","og_description":"Active Freedom Compresse Set di 2 per il sistema muscolo-scheletrico. Mantiene la normale struttura ossea e la formazione del tessuto connettivo","og_url":"https:\/\/www.lraloeverashop.eu\/it\/prodotto\/active-freedom-compresse-set-2\/","og_site_name":"Lr Negozio di Aloe Vera","article_publisher":"https:\/\/www.facebook.com\/lraloeverashop.eu","article_modified_time":"2026-02-03T19:24:14+00:00","og_image":[{"width":1200,"height":1200,"url":"https:\/\/www.lraloeverashop.eu\/wp-content\/uploads\/2022\/10\/Freedom-Capsules-double-Set.jpg","type":"image\/jpeg"}],"twitter_card":"summary_large_image","twitter_site":"@natur__kosmetik","schema":{"@context":"https:\/\/schema.org","@graph":[{"@type":["WebPage","ItemPage"],"@id":"https:\/\/www.lraloeverashop.eu\/it\/prodotto\/active-freedom-compresse-set-2\/","url":"https:\/\/www.lraloeverashop.eu\/it\/prodotto\/active-freedom-compresse-set-2\/","name":"Active Freedom Compresse Set di 2 Per cartilagine, ossa e muscoli","isPartOf":{"@id":"https:\/\/www.lraloeverashop.eu\/it\/#website"},"primaryImageOfPage":{"@id":"https:\/\/www.lraloeverashop.eu\/it\/prodotto\/active-freedom-compresse-set-2\/#primaryimage"},"image":{"@id":"https:\/\/www.lraloeverashop.eu\/it\/prodotto\/active-freedom-compresse-set-2\/#primaryimage"},"thumbnailUrl":"https:\/\/www.lraloeverashop.eu\/wp-content\/uploads\/2022\/10\/Freedom-Capsules-double-Set.jpg","datePublished":"2022-10-15T06:29:04+00:00","dateModified":"2026-02-03T19:24:14+00:00","description":"Active Freedom Compresse Set di 2 per il sistema muscolo-scheletrico. Mantiene la normale struttura ossea e la formazione del tessuto connettivo","breadcrumb":{"@id":"https:\/\/www.lraloeverashop.eu\/it\/prodotto\/active-freedom-compresse-set-2\/#breadcrumb"},"inLanguage":"it-IT","potentialAction":[{"@type":"ReadAction","target":["https:\/\/www.lraloeverashop.eu\/it\/prodotto\/active-freedom-compresse-set-2\/"]}]},{"@type":"ImageObject","inLanguage":"it-IT","@id":"https:\/\/www.lraloeverashop.eu\/it\/prodotto\/active-freedom-compresse-set-2\/#primaryimage","url":"https:\/\/www.lraloeverashop.eu\/wp-content\/uploads\/2022\/10\/Freedom-Capsules-double-Set.jpg","contentUrl":"https:\/\/www.lraloeverashop.eu\/wp-content\/uploads\/2022\/10\/Freedom-Capsules-double-Set.jpg","width":1200,"height":1200,"caption":"Freedom Compresse doppio Set"},{"@type":"BreadcrumbList","@id":"https:\/\/www.lraloeverashop.eu\/it\/prodotto\/active-freedom-compresse-set-2\/#breadcrumb","itemListElement":[{"@type":"ListItem","position":1,"name":"Home","item":"https:\/\/www.lraloeverashop.eu\/it\/"},{"@type":"ListItem","position":2,"name":"Negozio","item":"https:\/\/www.lraloeverashop.eu\/it\/negozio\/"},{"@type":"ListItem","position":3,"name":"Active Freedom Compresse Set di 2"}]},{"@type":"WebSite","@id":"https:\/\/www.lraloeverashop.eu\/it\/#website","url":"https:\/\/www.lraloeverashop.eu\/it\/","name":"Lr Negozio di Aloe Vera","description":"High Quality Lr Aloe Vera Gel, Aloe Vera Cream and Shampoo","publisher":{"@id":"https:\/\/www.lraloeverashop.eu\/it\/#organization"},"alternateName":"LR","potentialAction":[{"@type":"SearchAction","target":{"@type":"EntryPoint","urlTemplate":"https:\/\/www.lraloeverashop.eu\/it\/?s={search_term_string}"},"query-input":{"@type":"PropertyValueSpecification","valueRequired":true,"valueName":"search_term_string"}}],"inLanguage":"it-IT"},{"@type":"Organization","@id":"https:\/\/www.lraloeverashop.eu\/it\/#organization","name":"Negozio di Lr Aloe Vera","alternateName":"LR","url":"https:\/\/www.lraloeverashop.eu\/it\/","logo":{"@type":"ImageObject","inLanguage":"it-IT","@id":"https:\/\/www.lraloeverashop.eu\/it\/#\/schema\/logo\/image\/","url":"https:\/\/www.lraloeverashop.eu\/wp-content\/uploads\/2022\/09\/cropped-Lr-Aloe-Vera-Shop.jpg","contentUrl":"https:\/\/www.lraloeverashop.eu\/wp-content\/uploads\/2022\/09\/cropped-Lr-Aloe-Vera-Shop.jpg","width":228,"height":76,"caption":"Negozio di Lr Aloe Vera"},"image":{"@id":"https:\/\/www.lraloeverashop.eu\/it\/#\/schema\/logo\/image\/"},"sameAs":["https:\/\/www.facebook.com\/lraloeverashop.eu","https:\/\/x.com\/natur__kosmetik","https:\/\/www.youtube.com\/channel\/UC5oN7BJ8nfYb8RpVtjwDEBA","https:\/\/www.instagram.com\/lrbeautyeu\/"],"description":"Negozio di Lr Aloe Vera \u00e8 il tuo punto di riferimento per i prodotti LR Health & Beauty di alta qualit\u00e0, realizzati in Germania. Offriamo soluzioni per la cura della pelle, l'alimentazione e l'anti-et\u00e0 a base di Aloe Vera, formulate con ingredienti puri e supportate da ricerche scientifiche. Scopri una cura naturale che rigenera, protegge e rivitalizza la tua pelle e approfitta delle esclusive offerte mensili sui nostri prodotti LR Aloe Vera pi\u00f9 venduti.\nInizia oggi il tuo percorso di cura della pelle naturale e senti la differenza.","email":"info@lraloeverashop.eu","telephone":"+49 17670609653","legalName":"Lr Aloe Vera Shop","foundingDate":"2018-04-21","numberOfEmployees":{"@type":"QuantitativeValue","minValue":"1","maxValue":"10"}}]},"product_price_amount":"52.99","product_price_currency":"EUR","og_availability":"out of stock","product_availability":"out of stock","product_retailer_item_id":"80191-1IT","product_condition":"new"},"taxonomy_info":{"product_cat":[{"value":353,"label":"Offerte"},{"value":418,"label":"Ossa, Articolazioni e Muscoli"},{"value":466,"label":"Specialisti"}],"product_tag":[{"value":664,"label":"Dolore alle articolazioni"}]},"featured_image_src_large":["https:\/\/www.lraloeverashop.eu\/wp-content\/uploads\/2022\/10\/Freedom-Capsules-double-Set-1024x1024.jpg",1024,1024,true],"author_info":[],"comment_info":0,"_links":{"self":[{"href":"https:\/\/www.lraloeverashop.eu\/it\/wp-json\/wp\/v2\/product\/9381","targetHints":{"allow":["GET"]}}],"collection":[{"href":"https:\/\/www.lraloeverashop.eu\/it\/wp-json\/wp\/v2\/product"}],"about":[{"href":"https:\/\/www.lraloeverashop.eu\/it\/wp-json\/wp\/v2\/types\/product"}],"replies":[{"embeddable":true,"href":"https:\/\/www.lraloeverashop.eu\/it\/wp-json\/wp\/v2\/comments?post=9381"}],"wp:featuredmedia":[{"embeddable":true,"href":"https:\/\/www.lraloeverashop.eu\/it\/wp-json\/wp\/v2\/media\/5492"}],"wp:attachment":[{"href":"https:\/\/www.lraloeverashop.eu\/it\/wp-json\/wp\/v2\/media?parent=9381"}],"wp:term":[{"taxonomy":"product_brand","embeddable":true,"href":"https:\/\/www.lraloeverashop.eu\/it\/wp-json\/wp\/v2\/product_brand?post=9381"},{"taxonomy":"product_cat","embeddable":true,"href":"https:\/\/www.lraloeverashop.eu\/it\/wp-json\/wp\/v2\/product_cat?post=9381"},{"taxonomy":"product_tag","embeddable":true,"href":"https:\/\/www.lraloeverashop.eu\/it\/wp-json\/wp\/v2\/product_tag?post=9381"}],"curies":[{"name":"wp","href":"https:\/\/api.w.org\/{rel}","templated":true}]}}