{"id":9353,"date":"2022-10-15T12:43:38","date_gmt":"2022-10-15T10:43:38","guid":{"rendered":"https:\/\/www.lraloeverashop.eu\/product\/proteine-in-polvere-vaniglia\/"},"modified":"2026-02-03T20:23:52","modified_gmt":"2026-02-03T19:23:52","slug":"proteine-in-polvere-vaniglia","status":"publish","type":"product","link":"https:\/\/www.lraloeverashop.eu\/it\/prodotto\/proteine-in-polvere-vaniglia\/","title":{"rendered":"Proteine in Polvere Vaniglia"},"content":{"rendered":"<h2><span style=\"font-size: 16pt;\"><strong>Proteine in polvere Vaniglia<\/strong><\/span><\/h2>\n<p><span style=\"font-size: 14pt;\"><strong>Proteine in Polvere Vaniglia da 5 Fonti Diverse<\/strong><\/span><\/p>\n<p>Proteine in Polvere Vaniglia da <a href=\"https:\/\/shop.lrworld.com\/home\/IT\/it?PHP=0vFlt7jT938BEnBI3a6e9w%3D%3D\"><strong>Lr Health &amp; Beauty<\/strong><\/a> supporta efficacemente la conservazione e l&#8217;aumento della massa muscolare. Contribuisce al normale metabolismo delle proteine, con proteine \u200b\u200bprovenienti da 5 componenti diversi, magnesio e <a href=\"https:\/\/en.wikipedia.org\/wiki\/Vitamin_B6\">vitamin B6.<\/a><\/p>\n<p><strong>Testato scientificamente dall&#8217;EFSA (Autorit\u00e0 europea per la sicurezza alimentare):<\/strong><\/p>\n<p>1. Le <a href=\"https:\/\/www.lraloeverashop.eu\/it\/prodotto\/fiber-boost-bevanda-in-polvere\/\">proteine<\/a> \u200b\u200bcontribuiscono alla conservazione e all&#8217;aumento della massa muscolare<br \/>\n2. Il magnesio contribuisce alla normale sintesi proteica e alla normale funzione muscolare<br \/>\n3. La vitamina B6 in Proteine in Polvere Vaniglia contribuisce alla normale funzione del metabolismo delle proteine \u200b\u200be del glucogeno<\/p>\n<p>&nbsp;<\/p>\n<h3><span style=\"font-size: 16pt;\"><strong>Come usare<\/strong><\/span><\/h3>\n<p><strong>Dosaggi giornalieri consigliati:<br \/>\n<\/strong><\/p>\n<p>Mescolare Proteine in Polvere Vaniglia (12,5 g di polvere) con 125 ml di basso contenuto di grassi (1,5% di grasso) o 100 ml di acqua. Si consiglia di preparare la bevanda con latte e consumarla la sera. Si raccomanda inoltre di usare uno Shaker. Garantire una dieta ricca ed equilibrata, in combinazione con uno stile di vita sana,<\/p>\n<p>Pu\u00f2 contenere tracce di glutine e lupino. Agitare prima dell\u2019uso.<br \/>\nIl volume di riempimento del prodotto \u00e8 soggetto a specifiche tecniche.<br \/>\nConservare in luogo fresco e asciutto e consumare poco dopo l\u2019apertura.<\/p>\n<p>&nbsp;<\/p>\n<h4><span style=\"font-size: 16pt;\"><strong>Lo sapevate?<\/strong><\/span><\/h4>\n<p>I muscoli svolgono un ruolo importante nel <a href=\"https:\/\/www.lraloeverashop.eu\/it\/prodotto\/protein-power-bevanda-in-polvere-alla-vaniglia\/\">bruciare i grassi<\/a>. Coloro che sono attivamente impegnati nello sport e coloro che cercano di perdere peso dovrebbero prestare particolare attenzione a preservare (e persino aumentare) la loro massa muscolare mentre i muscoli consumano energia, il che porta alla <a href=\"https:\/\/www.lraloeverashop.eu\/it\/categoria-prodotto\/supplementi-dietetici\/\">perdita di peso<\/a>.<\/p>\n<p>Questa speciale miscela di 5 componenti proteici \u00e8 unica sul mercato. Supporta il metabolismo delle <a href=\"https:\/\/www.lraloeverashop.eu\/it\/prodotto\/figu-active-frappe-vaniglia\/\">proteine \u200b\u200bnecessarie<\/a>.<\/p>\n<p>Proteine in Polvere Vaniglia \u00e8 un prodotto di alta qualit\u00e0, creato dai nutrizionisti leader secondo i principi della moderna scienza della salute.<\/p>\n<p>Proteine alla Vaniglia \u00e8 fabbricato in Germania: ogni fase di produzione, dalla selezione delle materie prime al confezionamento, \u00e8 soggetta a severi controlli secondo gli standard di qualit\u00e0 <a href=\"https:\/\/www.lraloeverashop.eu\/it\/la-mia-storia\/\">LR<\/a>.<\/p>\n","protected":false},"excerpt":{"rendered":"<ul>\n<li>Bevanda proteica per il sostegno della massa muscolare<\/li>\n<li>Contiene preziose proteine e sostanze nutritive che aiutano a preservare e aumentare la massa muscolare<\/li>\n<li>Con l\u201980% di proteine da 5 componenti diverse<\/li>\n<li>Con magnesio e vitamina B6<\/li>\n<li>Guantit\u00e0: 3 x 375 g<\/li>\n<\/ul>\n<p><span style=\"color: #ff0000;\"><a style=\"color: #ff0000;\" href=\"https:\/\/shop.lrworld.com\/openpao?PHP=0vFlt7jT938BEnBI3a6e9w%3D%3D\"><span style=\"font-size: 14pt;\"><strong>Registrati ora e risparmia il 35% su ogni ordine<\/strong><\/span><\/a><\/span><\/p>\n","protected":false},"featured_media":5702,"comment_status":"open","ping_status":"closed","template":"","meta":{"_kad_blocks_custom_css":"","_kad_blocks_head_custom_js":"","_kad_blocks_body_custom_js":"","_kad_blocks_footer_custom_js":"","_kadence_starter_templates_imported_post":false,"_kad_post_transparent":"default","_kad_post_title":"","_kad_post_layout":"default","_kad_post_sidebar_id":"","_kad_post_content_style":"default","_kad_post_vertical_padding":"default","_kad_post_feature":"","_kad_post_feature_position":"","_kad_post_header":false,"_kad_post_footer":false,"_kad_post_classname":""},"product_brand":[],"product_cat":[341,418,335,461,466],"product_tag":[603],"class_list":{"0":"post-9353","1":"product","2":"type-product","3":"status-publish","4":"has-post-thumbnail","6":"product_cat-compagno-di-dieta","7":"product_cat-ossa-articolazioni-e-muscoli","8":"product_cat-supplementi-dietetici","9":"product_cat-risparmia-in-set","10":"product_cat-nutrizionisti","11":"product_tag-dieta","13":"first","14":"instock","15":"taxable","16":"shipping-taxable","17":"purchasable","18":"product-type-simple","19":"entry","20":"content-bg","21":"loop-entry"},"yoast_head":"<!-- This site is optimized with the Yoast SEO Premium plugin v27.4 (Yoast SEO v27.4) - https:\/\/yoast.com\/product\/yoast-seo-premium-wordpress\/ -->\n<title>Proteine in Polvere Vaniglia da 5 fonti diverse e Vitamin B<\/title>\n<meta name=\"description\" content=\"Proteine in Polvere Vaniglia con speciale miscela di 5 componenti proteici \u00e8 unica sul mercato. Supporta il metabolismo delle proteine \u200b\u200bnecessarie.\" \/>\n<meta name=\"robots\" content=\"index, follow, max-snippet:-1, max-image-preview:large, max-video-preview:-1\" \/>\n<link rel=\"canonical\" href=\"https:\/\/www.lraloeverashop.eu\/it\/prodotto\/proteine-in-polvere-vaniglia\/\" \/>\n<meta property=\"og:locale\" content=\"it_IT\" \/>\n<meta property=\"og:type\" content=\"article\" \/>\n<meta property=\"og:title\" content=\"Proteine in Polvere Vaniglia\" \/>\n<meta property=\"og:description\" content=\"Proteine in Polvere Vaniglia con speciale miscela di 5 componenti proteici \u00e8 unica sul mercato. Supporta il metabolismo delle proteine \u200b\u200bnecessarie.\" \/>\n<meta property=\"og:url\" content=\"https:\/\/www.lraloeverashop.eu\/it\/prodotto\/proteine-in-polvere-vaniglia\/\" \/>\n<meta property=\"og:site_name\" content=\"Lr Negozio di Aloe Vera\" \/>\n<meta property=\"article:publisher\" content=\"https:\/\/www.facebook.com\/lraloeverashop.eu\" \/>\n<meta property=\"article:modified_time\" content=\"2026-02-03T19:23:52+00:00\" \/>\n<meta property=\"og:image\" content=\"https:\/\/www.lraloeverashop.eu\/wp-content\/uploads\/2022\/10\/Muscle-Protein-Drink-Set-3pcs.jpg\" \/>\n\t<meta property=\"og:image:width\" content=\"1200\" \/>\n\t<meta property=\"og:image:height\" content=\"1200\" \/>\n\t<meta property=\"og:image:type\" content=\"image\/jpeg\" \/>\n<meta name=\"twitter:card\" content=\"summary_large_image\" \/>\n<meta name=\"twitter:site\" content=\"@natur__kosmetik\" \/>\n<script type=\"application\/ld+json\" class=\"yoast-schema-graph\">{\"@context\":\"https:\\\/\\\/schema.org\",\"@graph\":[{\"@type\":[\"WebPage\",\"ItemPage\"],\"@id\":\"https:\\\/\\\/www.lraloeverashop.eu\\\/it\\\/prodotto\\\/proteine-in-polvere-vaniglia\\\/\",\"url\":\"https:\\\/\\\/www.lraloeverashop.eu\\\/it\\\/prodotto\\\/proteine-in-polvere-vaniglia\\\/\",\"name\":\"Proteine in Polvere Vaniglia da 5 fonti diverse e Vitamin B\",\"isPartOf\":{\"@id\":\"https:\\\/\\\/www.lraloeverashop.eu\\\/it\\\/#website\"},\"primaryImageOfPage\":{\"@id\":\"https:\\\/\\\/www.lraloeverashop.eu\\\/it\\\/prodotto\\\/proteine-in-polvere-vaniglia\\\/#primaryimage\"},\"image\":{\"@id\":\"https:\\\/\\\/www.lraloeverashop.eu\\\/it\\\/prodotto\\\/proteine-in-polvere-vaniglia\\\/#primaryimage\"},\"thumbnailUrl\":\"https:\\\/\\\/www.lraloeverashop.eu\\\/wp-content\\\/uploads\\\/2022\\\/10\\\/Muscle-Protein-Drink-Set-3pcs.jpg\",\"datePublished\":\"2022-10-15T10:43:38+00:00\",\"dateModified\":\"2026-02-03T19:23:52+00:00\",\"description\":\"Proteine in Polvere Vaniglia con speciale miscela di 5 componenti proteici \u00e8 unica sul mercato. Supporta il metabolismo delle proteine \u200b\u200bnecessarie.\",\"breadcrumb\":{\"@id\":\"https:\\\/\\\/www.lraloeverashop.eu\\\/it\\\/prodotto\\\/proteine-in-polvere-vaniglia\\\/#breadcrumb\"},\"inLanguage\":\"it-IT\",\"potentialAction\":[{\"@type\":\"ReadAction\",\"target\":[\"https:\\\/\\\/www.lraloeverashop.eu\\\/it\\\/prodotto\\\/proteine-in-polvere-vaniglia\\\/\"]}]},{\"@type\":\"ImageObject\",\"inLanguage\":\"it-IT\",\"@id\":\"https:\\\/\\\/www.lraloeverashop.eu\\\/it\\\/prodotto\\\/proteine-in-polvere-vaniglia\\\/#primaryimage\",\"url\":\"https:\\\/\\\/www.lraloeverashop.eu\\\/wp-content\\\/uploads\\\/2022\\\/10\\\/Muscle-Protein-Drink-Set-3pcs.jpg\",\"contentUrl\":\"https:\\\/\\\/www.lraloeverashop.eu\\\/wp-content\\\/uploads\\\/2022\\\/10\\\/Muscle-Protein-Drink-Set-3pcs.jpg\",\"width\":1200,\"height\":1200,\"caption\":\"Proteine in Polvere Vaniglia con magnesio e vitamina B6\"},{\"@type\":\"BreadcrumbList\",\"@id\":\"https:\\\/\\\/www.lraloeverashop.eu\\\/it\\\/prodotto\\\/proteine-in-polvere-vaniglia\\\/#breadcrumb\",\"itemListElement\":[{\"@type\":\"ListItem\",\"position\":1,\"name\":\"Home\",\"item\":\"https:\\\/\\\/www.lraloeverashop.eu\\\/it\\\/\"},{\"@type\":\"ListItem\",\"position\":2,\"name\":\"Negozio\",\"item\":\"https:\\\/\\\/www.lraloeverashop.eu\\\/it\\\/negozio\\\/\"},{\"@type\":\"ListItem\",\"position\":3,\"name\":\"Proteine in Polvere Vaniglia\"}]},{\"@type\":\"WebSite\",\"@id\":\"https:\\\/\\\/www.lraloeverashop.eu\\\/it\\\/#website\",\"url\":\"https:\\\/\\\/www.lraloeverashop.eu\\\/it\\\/\",\"name\":\"Lr Negozio di Aloe Vera\",\"description\":\"High Quality Lr Aloe Vera Gel, Aloe Vera Cream and Shampoo\",\"publisher\":{\"@id\":\"https:\\\/\\\/www.lraloeverashop.eu\\\/it\\\/#organization\"},\"potentialAction\":[{\"@type\":\"SearchAction\",\"target\":{\"@type\":\"EntryPoint\",\"urlTemplate\":\"https:\\\/\\\/www.lraloeverashop.eu\\\/it\\\/?s={search_term_string}\"},\"query-input\":{\"@type\":\"PropertyValueSpecification\",\"valueRequired\":true,\"valueName\":\"search_term_string\"}}],\"inLanguage\":\"it-IT\"},{\"@type\":\"Organization\",\"@id\":\"https:\\\/\\\/www.lraloeverashop.eu\\\/it\\\/#organization\",\"name\":\"Negozio di Lr Aloe Vera\",\"alternateName\":\"LR\",\"url\":\"https:\\\/\\\/www.lraloeverashop.eu\\\/it\\\/\",\"logo\":{\"@type\":\"ImageObject\",\"inLanguage\":\"it-IT\",\"@id\":\"https:\\\/\\\/www.lraloeverashop.eu\\\/it\\\/#\\\/schema\\\/logo\\\/image\\\/\",\"url\":\"https:\\\/\\\/www.lraloeverashop.eu\\\/wp-content\\\/uploads\\\/2022\\\/09\\\/cropped-Lr-Aloe-Vera-Shop.jpg\",\"contentUrl\":\"https:\\\/\\\/www.lraloeverashop.eu\\\/wp-content\\\/uploads\\\/2022\\\/09\\\/cropped-Lr-Aloe-Vera-Shop.jpg\",\"width\":228,\"height\":76,\"caption\":\"Negozio di Lr Aloe Vera\"},\"image\":{\"@id\":\"https:\\\/\\\/www.lraloeverashop.eu\\\/it\\\/#\\\/schema\\\/logo\\\/image\\\/\"},\"sameAs\":[\"https:\\\/\\\/www.facebook.com\\\/lraloeverashop.eu\",\"https:\\\/\\\/x.com\\\/natur__kosmetik\",\"https:\\\/\\\/www.youtube.com\\\/channel\\\/UC5oN7BJ8nfYb8RpVtjwDEBA\",\"https:\\\/\\\/www.instagram.com\\\/lrbeautyeu\\\/\"],\"description\":\"Negozio di Lr Aloe Vera \u00e8 il tuo punto di riferimento per i prodotti LR Health & Beauty di alta qualit\u00e0, realizzati in Germania. Offriamo soluzioni per la cura della pelle, l'alimentazione e l'anti-et\u00e0 a base di Aloe Vera, formulate con ingredienti puri e supportate da ricerche scientifiche. Scopri una cura naturale che rigenera, protegge e rivitalizza la tua pelle e approfitta delle esclusive offerte mensili sui nostri prodotti LR Aloe Vera pi\u00f9 venduti.\\nInizia oggi il tuo percorso di cura della pelle naturale e senti la differenza.\",\"email\":\"info@lraloeverashop.eu\",\"telephone\":\"+49 17670609653\",\"legalName\":\"Lr Aloe Vera Shop\",\"foundingDate\":\"2018-04-21\",\"numberOfEmployees\":{\"@type\":\"QuantitativeValue\",\"minValue\":\"1\",\"maxValue\":\"10\"}}]}<\/script>\n<meta property=\"product:price:amount\" content=\"142.49\" \/>\n<meta property=\"product:price:currency\" content=\"EUR\" \/>\n<meta property=\"og:availability\" content=\"instock\" \/>\n<meta property=\"product:availability\" content=\"instock\" \/>\n<meta property=\"product:retailer_item_id\" content=\"80561-401IT\" \/>\n<meta property=\"product:condition\" content=\"new\" \/>\n<!-- \/ Yoast SEO Premium plugin. -->","yoast_head_json":{"title":"Proteine in Polvere Vaniglia da 5 fonti diverse e Vitamin B","description":"Proteine in Polvere Vaniglia con speciale miscela di 5 componenti proteici \u00e8 unica sul mercato. Supporta il metabolismo delle proteine \u200b\u200bnecessarie.","robots":{"index":"index","follow":"follow","max-snippet":"max-snippet:-1","max-image-preview":"max-image-preview:large","max-video-preview":"max-video-preview:-1"},"canonical":"https:\/\/www.lraloeverashop.eu\/it\/prodotto\/proteine-in-polvere-vaniglia\/","og_locale":"it_IT","og_type":"article","og_title":"Proteine in Polvere Vaniglia","og_description":"Proteine in Polvere Vaniglia con speciale miscela di 5 componenti proteici \u00e8 unica sul mercato. Supporta il metabolismo delle proteine \u200b\u200bnecessarie.","og_url":"https:\/\/www.lraloeverashop.eu\/it\/prodotto\/proteine-in-polvere-vaniglia\/","og_site_name":"Lr Negozio di Aloe Vera","article_publisher":"https:\/\/www.facebook.com\/lraloeverashop.eu","article_modified_time":"2026-02-03T19:23:52+00:00","og_image":[{"width":1200,"height":1200,"url":"https:\/\/www.lraloeverashop.eu\/wp-content\/uploads\/2022\/10\/Muscle-Protein-Drink-Set-3pcs.jpg","type":"image\/jpeg"}],"twitter_card":"summary_large_image","twitter_site":"@natur__kosmetik","schema":{"@context":"https:\/\/schema.org","@graph":[{"@type":["WebPage","ItemPage"],"@id":"https:\/\/www.lraloeverashop.eu\/it\/prodotto\/proteine-in-polvere-vaniglia\/","url":"https:\/\/www.lraloeverashop.eu\/it\/prodotto\/proteine-in-polvere-vaniglia\/","name":"Proteine in Polvere Vaniglia da 5 fonti diverse e Vitamin B","isPartOf":{"@id":"https:\/\/www.lraloeverashop.eu\/it\/#website"},"primaryImageOfPage":{"@id":"https:\/\/www.lraloeverashop.eu\/it\/prodotto\/proteine-in-polvere-vaniglia\/#primaryimage"},"image":{"@id":"https:\/\/www.lraloeverashop.eu\/it\/prodotto\/proteine-in-polvere-vaniglia\/#primaryimage"},"thumbnailUrl":"https:\/\/www.lraloeverashop.eu\/wp-content\/uploads\/2022\/10\/Muscle-Protein-Drink-Set-3pcs.jpg","datePublished":"2022-10-15T10:43:38+00:00","dateModified":"2026-02-03T19:23:52+00:00","description":"Proteine in Polvere Vaniglia con speciale miscela di 5 componenti proteici \u00e8 unica sul mercato. Supporta il metabolismo delle proteine \u200b\u200bnecessarie.","breadcrumb":{"@id":"https:\/\/www.lraloeverashop.eu\/it\/prodotto\/proteine-in-polvere-vaniglia\/#breadcrumb"},"inLanguage":"it-IT","potentialAction":[{"@type":"ReadAction","target":["https:\/\/www.lraloeverashop.eu\/it\/prodotto\/proteine-in-polvere-vaniglia\/"]}]},{"@type":"ImageObject","inLanguage":"it-IT","@id":"https:\/\/www.lraloeverashop.eu\/it\/prodotto\/proteine-in-polvere-vaniglia\/#primaryimage","url":"https:\/\/www.lraloeverashop.eu\/wp-content\/uploads\/2022\/10\/Muscle-Protein-Drink-Set-3pcs.jpg","contentUrl":"https:\/\/www.lraloeverashop.eu\/wp-content\/uploads\/2022\/10\/Muscle-Protein-Drink-Set-3pcs.jpg","width":1200,"height":1200,"caption":"Proteine in Polvere Vaniglia con magnesio e vitamina B6"},{"@type":"BreadcrumbList","@id":"https:\/\/www.lraloeverashop.eu\/it\/prodotto\/proteine-in-polvere-vaniglia\/#breadcrumb","itemListElement":[{"@type":"ListItem","position":1,"name":"Home","item":"https:\/\/www.lraloeverashop.eu\/it\/"},{"@type":"ListItem","position":2,"name":"Negozio","item":"https:\/\/www.lraloeverashop.eu\/it\/negozio\/"},{"@type":"ListItem","position":3,"name":"Proteine in Polvere Vaniglia"}]},{"@type":"WebSite","@id":"https:\/\/www.lraloeverashop.eu\/it\/#website","url":"https:\/\/www.lraloeverashop.eu\/it\/","name":"Lr Negozio di Aloe Vera","description":"High Quality Lr Aloe Vera Gel, Aloe Vera Cream and Shampoo","publisher":{"@id":"https:\/\/www.lraloeverashop.eu\/it\/#organization"},"potentialAction":[{"@type":"SearchAction","target":{"@type":"EntryPoint","urlTemplate":"https:\/\/www.lraloeverashop.eu\/it\/?s={search_term_string}"},"query-input":{"@type":"PropertyValueSpecification","valueRequired":true,"valueName":"search_term_string"}}],"inLanguage":"it-IT"},{"@type":"Organization","@id":"https:\/\/www.lraloeverashop.eu\/it\/#organization","name":"Negozio di Lr Aloe Vera","alternateName":"LR","url":"https:\/\/www.lraloeverashop.eu\/it\/","logo":{"@type":"ImageObject","inLanguage":"it-IT","@id":"https:\/\/www.lraloeverashop.eu\/it\/#\/schema\/logo\/image\/","url":"https:\/\/www.lraloeverashop.eu\/wp-content\/uploads\/2022\/09\/cropped-Lr-Aloe-Vera-Shop.jpg","contentUrl":"https:\/\/www.lraloeverashop.eu\/wp-content\/uploads\/2022\/09\/cropped-Lr-Aloe-Vera-Shop.jpg","width":228,"height":76,"caption":"Negozio di Lr Aloe Vera"},"image":{"@id":"https:\/\/www.lraloeverashop.eu\/it\/#\/schema\/logo\/image\/"},"sameAs":["https:\/\/www.facebook.com\/lraloeverashop.eu","https:\/\/x.com\/natur__kosmetik","https:\/\/www.youtube.com\/channel\/UC5oN7BJ8nfYb8RpVtjwDEBA","https:\/\/www.instagram.com\/lrbeautyeu\/"],"description":"Negozio di Lr Aloe Vera \u00e8 il tuo punto di riferimento per i prodotti LR Health & Beauty di alta qualit\u00e0, realizzati in Germania. Offriamo soluzioni per la cura della pelle, l'alimentazione e l'anti-et\u00e0 a base di Aloe Vera, formulate con ingredienti puri e supportate da ricerche scientifiche. Scopri una cura naturale che rigenera, protegge e rivitalizza la tua pelle e approfitta delle esclusive offerte mensili sui nostri prodotti LR Aloe Vera pi\u00f9 venduti.\nInizia oggi il tuo percorso di cura della pelle naturale e senti la differenza.","email":"info@lraloeverashop.eu","telephone":"+49 17670609653","legalName":"Lr Aloe Vera Shop","foundingDate":"2018-04-21","numberOfEmployees":{"@type":"QuantitativeValue","minValue":"1","maxValue":"10"}}]},"product_price_amount":"142.49","product_price_currency":"EUR","og_availability":"instock","product_availability":"instock","product_retailer_item_id":"80561-401IT","product_condition":"new"},"taxonomy_info":{"product_cat":[{"value":341,"label":"Compagno di dieta"},{"value":418,"label":"Ossa, Articolazioni e Muscoli"},{"value":335,"label":"Pasto sostitutivo"},{"value":461,"label":"Risparmia in set"},{"value":466,"label":"Specialisti"}],"product_tag":[{"value":603,"label":"Dieta"}]},"featured_image_src_large":["https:\/\/www.lraloeverashop.eu\/wp-content\/uploads\/2022\/10\/Muscle-Protein-Drink-Set-3pcs-1024x1024.jpg",1024,1024,true],"author_info":[],"comment_info":0,"_links":{"self":[{"href":"https:\/\/www.lraloeverashop.eu\/it\/wp-json\/wp\/v2\/product\/9353","targetHints":{"allow":["GET"]}}],"collection":[{"href":"https:\/\/www.lraloeverashop.eu\/it\/wp-json\/wp\/v2\/product"}],"about":[{"href":"https:\/\/www.lraloeverashop.eu\/it\/wp-json\/wp\/v2\/types\/product"}],"replies":[{"embeddable":true,"href":"https:\/\/www.lraloeverashop.eu\/it\/wp-json\/wp\/v2\/comments?post=9353"}],"wp:featuredmedia":[{"embeddable":true,"href":"https:\/\/www.lraloeverashop.eu\/it\/wp-json\/wp\/v2\/media\/5702"}],"wp:attachment":[{"href":"https:\/\/www.lraloeverashop.eu\/it\/wp-json\/wp\/v2\/media?parent=9353"}],"wp:term":[{"taxonomy":"product_brand","embeddable":true,"href":"https:\/\/www.lraloeverashop.eu\/it\/wp-json\/wp\/v2\/product_brand?post=9353"},{"taxonomy":"product_cat","embeddable":true,"href":"https:\/\/www.lraloeverashop.eu\/it\/wp-json\/wp\/v2\/product_cat?post=9353"},{"taxonomy":"product_tag","embeddable":true,"href":"https:\/\/www.lraloeverashop.eu\/it\/wp-json\/wp\/v2\/product_tag?post=9353"}],"curies":[{"name":"wp","href":"https:\/\/api.w.org\/{rel}","templated":true}]}}