{"id":9327,"date":"2022-10-15T12:59:08","date_gmt":"2022-10-15T10:59:08","guid":{"rendered":"https:\/\/www.lraloeverashop.eu\/product\/lr-elisir-di-bellezza\/"},"modified":"2026-04-18T20:36:41","modified_gmt":"2026-04-18T18:36:41","slug":"lr-elisir-di-bellezza","status":"publish","type":"product","link":"https:\/\/www.lraloeverashop.eu\/it\/prodotto\/lr-elisir-di-bellezza\/","title":{"rendered":"Lr Elisir di Bellezza"},"content":{"rendered":"<h2><span style=\"font-size: 16pt;\"><strong>Lr Elisir di Bellezza<\/strong><\/span><\/h2>\n<p><span style=\"font-size: 14pt;\"><strong>Lr Elisir di Bellezza &#8211; Bevi La Magica Pozione di Bellezza<\/strong><\/span><\/p>\n<p>Con il suo innovativo doppio complesso di ingredienti, l&#8217;Elisir di Bellezza Lr 5in1 soddisfa immediatamente i tuoi pi\u00f9 grandi desideri di bellezza: un aspetto giovanile, una pelle pulita, rassodata, capelli sensuali e unghie forti!<span style=\"font-size: 14px;\"><sup>1-4<\/sup><\/span><\/p>\n<p>Basta un solo shot al giorno per attivare efficacemente i processi di bellezza del corpo elabora e per proteggerlo dalle principali cause dell&#8217;invecchiamento, offrendoti una <a href=\"https:\/\/www.lraloeverashop.eu\/it\/elisir-di-bellezza-naturale-per-un-aspetto-giovanile\/\">bellezza senza tempo<\/a> dalla testa ai piedi ad ogni et\u00e0<span style=\"font-size: 14px;\"><sup>1-4<\/sup><\/span>.<\/p>\n<p>&nbsp;<\/p>\n<h3><span style=\"font-size: 16pt;\"><strong>1.<\/strong> <strong>Lr Elisir di Bellezza &#8211; Un Aspetto Giovane Con Meno Rughe<\/strong><\/span><\/h3>\n<p>&#8211; Una riduzione delle rughe grazie alla vitamina C1, ed i peptide di collagene che penerano in profondit\u00e0<span style=\"font-size: 14px;\"><sup>6<\/sup><\/span><br \/>\n&#8211; Elasticit\u00e0 della pelle superiore del 15% grazie a efficaci peptidi di collagen<span style=\"font-size: 14px;\"><sup>7<\/sup><\/span><br \/>\n&#8211; Il <a href=\"https:\/\/www.lraloeverashop.eu\/it\/categoria-prodotto\/base-it\/gel-da-bere-allaloe-vera\/\">Gel di aloe vera<\/a>, l\u2019arancia rossa, la radice d&#8217;oro e l\u2019estratto di t\u00e8 verde proteggono la pelle dalle principali cause di invecchiamento come le radiazioni UV<\/p>\n<p>&nbsp;<\/p>\n<h4><span style=\"font-size: 16pt;\"><strong>2<\/strong>. <strong>Una Carnagione Pulita e Sana Senza Irritazioni<\/strong><\/span><\/h4>\n<p>&#8211; Protezione dagli aggressori esterni grazie all&#8217;estratto di mirtillo e vitamina E5<br \/>\n&#8211; Rafforzamento della funzionalit\u00e0 cutanea e della pigmentazione, attraverso le <a href=\"https:\/\/www.lraloeverashop.eu\/it\/prodotto\/vita-active-frutti-rossi\/\">vitamine<\/a> altamente concentrate A, E, tiamina, riboflavina, niacina, B6, biotina, B12, C e zinco come elemento traccia essenziale<span style=\"font-size: 14px;\"><sup>1<\/sup><\/span><\/p>\n<p>&nbsp;<\/p>\n<h2><span style=\"font-size: 16pt;\"><strong>3. Elisir Di Bellezza &#8211; Un Corpo Tonico Senza Cellulite<\/strong><\/span><\/h2>\n<p>&#8211; I peptidi di collagene aumentano la densit\u00e0 della pelle e <a href=\"https:\/\/www.lraloeverashop.eu\/it\/prodotto\/aloe-vera-gel-per-il-corpo-rimodellante\/\">riducono la cellulite<\/a><span style=\"font-size: 14px;\"><sup>8<\/sup><\/span><br \/>\n&#8211; Il rame<span style=\"font-size: 14px;\"><sup>2<\/sup><\/span> ed Aloe vera rafforza il tessuto connettivo.<\/p>\n<p>&nbsp;<\/p>\n<h3><span style=\"font-size: 16pt;\"><strong>4. Capelli Sensuali e Luminosi<\/strong><\/span><\/h3>\n<p>&#8211; La biotina <a href=\"https:\/\/www.lraloeverashop.eu\/it\/prodotto\/aloe-vera-nutri-repair-balsamo\/\">rinforza i capelli<\/a> e li nutre dall&#8217;interno<span style=\"font-size: 14px;\"><sup>3<\/sup><\/span><br \/>\n&#8211; Il rame assicura una normale pigmentazione dei capelli per una lucentezza sana<span style=\"font-size: 14px;\"><sup>3<\/sup><\/span><\/p>\n<p>&nbsp;<\/p>\n<h4><span style=\"font-size: 16pt;\"><strong>5. Unghie Forti e Sane<\/strong><\/span><\/h4>\n<p>&#8211; I peptidi di collagene accelerano in modo dimostrabile la crescita delle unghie. La rottura delle unghie pu\u00f2 essere ridotta fino al 42%<span style=\"font-size: 14px;\"><sup>9<\/sup><\/span><br \/>\n&#8211; Lo zinco rinforza le unghie<span style=\"font-size: 14px;\"><sup>4<\/sup><\/span><\/p>\n<p>&nbsp;<\/p>\n<p><span style=\"font-size: 14pt;\"><strong>Unico sul mercato: Doppio Complesso<\/strong><\/span><\/p>\n<p><strong><span style=\"font-size: 16px;\">Complesso Attivo<\/span><\/strong><\/p>\n<p>Il complesso di principi attivi attiva i <a href=\"https:\/\/www.lraloeverashop.eu\/it\/prodotto\/lr-elisir-di-bellezza-set\/\">processi di bellezza del corpo<\/a> e combatte i segni dell&#8217;invecchiamento<span style=\"font-size: 14px;\"><sup>1-5<\/sup><\/span>. Contiene i pi\u00f9 importanti ingredienti di bellezza in alta concentrazione:<\/p>\n<p>&#8211; 2.5 g peptidi di collagene<br \/>\n&#8211; 50 mg di prezioso acido ialuronico<br \/>\n&#8211; Con rame e zinco<br \/>\n&#8211; 9 vitamine in alta concentrazione: 100% vitamina \u0395, \u03926, \u039212, C, tiamina, riboflavina, niacina, biotina per dose giornaliera * e 75% di vitamina A per dose giornaliera *<\/p>\n<p>&nbsp;<\/p>\n<p><strong><span style=\"font-size: 16px;\">Complesso Preventivo<\/span><\/strong><\/p>\n<p>Il complesso preventivo di ingredienti protegge dagli aggressori ambientali e previene la comparsa dei segni dell&#8217;invecchiamento. Combina gli ingredienti naturali pi\u00f9 preziosi:<\/p>\n<p>&#8211; Gel di <a href=\"https:\/\/www.lraloeverashop.eu\/it\/aloe-vera-gel-per-viso-capelli-e-corpo\/\">aloe vera<\/a><br \/>\n&#8211; Estratto di arancia rossa<br \/>\n&#8211; Estratto di mirtilli<br \/>\n&#8211; Estratto di radice d&#8217;oro (rodiola rosea)<br \/>\n&#8211; Estratto di t\u00e8 verde<\/p>\n<p>&nbsp;<\/p>\n<h2><strong><span style=\"font-size: 16pt;\">Come usare<\/span><\/strong><\/h2>\n<p><strong>Assunzione consigliata:<\/strong> una fiala di Lr Elisir di Bellezza al giorno. Si prega di agitare prima dell\u2019uso.<\/p>\n<p>Non superare l\u2019assunzione giornaliera raccomandata. Gli integratori alimentari non sostituiscono una dieta varia ed equilibrata e uno stile di vita sano. Tenere fuori dalla portata dei bambini. Contiene caffeina Non raccomandato per bambini e donne incinte (contenuto di caffeina 0,8 mg per 25 ml).<\/p>\n<p>Istruzioni per la conservazione: proteggere dalla luce solare diretta. Conservare in un luogo asciutto a temperatura ambiente.<br \/>\nNessun raffreddamento necessario!<\/p>\n<p>* Il valore di riferimento per l\u2019assunzione giornaliera ai sensi del regolamento sulle informazioni alimentari<\/p>\n<p>&nbsp;<\/p>\n<p><span style=\"font-size: 14px;\"><sup>1<\/sup><\/span> Biotina, zinco, vitamina A, riboflavina e niacina in Lr Elisir di Bellezza aiutano a preservare la normalit\u00e0 della pelle. Il rame aiuta a mantenere la normale pigmentazione della pelle. La vitamina C supporta la regolare formazione del collagene per mantenere la <a href=\"https:\/\/www.lraloeverashop.eu\/it\/prodotto\/set-cura-della-pelle-zeitgard-pro\/\">naturale funzione della pelle<\/a>.<br \/>\n<span style=\"font-size: 14px;\"><sup>2<\/sup><\/span> Il rame aiuta a sostenere il tessuto connettivo.<br \/>\n<span style=\"font-size: 14px;\"><sup>3<\/sup><\/span> La biotina e lo zinco contribuiscono a mantenere i capelli sani. Il rame aiuta a sostenere la pigmentazione regolare dei capelli.<br \/>\n<span style=\"font-size: 14px;\"><sup>4<\/sup><\/span> Lo zinco mantiene la conservazione di unghie sane.<br \/>\n<span style=\"font-size: 14px;\"><sup>5<\/sup><\/span> La vitamina E aiuta a proteggere le cellule dallo stress ossidativo. La tiamina contribuisce al normale metabolismo energetico. La vitamina B6 e B12 aiutano a ridurre l&#8217;affaticamento e la spossatezza.<br \/>\n<span style=\"font-size: 14px;\"><sup>6<\/sup><\/span> Proksch et al., 2014, Skin Pharmacol Physiol; 27: 113-119. Riduzione significativa delle rughe e aumento della concentrazione di collagene nella pelle dopo 4 settimane di applicazione. Valutato in 100 donne di et\u00e0 compresa tra 45 e 65 anni.<br \/>\n<span style=\"font-size: 14px;\"><sup>7<\/sup><\/span> Proksch et al., 2014, Skin Pharmacol Physiol; 27:47-55. 15% di elasticit\u00e0 della pelle migliorata dopo 4 settimane di applicazione. Valutato in 69 donne di et\u00e0 compresa tra 35 e 55 anni.<br \/>\n<span style=\"font-size: 14px;\"><sup>8<\/sup><\/span>\u00a0Schunck et al., 2015, Journal of Medicinal Food; 18 (12) 1340-1348. Riduzione significativa della cellulite dopo soli 3 mesi e aumento evidente della densit\u00e0 della pelle dopo 6 mesi di applicazione. Valutato in 105 donne di et\u00e0 compresa tra 25 e 50 anni 9 Hexsel et al., 2017, Journal of Cosmetic Dermatology;<span style=\"font-size: 14px;\"><sup>1-7<\/sup><\/span>.<\/p>\n<p>Riduzione significativa della rottura delle unghie dopo 2 mesi di applicazione e aumento della crescita delle unghie dopo 3 mesi. Valutato in 25 donne di et\u00e0 compresa tra 18 e 50 anni.<\/p>\n<p>* Il valore di riferimento per l&#8217;assunzione giornaliera di Lr Elisir di Bellezza ai sensi del Regolamento sulle Informazioni Alimentari<\/p>\n<p>&nbsp;<\/p>\n","protected":false},"excerpt":{"rendered":"<ul>\n<li>Una completa innovazione!<\/li>\n<li>Doppio complesso di ingredienti in un unico elisir<\/li>\n<li>Realizza 5 desideri in una volta sola: aspetto giovane, pelle pulita, rassodata, capelli sensuali e unghie forti <span style=\"font-size: 14px;\"><sup>1-4<\/sup><\/span><\/li>\n<li>Azione attiva e preventiva<\/li>\n<li>Non contiene dolcificanti, coloranti artificiali, lattosio e glutine<\/li>\n<li>30 shots x 25 ml ciascuno<\/li>\n<\/ul>\n<p><span style=\"color: #ff0000;\"><a style=\"color: #ff0000;\" href=\"https:\/\/shop.lrworld.com\/openpao?PHP=0vFlt7jT938BEnBI3a6e9w%3D%3D\"><span style=\"font-size: 14pt;\"><strong>Registrati ora e risparmia il 35% su ogni ordine<\/strong><\/span><\/a><\/span><\/p>\n","protected":false},"featured_media":30445,"comment_status":"open","ping_status":"closed","template":"","meta":{"_kad_blocks_custom_css":"","_kad_blocks_head_custom_js":"","_kad_blocks_body_custom_js":"","_kad_blocks_footer_custom_js":"","_kadence_starter_templates_imported_post":false,"_kad_post_transparent":"default","_kad_post_title":"","_kad_post_layout":"default","_kad_post_sidebar_id":"","_kad_post_content_style":"default","_kad_post_vertical_padding":"default","_kad_post_feature":"","_kad_post_feature_position":"","_kad_post_header":false,"_kad_post_footer":false,"_kad_post_classname":""},"product_brand":[],"product_cat":[472,478,412,466],"product_tag":[],"class_list":{"0":"post-9327","1":"product","2":"type-product","3":"status-publish","4":"has-post-thumbnail","6":"product_cat-bellezza-da-dentro","7":"product_cat-colpo-di-bellezza","8":"product_cat-prodotti-speciali","9":"product_cat-nutrizionisti","11":"first","12":"instock","13":"taxable","14":"shipping-taxable","15":"purchasable","16":"product-type-simple","17":"entry","18":"content-bg","19":"loop-entry"},"yoast_head":"<!-- This site is optimized with the Yoast SEO Premium plugin v27.4 (Yoast SEO v27.4) - https:\/\/yoast.com\/product\/yoast-seo-premium-wordpress\/ -->\n<title>Lr Elisir di Bellezza - L&#039;unica cosa di cui una donna ha bisogno<\/title>\n<meta name=\"description\" content=\"Lr Elisir di Bellezza sostiene un aspetto giovanile con meno rughe, un corpo sodo con meno cellulite. Capelli lucenti e unghie forti e sane.\" \/>\n<meta name=\"robots\" content=\"index, follow, max-snippet:-1, max-image-preview:large, max-video-preview:-1\" \/>\n<link rel=\"canonical\" href=\"https:\/\/www.lraloeverashop.eu\/it\/prodotto\/lr-elisir-di-bellezza\/\" \/>\n<meta property=\"og:locale\" content=\"it_IT\" \/>\n<meta property=\"og:type\" content=\"article\" \/>\n<meta property=\"og:title\" content=\"Lr Elisir di Bellezza\" \/>\n<meta property=\"og:description\" content=\"Lr Elisir di Bellezza sostiene un aspetto giovanile con meno rughe, un corpo sodo con meno cellulite. Capelli lucenti e unghie forti e sane.\" \/>\n<meta property=\"og:url\" content=\"https:\/\/www.lraloeverashop.eu\/it\/prodotto\/lr-elisir-di-bellezza\/\" \/>\n<meta property=\"og:site_name\" content=\"Lr Negozio di Aloe Vera\" \/>\n<meta property=\"article:publisher\" content=\"https:\/\/www.facebook.com\/lraloeverashop.eu\" \/>\n<meta property=\"article:modified_time\" content=\"2026-04-18T18:36:41+00:00\" \/>\n<meta property=\"og:image\" content=\"https:\/\/www.lraloeverashop.eu\/wp-content\/uploads\/2026\/04\/Lr-Natural-Beauty-Elixir-Drink.jpeg\" \/>\n\t<meta property=\"og:image:width\" content=\"1200\" \/>\n\t<meta property=\"og:image:height\" content=\"1200\" \/>\n\t<meta property=\"og:image:type\" content=\"image\/jpeg\" \/>\n<meta name=\"twitter:card\" content=\"summary_large_image\" \/>\n<meta name=\"twitter:site\" content=\"@natur__kosmetik\" \/>\n<script type=\"application\/ld+json\" class=\"yoast-schema-graph\">{\"@context\":\"https:\\\/\\\/schema.org\",\"@graph\":[{\"@type\":[\"WebPage\",\"ItemPage\"],\"@id\":\"https:\\\/\\\/www.lraloeverashop.eu\\\/it\\\/prodotto\\\/lr-elisir-di-bellezza\\\/\",\"url\":\"https:\\\/\\\/www.lraloeverashop.eu\\\/it\\\/prodotto\\\/lr-elisir-di-bellezza\\\/\",\"name\":\"Lr Elisir di Bellezza - L'unica cosa di cui una donna ha bisogno\",\"isPartOf\":{\"@id\":\"https:\\\/\\\/www.lraloeverashop.eu\\\/it\\\/#website\"},\"primaryImageOfPage\":{\"@id\":\"https:\\\/\\\/www.lraloeverashop.eu\\\/it\\\/prodotto\\\/lr-elisir-di-bellezza\\\/#primaryimage\"},\"image\":{\"@id\":\"https:\\\/\\\/www.lraloeverashop.eu\\\/it\\\/prodotto\\\/lr-elisir-di-bellezza\\\/#primaryimage\"},\"thumbnailUrl\":\"https:\\\/\\\/www.lraloeverashop.eu\\\/wp-content\\\/uploads\\\/2026\\\/04\\\/Lr-Natural-Beauty-Elixir-Drink.jpeg\",\"datePublished\":\"2022-10-15T10:59:08+00:00\",\"dateModified\":\"2026-04-18T18:36:41+00:00\",\"description\":\"Lr Elisir di Bellezza sostiene un aspetto giovanile con meno rughe, un corpo sodo con meno cellulite. Capelli lucenti e unghie forti e sane.\",\"breadcrumb\":{\"@id\":\"https:\\\/\\\/www.lraloeverashop.eu\\\/it\\\/prodotto\\\/lr-elisir-di-bellezza\\\/#breadcrumb\"},\"inLanguage\":\"it-IT\",\"potentialAction\":[{\"@type\":\"ReadAction\",\"target\":[\"https:\\\/\\\/www.lraloeverashop.eu\\\/it\\\/prodotto\\\/lr-elisir-di-bellezza\\\/\"]}]},{\"@type\":\"ImageObject\",\"inLanguage\":\"it-IT\",\"@id\":\"https:\\\/\\\/www.lraloeverashop.eu\\\/it\\\/prodotto\\\/lr-elisir-di-bellezza\\\/#primaryimage\",\"url\":\"https:\\\/\\\/www.lraloeverashop.eu\\\/wp-content\\\/uploads\\\/2026\\\/04\\\/Lr-Natural-Beauty-Elixir-Drink.jpeg\",\"contentUrl\":\"https:\\\/\\\/www.lraloeverashop.eu\\\/wp-content\\\/uploads\\\/2026\\\/04\\\/Lr-Natural-Beauty-Elixir-Drink.jpeg\",\"width\":1200,\"height\":1200,\"caption\":\"Lr Elisir di bellezza naturale per un aspetto giovanile con meno rughe\"},{\"@type\":\"BreadcrumbList\",\"@id\":\"https:\\\/\\\/www.lraloeverashop.eu\\\/it\\\/prodotto\\\/lr-elisir-di-bellezza\\\/#breadcrumb\",\"itemListElement\":[{\"@type\":\"ListItem\",\"position\":1,\"name\":\"Home\",\"item\":\"https:\\\/\\\/www.lraloeverashop.eu\\\/it\\\/\"},{\"@type\":\"ListItem\",\"position\":2,\"name\":\"Negozio\",\"item\":\"https:\\\/\\\/www.lraloeverashop.eu\\\/it\\\/negozio\\\/\"},{\"@type\":\"ListItem\",\"position\":3,\"name\":\"Lr Elisir di Bellezza\"}]},{\"@type\":\"WebSite\",\"@id\":\"https:\\\/\\\/www.lraloeverashop.eu\\\/it\\\/#website\",\"url\":\"https:\\\/\\\/www.lraloeverashop.eu\\\/it\\\/\",\"name\":\"Lr Negozio di Aloe Vera\",\"description\":\"High Quality Lr Aloe Vera Gel, Aloe Vera Cream and Shampoo\",\"publisher\":{\"@id\":\"https:\\\/\\\/www.lraloeverashop.eu\\\/it\\\/#organization\"},\"potentialAction\":[{\"@type\":\"SearchAction\",\"target\":{\"@type\":\"EntryPoint\",\"urlTemplate\":\"https:\\\/\\\/www.lraloeverashop.eu\\\/it\\\/?s={search_term_string}\"},\"query-input\":{\"@type\":\"PropertyValueSpecification\",\"valueRequired\":true,\"valueName\":\"search_term_string\"}}],\"inLanguage\":\"it-IT\"},{\"@type\":\"Organization\",\"@id\":\"https:\\\/\\\/www.lraloeverashop.eu\\\/it\\\/#organization\",\"name\":\"Negozio di Lr Aloe Vera\",\"alternateName\":\"LR\",\"url\":\"https:\\\/\\\/www.lraloeverashop.eu\\\/it\\\/\",\"logo\":{\"@type\":\"ImageObject\",\"inLanguage\":\"it-IT\",\"@id\":\"https:\\\/\\\/www.lraloeverashop.eu\\\/it\\\/#\\\/schema\\\/logo\\\/image\\\/\",\"url\":\"https:\\\/\\\/www.lraloeverashop.eu\\\/wp-content\\\/uploads\\\/2022\\\/09\\\/cropped-Lr-Aloe-Vera-Shop.jpg\",\"contentUrl\":\"https:\\\/\\\/www.lraloeverashop.eu\\\/wp-content\\\/uploads\\\/2022\\\/09\\\/cropped-Lr-Aloe-Vera-Shop.jpg\",\"width\":228,\"height\":76,\"caption\":\"Negozio di Lr Aloe Vera\"},\"image\":{\"@id\":\"https:\\\/\\\/www.lraloeverashop.eu\\\/it\\\/#\\\/schema\\\/logo\\\/image\\\/\"},\"sameAs\":[\"https:\\\/\\\/www.facebook.com\\\/lraloeverashop.eu\",\"https:\\\/\\\/x.com\\\/natur__kosmetik\",\"https:\\\/\\\/www.youtube.com\\\/channel\\\/UC5oN7BJ8nfYb8RpVtjwDEBA\",\"https:\\\/\\\/www.instagram.com\\\/lrbeautyeu\\\/\"],\"description\":\"Negozio di Lr Aloe Vera \u00e8 il tuo punto di riferimento per i prodotti LR Health & Beauty di alta qualit\u00e0, realizzati in Germania. Offriamo soluzioni per la cura della pelle, l'alimentazione e l'anti-et\u00e0 a base di Aloe Vera, formulate con ingredienti puri e supportate da ricerche scientifiche. Scopri una cura naturale che rigenera, protegge e rivitalizza la tua pelle e approfitta delle esclusive offerte mensili sui nostri prodotti LR Aloe Vera pi\u00f9 venduti.\\nInizia oggi il tuo percorso di cura della pelle naturale e senti la differenza.\",\"email\":\"info@lraloeverashop.eu\",\"telephone\":\"+49 17670609653\",\"legalName\":\"Lr Aloe Vera Shop\",\"foundingDate\":\"2018-04-21\",\"numberOfEmployees\":{\"@type\":\"QuantitativeValue\",\"minValue\":\"1\",\"maxValue\":\"10\"}}]}<\/script>\n<meta property=\"product:price:amount\" content=\"172.99\" \/>\n<meta property=\"product:price:currency\" content=\"EUR\" \/>\n<meta property=\"og:availability\" content=\"instock\" \/>\n<meta property=\"product:availability\" content=\"instock\" \/>\n<meta property=\"product:retailer_item_id\" content=\"81140-1IT\" \/>\n<meta property=\"product:condition\" content=\"new\" \/>\n<!-- \/ Yoast SEO Premium plugin. -->","yoast_head_json":{"title":"Lr Elisir di Bellezza - L'unica cosa di cui una donna ha bisogno","description":"Lr Elisir di Bellezza sostiene un aspetto giovanile con meno rughe, un corpo sodo con meno cellulite. Capelli lucenti e unghie forti e sane.","robots":{"index":"index","follow":"follow","max-snippet":"max-snippet:-1","max-image-preview":"max-image-preview:large","max-video-preview":"max-video-preview:-1"},"canonical":"https:\/\/www.lraloeverashop.eu\/it\/prodotto\/lr-elisir-di-bellezza\/","og_locale":"it_IT","og_type":"article","og_title":"Lr Elisir di Bellezza","og_description":"Lr Elisir di Bellezza sostiene un aspetto giovanile con meno rughe, un corpo sodo con meno cellulite. Capelli lucenti e unghie forti e sane.","og_url":"https:\/\/www.lraloeverashop.eu\/it\/prodotto\/lr-elisir-di-bellezza\/","og_site_name":"Lr Negozio di Aloe Vera","article_publisher":"https:\/\/www.facebook.com\/lraloeverashop.eu","article_modified_time":"2026-04-18T18:36:41+00:00","og_image":[{"width":1200,"height":1200,"url":"https:\/\/www.lraloeverashop.eu\/wp-content\/uploads\/2026\/04\/Lr-Natural-Beauty-Elixir-Drink.jpeg","type":"image\/jpeg"}],"twitter_card":"summary_large_image","twitter_site":"@natur__kosmetik","schema":{"@context":"https:\/\/schema.org","@graph":[{"@type":["WebPage","ItemPage"],"@id":"https:\/\/www.lraloeverashop.eu\/it\/prodotto\/lr-elisir-di-bellezza\/","url":"https:\/\/www.lraloeverashop.eu\/it\/prodotto\/lr-elisir-di-bellezza\/","name":"Lr Elisir di Bellezza - L'unica cosa di cui una donna ha bisogno","isPartOf":{"@id":"https:\/\/www.lraloeverashop.eu\/it\/#website"},"primaryImageOfPage":{"@id":"https:\/\/www.lraloeverashop.eu\/it\/prodotto\/lr-elisir-di-bellezza\/#primaryimage"},"image":{"@id":"https:\/\/www.lraloeverashop.eu\/it\/prodotto\/lr-elisir-di-bellezza\/#primaryimage"},"thumbnailUrl":"https:\/\/www.lraloeverashop.eu\/wp-content\/uploads\/2026\/04\/Lr-Natural-Beauty-Elixir-Drink.jpeg","datePublished":"2022-10-15T10:59:08+00:00","dateModified":"2026-04-18T18:36:41+00:00","description":"Lr Elisir di Bellezza sostiene un aspetto giovanile con meno rughe, un corpo sodo con meno cellulite. Capelli lucenti e unghie forti e sane.","breadcrumb":{"@id":"https:\/\/www.lraloeverashop.eu\/it\/prodotto\/lr-elisir-di-bellezza\/#breadcrumb"},"inLanguage":"it-IT","potentialAction":[{"@type":"ReadAction","target":["https:\/\/www.lraloeverashop.eu\/it\/prodotto\/lr-elisir-di-bellezza\/"]}]},{"@type":"ImageObject","inLanguage":"it-IT","@id":"https:\/\/www.lraloeverashop.eu\/it\/prodotto\/lr-elisir-di-bellezza\/#primaryimage","url":"https:\/\/www.lraloeverashop.eu\/wp-content\/uploads\/2026\/04\/Lr-Natural-Beauty-Elixir-Drink.jpeg","contentUrl":"https:\/\/www.lraloeverashop.eu\/wp-content\/uploads\/2026\/04\/Lr-Natural-Beauty-Elixir-Drink.jpeg","width":1200,"height":1200,"caption":"Lr Elisir di bellezza naturale per un aspetto giovanile con meno rughe"},{"@type":"BreadcrumbList","@id":"https:\/\/www.lraloeverashop.eu\/it\/prodotto\/lr-elisir-di-bellezza\/#breadcrumb","itemListElement":[{"@type":"ListItem","position":1,"name":"Home","item":"https:\/\/www.lraloeverashop.eu\/it\/"},{"@type":"ListItem","position":2,"name":"Negozio","item":"https:\/\/www.lraloeverashop.eu\/it\/negozio\/"},{"@type":"ListItem","position":3,"name":"Lr Elisir di Bellezza"}]},{"@type":"WebSite","@id":"https:\/\/www.lraloeverashop.eu\/it\/#website","url":"https:\/\/www.lraloeverashop.eu\/it\/","name":"Lr Negozio di Aloe Vera","description":"High Quality Lr Aloe Vera Gel, Aloe Vera Cream and Shampoo","publisher":{"@id":"https:\/\/www.lraloeverashop.eu\/it\/#organization"},"potentialAction":[{"@type":"SearchAction","target":{"@type":"EntryPoint","urlTemplate":"https:\/\/www.lraloeverashop.eu\/it\/?s={search_term_string}"},"query-input":{"@type":"PropertyValueSpecification","valueRequired":true,"valueName":"search_term_string"}}],"inLanguage":"it-IT"},{"@type":"Organization","@id":"https:\/\/www.lraloeverashop.eu\/it\/#organization","name":"Negozio di Lr Aloe Vera","alternateName":"LR","url":"https:\/\/www.lraloeverashop.eu\/it\/","logo":{"@type":"ImageObject","inLanguage":"it-IT","@id":"https:\/\/www.lraloeverashop.eu\/it\/#\/schema\/logo\/image\/","url":"https:\/\/www.lraloeverashop.eu\/wp-content\/uploads\/2022\/09\/cropped-Lr-Aloe-Vera-Shop.jpg","contentUrl":"https:\/\/www.lraloeverashop.eu\/wp-content\/uploads\/2022\/09\/cropped-Lr-Aloe-Vera-Shop.jpg","width":228,"height":76,"caption":"Negozio di Lr Aloe Vera"},"image":{"@id":"https:\/\/www.lraloeverashop.eu\/it\/#\/schema\/logo\/image\/"},"sameAs":["https:\/\/www.facebook.com\/lraloeverashop.eu","https:\/\/x.com\/natur__kosmetik","https:\/\/www.youtube.com\/channel\/UC5oN7BJ8nfYb8RpVtjwDEBA","https:\/\/www.instagram.com\/lrbeautyeu\/"],"description":"Negozio di Lr Aloe Vera \u00e8 il tuo punto di riferimento per i prodotti LR Health & Beauty di alta qualit\u00e0, realizzati in Germania. Offriamo soluzioni per la cura della pelle, l'alimentazione e l'anti-et\u00e0 a base di Aloe Vera, formulate con ingredienti puri e supportate da ricerche scientifiche. Scopri una cura naturale che rigenera, protegge e rivitalizza la tua pelle e approfitta delle esclusive offerte mensili sui nostri prodotti LR Aloe Vera pi\u00f9 venduti.\nInizia oggi il tuo percorso di cura della pelle naturale e senti la differenza.","email":"info@lraloeverashop.eu","telephone":"+49 17670609653","legalName":"Lr Aloe Vera Shop","foundingDate":"2018-04-21","numberOfEmployees":{"@type":"QuantitativeValue","minValue":"1","maxValue":"10"}}]},"product_price_amount":"172.99","product_price_currency":"EUR","og_availability":"instock","product_availability":"instock","product_retailer_item_id":"81140-1IT","product_condition":"new"},"taxonomy_info":{"product_cat":[{"value":472,"label":"Bellezza da dentro"},{"value":478,"label":"Colpo Di Bellezza"},{"value":412,"label":"Prodotti Speciali"},{"value":466,"label":"Specialisti"}]},"featured_image_src_large":["https:\/\/www.lraloeverashop.eu\/wp-content\/uploads\/2026\/04\/Lr-Natural-Beauty-Elixir-Drink-1024x1024.jpeg",1024,1024,true],"author_info":[],"comment_info":0,"_links":{"self":[{"href":"https:\/\/www.lraloeverashop.eu\/it\/wp-json\/wp\/v2\/product\/9327","targetHints":{"allow":["GET"]}}],"collection":[{"href":"https:\/\/www.lraloeverashop.eu\/it\/wp-json\/wp\/v2\/product"}],"about":[{"href":"https:\/\/www.lraloeverashop.eu\/it\/wp-json\/wp\/v2\/types\/product"}],"replies":[{"embeddable":true,"href":"https:\/\/www.lraloeverashop.eu\/it\/wp-json\/wp\/v2\/comments?post=9327"}],"wp:featuredmedia":[{"embeddable":true,"href":"https:\/\/www.lraloeverashop.eu\/it\/wp-json\/wp\/v2\/media\/30445"}],"wp:attachment":[{"href":"https:\/\/www.lraloeverashop.eu\/it\/wp-json\/wp\/v2\/media?parent=9327"}],"wp:term":[{"taxonomy":"product_brand","embeddable":true,"href":"https:\/\/www.lraloeverashop.eu\/it\/wp-json\/wp\/v2\/product_brand?post=9327"},{"taxonomy":"product_cat","embeddable":true,"href":"https:\/\/www.lraloeverashop.eu\/it\/wp-json\/wp\/v2\/product_cat?post=9327"},{"taxonomy":"product_tag","embeddable":true,"href":"https:\/\/www.lraloeverashop.eu\/it\/wp-json\/wp\/v2\/product_tag?post=9327"}],"curies":[{"name":"wp","href":"https:\/\/api.w.org\/{rel}","templated":true}]}}