{"id":9298,"date":"2022-10-15T13:49:48","date_gmt":"2022-10-15T11:49:48","guid":{"rendered":"https:\/\/www.lraloeverashop.eu\/product\/beauty-shot-per-uomini\/"},"modified":"2026-04-18T20:45:37","modified_gmt":"2026-04-18T18:45:37","slug":"beauty-shot-per-uomini","status":"publish","type":"product","link":"https:\/\/www.lraloeverashop.eu\/it\/prodotto\/beauty-shot-per-uomini\/","title":{"rendered":"Beauty Shot per Uomini"},"content":{"rendered":"<h2><strong><span style=\"font-size: 16pt;\">Beauty Shot Per Uomini <\/span><\/strong><\/h2>\n<p><span style=\"font-size: 14pt;\"><strong>Beauty Shot Per Uomini &#8211; Tutto in uno ci\u00f2 di cui il tuo corpo ha bisogno<\/strong><\/span><\/p>\n<p>Beauty Shot Per Uomini da <a href=\"https:\/\/shop.lrworld.com\/home\/IT\/it?PHP=0vFlt7jT938BEnBI3a6e9w%3D%3D\"><strong>Lr Health &amp; Beauty<\/strong><\/a> contiene la forza concentrata di ingredienti attivi selezionati dalla natura e dal mondo della scienza, specificamente adattati alle esigenze degli uomini.<\/p>\n<p>Il complesso attivo attiva i cinque processi di costruzione della pura mascolinit\u00e0 all&#8217;interno del corpo:<br \/>\nun mix innovativo di potenti ingredienti ti fornisce elementi essenziali come il collagene e la L-arginina.<\/p>\n<p>Con cinque efficaci booster minerali &#8211; zinco, rame, magnesio, manganese e selenio &#8211; e 10 vitamine concentrate per:<\/p>\n<p><strong>1. ENERGIA PURA:<\/strong> Aumenta la tua energia e supporta il tuo metabolismo energetico per pi\u00f9 potenza durante il giorno.<sup>1,2<\/sup><\/p>\n<p><strong>2. PELLE SANA:<\/strong> rinforza la struttura della pelle e <a href=\"https:\/\/www.lraloeverashop.eu\/it\/prodotto\/crema-antieta-platinum\/\">previene le rughe<\/a> con preziose sostanze nutritive come biotina, zinco e rame.<sup>3<\/sup><\/p>\n<p><strong>3. CAPELLI FORTI:<\/strong> Gli efficaci principi attivi vanno direttamente alla radice dei capelli dall&#8217;interno e gli forniscono i nutrienti di cui ha bisogno. La struttura del <a href=\"https:\/\/www.lraloeverashop.eu\/it\/?attachment_id=30075\">capello<\/a> appare nutrita per maggiore lucentezza e spessore.<sup>4<\/sup><\/p>\n<p><strong>4. MUSCOLI ATTRAENTI:<\/strong> Promuove la formazione di proteine \u200b\u200be la crescita muscolare.<sup>1,5<\/sup><\/p>\n<p><strong>5. FORTE POTENZA:<\/strong> Incoraggia la formazione naturale di testosterone e influenza positivamente la mascolinit\u00e0.<sup>6<\/sup><\/p>\n<p>&nbsp;<\/p>\n<p>Il doppio complesso altamente efficace di Lr Lifetakt Beauty Shot Per Uomini include tutto ci\u00f2 di cui un uomo ha bisogno: ingredienti potenti basati su scienza e natura.<\/p>\n<p>&nbsp;<\/p>\n<h3><strong><span style=\"font-size: 16pt;\">COMPLEX Active in 5in1 Beauty Shot Per Uomini<\/span><\/strong><\/h3>\n<p>Attiva cinque importanti processi del <a href=\"https:\/\/www.lraloeverashop.eu\/it\/prodotto\/beauty-shot-per-uomo-set\/\">corpo maschile<\/a> grazie alla tua innovativa combinazione di ingredienti:<\/p>\n<p>\u2022 Collagene e L-arginina<br \/>\n\u2022 5 minerali efficaci come zinco, rame, magnesio, manganese e selenio<br \/>\n\u2022 10 vitamine in alta concentrazione<\/p>\n<p>&nbsp;<\/p>\n<h3><span style=\"font-size: 16pt;\">COMPLEX Preventivo<\/span><\/h3>\n<p>Protezione e prevenzione grazie a una combinazione altamente efficace di ingredienti naturali:<\/p>\n<p>\u2022 Estratto di pepe nero<br \/>\n\u2022 Caffeina dal t\u00e8 verde<br \/>\n\u2022 Ribes nero<br \/>\n\u2022 Arancia rossa<\/p>\n<p>&nbsp;<\/p>\n<p>LR ha sviluppato un altro fantastico prodotto per uomo: LR LIFETAKT 5in1 Beauty Shot Per Uomini. Il metabolismo del corpo maschile ha le sue qualit\u00e0 distintive.<\/p>\n<p>Ecco perch\u00e9 5in1 Beauty Shot Per Uomo combina ingredienti della scienza e della natura, mirati alle esigenze degli uomini. Una soluzione pratica e semplice che pu\u00f2 essere facilmente e permanentemente integrata nella vita di tutti i giorni.<\/p>\n<p>1. La tiamina, la vitamina B6, la vitamina B12 e il magnesio contribuiscono al normale metabolismo energetico.<\/p>\n<p>2. La vitamina B6, la vitamina B12 e il magnesio aiutano a <a href=\"https:\/\/www.lraloeverashop.eu\/it\/mind-master-extreme-polvere-performante-per-piu-energia\/\">ridurre la stanchezza e l&#8217;affaticamento<\/a>.<\/p>\n<p>3. Riboflavina, vitamina A, niacina, biotina e zinco aiutano a mantenere la pelle normale. La vitamina C contribuisce alla normale formazione del collagene per la normale funzione della pelle.<\/p>\n<p>4. La biotina e lo zinco aiutano a mantenere i <a href=\"https:\/\/www.lraloeverashop.eu\/it\/cura-capelli-nutri-repair-il-miglior-trattamento-per-capelli-danneggiati\/\">capelli normali<\/a>. La vitamina E, la vitamina C, il selenio e lo zinco aiutano a proteggere le cellule dallo <a href=\"https:\/\/www.lraloeverashop.eu\/it\/prodotto\/aloe-vera-crema-anti-stress\/\">stress ossidativo<\/a>. Il rame aiuta a mantenere la normale pigmentazione dei capelli.<\/p>\n<p>5. Il magnesio aiuta a mantenere i muscoli normali. La vitamina D aiuta a mantenere la normale funzione muscolare. Lo zinco contribuisce alla normale sintesi proteica.<\/p>\n<p>6. Lo zinco aiuta a mantenere i normali livelli di testosterone nel sangue. Il selenio contribuisce alla normale formazione degli spermatozoi. Lo zinco contribuisce alla normale fertilit\u00e0 e alla normale riproduzione.<\/p>\n<p>&nbsp;<\/p>\n<h4><strong><span style=\"font-size: 16pt;\">Come usare<\/span><\/strong><\/h4>\n<p>Una fiala di Beauty Shot Per Uomini al giorno. Si prega di agitare prima dell&#8217;uso. Non superare la dose giornaliera raccomandata. Gli integratori alimentari non sostituiscono una dieta variata ed equilibrata e uno stile di vita sano. Tenere il prodotto fuori dalla portata dei bambini piccoli. Contiene caffeina. Non raccomandato per bambini e donne in gravidanza (contenuto di caffeina 7,5 mg per 25 ml).<\/p>\n<p><strong>Raccomandazione per la conservazione:<\/strong> proteggere dalla luce solare diretta. Conservare in un luogo asciutto a temperatura ambiente.<\/p>\n<p>&nbsp;<\/p>\n","protected":false},"excerpt":{"rendered":"<ul>\n<li>La nuova soluzione 5in1 con doppio complesso<\/li>\n<li>Copre 5 esigenze di base: pi\u00f9 energia, pelle sana, capelli folti, muscoli attraenti e forte potenza<\/li>\n<li>Attiva e fornisce una protezione preventiva<\/li>\n<li>Senza zucchero, coloranti artificiali, lattosio e glutine<\/li>\n<li>Contiene 30 colpi x 25 ml ciascuno<\/li>\n<\/ul>\n<p><span style=\"color: #ff0000;\"><a style=\"color: #ff0000;\" href=\"https:\/\/shop.lrworld.com\/openpao?PHP=0vFlt7jT938BEnBI3a6e9w%3D%3D\"><span style=\"font-size: 14pt;\"><strong>Registrati ora e risparmia il 35% su ogni ordine<\/strong><\/span><\/a><\/span><\/p>\n","protected":false},"featured_media":30431,"comment_status":"open","ping_status":"closed","template":"","meta":{"_kad_blocks_custom_css":"","_kad_blocks_head_custom_js":"","_kad_blocks_body_custom_js":"","_kad_blocks_footer_custom_js":"","_kadence_starter_templates_imported_post":false,"_kad_post_transparent":"default","_kad_post_title":"","_kad_post_layout":"default","_kad_post_sidebar_id":"","_kad_post_content_style":"default","_kad_post_vertical_padding":"default","_kad_post_feature":"","_kad_post_feature_position":"","_kad_post_header":false,"_kad_post_footer":false,"_kad_post_classname":""},"product_brand":[],"product_cat":[472,478,412,466],"product_tag":[],"class_list":{"0":"post-9298","1":"product","2":"type-product","3":"status-publish","4":"has-post-thumbnail","6":"product_cat-bellezza-da-dentro","7":"product_cat-colpo-di-bellezza","8":"product_cat-prodotti-speciali","9":"product_cat-nutrizionisti","11":"first","12":"instock","13":"taxable","14":"shipping-taxable","15":"purchasable","16":"product-type-simple","17":"entry","18":"content-bg","19":"loop-entry"},"yoast_head":"<!-- This site is optimized with the Yoast SEO Premium plugin v27.4 (Yoast SEO v27.4) - https:\/\/yoast.com\/product\/yoast-seo-premium-wordpress\/ -->\n<title>Beauty Shot Per Uomini - Tutto ci\u00f2 di cui il tuo corpo ha bisogno<\/title>\n<meta name=\"description\" content=\"Beauty Shot Per Uomini 5in1 con doppio complesso. Copre 5 esigenze di base - pi\u00f9 energia, pelle sana, capelli folti, muscoli attraenti e forte potenza.\" \/>\n<meta name=\"robots\" content=\"index, follow, max-snippet:-1, max-image-preview:large, max-video-preview:-1\" \/>\n<link rel=\"canonical\" href=\"https:\/\/www.lraloeverashop.eu\/it\/prodotto\/beauty-shot-per-uomini\/\" \/>\n<meta property=\"og:locale\" content=\"it_IT\" \/>\n<meta property=\"og:type\" content=\"article\" \/>\n<meta property=\"og:title\" content=\"Beauty Shot per Uomini\" \/>\n<meta property=\"og:description\" content=\"Beauty Shot Per Uomini 5in1 con doppio complesso. Copre 5 esigenze di base - pi\u00f9 energia, pelle sana, capelli folti, muscoli attraenti e forte potenza.\" \/>\n<meta property=\"og:url\" content=\"https:\/\/www.lraloeverashop.eu\/it\/prodotto\/beauty-shot-per-uomini\/\" \/>\n<meta property=\"og:site_name\" content=\"Lr Negozio di Aloe Vera\" \/>\n<meta property=\"article:publisher\" content=\"https:\/\/www.facebook.com\/lraloeverashop.eu\" \/>\n<meta property=\"article:modified_time\" content=\"2026-04-18T18:45:37+00:00\" \/>\n<meta property=\"og:image\" content=\"https:\/\/www.lraloeverashop.eu\/wp-content\/uploads\/2026\/04\/Lr-5in1-Mens-Shot-with-collagen.jpeg\" \/>\n\t<meta property=\"og:image:width\" content=\"1200\" \/>\n\t<meta property=\"og:image:height\" content=\"1200\" \/>\n\t<meta property=\"og:image:type\" content=\"image\/jpeg\" \/>\n<meta name=\"twitter:card\" content=\"summary_large_image\" \/>\n<meta name=\"twitter:site\" content=\"@natur__kosmetik\" \/>\n<script type=\"application\/ld+json\" class=\"yoast-schema-graph\">{\"@context\":\"https:\\\/\\\/schema.org\",\"@graph\":[{\"@type\":[\"WebPage\",\"ItemPage\"],\"@id\":\"https:\\\/\\\/www.lraloeverashop.eu\\\/it\\\/prodotto\\\/beauty-shot-per-uomini\\\/\",\"url\":\"https:\\\/\\\/www.lraloeverashop.eu\\\/it\\\/prodotto\\\/beauty-shot-per-uomini\\\/\",\"name\":\"Beauty Shot Per Uomini - Tutto ci\u00f2 di cui il tuo corpo ha bisogno\",\"isPartOf\":{\"@id\":\"https:\\\/\\\/www.lraloeverashop.eu\\\/it\\\/#website\"},\"primaryImageOfPage\":{\"@id\":\"https:\\\/\\\/www.lraloeverashop.eu\\\/it\\\/prodotto\\\/beauty-shot-per-uomini\\\/#primaryimage\"},\"image\":{\"@id\":\"https:\\\/\\\/www.lraloeverashop.eu\\\/it\\\/prodotto\\\/beauty-shot-per-uomini\\\/#primaryimage\"},\"thumbnailUrl\":\"https:\\\/\\\/www.lraloeverashop.eu\\\/wp-content\\\/uploads\\\/2026\\\/04\\\/Lr-5in1-Mens-Shot-with-collagen.jpeg\",\"datePublished\":\"2022-10-15T11:49:48+00:00\",\"dateModified\":\"2026-04-18T18:45:37+00:00\",\"description\":\"Beauty Shot Per Uomini 5in1 con doppio complesso. Copre 5 esigenze di base - pi\u00f9 energia, pelle sana, capelli folti, muscoli attraenti e forte potenza.\",\"breadcrumb\":{\"@id\":\"https:\\\/\\\/www.lraloeverashop.eu\\\/it\\\/prodotto\\\/beauty-shot-per-uomini\\\/#breadcrumb\"},\"inLanguage\":\"it-IT\",\"potentialAction\":[{\"@type\":\"ReadAction\",\"target\":[\"https:\\\/\\\/www.lraloeverashop.eu\\\/it\\\/prodotto\\\/beauty-shot-per-uomini\\\/\"]}]},{\"@type\":\"ImageObject\",\"inLanguage\":\"it-IT\",\"@id\":\"https:\\\/\\\/www.lraloeverashop.eu\\\/it\\\/prodotto\\\/beauty-shot-per-uomini\\\/#primaryimage\",\"url\":\"https:\\\/\\\/www.lraloeverashop.eu\\\/wp-content\\\/uploads\\\/2026\\\/04\\\/Lr-5in1-Mens-Shot-with-collagen.jpeg\",\"contentUrl\":\"https:\\\/\\\/www.lraloeverashop.eu\\\/wp-content\\\/uploads\\\/2026\\\/04\\\/Lr-5in1-Mens-Shot-with-collagen.jpeg\",\"width\":1200,\"height\":1200,\"caption\":\"5in1 Men's Shot con collagene\"},{\"@type\":\"BreadcrumbList\",\"@id\":\"https:\\\/\\\/www.lraloeverashop.eu\\\/it\\\/prodotto\\\/beauty-shot-per-uomini\\\/#breadcrumb\",\"itemListElement\":[{\"@type\":\"ListItem\",\"position\":1,\"name\":\"Home\",\"item\":\"https:\\\/\\\/www.lraloeverashop.eu\\\/it\\\/\"},{\"@type\":\"ListItem\",\"position\":2,\"name\":\"Negozio\",\"item\":\"https:\\\/\\\/www.lraloeverashop.eu\\\/it\\\/negozio\\\/\"},{\"@type\":\"ListItem\",\"position\":3,\"name\":\"Beauty Shot per Uomini\"}]},{\"@type\":\"WebSite\",\"@id\":\"https:\\\/\\\/www.lraloeverashop.eu\\\/it\\\/#website\",\"url\":\"https:\\\/\\\/www.lraloeverashop.eu\\\/it\\\/\",\"name\":\"Lr Negozio di Aloe Vera\",\"description\":\"High Quality Lr Aloe Vera Gel, Aloe Vera Cream and Shampoo\",\"publisher\":{\"@id\":\"https:\\\/\\\/www.lraloeverashop.eu\\\/it\\\/#organization\"},\"potentialAction\":[{\"@type\":\"SearchAction\",\"target\":{\"@type\":\"EntryPoint\",\"urlTemplate\":\"https:\\\/\\\/www.lraloeverashop.eu\\\/it\\\/?s={search_term_string}\"},\"query-input\":{\"@type\":\"PropertyValueSpecification\",\"valueRequired\":true,\"valueName\":\"search_term_string\"}}],\"inLanguage\":\"it-IT\"},{\"@type\":\"Organization\",\"@id\":\"https:\\\/\\\/www.lraloeverashop.eu\\\/it\\\/#organization\",\"name\":\"Negozio di Lr Aloe Vera\",\"alternateName\":\"LR\",\"url\":\"https:\\\/\\\/www.lraloeverashop.eu\\\/it\\\/\",\"logo\":{\"@type\":\"ImageObject\",\"inLanguage\":\"it-IT\",\"@id\":\"https:\\\/\\\/www.lraloeverashop.eu\\\/it\\\/#\\\/schema\\\/logo\\\/image\\\/\",\"url\":\"https:\\\/\\\/www.lraloeverashop.eu\\\/wp-content\\\/uploads\\\/2022\\\/09\\\/cropped-Lr-Aloe-Vera-Shop.jpg\",\"contentUrl\":\"https:\\\/\\\/www.lraloeverashop.eu\\\/wp-content\\\/uploads\\\/2022\\\/09\\\/cropped-Lr-Aloe-Vera-Shop.jpg\",\"width\":228,\"height\":76,\"caption\":\"Negozio di Lr Aloe Vera\"},\"image\":{\"@id\":\"https:\\\/\\\/www.lraloeverashop.eu\\\/it\\\/#\\\/schema\\\/logo\\\/image\\\/\"},\"sameAs\":[\"https:\\\/\\\/www.facebook.com\\\/lraloeverashop.eu\",\"https:\\\/\\\/x.com\\\/natur__kosmetik\",\"https:\\\/\\\/www.youtube.com\\\/channel\\\/UC5oN7BJ8nfYb8RpVtjwDEBA\",\"https:\\\/\\\/www.instagram.com\\\/lrbeautyeu\\\/\"],\"description\":\"Negozio di Lr Aloe Vera \u00e8 il tuo punto di riferimento per i prodotti LR Health & Beauty di alta qualit\u00e0, realizzati in Germania. Offriamo soluzioni per la cura della pelle, l'alimentazione e l'anti-et\u00e0 a base di Aloe Vera, formulate con ingredienti puri e supportate da ricerche scientifiche. Scopri una cura naturale che rigenera, protegge e rivitalizza la tua pelle e approfitta delle esclusive offerte mensili sui nostri prodotti LR Aloe Vera pi\u00f9 venduti.\\nInizia oggi il tuo percorso di cura della pelle naturale e senti la differenza.\",\"email\":\"info@lraloeverashop.eu\",\"telephone\":\"+49 17670609653\",\"legalName\":\"Lr Aloe Vera Shop\",\"foundingDate\":\"2018-04-21\",\"numberOfEmployees\":{\"@type\":\"QuantitativeValue\",\"minValue\":\"1\",\"maxValue\":\"10\"}}]}<\/script>\n<meta property=\"product:price:amount\" content=\"172.99\" \/>\n<meta property=\"product:price:currency\" content=\"EUR\" \/>\n<meta property=\"og:availability\" content=\"instock\" \/>\n<meta property=\"product:availability\" content=\"instock\" \/>\n<meta property=\"product:retailer_item_id\" content=\"81170-1IT\" \/>\n<meta property=\"product:condition\" content=\"new\" \/>\n<!-- \/ Yoast SEO Premium plugin. -->","yoast_head_json":{"title":"Beauty Shot Per Uomini - Tutto ci\u00f2 di cui il tuo corpo ha bisogno","description":"Beauty Shot Per Uomini 5in1 con doppio complesso. Copre 5 esigenze di base - pi\u00f9 energia, pelle sana, capelli folti, muscoli attraenti e forte potenza.","robots":{"index":"index","follow":"follow","max-snippet":"max-snippet:-1","max-image-preview":"max-image-preview:large","max-video-preview":"max-video-preview:-1"},"canonical":"https:\/\/www.lraloeverashop.eu\/it\/prodotto\/beauty-shot-per-uomini\/","og_locale":"it_IT","og_type":"article","og_title":"Beauty Shot per Uomini","og_description":"Beauty Shot Per Uomini 5in1 con doppio complesso. Copre 5 esigenze di base - pi\u00f9 energia, pelle sana, capelli folti, muscoli attraenti e forte potenza.","og_url":"https:\/\/www.lraloeverashop.eu\/it\/prodotto\/beauty-shot-per-uomini\/","og_site_name":"Lr Negozio di Aloe Vera","article_publisher":"https:\/\/www.facebook.com\/lraloeverashop.eu","article_modified_time":"2026-04-18T18:45:37+00:00","og_image":[{"width":1200,"height":1200,"url":"https:\/\/www.lraloeverashop.eu\/wp-content\/uploads\/2026\/04\/Lr-5in1-Mens-Shot-with-collagen.jpeg","type":"image\/jpeg"}],"twitter_card":"summary_large_image","twitter_site":"@natur__kosmetik","schema":{"@context":"https:\/\/schema.org","@graph":[{"@type":["WebPage","ItemPage"],"@id":"https:\/\/www.lraloeverashop.eu\/it\/prodotto\/beauty-shot-per-uomini\/","url":"https:\/\/www.lraloeverashop.eu\/it\/prodotto\/beauty-shot-per-uomini\/","name":"Beauty Shot Per Uomini - Tutto ci\u00f2 di cui il tuo corpo ha bisogno","isPartOf":{"@id":"https:\/\/www.lraloeverashop.eu\/it\/#website"},"primaryImageOfPage":{"@id":"https:\/\/www.lraloeverashop.eu\/it\/prodotto\/beauty-shot-per-uomini\/#primaryimage"},"image":{"@id":"https:\/\/www.lraloeverashop.eu\/it\/prodotto\/beauty-shot-per-uomini\/#primaryimage"},"thumbnailUrl":"https:\/\/www.lraloeverashop.eu\/wp-content\/uploads\/2026\/04\/Lr-5in1-Mens-Shot-with-collagen.jpeg","datePublished":"2022-10-15T11:49:48+00:00","dateModified":"2026-04-18T18:45:37+00:00","description":"Beauty Shot Per Uomini 5in1 con doppio complesso. Copre 5 esigenze di base - pi\u00f9 energia, pelle sana, capelli folti, muscoli attraenti e forte potenza.","breadcrumb":{"@id":"https:\/\/www.lraloeverashop.eu\/it\/prodotto\/beauty-shot-per-uomini\/#breadcrumb"},"inLanguage":"it-IT","potentialAction":[{"@type":"ReadAction","target":["https:\/\/www.lraloeverashop.eu\/it\/prodotto\/beauty-shot-per-uomini\/"]}]},{"@type":"ImageObject","inLanguage":"it-IT","@id":"https:\/\/www.lraloeverashop.eu\/it\/prodotto\/beauty-shot-per-uomini\/#primaryimage","url":"https:\/\/www.lraloeverashop.eu\/wp-content\/uploads\/2026\/04\/Lr-5in1-Mens-Shot-with-collagen.jpeg","contentUrl":"https:\/\/www.lraloeverashop.eu\/wp-content\/uploads\/2026\/04\/Lr-5in1-Mens-Shot-with-collagen.jpeg","width":1200,"height":1200,"caption":"5in1 Men's Shot con collagene"},{"@type":"BreadcrumbList","@id":"https:\/\/www.lraloeverashop.eu\/it\/prodotto\/beauty-shot-per-uomini\/#breadcrumb","itemListElement":[{"@type":"ListItem","position":1,"name":"Home","item":"https:\/\/www.lraloeverashop.eu\/it\/"},{"@type":"ListItem","position":2,"name":"Negozio","item":"https:\/\/www.lraloeverashop.eu\/it\/negozio\/"},{"@type":"ListItem","position":3,"name":"Beauty Shot per Uomini"}]},{"@type":"WebSite","@id":"https:\/\/www.lraloeverashop.eu\/it\/#website","url":"https:\/\/www.lraloeverashop.eu\/it\/","name":"Lr Negozio di Aloe Vera","description":"High Quality Lr Aloe Vera Gel, Aloe Vera Cream and Shampoo","publisher":{"@id":"https:\/\/www.lraloeverashop.eu\/it\/#organization"},"potentialAction":[{"@type":"SearchAction","target":{"@type":"EntryPoint","urlTemplate":"https:\/\/www.lraloeverashop.eu\/it\/?s={search_term_string}"},"query-input":{"@type":"PropertyValueSpecification","valueRequired":true,"valueName":"search_term_string"}}],"inLanguage":"it-IT"},{"@type":"Organization","@id":"https:\/\/www.lraloeverashop.eu\/it\/#organization","name":"Negozio di Lr Aloe Vera","alternateName":"LR","url":"https:\/\/www.lraloeverashop.eu\/it\/","logo":{"@type":"ImageObject","inLanguage":"it-IT","@id":"https:\/\/www.lraloeverashop.eu\/it\/#\/schema\/logo\/image\/","url":"https:\/\/www.lraloeverashop.eu\/wp-content\/uploads\/2022\/09\/cropped-Lr-Aloe-Vera-Shop.jpg","contentUrl":"https:\/\/www.lraloeverashop.eu\/wp-content\/uploads\/2022\/09\/cropped-Lr-Aloe-Vera-Shop.jpg","width":228,"height":76,"caption":"Negozio di Lr Aloe Vera"},"image":{"@id":"https:\/\/www.lraloeverashop.eu\/it\/#\/schema\/logo\/image\/"},"sameAs":["https:\/\/www.facebook.com\/lraloeverashop.eu","https:\/\/x.com\/natur__kosmetik","https:\/\/www.youtube.com\/channel\/UC5oN7BJ8nfYb8RpVtjwDEBA","https:\/\/www.instagram.com\/lrbeautyeu\/"],"description":"Negozio di Lr Aloe Vera \u00e8 il tuo punto di riferimento per i prodotti LR Health & Beauty di alta qualit\u00e0, realizzati in Germania. Offriamo soluzioni per la cura della pelle, l'alimentazione e l'anti-et\u00e0 a base di Aloe Vera, formulate con ingredienti puri e supportate da ricerche scientifiche. Scopri una cura naturale che rigenera, protegge e rivitalizza la tua pelle e approfitta delle esclusive offerte mensili sui nostri prodotti LR Aloe Vera pi\u00f9 venduti.\nInizia oggi il tuo percorso di cura della pelle naturale e senti la differenza.","email":"info@lraloeverashop.eu","telephone":"+49 17670609653","legalName":"Lr Aloe Vera Shop","foundingDate":"2018-04-21","numberOfEmployees":{"@type":"QuantitativeValue","minValue":"1","maxValue":"10"}}]},"product_price_amount":"172.99","product_price_currency":"EUR","og_availability":"instock","product_availability":"instock","product_retailer_item_id":"81170-1IT","product_condition":"new"},"taxonomy_info":{"product_cat":[{"value":472,"label":"Bellezza da dentro"},{"value":478,"label":"Colpo Di Bellezza"},{"value":412,"label":"Prodotti Speciali"},{"value":466,"label":"Specialisti"}]},"featured_image_src_large":["https:\/\/www.lraloeverashop.eu\/wp-content\/uploads\/2026\/04\/Lr-5in1-Mens-Shot-with-collagen-1024x1024.jpeg",1024,1024,true],"author_info":[],"comment_info":0,"_links":{"self":[{"href":"https:\/\/www.lraloeverashop.eu\/it\/wp-json\/wp\/v2\/product\/9298","targetHints":{"allow":["GET"]}}],"collection":[{"href":"https:\/\/www.lraloeverashop.eu\/it\/wp-json\/wp\/v2\/product"}],"about":[{"href":"https:\/\/www.lraloeverashop.eu\/it\/wp-json\/wp\/v2\/types\/product"}],"replies":[{"embeddable":true,"href":"https:\/\/www.lraloeverashop.eu\/it\/wp-json\/wp\/v2\/comments?post=9298"}],"wp:featuredmedia":[{"embeddable":true,"href":"https:\/\/www.lraloeverashop.eu\/it\/wp-json\/wp\/v2\/media\/30431"}],"wp:attachment":[{"href":"https:\/\/www.lraloeverashop.eu\/it\/wp-json\/wp\/v2\/media?parent=9298"}],"wp:term":[{"taxonomy":"product_brand","embeddable":true,"href":"https:\/\/www.lraloeverashop.eu\/it\/wp-json\/wp\/v2\/product_brand?post=9298"},{"taxonomy":"product_cat","embeddable":true,"href":"https:\/\/www.lraloeverashop.eu\/it\/wp-json\/wp\/v2\/product_cat?post=9298"},{"taxonomy":"product_tag","embeddable":true,"href":"https:\/\/www.lraloeverashop.eu\/it\/wp-json\/wp\/v2\/product_tag?post=9298"}],"curies":[{"name":"wp","href":"https:\/\/api.w.org\/{rel}","templated":true}]}}