{"id":9218,"date":"2022-10-15T20:05:46","date_gmt":"2022-10-15T18:05:46","guid":{"rendered":"https:\/\/www.lraloeverashop.eu\/product\/figu-active-frappe-cioccolato-cremoso\/"},"modified":"2026-02-03T20:22:36","modified_gmt":"2026-02-03T19:22:36","slug":"figu-active-frappe-cioccolato-cremoso","status":"publish","type":"product","link":"https:\/\/www.lraloeverashop.eu\/it\/prodotto\/figu-active-frappe-cioccolato-cremoso\/","title":{"rendered":"Frapp\u00e8 al Cioccolato Dimagrante Figu Active"},"content":{"rendered":"<h2><strong><span style=\"font-size: 16pt;\">Frapp\u00e8 al Cioccolato Dimagrante Figu Active<\/span><\/strong><\/h2>\n<p><span style=\"font-size: 14pt;\"><strong>Frapp\u00e8 al Cioccolato Dimagrante Figu Active Supporta la perdita di peso con solo 229 calorie per porzione<\/strong><\/span><\/p>\n<p>Volete perdere i chili in eccesso con piacere? D&#8217;ora in poi non ci sono pi\u00f9 scuse, perch\u00e9 addolciremo la tua dieta. Il Figu Active Frapp\u00e8 al Cioccolato Dimagrante \u00e8 il delizioso sostituto del pasto per tutti coloro che sono golosi e amano il gusto del cioccolato.<\/p>\n<p>Il Cremoso Frapp\u00e8 al Cioccolato Dimagrante e per tutti gli amanti del cioccolato <a href=\"https:\/\/www.lraloeverashop.eu\/it\/sostituto-del-pasto-figu-active-la-dieta-intelligente-per-la-perdita-di-peso\/\"><strong>sostituisce un pasto<\/strong><\/a> e allo stesso tempo ti fornisce un mix equilibrato di vitamine e minerali. Con il loro alto contenuto di fibre, i semi di lino e le <a href=\"https:\/\/www.lraloeverashop.eu\/it\/prodotto\/zuppa-di-patate-dolci\/\"><strong>bucce di psyllium<\/strong><\/a> innescano una lunga sensazione di saziet\u00e0. Inoltre, l&#8217;alto contenuto di proteine ti aiuta a costruire i tuoi muscoli\u00b9.<\/p>\n<p>&nbsp;<\/p>\n<h3><span style=\"font-size: 16pt;\"><strong><a href=\"https:\/\/www.lraloeverashop.eu\/wp-content\/uploads\/2024\/09\/weight-loss-diet-review-300x300.jpeg\"><img loading=\"lazy\" decoding=\"async\" class=\"alignleft wp-image-16351 size-medium\" src=\"https:\/\/www.lraloeverashop.eu\/wp-content\/uploads\/2024\/09\/weight-loss-diet-review-300x300.jpeg\" alt=\"Recensione della dieta dimagrante\" width=\"300\" height=\"300\" srcset=\"https:\/\/www.lraloeverashop.eu\/wp-content\/uploads\/2024\/09\/weight-loss-diet-review-300x300.jpeg 300w, https:\/\/www.lraloeverashop.eu\/wp-content\/uploads\/2024\/09\/weight-loss-diet-review-1024x1024.jpeg 1024w, https:\/\/www.lraloeverashop.eu\/wp-content\/uploads\/2024\/09\/weight-loss-diet-review-150x150.jpeg 150w, https:\/\/www.lraloeverashop.eu\/wp-content\/uploads\/2024\/09\/weight-loss-diet-review-768x768.jpeg 768w, https:\/\/www.lraloeverashop.eu\/wp-content\/uploads\/2024\/09\/weight-loss-diet-review-600x600.jpeg 600w, https:\/\/www.lraloeverashop.eu\/wp-content\/uploads\/2024\/09\/weight-loss-diet-review-100x100.jpeg 100w, https:\/\/www.lraloeverashop.eu\/wp-content\/uploads\/2024\/09\/weight-loss-diet-review.jpeg 1200w\" sizes=\"auto, (max-width: 300px) 100vw, 300px\" \/><\/a> Ecco come funziona:<\/strong><\/span><\/h3>\n<p>Sostituisci uno o due pasti al giorno rapidamente e facilmente con il Frapp\u00e8 al Cioccolato Dimagrante Figu Active per colazione, pranzo o cena.\u00b2<\/p>\n<p>Hai bisogno di variet\u00e0 durante la tua dieta? Nessun problema! Prova gli altri nostri deliziosi frullati: Figu Active Frapp\u00e9 con caff\u00e8 , Figu Active Frapp\u00e9 Vaniglia o <a href=\"https:\/\/www.lraloeverashop.eu\/it\/prodotto\/figu-active-frappe-fragola-banana\/\">Figu Active di Fragola<\/a>. Qui ce n&#8217;\u00e8 per tutti i gusti.<\/p>\n<p>Che si tratti di perdere peso, mantenere il peso o semplicemente risparmiare tempo. Il nostro frullato dimagrante \u00e8 irresistibilmente delizioso, sostituisce un pasto completo e contiene molti preziosi ingredienti naturali.<\/p>\n<p>&nbsp;<\/p>\n<p>&nbsp;<\/p>\n<p><a href=\"https:\/\/www.lraloeverashop.eu\/wp-content\/uploads\/2024\/09\/man-weight-loss-before-and-after-300x300.jpeg\"><img loading=\"lazy\" decoding=\"async\" class=\"alignleft wp-image-16358 size-medium\" src=\"https:\/\/www.lraloeverashop.eu\/wp-content\/uploads\/2024\/09\/man-weight-loss-before-and-after-300x300.jpeg\" alt=\"Dieta dimagrante prima e dopo\" width=\"300\" height=\"300\" srcset=\"https:\/\/www.lraloeverashop.eu\/wp-content\/uploads\/2024\/09\/man-weight-loss-before-and-after-300x300.jpeg 300w, https:\/\/www.lraloeverashop.eu\/wp-content\/uploads\/2024\/09\/man-weight-loss-before-and-after-1024x1024.jpeg 1024w, https:\/\/www.lraloeverashop.eu\/wp-content\/uploads\/2024\/09\/man-weight-loss-before-and-after-150x150.jpeg 150w, https:\/\/www.lraloeverashop.eu\/wp-content\/uploads\/2024\/09\/man-weight-loss-before-and-after-768x768.jpeg 768w, https:\/\/www.lraloeverashop.eu\/wp-content\/uploads\/2024\/09\/man-weight-loss-before-and-after-600x600.jpeg 600w, https:\/\/www.lraloeverashop.eu\/wp-content\/uploads\/2024\/09\/man-weight-loss-before-and-after-100x100.jpeg 100w, https:\/\/www.lraloeverashop.eu\/wp-content\/uploads\/2024\/09\/man-weight-loss-before-and-after.jpeg 1200w\" sizes=\"auto, (max-width: 300px) 100vw, 300px\" \/><\/a>Il frullato \u00e8 un pasto sano con un perfetto equilibrio tra riduzione delle calorie e apporto di tutti i nutrienti di cui il corpo ha bisogno.<\/p>\n<p>Il Frapp\u00e8 al Cioccolato Dimagrante da <a href=\"https:\/\/shop.lrworld.com\/home\/IT\/it?PHP=0vFlt7jT938BEnBI3a6e9w%3D%3D\"><strong>Lr Health &amp; Beauty<\/strong><\/a> contiene inulina. Poich\u00e9 l&#8217;inulina ha un effetto stimolante sulla funzione intestinale e sulla flora intestinale, un&#8217;assunzione maggiore pu\u00f2 portare a problemi digestivi (flatulenza, diarrea).<\/p>\n<p>Le persone con un tratto gastrointestinale sensibile dovrebbero consultare il proprio medico prima di consumare il prodotto.<\/p>\n<p>Un alto contenuto di <a href=\"https:\/\/www.lraloeverashop.eu\/it\/prodotto\/figu-active-zuppa-di-verdure-curry-india\/\">preziose fibre alimentari<\/a> e un mix accuratamente selezionato di proteine vegetali ti supportano nella tua dieta in modo naturale.<\/p>\n<p>&nbsp;<\/p>\n<p>1. Le proteine aiutano a mantenere la massa muscolare. Le proteine contribuiscono all&#8217;aumento della massa muscolare.<\/p>\n<p>2. Sostituire uno dei pasti giornalieri di una dieta ipocalorica con un <a href=\"https:\/\/www.lraloeverashop.eu\/it\/prodotto\/figu-active-zuppa-di-patate-auberge\/\">sostituto del pasto<\/a> di questo tipo aiuta a mantenere il peso dopo la perdita di peso.<\/p>\n<p>3. Sostituire due dei pasti giornalieri nell&#8217;ambito di una dieta ipocalorica con un sostituto del pasto di questo tipo aiuter\u00e0 a <a href=\"https:\/\/www.lraloeverashop.eu\/it\/prodotto\/figu-active-frappe-vaniglia\/\">perdere peso<\/a>.<\/p>\n<p>&nbsp;<\/p>\n<h4><strong><span style=\"font-size: 16pt;\">Preparazione<\/span><\/strong><\/h4>\n<p>Mescolare 3 cucchiai di Frapp\u00e8 al Cioccolato Dimagrante (28 g di polvere) in 300 ml di latte magro privo di lattosio (1,5% di grasso) in un bicchiere grande di almeno 350 ml di capacit\u00e0. Si consiglia inoltre di utilizzare l\u2019agitatore LR. Lascia riposare un po \u2018, mescola ancora e la colazione, il pranzo o la cena sono pronti! Consumare immediatamente dopo la preparazione.<\/p>\n<p>Assicurati di bere molti liquidi durante la dieta. Bere preferibilmente 2-3 litri di <a href=\"https:\/\/www.lraloeverashop.eu\/it\/le-tisane-dimagranti-possono-aiutarti-a-perdere-peso\/\">t\u00e8 senza calorie<\/a> o senza zucchero. Il prodotto soddisfa il suo scopo solo nel contesto di una dieta a basso contenuto calorico. Garantire una dieta ricca e bilanciata e uno stile di vita sano.<\/p>\n<p>La tua dieta dovrebbe includere anche altri alimenti. Il pasto preparato contiene tutti i nutrienti necessari in quantit\u00e0 sufficienti. Frapp\u00e8 al Cioccolato Dimagrante contiene zuccheri naturali.<\/p>\n<p>Agitare il pacchetto prima dell\u2019uso. Il volume di riempimento del prodotto \u00e8 soggetto a variazioni di natura tecnica. Conservare in luogo fresco e asciutto e consumare poco dopo l\u2019apertura.<\/p>\n<p><strong>Suggerimento importante:<\/strong> se non si seguono le istruzioni per la preparazione, il valore nutrizionale del pasto preparato cambia. Ci\u00f2 pu\u00f2 influire sull\u2019esito della tua dieta. L\u2019uso dei <a href=\"https:\/\/www.lraloeverashop.eu\/it\/categoria-prodotto\/supplementi-dietetici\/\">Prodotti Figu Active<\/a> diventa pi\u00f9 efficace quando vengono seguite le istruzioni sulla confezione.<\/p>\n","protected":false},"excerpt":{"rendered":"<ul>\n<li>Sostituisce un pasto completo con solo 229 Kcal per porzione<\/li>\n<li>Per perdere e mantenere il peso<\/li>\n<li>100% vegano, dolcificato con stevia, solo aromi naturali<\/li>\n<li>Alto contenuto di fibre e proteine<\/li>\n<li>Privo di glutine e lattosio<\/li>\n<li>Quantit\u00e0: 496 g<\/li>\n<\/ul>\n<p><span style=\"color: #ff0000;\"><a style=\"color: #ff0000;\" href=\"https:\/\/shop.lrworld.com\/openpao?PHP=0vFlt7jT938BEnBI3a6e9w%3D%3D\"><span style=\"font-size: 14pt;\"><strong>Registrati ora e risparmia il 35% su ogni ordine<\/strong><\/span><\/a><\/span><\/p>\n","protected":false},"featured_media":9765,"comment_status":"open","ping_status":"closed","template":"","meta":{"_kad_blocks_custom_css":"","_kad_blocks_head_custom_js":"","_kad_blocks_body_custom_js":"","_kad_blocks_footer_custom_js":"","_kadence_starter_templates_imported_post":false,"_kad_post_transparent":"default","_kad_post_title":"","_kad_post_layout":"default","_kad_post_sidebar_id":"","_kad_post_content_style":"default","_kad_post_vertical_padding":"default","_kad_post_feature":"","_kad_post_feature_position":"","_kad_post_header":false,"_kad_post_footer":false,"_kad_post_classname":""},"product_brand":[],"product_cat":[311,335],"product_tag":[603],"class_list":{"0":"post-9218","1":"product","2":"type-product","3":"status-publish","4":"has-post-thumbnail","6":"product_cat-body-mission-frappe","7":"product_cat-supplementi-dietetici","8":"product_tag-dieta","10":"first","11":"instock","12":"taxable","13":"shipping-taxable","14":"purchasable","15":"product-type-simple","16":"entry","17":"content-bg","18":"loop-entry"},"yoast_head":"<!-- This site is optimized with the Yoast SEO Premium plugin v27.4 (Yoast SEO v27.4) - https:\/\/yoast.com\/product\/yoast-seo-premium-wordpress\/ -->\n<title>Frapp\u00e8 al Cioccolato Dimagrante Figu Active con solo 229 calorie<\/title>\n<meta name=\"description\" content=\"Volete perdere i chili con piacere? D&#039;ora in poi non ci sono pi\u00f9 scuse, perch\u00e9 addolciremo la tua dieta con Figu Active Frapp\u00e8 al Cioccolato Dimagrante\" \/>\n<meta name=\"robots\" content=\"index, follow, max-snippet:-1, max-image-preview:large, max-video-preview:-1\" \/>\n<link rel=\"canonical\" href=\"https:\/\/www.lraloeverashop.eu\/it\/prodotto\/figu-active-frappe-cioccolato-cremoso\/\" \/>\n<meta property=\"og:locale\" content=\"it_IT\" \/>\n<meta property=\"og:type\" content=\"article\" \/>\n<meta property=\"og:title\" content=\"Frapp\u00e8 al Cioccolato Dimagrante Figu Active\" \/>\n<meta property=\"og:description\" content=\"Volete perdere i chili con piacere? D&#039;ora in poi non ci sono pi\u00f9 scuse, perch\u00e9 addolciremo la tua dieta con Figu Active Frapp\u00e8 al Cioccolato Dimagrante\" \/>\n<meta property=\"og:url\" content=\"https:\/\/www.lraloeverashop.eu\/it\/prodotto\/figu-active-frappe-cioccolato-cremoso\/\" \/>\n<meta property=\"og:site_name\" content=\"Lr Negozio di Aloe Vera\" \/>\n<meta property=\"article:publisher\" content=\"https:\/\/www.facebook.com\/lraloeverashop.eu\" \/>\n<meta property=\"article:modified_time\" content=\"2026-02-03T19:22:36+00:00\" \/>\n<meta property=\"og:image\" content=\"https:\/\/www.lraloeverashop.eu\/wp-content\/uploads\/2023\/01\/Figuactive-Weight-Loss-Shake-Chocolate.jpg\" \/>\n\t<meta property=\"og:image:width\" content=\"1200\" \/>\n\t<meta property=\"og:image:height\" content=\"1200\" \/>\n\t<meta property=\"og:image:type\" content=\"image\/jpeg\" \/>\n<meta name=\"twitter:card\" content=\"summary_large_image\" \/>\n<meta name=\"twitter:site\" content=\"@natur__kosmetik\" \/>\n<script type=\"application\/ld+json\" class=\"yoast-schema-graph\">{\"@context\":\"https:\\\/\\\/schema.org\",\"@graph\":[{\"@type\":[\"WebPage\",\"ItemPage\"],\"@id\":\"https:\\\/\\\/www.lraloeverashop.eu\\\/it\\\/prodotto\\\/figu-active-frappe-cioccolato-cremoso\\\/\",\"url\":\"https:\\\/\\\/www.lraloeverashop.eu\\\/it\\\/prodotto\\\/figu-active-frappe-cioccolato-cremoso\\\/\",\"name\":\"Frapp\u00e8 al Cioccolato Dimagrante Figu Active con solo 229 calorie\",\"isPartOf\":{\"@id\":\"https:\\\/\\\/www.lraloeverashop.eu\\\/it\\\/#website\"},\"primaryImageOfPage\":{\"@id\":\"https:\\\/\\\/www.lraloeverashop.eu\\\/it\\\/prodotto\\\/figu-active-frappe-cioccolato-cremoso\\\/#primaryimage\"},\"image\":{\"@id\":\"https:\\\/\\\/www.lraloeverashop.eu\\\/it\\\/prodotto\\\/figu-active-frappe-cioccolato-cremoso\\\/#primaryimage\"},\"thumbnailUrl\":\"https:\\\/\\\/www.lraloeverashop.eu\\\/wp-content\\\/uploads\\\/2023\\\/01\\\/Figuactive-Weight-Loss-Shake-Chocolate.jpg\",\"datePublished\":\"2022-10-15T18:05:46+00:00\",\"dateModified\":\"2026-02-03T19:22:36+00:00\",\"description\":\"Volete perdere i chili con piacere? D'ora in poi non ci sono pi\u00f9 scuse, perch\u00e9 addolciremo la tua dieta con Figu Active Frapp\u00e8 al Cioccolato Dimagrante\",\"breadcrumb\":{\"@id\":\"https:\\\/\\\/www.lraloeverashop.eu\\\/it\\\/prodotto\\\/figu-active-frappe-cioccolato-cremoso\\\/#breadcrumb\"},\"inLanguage\":\"it-IT\",\"potentialAction\":[{\"@type\":\"ReadAction\",\"target\":[\"https:\\\/\\\/www.lraloeverashop.eu\\\/it\\\/prodotto\\\/figu-active-frappe-cioccolato-cremoso\\\/\"]}]},{\"@type\":\"ImageObject\",\"inLanguage\":\"it-IT\",\"@id\":\"https:\\\/\\\/www.lraloeverashop.eu\\\/it\\\/prodotto\\\/figu-active-frappe-cioccolato-cremoso\\\/#primaryimage\",\"url\":\"https:\\\/\\\/www.lraloeverashop.eu\\\/wp-content\\\/uploads\\\/2023\\\/01\\\/Figuactive-Weight-Loss-Shake-Chocolate.jpg\",\"contentUrl\":\"https:\\\/\\\/www.lraloeverashop.eu\\\/wp-content\\\/uploads\\\/2023\\\/01\\\/Figuactive-Weight-Loss-Shake-Chocolate.jpg\",\"width\":1200,\"height\":1200,\"caption\":\"Frapp\u00e8 al Cioccolato Dimagrante Figu Active con solo 229 calorie\"},{\"@type\":\"BreadcrumbList\",\"@id\":\"https:\\\/\\\/www.lraloeverashop.eu\\\/it\\\/prodotto\\\/figu-active-frappe-cioccolato-cremoso\\\/#breadcrumb\",\"itemListElement\":[{\"@type\":\"ListItem\",\"position\":1,\"name\":\"Home\",\"item\":\"https:\\\/\\\/www.lraloeverashop.eu\\\/it\\\/\"},{\"@type\":\"ListItem\",\"position\":2,\"name\":\"Negozio\",\"item\":\"https:\\\/\\\/www.lraloeverashop.eu\\\/it\\\/negozio\\\/\"},{\"@type\":\"ListItem\",\"position\":3,\"name\":\"Frapp\u00e8 al Cioccolato Dimagrante Figu Active\"}]},{\"@type\":\"WebSite\",\"@id\":\"https:\\\/\\\/www.lraloeverashop.eu\\\/it\\\/#website\",\"url\":\"https:\\\/\\\/www.lraloeverashop.eu\\\/it\\\/\",\"name\":\"Lr Negozio di Aloe Vera\",\"description\":\"High Quality Lr Aloe Vera Gel, Aloe Vera Cream and Shampoo\",\"publisher\":{\"@id\":\"https:\\\/\\\/www.lraloeverashop.eu\\\/it\\\/#organization\"},\"potentialAction\":[{\"@type\":\"SearchAction\",\"target\":{\"@type\":\"EntryPoint\",\"urlTemplate\":\"https:\\\/\\\/www.lraloeverashop.eu\\\/it\\\/?s={search_term_string}\"},\"query-input\":{\"@type\":\"PropertyValueSpecification\",\"valueRequired\":true,\"valueName\":\"search_term_string\"}}],\"inLanguage\":\"it-IT\"},{\"@type\":\"Organization\",\"@id\":\"https:\\\/\\\/www.lraloeverashop.eu\\\/it\\\/#organization\",\"name\":\"Negozio di Lr Aloe Vera\",\"alternateName\":\"LR\",\"url\":\"https:\\\/\\\/www.lraloeverashop.eu\\\/it\\\/\",\"logo\":{\"@type\":\"ImageObject\",\"inLanguage\":\"it-IT\",\"@id\":\"https:\\\/\\\/www.lraloeverashop.eu\\\/it\\\/#\\\/schema\\\/logo\\\/image\\\/\",\"url\":\"https:\\\/\\\/www.lraloeverashop.eu\\\/wp-content\\\/uploads\\\/2022\\\/09\\\/cropped-Lr-Aloe-Vera-Shop.jpg\",\"contentUrl\":\"https:\\\/\\\/www.lraloeverashop.eu\\\/wp-content\\\/uploads\\\/2022\\\/09\\\/cropped-Lr-Aloe-Vera-Shop.jpg\",\"width\":228,\"height\":76,\"caption\":\"Negozio di Lr Aloe Vera\"},\"image\":{\"@id\":\"https:\\\/\\\/www.lraloeverashop.eu\\\/it\\\/#\\\/schema\\\/logo\\\/image\\\/\"},\"sameAs\":[\"https:\\\/\\\/www.facebook.com\\\/lraloeverashop.eu\",\"https:\\\/\\\/x.com\\\/natur__kosmetik\",\"https:\\\/\\\/www.youtube.com\\\/channel\\\/UC5oN7BJ8nfYb8RpVtjwDEBA\",\"https:\\\/\\\/www.instagram.com\\\/lrbeautyeu\\\/\"],\"description\":\"Negozio di Lr Aloe Vera \u00e8 il tuo punto di riferimento per i prodotti LR Health & Beauty di alta qualit\u00e0, realizzati in Germania. Offriamo soluzioni per la cura della pelle, l'alimentazione e l'anti-et\u00e0 a base di Aloe Vera, formulate con ingredienti puri e supportate da ricerche scientifiche. Scopri una cura naturale che rigenera, protegge e rivitalizza la tua pelle e approfitta delle esclusive offerte mensili sui nostri prodotti LR Aloe Vera pi\u00f9 venduti.\\nInizia oggi il tuo percorso di cura della pelle naturale e senti la differenza.\",\"email\":\"info@lraloeverashop.eu\",\"telephone\":\"+49 17670609653\",\"legalName\":\"Lr Aloe Vera Shop\",\"foundingDate\":\"2018-04-21\",\"numberOfEmployees\":{\"@type\":\"QuantitativeValue\",\"minValue\":\"1\",\"maxValue\":\"10\"}}]}<\/script>\n<meta property=\"product:price:amount\" content=\"48.59\" \/>\n<meta property=\"product:price:currency\" content=\"EUR\" \/>\n<meta property=\"og:availability\" content=\"instock\" \/>\n<meta property=\"product:availability\" content=\"instock\" \/>\n<meta property=\"product:retailer_item_id\" content=\"81243-1IT\" \/>\n<meta property=\"product:condition\" content=\"new\" \/>\n<!-- \/ Yoast SEO Premium plugin. -->","yoast_head_json":{"title":"Frapp\u00e8 al Cioccolato Dimagrante Figu Active con solo 229 calorie","description":"Volete perdere i chili con piacere? D'ora in poi non ci sono pi\u00f9 scuse, perch\u00e9 addolciremo la tua dieta con Figu Active Frapp\u00e8 al Cioccolato Dimagrante","robots":{"index":"index","follow":"follow","max-snippet":"max-snippet:-1","max-image-preview":"max-image-preview:large","max-video-preview":"max-video-preview:-1"},"canonical":"https:\/\/www.lraloeverashop.eu\/it\/prodotto\/figu-active-frappe-cioccolato-cremoso\/","og_locale":"it_IT","og_type":"article","og_title":"Frapp\u00e8 al Cioccolato Dimagrante Figu Active","og_description":"Volete perdere i chili con piacere? D'ora in poi non ci sono pi\u00f9 scuse, perch\u00e9 addolciremo la tua dieta con Figu Active Frapp\u00e8 al Cioccolato Dimagrante","og_url":"https:\/\/www.lraloeverashop.eu\/it\/prodotto\/figu-active-frappe-cioccolato-cremoso\/","og_site_name":"Lr Negozio di Aloe Vera","article_publisher":"https:\/\/www.facebook.com\/lraloeverashop.eu","article_modified_time":"2026-02-03T19:22:36+00:00","og_image":[{"width":1200,"height":1200,"url":"https:\/\/www.lraloeverashop.eu\/wp-content\/uploads\/2023\/01\/Figuactive-Weight-Loss-Shake-Chocolate.jpg","type":"image\/jpeg"}],"twitter_card":"summary_large_image","twitter_site":"@natur__kosmetik","schema":{"@context":"https:\/\/schema.org","@graph":[{"@type":["WebPage","ItemPage"],"@id":"https:\/\/www.lraloeverashop.eu\/it\/prodotto\/figu-active-frappe-cioccolato-cremoso\/","url":"https:\/\/www.lraloeverashop.eu\/it\/prodotto\/figu-active-frappe-cioccolato-cremoso\/","name":"Frapp\u00e8 al Cioccolato Dimagrante Figu Active con solo 229 calorie","isPartOf":{"@id":"https:\/\/www.lraloeverashop.eu\/it\/#website"},"primaryImageOfPage":{"@id":"https:\/\/www.lraloeverashop.eu\/it\/prodotto\/figu-active-frappe-cioccolato-cremoso\/#primaryimage"},"image":{"@id":"https:\/\/www.lraloeverashop.eu\/it\/prodotto\/figu-active-frappe-cioccolato-cremoso\/#primaryimage"},"thumbnailUrl":"https:\/\/www.lraloeverashop.eu\/wp-content\/uploads\/2023\/01\/Figuactive-Weight-Loss-Shake-Chocolate.jpg","datePublished":"2022-10-15T18:05:46+00:00","dateModified":"2026-02-03T19:22:36+00:00","description":"Volete perdere i chili con piacere? D'ora in poi non ci sono pi\u00f9 scuse, perch\u00e9 addolciremo la tua dieta con Figu Active Frapp\u00e8 al Cioccolato Dimagrante","breadcrumb":{"@id":"https:\/\/www.lraloeverashop.eu\/it\/prodotto\/figu-active-frappe-cioccolato-cremoso\/#breadcrumb"},"inLanguage":"it-IT","potentialAction":[{"@type":"ReadAction","target":["https:\/\/www.lraloeverashop.eu\/it\/prodotto\/figu-active-frappe-cioccolato-cremoso\/"]}]},{"@type":"ImageObject","inLanguage":"it-IT","@id":"https:\/\/www.lraloeverashop.eu\/it\/prodotto\/figu-active-frappe-cioccolato-cremoso\/#primaryimage","url":"https:\/\/www.lraloeverashop.eu\/wp-content\/uploads\/2023\/01\/Figuactive-Weight-Loss-Shake-Chocolate.jpg","contentUrl":"https:\/\/www.lraloeverashop.eu\/wp-content\/uploads\/2023\/01\/Figuactive-Weight-Loss-Shake-Chocolate.jpg","width":1200,"height":1200,"caption":"Frapp\u00e8 al Cioccolato Dimagrante Figu Active con solo 229 calorie"},{"@type":"BreadcrumbList","@id":"https:\/\/www.lraloeverashop.eu\/it\/prodotto\/figu-active-frappe-cioccolato-cremoso\/#breadcrumb","itemListElement":[{"@type":"ListItem","position":1,"name":"Home","item":"https:\/\/www.lraloeverashop.eu\/it\/"},{"@type":"ListItem","position":2,"name":"Negozio","item":"https:\/\/www.lraloeverashop.eu\/it\/negozio\/"},{"@type":"ListItem","position":3,"name":"Frapp\u00e8 al Cioccolato Dimagrante Figu Active"}]},{"@type":"WebSite","@id":"https:\/\/www.lraloeverashop.eu\/it\/#website","url":"https:\/\/www.lraloeverashop.eu\/it\/","name":"Lr Negozio di Aloe Vera","description":"High Quality Lr Aloe Vera Gel, Aloe Vera Cream and Shampoo","publisher":{"@id":"https:\/\/www.lraloeverashop.eu\/it\/#organization"},"potentialAction":[{"@type":"SearchAction","target":{"@type":"EntryPoint","urlTemplate":"https:\/\/www.lraloeverashop.eu\/it\/?s={search_term_string}"},"query-input":{"@type":"PropertyValueSpecification","valueRequired":true,"valueName":"search_term_string"}}],"inLanguage":"it-IT"},{"@type":"Organization","@id":"https:\/\/www.lraloeverashop.eu\/it\/#organization","name":"Negozio di Lr Aloe Vera","alternateName":"LR","url":"https:\/\/www.lraloeverashop.eu\/it\/","logo":{"@type":"ImageObject","inLanguage":"it-IT","@id":"https:\/\/www.lraloeverashop.eu\/it\/#\/schema\/logo\/image\/","url":"https:\/\/www.lraloeverashop.eu\/wp-content\/uploads\/2022\/09\/cropped-Lr-Aloe-Vera-Shop.jpg","contentUrl":"https:\/\/www.lraloeverashop.eu\/wp-content\/uploads\/2022\/09\/cropped-Lr-Aloe-Vera-Shop.jpg","width":228,"height":76,"caption":"Negozio di Lr Aloe Vera"},"image":{"@id":"https:\/\/www.lraloeverashop.eu\/it\/#\/schema\/logo\/image\/"},"sameAs":["https:\/\/www.facebook.com\/lraloeverashop.eu","https:\/\/x.com\/natur__kosmetik","https:\/\/www.youtube.com\/channel\/UC5oN7BJ8nfYb8RpVtjwDEBA","https:\/\/www.instagram.com\/lrbeautyeu\/"],"description":"Negozio di Lr Aloe Vera \u00e8 il tuo punto di riferimento per i prodotti LR Health & Beauty di alta qualit\u00e0, realizzati in Germania. Offriamo soluzioni per la cura della pelle, l'alimentazione e l'anti-et\u00e0 a base di Aloe Vera, formulate con ingredienti puri e supportate da ricerche scientifiche. Scopri una cura naturale che rigenera, protegge e rivitalizza la tua pelle e approfitta delle esclusive offerte mensili sui nostri prodotti LR Aloe Vera pi\u00f9 venduti.\nInizia oggi il tuo percorso di cura della pelle naturale e senti la differenza.","email":"info@lraloeverashop.eu","telephone":"+49 17670609653","legalName":"Lr Aloe Vera Shop","foundingDate":"2018-04-21","numberOfEmployees":{"@type":"QuantitativeValue","minValue":"1","maxValue":"10"}}]},"product_price_amount":"48.59","product_price_currency":"EUR","og_availability":"instock","product_availability":"instock","product_retailer_item_id":"81243-1IT","product_condition":"new"},"taxonomy_info":{"product_cat":[{"value":311,"label":"Frapp\u00e9"},{"value":335,"label":"Pasto sostitutivo"}],"product_tag":[{"value":603,"label":"Dieta"}]},"featured_image_src_large":["https:\/\/www.lraloeverashop.eu\/wp-content\/uploads\/2023\/01\/Figuactive-Weight-Loss-Shake-Chocolate-1024x1024.jpg",1024,1024,true],"author_info":[],"comment_info":0,"_links":{"self":[{"href":"https:\/\/www.lraloeverashop.eu\/it\/wp-json\/wp\/v2\/product\/9218","targetHints":{"allow":["GET"]}}],"collection":[{"href":"https:\/\/www.lraloeverashop.eu\/it\/wp-json\/wp\/v2\/product"}],"about":[{"href":"https:\/\/www.lraloeverashop.eu\/it\/wp-json\/wp\/v2\/types\/product"}],"replies":[{"embeddable":true,"href":"https:\/\/www.lraloeverashop.eu\/it\/wp-json\/wp\/v2\/comments?post=9218"}],"wp:featuredmedia":[{"embeddable":true,"href":"https:\/\/www.lraloeverashop.eu\/it\/wp-json\/wp\/v2\/media\/9765"}],"wp:attachment":[{"href":"https:\/\/www.lraloeverashop.eu\/it\/wp-json\/wp\/v2\/media?parent=9218"}],"wp:term":[{"taxonomy":"product_brand","embeddable":true,"href":"https:\/\/www.lraloeverashop.eu\/it\/wp-json\/wp\/v2\/product_brand?post=9218"},{"taxonomy":"product_cat","embeddable":true,"href":"https:\/\/www.lraloeverashop.eu\/it\/wp-json\/wp\/v2\/product_cat?post=9218"},{"taxonomy":"product_tag","embeddable":true,"href":"https:\/\/www.lraloeverashop.eu\/it\/wp-json\/wp\/v2\/product_tag?post=9218"}],"curies":[{"name":"wp","href":"https:\/\/api.w.org\/{rel}","templated":true}]}}